{"id":288,"date":"2023-05-08T17:00:20","date_gmt":"2023-05-08T17:00:20","guid":{"rendered":"http:\/\/booksfrommexico.com\/product\/primeras-interpretaciones-de-simbolismos-zapotecos-de-la-sierra-juarez-de-oaxaca-ensayos-primer-tomo\/"},"modified":"2024-02-09T18:16:20","modified_gmt":"2024-02-09T18:16:20","slug":"primeras-interpretaciones-de-simbolismos-zapotecos-de-la-sierra-juarez-de-oaxaca-ensayos-primer-tomo","status":"publish","type":"product","link":"https:\/\/booksfrommexico.com\/es\/producto\/primeras-interpretaciones-de-simbolismos-zapotecos-de-la-sierra-juarez-de-oaxaca-ensayos-primer-tomo\/","title":{"rendered":"Simbolismos zapotecos de la sierra Ju\u00e1rez de Oaxaca"},"content":{"rendered":"<p>Recopilaci\u00f3n de reflexiones iniciales de Mario Molina Cruz sobre s\u00edmbolos clave de la cultura zapoteca en la Sierra Ju\u00e1rez. Los temas incluyen: el ma\u00edz como alimento y fundamento espiritual; el rasgo pante\u00edsta de los padrinos prehisp\u00e1nicos; utilidades artesanales significativas como el capisayo y el peyote; mitos sobre el chayote; riqueza y rocas guardianas; Evoluci\u00f3n del saludo entre los serranos y el recurso terap\u00e9utico conocido como temascal.<\/p>\n","protected":false},"excerpt":{"rendered":"<p>Molina Cruz, Mario. PRIMERAS INTERPRETACIONES DE SIMBOLISMOS ZAPOTECOS DE LA SIERRA JU\u00c1REZ DE OAXACA: ENSAYOS, PRIMER TOMO \/ Mario Molina Cruz. Oaxaca. M\u00e9xico: Instituto Oaxaque\u00f1o de las Culturas; Casa de la Cultura Oaxaque\u00f1a, 2003. 74 pages: 22 cm. Includes bibliographic references.<\/p>\n<p>&nbsp;<\/p>\n<p>&nbsp;<\/p>\n","protected":false},"featured_media":287,"template":"","meta":{"_acf_changed":false,"inline_featured_image":false},"product_brand":[],"product_cat":[19,66,372],"product_tag":[3797,3608,3935],"class_list":{"0":"post-288","1":"product","2":"type-product","3":"status-publish","4":"has-post-thumbnail","6":"product_cat-antropologia","7":"product_cat-sociocultural","8":"product_cat-tradiciones-culturales","9":"product_tag-oaxaca-mexico","10":"product_tag-vida-social-y-costumbres","11":"product_tag-zapotecas","13":"first","14":"outofstock","15":"taxable","16":"shipping-taxable","17":"purchasable","18":"product-type-simple"},"acf":[],"yoast_head":"<!-- This site is optimized with the Yoast SEO plugin v27.3 - https:\/\/yoast.com\/product\/yoast-seo-wordpress\/ -->\n<title>Simbolismos zapotecos de la sierra Ju\u00e1rez de Oaxaca - Books From Mexico<\/title>\n<meta name=\"description\" content=\"Mario Molina Cruz. Oaxaca. M\u00e9xico: Instituto Oaxaque\u00f1o de las Culturas; Casa de la Cultura Oaxaque\u00f1a, 2003. Reflexiones sobre tem\u00e1ticas de cultura zapoteca.\" \/>\n<meta name=\"robots\" content=\"index, follow, max-snippet:-1, max-image-preview:large, max-video-preview:-1\" \/>\n<link rel=\"canonical\" href=\"https:\/\/booksfrommexico.com\/es\/producto\/primeras-interpretaciones-de-simbolismos-zapotecos-de-la-sierra-juarez-de-oaxaca-ensayos-primer-tomo\/\" \/>\n<meta property=\"og:locale\" content=\"es_ES\" \/>\n<meta property=\"og:type\" content=\"article\" \/>\n<meta property=\"og:title\" content=\"Simbolismos zapotecos de la sierra Ju\u00e1rez de Oaxaca - Books From Mexico\" \/>\n<meta property=\"og:description\" content=\"Mario Molina Cruz. Oaxaca. M\u00e9xico: Instituto Oaxaque\u00f1o de las Culturas; Casa de la Cultura Oaxaque\u00f1a, 2003. Reflexiones sobre tem\u00e1ticas de cultura zapoteca.\" \/>\n<meta property=\"og:url\" content=\"https:\/\/booksfrommexico.com\/es\/producto\/primeras-interpretaciones-de-simbolismos-zapotecos-de-la-sierra-juarez-de-oaxaca-ensayos-primer-tomo\/\" \/>\n<meta property=\"og:site_name\" content=\"Books From Mexico\" \/>\n<meta property=\"article:modified_time\" content=\"2024-02-09T18:16:20+00:00\" \/>\n<meta property=\"og:image\" content=\"http:\/\/booksfrommexico.com\/app\/uploads\/2023\/05\/123272.jpeg\" \/>\n\t<meta property=\"og:image:width\" content=\"380\" \/>\n\t<meta property=\"og:image:height\" content=\"612\" \/>\n\t<meta property=\"og:image:type\" content=\"image\/jpeg\" \/>\n<meta name=\"twitter:card\" content=\"summary_large_image\" \/>\n<meta name=\"twitter:label1\" content=\"Tiempo de lectura\" \/>\n\t<meta name=\"twitter:data1\" content=\"1 minuto\" \/>\n<script type=\"application\/ld+json\" class=\"yoast-schema-graph\">{\"@context\":\"https:\\\/\\\/schema.org\",\"@graph\":[{\"@type\":\"WebPage\",\"@id\":\"https:\\\/\\\/booksfrommexico.com\\\/es\\\/producto\\\/primeras-interpretaciones-de-simbolismos-zapotecos-de-la-sierra-juarez-de-oaxaca-ensayos-primer-tomo\\\/\",\"url\":\"https:\\\/\\\/booksfrommexico.com\\\/es\\\/producto\\\/primeras-interpretaciones-de-simbolismos-zapotecos-de-la-sierra-juarez-de-oaxaca-ensayos-primer-tomo\\\/\",\"name\":\"Simbolismos zapotecos de la sierra Ju\u00e1rez de Oaxaca - Books From Mexico\",\"isPartOf\":{\"@id\":\"https:\\\/\\\/booksfrommexico.com\\\/#website\"},\"primaryImageOfPage\":{\"@id\":\"https:\\\/\\\/booksfrommexico.com\\\/es\\\/producto\\\/primeras-interpretaciones-de-simbolismos-zapotecos-de-la-sierra-juarez-de-oaxaca-ensayos-primer-tomo\\\/#primaryimage\"},\"image\":{\"@id\":\"https:\\\/\\\/booksfrommexico.com\\\/es\\\/producto\\\/primeras-interpretaciones-de-simbolismos-zapotecos-de-la-sierra-juarez-de-oaxaca-ensayos-primer-tomo\\\/#primaryimage\"},\"thumbnailUrl\":\"https:\\\/\\\/booksfrommexico.com\\\/app\\\/uploads\\\/2023\\\/05\\\/123272.jpeg\",\"datePublished\":\"2023-05-08T17:00:20+00:00\",\"dateModified\":\"2024-02-09T18:16:20+00:00\",\"description\":\"Mario Molina Cruz. Oaxaca. M\u00e9xico: Instituto Oaxaque\u00f1o de las Culturas; Casa de la Cultura Oaxaque\u00f1a, 2003. Reflexiones sobre tem\u00e1ticas de cultura zapoteca.\",\"breadcrumb\":{\"@id\":\"https:\\\/\\\/booksfrommexico.com\\\/es\\\/producto\\\/primeras-interpretaciones-de-simbolismos-zapotecos-de-la-sierra-juarez-de-oaxaca-ensayos-primer-tomo\\\/#breadcrumb\"},\"inLanguage\":\"es\",\"potentialAction\":[{\"@type\":\"ReadAction\",\"target\":[\"https:\\\/\\\/booksfrommexico.com\\\/es\\\/producto\\\/primeras-interpretaciones-de-simbolismos-zapotecos-de-la-sierra-juarez-de-oaxaca-ensayos-primer-tomo\\\/\"]}]},{\"@type\":\"ImageObject\",\"inLanguage\":\"es\",\"@id\":\"https:\\\/\\\/booksfrommexico.com\\\/es\\\/producto\\\/primeras-interpretaciones-de-simbolismos-zapotecos-de-la-sierra-juarez-de-oaxaca-ensayos-primer-tomo\\\/#primaryimage\",\"url\":\"https:\\\/\\\/booksfrommexico.com\\\/app\\\/uploads\\\/2023\\\/05\\\/123272.jpeg\",\"contentUrl\":\"https:\\\/\\\/booksfrommexico.com\\\/app\\\/uploads\\\/2023\\\/05\\\/123272.jpeg\",\"width\":380,\"height\":612},{\"@type\":\"BreadcrumbList\",\"@id\":\"https:\\\/\\\/booksfrommexico.com\\\/es\\\/producto\\\/primeras-interpretaciones-de-simbolismos-zapotecos-de-la-sierra-juarez-de-oaxaca-ensayos-primer-tomo\\\/#breadcrumb\",\"itemListElement\":[{\"@type\":\"ListItem\",\"position\":1,\"name\":\"Home\",\"item\":\"https:\\\/\\\/booksfrommexico.com\\\/es\\\/\"},{\"@type\":\"ListItem\",\"position\":2,\"name\":\"Libros\",\"item\":\"https:\\\/\\\/booksfrommexico.com\\\/es\\\/libros\\\/\"},{\"@type\":\"ListItem\",\"position\":3,\"name\":\"Simbolismos zapotecos de la sierra Ju\u00e1rez de Oaxaca\"}]},{\"@type\":\"WebSite\",\"@id\":\"https:\\\/\\\/booksfrommexico.com\\\/#website\",\"url\":\"https:\\\/\\\/booksfrommexico.com\\\/\",\"name\":\"Books From Mexico\",\"description\":\"\",\"publisher\":{\"@id\":\"https:\\\/\\\/booksfrommexico.com\\\/#organization\"},\"potentialAction\":[{\"@type\":\"SearchAction\",\"target\":{\"@type\":\"EntryPoint\",\"urlTemplate\":\"https:\\\/\\\/booksfrommexico.com\\\/?s={search_term_string}\"},\"query-input\":{\"@type\":\"PropertyValueSpecification\",\"valueRequired\":true,\"valueName\":\"search_term_string\"}}],\"inLanguage\":\"es\"},{\"@type\":\"Organization\",\"@id\":\"https:\\\/\\\/booksfrommexico.com\\\/#organization\",\"name\":\"Books From Mexico\",\"url\":\"https:\\\/\\\/booksfrommexico.com\\\/\",\"logo\":{\"@type\":\"ImageObject\",\"inLanguage\":\"es\",\"@id\":\"https:\\\/\\\/booksfrommexico.com\\\/#\\\/schema\\\/logo\\\/image\\\/\",\"url\":\"https:\\\/\\\/booksfrommexico.com\\\/app\\\/uploads\\\/2023\\\/05\\\/logo-booksfrommexico.svg\",\"contentUrl\":\"https:\\\/\\\/booksfrommexico.com\\\/app\\\/uploads\\\/2023\\\/05\\\/logo-booksfrommexico.svg\",\"width\":86,\"height\":56,\"caption\":\"Books From Mexico\"},\"image\":{\"@id\":\"https:\\\/\\\/booksfrommexico.com\\\/#\\\/schema\\\/logo\\\/image\\\/\"}}]}<\/script>\n<!-- \/ Yoast SEO plugin. -->","yoast_head_json":{"title":"Simbolismos zapotecos de la sierra Ju\u00e1rez de Oaxaca - Books From Mexico","description":"Mario Molina Cruz. Oaxaca. M\u00e9xico: Instituto Oaxaque\u00f1o de las Culturas; Casa de la Cultura Oaxaque\u00f1a, 2003. Reflexiones sobre tem\u00e1ticas de cultura zapoteca.","robots":{"index":"index","follow":"follow","max-snippet":"max-snippet:-1","max-image-preview":"max-image-preview:large","max-video-preview":"max-video-preview:-1"},"canonical":"https:\/\/booksfrommexico.com\/es\/producto\/primeras-interpretaciones-de-simbolismos-zapotecos-de-la-sierra-juarez-de-oaxaca-ensayos-primer-tomo\/","og_locale":"es_ES","og_type":"article","og_title":"Simbolismos zapotecos de la sierra Ju\u00e1rez de Oaxaca - Books From Mexico","og_description":"Mario Molina Cruz. Oaxaca. M\u00e9xico: Instituto Oaxaque\u00f1o de las Culturas; Casa de la Cultura Oaxaque\u00f1a, 2003. Reflexiones sobre tem\u00e1ticas de cultura zapoteca.","og_url":"https:\/\/booksfrommexico.com\/es\/producto\/primeras-interpretaciones-de-simbolismos-zapotecos-de-la-sierra-juarez-de-oaxaca-ensayos-primer-tomo\/","og_site_name":"Books From Mexico","article_modified_time":"2024-02-09T18:16:20+00:00","og_image":[{"width":380,"height":612,"url":"http:\/\/booksfrommexico.com\/app\/uploads\/2023\/05\/123272.jpeg","type":"image\/jpeg"}],"twitter_card":"summary_large_image","twitter_misc":{"Tiempo de lectura":"1 minuto"},"schema":{"@context":"https:\/\/schema.org","@graph":[{"@type":"WebPage","@id":"https:\/\/booksfrommexico.com\/es\/producto\/primeras-interpretaciones-de-simbolismos-zapotecos-de-la-sierra-juarez-de-oaxaca-ensayos-primer-tomo\/","url":"https:\/\/booksfrommexico.com\/es\/producto\/primeras-interpretaciones-de-simbolismos-zapotecos-de-la-sierra-juarez-de-oaxaca-ensayos-primer-tomo\/","name":"Simbolismos zapotecos de la sierra Ju\u00e1rez de Oaxaca - Books From Mexico","isPartOf":{"@id":"https:\/\/booksfrommexico.com\/#website"},"primaryImageOfPage":{"@id":"https:\/\/booksfrommexico.com\/es\/producto\/primeras-interpretaciones-de-simbolismos-zapotecos-de-la-sierra-juarez-de-oaxaca-ensayos-primer-tomo\/#primaryimage"},"image":{"@id":"https:\/\/booksfrommexico.com\/es\/producto\/primeras-interpretaciones-de-simbolismos-zapotecos-de-la-sierra-juarez-de-oaxaca-ensayos-primer-tomo\/#primaryimage"},"thumbnailUrl":"https:\/\/booksfrommexico.com\/app\/uploads\/2023\/05\/123272.jpeg","datePublished":"2023-05-08T17:00:20+00:00","dateModified":"2024-02-09T18:16:20+00:00","description":"Mario Molina Cruz. Oaxaca. M\u00e9xico: Instituto Oaxaque\u00f1o de las Culturas; Casa de la Cultura Oaxaque\u00f1a, 2003. Reflexiones sobre tem\u00e1ticas de cultura zapoteca.","breadcrumb":{"@id":"https:\/\/booksfrommexico.com\/es\/producto\/primeras-interpretaciones-de-simbolismos-zapotecos-de-la-sierra-juarez-de-oaxaca-ensayos-primer-tomo\/#breadcrumb"},"inLanguage":"es","potentialAction":[{"@type":"ReadAction","target":["https:\/\/booksfrommexico.com\/es\/producto\/primeras-interpretaciones-de-simbolismos-zapotecos-de-la-sierra-juarez-de-oaxaca-ensayos-primer-tomo\/"]}]},{"@type":"ImageObject","inLanguage":"es","@id":"https:\/\/booksfrommexico.com\/es\/producto\/primeras-interpretaciones-de-simbolismos-zapotecos-de-la-sierra-juarez-de-oaxaca-ensayos-primer-tomo\/#primaryimage","url":"https:\/\/booksfrommexico.com\/app\/uploads\/2023\/05\/123272.jpeg","contentUrl":"https:\/\/booksfrommexico.com\/app\/uploads\/2023\/05\/123272.jpeg","width":380,"height":612},{"@type":"BreadcrumbList","@id":"https:\/\/booksfrommexico.com\/es\/producto\/primeras-interpretaciones-de-simbolismos-zapotecos-de-la-sierra-juarez-de-oaxaca-ensayos-primer-tomo\/#breadcrumb","itemListElement":[{"@type":"ListItem","position":1,"name":"Home","item":"https:\/\/booksfrommexico.com\/es\/"},{"@type":"ListItem","position":2,"name":"Libros","item":"https:\/\/booksfrommexico.com\/es\/libros\/"},{"@type":"ListItem","position":3,"name":"Simbolismos zapotecos de la sierra Ju\u00e1rez de Oaxaca"}]},{"@type":"WebSite","@id":"https:\/\/booksfrommexico.com\/#website","url":"https:\/\/booksfrommexico.com\/","name":"Books From Mexico","description":"","publisher":{"@id":"https:\/\/booksfrommexico.com\/#organization"},"potentialAction":[{"@type":"SearchAction","target":{"@type":"EntryPoint","urlTemplate":"https:\/\/booksfrommexico.com\/?s={search_term_string}"},"query-input":{"@type":"PropertyValueSpecification","valueRequired":true,"valueName":"search_term_string"}}],"inLanguage":"es"},{"@type":"Organization","@id":"https:\/\/booksfrommexico.com\/#organization","name":"Books From Mexico","url":"https:\/\/booksfrommexico.com\/","logo":{"@type":"ImageObject","inLanguage":"es","@id":"https:\/\/booksfrommexico.com\/#\/schema\/logo\/image\/","url":"https:\/\/booksfrommexico.com\/app\/uploads\/2023\/05\/logo-booksfrommexico.svg","contentUrl":"https:\/\/booksfrommexico.com\/app\/uploads\/2023\/05\/logo-booksfrommexico.svg","width":86,"height":56,"caption":"Books From Mexico"},"image":{"@id":"https:\/\/booksfrommexico.com\/#\/schema\/logo\/image\/"}}]}},"_links":{"self":[{"href":"https:\/\/booksfrommexico.com\/es\/wp-json\/wp\/v2\/product\/288","targetHints":{"allow":["GET"]}}],"collection":[{"href":"https:\/\/booksfrommexico.com\/es\/wp-json\/wp\/v2\/product"}],"about":[{"href":"https:\/\/booksfrommexico.com\/es\/wp-json\/wp\/v2\/types\/product"}],"wp:featuredmedia":[{"embeddable":true,"href":"https:\/\/booksfrommexico.com\/es\/wp-json\/wp\/v2\/media\/287"}],"wp:attachment":[{"href":"https:\/\/booksfrommexico.com\/es\/wp-json\/wp\/v2\/media?parent=288"}],"wp:term":[{"taxonomy":"product_brand","embeddable":true,"href":"https:\/\/booksfrommexico.com\/es\/wp-json\/wp\/v2\/product_brand?post=288"},{"taxonomy":"product_cat","embeddable":true,"href":"https:\/\/booksfrommexico.com\/es\/wp-json\/wp\/v2\/product_cat?post=288"},{"taxonomy":"product_tag","embeddable":true,"href":"https:\/\/booksfrommexico.com\/es\/wp-json\/wp\/v2\/product_tag?post=288"}],"curies":[{"name":"wp","href":"https:\/\/api.w.org\/{rel}","templated":true}]}}