{"id":290,"date":"2023-05-08T17:00:22","date_gmt":"2023-05-08T17:00:22","guid":{"rendered":"http:\/\/booksfrommexico.com\/product\/la-fuerza-de-la-costumbre-sistema-de-cargos-en-la-mixteca-oaxaquena\/"},"modified":"2025-03-03T03:27:16","modified_gmt":"2025-03-03T03:27:16","slug":"la-fuerza-de-la-costumbre-sistema-de-cargos-en-la-mixteca-oaxaquena","status":"publish","type":"product","link":"https:\/\/booksfrommexico.com\/es\/producto\/la-fuerza-de-la-costumbre-sistema-de-cargos-en-la-mixteca-oaxaquena\/","title":{"rendered":"Fuerza de la costumbre: Sistema de cargos en la mixteca oaxaque\u00f1a"},"content":{"rendered":"<p><span style=\"font-weight: 400;\">Una de las caracter\u00edsticas que distinguen a las comunidades mixtecas es su forma de organizaci\u00f3n pol\u00edtica, las normas que aplican en la elecci\u00f3n de sus autoridades y las bases sobre las cuales act\u00faan en la resoluci\u00f3n de los conflictos que se les presentan. Aqu\u00ed se recopilan textos colaborativos que brindan una descripci\u00f3n integral de los sistemas legales ind\u00edgenas en el territorio mixteca, promoviendo y contribuyendo a los estudios sobre el ejercicio de los derechos de los pueblos ind\u00edgenas de la regi\u00f3n Mixteca. Los autores proporcionan antecedentes sobre la organizaci\u00f3n pol\u00edtica de las comunidades mixtecas, las perspectivas legales y los conflictos que han enfrentado para acceder a la justicia.<\/span><\/p>\n","protected":false},"excerpt":{"rendered":"<p>LA FUERZA DE LA COSTUMBRE : SISTEMA DE CARGOS EN LA MIXTECA OAXAQUE\u00d1A<span style=\"font-weight: 400;\">. \/ Abigail Hern\u00e1ndez N\u00fa\u00f1ez, Francisco L\u00f3pez B\u00e1rcenas (coordinators). M\u00e9xico, D.F. : Centro de Comunicaci\u00f3n y Creatividad Redes , Tejiendo Utop\u00eda ; Centro de Orientaci\u00f3n y Asesor\u00eda a Pueblos Ind\u00edgenas, 2004. 117 pages ; 21 cm. (Serie Derechos Ind\u00edgenas). ISBN : 970932313X. <\/span><\/p>\n","protected":false},"featured_media":289,"template":"","meta":{"_acf_changed":false,"inline_featured_image":false},"product_brand":[],"product_cat":[19,66],"product_tag":[3639,3918,3797,3627],"class_list":{"0":"post-290","1":"product","2":"type-product","3":"status-publish","4":"has-post-thumbnail","6":"product_cat-antropologia","7":"product_cat-sociocultural","8":"product_tag-derechos-indigenas","9":"product_tag-mixtecos","10":"product_tag-oaxaca-mexico","11":"product_tag-politica-y-gobierno","13":"first","14":"outofstock","15":"sale","16":"taxable","17":"shipping-taxable","18":"purchasable","19":"product-type-simple"},"acf":[],"yoast_head":"<!-- This site is optimized with the Yoast SEO plugin v27.3 - https:\/\/yoast.com\/product\/yoast-seo-wordpress\/ -->\n<title>Fuerza de la costumbre: Sistema de cargos en la mixteca<\/title>\n<meta name=\"description\" content=\"LA FUERZA DE LA COSTUMBRE : SISTEMA DE CARGOS EN LA MIXTECA OAXAQUE\u00f1A. \/ Abigail Hern\u00e1ndez N\u00fa\u00f1ez, Francisco L\u00f3pez B\u00e1rcenas (coordinators). 2004.\" \/>\n<meta name=\"robots\" content=\"index, follow, max-snippet:-1, max-image-preview:large, max-video-preview:-1\" \/>\n<link rel=\"canonical\" href=\"https:\/\/booksfrommexico.com\/es\/producto\/la-fuerza-de-la-costumbre-sistema-de-cargos-en-la-mixteca-oaxaquena\/\" \/>\n<meta property=\"og:locale\" content=\"es_ES\" \/>\n<meta property=\"og:type\" content=\"article\" \/>\n<meta property=\"og:title\" content=\"Fuerza de la costumbre: Sistema de cargos en la mixteca\" \/>\n<meta property=\"og:description\" content=\"LA FUERZA DE LA COSTUMBRE : SISTEMA DE CARGOS EN LA MIXTECA OAXAQUE\u00f1A. \/ Abigail Hern\u00e1ndez N\u00fa\u00f1ez, Francisco L\u00f3pez B\u00e1rcenas (coordinators). 2004.\" \/>\n<meta property=\"og:url\" content=\"https:\/\/booksfrommexico.com\/es\/producto\/la-fuerza-de-la-costumbre-sistema-de-cargos-en-la-mixteca-oaxaquena\/\" \/>\n<meta property=\"og:site_name\" content=\"Books From Mexico\" \/>\n<meta property=\"article:modified_time\" content=\"2025-03-03T03:27:16+00:00\" \/>\n<meta property=\"og:image\" content=\"http:\/\/booksfrommexico.com\/app\/uploads\/2023\/05\/124122.jpeg\" \/>\n\t<meta property=\"og:image:width\" content=\"380\" \/>\n\t<meta property=\"og:image:height\" content=\"612\" \/>\n\t<meta property=\"og:image:type\" content=\"image\/jpeg\" \/>\n<meta name=\"twitter:card\" content=\"summary_large_image\" \/>\n<meta name=\"twitter:label1\" content=\"Tiempo de lectura\" \/>\n\t<meta name=\"twitter:data1\" content=\"1 minuto\" \/>\n<script type=\"application\/ld+json\" class=\"yoast-schema-graph\">{\"@context\":\"https:\\\/\\\/schema.org\",\"@graph\":[{\"@type\":\"WebPage\",\"@id\":\"https:\\\/\\\/booksfrommexico.com\\\/es\\\/producto\\\/la-fuerza-de-la-costumbre-sistema-de-cargos-en-la-mixteca-oaxaquena\\\/\",\"url\":\"https:\\\/\\\/booksfrommexico.com\\\/es\\\/producto\\\/la-fuerza-de-la-costumbre-sistema-de-cargos-en-la-mixteca-oaxaquena\\\/\",\"name\":\"Fuerza de la costumbre: Sistema de cargos en la mixteca\",\"isPartOf\":{\"@id\":\"https:\\\/\\\/booksfrommexico.com\\\/#website\"},\"primaryImageOfPage\":{\"@id\":\"https:\\\/\\\/booksfrommexico.com\\\/es\\\/producto\\\/la-fuerza-de-la-costumbre-sistema-de-cargos-en-la-mixteca-oaxaquena\\\/#primaryimage\"},\"image\":{\"@id\":\"https:\\\/\\\/booksfrommexico.com\\\/es\\\/producto\\\/la-fuerza-de-la-costumbre-sistema-de-cargos-en-la-mixteca-oaxaquena\\\/#primaryimage\"},\"thumbnailUrl\":\"https:\\\/\\\/booksfrommexico.com\\\/app\\\/uploads\\\/2023\\\/05\\\/124122.jpeg\",\"datePublished\":\"2023-05-08T17:00:22+00:00\",\"dateModified\":\"2025-03-03T03:27:16+00:00\",\"description\":\"LA FUERZA DE LA COSTUMBRE : SISTEMA DE CARGOS EN LA MIXTECA OAXAQUE\u00f1A. \\\/ Abigail Hern\u00e1ndez N\u00fa\u00f1ez, Francisco L\u00f3pez B\u00e1rcenas (coordinators). 2004.\",\"breadcrumb\":{\"@id\":\"https:\\\/\\\/booksfrommexico.com\\\/es\\\/producto\\\/la-fuerza-de-la-costumbre-sistema-de-cargos-en-la-mixteca-oaxaquena\\\/#breadcrumb\"},\"inLanguage\":\"es\",\"potentialAction\":[{\"@type\":\"ReadAction\",\"target\":[\"https:\\\/\\\/booksfrommexico.com\\\/es\\\/producto\\\/la-fuerza-de-la-costumbre-sistema-de-cargos-en-la-mixteca-oaxaquena\\\/\"]}]},{\"@type\":\"ImageObject\",\"inLanguage\":\"es\",\"@id\":\"https:\\\/\\\/booksfrommexico.com\\\/es\\\/producto\\\/la-fuerza-de-la-costumbre-sistema-de-cargos-en-la-mixteca-oaxaquena\\\/#primaryimage\",\"url\":\"https:\\\/\\\/booksfrommexico.com\\\/app\\\/uploads\\\/2023\\\/05\\\/124122.jpeg\",\"contentUrl\":\"https:\\\/\\\/booksfrommexico.com\\\/app\\\/uploads\\\/2023\\\/05\\\/124122.jpeg\",\"width\":380,\"height\":612},{\"@type\":\"BreadcrumbList\",\"@id\":\"https:\\\/\\\/booksfrommexico.com\\\/es\\\/producto\\\/la-fuerza-de-la-costumbre-sistema-de-cargos-en-la-mixteca-oaxaquena\\\/#breadcrumb\",\"itemListElement\":[{\"@type\":\"ListItem\",\"position\":1,\"name\":\"Home\",\"item\":\"https:\\\/\\\/booksfrommexico.com\\\/es\\\/\"},{\"@type\":\"ListItem\",\"position\":2,\"name\":\"Libros\",\"item\":\"https:\\\/\\\/booksfrommexico.com\\\/es\\\/libros\\\/\"},{\"@type\":\"ListItem\",\"position\":3,\"name\":\"Fuerza de la costumbre: Sistema de cargos en la mixteca oaxaque\u00f1a\"}]},{\"@type\":\"WebSite\",\"@id\":\"https:\\\/\\\/booksfrommexico.com\\\/#website\",\"url\":\"https:\\\/\\\/booksfrommexico.com\\\/\",\"name\":\"Books From Mexico\",\"description\":\"\",\"publisher\":{\"@id\":\"https:\\\/\\\/booksfrommexico.com\\\/#organization\"},\"potentialAction\":[{\"@type\":\"SearchAction\",\"target\":{\"@type\":\"EntryPoint\",\"urlTemplate\":\"https:\\\/\\\/booksfrommexico.com\\\/?s={search_term_string}\"},\"query-input\":{\"@type\":\"PropertyValueSpecification\",\"valueRequired\":true,\"valueName\":\"search_term_string\"}}],\"inLanguage\":\"es\"},{\"@type\":\"Organization\",\"@id\":\"https:\\\/\\\/booksfrommexico.com\\\/#organization\",\"name\":\"Books From Mexico\",\"url\":\"https:\\\/\\\/booksfrommexico.com\\\/\",\"logo\":{\"@type\":\"ImageObject\",\"inLanguage\":\"es\",\"@id\":\"https:\\\/\\\/booksfrommexico.com\\\/#\\\/schema\\\/logo\\\/image\\\/\",\"url\":\"https:\\\/\\\/booksfrommexico.com\\\/app\\\/uploads\\\/2023\\\/05\\\/logo-booksfrommexico.svg\",\"contentUrl\":\"https:\\\/\\\/booksfrommexico.com\\\/app\\\/uploads\\\/2023\\\/05\\\/logo-booksfrommexico.svg\",\"width\":86,\"height\":56,\"caption\":\"Books From Mexico\"},\"image\":{\"@id\":\"https:\\\/\\\/booksfrommexico.com\\\/#\\\/schema\\\/logo\\\/image\\\/\"}}]}<\/script>\n<!-- \/ Yoast SEO plugin. -->","yoast_head_json":{"title":"Fuerza de la costumbre: Sistema de cargos en la mixteca","description":"LA FUERZA DE LA COSTUMBRE : SISTEMA DE CARGOS EN LA MIXTECA OAXAQUE\u00f1A. \/ Abigail Hern\u00e1ndez N\u00fa\u00f1ez, Francisco L\u00f3pez B\u00e1rcenas (coordinators). 2004.","robots":{"index":"index","follow":"follow","max-snippet":"max-snippet:-1","max-image-preview":"max-image-preview:large","max-video-preview":"max-video-preview:-1"},"canonical":"https:\/\/booksfrommexico.com\/es\/producto\/la-fuerza-de-la-costumbre-sistema-de-cargos-en-la-mixteca-oaxaquena\/","og_locale":"es_ES","og_type":"article","og_title":"Fuerza de la costumbre: Sistema de cargos en la mixteca","og_description":"LA FUERZA DE LA COSTUMBRE : SISTEMA DE CARGOS EN LA MIXTECA OAXAQUE\u00f1A. \/ Abigail Hern\u00e1ndez N\u00fa\u00f1ez, Francisco L\u00f3pez B\u00e1rcenas (coordinators). 2004.","og_url":"https:\/\/booksfrommexico.com\/es\/producto\/la-fuerza-de-la-costumbre-sistema-de-cargos-en-la-mixteca-oaxaquena\/","og_site_name":"Books From Mexico","article_modified_time":"2025-03-03T03:27:16+00:00","og_image":[{"width":380,"height":612,"url":"http:\/\/booksfrommexico.com\/app\/uploads\/2023\/05\/124122.jpeg","type":"image\/jpeg"}],"twitter_card":"summary_large_image","twitter_misc":{"Tiempo de lectura":"1 minuto"},"schema":{"@context":"https:\/\/schema.org","@graph":[{"@type":"WebPage","@id":"https:\/\/booksfrommexico.com\/es\/producto\/la-fuerza-de-la-costumbre-sistema-de-cargos-en-la-mixteca-oaxaquena\/","url":"https:\/\/booksfrommexico.com\/es\/producto\/la-fuerza-de-la-costumbre-sistema-de-cargos-en-la-mixteca-oaxaquena\/","name":"Fuerza de la costumbre: Sistema de cargos en la mixteca","isPartOf":{"@id":"https:\/\/booksfrommexico.com\/#website"},"primaryImageOfPage":{"@id":"https:\/\/booksfrommexico.com\/es\/producto\/la-fuerza-de-la-costumbre-sistema-de-cargos-en-la-mixteca-oaxaquena\/#primaryimage"},"image":{"@id":"https:\/\/booksfrommexico.com\/es\/producto\/la-fuerza-de-la-costumbre-sistema-de-cargos-en-la-mixteca-oaxaquena\/#primaryimage"},"thumbnailUrl":"https:\/\/booksfrommexico.com\/app\/uploads\/2023\/05\/124122.jpeg","datePublished":"2023-05-08T17:00:22+00:00","dateModified":"2025-03-03T03:27:16+00:00","description":"LA FUERZA DE LA COSTUMBRE : SISTEMA DE CARGOS EN LA MIXTECA OAXAQUE\u00f1A. \/ Abigail Hern\u00e1ndez N\u00fa\u00f1ez, Francisco L\u00f3pez B\u00e1rcenas (coordinators). 2004.","breadcrumb":{"@id":"https:\/\/booksfrommexico.com\/es\/producto\/la-fuerza-de-la-costumbre-sistema-de-cargos-en-la-mixteca-oaxaquena\/#breadcrumb"},"inLanguage":"es","potentialAction":[{"@type":"ReadAction","target":["https:\/\/booksfrommexico.com\/es\/producto\/la-fuerza-de-la-costumbre-sistema-de-cargos-en-la-mixteca-oaxaquena\/"]}]},{"@type":"ImageObject","inLanguage":"es","@id":"https:\/\/booksfrommexico.com\/es\/producto\/la-fuerza-de-la-costumbre-sistema-de-cargos-en-la-mixteca-oaxaquena\/#primaryimage","url":"https:\/\/booksfrommexico.com\/app\/uploads\/2023\/05\/124122.jpeg","contentUrl":"https:\/\/booksfrommexico.com\/app\/uploads\/2023\/05\/124122.jpeg","width":380,"height":612},{"@type":"BreadcrumbList","@id":"https:\/\/booksfrommexico.com\/es\/producto\/la-fuerza-de-la-costumbre-sistema-de-cargos-en-la-mixteca-oaxaquena\/#breadcrumb","itemListElement":[{"@type":"ListItem","position":1,"name":"Home","item":"https:\/\/booksfrommexico.com\/es\/"},{"@type":"ListItem","position":2,"name":"Libros","item":"https:\/\/booksfrommexico.com\/es\/libros\/"},{"@type":"ListItem","position":3,"name":"Fuerza de la costumbre: Sistema de cargos en la mixteca oaxaque\u00f1a"}]},{"@type":"WebSite","@id":"https:\/\/booksfrommexico.com\/#website","url":"https:\/\/booksfrommexico.com\/","name":"Books From Mexico","description":"","publisher":{"@id":"https:\/\/booksfrommexico.com\/#organization"},"potentialAction":[{"@type":"SearchAction","target":{"@type":"EntryPoint","urlTemplate":"https:\/\/booksfrommexico.com\/?s={search_term_string}"},"query-input":{"@type":"PropertyValueSpecification","valueRequired":true,"valueName":"search_term_string"}}],"inLanguage":"es"},{"@type":"Organization","@id":"https:\/\/booksfrommexico.com\/#organization","name":"Books From Mexico","url":"https:\/\/booksfrommexico.com\/","logo":{"@type":"ImageObject","inLanguage":"es","@id":"https:\/\/booksfrommexico.com\/#\/schema\/logo\/image\/","url":"https:\/\/booksfrommexico.com\/app\/uploads\/2023\/05\/logo-booksfrommexico.svg","contentUrl":"https:\/\/booksfrommexico.com\/app\/uploads\/2023\/05\/logo-booksfrommexico.svg","width":86,"height":56,"caption":"Books From Mexico"},"image":{"@id":"https:\/\/booksfrommexico.com\/#\/schema\/logo\/image\/"}}]}},"_links":{"self":[{"href":"https:\/\/booksfrommexico.com\/es\/wp-json\/wp\/v2\/product\/290","targetHints":{"allow":["GET"]}}],"collection":[{"href":"https:\/\/booksfrommexico.com\/es\/wp-json\/wp\/v2\/product"}],"about":[{"href":"https:\/\/booksfrommexico.com\/es\/wp-json\/wp\/v2\/types\/product"}],"wp:featuredmedia":[{"embeddable":true,"href":"https:\/\/booksfrommexico.com\/es\/wp-json\/wp\/v2\/media\/289"}],"wp:attachment":[{"href":"https:\/\/booksfrommexico.com\/es\/wp-json\/wp\/v2\/media?parent=290"}],"wp:term":[{"taxonomy":"product_brand","embeddable":true,"href":"https:\/\/booksfrommexico.com\/es\/wp-json\/wp\/v2\/product_brand?post=290"},{"taxonomy":"product_cat","embeddable":true,"href":"https:\/\/booksfrommexico.com\/es\/wp-json\/wp\/v2\/product_cat?post=290"},{"taxonomy":"product_tag","embeddable":true,"href":"https:\/\/booksfrommexico.com\/es\/wp-json\/wp\/v2\/product_tag?post=290"}],"curies":[{"name":"wp","href":"https:\/\/api.w.org\/{rel}","templated":true}]}}