{"id":292,"date":"2023-05-08T17:00:23","date_gmt":"2023-05-08T17:00:23","guid":{"rendered":"http:\/\/booksfrommexico.com\/product\/diccionario-de-literatura-mexicana-siglo-xx\/"},"modified":"2024-10-02T23:28:00","modified_gmt":"2024-10-02T23:28:00","slug":"diccionario-de-literatura-mexicana-siglo-xx","status":"publish","type":"product","link":"https:\/\/booksfrommexico.com\/es\/producto\/diccionario-de-literatura-mexicana-siglo-xx\/","title":{"rendered":"Diccionario de literatura mexicana: Siglo XX"},"content":{"rendered":"<p><span style=\"font-weight: 400;\">Esta obra de referencia emplea un sistema de clasificaci\u00f3n para el estudio de la literatura mexicana del siglo XX, contiene \u00edndices onom\u00e1sticos y alfab\u00e9ticos. Se busca sistematizar el movimiento de la cultura de M\u00e9xico mediante una serie de rubros \u2013tales como corrientes, grupos literarios, revistas, suplementos culturales, pol\u00e9micas, instituciones, editoriales, bibliotecas, premios y dem\u00e1s\u2013, proporcionando una visi\u00f3n global y amplia. Aqu\u00ed el lector podr\u00e1 establecer uno o varios itinerarios de lectura a trav\u00e9s de sus propias l\u00edneas de inter\u00e9s, siguiente a un grupo, autor, corriente, pol\u00e9mica u \u00f3rgano de difusi\u00f3n, a lo largo de su presencia en la cultura mexicana.<\/span><\/p>\n","protected":false},"excerpt":{"rendered":"<p>DICCIONARIO DE LITERATURA MEXICANA : SIGLO XX<span style=\"font-weight: 400;\">. \/ Armando Pereira (coordinator). Second edition. M\u00e9xico, D.F. : Universidad Nacional Aut\u00f3noma de M\u00e9xico , Instituto de Investigaciones Filol\u00f3gicas ; Ediciones Coyoac\u00e1n, 2004. 530 pages : includes onomastic index, bibliography ; 21 cm. (Colecci\u00f3n Filosof\u00eda y Cultura Contempor\u00e1nea). ISBN : 9703217605.<\/span><\/p>\n","protected":false},"featured_media":291,"template":"","meta":{"_acf_changed":false,"inline_featured_image":false},"product_brand":[],"product_cat":[451,450],"product_tag":[4059,3711,3938,3649],"class_list":{"0":"post-292","1":"product","2":"type-product","3":"status-publish","4":"has-post-thumbnail","6":"product_cat-diccionarios-y-enciclopedias-referencias","7":"product_cat-referencias","8":"product_tag-diccionario-es","9":"product_tag-estudio-y-ensenanza","10":"product_tag-literatura-mexicana","11":"product_tag-siglo-xx","13":"first","14":"instock","15":"sale","16":"taxable","17":"shipping-taxable","18":"purchasable","19":"product-type-simple"},"acf":[],"yoast_head":"<!-- This site is optimized with the Yoast SEO plugin v27.2 - https:\/\/yoast.com\/product\/yoast-seo-wordpress\/ -->\n<title>Diccionario de literatura mexicana: Siglo XX<\/title>\n<meta name=\"description\" content=\"DICCIONARIO DE LITERATURA MEXICANA : SIGLO XX. \/ Armando Pereira (coordinator). Second edition. UNAM , Instituto de Investigaciones Filol\u00f3gicas, 2004.\" \/>\n<meta name=\"robots\" content=\"index, follow, max-snippet:-1, max-image-preview:large, max-video-preview:-1\" \/>\n<link rel=\"canonical\" href=\"https:\/\/booksfrommexico.com\/es\/producto\/diccionario-de-literatura-mexicana-siglo-xx\/\" \/>\n<meta property=\"og:locale\" content=\"es_ES\" \/>\n<meta property=\"og:type\" content=\"article\" \/>\n<meta property=\"og:title\" content=\"Diccionario de literatura mexicana: Siglo XX\" \/>\n<meta property=\"og:description\" content=\"DICCIONARIO DE LITERATURA MEXICANA : SIGLO XX. \/ Armando Pereira (coordinator). Second edition. UNAM , Instituto de Investigaciones Filol\u00f3gicas, 2004.\" \/>\n<meta property=\"og:url\" content=\"https:\/\/booksfrommexico.com\/es\/producto\/diccionario-de-literatura-mexicana-siglo-xx\/\" \/>\n<meta property=\"og:site_name\" content=\"Books From Mexico\" \/>\n<meta property=\"article:modified_time\" content=\"2024-10-02T23:28:00+00:00\" \/>\n<meta property=\"og:image\" content=\"http:\/\/booksfrommexico.com\/app\/uploads\/2023\/05\/124276-.jpeg\" \/>\n\t<meta property=\"og:image:width\" content=\"397\" \/>\n\t<meta property=\"og:image:height\" content=\"589\" \/>\n\t<meta property=\"og:image:type\" content=\"image\/jpeg\" \/>\n<meta name=\"twitter:card\" content=\"summary_large_image\" \/>\n<meta name=\"twitter:label1\" content=\"Tiempo de lectura\" \/>\n\t<meta name=\"twitter:data1\" content=\"1 minuto\" \/>\n<script type=\"application\/ld+json\" class=\"yoast-schema-graph\">{\"@context\":\"https:\/\/schema.org\",\"@graph\":[{\"@type\":\"WebPage\",\"@id\":\"https:\/\/booksfrommexico.com\/es\/producto\/diccionario-de-literatura-mexicana-siglo-xx\/\",\"url\":\"https:\/\/booksfrommexico.com\/es\/producto\/diccionario-de-literatura-mexicana-siglo-xx\/\",\"name\":\"Diccionario de literatura mexicana: Siglo XX\",\"isPartOf\":{\"@id\":\"https:\/\/booksfrommexico.com\/#website\"},\"primaryImageOfPage\":{\"@id\":\"https:\/\/booksfrommexico.com\/es\/producto\/diccionario-de-literatura-mexicana-siglo-xx\/#primaryimage\"},\"image\":{\"@id\":\"https:\/\/booksfrommexico.com\/es\/producto\/diccionario-de-literatura-mexicana-siglo-xx\/#primaryimage\"},\"thumbnailUrl\":\"https:\/\/booksfrommexico.com\/app\/uploads\/2023\/05\/124276-.jpeg\",\"datePublished\":\"2023-05-08T17:00:23+00:00\",\"dateModified\":\"2024-10-02T23:28:00+00:00\",\"description\":\"DICCIONARIO DE LITERATURA MEXICANA : SIGLO XX. \/ Armando Pereira (coordinator). Second edition. UNAM , Instituto de Investigaciones Filol\u00f3gicas, 2004.\",\"breadcrumb\":{\"@id\":\"https:\/\/booksfrommexico.com\/es\/producto\/diccionario-de-literatura-mexicana-siglo-xx\/#breadcrumb\"},\"inLanguage\":\"es\",\"potentialAction\":[{\"@type\":\"ReadAction\",\"target\":[\"https:\/\/booksfrommexico.com\/es\/producto\/diccionario-de-literatura-mexicana-siglo-xx\/\"]}]},{\"@type\":\"ImageObject\",\"inLanguage\":\"es\",\"@id\":\"https:\/\/booksfrommexico.com\/es\/producto\/diccionario-de-literatura-mexicana-siglo-xx\/#primaryimage\",\"url\":\"https:\/\/booksfrommexico.com\/app\/uploads\/2023\/05\/124276-.jpeg\",\"contentUrl\":\"https:\/\/booksfrommexico.com\/app\/uploads\/2023\/05\/124276-.jpeg\",\"width\":397,\"height\":589},{\"@type\":\"BreadcrumbList\",\"@id\":\"https:\/\/booksfrommexico.com\/es\/producto\/diccionario-de-literatura-mexicana-siglo-xx\/#breadcrumb\",\"itemListElement\":[{\"@type\":\"ListItem\",\"position\":1,\"name\":\"Home\",\"item\":\"https:\/\/booksfrommexico.com\/es\/\"},{\"@type\":\"ListItem\",\"position\":2,\"name\":\"Libros\",\"item\":\"https:\/\/booksfrommexico.com\/es\/libros\/\"},{\"@type\":\"ListItem\",\"position\":3,\"name\":\"Diccionario de literatura mexicana: Siglo XX\"}]},{\"@type\":\"WebSite\",\"@id\":\"https:\/\/booksfrommexico.com\/#website\",\"url\":\"https:\/\/booksfrommexico.com\/\",\"name\":\"Books From Mexico\",\"description\":\"\",\"publisher\":{\"@id\":\"https:\/\/booksfrommexico.com\/#organization\"},\"potentialAction\":[{\"@type\":\"SearchAction\",\"target\":{\"@type\":\"EntryPoint\",\"urlTemplate\":\"https:\/\/booksfrommexico.com\/?s={search_term_string}\"},\"query-input\":{\"@type\":\"PropertyValueSpecification\",\"valueRequired\":true,\"valueName\":\"search_term_string\"}}],\"inLanguage\":\"es\"},{\"@type\":\"Organization\",\"@id\":\"https:\/\/booksfrommexico.com\/#organization\",\"name\":\"Books From Mexico\",\"url\":\"https:\/\/booksfrommexico.com\/\",\"logo\":{\"@type\":\"ImageObject\",\"inLanguage\":\"es\",\"@id\":\"https:\/\/booksfrommexico.com\/#\/schema\/logo\/image\/\",\"url\":\"https:\/\/booksfrommexico.com\/app\/uploads\/2023\/05\/logo-booksfrommexico.svg\",\"contentUrl\":\"https:\/\/booksfrommexico.com\/app\/uploads\/2023\/05\/logo-booksfrommexico.svg\",\"width\":86,\"height\":56,\"caption\":\"Books From Mexico\"},\"image\":{\"@id\":\"https:\/\/booksfrommexico.com\/#\/schema\/logo\/image\/\"}}]}<\/script>\n<!-- \/ Yoast SEO plugin. -->","yoast_head_json":{"title":"Diccionario de literatura mexicana: Siglo XX","description":"DICCIONARIO DE LITERATURA MEXICANA : SIGLO XX. \/ Armando Pereira (coordinator). Second edition. UNAM , Instituto de Investigaciones Filol\u00f3gicas, 2004.","robots":{"index":"index","follow":"follow","max-snippet":"max-snippet:-1","max-image-preview":"max-image-preview:large","max-video-preview":"max-video-preview:-1"},"canonical":"https:\/\/booksfrommexico.com\/es\/producto\/diccionario-de-literatura-mexicana-siglo-xx\/","og_locale":"es_ES","og_type":"article","og_title":"Diccionario de literatura mexicana: Siglo XX","og_description":"DICCIONARIO DE LITERATURA MEXICANA : SIGLO XX. \/ Armando Pereira (coordinator). Second edition. UNAM , Instituto de Investigaciones Filol\u00f3gicas, 2004.","og_url":"https:\/\/booksfrommexico.com\/es\/producto\/diccionario-de-literatura-mexicana-siglo-xx\/","og_site_name":"Books From Mexico","article_modified_time":"2024-10-02T23:28:00+00:00","og_image":[{"width":397,"height":589,"url":"http:\/\/booksfrommexico.com\/app\/uploads\/2023\/05\/124276-.jpeg","type":"image\/jpeg"}],"twitter_card":"summary_large_image","twitter_misc":{"Tiempo de lectura":"1 minuto"},"schema":{"@context":"https:\/\/schema.org","@graph":[{"@type":"WebPage","@id":"https:\/\/booksfrommexico.com\/es\/producto\/diccionario-de-literatura-mexicana-siglo-xx\/","url":"https:\/\/booksfrommexico.com\/es\/producto\/diccionario-de-literatura-mexicana-siglo-xx\/","name":"Diccionario de literatura mexicana: Siglo XX","isPartOf":{"@id":"https:\/\/booksfrommexico.com\/#website"},"primaryImageOfPage":{"@id":"https:\/\/booksfrommexico.com\/es\/producto\/diccionario-de-literatura-mexicana-siglo-xx\/#primaryimage"},"image":{"@id":"https:\/\/booksfrommexico.com\/es\/producto\/diccionario-de-literatura-mexicana-siglo-xx\/#primaryimage"},"thumbnailUrl":"https:\/\/booksfrommexico.com\/app\/uploads\/2023\/05\/124276-.jpeg","datePublished":"2023-05-08T17:00:23+00:00","dateModified":"2024-10-02T23:28:00+00:00","description":"DICCIONARIO DE LITERATURA MEXICANA : SIGLO XX. \/ Armando Pereira (coordinator). Second edition. UNAM , Instituto de Investigaciones Filol\u00f3gicas, 2004.","breadcrumb":{"@id":"https:\/\/booksfrommexico.com\/es\/producto\/diccionario-de-literatura-mexicana-siglo-xx\/#breadcrumb"},"inLanguage":"es","potentialAction":[{"@type":"ReadAction","target":["https:\/\/booksfrommexico.com\/es\/producto\/diccionario-de-literatura-mexicana-siglo-xx\/"]}]},{"@type":"ImageObject","inLanguage":"es","@id":"https:\/\/booksfrommexico.com\/es\/producto\/diccionario-de-literatura-mexicana-siglo-xx\/#primaryimage","url":"https:\/\/booksfrommexico.com\/app\/uploads\/2023\/05\/124276-.jpeg","contentUrl":"https:\/\/booksfrommexico.com\/app\/uploads\/2023\/05\/124276-.jpeg","width":397,"height":589},{"@type":"BreadcrumbList","@id":"https:\/\/booksfrommexico.com\/es\/producto\/diccionario-de-literatura-mexicana-siglo-xx\/#breadcrumb","itemListElement":[{"@type":"ListItem","position":1,"name":"Home","item":"https:\/\/booksfrommexico.com\/es\/"},{"@type":"ListItem","position":2,"name":"Libros","item":"https:\/\/booksfrommexico.com\/es\/libros\/"},{"@type":"ListItem","position":3,"name":"Diccionario de literatura mexicana: Siglo XX"}]},{"@type":"WebSite","@id":"https:\/\/booksfrommexico.com\/#website","url":"https:\/\/booksfrommexico.com\/","name":"Books From Mexico","description":"","publisher":{"@id":"https:\/\/booksfrommexico.com\/#organization"},"potentialAction":[{"@type":"SearchAction","target":{"@type":"EntryPoint","urlTemplate":"https:\/\/booksfrommexico.com\/?s={search_term_string}"},"query-input":{"@type":"PropertyValueSpecification","valueRequired":true,"valueName":"search_term_string"}}],"inLanguage":"es"},{"@type":"Organization","@id":"https:\/\/booksfrommexico.com\/#organization","name":"Books From Mexico","url":"https:\/\/booksfrommexico.com\/","logo":{"@type":"ImageObject","inLanguage":"es","@id":"https:\/\/booksfrommexico.com\/#\/schema\/logo\/image\/","url":"https:\/\/booksfrommexico.com\/app\/uploads\/2023\/05\/logo-booksfrommexico.svg","contentUrl":"https:\/\/booksfrommexico.com\/app\/uploads\/2023\/05\/logo-booksfrommexico.svg","width":86,"height":56,"caption":"Books From Mexico"},"image":{"@id":"https:\/\/booksfrommexico.com\/#\/schema\/logo\/image\/"}}]}},"_links":{"self":[{"href":"https:\/\/booksfrommexico.com\/es\/wp-json\/wp\/v2\/product\/292","targetHints":{"allow":["GET"]}}],"collection":[{"href":"https:\/\/booksfrommexico.com\/es\/wp-json\/wp\/v2\/product"}],"about":[{"href":"https:\/\/booksfrommexico.com\/es\/wp-json\/wp\/v2\/types\/product"}],"wp:featuredmedia":[{"embeddable":true,"href":"https:\/\/booksfrommexico.com\/es\/wp-json\/wp\/v2\/media\/291"}],"wp:attachment":[{"href":"https:\/\/booksfrommexico.com\/es\/wp-json\/wp\/v2\/media?parent=292"}],"wp:term":[{"taxonomy":"product_brand","embeddable":true,"href":"https:\/\/booksfrommexico.com\/es\/wp-json\/wp\/v2\/product_brand?post=292"},{"taxonomy":"product_cat","embeddable":true,"href":"https:\/\/booksfrommexico.com\/es\/wp-json\/wp\/v2\/product_cat?post=292"},{"taxonomy":"product_tag","embeddable":true,"href":"https:\/\/booksfrommexico.com\/es\/wp-json\/wp\/v2\/product_tag?post=292"}],"curies":[{"name":"wp","href":"https:\/\/api.w.org\/{rel}","templated":true}]}}