{"id":294,"date":"2023-05-08T17:00:26","date_gmt":"2023-05-08T17:00:26","guid":{"rendered":"http:\/\/booksfrommexico.com\/product\/los-que-saben-testimonios-de-vida-de-medicos-tradicionales-de-la-region-de-tehuacan\/"},"modified":"2025-03-01T00:06:41","modified_gmt":"2025-03-01T00:06:41","slug":"los-que-saben-testimonios-de-vida-de-medicos-tradicionales-de-la-region-de-tehuacan","status":"publish","type":"product","link":"https:\/\/booksfrommexico.com\/es\/producto\/los-que-saben-testimonios-de-vida-de-medicos-tradicionales-de-la-region-de-tehuacan\/","title":{"rendered":"Los que saben: Testimonios de m\u00e9dicos tradicionales de la regi\u00f3n de Tehuac\u00e1n"},"content":{"rendered":"<p><span style=\"font-weight: 400;\">La medicina tradicional est\u00e1 conformada por un conjunto de ideas, creencias, representaciones y s\u00edmbolos que constituyen un saber reconocido y aplicado en pr\u00e1cticas y rituales terap\u00e9uticos por sus especialistas, y transmitido por tradici\u00f3n oral a trav\u00e9s de las generaciones. Esta medicina ha permanecido vigente en la pr\u00e1ctica m\u00e9dica y es ampliamente practicada por los pueblos ind\u00edgenas, campesinos y algunos sectores de poblaci\u00f3n urbana. En este t\u00edtulo se recopilan muchos de los conocimientos antiguos, as\u00ed como testimonios de m\u00e9dicos tradicionales de Tehuac\u00e1n que pertenecen a la tradici\u00f3n que forma parte del patrimonio cultural intangible de los pueblos ind\u00edgenas en M\u00e9xico. <\/span><\/p>\n","protected":false},"excerpt":{"rendered":"<p>LOS QUE SABEN : TESTIMONIOS DE VIDA DE M\u00c9DICOS TRADICIONALES DE LA REGI\u00d3N DE TEHUAC\u00c1N<span style=\"font-weight: 400;\">. \/ Antonella Fagetti (compilator). Puebla, M\u00e9xico : Benem\u00e9rita Universidad Aut\u00f3noma de Puebla , Instituto de Ciencias Sociales y Humanidades ; Comisi\u00f3n Nacional para el Desarrollo de los Pueblos Ind\u00edgenas, 2003. 283 pages : includes references, photos, notes, glossary ; 21 cm. ISBN : 9688636827. <\/span><\/p>\n","protected":false},"featured_media":293,"template":"","meta":{"_acf_changed":false,"inline_featured_image":false},"product_brand":[],"product_cat":[19,1045,66],"product_tag":[3942,3607,3940,3760,4481],"class_list":{"0":"post-294","1":"product","2":"type-product","3":"status-publish","4":"has-post-thumbnail","6":"product_cat-antropologia","7":"product_cat-medicina-tradicional","8":"product_cat-sociocultural","9":"product_tag-chamanismo","10":"product_tag-historia-local","11":"product_tag-medicina-tradicional","12":"product_tag-puebla-mexico","13":"product_tag-tradicion-y-costumbres","15":"first","16":"outofstock","17":"sale","18":"taxable","19":"shipping-taxable","20":"purchasable","21":"product-type-simple"},"acf":[],"yoast_head":"<!-- This site is optimized with the Yoast SEO plugin v27.3 - https:\/\/yoast.com\/product\/yoast-seo-wordpress\/ -->\n<title>Los que saben: Testimonios de m\u00e9dicos tradicionales...<\/title>\n<meta name=\"description\" content=\"LOS QUE SABEN : TESTIMONIOS DE VIDA DE M\u00c9DICOS TRADICIONALES DE LA REGI\u00d3N DE TEHUAC\u00c1N. \/ Antonella Fagetti (compilator). Puebla, M\u00e9xico : BUAP, 2003.\" \/>\n<meta name=\"robots\" content=\"index, follow, max-snippet:-1, max-image-preview:large, max-video-preview:-1\" \/>\n<link rel=\"canonical\" href=\"https:\/\/booksfrommexico.com\/es\/producto\/los-que-saben-testimonios-de-vida-de-medicos-tradicionales-de-la-region-de-tehuacan\/\" \/>\n<meta property=\"og:locale\" content=\"es_ES\" \/>\n<meta property=\"og:type\" content=\"article\" \/>\n<meta property=\"og:title\" content=\"Los que saben: Testimonios de m\u00e9dicos tradicionales...\" \/>\n<meta property=\"og:description\" content=\"LOS QUE SABEN : TESTIMONIOS DE VIDA DE M\u00c9DICOS TRADICIONALES DE LA REGI\u00d3N DE TEHUAC\u00c1N. \/ Antonella Fagetti (compilator). Puebla, M\u00e9xico : BUAP, 2003.\" \/>\n<meta property=\"og:url\" content=\"https:\/\/booksfrommexico.com\/es\/producto\/los-que-saben-testimonios-de-vida-de-medicos-tradicionales-de-la-region-de-tehuacan\/\" \/>\n<meta property=\"og:site_name\" content=\"Books From Mexico\" \/>\n<meta property=\"article:modified_time\" content=\"2025-03-01T00:06:41+00:00\" \/>\n<meta property=\"og:image\" content=\"http:\/\/booksfrommexico.com\/app\/uploads\/2023\/05\/124320.jpeg\" \/>\n\t<meta property=\"og:image:width\" content=\"371\" \/>\n\t<meta property=\"og:image:height\" content=\"597\" \/>\n\t<meta property=\"og:image:type\" content=\"image\/jpeg\" \/>\n<meta name=\"twitter:card\" content=\"summary_large_image\" \/>\n<meta name=\"twitter:label1\" content=\"Tiempo de lectura\" \/>\n\t<meta name=\"twitter:data1\" content=\"1 minuto\" \/>\n<script type=\"application\/ld+json\" class=\"yoast-schema-graph\">{\"@context\":\"https:\\\/\\\/schema.org\",\"@graph\":[{\"@type\":\"WebPage\",\"@id\":\"https:\\\/\\\/booksfrommexico.com\\\/es\\\/producto\\\/los-que-saben-testimonios-de-vida-de-medicos-tradicionales-de-la-region-de-tehuacan\\\/\",\"url\":\"https:\\\/\\\/booksfrommexico.com\\\/es\\\/producto\\\/los-que-saben-testimonios-de-vida-de-medicos-tradicionales-de-la-region-de-tehuacan\\\/\",\"name\":\"Los que saben: Testimonios de m\u00e9dicos tradicionales...\",\"isPartOf\":{\"@id\":\"https:\\\/\\\/booksfrommexico.com\\\/#website\"},\"primaryImageOfPage\":{\"@id\":\"https:\\\/\\\/booksfrommexico.com\\\/es\\\/producto\\\/los-que-saben-testimonios-de-vida-de-medicos-tradicionales-de-la-region-de-tehuacan\\\/#primaryimage\"},\"image\":{\"@id\":\"https:\\\/\\\/booksfrommexico.com\\\/es\\\/producto\\\/los-que-saben-testimonios-de-vida-de-medicos-tradicionales-de-la-region-de-tehuacan\\\/#primaryimage\"},\"thumbnailUrl\":\"https:\\\/\\\/booksfrommexico.com\\\/app\\\/uploads\\\/2023\\\/05\\\/124320.jpeg\",\"datePublished\":\"2023-05-08T17:00:26+00:00\",\"dateModified\":\"2025-03-01T00:06:41+00:00\",\"description\":\"LOS QUE SABEN : TESTIMONIOS DE VIDA DE M\u00c9DICOS TRADICIONALES DE LA REGI\u00d3N DE TEHUAC\u00c1N. \\\/ Antonella Fagetti (compilator). Puebla, M\u00e9xico : BUAP, 2003.\",\"breadcrumb\":{\"@id\":\"https:\\\/\\\/booksfrommexico.com\\\/es\\\/producto\\\/los-que-saben-testimonios-de-vida-de-medicos-tradicionales-de-la-region-de-tehuacan\\\/#breadcrumb\"},\"inLanguage\":\"es\",\"potentialAction\":[{\"@type\":\"ReadAction\",\"target\":[\"https:\\\/\\\/booksfrommexico.com\\\/es\\\/producto\\\/los-que-saben-testimonios-de-vida-de-medicos-tradicionales-de-la-region-de-tehuacan\\\/\"]}]},{\"@type\":\"ImageObject\",\"inLanguage\":\"es\",\"@id\":\"https:\\\/\\\/booksfrommexico.com\\\/es\\\/producto\\\/los-que-saben-testimonios-de-vida-de-medicos-tradicionales-de-la-region-de-tehuacan\\\/#primaryimage\",\"url\":\"https:\\\/\\\/booksfrommexico.com\\\/app\\\/uploads\\\/2023\\\/05\\\/124320.jpeg\",\"contentUrl\":\"https:\\\/\\\/booksfrommexico.com\\\/app\\\/uploads\\\/2023\\\/05\\\/124320.jpeg\",\"width\":371,\"height\":597},{\"@type\":\"BreadcrumbList\",\"@id\":\"https:\\\/\\\/booksfrommexico.com\\\/es\\\/producto\\\/los-que-saben-testimonios-de-vida-de-medicos-tradicionales-de-la-region-de-tehuacan\\\/#breadcrumb\",\"itemListElement\":[{\"@type\":\"ListItem\",\"position\":1,\"name\":\"Home\",\"item\":\"https:\\\/\\\/booksfrommexico.com\\\/es\\\/\"},{\"@type\":\"ListItem\",\"position\":2,\"name\":\"Libros\",\"item\":\"https:\\\/\\\/booksfrommexico.com\\\/es\\\/libros\\\/\"},{\"@type\":\"ListItem\",\"position\":3,\"name\":\"Los que saben: Testimonios de m\u00e9dicos tradicionales de la regi\u00f3n de Tehuac\u00e1n\"}]},{\"@type\":\"WebSite\",\"@id\":\"https:\\\/\\\/booksfrommexico.com\\\/#website\",\"url\":\"https:\\\/\\\/booksfrommexico.com\\\/\",\"name\":\"Books From Mexico\",\"description\":\"\",\"publisher\":{\"@id\":\"https:\\\/\\\/booksfrommexico.com\\\/#organization\"},\"potentialAction\":[{\"@type\":\"SearchAction\",\"target\":{\"@type\":\"EntryPoint\",\"urlTemplate\":\"https:\\\/\\\/booksfrommexico.com\\\/?s={search_term_string}\"},\"query-input\":{\"@type\":\"PropertyValueSpecification\",\"valueRequired\":true,\"valueName\":\"search_term_string\"}}],\"inLanguage\":\"es\"},{\"@type\":\"Organization\",\"@id\":\"https:\\\/\\\/booksfrommexico.com\\\/#organization\",\"name\":\"Books From Mexico\",\"url\":\"https:\\\/\\\/booksfrommexico.com\\\/\",\"logo\":{\"@type\":\"ImageObject\",\"inLanguage\":\"es\",\"@id\":\"https:\\\/\\\/booksfrommexico.com\\\/#\\\/schema\\\/logo\\\/image\\\/\",\"url\":\"https:\\\/\\\/booksfrommexico.com\\\/app\\\/uploads\\\/2023\\\/05\\\/logo-booksfrommexico.svg\",\"contentUrl\":\"https:\\\/\\\/booksfrommexico.com\\\/app\\\/uploads\\\/2023\\\/05\\\/logo-booksfrommexico.svg\",\"width\":86,\"height\":56,\"caption\":\"Books From Mexico\"},\"image\":{\"@id\":\"https:\\\/\\\/booksfrommexico.com\\\/#\\\/schema\\\/logo\\\/image\\\/\"}}]}<\/script>\n<!-- \/ Yoast SEO plugin. -->","yoast_head_json":{"title":"Los que saben: Testimonios de m\u00e9dicos tradicionales...","description":"LOS QUE SABEN : TESTIMONIOS DE VIDA DE M\u00c9DICOS TRADICIONALES DE LA REGI\u00d3N DE TEHUAC\u00c1N. \/ Antonella Fagetti (compilator). Puebla, M\u00e9xico : BUAP, 2003.","robots":{"index":"index","follow":"follow","max-snippet":"max-snippet:-1","max-image-preview":"max-image-preview:large","max-video-preview":"max-video-preview:-1"},"canonical":"https:\/\/booksfrommexico.com\/es\/producto\/los-que-saben-testimonios-de-vida-de-medicos-tradicionales-de-la-region-de-tehuacan\/","og_locale":"es_ES","og_type":"article","og_title":"Los que saben: Testimonios de m\u00e9dicos tradicionales...","og_description":"LOS QUE SABEN : TESTIMONIOS DE VIDA DE M\u00c9DICOS TRADICIONALES DE LA REGI\u00d3N DE TEHUAC\u00c1N. \/ Antonella Fagetti (compilator). Puebla, M\u00e9xico : BUAP, 2003.","og_url":"https:\/\/booksfrommexico.com\/es\/producto\/los-que-saben-testimonios-de-vida-de-medicos-tradicionales-de-la-region-de-tehuacan\/","og_site_name":"Books From Mexico","article_modified_time":"2025-03-01T00:06:41+00:00","og_image":[{"width":371,"height":597,"url":"http:\/\/booksfrommexico.com\/app\/uploads\/2023\/05\/124320.jpeg","type":"image\/jpeg"}],"twitter_card":"summary_large_image","twitter_misc":{"Tiempo de lectura":"1 minuto"},"schema":{"@context":"https:\/\/schema.org","@graph":[{"@type":"WebPage","@id":"https:\/\/booksfrommexico.com\/es\/producto\/los-que-saben-testimonios-de-vida-de-medicos-tradicionales-de-la-region-de-tehuacan\/","url":"https:\/\/booksfrommexico.com\/es\/producto\/los-que-saben-testimonios-de-vida-de-medicos-tradicionales-de-la-region-de-tehuacan\/","name":"Los que saben: Testimonios de m\u00e9dicos tradicionales...","isPartOf":{"@id":"https:\/\/booksfrommexico.com\/#website"},"primaryImageOfPage":{"@id":"https:\/\/booksfrommexico.com\/es\/producto\/los-que-saben-testimonios-de-vida-de-medicos-tradicionales-de-la-region-de-tehuacan\/#primaryimage"},"image":{"@id":"https:\/\/booksfrommexico.com\/es\/producto\/los-que-saben-testimonios-de-vida-de-medicos-tradicionales-de-la-region-de-tehuacan\/#primaryimage"},"thumbnailUrl":"https:\/\/booksfrommexico.com\/app\/uploads\/2023\/05\/124320.jpeg","datePublished":"2023-05-08T17:00:26+00:00","dateModified":"2025-03-01T00:06:41+00:00","description":"LOS QUE SABEN : TESTIMONIOS DE VIDA DE M\u00c9DICOS TRADICIONALES DE LA REGI\u00d3N DE TEHUAC\u00c1N. \/ Antonella Fagetti (compilator). Puebla, M\u00e9xico : BUAP, 2003.","breadcrumb":{"@id":"https:\/\/booksfrommexico.com\/es\/producto\/los-que-saben-testimonios-de-vida-de-medicos-tradicionales-de-la-region-de-tehuacan\/#breadcrumb"},"inLanguage":"es","potentialAction":[{"@type":"ReadAction","target":["https:\/\/booksfrommexico.com\/es\/producto\/los-que-saben-testimonios-de-vida-de-medicos-tradicionales-de-la-region-de-tehuacan\/"]}]},{"@type":"ImageObject","inLanguage":"es","@id":"https:\/\/booksfrommexico.com\/es\/producto\/los-que-saben-testimonios-de-vida-de-medicos-tradicionales-de-la-region-de-tehuacan\/#primaryimage","url":"https:\/\/booksfrommexico.com\/app\/uploads\/2023\/05\/124320.jpeg","contentUrl":"https:\/\/booksfrommexico.com\/app\/uploads\/2023\/05\/124320.jpeg","width":371,"height":597},{"@type":"BreadcrumbList","@id":"https:\/\/booksfrommexico.com\/es\/producto\/los-que-saben-testimonios-de-vida-de-medicos-tradicionales-de-la-region-de-tehuacan\/#breadcrumb","itemListElement":[{"@type":"ListItem","position":1,"name":"Home","item":"https:\/\/booksfrommexico.com\/es\/"},{"@type":"ListItem","position":2,"name":"Libros","item":"https:\/\/booksfrommexico.com\/es\/libros\/"},{"@type":"ListItem","position":3,"name":"Los que saben: Testimonios de m\u00e9dicos tradicionales de la regi\u00f3n de Tehuac\u00e1n"}]},{"@type":"WebSite","@id":"https:\/\/booksfrommexico.com\/#website","url":"https:\/\/booksfrommexico.com\/","name":"Books From Mexico","description":"","publisher":{"@id":"https:\/\/booksfrommexico.com\/#organization"},"potentialAction":[{"@type":"SearchAction","target":{"@type":"EntryPoint","urlTemplate":"https:\/\/booksfrommexico.com\/?s={search_term_string}"},"query-input":{"@type":"PropertyValueSpecification","valueRequired":true,"valueName":"search_term_string"}}],"inLanguage":"es"},{"@type":"Organization","@id":"https:\/\/booksfrommexico.com\/#organization","name":"Books From Mexico","url":"https:\/\/booksfrommexico.com\/","logo":{"@type":"ImageObject","inLanguage":"es","@id":"https:\/\/booksfrommexico.com\/#\/schema\/logo\/image\/","url":"https:\/\/booksfrommexico.com\/app\/uploads\/2023\/05\/logo-booksfrommexico.svg","contentUrl":"https:\/\/booksfrommexico.com\/app\/uploads\/2023\/05\/logo-booksfrommexico.svg","width":86,"height":56,"caption":"Books From Mexico"},"image":{"@id":"https:\/\/booksfrommexico.com\/#\/schema\/logo\/image\/"}}]}},"_links":{"self":[{"href":"https:\/\/booksfrommexico.com\/es\/wp-json\/wp\/v2\/product\/294","targetHints":{"allow":["GET"]}}],"collection":[{"href":"https:\/\/booksfrommexico.com\/es\/wp-json\/wp\/v2\/product"}],"about":[{"href":"https:\/\/booksfrommexico.com\/es\/wp-json\/wp\/v2\/types\/product"}],"wp:featuredmedia":[{"embeddable":true,"href":"https:\/\/booksfrommexico.com\/es\/wp-json\/wp\/v2\/media\/293"}],"wp:attachment":[{"href":"https:\/\/booksfrommexico.com\/es\/wp-json\/wp\/v2\/media?parent=294"}],"wp:term":[{"taxonomy":"product_brand","embeddable":true,"href":"https:\/\/booksfrommexico.com\/es\/wp-json\/wp\/v2\/product_brand?post=294"},{"taxonomy":"product_cat","embeddable":true,"href":"https:\/\/booksfrommexico.com\/es\/wp-json\/wp\/v2\/product_cat?post=294"},{"taxonomy":"product_tag","embeddable":true,"href":"https:\/\/booksfrommexico.com\/es\/wp-json\/wp\/v2\/product_tag?post=294"}],"curies":[{"name":"wp","href":"https:\/\/api.w.org\/{rel}","templated":true}]}}