{"id":296,"date":"2023-05-08T17:00:27","date_gmt":"2023-05-08T17:00:27","guid":{"rendered":"http:\/\/booksfrommexico.com\/product\/escrituras-en-contraste-ii-femenino-masculino-en-las-literaturas-de-america\/"},"modified":"2024-10-02T23:28:29","modified_gmt":"2024-10-02T23:28:29","slug":"escrituras-en-contraste-ii-femenino-masculino-en-las-literaturas-de-america","status":"publish","type":"product","link":"https:\/\/booksfrommexico.com\/es\/producto\/escrituras-en-contraste-ii-femenino-masculino-en-las-literaturas-de-america\/","title":{"rendered":"Femenino\/Masculino en las literaturas de Am\u00e9rica: Escrituras en contraste"},"content":{"rendered":"<p><span style=\"font-weight: 400;\">La contraposici\u00f3n de los \u00e1mbitos surcados por las mujeres y los hombres en el campo de la cultura ha dado origen en la segunda mitad del siglo XX a una gran proliferaci\u00f3n cr\u00edtica y creativa. Es en ese contexto que aqu\u00ed se han explorado las semejanzas y diferencias que develan las condiciones de vida y de producci\u00f3n cultural en la esfera literaria de autores como Sylvia Iparraguirre, Adolfo Bioy Casares, Mar\u00eda Luisa Bombal, Pablo Neruda, Mar\u00eda Virginia Estenssoro, Laura Restrepo, entre otros. En \u00e9se mismo sentido, se pasa por alto a EUA con su literatura chicana y a Brasil, ya que se han tratado con anterioridad, enfoc\u00e1ndose en Am\u00e9rica del Sur, Centroam\u00e9rica, el Caribe y la literatura francocanadiense.<\/span><\/p>\n","protected":false},"excerpt":{"rendered":"<p>FEMENINO \/ MASCULINO EN LAS LITERATURAS DE AM\u00c9RICA : ESCRITURAS EN CONTRASTE<span style=\"font-weight: 400;\">. \/ Graciela Mart\u00ednez-Zalce, Luzelena Guti\u00e9rrez de Velasco, Ana Rosa Domenella (editors). M\u00e9xico, D.F. : Universidad Aut\u00f3noma Metropolitana , Unidad Iztapalapa , Divisi\u00f3n de Ciencias Sociales y Humanidades ; Editorial Aldus, 2005. 525 pages : includes notes, references, bibliography at the end of each chapter : 21 cm. (Colecci\u00f3n Las Horas Situadas). ISBN : 9707140909.\u00a0<\/span><\/p>\n<p>&nbsp;<\/p>\n","protected":false},"featured_media":295,"template":"","meta":{"_acf_changed":false,"inline_featured_image":false},"product_brand":[],"product_cat":[4393,52,25],"product_tag":[3620,3707,3869,3944,4525,3649],"class_list":{"0":"post-296","1":"product","2":"type-product","3":"status-publish","4":"has-post-thumbnail","6":"product_cat-analisis-literario","7":"product_cat-critica-literaria","8":"product_cat-literatura","9":"product_tag-america-latina","10":"product_tag-critica-e-interpretacion","11":"product_tag-critica-y-estudios","12":"product_tag-feminismo-en-la-literatura","13":"product_tag-literatura-latinoamericana","14":"product_tag-siglo-xx","16":"first","17":"instock","18":"sale","19":"taxable","20":"shipping-taxable","21":"purchasable","22":"product-type-simple"},"acf":[],"yoast_head":"<!-- This site is optimized with the Yoast SEO plugin v27.3 - https:\/\/yoast.com\/product\/yoast-seo-wordpress\/ -->\n<title>Femenino\/Masculino en las literaturas de Am\u00e9rica: Escrituras en...<\/title>\n<meta name=\"description\" content=\"FEMENINO \/ MASCULINO EN LAS LITERATURAS DE AM\u00c9RICA : ESCRITURAS EN CONTRASTE. \/ Mart\u00ednez-Zalce, Guti\u00e9rrez de Velasco, Domenella (editors). UAM, 2005.\" \/>\n<meta name=\"robots\" content=\"index, follow, max-snippet:-1, max-image-preview:large, max-video-preview:-1\" \/>\n<link rel=\"canonical\" href=\"https:\/\/booksfrommexico.com\/es\/producto\/escrituras-en-contraste-ii-femenino-masculino-en-las-literaturas-de-america\/\" \/>\n<meta property=\"og:locale\" content=\"es_ES\" \/>\n<meta property=\"og:type\" content=\"article\" \/>\n<meta property=\"og:title\" content=\"Femenino\/Masculino en las literaturas de Am\u00e9rica: Escrituras en...\" \/>\n<meta property=\"og:description\" content=\"FEMENINO \/ MASCULINO EN LAS LITERATURAS DE AM\u00c9RICA : ESCRITURAS EN CONTRASTE. \/ Mart\u00ednez-Zalce, Guti\u00e9rrez de Velasco, Domenella (editors). UAM, 2005.\" \/>\n<meta property=\"og:url\" content=\"https:\/\/booksfrommexico.com\/es\/producto\/escrituras-en-contraste-ii-femenino-masculino-en-las-literaturas-de-america\/\" \/>\n<meta property=\"og:site_name\" content=\"Books From Mexico\" \/>\n<meta property=\"article:modified_time\" content=\"2024-10-02T23:28:29+00:00\" \/>\n<meta property=\"og:image\" content=\"http:\/\/booksfrommexico.com\/app\/uploads\/2023\/05\/124513.jpeg\" \/>\n\t<meta property=\"og:image:width\" content=\"387\" \/>\n\t<meta property=\"og:image:height\" content=\"579\" \/>\n\t<meta property=\"og:image:type\" content=\"image\/jpeg\" \/>\n<meta name=\"twitter:card\" content=\"summary_large_image\" \/>\n<meta name=\"twitter:label1\" content=\"Tiempo de lectura\" \/>\n\t<meta name=\"twitter:data1\" content=\"1 minuto\" \/>\n<script type=\"application\/ld+json\" class=\"yoast-schema-graph\">{\"@context\":\"https:\\\/\\\/schema.org\",\"@graph\":[{\"@type\":\"WebPage\",\"@id\":\"https:\\\/\\\/booksfrommexico.com\\\/es\\\/producto\\\/escrituras-en-contraste-ii-femenino-masculino-en-las-literaturas-de-america\\\/\",\"url\":\"https:\\\/\\\/booksfrommexico.com\\\/es\\\/producto\\\/escrituras-en-contraste-ii-femenino-masculino-en-las-literaturas-de-america\\\/\",\"name\":\"Femenino\\\/Masculino en las literaturas de Am\u00e9rica: Escrituras en...\",\"isPartOf\":{\"@id\":\"https:\\\/\\\/booksfrommexico.com\\\/#website\"},\"primaryImageOfPage\":{\"@id\":\"https:\\\/\\\/booksfrommexico.com\\\/es\\\/producto\\\/escrituras-en-contraste-ii-femenino-masculino-en-las-literaturas-de-america\\\/#primaryimage\"},\"image\":{\"@id\":\"https:\\\/\\\/booksfrommexico.com\\\/es\\\/producto\\\/escrituras-en-contraste-ii-femenino-masculino-en-las-literaturas-de-america\\\/#primaryimage\"},\"thumbnailUrl\":\"https:\\\/\\\/booksfrommexico.com\\\/app\\\/uploads\\\/2023\\\/05\\\/124513.jpeg\",\"datePublished\":\"2023-05-08T17:00:27+00:00\",\"dateModified\":\"2024-10-02T23:28:29+00:00\",\"description\":\"FEMENINO \\\/ MASCULINO EN LAS LITERATURAS DE AM\u00c9RICA : ESCRITURAS EN CONTRASTE. \\\/ Mart\u00ednez-Zalce, Guti\u00e9rrez de Velasco, Domenella (editors). UAM, 2005.\",\"breadcrumb\":{\"@id\":\"https:\\\/\\\/booksfrommexico.com\\\/es\\\/producto\\\/escrituras-en-contraste-ii-femenino-masculino-en-las-literaturas-de-america\\\/#breadcrumb\"},\"inLanguage\":\"es\",\"potentialAction\":[{\"@type\":\"ReadAction\",\"target\":[\"https:\\\/\\\/booksfrommexico.com\\\/es\\\/producto\\\/escrituras-en-contraste-ii-femenino-masculino-en-las-literaturas-de-america\\\/\"]}]},{\"@type\":\"ImageObject\",\"inLanguage\":\"es\",\"@id\":\"https:\\\/\\\/booksfrommexico.com\\\/es\\\/producto\\\/escrituras-en-contraste-ii-femenino-masculino-en-las-literaturas-de-america\\\/#primaryimage\",\"url\":\"https:\\\/\\\/booksfrommexico.com\\\/app\\\/uploads\\\/2023\\\/05\\\/124513.jpeg\",\"contentUrl\":\"https:\\\/\\\/booksfrommexico.com\\\/app\\\/uploads\\\/2023\\\/05\\\/124513.jpeg\",\"width\":387,\"height\":579},{\"@type\":\"BreadcrumbList\",\"@id\":\"https:\\\/\\\/booksfrommexico.com\\\/es\\\/producto\\\/escrituras-en-contraste-ii-femenino-masculino-en-las-literaturas-de-america\\\/#breadcrumb\",\"itemListElement\":[{\"@type\":\"ListItem\",\"position\":1,\"name\":\"Home\",\"item\":\"https:\\\/\\\/booksfrommexico.com\\\/es\\\/\"},{\"@type\":\"ListItem\",\"position\":2,\"name\":\"Libros\",\"item\":\"https:\\\/\\\/booksfrommexico.com\\\/es\\\/libros\\\/\"},{\"@type\":\"ListItem\",\"position\":3,\"name\":\"Femenino\\\/Masculino en las literaturas de Am\u00e9rica: Escrituras en contraste\"}]},{\"@type\":\"WebSite\",\"@id\":\"https:\\\/\\\/booksfrommexico.com\\\/#website\",\"url\":\"https:\\\/\\\/booksfrommexico.com\\\/\",\"name\":\"Books From Mexico\",\"description\":\"\",\"publisher\":{\"@id\":\"https:\\\/\\\/booksfrommexico.com\\\/#organization\"},\"potentialAction\":[{\"@type\":\"SearchAction\",\"target\":{\"@type\":\"EntryPoint\",\"urlTemplate\":\"https:\\\/\\\/booksfrommexico.com\\\/?s={search_term_string}\"},\"query-input\":{\"@type\":\"PropertyValueSpecification\",\"valueRequired\":true,\"valueName\":\"search_term_string\"}}],\"inLanguage\":\"es\"},{\"@type\":\"Organization\",\"@id\":\"https:\\\/\\\/booksfrommexico.com\\\/#organization\",\"name\":\"Books From Mexico\",\"url\":\"https:\\\/\\\/booksfrommexico.com\\\/\",\"logo\":{\"@type\":\"ImageObject\",\"inLanguage\":\"es\",\"@id\":\"https:\\\/\\\/booksfrommexico.com\\\/#\\\/schema\\\/logo\\\/image\\\/\",\"url\":\"https:\\\/\\\/booksfrommexico.com\\\/app\\\/uploads\\\/2023\\\/05\\\/logo-booksfrommexico.svg\",\"contentUrl\":\"https:\\\/\\\/booksfrommexico.com\\\/app\\\/uploads\\\/2023\\\/05\\\/logo-booksfrommexico.svg\",\"width\":86,\"height\":56,\"caption\":\"Books From Mexico\"},\"image\":{\"@id\":\"https:\\\/\\\/booksfrommexico.com\\\/#\\\/schema\\\/logo\\\/image\\\/\"}}]}<\/script>\n<!-- \/ Yoast SEO plugin. -->","yoast_head_json":{"title":"Femenino\/Masculino en las literaturas de Am\u00e9rica: Escrituras en...","description":"FEMENINO \/ MASCULINO EN LAS LITERATURAS DE AM\u00c9RICA : ESCRITURAS EN CONTRASTE. \/ Mart\u00ednez-Zalce, Guti\u00e9rrez de Velasco, Domenella (editors). UAM, 2005.","robots":{"index":"index","follow":"follow","max-snippet":"max-snippet:-1","max-image-preview":"max-image-preview:large","max-video-preview":"max-video-preview:-1"},"canonical":"https:\/\/booksfrommexico.com\/es\/producto\/escrituras-en-contraste-ii-femenino-masculino-en-las-literaturas-de-america\/","og_locale":"es_ES","og_type":"article","og_title":"Femenino\/Masculino en las literaturas de Am\u00e9rica: Escrituras en...","og_description":"FEMENINO \/ MASCULINO EN LAS LITERATURAS DE AM\u00c9RICA : ESCRITURAS EN CONTRASTE. \/ Mart\u00ednez-Zalce, Guti\u00e9rrez de Velasco, Domenella (editors). UAM, 2005.","og_url":"https:\/\/booksfrommexico.com\/es\/producto\/escrituras-en-contraste-ii-femenino-masculino-en-las-literaturas-de-america\/","og_site_name":"Books From Mexico","article_modified_time":"2024-10-02T23:28:29+00:00","og_image":[{"width":387,"height":579,"url":"http:\/\/booksfrommexico.com\/app\/uploads\/2023\/05\/124513.jpeg","type":"image\/jpeg"}],"twitter_card":"summary_large_image","twitter_misc":{"Tiempo de lectura":"1 minuto"},"schema":{"@context":"https:\/\/schema.org","@graph":[{"@type":"WebPage","@id":"https:\/\/booksfrommexico.com\/es\/producto\/escrituras-en-contraste-ii-femenino-masculino-en-las-literaturas-de-america\/","url":"https:\/\/booksfrommexico.com\/es\/producto\/escrituras-en-contraste-ii-femenino-masculino-en-las-literaturas-de-america\/","name":"Femenino\/Masculino en las literaturas de Am\u00e9rica: Escrituras en...","isPartOf":{"@id":"https:\/\/booksfrommexico.com\/#website"},"primaryImageOfPage":{"@id":"https:\/\/booksfrommexico.com\/es\/producto\/escrituras-en-contraste-ii-femenino-masculino-en-las-literaturas-de-america\/#primaryimage"},"image":{"@id":"https:\/\/booksfrommexico.com\/es\/producto\/escrituras-en-contraste-ii-femenino-masculino-en-las-literaturas-de-america\/#primaryimage"},"thumbnailUrl":"https:\/\/booksfrommexico.com\/app\/uploads\/2023\/05\/124513.jpeg","datePublished":"2023-05-08T17:00:27+00:00","dateModified":"2024-10-02T23:28:29+00:00","description":"FEMENINO \/ MASCULINO EN LAS LITERATURAS DE AM\u00c9RICA : ESCRITURAS EN CONTRASTE. \/ Mart\u00ednez-Zalce, Guti\u00e9rrez de Velasco, Domenella (editors). UAM, 2005.","breadcrumb":{"@id":"https:\/\/booksfrommexico.com\/es\/producto\/escrituras-en-contraste-ii-femenino-masculino-en-las-literaturas-de-america\/#breadcrumb"},"inLanguage":"es","potentialAction":[{"@type":"ReadAction","target":["https:\/\/booksfrommexico.com\/es\/producto\/escrituras-en-contraste-ii-femenino-masculino-en-las-literaturas-de-america\/"]}]},{"@type":"ImageObject","inLanguage":"es","@id":"https:\/\/booksfrommexico.com\/es\/producto\/escrituras-en-contraste-ii-femenino-masculino-en-las-literaturas-de-america\/#primaryimage","url":"https:\/\/booksfrommexico.com\/app\/uploads\/2023\/05\/124513.jpeg","contentUrl":"https:\/\/booksfrommexico.com\/app\/uploads\/2023\/05\/124513.jpeg","width":387,"height":579},{"@type":"BreadcrumbList","@id":"https:\/\/booksfrommexico.com\/es\/producto\/escrituras-en-contraste-ii-femenino-masculino-en-las-literaturas-de-america\/#breadcrumb","itemListElement":[{"@type":"ListItem","position":1,"name":"Home","item":"https:\/\/booksfrommexico.com\/es\/"},{"@type":"ListItem","position":2,"name":"Libros","item":"https:\/\/booksfrommexico.com\/es\/libros\/"},{"@type":"ListItem","position":3,"name":"Femenino\/Masculino en las literaturas de Am\u00e9rica: Escrituras en contraste"}]},{"@type":"WebSite","@id":"https:\/\/booksfrommexico.com\/#website","url":"https:\/\/booksfrommexico.com\/","name":"Books From Mexico","description":"","publisher":{"@id":"https:\/\/booksfrommexico.com\/#organization"},"potentialAction":[{"@type":"SearchAction","target":{"@type":"EntryPoint","urlTemplate":"https:\/\/booksfrommexico.com\/?s={search_term_string}"},"query-input":{"@type":"PropertyValueSpecification","valueRequired":true,"valueName":"search_term_string"}}],"inLanguage":"es"},{"@type":"Organization","@id":"https:\/\/booksfrommexico.com\/#organization","name":"Books From Mexico","url":"https:\/\/booksfrommexico.com\/","logo":{"@type":"ImageObject","inLanguage":"es","@id":"https:\/\/booksfrommexico.com\/#\/schema\/logo\/image\/","url":"https:\/\/booksfrommexico.com\/app\/uploads\/2023\/05\/logo-booksfrommexico.svg","contentUrl":"https:\/\/booksfrommexico.com\/app\/uploads\/2023\/05\/logo-booksfrommexico.svg","width":86,"height":56,"caption":"Books From Mexico"},"image":{"@id":"https:\/\/booksfrommexico.com\/#\/schema\/logo\/image\/"}}]}},"_links":{"self":[{"href":"https:\/\/booksfrommexico.com\/es\/wp-json\/wp\/v2\/product\/296","targetHints":{"allow":["GET"]}}],"collection":[{"href":"https:\/\/booksfrommexico.com\/es\/wp-json\/wp\/v2\/product"}],"about":[{"href":"https:\/\/booksfrommexico.com\/es\/wp-json\/wp\/v2\/types\/product"}],"wp:featuredmedia":[{"embeddable":true,"href":"https:\/\/booksfrommexico.com\/es\/wp-json\/wp\/v2\/media\/295"}],"wp:attachment":[{"href":"https:\/\/booksfrommexico.com\/es\/wp-json\/wp\/v2\/media?parent=296"}],"wp:term":[{"taxonomy":"product_brand","embeddable":true,"href":"https:\/\/booksfrommexico.com\/es\/wp-json\/wp\/v2\/product_brand?post=296"},{"taxonomy":"product_cat","embeddable":true,"href":"https:\/\/booksfrommexico.com\/es\/wp-json\/wp\/v2\/product_cat?post=296"},{"taxonomy":"product_tag","embeddable":true,"href":"https:\/\/booksfrommexico.com\/es\/wp-json\/wp\/v2\/product_tag?post=296"}],"curies":[{"name":"wp","href":"https:\/\/api.w.org\/{rel}","templated":true}]}}