{"id":298,"date":"2023-05-08T17:00:28","date_gmt":"2023-05-08T17:00:28","guid":{"rendered":"http:\/\/booksfrommexico.com\/product\/el-brillo-del-diamante-historia-del-beisbol-mexicano\/"},"modified":"2024-10-05T17:51:33","modified_gmt":"2024-10-05T17:51:33","slug":"el-brillo-del-diamante-historia-del-beisbol-mexicano","status":"publish","type":"product","link":"https:\/\/booksfrommexico.com\/es\/producto\/el-brillo-del-diamante-historia-del-beisbol-mexicano\/","title":{"rendered":"El brillo del diamante: Historia del b\u00e9isbol mexicano"},"content":{"rendered":"<p><span style=\"font-weight: 400;\">El b\u00e9isbol lleg\u00f3 a Veracruz, M\u00e9xico en la sentina de un barco a finales del siglo XIX, viniendo de Cuba del brazo de los emigrantes y de algunos estadounidenses empleados de casas comerciales que estaban en auge. En a\u00f1os posteriores a su llegada el deporte no hizo m\u00e1s que crecer y popularizarse, especialmente al norte del pa\u00eds, tanto como deporte pr\u00e1ctico como espect\u00e1culo a ver, contando con figuras estelares que se convirtieron en leyendas del juego. En este t\u00edtulo se hace un recorrido de la historia del b\u00e9isbol en M\u00e9xico, su impacto cultural, la historia de grandes personalidades y el panorama que se vaticina para el futuro, adem\u00e1s de contar con una recopilaci\u00f3n de fotograf\u00edas.<\/span><\/p>\n","protected":false},"excerpt":{"rendered":"<p>EL BRILLO DEL DIAMANTE : HISTORIA DEL B\u00c9ISBOL MEXICANO<span style=\"font-weight: 400;\">. \/ Ram\u00f3n Hern\u00e1ndez, Jorge Hern\u00e1ndez. Xalapa, Veracruz, M\u00e9xico : Universidad Veracruzana ; Ficticia, 2004. 155 pages : includes photos, bibliography ; 17 cm. (Colecci\u00f3n Ediciones del Beisbolista). ISBN : 968538228X. <\/span><\/p>\n","protected":false},"featured_media":297,"template":"","meta":{"_acf_changed":false,"inline_featured_image":false},"product_brand":[],"product_cat":[354,353],"product_tag":[3946,3657,4398,3594],"class_list":{"0":"post-298","1":"product","2":"type-product","3":"status-publish","4":"has-post-thumbnail","6":"product_cat-beisbol-deportes","7":"product_cat-deportes","8":"product_tag-beisbol","9":"product_tag-historia","10":"product_tag-historia-mexico","11":"product_tag-mexico","13":"first","14":"outofstock","15":"sale","16":"taxable","17":"shipping-taxable","18":"purchasable","19":"product-type-simple"},"acf":[],"yoast_head":"<!-- This site is optimized with the Yoast SEO plugin v27.3 - https:\/\/yoast.com\/product\/yoast-seo-wordpress\/ -->\n<title>El brillo del diamante: Historia del b\u00e9isbol mexicano<\/title>\n<meta name=\"description\" content=\"EL BRILLO DEL DIAMANTE : HISTORIA DEL B\u00c9ISBOL MEXICANO. \/ Ram\u00f3n Hern\u00e1ndez, Jorge Hern\u00e1ndez. Xalapa, Veracruz, M\u00e9xico : Universidad Veracruzana ; Ficticia.\" \/>\n<meta name=\"robots\" content=\"index, follow, max-snippet:-1, max-image-preview:large, max-video-preview:-1\" \/>\n<link rel=\"canonical\" href=\"https:\/\/booksfrommexico.com\/es\/producto\/el-brillo-del-diamante-historia-del-beisbol-mexicano\/\" \/>\n<meta property=\"og:locale\" content=\"es_ES\" \/>\n<meta property=\"og:type\" content=\"article\" \/>\n<meta property=\"og:title\" content=\"El brillo del diamante: Historia del b\u00e9isbol mexicano\" \/>\n<meta property=\"og:description\" content=\"EL BRILLO DEL DIAMANTE : HISTORIA DEL B\u00c9ISBOL MEXICANO. \/ Ram\u00f3n Hern\u00e1ndez, Jorge Hern\u00e1ndez. Xalapa, Veracruz, M\u00e9xico : Universidad Veracruzana ; Ficticia.\" \/>\n<meta property=\"og:url\" content=\"https:\/\/booksfrommexico.com\/es\/producto\/el-brillo-del-diamante-historia-del-beisbol-mexicano\/\" \/>\n<meta property=\"og:site_name\" content=\"Books From Mexico\" \/>\n<meta property=\"article:modified_time\" content=\"2024-10-05T17:51:33+00:00\" \/>\n<meta property=\"og:image\" content=\"http:\/\/booksfrommexico.com\/app\/uploads\/2023\/05\/124756.jpeg\" \/>\n\t<meta property=\"og:image:width\" content=\"310\" \/>\n\t<meta property=\"og:image:height\" content=\"492\" \/>\n\t<meta property=\"og:image:type\" content=\"image\/jpeg\" \/>\n<meta name=\"twitter:card\" content=\"summary_large_image\" \/>\n<meta name=\"twitter:label1\" content=\"Tiempo de lectura\" \/>\n\t<meta name=\"twitter:data1\" content=\"1 minuto\" \/>\n<script type=\"application\/ld+json\" class=\"yoast-schema-graph\">{\"@context\":\"https:\\\/\\\/schema.org\",\"@graph\":[{\"@type\":\"WebPage\",\"@id\":\"https:\\\/\\\/booksfrommexico.com\\\/es\\\/producto\\\/el-brillo-del-diamante-historia-del-beisbol-mexicano\\\/\",\"url\":\"https:\\\/\\\/booksfrommexico.com\\\/es\\\/producto\\\/el-brillo-del-diamante-historia-del-beisbol-mexicano\\\/\",\"name\":\"El brillo del diamante: Historia del b\u00e9isbol mexicano\",\"isPartOf\":{\"@id\":\"https:\\\/\\\/booksfrommexico.com\\\/#website\"},\"primaryImageOfPage\":{\"@id\":\"https:\\\/\\\/booksfrommexico.com\\\/es\\\/producto\\\/el-brillo-del-diamante-historia-del-beisbol-mexicano\\\/#primaryimage\"},\"image\":{\"@id\":\"https:\\\/\\\/booksfrommexico.com\\\/es\\\/producto\\\/el-brillo-del-diamante-historia-del-beisbol-mexicano\\\/#primaryimage\"},\"thumbnailUrl\":\"https:\\\/\\\/booksfrommexico.com\\\/app\\\/uploads\\\/2023\\\/05\\\/124756.jpeg\",\"datePublished\":\"2023-05-08T17:00:28+00:00\",\"dateModified\":\"2024-10-05T17:51:33+00:00\",\"description\":\"EL BRILLO DEL DIAMANTE : HISTORIA DEL B\u00c9ISBOL MEXICANO. \\\/ Ram\u00f3n Hern\u00e1ndez, Jorge Hern\u00e1ndez. Xalapa, Veracruz, M\u00e9xico : Universidad Veracruzana ; Ficticia.\",\"breadcrumb\":{\"@id\":\"https:\\\/\\\/booksfrommexico.com\\\/es\\\/producto\\\/el-brillo-del-diamante-historia-del-beisbol-mexicano\\\/#breadcrumb\"},\"inLanguage\":\"es\",\"potentialAction\":[{\"@type\":\"ReadAction\",\"target\":[\"https:\\\/\\\/booksfrommexico.com\\\/es\\\/producto\\\/el-brillo-del-diamante-historia-del-beisbol-mexicano\\\/\"]}]},{\"@type\":\"ImageObject\",\"inLanguage\":\"es\",\"@id\":\"https:\\\/\\\/booksfrommexico.com\\\/es\\\/producto\\\/el-brillo-del-diamante-historia-del-beisbol-mexicano\\\/#primaryimage\",\"url\":\"https:\\\/\\\/booksfrommexico.com\\\/app\\\/uploads\\\/2023\\\/05\\\/124756.jpeg\",\"contentUrl\":\"https:\\\/\\\/booksfrommexico.com\\\/app\\\/uploads\\\/2023\\\/05\\\/124756.jpeg\",\"width\":310,\"height\":492},{\"@type\":\"BreadcrumbList\",\"@id\":\"https:\\\/\\\/booksfrommexico.com\\\/es\\\/producto\\\/el-brillo-del-diamante-historia-del-beisbol-mexicano\\\/#breadcrumb\",\"itemListElement\":[{\"@type\":\"ListItem\",\"position\":1,\"name\":\"Home\",\"item\":\"https:\\\/\\\/booksfrommexico.com\\\/es\\\/\"},{\"@type\":\"ListItem\",\"position\":2,\"name\":\"Libros\",\"item\":\"https:\\\/\\\/booksfrommexico.com\\\/es\\\/libros\\\/\"},{\"@type\":\"ListItem\",\"position\":3,\"name\":\"El brillo del diamante: Historia del b\u00e9isbol mexicano\"}]},{\"@type\":\"WebSite\",\"@id\":\"https:\\\/\\\/booksfrommexico.com\\\/#website\",\"url\":\"https:\\\/\\\/booksfrommexico.com\\\/\",\"name\":\"Books From Mexico\",\"description\":\"\",\"publisher\":{\"@id\":\"https:\\\/\\\/booksfrommexico.com\\\/#organization\"},\"potentialAction\":[{\"@type\":\"SearchAction\",\"target\":{\"@type\":\"EntryPoint\",\"urlTemplate\":\"https:\\\/\\\/booksfrommexico.com\\\/?s={search_term_string}\"},\"query-input\":{\"@type\":\"PropertyValueSpecification\",\"valueRequired\":true,\"valueName\":\"search_term_string\"}}],\"inLanguage\":\"es\"},{\"@type\":\"Organization\",\"@id\":\"https:\\\/\\\/booksfrommexico.com\\\/#organization\",\"name\":\"Books From Mexico\",\"url\":\"https:\\\/\\\/booksfrommexico.com\\\/\",\"logo\":{\"@type\":\"ImageObject\",\"inLanguage\":\"es\",\"@id\":\"https:\\\/\\\/booksfrommexico.com\\\/#\\\/schema\\\/logo\\\/image\\\/\",\"url\":\"https:\\\/\\\/booksfrommexico.com\\\/app\\\/uploads\\\/2023\\\/05\\\/logo-booksfrommexico.svg\",\"contentUrl\":\"https:\\\/\\\/booksfrommexico.com\\\/app\\\/uploads\\\/2023\\\/05\\\/logo-booksfrommexico.svg\",\"width\":86,\"height\":56,\"caption\":\"Books From Mexico\"},\"image\":{\"@id\":\"https:\\\/\\\/booksfrommexico.com\\\/#\\\/schema\\\/logo\\\/image\\\/\"}}]}<\/script>\n<!-- \/ Yoast SEO plugin. -->","yoast_head_json":{"title":"El brillo del diamante: Historia del b\u00e9isbol mexicano","description":"EL BRILLO DEL DIAMANTE : HISTORIA DEL B\u00c9ISBOL MEXICANO. \/ Ram\u00f3n Hern\u00e1ndez, Jorge Hern\u00e1ndez. Xalapa, Veracruz, M\u00e9xico : Universidad Veracruzana ; Ficticia.","robots":{"index":"index","follow":"follow","max-snippet":"max-snippet:-1","max-image-preview":"max-image-preview:large","max-video-preview":"max-video-preview:-1"},"canonical":"https:\/\/booksfrommexico.com\/es\/producto\/el-brillo-del-diamante-historia-del-beisbol-mexicano\/","og_locale":"es_ES","og_type":"article","og_title":"El brillo del diamante: Historia del b\u00e9isbol mexicano","og_description":"EL BRILLO DEL DIAMANTE : HISTORIA DEL B\u00c9ISBOL MEXICANO. \/ Ram\u00f3n Hern\u00e1ndez, Jorge Hern\u00e1ndez. Xalapa, Veracruz, M\u00e9xico : Universidad Veracruzana ; Ficticia.","og_url":"https:\/\/booksfrommexico.com\/es\/producto\/el-brillo-del-diamante-historia-del-beisbol-mexicano\/","og_site_name":"Books From Mexico","article_modified_time":"2024-10-05T17:51:33+00:00","og_image":[{"width":310,"height":492,"url":"http:\/\/booksfrommexico.com\/app\/uploads\/2023\/05\/124756.jpeg","type":"image\/jpeg"}],"twitter_card":"summary_large_image","twitter_misc":{"Tiempo de lectura":"1 minuto"},"schema":{"@context":"https:\/\/schema.org","@graph":[{"@type":"WebPage","@id":"https:\/\/booksfrommexico.com\/es\/producto\/el-brillo-del-diamante-historia-del-beisbol-mexicano\/","url":"https:\/\/booksfrommexico.com\/es\/producto\/el-brillo-del-diamante-historia-del-beisbol-mexicano\/","name":"El brillo del diamante: Historia del b\u00e9isbol mexicano","isPartOf":{"@id":"https:\/\/booksfrommexico.com\/#website"},"primaryImageOfPage":{"@id":"https:\/\/booksfrommexico.com\/es\/producto\/el-brillo-del-diamante-historia-del-beisbol-mexicano\/#primaryimage"},"image":{"@id":"https:\/\/booksfrommexico.com\/es\/producto\/el-brillo-del-diamante-historia-del-beisbol-mexicano\/#primaryimage"},"thumbnailUrl":"https:\/\/booksfrommexico.com\/app\/uploads\/2023\/05\/124756.jpeg","datePublished":"2023-05-08T17:00:28+00:00","dateModified":"2024-10-05T17:51:33+00:00","description":"EL BRILLO DEL DIAMANTE : HISTORIA DEL B\u00c9ISBOL MEXICANO. \/ Ram\u00f3n Hern\u00e1ndez, Jorge Hern\u00e1ndez. Xalapa, Veracruz, M\u00e9xico : Universidad Veracruzana ; Ficticia.","breadcrumb":{"@id":"https:\/\/booksfrommexico.com\/es\/producto\/el-brillo-del-diamante-historia-del-beisbol-mexicano\/#breadcrumb"},"inLanguage":"es","potentialAction":[{"@type":"ReadAction","target":["https:\/\/booksfrommexico.com\/es\/producto\/el-brillo-del-diamante-historia-del-beisbol-mexicano\/"]}]},{"@type":"ImageObject","inLanguage":"es","@id":"https:\/\/booksfrommexico.com\/es\/producto\/el-brillo-del-diamante-historia-del-beisbol-mexicano\/#primaryimage","url":"https:\/\/booksfrommexico.com\/app\/uploads\/2023\/05\/124756.jpeg","contentUrl":"https:\/\/booksfrommexico.com\/app\/uploads\/2023\/05\/124756.jpeg","width":310,"height":492},{"@type":"BreadcrumbList","@id":"https:\/\/booksfrommexico.com\/es\/producto\/el-brillo-del-diamante-historia-del-beisbol-mexicano\/#breadcrumb","itemListElement":[{"@type":"ListItem","position":1,"name":"Home","item":"https:\/\/booksfrommexico.com\/es\/"},{"@type":"ListItem","position":2,"name":"Libros","item":"https:\/\/booksfrommexico.com\/es\/libros\/"},{"@type":"ListItem","position":3,"name":"El brillo del diamante: Historia del b\u00e9isbol mexicano"}]},{"@type":"WebSite","@id":"https:\/\/booksfrommexico.com\/#website","url":"https:\/\/booksfrommexico.com\/","name":"Books From Mexico","description":"","publisher":{"@id":"https:\/\/booksfrommexico.com\/#organization"},"potentialAction":[{"@type":"SearchAction","target":{"@type":"EntryPoint","urlTemplate":"https:\/\/booksfrommexico.com\/?s={search_term_string}"},"query-input":{"@type":"PropertyValueSpecification","valueRequired":true,"valueName":"search_term_string"}}],"inLanguage":"es"},{"@type":"Organization","@id":"https:\/\/booksfrommexico.com\/#organization","name":"Books From Mexico","url":"https:\/\/booksfrommexico.com\/","logo":{"@type":"ImageObject","inLanguage":"es","@id":"https:\/\/booksfrommexico.com\/#\/schema\/logo\/image\/","url":"https:\/\/booksfrommexico.com\/app\/uploads\/2023\/05\/logo-booksfrommexico.svg","contentUrl":"https:\/\/booksfrommexico.com\/app\/uploads\/2023\/05\/logo-booksfrommexico.svg","width":86,"height":56,"caption":"Books From Mexico"},"image":{"@id":"https:\/\/booksfrommexico.com\/#\/schema\/logo\/image\/"}}]}},"_links":{"self":[{"href":"https:\/\/booksfrommexico.com\/es\/wp-json\/wp\/v2\/product\/298","targetHints":{"allow":["GET"]}}],"collection":[{"href":"https:\/\/booksfrommexico.com\/es\/wp-json\/wp\/v2\/product"}],"about":[{"href":"https:\/\/booksfrommexico.com\/es\/wp-json\/wp\/v2\/types\/product"}],"wp:featuredmedia":[{"embeddable":true,"href":"https:\/\/booksfrommexico.com\/es\/wp-json\/wp\/v2\/media\/297"}],"wp:attachment":[{"href":"https:\/\/booksfrommexico.com\/es\/wp-json\/wp\/v2\/media?parent=298"}],"wp:term":[{"taxonomy":"product_brand","embeddable":true,"href":"https:\/\/booksfrommexico.com\/es\/wp-json\/wp\/v2\/product_brand?post=298"},{"taxonomy":"product_cat","embeddable":true,"href":"https:\/\/booksfrommexico.com\/es\/wp-json\/wp\/v2\/product_cat?post=298"},{"taxonomy":"product_tag","embeddable":true,"href":"https:\/\/booksfrommexico.com\/es\/wp-json\/wp\/v2\/product_tag?post=298"}],"curies":[{"name":"wp","href":"https:\/\/api.w.org\/{rel}","templated":true}]}}