{"id":300,"date":"2023-05-08T17:00:30","date_gmt":"2023-05-08T17:00:30","guid":{"rendered":"http:\/\/booksfrommexico.com\/product\/historia-y-religion-en-profecia-de-guatimoc-simbolos-y-representaciones-culturales\/"},"modified":"2024-10-02T23:29:38","modified_gmt":"2024-10-02T23:29:38","slug":"historia-y-religion-en-profecia-de-guatimoc-simbolos-y-representaciones-culturales","status":"publish","type":"product","link":"https:\/\/booksfrommexico.com\/es\/producto\/historia-y-religion-en-profecia-de-guatimoc-simbolos-y-representaciones-culturales\/","title":{"rendered":"Historia y religi\u00f3n en Profec\u00eda de Guatimoc: S\u00edmbolos y representaciones culturales"},"content":{"rendered":"<p><span style=\"font-weight: 400;\">El poema <\/span><i><span style=\"font-weight: 400;\">Profec\u00eda de Guatimoc <\/span><\/i><span style=\"font-weight: 400;\">de Ignacio Rodr\u00edguez Galv\u00e1n, escrito en la primera mitad del siglo XIX, es uno de los grandes monumentos de la literatura en espa\u00f1ol. En este estudio, la autora se propone demostrar c\u00f3mo utilizando la religi\u00f3n a modo de elemento mediatizador, se recurri\u00f3 en el poema a un trastocamiento de la temporalidad de origen religioso. Igualmente, se busca dejar asentado que es la misma religi\u00f3n que motiva a Rodr\u00edguez para producir el paneg\u00edrico de los \u00faltimos tlatoanis aztecas y demostrar que Rodr\u00edguez Galv\u00e1n tambi\u00e9n contribuy\u00f3 a la fundaci\u00f3n de un romanticismo caracter\u00edstico de la literatura mexicana.<\/span><\/p>\n","protected":false},"excerpt":{"rendered":"<p>HISTORIA Y RELIGI\u00d3N EN PROFEC\u00cdA DE GUATIMOC : S\u00cdMBOLOS Y REPRESENTACIONES CULTURALES<span style=\"font-weight: 400;\">. \/ Margarita Alegr\u00eda de la Colina. M\u00e9xico, D.F. : Universidad Aut\u00f3noma Metropolitana , Unidad Azcapotzalco , Divisi\u00f3n de Ciencias Sociales y Humanidades, 2004. 187 pages : includes references, notes, bibliographic references, bibliography ; 21 cm. (Serie Literatura). ISBN :\u00a0 9706549544. <\/span><\/p>\n","protected":false},"featured_media":299,"template":"","meta":{"_acf_changed":false,"inline_featured_image":false},"product_brand":[],"product_cat":[4393,27,158],"product_tag":[3707,3948,4124,3950,4115,3729],"class_list":{"0":"post-300","1":"product","2":"type-product","3":"status-publish","4":"has-post-thumbnail","6":"product_cat-analisis-literario","7":"product_cat-historia","8":"product_cat-religion-y-sociedad","9":"product_tag-critica-e-interpretacion","10":"product_tag-descubrimiento-y-conquista","11":"product_tag-literatura-es","12":"product_tag-nacionalismo","13":"product_tag-poesia-es","14":"product_tag-religion","16":"first","17":"instock","18":"sale","19":"taxable","20":"shipping-taxable","21":"purchasable","22":"product-type-simple"},"acf":[],"yoast_head":"<!-- This site is optimized with the Yoast SEO plugin v27.3 - https:\/\/yoast.com\/product\/yoast-seo-wordpress\/ -->\n<title>Historia y religi\u00f3n en Profec\u00eda de Guatimoc<\/title>\n<meta name=\"description\" content=\"HISTORIA Y RELIGI\u00d3N EN PROFEC\u00cdA DE GUATIMOC : S\u00cdMBOLOS Y REPRESENTACIONES CULTURALES. \/ Margarita Alegr\u00eda de la Colina. M\u00e9xico, D.F. : UAM, 2004.\" \/>\n<meta name=\"robots\" content=\"index, follow, max-snippet:-1, max-image-preview:large, max-video-preview:-1\" \/>\n<link rel=\"canonical\" href=\"https:\/\/booksfrommexico.com\/es\/producto\/historia-y-religion-en-profecia-de-guatimoc-simbolos-y-representaciones-culturales\/\" \/>\n<meta property=\"og:locale\" content=\"es_ES\" \/>\n<meta property=\"og:type\" content=\"article\" \/>\n<meta property=\"og:title\" content=\"Historia y religi\u00f3n en Profec\u00eda de Guatimoc\" \/>\n<meta property=\"og:description\" content=\"HISTORIA Y RELIGI\u00d3N EN PROFEC\u00cdA DE GUATIMOC : S\u00cdMBOLOS Y REPRESENTACIONES CULTURALES. \/ Margarita Alegr\u00eda de la Colina. M\u00e9xico, D.F. : UAM, 2004.\" \/>\n<meta property=\"og:url\" content=\"https:\/\/booksfrommexico.com\/es\/producto\/historia-y-religion-en-profecia-de-guatimoc-simbolos-y-representaciones-culturales\/\" \/>\n<meta property=\"og:site_name\" content=\"Books From Mexico\" \/>\n<meta property=\"article:modified_time\" content=\"2024-10-02T23:29:38+00:00\" \/>\n<meta property=\"og:image\" content=\"http:\/\/booksfrommexico.com\/app\/uploads\/2023\/05\/124985.jpeg\" \/>\n\t<meta property=\"og:image:width\" content=\"379\" \/>\n\t<meta property=\"og:image:height\" content=\"606\" \/>\n\t<meta property=\"og:image:type\" content=\"image\/jpeg\" \/>\n<meta name=\"twitter:card\" content=\"summary_large_image\" \/>\n<meta name=\"twitter:label1\" content=\"Tiempo de lectura\" \/>\n\t<meta name=\"twitter:data1\" content=\"1 minuto\" \/>\n<script type=\"application\/ld+json\" class=\"yoast-schema-graph\">{\"@context\":\"https:\\\/\\\/schema.org\",\"@graph\":[{\"@type\":\"WebPage\",\"@id\":\"https:\\\/\\\/booksfrommexico.com\\\/es\\\/producto\\\/historia-y-religion-en-profecia-de-guatimoc-simbolos-y-representaciones-culturales\\\/\",\"url\":\"https:\\\/\\\/booksfrommexico.com\\\/es\\\/producto\\\/historia-y-religion-en-profecia-de-guatimoc-simbolos-y-representaciones-culturales\\\/\",\"name\":\"Historia y religi\u00f3n en Profec\u00eda de Guatimoc\",\"isPartOf\":{\"@id\":\"https:\\\/\\\/booksfrommexico.com\\\/#website\"},\"primaryImageOfPage\":{\"@id\":\"https:\\\/\\\/booksfrommexico.com\\\/es\\\/producto\\\/historia-y-religion-en-profecia-de-guatimoc-simbolos-y-representaciones-culturales\\\/#primaryimage\"},\"image\":{\"@id\":\"https:\\\/\\\/booksfrommexico.com\\\/es\\\/producto\\\/historia-y-religion-en-profecia-de-guatimoc-simbolos-y-representaciones-culturales\\\/#primaryimage\"},\"thumbnailUrl\":\"https:\\\/\\\/booksfrommexico.com\\\/app\\\/uploads\\\/2023\\\/05\\\/124985.jpeg\",\"datePublished\":\"2023-05-08T17:00:30+00:00\",\"dateModified\":\"2024-10-02T23:29:38+00:00\",\"description\":\"HISTORIA Y RELIGI\u00d3N EN PROFEC\u00cdA DE GUATIMOC : S\u00cdMBOLOS Y REPRESENTACIONES CULTURALES. \\\/ Margarita Alegr\u00eda de la Colina. M\u00e9xico, D.F. : UAM, 2004.\",\"breadcrumb\":{\"@id\":\"https:\\\/\\\/booksfrommexico.com\\\/es\\\/producto\\\/historia-y-religion-en-profecia-de-guatimoc-simbolos-y-representaciones-culturales\\\/#breadcrumb\"},\"inLanguage\":\"es\",\"potentialAction\":[{\"@type\":\"ReadAction\",\"target\":[\"https:\\\/\\\/booksfrommexico.com\\\/es\\\/producto\\\/historia-y-religion-en-profecia-de-guatimoc-simbolos-y-representaciones-culturales\\\/\"]}]},{\"@type\":\"ImageObject\",\"inLanguage\":\"es\",\"@id\":\"https:\\\/\\\/booksfrommexico.com\\\/es\\\/producto\\\/historia-y-religion-en-profecia-de-guatimoc-simbolos-y-representaciones-culturales\\\/#primaryimage\",\"url\":\"https:\\\/\\\/booksfrommexico.com\\\/app\\\/uploads\\\/2023\\\/05\\\/124985.jpeg\",\"contentUrl\":\"https:\\\/\\\/booksfrommexico.com\\\/app\\\/uploads\\\/2023\\\/05\\\/124985.jpeg\",\"width\":379,\"height\":606},{\"@type\":\"BreadcrumbList\",\"@id\":\"https:\\\/\\\/booksfrommexico.com\\\/es\\\/producto\\\/historia-y-religion-en-profecia-de-guatimoc-simbolos-y-representaciones-culturales\\\/#breadcrumb\",\"itemListElement\":[{\"@type\":\"ListItem\",\"position\":1,\"name\":\"Home\",\"item\":\"https:\\\/\\\/booksfrommexico.com\\\/es\\\/\"},{\"@type\":\"ListItem\",\"position\":2,\"name\":\"Libros\",\"item\":\"https:\\\/\\\/booksfrommexico.com\\\/es\\\/libros\\\/\"},{\"@type\":\"ListItem\",\"position\":3,\"name\":\"Historia y religi\u00f3n en Profec\u00eda de Guatimoc: S\u00edmbolos y representaciones culturales\"}]},{\"@type\":\"WebSite\",\"@id\":\"https:\\\/\\\/booksfrommexico.com\\\/#website\",\"url\":\"https:\\\/\\\/booksfrommexico.com\\\/\",\"name\":\"Books From Mexico\",\"description\":\"\",\"publisher\":{\"@id\":\"https:\\\/\\\/booksfrommexico.com\\\/#organization\"},\"potentialAction\":[{\"@type\":\"SearchAction\",\"target\":{\"@type\":\"EntryPoint\",\"urlTemplate\":\"https:\\\/\\\/booksfrommexico.com\\\/?s={search_term_string}\"},\"query-input\":{\"@type\":\"PropertyValueSpecification\",\"valueRequired\":true,\"valueName\":\"search_term_string\"}}],\"inLanguage\":\"es\"},{\"@type\":\"Organization\",\"@id\":\"https:\\\/\\\/booksfrommexico.com\\\/#organization\",\"name\":\"Books From Mexico\",\"url\":\"https:\\\/\\\/booksfrommexico.com\\\/\",\"logo\":{\"@type\":\"ImageObject\",\"inLanguage\":\"es\",\"@id\":\"https:\\\/\\\/booksfrommexico.com\\\/#\\\/schema\\\/logo\\\/image\\\/\",\"url\":\"https:\\\/\\\/booksfrommexico.com\\\/app\\\/uploads\\\/2023\\\/05\\\/logo-booksfrommexico.svg\",\"contentUrl\":\"https:\\\/\\\/booksfrommexico.com\\\/app\\\/uploads\\\/2023\\\/05\\\/logo-booksfrommexico.svg\",\"width\":86,\"height\":56,\"caption\":\"Books From Mexico\"},\"image\":{\"@id\":\"https:\\\/\\\/booksfrommexico.com\\\/#\\\/schema\\\/logo\\\/image\\\/\"}}]}<\/script>\n<!-- \/ Yoast SEO plugin. -->","yoast_head_json":{"title":"Historia y religi\u00f3n en Profec\u00eda de Guatimoc","description":"HISTORIA Y RELIGI\u00d3N EN PROFEC\u00cdA DE GUATIMOC : S\u00cdMBOLOS Y REPRESENTACIONES CULTURALES. \/ Margarita Alegr\u00eda de la Colina. M\u00e9xico, D.F. : UAM, 2004.","robots":{"index":"index","follow":"follow","max-snippet":"max-snippet:-1","max-image-preview":"max-image-preview:large","max-video-preview":"max-video-preview:-1"},"canonical":"https:\/\/booksfrommexico.com\/es\/producto\/historia-y-religion-en-profecia-de-guatimoc-simbolos-y-representaciones-culturales\/","og_locale":"es_ES","og_type":"article","og_title":"Historia y religi\u00f3n en Profec\u00eda de Guatimoc","og_description":"HISTORIA Y RELIGI\u00d3N EN PROFEC\u00cdA DE GUATIMOC : S\u00cdMBOLOS Y REPRESENTACIONES CULTURALES. \/ Margarita Alegr\u00eda de la Colina. M\u00e9xico, D.F. : UAM, 2004.","og_url":"https:\/\/booksfrommexico.com\/es\/producto\/historia-y-religion-en-profecia-de-guatimoc-simbolos-y-representaciones-culturales\/","og_site_name":"Books From Mexico","article_modified_time":"2024-10-02T23:29:38+00:00","og_image":[{"width":379,"height":606,"url":"http:\/\/booksfrommexico.com\/app\/uploads\/2023\/05\/124985.jpeg","type":"image\/jpeg"}],"twitter_card":"summary_large_image","twitter_misc":{"Tiempo de lectura":"1 minuto"},"schema":{"@context":"https:\/\/schema.org","@graph":[{"@type":"WebPage","@id":"https:\/\/booksfrommexico.com\/es\/producto\/historia-y-religion-en-profecia-de-guatimoc-simbolos-y-representaciones-culturales\/","url":"https:\/\/booksfrommexico.com\/es\/producto\/historia-y-religion-en-profecia-de-guatimoc-simbolos-y-representaciones-culturales\/","name":"Historia y religi\u00f3n en Profec\u00eda de Guatimoc","isPartOf":{"@id":"https:\/\/booksfrommexico.com\/#website"},"primaryImageOfPage":{"@id":"https:\/\/booksfrommexico.com\/es\/producto\/historia-y-religion-en-profecia-de-guatimoc-simbolos-y-representaciones-culturales\/#primaryimage"},"image":{"@id":"https:\/\/booksfrommexico.com\/es\/producto\/historia-y-religion-en-profecia-de-guatimoc-simbolos-y-representaciones-culturales\/#primaryimage"},"thumbnailUrl":"https:\/\/booksfrommexico.com\/app\/uploads\/2023\/05\/124985.jpeg","datePublished":"2023-05-08T17:00:30+00:00","dateModified":"2024-10-02T23:29:38+00:00","description":"HISTORIA Y RELIGI\u00d3N EN PROFEC\u00cdA DE GUATIMOC : S\u00cdMBOLOS Y REPRESENTACIONES CULTURALES. \/ Margarita Alegr\u00eda de la Colina. M\u00e9xico, D.F. : UAM, 2004.","breadcrumb":{"@id":"https:\/\/booksfrommexico.com\/es\/producto\/historia-y-religion-en-profecia-de-guatimoc-simbolos-y-representaciones-culturales\/#breadcrumb"},"inLanguage":"es","potentialAction":[{"@type":"ReadAction","target":["https:\/\/booksfrommexico.com\/es\/producto\/historia-y-religion-en-profecia-de-guatimoc-simbolos-y-representaciones-culturales\/"]}]},{"@type":"ImageObject","inLanguage":"es","@id":"https:\/\/booksfrommexico.com\/es\/producto\/historia-y-religion-en-profecia-de-guatimoc-simbolos-y-representaciones-culturales\/#primaryimage","url":"https:\/\/booksfrommexico.com\/app\/uploads\/2023\/05\/124985.jpeg","contentUrl":"https:\/\/booksfrommexico.com\/app\/uploads\/2023\/05\/124985.jpeg","width":379,"height":606},{"@type":"BreadcrumbList","@id":"https:\/\/booksfrommexico.com\/es\/producto\/historia-y-religion-en-profecia-de-guatimoc-simbolos-y-representaciones-culturales\/#breadcrumb","itemListElement":[{"@type":"ListItem","position":1,"name":"Home","item":"https:\/\/booksfrommexico.com\/es\/"},{"@type":"ListItem","position":2,"name":"Libros","item":"https:\/\/booksfrommexico.com\/es\/libros\/"},{"@type":"ListItem","position":3,"name":"Historia y religi\u00f3n en Profec\u00eda de Guatimoc: S\u00edmbolos y representaciones culturales"}]},{"@type":"WebSite","@id":"https:\/\/booksfrommexico.com\/#website","url":"https:\/\/booksfrommexico.com\/","name":"Books From Mexico","description":"","publisher":{"@id":"https:\/\/booksfrommexico.com\/#organization"},"potentialAction":[{"@type":"SearchAction","target":{"@type":"EntryPoint","urlTemplate":"https:\/\/booksfrommexico.com\/?s={search_term_string}"},"query-input":{"@type":"PropertyValueSpecification","valueRequired":true,"valueName":"search_term_string"}}],"inLanguage":"es"},{"@type":"Organization","@id":"https:\/\/booksfrommexico.com\/#organization","name":"Books From Mexico","url":"https:\/\/booksfrommexico.com\/","logo":{"@type":"ImageObject","inLanguage":"es","@id":"https:\/\/booksfrommexico.com\/#\/schema\/logo\/image\/","url":"https:\/\/booksfrommexico.com\/app\/uploads\/2023\/05\/logo-booksfrommexico.svg","contentUrl":"https:\/\/booksfrommexico.com\/app\/uploads\/2023\/05\/logo-booksfrommexico.svg","width":86,"height":56,"caption":"Books From Mexico"},"image":{"@id":"https:\/\/booksfrommexico.com\/#\/schema\/logo\/image\/"}}]}},"_links":{"self":[{"href":"https:\/\/booksfrommexico.com\/es\/wp-json\/wp\/v2\/product\/300","targetHints":{"allow":["GET"]}}],"collection":[{"href":"https:\/\/booksfrommexico.com\/es\/wp-json\/wp\/v2\/product"}],"about":[{"href":"https:\/\/booksfrommexico.com\/es\/wp-json\/wp\/v2\/types\/product"}],"wp:featuredmedia":[{"embeddable":true,"href":"https:\/\/booksfrommexico.com\/es\/wp-json\/wp\/v2\/media\/299"}],"wp:attachment":[{"href":"https:\/\/booksfrommexico.com\/es\/wp-json\/wp\/v2\/media?parent=300"}],"wp:term":[{"taxonomy":"product_brand","embeddable":true,"href":"https:\/\/booksfrommexico.com\/es\/wp-json\/wp\/v2\/product_brand?post=300"},{"taxonomy":"product_cat","embeddable":true,"href":"https:\/\/booksfrommexico.com\/es\/wp-json\/wp\/v2\/product_cat?post=300"},{"taxonomy":"product_tag","embeddable":true,"href":"https:\/\/booksfrommexico.com\/es\/wp-json\/wp\/v2\/product_tag?post=300"}],"curies":[{"name":"wp","href":"https:\/\/api.w.org\/{rel}","templated":true}]}}