{"id":302,"date":"2023-05-08T17:00:31","date_gmt":"2023-05-08T17:00:31","guid":{"rendered":"http:\/\/booksfrommexico.com\/product\/el-nacimiento-de-los-dioses-mayas\/"},"modified":"2025-03-01T00:07:21","modified_gmt":"2025-03-01T00:07:21","slug":"el-nacimiento-de-los-dioses-mayas","status":"publish","type":"product","link":"https:\/\/booksfrommexico.com\/es\/producto\/el-nacimiento-de-los-dioses-mayas\/","title":{"rendered":"El nacimiento de los dioses mayas"},"content":{"rendered":"<p><span style=\"font-weight: 400;\">Este es el tercer volumen de la colecci\u00f3n del autor <\/span><i><span style=\"font-weight: 400;\">Mi cuaderno de notas<\/span><\/i><span style=\"font-weight: 400;\">, siendo una continuaci\u00f3n directa del anterior de \u201cescritura de la gl\u00edfica maya\u201d. Aqu\u00ed, el autor ha encontrado un nuevo modo de ver a las deidades de los mayas, donde el dios <\/span><i><span style=\"font-weight: 400;\">Itsamna<\/span><\/i><span style=\"font-weight: 400;\"> supera a H\u00e9rcules de la mitolog\u00eda griega en su labor en pro de la humanidad. <\/span><i><span style=\"font-weight: 400;\">Itsamna <\/span><\/i><span style=\"font-weight: 400;\">es m\u00e1s humano de lo que se cre\u00eda hasta ahora, siendo una deidad que ve por su grey, se preocupa por la germinaci\u00f3n y dar vida. En este estudio se despliega la reproducci\u00f3n del c\u00f3dice de Dresden a color, que incluye nuevos glifos e interpretaciones que narran el nacimiento de los dioses mayas.<\/span><\/p>\n","protected":false},"excerpt":{"rendered":"<p>EL NACIMIENTO DE LOS DIOSES MAYAS<span style=\"font-weight: 400;\">. \/ Hans Hasselkus M. M\u00e9xico, D.F. : Hans Hasselkus M., 1999. 90 pages : includes illustrations, annex codex, bibliography ; 22 cm. (Colecci\u00f3n Mi Cuaderno de Notas). ISBN : 9117033. <\/span><\/p>\n","protected":false},"featured_media":301,"template":"","meta":{"_acf_changed":false,"inline_featured_image":false},"product_brand":[],"product_cat":[19,321,3219],"product_tag":[4039,3781,4262,4333,3587,3729],"class_list":{"0":"post-302","1":"product","2":"type-product","3":"status-publish","4":"has-post-thumbnail","6":"product_cat-antropologia","7":"product_cat-arquitectura-religiosa","8":"product_cat-prehispanica","9":"product_tag-cosmovision","10":"product_tag-cultura-maya","11":"product_tag-cultura-prehispanica","12":"product_tag-mayas","13":"product_tag-prehispanico","14":"product_tag-religion","16":"first","17":"outofstock","18":"sale","19":"taxable","20":"shipping-taxable","21":"purchasable","22":"product-type-simple"},"acf":[],"yoast_head":"<!-- This site is optimized with the Yoast SEO plugin v27.3 - https:\/\/yoast.com\/product\/yoast-seo-wordpress\/ -->\n<title>El nacimiento de los dioses mayas<\/title>\n<meta name=\"description\" content=\"EL NACIMIENTO DE LOS DIOSES MAYAS. \/ Hans Hasselkus M. M\u00e9xico, D.F. : Hans Hasselkus M., 1999. (Colecci\u00f3n Mi Cuaderno de Notas). ISBN : 9117033.\" \/>\n<meta name=\"robots\" content=\"index, follow, max-snippet:-1, max-image-preview:large, max-video-preview:-1\" \/>\n<link rel=\"canonical\" href=\"https:\/\/booksfrommexico.com\/es\/producto\/el-nacimiento-de-los-dioses-mayas\/\" \/>\n<meta property=\"og:locale\" content=\"es_ES\" \/>\n<meta property=\"og:type\" content=\"article\" \/>\n<meta property=\"og:title\" content=\"El nacimiento de los dioses mayas\" \/>\n<meta property=\"og:description\" content=\"EL NACIMIENTO DE LOS DIOSES MAYAS. \/ Hans Hasselkus M. M\u00e9xico, D.F. : Hans Hasselkus M., 1999. (Colecci\u00f3n Mi Cuaderno de Notas). ISBN : 9117033.\" \/>\n<meta property=\"og:url\" content=\"https:\/\/booksfrommexico.com\/es\/producto\/el-nacimiento-de-los-dioses-mayas\/\" \/>\n<meta property=\"og:site_name\" content=\"Books From Mexico\" \/>\n<meta property=\"article:modified_time\" content=\"2025-03-01T00:07:21+00:00\" \/>\n<meta property=\"og:image\" content=\"http:\/\/booksfrommexico.com\/app\/uploads\/2023\/05\/124559.jpeg\" \/>\n\t<meta property=\"og:image:width\" content=\"406\" \/>\n\t<meta property=\"og:image:height\" content=\"631\" \/>\n\t<meta property=\"og:image:type\" content=\"image\/jpeg\" \/>\n<meta name=\"twitter:card\" content=\"summary_large_image\" \/>\n<meta name=\"twitter:label1\" content=\"Tiempo de lectura\" \/>\n\t<meta name=\"twitter:data1\" content=\"1 minuto\" \/>\n<script type=\"application\/ld+json\" class=\"yoast-schema-graph\">{\"@context\":\"https:\\\/\\\/schema.org\",\"@graph\":[{\"@type\":\"WebPage\",\"@id\":\"https:\\\/\\\/booksfrommexico.com\\\/es\\\/producto\\\/el-nacimiento-de-los-dioses-mayas\\\/\",\"url\":\"https:\\\/\\\/booksfrommexico.com\\\/es\\\/producto\\\/el-nacimiento-de-los-dioses-mayas\\\/\",\"name\":\"El nacimiento de los dioses mayas\",\"isPartOf\":{\"@id\":\"https:\\\/\\\/booksfrommexico.com\\\/#website\"},\"primaryImageOfPage\":{\"@id\":\"https:\\\/\\\/booksfrommexico.com\\\/es\\\/producto\\\/el-nacimiento-de-los-dioses-mayas\\\/#primaryimage\"},\"image\":{\"@id\":\"https:\\\/\\\/booksfrommexico.com\\\/es\\\/producto\\\/el-nacimiento-de-los-dioses-mayas\\\/#primaryimage\"},\"thumbnailUrl\":\"https:\\\/\\\/booksfrommexico.com\\\/app\\\/uploads\\\/2023\\\/05\\\/124559.jpeg\",\"datePublished\":\"2023-05-08T17:00:31+00:00\",\"dateModified\":\"2025-03-01T00:07:21+00:00\",\"description\":\"EL NACIMIENTO DE LOS DIOSES MAYAS. \\\/ Hans Hasselkus M. M\u00e9xico, D.F. : Hans Hasselkus M., 1999. (Colecci\u00f3n Mi Cuaderno de Notas). ISBN : 9117033.\",\"breadcrumb\":{\"@id\":\"https:\\\/\\\/booksfrommexico.com\\\/es\\\/producto\\\/el-nacimiento-de-los-dioses-mayas\\\/#breadcrumb\"},\"inLanguage\":\"es\",\"potentialAction\":[{\"@type\":\"ReadAction\",\"target\":[\"https:\\\/\\\/booksfrommexico.com\\\/es\\\/producto\\\/el-nacimiento-de-los-dioses-mayas\\\/\"]}]},{\"@type\":\"ImageObject\",\"inLanguage\":\"es\",\"@id\":\"https:\\\/\\\/booksfrommexico.com\\\/es\\\/producto\\\/el-nacimiento-de-los-dioses-mayas\\\/#primaryimage\",\"url\":\"https:\\\/\\\/booksfrommexico.com\\\/app\\\/uploads\\\/2023\\\/05\\\/124559.jpeg\",\"contentUrl\":\"https:\\\/\\\/booksfrommexico.com\\\/app\\\/uploads\\\/2023\\\/05\\\/124559.jpeg\",\"width\":406,\"height\":631},{\"@type\":\"BreadcrumbList\",\"@id\":\"https:\\\/\\\/booksfrommexico.com\\\/es\\\/producto\\\/el-nacimiento-de-los-dioses-mayas\\\/#breadcrumb\",\"itemListElement\":[{\"@type\":\"ListItem\",\"position\":1,\"name\":\"Home\",\"item\":\"https:\\\/\\\/booksfrommexico.com\\\/es\\\/\"},{\"@type\":\"ListItem\",\"position\":2,\"name\":\"Libros\",\"item\":\"https:\\\/\\\/booksfrommexico.com\\\/es\\\/libros\\\/\"},{\"@type\":\"ListItem\",\"position\":3,\"name\":\"El nacimiento de los dioses mayas\"}]},{\"@type\":\"WebSite\",\"@id\":\"https:\\\/\\\/booksfrommexico.com\\\/#website\",\"url\":\"https:\\\/\\\/booksfrommexico.com\\\/\",\"name\":\"Books From Mexico\",\"description\":\"\",\"publisher\":{\"@id\":\"https:\\\/\\\/booksfrommexico.com\\\/#organization\"},\"potentialAction\":[{\"@type\":\"SearchAction\",\"target\":{\"@type\":\"EntryPoint\",\"urlTemplate\":\"https:\\\/\\\/booksfrommexico.com\\\/?s={search_term_string}\"},\"query-input\":{\"@type\":\"PropertyValueSpecification\",\"valueRequired\":true,\"valueName\":\"search_term_string\"}}],\"inLanguage\":\"es\"},{\"@type\":\"Organization\",\"@id\":\"https:\\\/\\\/booksfrommexico.com\\\/#organization\",\"name\":\"Books From Mexico\",\"url\":\"https:\\\/\\\/booksfrommexico.com\\\/\",\"logo\":{\"@type\":\"ImageObject\",\"inLanguage\":\"es\",\"@id\":\"https:\\\/\\\/booksfrommexico.com\\\/#\\\/schema\\\/logo\\\/image\\\/\",\"url\":\"https:\\\/\\\/booksfrommexico.com\\\/app\\\/uploads\\\/2023\\\/05\\\/logo-booksfrommexico.svg\",\"contentUrl\":\"https:\\\/\\\/booksfrommexico.com\\\/app\\\/uploads\\\/2023\\\/05\\\/logo-booksfrommexico.svg\",\"width\":86,\"height\":56,\"caption\":\"Books From Mexico\"},\"image\":{\"@id\":\"https:\\\/\\\/booksfrommexico.com\\\/#\\\/schema\\\/logo\\\/image\\\/\"}}]}<\/script>\n<!-- \/ Yoast SEO plugin. -->","yoast_head_json":{"title":"El nacimiento de los dioses mayas","description":"EL NACIMIENTO DE LOS DIOSES MAYAS. \/ Hans Hasselkus M. M\u00e9xico, D.F. : Hans Hasselkus M., 1999. (Colecci\u00f3n Mi Cuaderno de Notas). ISBN : 9117033.","robots":{"index":"index","follow":"follow","max-snippet":"max-snippet:-1","max-image-preview":"max-image-preview:large","max-video-preview":"max-video-preview:-1"},"canonical":"https:\/\/booksfrommexico.com\/es\/producto\/el-nacimiento-de-los-dioses-mayas\/","og_locale":"es_ES","og_type":"article","og_title":"El nacimiento de los dioses mayas","og_description":"EL NACIMIENTO DE LOS DIOSES MAYAS. \/ Hans Hasselkus M. M\u00e9xico, D.F. : Hans Hasselkus M., 1999. (Colecci\u00f3n Mi Cuaderno de Notas). ISBN : 9117033.","og_url":"https:\/\/booksfrommexico.com\/es\/producto\/el-nacimiento-de-los-dioses-mayas\/","og_site_name":"Books From Mexico","article_modified_time":"2025-03-01T00:07:21+00:00","og_image":[{"width":406,"height":631,"url":"http:\/\/booksfrommexico.com\/app\/uploads\/2023\/05\/124559.jpeg","type":"image\/jpeg"}],"twitter_card":"summary_large_image","twitter_misc":{"Tiempo de lectura":"1 minuto"},"schema":{"@context":"https:\/\/schema.org","@graph":[{"@type":"WebPage","@id":"https:\/\/booksfrommexico.com\/es\/producto\/el-nacimiento-de-los-dioses-mayas\/","url":"https:\/\/booksfrommexico.com\/es\/producto\/el-nacimiento-de-los-dioses-mayas\/","name":"El nacimiento de los dioses mayas","isPartOf":{"@id":"https:\/\/booksfrommexico.com\/#website"},"primaryImageOfPage":{"@id":"https:\/\/booksfrommexico.com\/es\/producto\/el-nacimiento-de-los-dioses-mayas\/#primaryimage"},"image":{"@id":"https:\/\/booksfrommexico.com\/es\/producto\/el-nacimiento-de-los-dioses-mayas\/#primaryimage"},"thumbnailUrl":"https:\/\/booksfrommexico.com\/app\/uploads\/2023\/05\/124559.jpeg","datePublished":"2023-05-08T17:00:31+00:00","dateModified":"2025-03-01T00:07:21+00:00","description":"EL NACIMIENTO DE LOS DIOSES MAYAS. \/ Hans Hasselkus M. M\u00e9xico, D.F. : Hans Hasselkus M., 1999. (Colecci\u00f3n Mi Cuaderno de Notas). ISBN : 9117033.","breadcrumb":{"@id":"https:\/\/booksfrommexico.com\/es\/producto\/el-nacimiento-de-los-dioses-mayas\/#breadcrumb"},"inLanguage":"es","potentialAction":[{"@type":"ReadAction","target":["https:\/\/booksfrommexico.com\/es\/producto\/el-nacimiento-de-los-dioses-mayas\/"]}]},{"@type":"ImageObject","inLanguage":"es","@id":"https:\/\/booksfrommexico.com\/es\/producto\/el-nacimiento-de-los-dioses-mayas\/#primaryimage","url":"https:\/\/booksfrommexico.com\/app\/uploads\/2023\/05\/124559.jpeg","contentUrl":"https:\/\/booksfrommexico.com\/app\/uploads\/2023\/05\/124559.jpeg","width":406,"height":631},{"@type":"BreadcrumbList","@id":"https:\/\/booksfrommexico.com\/es\/producto\/el-nacimiento-de-los-dioses-mayas\/#breadcrumb","itemListElement":[{"@type":"ListItem","position":1,"name":"Home","item":"https:\/\/booksfrommexico.com\/es\/"},{"@type":"ListItem","position":2,"name":"Libros","item":"https:\/\/booksfrommexico.com\/es\/libros\/"},{"@type":"ListItem","position":3,"name":"El nacimiento de los dioses mayas"}]},{"@type":"WebSite","@id":"https:\/\/booksfrommexico.com\/#website","url":"https:\/\/booksfrommexico.com\/","name":"Books From Mexico","description":"","publisher":{"@id":"https:\/\/booksfrommexico.com\/#organization"},"potentialAction":[{"@type":"SearchAction","target":{"@type":"EntryPoint","urlTemplate":"https:\/\/booksfrommexico.com\/?s={search_term_string}"},"query-input":{"@type":"PropertyValueSpecification","valueRequired":true,"valueName":"search_term_string"}}],"inLanguage":"es"},{"@type":"Organization","@id":"https:\/\/booksfrommexico.com\/#organization","name":"Books From Mexico","url":"https:\/\/booksfrommexico.com\/","logo":{"@type":"ImageObject","inLanguage":"es","@id":"https:\/\/booksfrommexico.com\/#\/schema\/logo\/image\/","url":"https:\/\/booksfrommexico.com\/app\/uploads\/2023\/05\/logo-booksfrommexico.svg","contentUrl":"https:\/\/booksfrommexico.com\/app\/uploads\/2023\/05\/logo-booksfrommexico.svg","width":86,"height":56,"caption":"Books From Mexico"},"image":{"@id":"https:\/\/booksfrommexico.com\/#\/schema\/logo\/image\/"}}]}},"_links":{"self":[{"href":"https:\/\/booksfrommexico.com\/es\/wp-json\/wp\/v2\/product\/302","targetHints":{"allow":["GET"]}}],"collection":[{"href":"https:\/\/booksfrommexico.com\/es\/wp-json\/wp\/v2\/product"}],"about":[{"href":"https:\/\/booksfrommexico.com\/es\/wp-json\/wp\/v2\/types\/product"}],"wp:featuredmedia":[{"embeddable":true,"href":"https:\/\/booksfrommexico.com\/es\/wp-json\/wp\/v2\/media\/301"}],"wp:attachment":[{"href":"https:\/\/booksfrommexico.com\/es\/wp-json\/wp\/v2\/media?parent=302"}],"wp:term":[{"taxonomy":"product_brand","embeddable":true,"href":"https:\/\/booksfrommexico.com\/es\/wp-json\/wp\/v2\/product_brand?post=302"},{"taxonomy":"product_cat","embeddable":true,"href":"https:\/\/booksfrommexico.com\/es\/wp-json\/wp\/v2\/product_cat?post=302"},{"taxonomy":"product_tag","embeddable":true,"href":"https:\/\/booksfrommexico.com\/es\/wp-json\/wp\/v2\/product_tag?post=302"}],"curies":[{"name":"wp","href":"https:\/\/api.w.org\/{rel}","templated":true}]}}