{"id":304,"date":"2023-05-08T17:00:32","date_gmt":"2023-05-08T17:00:32","guid":{"rendered":"http:\/\/booksfrommexico.com\/product\/homicidios-y-desapariciones-de-mujeres-en-ciudad-juarez-analisis-criticas-y-perspectivas\/"},"modified":"2024-10-02T23:28:48","modified_gmt":"2024-10-02T23:28:48","slug":"homicidios-y-desapariciones-de-mujeres-en-ciudad-juarez-analisis-criticas-y-perspectivas","status":"publish","type":"product","link":"https:\/\/booksfrommexico.com\/es\/producto\/homicidios-y-desapariciones-de-mujeres-en-ciudad-juarez-analisis-criticas-y-perspectivas\/","title":{"rendered":"Homicidios y desapariciones de mujeres en Ciudad Ju\u00e1rez: An\u00e1lisis, cr\u00edticas y perspectivas"},"content":{"rendered":"<p><span style=\"font-weight: 400;\">La sociedad mexicana y la comunidad internacional exigen el esclarecimiento de los homicidios y desapariciones de mujeres ocurridos en Ciudad Ju\u00e1rez, Chihuahua, mismos que se incrementaron de 1993 a 2001. Sin embargo, el problema se ha convertido en fuente de especulaciones y pugnas pol\u00edticas antes que en motivo de an\u00e1lisis y reflexi\u00f3n. Este t\u00edtulo pretende facilitar una revisi\u00f3n hist\u00f3rica, social y econ\u00f3mica de la regi\u00f3n, de las caracter\u00edsticas de los homicidios y de gr\u00e1ficas por medio de las cuales pueden extraerse conclusiones propias. Aqu\u00ed se analizan las caracter\u00edsticas particulares de los asesinatos y presenta gr\u00e1ficos comparativos que aportan elementos s\u00f3lidos para comprender el fen\u00f3meno.<\/span><\/p>\n","protected":false},"excerpt":{"rendered":"<p>HOMICIDIOS Y DESAPARICIONES DE MUJERES EN CIUDAD JU\u00c1REZ : AN\u00c1LISIS, CR\u00cdTICAS Y PERSPECTIVAS<span style=\"font-weight: 400;\">. \/ M\u00e9xico, D.F. : Instituto Nacional de Ciencias Penales, 2004. 578 pages : includes color tables, color maps, color graphics, notes, charts ; 23 cm. ISBN : 9685074828. <\/span><\/p>\n","protected":false},"featured_media":303,"template":"","meta":{"_acf_changed":false,"inline_featured_image":false},"product_brand":[],"product_cat":[3333,217],"product_tag":[3788,4391,3673,4411,3675,4422],"class_list":{"0":"post-304","1":"product","2":"type-product","3":"status-publish","4":"has-post-thumbnail","6":"product_cat-leyes-y-asuntos-juridicos","7":"product_cat-violencia-contra-las-mujeres-estudios-de-genero","8":"product_tag-chihuahua-mexico","9":"product_tag-ciudad-juarez-mexico","10":"product_tag-delitos-contra-mujeres","11":"product_tag-frontera-norte","12":"product_tag-mujeres-maltratadas","13":"product_tag-violencia-de-genero","15":"first","16":"instock","17":"sale","18":"taxable","19":"shipping-taxable","20":"purchasable","21":"product-type-simple"},"acf":[],"yoast_head":"<!-- This site is optimized with the Yoast SEO plugin v27.3 - https:\/\/yoast.com\/product\/yoast-seo-wordpress\/ -->\n<title>Homicidios y desapariciones de mujeres en Ciudad Ju\u00e1rez<\/title>\n<meta name=\"description\" content=\"HOMICIDIOS Y DESAPARICIONES DE MUJERES EN CIUDAD JU\u00c1REZ : AN\u00c1LISIS, CR\u00cdTICAS Y PERSPECTIVAS. \/ M\u00e9xico, D.F. : Instituto Nacional de Ciencias Penales, 2004.\" \/>\n<meta name=\"robots\" content=\"index, follow, max-snippet:-1, max-image-preview:large, max-video-preview:-1\" \/>\n<link rel=\"canonical\" href=\"https:\/\/booksfrommexico.com\/es\/producto\/homicidios-y-desapariciones-de-mujeres-en-ciudad-juarez-analisis-criticas-y-perspectivas\/\" \/>\n<meta property=\"og:locale\" content=\"es_ES\" \/>\n<meta property=\"og:type\" content=\"article\" \/>\n<meta property=\"og:title\" content=\"Homicidios y desapariciones de mujeres en Ciudad Ju\u00e1rez\" \/>\n<meta property=\"og:description\" content=\"HOMICIDIOS Y DESAPARICIONES DE MUJERES EN CIUDAD JU\u00c1REZ : AN\u00c1LISIS, CR\u00cdTICAS Y PERSPECTIVAS. \/ M\u00e9xico, D.F. : Instituto Nacional de Ciencias Penales, 2004.\" \/>\n<meta property=\"og:url\" content=\"https:\/\/booksfrommexico.com\/es\/producto\/homicidios-y-desapariciones-de-mujeres-en-ciudad-juarez-analisis-criticas-y-perspectivas\/\" \/>\n<meta property=\"og:site_name\" content=\"Books From Mexico\" \/>\n<meta property=\"article:modified_time\" content=\"2024-10-02T23:28:48+00:00\" \/>\n<meta property=\"og:image\" content=\"http:\/\/booksfrommexico.com\/app\/uploads\/2023\/05\/124580.jpeg\" \/>\n\t<meta property=\"og:image:width\" content=\"423\" \/>\n\t<meta property=\"og:image:height\" content=\"658\" \/>\n\t<meta property=\"og:image:type\" content=\"image\/jpeg\" \/>\n<meta name=\"twitter:card\" content=\"summary_large_image\" \/>\n<meta name=\"twitter:label1\" content=\"Tiempo de lectura\" \/>\n\t<meta name=\"twitter:data1\" content=\"1 minuto\" \/>\n<script type=\"application\/ld+json\" class=\"yoast-schema-graph\">{\"@context\":\"https:\\\/\\\/schema.org\",\"@graph\":[{\"@type\":\"WebPage\",\"@id\":\"https:\\\/\\\/booksfrommexico.com\\\/es\\\/producto\\\/homicidios-y-desapariciones-de-mujeres-en-ciudad-juarez-analisis-criticas-y-perspectivas\\\/\",\"url\":\"https:\\\/\\\/booksfrommexico.com\\\/es\\\/producto\\\/homicidios-y-desapariciones-de-mujeres-en-ciudad-juarez-analisis-criticas-y-perspectivas\\\/\",\"name\":\"Homicidios y desapariciones de mujeres en Ciudad Ju\u00e1rez\",\"isPartOf\":{\"@id\":\"https:\\\/\\\/booksfrommexico.com\\\/#website\"},\"primaryImageOfPage\":{\"@id\":\"https:\\\/\\\/booksfrommexico.com\\\/es\\\/producto\\\/homicidios-y-desapariciones-de-mujeres-en-ciudad-juarez-analisis-criticas-y-perspectivas\\\/#primaryimage\"},\"image\":{\"@id\":\"https:\\\/\\\/booksfrommexico.com\\\/es\\\/producto\\\/homicidios-y-desapariciones-de-mujeres-en-ciudad-juarez-analisis-criticas-y-perspectivas\\\/#primaryimage\"},\"thumbnailUrl\":\"https:\\\/\\\/booksfrommexico.com\\\/app\\\/uploads\\\/2023\\\/05\\\/124580.jpeg\",\"datePublished\":\"2023-05-08T17:00:32+00:00\",\"dateModified\":\"2024-10-02T23:28:48+00:00\",\"description\":\"HOMICIDIOS Y DESAPARICIONES DE MUJERES EN CIUDAD JU\u00c1REZ : AN\u00c1LISIS, CR\u00cdTICAS Y PERSPECTIVAS. \\\/ M\u00e9xico, D.F. : Instituto Nacional de Ciencias Penales, 2004.\",\"breadcrumb\":{\"@id\":\"https:\\\/\\\/booksfrommexico.com\\\/es\\\/producto\\\/homicidios-y-desapariciones-de-mujeres-en-ciudad-juarez-analisis-criticas-y-perspectivas\\\/#breadcrumb\"},\"inLanguage\":\"es\",\"potentialAction\":[{\"@type\":\"ReadAction\",\"target\":[\"https:\\\/\\\/booksfrommexico.com\\\/es\\\/producto\\\/homicidios-y-desapariciones-de-mujeres-en-ciudad-juarez-analisis-criticas-y-perspectivas\\\/\"]}]},{\"@type\":\"ImageObject\",\"inLanguage\":\"es\",\"@id\":\"https:\\\/\\\/booksfrommexico.com\\\/es\\\/producto\\\/homicidios-y-desapariciones-de-mujeres-en-ciudad-juarez-analisis-criticas-y-perspectivas\\\/#primaryimage\",\"url\":\"https:\\\/\\\/booksfrommexico.com\\\/app\\\/uploads\\\/2023\\\/05\\\/124580.jpeg\",\"contentUrl\":\"https:\\\/\\\/booksfrommexico.com\\\/app\\\/uploads\\\/2023\\\/05\\\/124580.jpeg\",\"width\":423,\"height\":658},{\"@type\":\"BreadcrumbList\",\"@id\":\"https:\\\/\\\/booksfrommexico.com\\\/es\\\/producto\\\/homicidios-y-desapariciones-de-mujeres-en-ciudad-juarez-analisis-criticas-y-perspectivas\\\/#breadcrumb\",\"itemListElement\":[{\"@type\":\"ListItem\",\"position\":1,\"name\":\"Home\",\"item\":\"https:\\\/\\\/booksfrommexico.com\\\/es\\\/\"},{\"@type\":\"ListItem\",\"position\":2,\"name\":\"Libros\",\"item\":\"https:\\\/\\\/booksfrommexico.com\\\/es\\\/libros\\\/\"},{\"@type\":\"ListItem\",\"position\":3,\"name\":\"Homicidios y desapariciones de mujeres en Ciudad Ju\u00e1rez: An\u00e1lisis, cr\u00edticas y perspectivas\"}]},{\"@type\":\"WebSite\",\"@id\":\"https:\\\/\\\/booksfrommexico.com\\\/#website\",\"url\":\"https:\\\/\\\/booksfrommexico.com\\\/\",\"name\":\"Books From Mexico\",\"description\":\"\",\"publisher\":{\"@id\":\"https:\\\/\\\/booksfrommexico.com\\\/#organization\"},\"potentialAction\":[{\"@type\":\"SearchAction\",\"target\":{\"@type\":\"EntryPoint\",\"urlTemplate\":\"https:\\\/\\\/booksfrommexico.com\\\/?s={search_term_string}\"},\"query-input\":{\"@type\":\"PropertyValueSpecification\",\"valueRequired\":true,\"valueName\":\"search_term_string\"}}],\"inLanguage\":\"es\"},{\"@type\":\"Organization\",\"@id\":\"https:\\\/\\\/booksfrommexico.com\\\/#organization\",\"name\":\"Books From Mexico\",\"url\":\"https:\\\/\\\/booksfrommexico.com\\\/\",\"logo\":{\"@type\":\"ImageObject\",\"inLanguage\":\"es\",\"@id\":\"https:\\\/\\\/booksfrommexico.com\\\/#\\\/schema\\\/logo\\\/image\\\/\",\"url\":\"https:\\\/\\\/booksfrommexico.com\\\/app\\\/uploads\\\/2023\\\/05\\\/logo-booksfrommexico.svg\",\"contentUrl\":\"https:\\\/\\\/booksfrommexico.com\\\/app\\\/uploads\\\/2023\\\/05\\\/logo-booksfrommexico.svg\",\"width\":86,\"height\":56,\"caption\":\"Books From Mexico\"},\"image\":{\"@id\":\"https:\\\/\\\/booksfrommexico.com\\\/#\\\/schema\\\/logo\\\/image\\\/\"}}]}<\/script>\n<!-- \/ Yoast SEO plugin. -->","yoast_head_json":{"title":"Homicidios y desapariciones de mujeres en Ciudad Ju\u00e1rez","description":"HOMICIDIOS Y DESAPARICIONES DE MUJERES EN CIUDAD JU\u00c1REZ : AN\u00c1LISIS, CR\u00cdTICAS Y PERSPECTIVAS. \/ M\u00e9xico, D.F. : Instituto Nacional de Ciencias Penales, 2004.","robots":{"index":"index","follow":"follow","max-snippet":"max-snippet:-1","max-image-preview":"max-image-preview:large","max-video-preview":"max-video-preview:-1"},"canonical":"https:\/\/booksfrommexico.com\/es\/producto\/homicidios-y-desapariciones-de-mujeres-en-ciudad-juarez-analisis-criticas-y-perspectivas\/","og_locale":"es_ES","og_type":"article","og_title":"Homicidios y desapariciones de mujeres en Ciudad Ju\u00e1rez","og_description":"HOMICIDIOS Y DESAPARICIONES DE MUJERES EN CIUDAD JU\u00c1REZ : AN\u00c1LISIS, CR\u00cdTICAS Y PERSPECTIVAS. \/ M\u00e9xico, D.F. : Instituto Nacional de Ciencias Penales, 2004.","og_url":"https:\/\/booksfrommexico.com\/es\/producto\/homicidios-y-desapariciones-de-mujeres-en-ciudad-juarez-analisis-criticas-y-perspectivas\/","og_site_name":"Books From Mexico","article_modified_time":"2024-10-02T23:28:48+00:00","og_image":[{"width":423,"height":658,"url":"http:\/\/booksfrommexico.com\/app\/uploads\/2023\/05\/124580.jpeg","type":"image\/jpeg"}],"twitter_card":"summary_large_image","twitter_misc":{"Tiempo de lectura":"1 minuto"},"schema":{"@context":"https:\/\/schema.org","@graph":[{"@type":"WebPage","@id":"https:\/\/booksfrommexico.com\/es\/producto\/homicidios-y-desapariciones-de-mujeres-en-ciudad-juarez-analisis-criticas-y-perspectivas\/","url":"https:\/\/booksfrommexico.com\/es\/producto\/homicidios-y-desapariciones-de-mujeres-en-ciudad-juarez-analisis-criticas-y-perspectivas\/","name":"Homicidios y desapariciones de mujeres en Ciudad Ju\u00e1rez","isPartOf":{"@id":"https:\/\/booksfrommexico.com\/#website"},"primaryImageOfPage":{"@id":"https:\/\/booksfrommexico.com\/es\/producto\/homicidios-y-desapariciones-de-mujeres-en-ciudad-juarez-analisis-criticas-y-perspectivas\/#primaryimage"},"image":{"@id":"https:\/\/booksfrommexico.com\/es\/producto\/homicidios-y-desapariciones-de-mujeres-en-ciudad-juarez-analisis-criticas-y-perspectivas\/#primaryimage"},"thumbnailUrl":"https:\/\/booksfrommexico.com\/app\/uploads\/2023\/05\/124580.jpeg","datePublished":"2023-05-08T17:00:32+00:00","dateModified":"2024-10-02T23:28:48+00:00","description":"HOMICIDIOS Y DESAPARICIONES DE MUJERES EN CIUDAD JU\u00c1REZ : AN\u00c1LISIS, CR\u00cdTICAS Y PERSPECTIVAS. \/ M\u00e9xico, D.F. : Instituto Nacional de Ciencias Penales, 2004.","breadcrumb":{"@id":"https:\/\/booksfrommexico.com\/es\/producto\/homicidios-y-desapariciones-de-mujeres-en-ciudad-juarez-analisis-criticas-y-perspectivas\/#breadcrumb"},"inLanguage":"es","potentialAction":[{"@type":"ReadAction","target":["https:\/\/booksfrommexico.com\/es\/producto\/homicidios-y-desapariciones-de-mujeres-en-ciudad-juarez-analisis-criticas-y-perspectivas\/"]}]},{"@type":"ImageObject","inLanguage":"es","@id":"https:\/\/booksfrommexico.com\/es\/producto\/homicidios-y-desapariciones-de-mujeres-en-ciudad-juarez-analisis-criticas-y-perspectivas\/#primaryimage","url":"https:\/\/booksfrommexico.com\/app\/uploads\/2023\/05\/124580.jpeg","contentUrl":"https:\/\/booksfrommexico.com\/app\/uploads\/2023\/05\/124580.jpeg","width":423,"height":658},{"@type":"BreadcrumbList","@id":"https:\/\/booksfrommexico.com\/es\/producto\/homicidios-y-desapariciones-de-mujeres-en-ciudad-juarez-analisis-criticas-y-perspectivas\/#breadcrumb","itemListElement":[{"@type":"ListItem","position":1,"name":"Home","item":"https:\/\/booksfrommexico.com\/es\/"},{"@type":"ListItem","position":2,"name":"Libros","item":"https:\/\/booksfrommexico.com\/es\/libros\/"},{"@type":"ListItem","position":3,"name":"Homicidios y desapariciones de mujeres en Ciudad Ju\u00e1rez: An\u00e1lisis, cr\u00edticas y perspectivas"}]},{"@type":"WebSite","@id":"https:\/\/booksfrommexico.com\/#website","url":"https:\/\/booksfrommexico.com\/","name":"Books From Mexico","description":"","publisher":{"@id":"https:\/\/booksfrommexico.com\/#organization"},"potentialAction":[{"@type":"SearchAction","target":{"@type":"EntryPoint","urlTemplate":"https:\/\/booksfrommexico.com\/?s={search_term_string}"},"query-input":{"@type":"PropertyValueSpecification","valueRequired":true,"valueName":"search_term_string"}}],"inLanguage":"es"},{"@type":"Organization","@id":"https:\/\/booksfrommexico.com\/#organization","name":"Books From Mexico","url":"https:\/\/booksfrommexico.com\/","logo":{"@type":"ImageObject","inLanguage":"es","@id":"https:\/\/booksfrommexico.com\/#\/schema\/logo\/image\/","url":"https:\/\/booksfrommexico.com\/app\/uploads\/2023\/05\/logo-booksfrommexico.svg","contentUrl":"https:\/\/booksfrommexico.com\/app\/uploads\/2023\/05\/logo-booksfrommexico.svg","width":86,"height":56,"caption":"Books From Mexico"},"image":{"@id":"https:\/\/booksfrommexico.com\/#\/schema\/logo\/image\/"}}]}},"_links":{"self":[{"href":"https:\/\/booksfrommexico.com\/es\/wp-json\/wp\/v2\/product\/304","targetHints":{"allow":["GET"]}}],"collection":[{"href":"https:\/\/booksfrommexico.com\/es\/wp-json\/wp\/v2\/product"}],"about":[{"href":"https:\/\/booksfrommexico.com\/es\/wp-json\/wp\/v2\/types\/product"}],"wp:featuredmedia":[{"embeddable":true,"href":"https:\/\/booksfrommexico.com\/es\/wp-json\/wp\/v2\/media\/303"}],"wp:attachment":[{"href":"https:\/\/booksfrommexico.com\/es\/wp-json\/wp\/v2\/media?parent=304"}],"wp:term":[{"taxonomy":"product_brand","embeddable":true,"href":"https:\/\/booksfrommexico.com\/es\/wp-json\/wp\/v2\/product_brand?post=304"},{"taxonomy":"product_cat","embeddable":true,"href":"https:\/\/booksfrommexico.com\/es\/wp-json\/wp\/v2\/product_cat?post=304"},{"taxonomy":"product_tag","embeddable":true,"href":"https:\/\/booksfrommexico.com\/es\/wp-json\/wp\/v2\/product_tag?post=304"}],"curies":[{"name":"wp","href":"https:\/\/api.w.org\/{rel}","templated":true}]}}