{"id":306,"date":"2023-05-08T17:00:34","date_gmt":"2023-05-08T17:00:34","guid":{"rendered":"http:\/\/booksfrommexico.com\/product\/pachachaka-puente-sobre-el-mundo-narrativa-memoria-y-simbolo-en-la-obra-de-jose-maria-arquedas\/"},"modified":"2024-10-02T23:29:49","modified_gmt":"2024-10-02T23:29:49","slug":"pachachaka-puente-sobre-el-mundo-narrativa-memoria-y-simbolo-en-la-obra-de-jose-maria-arquedas","status":"publish","type":"product","link":"https:\/\/booksfrommexico.com\/es\/producto\/pachachaka-puente-sobre-el-mundo-narrativa-memoria-y-simbolo-en-la-obra-de-jose-maria-arquedas\/","title":{"rendered":"Pachachaka: Puente sobre el mundo: Narrativa, memoria y s\u00edmbolo en la obra de Jos\u00e9 Mar\u00eda Arguedas"},"content":{"rendered":"<p><span style=\"font-weight: 400;\">Este estudio arroja luz sobre la narrativa del escritor peruano Jos\u00e9 Mar\u00eda Arguedas, en donde la fronteras fronteras se difuminan entre la cultura quechua y la occidental hisp\u00e1nica, entre lo culto y lo popular, entre la oralidad y la escritura. Carlos Huam\u00e1n logra plasmar aqu\u00ed una relectura del conjunto de la obra de Arguedas, poniendo \u00e9nfasis en la cosmovisi\u00f3n quechua-andina, a partir de las huellas ficcionales del mundo representado en la literatura. Aqu\u00ed se muestra la fuerza de la memoria popular en la escritura arguediana, brind\u00e1ndole al lector una perspectiva cultural donde la m\u00fasica, la danza, los mitos y los procesos de simbolizaci\u00f3n quechuas convergen.<\/span><\/p>\n","protected":false},"excerpt":{"rendered":"<p>PACHACHAKA : PUENTE SOBRE EL MUNDO : NARRATIVA, MEMORIA Y S\u00cdMBOLO EN LA OBRA DE JOS\u00c9 MAR\u00cdA ARQUEDAS<span style=\"font-weight: 400;\">. \/ Carlos Huam\u00e1n. M\u00e9xico, D.F. : El Colegio de M\u00e9xico , Centro de Estudios Ling\u00fc\u00edsticos y Literarios ; Universidad Nacional Aut\u00f3noma de M\u00e9xico , Centro Coordinador y Difusor de Estudios Latinoamericanos, 2004. 354 pages : includes references, glossary, bibliography ; 22 cm. (Serie Lenguajes y Tradiciones). ISBN : 9681211324.<\/span><\/p>\n","protected":false},"featured_media":305,"template":"","meta":{"_acf_changed":false,"inline_featured_image":false},"product_brand":[],"product_cat":[4393,25],"product_tag":[4039,3707,4124,3952],"class_list":{"0":"post-306","1":"product","2":"type-product","3":"status-publish","4":"has-post-thumbnail","6":"product_cat-analisis-literario","7":"product_cat-literatura","8":"product_tag-cosmovision","9":"product_tag-critica-e-interpretacion","10":"product_tag-literatura-es","11":"product_tag-literatura-peruana","13":"first","14":"instock","15":"sale","16":"taxable","17":"shipping-taxable","18":"purchasable","19":"product-type-simple"},"acf":[],"yoast_head":"<!-- This site is optimized with the Yoast SEO plugin v27.3 - https:\/\/yoast.com\/product\/yoast-seo-wordpress\/ -->\n<title>Pachachaka: Puente sobre el mundo<\/title>\n<meta name=\"description\" content=\"PACHACHAKA : PUENTE SOBRE EL MUNDO : NARRATIVA, MEMORIA Y S\u00cdMBOLO EN LA OBRA DE JOS\u00c9 MAR\u00cdA ARQUEDAS. \/ Carlos Huam\u00e1n. El Colegio de M\u00e9xico , UNAM, 2004.\" \/>\n<meta name=\"robots\" content=\"index, follow, max-snippet:-1, max-image-preview:large, max-video-preview:-1\" \/>\n<link rel=\"canonical\" href=\"https:\/\/booksfrommexico.com\/es\/producto\/pachachaka-puente-sobre-el-mundo-narrativa-memoria-y-simbolo-en-la-obra-de-jose-maria-arquedas\/\" \/>\n<meta property=\"og:locale\" content=\"es_ES\" \/>\n<meta property=\"og:type\" content=\"article\" \/>\n<meta property=\"og:title\" content=\"Pachachaka: Puente sobre el mundo\" \/>\n<meta property=\"og:description\" content=\"PACHACHAKA : PUENTE SOBRE EL MUNDO : NARRATIVA, MEMORIA Y S\u00cdMBOLO EN LA OBRA DE JOS\u00c9 MAR\u00cdA ARQUEDAS. \/ Carlos Huam\u00e1n. El Colegio de M\u00e9xico , UNAM, 2004.\" \/>\n<meta property=\"og:url\" content=\"https:\/\/booksfrommexico.com\/es\/producto\/pachachaka-puente-sobre-el-mundo-narrativa-memoria-y-simbolo-en-la-obra-de-jose-maria-arquedas\/\" \/>\n<meta property=\"og:site_name\" content=\"Books From Mexico\" \/>\n<meta property=\"article:modified_time\" content=\"2024-10-02T23:29:49+00:00\" \/>\n<meta property=\"og:image\" content=\"http:\/\/booksfrommexico.com\/app\/uploads\/2023\/05\/125032.jpeg\" \/>\n\t<meta property=\"og:image:width\" content=\"422\" \/>\n\t<meta property=\"og:image:height\" content=\"624\" \/>\n\t<meta property=\"og:image:type\" content=\"image\/jpeg\" \/>\n<meta name=\"twitter:card\" content=\"summary_large_image\" \/>\n<meta name=\"twitter:label1\" content=\"Tiempo de lectura\" \/>\n\t<meta name=\"twitter:data1\" content=\"1 minuto\" \/>\n<script type=\"application\/ld+json\" class=\"yoast-schema-graph\">{\"@context\":\"https:\\\/\\\/schema.org\",\"@graph\":[{\"@type\":\"WebPage\",\"@id\":\"https:\\\/\\\/booksfrommexico.com\\\/es\\\/producto\\\/pachachaka-puente-sobre-el-mundo-narrativa-memoria-y-simbolo-en-la-obra-de-jose-maria-arquedas\\\/\",\"url\":\"https:\\\/\\\/booksfrommexico.com\\\/es\\\/producto\\\/pachachaka-puente-sobre-el-mundo-narrativa-memoria-y-simbolo-en-la-obra-de-jose-maria-arquedas\\\/\",\"name\":\"Pachachaka: Puente sobre el mundo\",\"isPartOf\":{\"@id\":\"https:\\\/\\\/booksfrommexico.com\\\/#website\"},\"primaryImageOfPage\":{\"@id\":\"https:\\\/\\\/booksfrommexico.com\\\/es\\\/producto\\\/pachachaka-puente-sobre-el-mundo-narrativa-memoria-y-simbolo-en-la-obra-de-jose-maria-arquedas\\\/#primaryimage\"},\"image\":{\"@id\":\"https:\\\/\\\/booksfrommexico.com\\\/es\\\/producto\\\/pachachaka-puente-sobre-el-mundo-narrativa-memoria-y-simbolo-en-la-obra-de-jose-maria-arquedas\\\/#primaryimage\"},\"thumbnailUrl\":\"https:\\\/\\\/booksfrommexico.com\\\/app\\\/uploads\\\/2023\\\/05\\\/125032.jpeg\",\"datePublished\":\"2023-05-08T17:00:34+00:00\",\"dateModified\":\"2024-10-02T23:29:49+00:00\",\"description\":\"PACHACHAKA : PUENTE SOBRE EL MUNDO : NARRATIVA, MEMORIA Y S\u00cdMBOLO EN LA OBRA DE JOS\u00c9 MAR\u00cdA ARQUEDAS. \\\/ Carlos Huam\u00e1n. El Colegio de M\u00e9xico , UNAM, 2004.\",\"breadcrumb\":{\"@id\":\"https:\\\/\\\/booksfrommexico.com\\\/es\\\/producto\\\/pachachaka-puente-sobre-el-mundo-narrativa-memoria-y-simbolo-en-la-obra-de-jose-maria-arquedas\\\/#breadcrumb\"},\"inLanguage\":\"es\",\"potentialAction\":[{\"@type\":\"ReadAction\",\"target\":[\"https:\\\/\\\/booksfrommexico.com\\\/es\\\/producto\\\/pachachaka-puente-sobre-el-mundo-narrativa-memoria-y-simbolo-en-la-obra-de-jose-maria-arquedas\\\/\"]}]},{\"@type\":\"ImageObject\",\"inLanguage\":\"es\",\"@id\":\"https:\\\/\\\/booksfrommexico.com\\\/es\\\/producto\\\/pachachaka-puente-sobre-el-mundo-narrativa-memoria-y-simbolo-en-la-obra-de-jose-maria-arquedas\\\/#primaryimage\",\"url\":\"https:\\\/\\\/booksfrommexico.com\\\/app\\\/uploads\\\/2023\\\/05\\\/125032.jpeg\",\"contentUrl\":\"https:\\\/\\\/booksfrommexico.com\\\/app\\\/uploads\\\/2023\\\/05\\\/125032.jpeg\",\"width\":422,\"height\":624},{\"@type\":\"BreadcrumbList\",\"@id\":\"https:\\\/\\\/booksfrommexico.com\\\/es\\\/producto\\\/pachachaka-puente-sobre-el-mundo-narrativa-memoria-y-simbolo-en-la-obra-de-jose-maria-arquedas\\\/#breadcrumb\",\"itemListElement\":[{\"@type\":\"ListItem\",\"position\":1,\"name\":\"Home\",\"item\":\"https:\\\/\\\/booksfrommexico.com\\\/es\\\/\"},{\"@type\":\"ListItem\",\"position\":2,\"name\":\"Libros\",\"item\":\"https:\\\/\\\/booksfrommexico.com\\\/es\\\/libros\\\/\"},{\"@type\":\"ListItem\",\"position\":3,\"name\":\"Pachachaka: Puente sobre el mundo: Narrativa, memoria y s\u00edmbolo en la obra de Jos\u00e9 Mar\u00eda Arguedas\"}]},{\"@type\":\"WebSite\",\"@id\":\"https:\\\/\\\/booksfrommexico.com\\\/#website\",\"url\":\"https:\\\/\\\/booksfrommexico.com\\\/\",\"name\":\"Books From Mexico\",\"description\":\"\",\"publisher\":{\"@id\":\"https:\\\/\\\/booksfrommexico.com\\\/#organization\"},\"potentialAction\":[{\"@type\":\"SearchAction\",\"target\":{\"@type\":\"EntryPoint\",\"urlTemplate\":\"https:\\\/\\\/booksfrommexico.com\\\/?s={search_term_string}\"},\"query-input\":{\"@type\":\"PropertyValueSpecification\",\"valueRequired\":true,\"valueName\":\"search_term_string\"}}],\"inLanguage\":\"es\"},{\"@type\":\"Organization\",\"@id\":\"https:\\\/\\\/booksfrommexico.com\\\/#organization\",\"name\":\"Books From Mexico\",\"url\":\"https:\\\/\\\/booksfrommexico.com\\\/\",\"logo\":{\"@type\":\"ImageObject\",\"inLanguage\":\"es\",\"@id\":\"https:\\\/\\\/booksfrommexico.com\\\/#\\\/schema\\\/logo\\\/image\\\/\",\"url\":\"https:\\\/\\\/booksfrommexico.com\\\/app\\\/uploads\\\/2023\\\/05\\\/logo-booksfrommexico.svg\",\"contentUrl\":\"https:\\\/\\\/booksfrommexico.com\\\/app\\\/uploads\\\/2023\\\/05\\\/logo-booksfrommexico.svg\",\"width\":86,\"height\":56,\"caption\":\"Books From Mexico\"},\"image\":{\"@id\":\"https:\\\/\\\/booksfrommexico.com\\\/#\\\/schema\\\/logo\\\/image\\\/\"}}]}<\/script>\n<!-- \/ Yoast SEO plugin. -->","yoast_head_json":{"title":"Pachachaka: Puente sobre el mundo","description":"PACHACHAKA : PUENTE SOBRE EL MUNDO : NARRATIVA, MEMORIA Y S\u00cdMBOLO EN LA OBRA DE JOS\u00c9 MAR\u00cdA ARQUEDAS. \/ Carlos Huam\u00e1n. El Colegio de M\u00e9xico , UNAM, 2004.","robots":{"index":"index","follow":"follow","max-snippet":"max-snippet:-1","max-image-preview":"max-image-preview:large","max-video-preview":"max-video-preview:-1"},"canonical":"https:\/\/booksfrommexico.com\/es\/producto\/pachachaka-puente-sobre-el-mundo-narrativa-memoria-y-simbolo-en-la-obra-de-jose-maria-arquedas\/","og_locale":"es_ES","og_type":"article","og_title":"Pachachaka: Puente sobre el mundo","og_description":"PACHACHAKA : PUENTE SOBRE EL MUNDO : NARRATIVA, MEMORIA Y S\u00cdMBOLO EN LA OBRA DE JOS\u00c9 MAR\u00cdA ARQUEDAS. \/ Carlos Huam\u00e1n. El Colegio de M\u00e9xico , UNAM, 2004.","og_url":"https:\/\/booksfrommexico.com\/es\/producto\/pachachaka-puente-sobre-el-mundo-narrativa-memoria-y-simbolo-en-la-obra-de-jose-maria-arquedas\/","og_site_name":"Books From Mexico","article_modified_time":"2024-10-02T23:29:49+00:00","og_image":[{"width":422,"height":624,"url":"http:\/\/booksfrommexico.com\/app\/uploads\/2023\/05\/125032.jpeg","type":"image\/jpeg"}],"twitter_card":"summary_large_image","twitter_misc":{"Tiempo de lectura":"1 minuto"},"schema":{"@context":"https:\/\/schema.org","@graph":[{"@type":"WebPage","@id":"https:\/\/booksfrommexico.com\/es\/producto\/pachachaka-puente-sobre-el-mundo-narrativa-memoria-y-simbolo-en-la-obra-de-jose-maria-arquedas\/","url":"https:\/\/booksfrommexico.com\/es\/producto\/pachachaka-puente-sobre-el-mundo-narrativa-memoria-y-simbolo-en-la-obra-de-jose-maria-arquedas\/","name":"Pachachaka: Puente sobre el mundo","isPartOf":{"@id":"https:\/\/booksfrommexico.com\/#website"},"primaryImageOfPage":{"@id":"https:\/\/booksfrommexico.com\/es\/producto\/pachachaka-puente-sobre-el-mundo-narrativa-memoria-y-simbolo-en-la-obra-de-jose-maria-arquedas\/#primaryimage"},"image":{"@id":"https:\/\/booksfrommexico.com\/es\/producto\/pachachaka-puente-sobre-el-mundo-narrativa-memoria-y-simbolo-en-la-obra-de-jose-maria-arquedas\/#primaryimage"},"thumbnailUrl":"https:\/\/booksfrommexico.com\/app\/uploads\/2023\/05\/125032.jpeg","datePublished":"2023-05-08T17:00:34+00:00","dateModified":"2024-10-02T23:29:49+00:00","description":"PACHACHAKA : PUENTE SOBRE EL MUNDO : NARRATIVA, MEMORIA Y S\u00cdMBOLO EN LA OBRA DE JOS\u00c9 MAR\u00cdA ARQUEDAS. \/ Carlos Huam\u00e1n. El Colegio de M\u00e9xico , UNAM, 2004.","breadcrumb":{"@id":"https:\/\/booksfrommexico.com\/es\/producto\/pachachaka-puente-sobre-el-mundo-narrativa-memoria-y-simbolo-en-la-obra-de-jose-maria-arquedas\/#breadcrumb"},"inLanguage":"es","potentialAction":[{"@type":"ReadAction","target":["https:\/\/booksfrommexico.com\/es\/producto\/pachachaka-puente-sobre-el-mundo-narrativa-memoria-y-simbolo-en-la-obra-de-jose-maria-arquedas\/"]}]},{"@type":"ImageObject","inLanguage":"es","@id":"https:\/\/booksfrommexico.com\/es\/producto\/pachachaka-puente-sobre-el-mundo-narrativa-memoria-y-simbolo-en-la-obra-de-jose-maria-arquedas\/#primaryimage","url":"https:\/\/booksfrommexico.com\/app\/uploads\/2023\/05\/125032.jpeg","contentUrl":"https:\/\/booksfrommexico.com\/app\/uploads\/2023\/05\/125032.jpeg","width":422,"height":624},{"@type":"BreadcrumbList","@id":"https:\/\/booksfrommexico.com\/es\/producto\/pachachaka-puente-sobre-el-mundo-narrativa-memoria-y-simbolo-en-la-obra-de-jose-maria-arquedas\/#breadcrumb","itemListElement":[{"@type":"ListItem","position":1,"name":"Home","item":"https:\/\/booksfrommexico.com\/es\/"},{"@type":"ListItem","position":2,"name":"Libros","item":"https:\/\/booksfrommexico.com\/es\/libros\/"},{"@type":"ListItem","position":3,"name":"Pachachaka: Puente sobre el mundo: Narrativa, memoria y s\u00edmbolo en la obra de Jos\u00e9 Mar\u00eda Arguedas"}]},{"@type":"WebSite","@id":"https:\/\/booksfrommexico.com\/#website","url":"https:\/\/booksfrommexico.com\/","name":"Books From Mexico","description":"","publisher":{"@id":"https:\/\/booksfrommexico.com\/#organization"},"potentialAction":[{"@type":"SearchAction","target":{"@type":"EntryPoint","urlTemplate":"https:\/\/booksfrommexico.com\/?s={search_term_string}"},"query-input":{"@type":"PropertyValueSpecification","valueRequired":true,"valueName":"search_term_string"}}],"inLanguage":"es"},{"@type":"Organization","@id":"https:\/\/booksfrommexico.com\/#organization","name":"Books From Mexico","url":"https:\/\/booksfrommexico.com\/","logo":{"@type":"ImageObject","inLanguage":"es","@id":"https:\/\/booksfrommexico.com\/#\/schema\/logo\/image\/","url":"https:\/\/booksfrommexico.com\/app\/uploads\/2023\/05\/logo-booksfrommexico.svg","contentUrl":"https:\/\/booksfrommexico.com\/app\/uploads\/2023\/05\/logo-booksfrommexico.svg","width":86,"height":56,"caption":"Books From Mexico"},"image":{"@id":"https:\/\/booksfrommexico.com\/#\/schema\/logo\/image\/"}}]}},"_links":{"self":[{"href":"https:\/\/booksfrommexico.com\/es\/wp-json\/wp\/v2\/product\/306","targetHints":{"allow":["GET"]}}],"collection":[{"href":"https:\/\/booksfrommexico.com\/es\/wp-json\/wp\/v2\/product"}],"about":[{"href":"https:\/\/booksfrommexico.com\/es\/wp-json\/wp\/v2\/types\/product"}],"wp:featuredmedia":[{"embeddable":true,"href":"https:\/\/booksfrommexico.com\/es\/wp-json\/wp\/v2\/media\/305"}],"wp:attachment":[{"href":"https:\/\/booksfrommexico.com\/es\/wp-json\/wp\/v2\/media?parent=306"}],"wp:term":[{"taxonomy":"product_brand","embeddable":true,"href":"https:\/\/booksfrommexico.com\/es\/wp-json\/wp\/v2\/product_brand?post=306"},{"taxonomy":"product_cat","embeddable":true,"href":"https:\/\/booksfrommexico.com\/es\/wp-json\/wp\/v2\/product_cat?post=306"},{"taxonomy":"product_tag","embeddable":true,"href":"https:\/\/booksfrommexico.com\/es\/wp-json\/wp\/v2\/product_tag?post=306"}],"curies":[{"name":"wp","href":"https:\/\/api.w.org\/{rel}","templated":true}]}}