{"id":310,"date":"2023-05-08T17:00:37","date_gmt":"2023-05-08T17:00:37","guid":{"rendered":"http:\/\/booksfrommexico.com\/product\/tradicion-de-dia-de-muertos-en-mexico\/"},"modified":"2024-10-02T23:30:31","modified_gmt":"2024-10-02T23:30:31","slug":"tradicion-de-dia-de-muertos-en-mexico","status":"publish","type":"product","link":"https:\/\/booksfrommexico.com\/es\/producto\/tradicion-de-dia-de-muertos-en-mexico\/","title":{"rendered":"Tradici\u00f3n de D\u00eda de muertos en M\u00e9xico"},"content":{"rendered":"<p><span style=\"font-weight: 400;\">La supervivencia de mitos y ritos que emanan de la antig\u00fcedad ha fomentado la celebraci\u00f3n del D\u00eda de Muertos en gran parte de M\u00e9xico. Esta tradici\u00f3n, conocida en el \u00e1mbito internacional, ha sido considerada por la UNESCO para declararla como Patrimonio Cultural de la Humanidad \u2013perteneciendo al denominado \u201cpatrimonio intangible\u201d\u2013. A lo largo de esta investigaci\u00f3n se exponen las ra\u00edces y or\u00edgenes de esta tradici\u00f3n, los componentes de esta celebraci\u00f3n, as\u00ed como los elementos particulares que cada estado le agrega. Acompa\u00f1ando al texto, se incluye una serie de fotograf\u00edas \u2013algunas a color\u2013 de la festividad en diferentes localidades. \u00c9sta se trata adem\u00e1s de una edici\u00f3n biling\u00fce espa\u00f1ol-ingl\u00e9s.<\/span><\/p>\n","protected":false},"excerpt":{"rendered":"<p>TRADICI\u00d3N DE D\u00cdA DE MUERTOS EN M\u00c9XICO<span style=\"font-weight: 400;\">. \/ Cipriano Guti\u00e9rrez M.,\u00a0 Leonardo E. P\u00e9rez B. M\u00e9xico, D.F. : CIGUMART, 2004. 107 pages : includes color photos, illustrations ; 21 cm. ISBN : 9709275038.<\/span><\/p>\n","protected":false},"featured_media":309,"template":"","meta":{"_acf_changed":false,"inline_featured_image":false},"product_brand":[],"product_cat":[66,372],"product_tag":[3740,4382,3594,4481,3608],"class_list":{"0":"post-310","1":"product","2":"type-product","3":"status-publish","4":"has-post-thumbnail","6":"product_cat-sociocultural","7":"product_cat-tradiciones-culturales","8":"product_tag-dia-de-muertos","9":"product_tag-edicion-bilingue","10":"product_tag-mexico","11":"product_tag-tradicion-y-costumbres","12":"product_tag-vida-social-y-costumbres","14":"first","15":"instock","16":"sale","17":"taxable","18":"shipping-taxable","19":"purchasable","20":"product-type-simple"},"acf":[],"yoast_head":"<!-- This site is optimized with the Yoast SEO plugin v27.3 - https:\/\/yoast.com\/product\/yoast-seo-wordpress\/ -->\n<title>Tradici\u00f3n de D\u00eda de Muertos<\/title>\n<meta name=\"description\" content=\"TRADICI\u00d3N DE D\u00cdA DE MUERTOS EN M\u00c9XICO. \/ Cipriano Guti\u00e9rrez M., Leonardo E. P\u00e9rez B. M\u00e9xico, D.F. : CIGUMART, 2004. ISBN : 9709275038.\" \/>\n<meta name=\"robots\" content=\"index, follow, max-snippet:-1, max-image-preview:large, max-video-preview:-1\" \/>\n<link rel=\"canonical\" href=\"https:\/\/booksfrommexico.com\/es\/producto\/tradicion-de-dia-de-muertos-en-mexico\/\" \/>\n<meta property=\"og:locale\" content=\"es_ES\" \/>\n<meta property=\"og:type\" content=\"article\" \/>\n<meta property=\"og:title\" content=\"Tradici\u00f3n de D\u00eda de Muertos\" \/>\n<meta property=\"og:description\" content=\"TRADICI\u00d3N DE D\u00cdA DE MUERTOS EN M\u00c9XICO. \/ Cipriano Guti\u00e9rrez M., Leonardo E. P\u00e9rez B. M\u00e9xico, D.F. : CIGUMART, 2004. ISBN : 9709275038.\" \/>\n<meta property=\"og:url\" content=\"https:\/\/booksfrommexico.com\/es\/producto\/tradicion-de-dia-de-muertos-en-mexico\/\" \/>\n<meta property=\"og:site_name\" content=\"Books From Mexico\" \/>\n<meta property=\"article:modified_time\" content=\"2024-10-02T23:30:31+00:00\" \/>\n<meta property=\"og:image\" content=\"http:\/\/booksfrommexico.com\/app\/uploads\/2023\/05\/125295.jpeg\" \/>\n\t<meta property=\"og:image:width\" content=\"396\" \/>\n\t<meta property=\"og:image:height\" content=\"611\" \/>\n\t<meta property=\"og:image:type\" content=\"image\/jpeg\" \/>\n<meta name=\"twitter:card\" content=\"summary_large_image\" \/>\n<meta name=\"twitter:label1\" content=\"Tiempo de lectura\" \/>\n\t<meta name=\"twitter:data1\" content=\"1 minuto\" \/>\n<script type=\"application\/ld+json\" class=\"yoast-schema-graph\">{\"@context\":\"https:\\\/\\\/schema.org\",\"@graph\":[{\"@type\":\"WebPage\",\"@id\":\"https:\\\/\\\/booksfrommexico.com\\\/es\\\/producto\\\/tradicion-de-dia-de-muertos-en-mexico\\\/\",\"url\":\"https:\\\/\\\/booksfrommexico.com\\\/es\\\/producto\\\/tradicion-de-dia-de-muertos-en-mexico\\\/\",\"name\":\"Tradici\u00f3n de D\u00eda de Muertos\",\"isPartOf\":{\"@id\":\"https:\\\/\\\/booksfrommexico.com\\\/#website\"},\"primaryImageOfPage\":{\"@id\":\"https:\\\/\\\/booksfrommexico.com\\\/es\\\/producto\\\/tradicion-de-dia-de-muertos-en-mexico\\\/#primaryimage\"},\"image\":{\"@id\":\"https:\\\/\\\/booksfrommexico.com\\\/es\\\/producto\\\/tradicion-de-dia-de-muertos-en-mexico\\\/#primaryimage\"},\"thumbnailUrl\":\"https:\\\/\\\/booksfrommexico.com\\\/app\\\/uploads\\\/2023\\\/05\\\/125295.jpeg\",\"datePublished\":\"2023-05-08T17:00:37+00:00\",\"dateModified\":\"2024-10-02T23:30:31+00:00\",\"description\":\"TRADICI\u00d3N DE D\u00cdA DE MUERTOS EN M\u00c9XICO. \\\/ Cipriano Guti\u00e9rrez M., Leonardo E. P\u00e9rez B. M\u00e9xico, D.F. : CIGUMART, 2004. ISBN : 9709275038.\",\"breadcrumb\":{\"@id\":\"https:\\\/\\\/booksfrommexico.com\\\/es\\\/producto\\\/tradicion-de-dia-de-muertos-en-mexico\\\/#breadcrumb\"},\"inLanguage\":\"es\",\"potentialAction\":[{\"@type\":\"ReadAction\",\"target\":[\"https:\\\/\\\/booksfrommexico.com\\\/es\\\/producto\\\/tradicion-de-dia-de-muertos-en-mexico\\\/\"]}]},{\"@type\":\"ImageObject\",\"inLanguage\":\"es\",\"@id\":\"https:\\\/\\\/booksfrommexico.com\\\/es\\\/producto\\\/tradicion-de-dia-de-muertos-en-mexico\\\/#primaryimage\",\"url\":\"https:\\\/\\\/booksfrommexico.com\\\/app\\\/uploads\\\/2023\\\/05\\\/125295.jpeg\",\"contentUrl\":\"https:\\\/\\\/booksfrommexico.com\\\/app\\\/uploads\\\/2023\\\/05\\\/125295.jpeg\",\"width\":396,\"height\":611},{\"@type\":\"BreadcrumbList\",\"@id\":\"https:\\\/\\\/booksfrommexico.com\\\/es\\\/producto\\\/tradicion-de-dia-de-muertos-en-mexico\\\/#breadcrumb\",\"itemListElement\":[{\"@type\":\"ListItem\",\"position\":1,\"name\":\"Home\",\"item\":\"https:\\\/\\\/booksfrommexico.com\\\/es\\\/\"},{\"@type\":\"ListItem\",\"position\":2,\"name\":\"Libros\",\"item\":\"https:\\\/\\\/booksfrommexico.com\\\/es\\\/libros\\\/\"},{\"@type\":\"ListItem\",\"position\":3,\"name\":\"Tradici\u00f3n de D\u00eda de muertos en M\u00e9xico\"}]},{\"@type\":\"WebSite\",\"@id\":\"https:\\\/\\\/booksfrommexico.com\\\/#website\",\"url\":\"https:\\\/\\\/booksfrommexico.com\\\/\",\"name\":\"Books From Mexico\",\"description\":\"\",\"publisher\":{\"@id\":\"https:\\\/\\\/booksfrommexico.com\\\/#organization\"},\"potentialAction\":[{\"@type\":\"SearchAction\",\"target\":{\"@type\":\"EntryPoint\",\"urlTemplate\":\"https:\\\/\\\/booksfrommexico.com\\\/?s={search_term_string}\"},\"query-input\":{\"@type\":\"PropertyValueSpecification\",\"valueRequired\":true,\"valueName\":\"search_term_string\"}}],\"inLanguage\":\"es\"},{\"@type\":\"Organization\",\"@id\":\"https:\\\/\\\/booksfrommexico.com\\\/#organization\",\"name\":\"Books From Mexico\",\"url\":\"https:\\\/\\\/booksfrommexico.com\\\/\",\"logo\":{\"@type\":\"ImageObject\",\"inLanguage\":\"es\",\"@id\":\"https:\\\/\\\/booksfrommexico.com\\\/#\\\/schema\\\/logo\\\/image\\\/\",\"url\":\"https:\\\/\\\/booksfrommexico.com\\\/app\\\/uploads\\\/2023\\\/05\\\/logo-booksfrommexico.svg\",\"contentUrl\":\"https:\\\/\\\/booksfrommexico.com\\\/app\\\/uploads\\\/2023\\\/05\\\/logo-booksfrommexico.svg\",\"width\":86,\"height\":56,\"caption\":\"Books From Mexico\"},\"image\":{\"@id\":\"https:\\\/\\\/booksfrommexico.com\\\/#\\\/schema\\\/logo\\\/image\\\/\"}}]}<\/script>\n<!-- \/ Yoast SEO plugin. -->","yoast_head_json":{"title":"Tradici\u00f3n de D\u00eda de Muertos","description":"TRADICI\u00d3N DE D\u00cdA DE MUERTOS EN M\u00c9XICO. \/ Cipriano Guti\u00e9rrez M., Leonardo E. P\u00e9rez B. M\u00e9xico, D.F. : CIGUMART, 2004. ISBN : 9709275038.","robots":{"index":"index","follow":"follow","max-snippet":"max-snippet:-1","max-image-preview":"max-image-preview:large","max-video-preview":"max-video-preview:-1"},"canonical":"https:\/\/booksfrommexico.com\/es\/producto\/tradicion-de-dia-de-muertos-en-mexico\/","og_locale":"es_ES","og_type":"article","og_title":"Tradici\u00f3n de D\u00eda de Muertos","og_description":"TRADICI\u00d3N DE D\u00cdA DE MUERTOS EN M\u00c9XICO. \/ Cipriano Guti\u00e9rrez M., Leonardo E. P\u00e9rez B. M\u00e9xico, D.F. : CIGUMART, 2004. ISBN : 9709275038.","og_url":"https:\/\/booksfrommexico.com\/es\/producto\/tradicion-de-dia-de-muertos-en-mexico\/","og_site_name":"Books From Mexico","article_modified_time":"2024-10-02T23:30:31+00:00","og_image":[{"width":396,"height":611,"url":"http:\/\/booksfrommexico.com\/app\/uploads\/2023\/05\/125295.jpeg","type":"image\/jpeg"}],"twitter_card":"summary_large_image","twitter_misc":{"Tiempo de lectura":"1 minuto"},"schema":{"@context":"https:\/\/schema.org","@graph":[{"@type":"WebPage","@id":"https:\/\/booksfrommexico.com\/es\/producto\/tradicion-de-dia-de-muertos-en-mexico\/","url":"https:\/\/booksfrommexico.com\/es\/producto\/tradicion-de-dia-de-muertos-en-mexico\/","name":"Tradici\u00f3n de D\u00eda de Muertos","isPartOf":{"@id":"https:\/\/booksfrommexico.com\/#website"},"primaryImageOfPage":{"@id":"https:\/\/booksfrommexico.com\/es\/producto\/tradicion-de-dia-de-muertos-en-mexico\/#primaryimage"},"image":{"@id":"https:\/\/booksfrommexico.com\/es\/producto\/tradicion-de-dia-de-muertos-en-mexico\/#primaryimage"},"thumbnailUrl":"https:\/\/booksfrommexico.com\/app\/uploads\/2023\/05\/125295.jpeg","datePublished":"2023-05-08T17:00:37+00:00","dateModified":"2024-10-02T23:30:31+00:00","description":"TRADICI\u00d3N DE D\u00cdA DE MUERTOS EN M\u00c9XICO. \/ Cipriano Guti\u00e9rrez M., Leonardo E. P\u00e9rez B. M\u00e9xico, D.F. : CIGUMART, 2004. ISBN : 9709275038.","breadcrumb":{"@id":"https:\/\/booksfrommexico.com\/es\/producto\/tradicion-de-dia-de-muertos-en-mexico\/#breadcrumb"},"inLanguage":"es","potentialAction":[{"@type":"ReadAction","target":["https:\/\/booksfrommexico.com\/es\/producto\/tradicion-de-dia-de-muertos-en-mexico\/"]}]},{"@type":"ImageObject","inLanguage":"es","@id":"https:\/\/booksfrommexico.com\/es\/producto\/tradicion-de-dia-de-muertos-en-mexico\/#primaryimage","url":"https:\/\/booksfrommexico.com\/app\/uploads\/2023\/05\/125295.jpeg","contentUrl":"https:\/\/booksfrommexico.com\/app\/uploads\/2023\/05\/125295.jpeg","width":396,"height":611},{"@type":"BreadcrumbList","@id":"https:\/\/booksfrommexico.com\/es\/producto\/tradicion-de-dia-de-muertos-en-mexico\/#breadcrumb","itemListElement":[{"@type":"ListItem","position":1,"name":"Home","item":"https:\/\/booksfrommexico.com\/es\/"},{"@type":"ListItem","position":2,"name":"Libros","item":"https:\/\/booksfrommexico.com\/es\/libros\/"},{"@type":"ListItem","position":3,"name":"Tradici\u00f3n de D\u00eda de muertos en M\u00e9xico"}]},{"@type":"WebSite","@id":"https:\/\/booksfrommexico.com\/#website","url":"https:\/\/booksfrommexico.com\/","name":"Books From Mexico","description":"","publisher":{"@id":"https:\/\/booksfrommexico.com\/#organization"},"potentialAction":[{"@type":"SearchAction","target":{"@type":"EntryPoint","urlTemplate":"https:\/\/booksfrommexico.com\/?s={search_term_string}"},"query-input":{"@type":"PropertyValueSpecification","valueRequired":true,"valueName":"search_term_string"}}],"inLanguage":"es"},{"@type":"Organization","@id":"https:\/\/booksfrommexico.com\/#organization","name":"Books From Mexico","url":"https:\/\/booksfrommexico.com\/","logo":{"@type":"ImageObject","inLanguage":"es","@id":"https:\/\/booksfrommexico.com\/#\/schema\/logo\/image\/","url":"https:\/\/booksfrommexico.com\/app\/uploads\/2023\/05\/logo-booksfrommexico.svg","contentUrl":"https:\/\/booksfrommexico.com\/app\/uploads\/2023\/05\/logo-booksfrommexico.svg","width":86,"height":56,"caption":"Books From Mexico"},"image":{"@id":"https:\/\/booksfrommexico.com\/#\/schema\/logo\/image\/"}}]}},"_links":{"self":[{"href":"https:\/\/booksfrommexico.com\/es\/wp-json\/wp\/v2\/product\/310","targetHints":{"allow":["GET"]}}],"collection":[{"href":"https:\/\/booksfrommexico.com\/es\/wp-json\/wp\/v2\/product"}],"about":[{"href":"https:\/\/booksfrommexico.com\/es\/wp-json\/wp\/v2\/types\/product"}],"wp:featuredmedia":[{"embeddable":true,"href":"https:\/\/booksfrommexico.com\/es\/wp-json\/wp\/v2\/media\/309"}],"wp:attachment":[{"href":"https:\/\/booksfrommexico.com\/es\/wp-json\/wp\/v2\/media?parent=310"}],"wp:term":[{"taxonomy":"product_brand","embeddable":true,"href":"https:\/\/booksfrommexico.com\/es\/wp-json\/wp\/v2\/product_brand?post=310"},{"taxonomy":"product_cat","embeddable":true,"href":"https:\/\/booksfrommexico.com\/es\/wp-json\/wp\/v2\/product_cat?post=310"},{"taxonomy":"product_tag","embeddable":true,"href":"https:\/\/booksfrommexico.com\/es\/wp-json\/wp\/v2\/product_tag?post=310"}],"curies":[{"name":"wp","href":"https:\/\/api.w.org\/{rel}","templated":true}]}}