{"id":312,"date":"2023-05-08T17:00:39","date_gmt":"2023-05-08T17:00:39","guid":{"rendered":"http:\/\/booksfrommexico.com\/product\/mexico-y-la-literatura-catalana-del-exilio\/"},"modified":"2024-10-02T23:45:52","modified_gmt":"2024-10-02T23:45:52","slug":"mexico-y-la-literatura-catalana-del-exilio","status":"publish","type":"product","link":"https:\/\/booksfrommexico.com\/es\/producto\/mexico-y-la-literatura-catalana-del-exilio\/","title":{"rendered":"Una vez entre las otras: M\u00e9xico y la literatura catalana del exilio"},"content":{"rendered":"<p><span style=\"font-weight: 400;\">La literatura catalana mantenida en el destierro es la muestra de que durante el periodo del silencio impuesto por el franquismo, los escritores en lengua catalana buscaron dotar de sentido a su destierro. Esa b\u00fasqueda se manifiesta en algunos de los mejores textos que muchos de ellos publicaron en vida y que tienen a M\u00e9xico como entorno biogr\u00e1fico, lugar de escritura o de publicaci\u00f3n, tema central o inspirador inmediato. Aqu\u00ed se re\u00fanen las voces de Josep Carner, Vince\u00e7 Riera Llorca, Agust\u00ed Bartram Llu\u00eds Ferran de Pol, Ram\u00f3n Xirau y Manuel Dur\u00e1n, entre otros, que constituyen una muestra abundante de los numerosos sentidos que M\u00e9xico otorg\u00f3 al exilio de cada uno de ellos.<\/span><\/p>\n","protected":false},"excerpt":{"rendered":"<p>UNA VOZ ENTRE LAS OTRAS : M\u00c9XICO Y LA LITERATURA CATALANA DEL EXILIO<span style=\"font-weight: 400;\">. \/ Marta Noguer Ferrer, Carlos Guzm\u00e1n Moncada (compilators). M\u00e9xico, D.F. : Fondo de Cultura Econ\u00f3mica, 2004. 504 pages : includes references, bibliography ; 23 cm. (Colecci\u00f3n Tierra Firme). ISBN : 9681674073. <\/span><\/p>\n","protected":false},"featured_media":311,"template":"","meta":{"_acf_changed":false,"inline_featured_image":false},"product_brand":[],"product_cat":[4393,52,25],"product_tag":[3966,4124,3594,3825,3649],"class_list":{"0":"post-312","1":"product","2":"type-product","3":"status-publish","4":"has-post-thumbnail","6":"product_cat-analisis-literario","7":"product_cat-critica-literaria","8":"product_cat-literatura","9":"product_tag-escritores-catalanes","10":"product_tag-literatura-es","11":"product_tag-mexico","12":"product_tag-periodos-literarios","13":"product_tag-siglo-xx","15":"first","16":"instock","17":"sale","18":"taxable","19":"shipping-taxable","20":"purchasable","21":"product-type-simple"},"acf":[],"yoast_head":"<!-- This site is optimized with the Yoast SEO plugin v27.3 - https:\/\/yoast.com\/product\/yoast-seo-wordpress\/ -->\n<title>Una vez entre las otras: M\u00e9xico y la literatura catalana del exilio<\/title>\n<meta name=\"description\" content=\"UNA VOZ ENTRE LAS OTRAS : M\u00c9XICO Y LA LITERATURA CATALANA DEL EXILIO. \/ Marta Noguer Ferrer, Carlos Guzm\u00e1n Moncada (compilators). M\u00e9xico, D.F. : FCE, 2004.\" \/>\n<meta name=\"robots\" content=\"index, follow, max-snippet:-1, max-image-preview:large, max-video-preview:-1\" \/>\n<link rel=\"canonical\" href=\"https:\/\/booksfrommexico.com\/es\/producto\/mexico-y-la-literatura-catalana-del-exilio\/\" \/>\n<meta property=\"og:locale\" content=\"es_ES\" \/>\n<meta property=\"og:type\" content=\"article\" \/>\n<meta property=\"og:title\" content=\"Una vez entre las otras: M\u00e9xico y la literatura catalana del exilio\" \/>\n<meta property=\"og:description\" content=\"UNA VOZ ENTRE LAS OTRAS : M\u00c9XICO Y LA LITERATURA CATALANA DEL EXILIO. \/ Marta Noguer Ferrer, Carlos Guzm\u00e1n Moncada (compilators). M\u00e9xico, D.F. : FCE, 2004.\" \/>\n<meta property=\"og:url\" content=\"https:\/\/booksfrommexico.com\/es\/producto\/mexico-y-la-literatura-catalana-del-exilio\/\" \/>\n<meta property=\"og:site_name\" content=\"Books From Mexico\" \/>\n<meta property=\"article:modified_time\" content=\"2024-10-02T23:45:52+00:00\" \/>\n<meta property=\"og:image\" content=\"http:\/\/booksfrommexico.com\/app\/uploads\/2023\/05\/126067.jpeg\" \/>\n\t<meta property=\"og:image:width\" content=\"473\" \/>\n\t<meta property=\"og:image:height\" content=\"666\" \/>\n\t<meta property=\"og:image:type\" content=\"image\/jpeg\" \/>\n<meta name=\"twitter:card\" content=\"summary_large_image\" \/>\n<meta name=\"twitter:label1\" content=\"Tiempo de lectura\" \/>\n\t<meta name=\"twitter:data1\" content=\"1 minuto\" \/>\n<script type=\"application\/ld+json\" class=\"yoast-schema-graph\">{\"@context\":\"https:\\\/\\\/schema.org\",\"@graph\":[{\"@type\":\"WebPage\",\"@id\":\"https:\\\/\\\/booksfrommexico.com\\\/es\\\/producto\\\/mexico-y-la-literatura-catalana-del-exilio\\\/\",\"url\":\"https:\\\/\\\/booksfrommexico.com\\\/es\\\/producto\\\/mexico-y-la-literatura-catalana-del-exilio\\\/\",\"name\":\"Una vez entre las otras: M\u00e9xico y la literatura catalana del exilio\",\"isPartOf\":{\"@id\":\"https:\\\/\\\/booksfrommexico.com\\\/#website\"},\"primaryImageOfPage\":{\"@id\":\"https:\\\/\\\/booksfrommexico.com\\\/es\\\/producto\\\/mexico-y-la-literatura-catalana-del-exilio\\\/#primaryimage\"},\"image\":{\"@id\":\"https:\\\/\\\/booksfrommexico.com\\\/es\\\/producto\\\/mexico-y-la-literatura-catalana-del-exilio\\\/#primaryimage\"},\"thumbnailUrl\":\"https:\\\/\\\/booksfrommexico.com\\\/app\\\/uploads\\\/2023\\\/05\\\/126067.jpeg\",\"datePublished\":\"2023-05-08T17:00:39+00:00\",\"dateModified\":\"2024-10-02T23:45:52+00:00\",\"description\":\"UNA VOZ ENTRE LAS OTRAS : M\u00c9XICO Y LA LITERATURA CATALANA DEL EXILIO. \\\/ Marta Noguer Ferrer, Carlos Guzm\u00e1n Moncada (compilators). M\u00e9xico, D.F. : FCE, 2004.\",\"breadcrumb\":{\"@id\":\"https:\\\/\\\/booksfrommexico.com\\\/es\\\/producto\\\/mexico-y-la-literatura-catalana-del-exilio\\\/#breadcrumb\"},\"inLanguage\":\"es\",\"potentialAction\":[{\"@type\":\"ReadAction\",\"target\":[\"https:\\\/\\\/booksfrommexico.com\\\/es\\\/producto\\\/mexico-y-la-literatura-catalana-del-exilio\\\/\"]}]},{\"@type\":\"ImageObject\",\"inLanguage\":\"es\",\"@id\":\"https:\\\/\\\/booksfrommexico.com\\\/es\\\/producto\\\/mexico-y-la-literatura-catalana-del-exilio\\\/#primaryimage\",\"url\":\"https:\\\/\\\/booksfrommexico.com\\\/app\\\/uploads\\\/2023\\\/05\\\/126067.jpeg\",\"contentUrl\":\"https:\\\/\\\/booksfrommexico.com\\\/app\\\/uploads\\\/2023\\\/05\\\/126067.jpeg\",\"width\":473,\"height\":666},{\"@type\":\"BreadcrumbList\",\"@id\":\"https:\\\/\\\/booksfrommexico.com\\\/es\\\/producto\\\/mexico-y-la-literatura-catalana-del-exilio\\\/#breadcrumb\",\"itemListElement\":[{\"@type\":\"ListItem\",\"position\":1,\"name\":\"Home\",\"item\":\"https:\\\/\\\/booksfrommexico.com\\\/es\\\/\"},{\"@type\":\"ListItem\",\"position\":2,\"name\":\"Libros\",\"item\":\"https:\\\/\\\/booksfrommexico.com\\\/es\\\/libros\\\/\"},{\"@type\":\"ListItem\",\"position\":3,\"name\":\"Una vez entre las otras: M\u00e9xico y la literatura catalana del exilio\"}]},{\"@type\":\"WebSite\",\"@id\":\"https:\\\/\\\/booksfrommexico.com\\\/#website\",\"url\":\"https:\\\/\\\/booksfrommexico.com\\\/\",\"name\":\"Books From Mexico\",\"description\":\"\",\"publisher\":{\"@id\":\"https:\\\/\\\/booksfrommexico.com\\\/#organization\"},\"potentialAction\":[{\"@type\":\"SearchAction\",\"target\":{\"@type\":\"EntryPoint\",\"urlTemplate\":\"https:\\\/\\\/booksfrommexico.com\\\/?s={search_term_string}\"},\"query-input\":{\"@type\":\"PropertyValueSpecification\",\"valueRequired\":true,\"valueName\":\"search_term_string\"}}],\"inLanguage\":\"es\"},{\"@type\":\"Organization\",\"@id\":\"https:\\\/\\\/booksfrommexico.com\\\/#organization\",\"name\":\"Books From Mexico\",\"url\":\"https:\\\/\\\/booksfrommexico.com\\\/\",\"logo\":{\"@type\":\"ImageObject\",\"inLanguage\":\"es\",\"@id\":\"https:\\\/\\\/booksfrommexico.com\\\/#\\\/schema\\\/logo\\\/image\\\/\",\"url\":\"https:\\\/\\\/booksfrommexico.com\\\/app\\\/uploads\\\/2023\\\/05\\\/logo-booksfrommexico.svg\",\"contentUrl\":\"https:\\\/\\\/booksfrommexico.com\\\/app\\\/uploads\\\/2023\\\/05\\\/logo-booksfrommexico.svg\",\"width\":86,\"height\":56,\"caption\":\"Books From Mexico\"},\"image\":{\"@id\":\"https:\\\/\\\/booksfrommexico.com\\\/#\\\/schema\\\/logo\\\/image\\\/\"}}]}<\/script>\n<!-- \/ Yoast SEO plugin. -->","yoast_head_json":{"title":"Una vez entre las otras: M\u00e9xico y la literatura catalana del exilio","description":"UNA VOZ ENTRE LAS OTRAS : M\u00c9XICO Y LA LITERATURA CATALANA DEL EXILIO. \/ Marta Noguer Ferrer, Carlos Guzm\u00e1n Moncada (compilators). M\u00e9xico, D.F. : FCE, 2004.","robots":{"index":"index","follow":"follow","max-snippet":"max-snippet:-1","max-image-preview":"max-image-preview:large","max-video-preview":"max-video-preview:-1"},"canonical":"https:\/\/booksfrommexico.com\/es\/producto\/mexico-y-la-literatura-catalana-del-exilio\/","og_locale":"es_ES","og_type":"article","og_title":"Una vez entre las otras: M\u00e9xico y la literatura catalana del exilio","og_description":"UNA VOZ ENTRE LAS OTRAS : M\u00c9XICO Y LA LITERATURA CATALANA DEL EXILIO. \/ Marta Noguer Ferrer, Carlos Guzm\u00e1n Moncada (compilators). M\u00e9xico, D.F. : FCE, 2004.","og_url":"https:\/\/booksfrommexico.com\/es\/producto\/mexico-y-la-literatura-catalana-del-exilio\/","og_site_name":"Books From Mexico","article_modified_time":"2024-10-02T23:45:52+00:00","og_image":[{"width":473,"height":666,"url":"http:\/\/booksfrommexico.com\/app\/uploads\/2023\/05\/126067.jpeg","type":"image\/jpeg"}],"twitter_card":"summary_large_image","twitter_misc":{"Tiempo de lectura":"1 minuto"},"schema":{"@context":"https:\/\/schema.org","@graph":[{"@type":"WebPage","@id":"https:\/\/booksfrommexico.com\/es\/producto\/mexico-y-la-literatura-catalana-del-exilio\/","url":"https:\/\/booksfrommexico.com\/es\/producto\/mexico-y-la-literatura-catalana-del-exilio\/","name":"Una vez entre las otras: M\u00e9xico y la literatura catalana del exilio","isPartOf":{"@id":"https:\/\/booksfrommexico.com\/#website"},"primaryImageOfPage":{"@id":"https:\/\/booksfrommexico.com\/es\/producto\/mexico-y-la-literatura-catalana-del-exilio\/#primaryimage"},"image":{"@id":"https:\/\/booksfrommexico.com\/es\/producto\/mexico-y-la-literatura-catalana-del-exilio\/#primaryimage"},"thumbnailUrl":"https:\/\/booksfrommexico.com\/app\/uploads\/2023\/05\/126067.jpeg","datePublished":"2023-05-08T17:00:39+00:00","dateModified":"2024-10-02T23:45:52+00:00","description":"UNA VOZ ENTRE LAS OTRAS : M\u00c9XICO Y LA LITERATURA CATALANA DEL EXILIO. \/ Marta Noguer Ferrer, Carlos Guzm\u00e1n Moncada (compilators). M\u00e9xico, D.F. : FCE, 2004.","breadcrumb":{"@id":"https:\/\/booksfrommexico.com\/es\/producto\/mexico-y-la-literatura-catalana-del-exilio\/#breadcrumb"},"inLanguage":"es","potentialAction":[{"@type":"ReadAction","target":["https:\/\/booksfrommexico.com\/es\/producto\/mexico-y-la-literatura-catalana-del-exilio\/"]}]},{"@type":"ImageObject","inLanguage":"es","@id":"https:\/\/booksfrommexico.com\/es\/producto\/mexico-y-la-literatura-catalana-del-exilio\/#primaryimage","url":"https:\/\/booksfrommexico.com\/app\/uploads\/2023\/05\/126067.jpeg","contentUrl":"https:\/\/booksfrommexico.com\/app\/uploads\/2023\/05\/126067.jpeg","width":473,"height":666},{"@type":"BreadcrumbList","@id":"https:\/\/booksfrommexico.com\/es\/producto\/mexico-y-la-literatura-catalana-del-exilio\/#breadcrumb","itemListElement":[{"@type":"ListItem","position":1,"name":"Home","item":"https:\/\/booksfrommexico.com\/es\/"},{"@type":"ListItem","position":2,"name":"Libros","item":"https:\/\/booksfrommexico.com\/es\/libros\/"},{"@type":"ListItem","position":3,"name":"Una vez entre las otras: M\u00e9xico y la literatura catalana del exilio"}]},{"@type":"WebSite","@id":"https:\/\/booksfrommexico.com\/#website","url":"https:\/\/booksfrommexico.com\/","name":"Books From Mexico","description":"","publisher":{"@id":"https:\/\/booksfrommexico.com\/#organization"},"potentialAction":[{"@type":"SearchAction","target":{"@type":"EntryPoint","urlTemplate":"https:\/\/booksfrommexico.com\/?s={search_term_string}"},"query-input":{"@type":"PropertyValueSpecification","valueRequired":true,"valueName":"search_term_string"}}],"inLanguage":"es"},{"@type":"Organization","@id":"https:\/\/booksfrommexico.com\/#organization","name":"Books From Mexico","url":"https:\/\/booksfrommexico.com\/","logo":{"@type":"ImageObject","inLanguage":"es","@id":"https:\/\/booksfrommexico.com\/#\/schema\/logo\/image\/","url":"https:\/\/booksfrommexico.com\/app\/uploads\/2023\/05\/logo-booksfrommexico.svg","contentUrl":"https:\/\/booksfrommexico.com\/app\/uploads\/2023\/05\/logo-booksfrommexico.svg","width":86,"height":56,"caption":"Books From Mexico"},"image":{"@id":"https:\/\/booksfrommexico.com\/#\/schema\/logo\/image\/"}}]}},"_links":{"self":[{"href":"https:\/\/booksfrommexico.com\/es\/wp-json\/wp\/v2\/product\/312","targetHints":{"allow":["GET"]}}],"collection":[{"href":"https:\/\/booksfrommexico.com\/es\/wp-json\/wp\/v2\/product"}],"about":[{"href":"https:\/\/booksfrommexico.com\/es\/wp-json\/wp\/v2\/types\/product"}],"wp:featuredmedia":[{"embeddable":true,"href":"https:\/\/booksfrommexico.com\/es\/wp-json\/wp\/v2\/media\/311"}],"wp:attachment":[{"href":"https:\/\/booksfrommexico.com\/es\/wp-json\/wp\/v2\/media?parent=312"}],"wp:term":[{"taxonomy":"product_brand","embeddable":true,"href":"https:\/\/booksfrommexico.com\/es\/wp-json\/wp\/v2\/product_brand?post=312"},{"taxonomy":"product_cat","embeddable":true,"href":"https:\/\/booksfrommexico.com\/es\/wp-json\/wp\/v2\/product_cat?post=312"},{"taxonomy":"product_tag","embeddable":true,"href":"https:\/\/booksfrommexico.com\/es\/wp-json\/wp\/v2\/product_tag?post=312"}],"curies":[{"name":"wp","href":"https:\/\/api.w.org\/{rel}","templated":true}]}}