{"id":314,"date":"2023-05-08T17:00:41","date_gmt":"2023-05-08T17:00:41","guid":{"rendered":"http:\/\/booksfrommexico.com\/product\/la-malinche-sus-padres-y-sus-hijos\/"},"modified":"2024-10-03T21:32:31","modified_gmt":"2024-10-03T21:32:31","slug":"la-malinche-sus-padres-y-sus-hijos","status":"publish","type":"product","link":"https:\/\/booksfrommexico.com\/es\/producto\/la-malinche-sus-padres-y-sus-hijos\/","title":{"rendered":"La Malinche, sus padres y sus hijos"},"content":{"rendered":"<p><span style=\"font-weight: 400;\">En este t\u00edtulo se recopilan ensayos presentados en el coloquio hom\u00f3nimo presentado en 1992 por la UNAM, donde participaron Carlos Monsiv\u00e1is, Roger Bartra y Hern\u00e1n Lara Zavala, entre otros connotados escritores. La Malinche es la figura central de estos textos, quien pas\u00f3 a la historia sin importar si se le considera hero\u00edna o traidora, es sujeto de historia y objeto de mitificaci\u00f3n. Estos trabajos est\u00e1n divididos en 2 partes: en la primera parte se reflexiona sobre el personaje hist\u00f3rico y en ella se incluyen varios escritos que se sustentan en documentos contempor\u00e1neos del personaje; mientras que la segunda parte se dedica a los contempor\u00e1neos de la Malinche y se incluyen ensayos de corte antropol\u00f3gico e hist\u00f3rico.<\/span><\/p>\n","protected":false},"excerpt":{"rendered":"<p>LA MALINCHE, SUS PADRES Y SUS HIJOS<span style=\"font-weight: 400;\">. \/ Margo Glantz (coordinator). M\u00e9xico, D.F. : Aguilar , Taurus, 2001. 313 pages : includes illustrations, references, bibliographic notes, bibliography at the end of each chapter ; 21 cm. (Colecci\u00f3n Pasado y Presente). ISBN : 9681908090. <\/span><\/p>\n","protected":false},"featured_media":313,"template":"","meta":{"_acf_changed":false,"inline_featured_image":false},"product_brand":[],"product_cat":[129,27],"product_tag":[4235,3948,3855,4398,4264],"class_list":{"0":"post-314","1":"product","2":"type-product","3":"status-publish","4":"has-post-thumbnail","6":"product_cat-colonial-historia","7":"product_cat-historia","8":"product_tag-coloquios","9":"product_tag-descubrimiento-y-conquista","10":"product_tag-ensayos","11":"product_tag-historia-mexico","12":"product_tag-malinche","14":"first","15":"instock","16":"sale","17":"taxable","18":"shipping-taxable","19":"purchasable","20":"product-type-simple"},"acf":[],"yoast_head":"<!-- This site is optimized with the Yoast SEO plugin v27.3 - https:\/\/yoast.com\/product\/yoast-seo-wordpress\/ -->\n<title>La Malinche, sus padres y sus hijos<\/title>\n<meta name=\"description\" content=\"LA MALINCHE, SUS PADRES Y SUS HIJOS. \/ Margo Glantz (coordinator). M\u00e9xico, D.F. : Aguilar , Taurus, 2001. (Colecci\u00f3n Pasado y Presente). ISBN : 9681908090.\" \/>\n<meta name=\"robots\" content=\"index, follow, max-snippet:-1, max-image-preview:large, max-video-preview:-1\" \/>\n<link rel=\"canonical\" href=\"https:\/\/booksfrommexico.com\/es\/producto\/la-malinche-sus-padres-y-sus-hijos\/\" \/>\n<meta property=\"og:locale\" content=\"es_ES\" \/>\n<meta property=\"og:type\" content=\"article\" \/>\n<meta property=\"og:title\" content=\"La Malinche, sus padres y sus hijos\" \/>\n<meta property=\"og:description\" content=\"LA MALINCHE, SUS PADRES Y SUS HIJOS. \/ Margo Glantz (coordinator). M\u00e9xico, D.F. : Aguilar , Taurus, 2001. (Colecci\u00f3n Pasado y Presente). ISBN : 9681908090.\" \/>\n<meta property=\"og:url\" content=\"https:\/\/booksfrommexico.com\/es\/producto\/la-malinche-sus-padres-y-sus-hijos\/\" \/>\n<meta property=\"og:site_name\" content=\"Books From Mexico\" \/>\n<meta property=\"article:modified_time\" content=\"2024-10-03T21:32:31+00:00\" \/>\n<meta property=\"og:image\" content=\"http:\/\/booksfrommexico.com\/app\/uploads\/2023\/05\/125993.jpeg\" \/>\n\t<meta property=\"og:image:width\" content=\"382\" \/>\n\t<meta property=\"og:image:height\" content=\"604\" \/>\n\t<meta property=\"og:image:type\" content=\"image\/jpeg\" \/>\n<meta name=\"twitter:card\" content=\"summary_large_image\" \/>\n<meta name=\"twitter:label1\" content=\"Tiempo de lectura\" \/>\n\t<meta name=\"twitter:data1\" content=\"1 minuto\" \/>\n<script type=\"application\/ld+json\" class=\"yoast-schema-graph\">{\"@context\":\"https:\\\/\\\/schema.org\",\"@graph\":[{\"@type\":\"WebPage\",\"@id\":\"https:\\\/\\\/booksfrommexico.com\\\/es\\\/producto\\\/la-malinche-sus-padres-y-sus-hijos\\\/\",\"url\":\"https:\\\/\\\/booksfrommexico.com\\\/es\\\/producto\\\/la-malinche-sus-padres-y-sus-hijos\\\/\",\"name\":\"La Malinche, sus padres y sus hijos\",\"isPartOf\":{\"@id\":\"https:\\\/\\\/booksfrommexico.com\\\/#website\"},\"primaryImageOfPage\":{\"@id\":\"https:\\\/\\\/booksfrommexico.com\\\/es\\\/producto\\\/la-malinche-sus-padres-y-sus-hijos\\\/#primaryimage\"},\"image\":{\"@id\":\"https:\\\/\\\/booksfrommexico.com\\\/es\\\/producto\\\/la-malinche-sus-padres-y-sus-hijos\\\/#primaryimage\"},\"thumbnailUrl\":\"https:\\\/\\\/booksfrommexico.com\\\/app\\\/uploads\\\/2023\\\/05\\\/125993.jpeg\",\"datePublished\":\"2023-05-08T17:00:41+00:00\",\"dateModified\":\"2024-10-03T21:32:31+00:00\",\"description\":\"LA MALINCHE, SUS PADRES Y SUS HIJOS. \\\/ Margo Glantz (coordinator). M\u00e9xico, D.F. : Aguilar , Taurus, 2001. (Colecci\u00f3n Pasado y Presente). ISBN : 9681908090.\",\"breadcrumb\":{\"@id\":\"https:\\\/\\\/booksfrommexico.com\\\/es\\\/producto\\\/la-malinche-sus-padres-y-sus-hijos\\\/#breadcrumb\"},\"inLanguage\":\"es\",\"potentialAction\":[{\"@type\":\"ReadAction\",\"target\":[\"https:\\\/\\\/booksfrommexico.com\\\/es\\\/producto\\\/la-malinche-sus-padres-y-sus-hijos\\\/\"]}]},{\"@type\":\"ImageObject\",\"inLanguage\":\"es\",\"@id\":\"https:\\\/\\\/booksfrommexico.com\\\/es\\\/producto\\\/la-malinche-sus-padres-y-sus-hijos\\\/#primaryimage\",\"url\":\"https:\\\/\\\/booksfrommexico.com\\\/app\\\/uploads\\\/2023\\\/05\\\/125993.jpeg\",\"contentUrl\":\"https:\\\/\\\/booksfrommexico.com\\\/app\\\/uploads\\\/2023\\\/05\\\/125993.jpeg\",\"width\":382,\"height\":604},{\"@type\":\"BreadcrumbList\",\"@id\":\"https:\\\/\\\/booksfrommexico.com\\\/es\\\/producto\\\/la-malinche-sus-padres-y-sus-hijos\\\/#breadcrumb\",\"itemListElement\":[{\"@type\":\"ListItem\",\"position\":1,\"name\":\"Home\",\"item\":\"https:\\\/\\\/booksfrommexico.com\\\/es\\\/\"},{\"@type\":\"ListItem\",\"position\":2,\"name\":\"Libros\",\"item\":\"https:\\\/\\\/booksfrommexico.com\\\/es\\\/libros\\\/\"},{\"@type\":\"ListItem\",\"position\":3,\"name\":\"La Malinche, sus padres y sus hijos\"}]},{\"@type\":\"WebSite\",\"@id\":\"https:\\\/\\\/booksfrommexico.com\\\/#website\",\"url\":\"https:\\\/\\\/booksfrommexico.com\\\/\",\"name\":\"Books From Mexico\",\"description\":\"\",\"publisher\":{\"@id\":\"https:\\\/\\\/booksfrommexico.com\\\/#organization\"},\"potentialAction\":[{\"@type\":\"SearchAction\",\"target\":{\"@type\":\"EntryPoint\",\"urlTemplate\":\"https:\\\/\\\/booksfrommexico.com\\\/?s={search_term_string}\"},\"query-input\":{\"@type\":\"PropertyValueSpecification\",\"valueRequired\":true,\"valueName\":\"search_term_string\"}}],\"inLanguage\":\"es\"},{\"@type\":\"Organization\",\"@id\":\"https:\\\/\\\/booksfrommexico.com\\\/#organization\",\"name\":\"Books From Mexico\",\"url\":\"https:\\\/\\\/booksfrommexico.com\\\/\",\"logo\":{\"@type\":\"ImageObject\",\"inLanguage\":\"es\",\"@id\":\"https:\\\/\\\/booksfrommexico.com\\\/#\\\/schema\\\/logo\\\/image\\\/\",\"url\":\"https:\\\/\\\/booksfrommexico.com\\\/app\\\/uploads\\\/2023\\\/05\\\/logo-booksfrommexico.svg\",\"contentUrl\":\"https:\\\/\\\/booksfrommexico.com\\\/app\\\/uploads\\\/2023\\\/05\\\/logo-booksfrommexico.svg\",\"width\":86,\"height\":56,\"caption\":\"Books From Mexico\"},\"image\":{\"@id\":\"https:\\\/\\\/booksfrommexico.com\\\/#\\\/schema\\\/logo\\\/image\\\/\"}}]}<\/script>\n<!-- \/ Yoast SEO plugin. -->","yoast_head_json":{"title":"La Malinche, sus padres y sus hijos","description":"LA MALINCHE, SUS PADRES Y SUS HIJOS. \/ Margo Glantz (coordinator). M\u00e9xico, D.F. : Aguilar , Taurus, 2001. (Colecci\u00f3n Pasado y Presente). ISBN : 9681908090.","robots":{"index":"index","follow":"follow","max-snippet":"max-snippet:-1","max-image-preview":"max-image-preview:large","max-video-preview":"max-video-preview:-1"},"canonical":"https:\/\/booksfrommexico.com\/es\/producto\/la-malinche-sus-padres-y-sus-hijos\/","og_locale":"es_ES","og_type":"article","og_title":"La Malinche, sus padres y sus hijos","og_description":"LA MALINCHE, SUS PADRES Y SUS HIJOS. \/ Margo Glantz (coordinator). M\u00e9xico, D.F. : Aguilar , Taurus, 2001. (Colecci\u00f3n Pasado y Presente). ISBN : 9681908090.","og_url":"https:\/\/booksfrommexico.com\/es\/producto\/la-malinche-sus-padres-y-sus-hijos\/","og_site_name":"Books From Mexico","article_modified_time":"2024-10-03T21:32:31+00:00","og_image":[{"width":382,"height":604,"url":"http:\/\/booksfrommexico.com\/app\/uploads\/2023\/05\/125993.jpeg","type":"image\/jpeg"}],"twitter_card":"summary_large_image","twitter_misc":{"Tiempo de lectura":"1 minuto"},"schema":{"@context":"https:\/\/schema.org","@graph":[{"@type":"WebPage","@id":"https:\/\/booksfrommexico.com\/es\/producto\/la-malinche-sus-padres-y-sus-hijos\/","url":"https:\/\/booksfrommexico.com\/es\/producto\/la-malinche-sus-padres-y-sus-hijos\/","name":"La Malinche, sus padres y sus hijos","isPartOf":{"@id":"https:\/\/booksfrommexico.com\/#website"},"primaryImageOfPage":{"@id":"https:\/\/booksfrommexico.com\/es\/producto\/la-malinche-sus-padres-y-sus-hijos\/#primaryimage"},"image":{"@id":"https:\/\/booksfrommexico.com\/es\/producto\/la-malinche-sus-padres-y-sus-hijos\/#primaryimage"},"thumbnailUrl":"https:\/\/booksfrommexico.com\/app\/uploads\/2023\/05\/125993.jpeg","datePublished":"2023-05-08T17:00:41+00:00","dateModified":"2024-10-03T21:32:31+00:00","description":"LA MALINCHE, SUS PADRES Y SUS HIJOS. \/ Margo Glantz (coordinator). M\u00e9xico, D.F. : Aguilar , Taurus, 2001. (Colecci\u00f3n Pasado y Presente). ISBN : 9681908090.","breadcrumb":{"@id":"https:\/\/booksfrommexico.com\/es\/producto\/la-malinche-sus-padres-y-sus-hijos\/#breadcrumb"},"inLanguage":"es","potentialAction":[{"@type":"ReadAction","target":["https:\/\/booksfrommexico.com\/es\/producto\/la-malinche-sus-padres-y-sus-hijos\/"]}]},{"@type":"ImageObject","inLanguage":"es","@id":"https:\/\/booksfrommexico.com\/es\/producto\/la-malinche-sus-padres-y-sus-hijos\/#primaryimage","url":"https:\/\/booksfrommexico.com\/app\/uploads\/2023\/05\/125993.jpeg","contentUrl":"https:\/\/booksfrommexico.com\/app\/uploads\/2023\/05\/125993.jpeg","width":382,"height":604},{"@type":"BreadcrumbList","@id":"https:\/\/booksfrommexico.com\/es\/producto\/la-malinche-sus-padres-y-sus-hijos\/#breadcrumb","itemListElement":[{"@type":"ListItem","position":1,"name":"Home","item":"https:\/\/booksfrommexico.com\/es\/"},{"@type":"ListItem","position":2,"name":"Libros","item":"https:\/\/booksfrommexico.com\/es\/libros\/"},{"@type":"ListItem","position":3,"name":"La Malinche, sus padres y sus hijos"}]},{"@type":"WebSite","@id":"https:\/\/booksfrommexico.com\/#website","url":"https:\/\/booksfrommexico.com\/","name":"Books From Mexico","description":"","publisher":{"@id":"https:\/\/booksfrommexico.com\/#organization"},"potentialAction":[{"@type":"SearchAction","target":{"@type":"EntryPoint","urlTemplate":"https:\/\/booksfrommexico.com\/?s={search_term_string}"},"query-input":{"@type":"PropertyValueSpecification","valueRequired":true,"valueName":"search_term_string"}}],"inLanguage":"es"},{"@type":"Organization","@id":"https:\/\/booksfrommexico.com\/#organization","name":"Books From Mexico","url":"https:\/\/booksfrommexico.com\/","logo":{"@type":"ImageObject","inLanguage":"es","@id":"https:\/\/booksfrommexico.com\/#\/schema\/logo\/image\/","url":"https:\/\/booksfrommexico.com\/app\/uploads\/2023\/05\/logo-booksfrommexico.svg","contentUrl":"https:\/\/booksfrommexico.com\/app\/uploads\/2023\/05\/logo-booksfrommexico.svg","width":86,"height":56,"caption":"Books From Mexico"},"image":{"@id":"https:\/\/booksfrommexico.com\/#\/schema\/logo\/image\/"}}]}},"_links":{"self":[{"href":"https:\/\/booksfrommexico.com\/es\/wp-json\/wp\/v2\/product\/314","targetHints":{"allow":["GET"]}}],"collection":[{"href":"https:\/\/booksfrommexico.com\/es\/wp-json\/wp\/v2\/product"}],"about":[{"href":"https:\/\/booksfrommexico.com\/es\/wp-json\/wp\/v2\/types\/product"}],"wp:featuredmedia":[{"embeddable":true,"href":"https:\/\/booksfrommexico.com\/es\/wp-json\/wp\/v2\/media\/313"}],"wp:attachment":[{"href":"https:\/\/booksfrommexico.com\/es\/wp-json\/wp\/v2\/media?parent=314"}],"wp:term":[{"taxonomy":"product_brand","embeddable":true,"href":"https:\/\/booksfrommexico.com\/es\/wp-json\/wp\/v2\/product_brand?post=314"},{"taxonomy":"product_cat","embeddable":true,"href":"https:\/\/booksfrommexico.com\/es\/wp-json\/wp\/v2\/product_cat?post=314"},{"taxonomy":"product_tag","embeddable":true,"href":"https:\/\/booksfrommexico.com\/es\/wp-json\/wp\/v2\/product_tag?post=314"}],"curies":[{"name":"wp","href":"https:\/\/api.w.org\/{rel}","templated":true}]}}