{"id":316,"date":"2023-05-08T17:00:42","date_gmt":"2023-05-08T17:00:42","guid":{"rendered":"http:\/\/booksfrommexico.com\/product\/industrializacion-genero-y-trabajo-femenino-en-el-sector-textil-mexicano-el-obraje-la-fabrica-y-la-compania-industrial\/"},"modified":"2024-10-03T22:43:32","modified_gmt":"2024-10-03T22:43:32","slug":"industrializacion-genero-y-trabajo-femenino-en-el-sector-textil-mexicano-el-obraje-la-fabrica-y-la-compania-industrial","status":"publish","type":"product","link":"https:\/\/booksfrommexico.com\/es\/producto\/industrializacion-genero-y-trabajo-femenino-en-el-sector-textil-mexicano-el-obraje-la-fabrica-y-la-compania-industrial\/","title":{"rendered":"Industrializaci\u00f3n, g\u00e9nero y trabajo femenino en el sector textil mexicano: El obraje, la f\u00e1brica y la compa\u00f1\u00eda industrial"},"content":{"rendered":"<p><span style=\"font-weight: 400;\">Este estudio busca analizar los efectos de la introducci\u00f3n de nuevas formas productivas en el caso de la industria textil del algod\u00f3n en tres momentos clave de la historia de M\u00e9xico: La introducci\u00f3n de las formas de producci\u00f3n de origen espa\u00f1ol y el establecimiento del obraje, la primera revoluci\u00f3n industrial en el \u00e1mbito local y la organizaci\u00f3n de los complejos fabriles que constituyen compa\u00f1\u00edas industriales textiles entre 1876 y 1912. En esta obra se trata el proceso de industrializaci\u00f3n y la diferenciaci\u00f3n de las tareas productivas por sexos, c\u00f3mo se diferencia el trabajo femenino y el masculino, c\u00f3mo se modifica la situaci\u00f3n de la mujer ante los procesos de modernizaci\u00f3n econ\u00f3mica, entre otros t\u00f3picos afines.<\/span><\/p>\n<p><br style=\"font-weight: 400;\" \/><br style=\"font-weight: 400;\" \/><\/p>\n","protected":false},"excerpt":{"rendered":"<p>INDUSTRIALIZACI\u00d3N, G\u00c9NERO Y TRABAJO FEMENINO EN EL SECTOR TEXTIL MEXICANO : EL OBRAJE, LA F\u00c1BRICA Y LA COMPA\u00d1\u00cdA INDUSTRIAL<span style=\"font-weight: 400;\">. \/ Carmen Ramos Escand\u00f3n. M\u00e9xico, D.F. : Centro de Investigaciones y Estudios Superiores en Antropolog\u00eda Social, 2004. 404 pages : includes illustrations, charts, tables, notes, bibliographic notes, bibliography ; 23 cm. (Colecci\u00f3n Historias). ISBN : 9684964935.<\/span><\/p>\n","protected":false},"featured_media":315,"template":"","meta":{"_acf_changed":false,"inline_featured_image":false},"product_brand":[],"product_cat":[148,27],"product_tag":[4398,3976,3594,4101,3978],"class_list":{"0":"post-316","1":"product","2":"type-product","3":"status-publish","4":"has-post-thumbnail","6":"product_cat-estudios-sobre-las-mujeres-estudios-de-genero","7":"product_cat-historia","8":"product_tag-historia-mexico","9":"product_tag-industria-textil","10":"product_tag-mexico","11":"product_tag-mujeres-es","12":"product_tag-mujeres-trabajadoras","14":"first","15":"instock","16":"sale","17":"taxable","18":"shipping-taxable","19":"purchasable","20":"product-type-simple"},"acf":[],"yoast_head":"<!-- This site is optimized with the Yoast SEO plugin v27.3 - https:\/\/yoast.com\/product\/yoast-seo-wordpress\/ -->\n<title>Industrializaci\u00f3n, g\u00e9nero y trabajo femenino en el sector textil...<\/title>\n<meta name=\"description\" content=\"INDUSTRIALIZACI\u00d3N, G\u00c9NERO Y TRABAJO FEMENINO EN EL SECTOR TEXTIL MEXICANO : EL OBRAJE, LA F\u00c1BRICA Y LA COMPA\u00d1\u00cdA INDUSTRIAL. \/ Carmen Ramos Escand\u00f3n. 2004.\" \/>\n<meta name=\"robots\" content=\"index, follow, max-snippet:-1, max-image-preview:large, max-video-preview:-1\" \/>\n<link rel=\"canonical\" href=\"https:\/\/booksfrommexico.com\/es\/producto\/industrializacion-genero-y-trabajo-femenino-en-el-sector-textil-mexicano-el-obraje-la-fabrica-y-la-compania-industrial\/\" \/>\n<meta property=\"og:locale\" content=\"es_ES\" \/>\n<meta property=\"og:type\" content=\"article\" \/>\n<meta property=\"og:title\" content=\"Industrializaci\u00f3n, g\u00e9nero y trabajo femenino en el sector textil...\" \/>\n<meta property=\"og:description\" content=\"INDUSTRIALIZACI\u00d3N, G\u00c9NERO Y TRABAJO FEMENINO EN EL SECTOR TEXTIL MEXICANO : EL OBRAJE, LA F\u00c1BRICA Y LA COMPA\u00d1\u00cdA INDUSTRIAL. \/ Carmen Ramos Escand\u00f3n. 2004.\" \/>\n<meta property=\"og:url\" content=\"https:\/\/booksfrommexico.com\/es\/producto\/industrializacion-genero-y-trabajo-femenino-en-el-sector-textil-mexicano-el-obraje-la-fabrica-y-la-compania-industrial\/\" \/>\n<meta property=\"og:site_name\" content=\"Books From Mexico\" \/>\n<meta property=\"article:modified_time\" content=\"2024-10-03T22:43:32+00:00\" \/>\n<meta property=\"og:image\" content=\"http:\/\/booksfrommexico.com\/app\/uploads\/2023\/05\/125985.jpeg\" \/>\n\t<meta property=\"og:image:width\" content=\"474\" \/>\n\t<meta property=\"og:image:height\" content=\"660\" \/>\n\t<meta property=\"og:image:type\" content=\"image\/jpeg\" \/>\n<meta name=\"twitter:card\" content=\"summary_large_image\" \/>\n<meta name=\"twitter:label1\" content=\"Tiempo de lectura\" \/>\n\t<meta name=\"twitter:data1\" content=\"1 minuto\" \/>\n<script type=\"application\/ld+json\" class=\"yoast-schema-graph\">{\"@context\":\"https:\\\/\\\/schema.org\",\"@graph\":[{\"@type\":\"WebPage\",\"@id\":\"https:\\\/\\\/booksfrommexico.com\\\/es\\\/producto\\\/industrializacion-genero-y-trabajo-femenino-en-el-sector-textil-mexicano-el-obraje-la-fabrica-y-la-compania-industrial\\\/\",\"url\":\"https:\\\/\\\/booksfrommexico.com\\\/es\\\/producto\\\/industrializacion-genero-y-trabajo-femenino-en-el-sector-textil-mexicano-el-obraje-la-fabrica-y-la-compania-industrial\\\/\",\"name\":\"Industrializaci\u00f3n, g\u00e9nero y trabajo femenino en el sector textil...\",\"isPartOf\":{\"@id\":\"https:\\\/\\\/booksfrommexico.com\\\/#website\"},\"primaryImageOfPage\":{\"@id\":\"https:\\\/\\\/booksfrommexico.com\\\/es\\\/producto\\\/industrializacion-genero-y-trabajo-femenino-en-el-sector-textil-mexicano-el-obraje-la-fabrica-y-la-compania-industrial\\\/#primaryimage\"},\"image\":{\"@id\":\"https:\\\/\\\/booksfrommexico.com\\\/es\\\/producto\\\/industrializacion-genero-y-trabajo-femenino-en-el-sector-textil-mexicano-el-obraje-la-fabrica-y-la-compania-industrial\\\/#primaryimage\"},\"thumbnailUrl\":\"https:\\\/\\\/booksfrommexico.com\\\/app\\\/uploads\\\/2023\\\/05\\\/125985.jpeg\",\"datePublished\":\"2023-05-08T17:00:42+00:00\",\"dateModified\":\"2024-10-03T22:43:32+00:00\",\"description\":\"INDUSTRIALIZACI\u00d3N, G\u00c9NERO Y TRABAJO FEMENINO EN EL SECTOR TEXTIL MEXICANO : EL OBRAJE, LA F\u00c1BRICA Y LA COMPA\u00d1\u00cdA INDUSTRIAL. \\\/ Carmen Ramos Escand\u00f3n. 2004.\",\"breadcrumb\":{\"@id\":\"https:\\\/\\\/booksfrommexico.com\\\/es\\\/producto\\\/industrializacion-genero-y-trabajo-femenino-en-el-sector-textil-mexicano-el-obraje-la-fabrica-y-la-compania-industrial\\\/#breadcrumb\"},\"inLanguage\":\"es\",\"potentialAction\":[{\"@type\":\"ReadAction\",\"target\":[\"https:\\\/\\\/booksfrommexico.com\\\/es\\\/producto\\\/industrializacion-genero-y-trabajo-femenino-en-el-sector-textil-mexicano-el-obraje-la-fabrica-y-la-compania-industrial\\\/\"]}]},{\"@type\":\"ImageObject\",\"inLanguage\":\"es\",\"@id\":\"https:\\\/\\\/booksfrommexico.com\\\/es\\\/producto\\\/industrializacion-genero-y-trabajo-femenino-en-el-sector-textil-mexicano-el-obraje-la-fabrica-y-la-compania-industrial\\\/#primaryimage\",\"url\":\"https:\\\/\\\/booksfrommexico.com\\\/app\\\/uploads\\\/2023\\\/05\\\/125985.jpeg\",\"contentUrl\":\"https:\\\/\\\/booksfrommexico.com\\\/app\\\/uploads\\\/2023\\\/05\\\/125985.jpeg\",\"width\":474,\"height\":660},{\"@type\":\"BreadcrumbList\",\"@id\":\"https:\\\/\\\/booksfrommexico.com\\\/es\\\/producto\\\/industrializacion-genero-y-trabajo-femenino-en-el-sector-textil-mexicano-el-obraje-la-fabrica-y-la-compania-industrial\\\/#breadcrumb\",\"itemListElement\":[{\"@type\":\"ListItem\",\"position\":1,\"name\":\"Home\",\"item\":\"https:\\\/\\\/booksfrommexico.com\\\/es\\\/\"},{\"@type\":\"ListItem\",\"position\":2,\"name\":\"Libros\",\"item\":\"https:\\\/\\\/booksfrommexico.com\\\/es\\\/libros\\\/\"},{\"@type\":\"ListItem\",\"position\":3,\"name\":\"Industrializaci\u00f3n, g\u00e9nero y trabajo femenino en el sector textil mexicano: El obraje, la f\u00e1brica y la compa\u00f1\u00eda industrial\"}]},{\"@type\":\"WebSite\",\"@id\":\"https:\\\/\\\/booksfrommexico.com\\\/#website\",\"url\":\"https:\\\/\\\/booksfrommexico.com\\\/\",\"name\":\"Books From Mexico\",\"description\":\"\",\"publisher\":{\"@id\":\"https:\\\/\\\/booksfrommexico.com\\\/#organization\"},\"potentialAction\":[{\"@type\":\"SearchAction\",\"target\":{\"@type\":\"EntryPoint\",\"urlTemplate\":\"https:\\\/\\\/booksfrommexico.com\\\/?s={search_term_string}\"},\"query-input\":{\"@type\":\"PropertyValueSpecification\",\"valueRequired\":true,\"valueName\":\"search_term_string\"}}],\"inLanguage\":\"es\"},{\"@type\":\"Organization\",\"@id\":\"https:\\\/\\\/booksfrommexico.com\\\/#organization\",\"name\":\"Books From Mexico\",\"url\":\"https:\\\/\\\/booksfrommexico.com\\\/\",\"logo\":{\"@type\":\"ImageObject\",\"inLanguage\":\"es\",\"@id\":\"https:\\\/\\\/booksfrommexico.com\\\/#\\\/schema\\\/logo\\\/image\\\/\",\"url\":\"https:\\\/\\\/booksfrommexico.com\\\/app\\\/uploads\\\/2023\\\/05\\\/logo-booksfrommexico.svg\",\"contentUrl\":\"https:\\\/\\\/booksfrommexico.com\\\/app\\\/uploads\\\/2023\\\/05\\\/logo-booksfrommexico.svg\",\"width\":86,\"height\":56,\"caption\":\"Books From Mexico\"},\"image\":{\"@id\":\"https:\\\/\\\/booksfrommexico.com\\\/#\\\/schema\\\/logo\\\/image\\\/\"}}]}<\/script>\n<!-- \/ Yoast SEO plugin. -->","yoast_head_json":{"title":"Industrializaci\u00f3n, g\u00e9nero y trabajo femenino en el sector textil...","description":"INDUSTRIALIZACI\u00d3N, G\u00c9NERO Y TRABAJO FEMENINO EN EL SECTOR TEXTIL MEXICANO : EL OBRAJE, LA F\u00c1BRICA Y LA COMPA\u00d1\u00cdA INDUSTRIAL. \/ Carmen Ramos Escand\u00f3n. 2004.","robots":{"index":"index","follow":"follow","max-snippet":"max-snippet:-1","max-image-preview":"max-image-preview:large","max-video-preview":"max-video-preview:-1"},"canonical":"https:\/\/booksfrommexico.com\/es\/producto\/industrializacion-genero-y-trabajo-femenino-en-el-sector-textil-mexicano-el-obraje-la-fabrica-y-la-compania-industrial\/","og_locale":"es_ES","og_type":"article","og_title":"Industrializaci\u00f3n, g\u00e9nero y trabajo femenino en el sector textil...","og_description":"INDUSTRIALIZACI\u00d3N, G\u00c9NERO Y TRABAJO FEMENINO EN EL SECTOR TEXTIL MEXICANO : EL OBRAJE, LA F\u00c1BRICA Y LA COMPA\u00d1\u00cdA INDUSTRIAL. \/ Carmen Ramos Escand\u00f3n. 2004.","og_url":"https:\/\/booksfrommexico.com\/es\/producto\/industrializacion-genero-y-trabajo-femenino-en-el-sector-textil-mexicano-el-obraje-la-fabrica-y-la-compania-industrial\/","og_site_name":"Books From Mexico","article_modified_time":"2024-10-03T22:43:32+00:00","og_image":[{"width":474,"height":660,"url":"http:\/\/booksfrommexico.com\/app\/uploads\/2023\/05\/125985.jpeg","type":"image\/jpeg"}],"twitter_card":"summary_large_image","twitter_misc":{"Tiempo de lectura":"1 minuto"},"schema":{"@context":"https:\/\/schema.org","@graph":[{"@type":"WebPage","@id":"https:\/\/booksfrommexico.com\/es\/producto\/industrializacion-genero-y-trabajo-femenino-en-el-sector-textil-mexicano-el-obraje-la-fabrica-y-la-compania-industrial\/","url":"https:\/\/booksfrommexico.com\/es\/producto\/industrializacion-genero-y-trabajo-femenino-en-el-sector-textil-mexicano-el-obraje-la-fabrica-y-la-compania-industrial\/","name":"Industrializaci\u00f3n, g\u00e9nero y trabajo femenino en el sector textil...","isPartOf":{"@id":"https:\/\/booksfrommexico.com\/#website"},"primaryImageOfPage":{"@id":"https:\/\/booksfrommexico.com\/es\/producto\/industrializacion-genero-y-trabajo-femenino-en-el-sector-textil-mexicano-el-obraje-la-fabrica-y-la-compania-industrial\/#primaryimage"},"image":{"@id":"https:\/\/booksfrommexico.com\/es\/producto\/industrializacion-genero-y-trabajo-femenino-en-el-sector-textil-mexicano-el-obraje-la-fabrica-y-la-compania-industrial\/#primaryimage"},"thumbnailUrl":"https:\/\/booksfrommexico.com\/app\/uploads\/2023\/05\/125985.jpeg","datePublished":"2023-05-08T17:00:42+00:00","dateModified":"2024-10-03T22:43:32+00:00","description":"INDUSTRIALIZACI\u00d3N, G\u00c9NERO Y TRABAJO FEMENINO EN EL SECTOR TEXTIL MEXICANO : EL OBRAJE, LA F\u00c1BRICA Y LA COMPA\u00d1\u00cdA INDUSTRIAL. \/ Carmen Ramos Escand\u00f3n. 2004.","breadcrumb":{"@id":"https:\/\/booksfrommexico.com\/es\/producto\/industrializacion-genero-y-trabajo-femenino-en-el-sector-textil-mexicano-el-obraje-la-fabrica-y-la-compania-industrial\/#breadcrumb"},"inLanguage":"es","potentialAction":[{"@type":"ReadAction","target":["https:\/\/booksfrommexico.com\/es\/producto\/industrializacion-genero-y-trabajo-femenino-en-el-sector-textil-mexicano-el-obraje-la-fabrica-y-la-compania-industrial\/"]}]},{"@type":"ImageObject","inLanguage":"es","@id":"https:\/\/booksfrommexico.com\/es\/producto\/industrializacion-genero-y-trabajo-femenino-en-el-sector-textil-mexicano-el-obraje-la-fabrica-y-la-compania-industrial\/#primaryimage","url":"https:\/\/booksfrommexico.com\/app\/uploads\/2023\/05\/125985.jpeg","contentUrl":"https:\/\/booksfrommexico.com\/app\/uploads\/2023\/05\/125985.jpeg","width":474,"height":660},{"@type":"BreadcrumbList","@id":"https:\/\/booksfrommexico.com\/es\/producto\/industrializacion-genero-y-trabajo-femenino-en-el-sector-textil-mexicano-el-obraje-la-fabrica-y-la-compania-industrial\/#breadcrumb","itemListElement":[{"@type":"ListItem","position":1,"name":"Home","item":"https:\/\/booksfrommexico.com\/es\/"},{"@type":"ListItem","position":2,"name":"Libros","item":"https:\/\/booksfrommexico.com\/es\/libros\/"},{"@type":"ListItem","position":3,"name":"Industrializaci\u00f3n, g\u00e9nero y trabajo femenino en el sector textil mexicano: El obraje, la f\u00e1brica y la compa\u00f1\u00eda industrial"}]},{"@type":"WebSite","@id":"https:\/\/booksfrommexico.com\/#website","url":"https:\/\/booksfrommexico.com\/","name":"Books From Mexico","description":"","publisher":{"@id":"https:\/\/booksfrommexico.com\/#organization"},"potentialAction":[{"@type":"SearchAction","target":{"@type":"EntryPoint","urlTemplate":"https:\/\/booksfrommexico.com\/?s={search_term_string}"},"query-input":{"@type":"PropertyValueSpecification","valueRequired":true,"valueName":"search_term_string"}}],"inLanguage":"es"},{"@type":"Organization","@id":"https:\/\/booksfrommexico.com\/#organization","name":"Books From Mexico","url":"https:\/\/booksfrommexico.com\/","logo":{"@type":"ImageObject","inLanguage":"es","@id":"https:\/\/booksfrommexico.com\/#\/schema\/logo\/image\/","url":"https:\/\/booksfrommexico.com\/app\/uploads\/2023\/05\/logo-booksfrommexico.svg","contentUrl":"https:\/\/booksfrommexico.com\/app\/uploads\/2023\/05\/logo-booksfrommexico.svg","width":86,"height":56,"caption":"Books From Mexico"},"image":{"@id":"https:\/\/booksfrommexico.com\/#\/schema\/logo\/image\/"}}]}},"_links":{"self":[{"href":"https:\/\/booksfrommexico.com\/es\/wp-json\/wp\/v2\/product\/316","targetHints":{"allow":["GET"]}}],"collection":[{"href":"https:\/\/booksfrommexico.com\/es\/wp-json\/wp\/v2\/product"}],"about":[{"href":"https:\/\/booksfrommexico.com\/es\/wp-json\/wp\/v2\/types\/product"}],"wp:featuredmedia":[{"embeddable":true,"href":"https:\/\/booksfrommexico.com\/es\/wp-json\/wp\/v2\/media\/315"}],"wp:attachment":[{"href":"https:\/\/booksfrommexico.com\/es\/wp-json\/wp\/v2\/media?parent=316"}],"wp:term":[{"taxonomy":"product_brand","embeddable":true,"href":"https:\/\/booksfrommexico.com\/es\/wp-json\/wp\/v2\/product_brand?post=316"},{"taxonomy":"product_cat","embeddable":true,"href":"https:\/\/booksfrommexico.com\/es\/wp-json\/wp\/v2\/product_cat?post=316"},{"taxonomy":"product_tag","embeddable":true,"href":"https:\/\/booksfrommexico.com\/es\/wp-json\/wp\/v2\/product_tag?post=316"}],"curies":[{"name":"wp","href":"https:\/\/api.w.org\/{rel}","templated":true}]}}