{"id":318,"date":"2023-05-08T17:00:43","date_gmt":"2023-05-08T17:00:43","guid":{"rendered":"http:\/\/booksfrommexico.com\/product\/versos-musica-y-baile-de-artesa-de-la-costa-chica-san-nicolas-guerrero-y-el-ciruelo-oaxaca\/"},"modified":"2024-10-03T23:23:29","modified_gmt":"2024-10-03T23:23:29","slug":"versos-musica-y-baile-de-artesa-de-la-costa-chica-san-nicolas-guerrero-y-el-ciruelo-oaxaca","status":"publish","type":"product","link":"https:\/\/booksfrommexico.com\/es\/producto\/versos-musica-y-baile-de-artesa-de-la-costa-chica-san-nicolas-guerrero-y-el-ciruelo-oaxaca\/","title":{"rendered":"Versos, m\u00fasica y baile de artesa de la Costa Chica: San Nicol\u00e1s, Guerrero y El Cieruelo, Oaxaca"},"content":{"rendered":"<p><span style=\"font-weight: 400;\">El <em>baile de artesa<\/em> es una tradici\u00f3n c\u00e9lebre en las comunidades de zonas afromestizas en Guerrero y Oaxaca; pese a que hace poco m\u00e1s de 50 a\u00f1os a\u00fan se extend\u00eda esta tradici\u00f3n a lo largo de la Costa Chica, en la actualidad s\u00f3lo quedan dos grupos que conservan la tradici\u00f3n, lo cual la vuelve una tem\u00e1tica apremiante a estudiar. En este t\u00edtulo se incluyen dos fonogramas elaborados por Carlos Ruiz Rodr\u00edguez en colaboraci\u00f3n con los m\u00fasicos de artesa de San Nicol\u00e1s y El Ciruelo, siendo un producto de una investigaci\u00f3n m\u00e1s amplia y que da muestra del repertorio literario y musical de este g\u00e9nero. Con el fin de\u00a0 complementar esta investigaci\u00f3n, se incluyen dos CD\u2019s con estas formas musicales.\u00a0<\/span><\/p>\n","protected":false},"excerpt":{"rendered":"<p>VERSOS, M\u00daSICA Y BAILE DE ARTESA DE LA COSTA CHICA : SAN NICOL\u00c1S, GUERRERO Y EL CIRUELO, OAXACA<span style=\"font-weight: 400;\">. \/ Carlos Ruiz Rodr\u00edguez. M\u00e9xico, D.F. : El Colegio de M\u00e9xico ; Consejo Nacional para la Cultura y las Artes, Fondo Nacional para la Cultura y las Artes, 2004. 91 pages : includes notes, photos, maps, 2 CD\u2019s ; 15 cm. (Serie Lenguajes y Tradiciones). ISBN : 9681211707.<\/span><\/p>\n","protected":false},"featured_media":317,"template":"","meta":{"_acf_changed":false,"inline_featured_image":false},"product_brand":[],"product_cat":[382,325],"product_tag":[3924,3922,4496,3797,3762],"class_list":{"0":"post-318","1":"product","2":"type-product","3":"status-publish","4":"has-post-thumbnail","6":"product_cat-etno-musicologia-musica","7":"product_cat-musica","8":"product_tag-guerrero-mexico","9":"product_tag-musica","10":"product_tag-musica-tradicional","11":"product_tag-oaxaca-mexico","12":"product_tag-vida-religiosa-y-costumbres","14":"first","15":"instock","16":"sale","17":"taxable","18":"shipping-taxable","19":"purchasable","20":"product-type-simple"},"acf":[],"yoast_head":"<!-- This site is optimized with the Yoast SEO plugin v27.3 - https:\/\/yoast.com\/product\/yoast-seo-wordpress\/ -->\n<title>Versos, m\u00fasica y baile de artesa de la Costa Chica<\/title>\n<meta name=\"description\" content=\"VERSOS, M\u00daSICA Y BAILE DE ARTESA DE LA COSTA CHICA : SAN NICOL\u00c1S, GUERRERO Y EL CIRUELO, OAXACA. \/ Carlos Ruiz Rodr\u00edguez. M\u00e9xico, D.F. : COLMEX ; CONACULTA.\" \/>\n<meta name=\"robots\" content=\"index, follow, max-snippet:-1, max-image-preview:large, max-video-preview:-1\" \/>\n<link rel=\"canonical\" href=\"https:\/\/booksfrommexico.com\/es\/producto\/versos-musica-y-baile-de-artesa-de-la-costa-chica-san-nicolas-guerrero-y-el-ciruelo-oaxaca\/\" \/>\n<meta property=\"og:locale\" content=\"es_ES\" \/>\n<meta property=\"og:type\" content=\"article\" \/>\n<meta property=\"og:title\" content=\"Versos, m\u00fasica y baile de artesa de la Costa Chica\" \/>\n<meta property=\"og:description\" content=\"VERSOS, M\u00daSICA Y BAILE DE ARTESA DE LA COSTA CHICA : SAN NICOL\u00c1S, GUERRERO Y EL CIRUELO, OAXACA. \/ Carlos Ruiz Rodr\u00edguez. M\u00e9xico, D.F. : COLMEX ; CONACULTA.\" \/>\n<meta property=\"og:url\" content=\"https:\/\/booksfrommexico.com\/es\/producto\/versos-musica-y-baile-de-artesa-de-la-costa-chica-san-nicolas-guerrero-y-el-ciruelo-oaxaca\/\" \/>\n<meta property=\"og:site_name\" content=\"Books From Mexico\" \/>\n<meta property=\"article:modified_time\" content=\"2024-10-03T23:23:29+00:00\" \/>\n<meta property=\"og:image\" content=\"http:\/\/booksfrommexico.com\/app\/uploads\/2023\/05\/125909.jpeg\" \/>\n\t<meta property=\"og:image:width\" content=\"411\" \/>\n\t<meta property=\"og:image:height\" content=\"431\" \/>\n\t<meta property=\"og:image:type\" content=\"image\/jpeg\" \/>\n<meta name=\"twitter:card\" content=\"summary_large_image\" \/>\n<meta name=\"twitter:label1\" content=\"Tiempo de lectura\" \/>\n\t<meta name=\"twitter:data1\" content=\"1 minuto\" \/>\n<script type=\"application\/ld+json\" class=\"yoast-schema-graph\">{\"@context\":\"https:\\\/\\\/schema.org\",\"@graph\":[{\"@type\":\"WebPage\",\"@id\":\"https:\\\/\\\/booksfrommexico.com\\\/es\\\/producto\\\/versos-musica-y-baile-de-artesa-de-la-costa-chica-san-nicolas-guerrero-y-el-ciruelo-oaxaca\\\/\",\"url\":\"https:\\\/\\\/booksfrommexico.com\\\/es\\\/producto\\\/versos-musica-y-baile-de-artesa-de-la-costa-chica-san-nicolas-guerrero-y-el-ciruelo-oaxaca\\\/\",\"name\":\"Versos, m\u00fasica y baile de artesa de la Costa Chica\",\"isPartOf\":{\"@id\":\"https:\\\/\\\/booksfrommexico.com\\\/#website\"},\"primaryImageOfPage\":{\"@id\":\"https:\\\/\\\/booksfrommexico.com\\\/es\\\/producto\\\/versos-musica-y-baile-de-artesa-de-la-costa-chica-san-nicolas-guerrero-y-el-ciruelo-oaxaca\\\/#primaryimage\"},\"image\":{\"@id\":\"https:\\\/\\\/booksfrommexico.com\\\/es\\\/producto\\\/versos-musica-y-baile-de-artesa-de-la-costa-chica-san-nicolas-guerrero-y-el-ciruelo-oaxaca\\\/#primaryimage\"},\"thumbnailUrl\":\"https:\\\/\\\/booksfrommexico.com\\\/app\\\/uploads\\\/2023\\\/05\\\/125909.jpeg\",\"datePublished\":\"2023-05-08T17:00:43+00:00\",\"dateModified\":\"2024-10-03T23:23:29+00:00\",\"description\":\"VERSOS, M\u00daSICA Y BAILE DE ARTESA DE LA COSTA CHICA : SAN NICOL\u00c1S, GUERRERO Y EL CIRUELO, OAXACA. \\\/ Carlos Ruiz Rodr\u00edguez. M\u00e9xico, D.F. : COLMEX ; CONACULTA.\",\"breadcrumb\":{\"@id\":\"https:\\\/\\\/booksfrommexico.com\\\/es\\\/producto\\\/versos-musica-y-baile-de-artesa-de-la-costa-chica-san-nicolas-guerrero-y-el-ciruelo-oaxaca\\\/#breadcrumb\"},\"inLanguage\":\"es\",\"potentialAction\":[{\"@type\":\"ReadAction\",\"target\":[\"https:\\\/\\\/booksfrommexico.com\\\/es\\\/producto\\\/versos-musica-y-baile-de-artesa-de-la-costa-chica-san-nicolas-guerrero-y-el-ciruelo-oaxaca\\\/\"]}]},{\"@type\":\"ImageObject\",\"inLanguage\":\"es\",\"@id\":\"https:\\\/\\\/booksfrommexico.com\\\/es\\\/producto\\\/versos-musica-y-baile-de-artesa-de-la-costa-chica-san-nicolas-guerrero-y-el-ciruelo-oaxaca\\\/#primaryimage\",\"url\":\"https:\\\/\\\/booksfrommexico.com\\\/app\\\/uploads\\\/2023\\\/05\\\/125909.jpeg\",\"contentUrl\":\"https:\\\/\\\/booksfrommexico.com\\\/app\\\/uploads\\\/2023\\\/05\\\/125909.jpeg\",\"width\":411,\"height\":431},{\"@type\":\"BreadcrumbList\",\"@id\":\"https:\\\/\\\/booksfrommexico.com\\\/es\\\/producto\\\/versos-musica-y-baile-de-artesa-de-la-costa-chica-san-nicolas-guerrero-y-el-ciruelo-oaxaca\\\/#breadcrumb\",\"itemListElement\":[{\"@type\":\"ListItem\",\"position\":1,\"name\":\"Home\",\"item\":\"https:\\\/\\\/booksfrommexico.com\\\/es\\\/\"},{\"@type\":\"ListItem\",\"position\":2,\"name\":\"Libros\",\"item\":\"https:\\\/\\\/booksfrommexico.com\\\/es\\\/libros\\\/\"},{\"@type\":\"ListItem\",\"position\":3,\"name\":\"Versos, m\u00fasica y baile de artesa de la Costa Chica: San Nicol\u00e1s, Guerrero y El Cieruelo, Oaxaca\"}]},{\"@type\":\"WebSite\",\"@id\":\"https:\\\/\\\/booksfrommexico.com\\\/#website\",\"url\":\"https:\\\/\\\/booksfrommexico.com\\\/\",\"name\":\"Books From Mexico\",\"description\":\"\",\"publisher\":{\"@id\":\"https:\\\/\\\/booksfrommexico.com\\\/#organization\"},\"potentialAction\":[{\"@type\":\"SearchAction\",\"target\":{\"@type\":\"EntryPoint\",\"urlTemplate\":\"https:\\\/\\\/booksfrommexico.com\\\/?s={search_term_string}\"},\"query-input\":{\"@type\":\"PropertyValueSpecification\",\"valueRequired\":true,\"valueName\":\"search_term_string\"}}],\"inLanguage\":\"es\"},{\"@type\":\"Organization\",\"@id\":\"https:\\\/\\\/booksfrommexico.com\\\/#organization\",\"name\":\"Books From Mexico\",\"url\":\"https:\\\/\\\/booksfrommexico.com\\\/\",\"logo\":{\"@type\":\"ImageObject\",\"inLanguage\":\"es\",\"@id\":\"https:\\\/\\\/booksfrommexico.com\\\/#\\\/schema\\\/logo\\\/image\\\/\",\"url\":\"https:\\\/\\\/booksfrommexico.com\\\/app\\\/uploads\\\/2023\\\/05\\\/logo-booksfrommexico.svg\",\"contentUrl\":\"https:\\\/\\\/booksfrommexico.com\\\/app\\\/uploads\\\/2023\\\/05\\\/logo-booksfrommexico.svg\",\"width\":86,\"height\":56,\"caption\":\"Books From Mexico\"},\"image\":{\"@id\":\"https:\\\/\\\/booksfrommexico.com\\\/#\\\/schema\\\/logo\\\/image\\\/\"}}]}<\/script>\n<!-- \/ Yoast SEO plugin. -->","yoast_head_json":{"title":"Versos, m\u00fasica y baile de artesa de la Costa Chica","description":"VERSOS, M\u00daSICA Y BAILE DE ARTESA DE LA COSTA CHICA : SAN NICOL\u00c1S, GUERRERO Y EL CIRUELO, OAXACA. \/ Carlos Ruiz Rodr\u00edguez. M\u00e9xico, D.F. : COLMEX ; CONACULTA.","robots":{"index":"index","follow":"follow","max-snippet":"max-snippet:-1","max-image-preview":"max-image-preview:large","max-video-preview":"max-video-preview:-1"},"canonical":"https:\/\/booksfrommexico.com\/es\/producto\/versos-musica-y-baile-de-artesa-de-la-costa-chica-san-nicolas-guerrero-y-el-ciruelo-oaxaca\/","og_locale":"es_ES","og_type":"article","og_title":"Versos, m\u00fasica y baile de artesa de la Costa Chica","og_description":"VERSOS, M\u00daSICA Y BAILE DE ARTESA DE LA COSTA CHICA : SAN NICOL\u00c1S, GUERRERO Y EL CIRUELO, OAXACA. \/ Carlos Ruiz Rodr\u00edguez. M\u00e9xico, D.F. : COLMEX ; CONACULTA.","og_url":"https:\/\/booksfrommexico.com\/es\/producto\/versos-musica-y-baile-de-artesa-de-la-costa-chica-san-nicolas-guerrero-y-el-ciruelo-oaxaca\/","og_site_name":"Books From Mexico","article_modified_time":"2024-10-03T23:23:29+00:00","og_image":[{"width":411,"height":431,"url":"http:\/\/booksfrommexico.com\/app\/uploads\/2023\/05\/125909.jpeg","type":"image\/jpeg"}],"twitter_card":"summary_large_image","twitter_misc":{"Tiempo de lectura":"1 minuto"},"schema":{"@context":"https:\/\/schema.org","@graph":[{"@type":"WebPage","@id":"https:\/\/booksfrommexico.com\/es\/producto\/versos-musica-y-baile-de-artesa-de-la-costa-chica-san-nicolas-guerrero-y-el-ciruelo-oaxaca\/","url":"https:\/\/booksfrommexico.com\/es\/producto\/versos-musica-y-baile-de-artesa-de-la-costa-chica-san-nicolas-guerrero-y-el-ciruelo-oaxaca\/","name":"Versos, m\u00fasica y baile de artesa de la Costa Chica","isPartOf":{"@id":"https:\/\/booksfrommexico.com\/#website"},"primaryImageOfPage":{"@id":"https:\/\/booksfrommexico.com\/es\/producto\/versos-musica-y-baile-de-artesa-de-la-costa-chica-san-nicolas-guerrero-y-el-ciruelo-oaxaca\/#primaryimage"},"image":{"@id":"https:\/\/booksfrommexico.com\/es\/producto\/versos-musica-y-baile-de-artesa-de-la-costa-chica-san-nicolas-guerrero-y-el-ciruelo-oaxaca\/#primaryimage"},"thumbnailUrl":"https:\/\/booksfrommexico.com\/app\/uploads\/2023\/05\/125909.jpeg","datePublished":"2023-05-08T17:00:43+00:00","dateModified":"2024-10-03T23:23:29+00:00","description":"VERSOS, M\u00daSICA Y BAILE DE ARTESA DE LA COSTA CHICA : SAN NICOL\u00c1S, GUERRERO Y EL CIRUELO, OAXACA. \/ Carlos Ruiz Rodr\u00edguez. M\u00e9xico, D.F. : COLMEX ; CONACULTA.","breadcrumb":{"@id":"https:\/\/booksfrommexico.com\/es\/producto\/versos-musica-y-baile-de-artesa-de-la-costa-chica-san-nicolas-guerrero-y-el-ciruelo-oaxaca\/#breadcrumb"},"inLanguage":"es","potentialAction":[{"@type":"ReadAction","target":["https:\/\/booksfrommexico.com\/es\/producto\/versos-musica-y-baile-de-artesa-de-la-costa-chica-san-nicolas-guerrero-y-el-ciruelo-oaxaca\/"]}]},{"@type":"ImageObject","inLanguage":"es","@id":"https:\/\/booksfrommexico.com\/es\/producto\/versos-musica-y-baile-de-artesa-de-la-costa-chica-san-nicolas-guerrero-y-el-ciruelo-oaxaca\/#primaryimage","url":"https:\/\/booksfrommexico.com\/app\/uploads\/2023\/05\/125909.jpeg","contentUrl":"https:\/\/booksfrommexico.com\/app\/uploads\/2023\/05\/125909.jpeg","width":411,"height":431},{"@type":"BreadcrumbList","@id":"https:\/\/booksfrommexico.com\/es\/producto\/versos-musica-y-baile-de-artesa-de-la-costa-chica-san-nicolas-guerrero-y-el-ciruelo-oaxaca\/#breadcrumb","itemListElement":[{"@type":"ListItem","position":1,"name":"Home","item":"https:\/\/booksfrommexico.com\/es\/"},{"@type":"ListItem","position":2,"name":"Libros","item":"https:\/\/booksfrommexico.com\/es\/libros\/"},{"@type":"ListItem","position":3,"name":"Versos, m\u00fasica y baile de artesa de la Costa Chica: San Nicol\u00e1s, Guerrero y El Cieruelo, Oaxaca"}]},{"@type":"WebSite","@id":"https:\/\/booksfrommexico.com\/#website","url":"https:\/\/booksfrommexico.com\/","name":"Books From Mexico","description":"","publisher":{"@id":"https:\/\/booksfrommexico.com\/#organization"},"potentialAction":[{"@type":"SearchAction","target":{"@type":"EntryPoint","urlTemplate":"https:\/\/booksfrommexico.com\/?s={search_term_string}"},"query-input":{"@type":"PropertyValueSpecification","valueRequired":true,"valueName":"search_term_string"}}],"inLanguage":"es"},{"@type":"Organization","@id":"https:\/\/booksfrommexico.com\/#organization","name":"Books From Mexico","url":"https:\/\/booksfrommexico.com\/","logo":{"@type":"ImageObject","inLanguage":"es","@id":"https:\/\/booksfrommexico.com\/#\/schema\/logo\/image\/","url":"https:\/\/booksfrommexico.com\/app\/uploads\/2023\/05\/logo-booksfrommexico.svg","contentUrl":"https:\/\/booksfrommexico.com\/app\/uploads\/2023\/05\/logo-booksfrommexico.svg","width":86,"height":56,"caption":"Books From Mexico"},"image":{"@id":"https:\/\/booksfrommexico.com\/#\/schema\/logo\/image\/"}}]}},"_links":{"self":[{"href":"https:\/\/booksfrommexico.com\/es\/wp-json\/wp\/v2\/product\/318","targetHints":{"allow":["GET"]}}],"collection":[{"href":"https:\/\/booksfrommexico.com\/es\/wp-json\/wp\/v2\/product"}],"about":[{"href":"https:\/\/booksfrommexico.com\/es\/wp-json\/wp\/v2\/types\/product"}],"wp:featuredmedia":[{"embeddable":true,"href":"https:\/\/booksfrommexico.com\/es\/wp-json\/wp\/v2\/media\/317"}],"wp:attachment":[{"href":"https:\/\/booksfrommexico.com\/es\/wp-json\/wp\/v2\/media?parent=318"}],"wp:term":[{"taxonomy":"product_brand","embeddable":true,"href":"https:\/\/booksfrommexico.com\/es\/wp-json\/wp\/v2\/product_brand?post=318"},{"taxonomy":"product_cat","embeddable":true,"href":"https:\/\/booksfrommexico.com\/es\/wp-json\/wp\/v2\/product_cat?post=318"},{"taxonomy":"product_tag","embeddable":true,"href":"https:\/\/booksfrommexico.com\/es\/wp-json\/wp\/v2\/product_tag?post=318"}],"curies":[{"name":"wp","href":"https:\/\/api.w.org\/{rel}","templated":true}]}}