{"id":320,"date":"2023-05-08T17:00:46","date_gmt":"2023-05-08T17:00:46","guid":{"rendered":"http:\/\/booksfrommexico.com\/product\/janaab-pakal-de-palenque-vida-y-muerte-de-un-gobernante-maya\/"},"modified":"2024-10-23T14:03:38","modified_gmt":"2024-10-23T14:03:38","slug":"janaab-pakal-de-palenque-vida-y-muerte-de-un-gobernante-maya","status":"publish","type":"product","link":"https:\/\/booksfrommexico.com\/es\/producto\/janaab-pakal-de-palenque-vida-y-muerte-de-un-gobernante-maya\/","title":{"rendered":"Janaab&#8217; Pakal de Palenque: Vida y muerte de un gobernante maya"},"content":{"rendered":"<p><span style=\"font-weight: 400;\">El monolito funerario de Janaab\u2019 Pakal de Palenque en 1952 es uno de los hallazgos arqueol\u00f3gicos m\u00e1s importantes de los \u00faltimos 100 a\u00f1os. Este estudio es producto de una exhaustiva revisi\u00f3n de los restos mortales de Pakal y de sus acompa\u00f1antes sacrificados, a m\u00e1s de medio siglo de su exploraci\u00f3n inicial; aportando sobre el soberano y su entorno sociocultural desde las \u00f3pticas de la arqueolog\u00eda, la tafonom\u00eda, la biolog\u00eda del esqueleto, la histolog\u00eda, la paleodemograf\u00eda y el estudio epigr\u00e1fico. Esta investigaci\u00f3n de corte interdisciplinaria utiliza herramientas anal\u00edticas al igual que los marcos de referencia cient\u00edfica en materia de bioarqueolog\u00eda y epigraf\u00eda.<\/span><\/p>\n","protected":false},"excerpt":{"rendered":"<p>JANAAB&#8217; PAKAL DE PALENQUE : VIDA Y MUERTE DE UN GOBERNANTE MAYA<span style=\"font-weight: 400;\">. \/ Vera Tiesler, Andrea Cucina (editors). M\u00e9xico, D.F. : Universidad Nacional Aut\u00f3noma de M\u00e9xico , Direcci\u00f3n General de Publicaciones y Fomento Editorial ; M\u00e9rida, Yucat\u00e1n : Universidad Aut\u00f3noma de Yucat\u00e1n , Facultad de Ciencias Antropol\u00f3gicas, 2004. 275 pages : includes photos, color photos, tables, illustrations, notes, bibliographic notes, bibliography at the end of each chapter ; 23 cm. ISBN : 9703214894.<\/span><\/p>\n","protected":false},"featured_media":319,"template":"","meta":{"_acf_changed":false,"inline_featured_image":false},"product_brand":[],"product_cat":[386,491],"product_tag":[3677,3781,4475,3980,3831],"class_list":{"0":"post-320","1":"product","2":"type-product","3":"status-publish","4":"has-post-thumbnail","6":"product_cat-arqueologia","7":"product_cat-sitios-de-excavacion-arqueologia","8":"product_tag-arquitectura-antigua","9":"product_tag-cultura-maya","10":"product_tag-restos-arqueologicos","11":"product_tag-reyes-gobernantes","12":"product_tag-yucatan-mexico","14":"first","15":"outofstock","16":"sale","17":"taxable","18":"shipping-taxable","19":"purchasable","20":"product-type-simple"},"acf":[],"yoast_head":"<!-- This site is optimized with the Yoast SEO plugin v27.3 - https:\/\/yoast.com\/product\/yoast-seo-wordpress\/ -->\n<title>Janaab&#039; Pakal de Palenque: Vida y muerte de un gobernante maya<\/title>\n<meta name=\"description\" content=\"JANAAB&#039; PAKAL DE PALENQUE : VIDA Y MUERTE DE UN GOBERNANTE MAYA. \/ Vera Tiesler, Andrea Cucina (editors). M\u00e9xico, D.F. : UNAM ; M\u00e9rida, Yucat\u00e1n : UADY.\" \/>\n<meta name=\"robots\" content=\"index, follow, max-snippet:-1, max-image-preview:large, max-video-preview:-1\" \/>\n<link rel=\"canonical\" href=\"https:\/\/booksfrommexico.com\/es\/producto\/janaab-pakal-de-palenque-vida-y-muerte-de-un-gobernante-maya\/\" \/>\n<meta property=\"og:locale\" content=\"es_ES\" \/>\n<meta property=\"og:type\" content=\"article\" \/>\n<meta property=\"og:title\" content=\"Janaab&#039; Pakal de Palenque: Vida y muerte de un gobernante maya\" \/>\n<meta property=\"og:description\" content=\"JANAAB&#039; PAKAL DE PALENQUE : VIDA Y MUERTE DE UN GOBERNANTE MAYA. \/ Vera Tiesler, Andrea Cucina (editors). M\u00e9xico, D.F. : UNAM ; M\u00e9rida, Yucat\u00e1n : UADY.\" \/>\n<meta property=\"og:url\" content=\"https:\/\/booksfrommexico.com\/es\/producto\/janaab-pakal-de-palenque-vida-y-muerte-de-un-gobernante-maya\/\" \/>\n<meta property=\"og:site_name\" content=\"Books From Mexico\" \/>\n<meta property=\"article:modified_time\" content=\"2024-10-23T14:03:38+00:00\" \/>\n<meta property=\"og:image\" content=\"http:\/\/booksfrommexico.com\/app\/uploads\/2023\/05\/125869.jpeg\" \/>\n\t<meta property=\"og:image:width\" content=\"470\" \/>\n\t<meta property=\"og:image:height\" content=\"659\" \/>\n\t<meta property=\"og:image:type\" content=\"image\/jpeg\" \/>\n<meta name=\"twitter:card\" content=\"summary_large_image\" \/>\n<meta name=\"twitter:label1\" content=\"Tiempo de lectura\" \/>\n\t<meta name=\"twitter:data1\" content=\"1 minuto\" \/>\n<script type=\"application\/ld+json\" class=\"yoast-schema-graph\">{\"@context\":\"https:\\\/\\\/schema.org\",\"@graph\":[{\"@type\":\"WebPage\",\"@id\":\"https:\\\/\\\/booksfrommexico.com\\\/es\\\/producto\\\/janaab-pakal-de-palenque-vida-y-muerte-de-un-gobernante-maya\\\/\",\"url\":\"https:\\\/\\\/booksfrommexico.com\\\/es\\\/producto\\\/janaab-pakal-de-palenque-vida-y-muerte-de-un-gobernante-maya\\\/\",\"name\":\"Janaab' Pakal de Palenque: Vida y muerte de un gobernante maya\",\"isPartOf\":{\"@id\":\"https:\\\/\\\/booksfrommexico.com\\\/#website\"},\"primaryImageOfPage\":{\"@id\":\"https:\\\/\\\/booksfrommexico.com\\\/es\\\/producto\\\/janaab-pakal-de-palenque-vida-y-muerte-de-un-gobernante-maya\\\/#primaryimage\"},\"image\":{\"@id\":\"https:\\\/\\\/booksfrommexico.com\\\/es\\\/producto\\\/janaab-pakal-de-palenque-vida-y-muerte-de-un-gobernante-maya\\\/#primaryimage\"},\"thumbnailUrl\":\"https:\\\/\\\/booksfrommexico.com\\\/app\\\/uploads\\\/2023\\\/05\\\/125869.jpeg\",\"datePublished\":\"2023-05-08T17:00:46+00:00\",\"dateModified\":\"2024-10-23T14:03:38+00:00\",\"description\":\"JANAAB' PAKAL DE PALENQUE : VIDA Y MUERTE DE UN GOBERNANTE MAYA. \\\/ Vera Tiesler, Andrea Cucina (editors). M\u00e9xico, D.F. : UNAM ; M\u00e9rida, Yucat\u00e1n : UADY.\",\"breadcrumb\":{\"@id\":\"https:\\\/\\\/booksfrommexico.com\\\/es\\\/producto\\\/janaab-pakal-de-palenque-vida-y-muerte-de-un-gobernante-maya\\\/#breadcrumb\"},\"inLanguage\":\"es\",\"potentialAction\":[{\"@type\":\"ReadAction\",\"target\":[\"https:\\\/\\\/booksfrommexico.com\\\/es\\\/producto\\\/janaab-pakal-de-palenque-vida-y-muerte-de-un-gobernante-maya\\\/\"]}]},{\"@type\":\"ImageObject\",\"inLanguage\":\"es\",\"@id\":\"https:\\\/\\\/booksfrommexico.com\\\/es\\\/producto\\\/janaab-pakal-de-palenque-vida-y-muerte-de-un-gobernante-maya\\\/#primaryimage\",\"url\":\"https:\\\/\\\/booksfrommexico.com\\\/app\\\/uploads\\\/2023\\\/05\\\/125869.jpeg\",\"contentUrl\":\"https:\\\/\\\/booksfrommexico.com\\\/app\\\/uploads\\\/2023\\\/05\\\/125869.jpeg\",\"width\":470,\"height\":659},{\"@type\":\"BreadcrumbList\",\"@id\":\"https:\\\/\\\/booksfrommexico.com\\\/es\\\/producto\\\/janaab-pakal-de-palenque-vida-y-muerte-de-un-gobernante-maya\\\/#breadcrumb\",\"itemListElement\":[{\"@type\":\"ListItem\",\"position\":1,\"name\":\"Home\",\"item\":\"https:\\\/\\\/booksfrommexico.com\\\/es\\\/\"},{\"@type\":\"ListItem\",\"position\":2,\"name\":\"Libros\",\"item\":\"https:\\\/\\\/booksfrommexico.com\\\/es\\\/libros\\\/\"},{\"@type\":\"ListItem\",\"position\":3,\"name\":\"Janaab&#8217; Pakal de Palenque: Vida y muerte de un gobernante maya\"}]},{\"@type\":\"WebSite\",\"@id\":\"https:\\\/\\\/booksfrommexico.com\\\/#website\",\"url\":\"https:\\\/\\\/booksfrommexico.com\\\/\",\"name\":\"Books From Mexico\",\"description\":\"\",\"publisher\":{\"@id\":\"https:\\\/\\\/booksfrommexico.com\\\/#organization\"},\"potentialAction\":[{\"@type\":\"SearchAction\",\"target\":{\"@type\":\"EntryPoint\",\"urlTemplate\":\"https:\\\/\\\/booksfrommexico.com\\\/?s={search_term_string}\"},\"query-input\":{\"@type\":\"PropertyValueSpecification\",\"valueRequired\":true,\"valueName\":\"search_term_string\"}}],\"inLanguage\":\"es\"},{\"@type\":\"Organization\",\"@id\":\"https:\\\/\\\/booksfrommexico.com\\\/#organization\",\"name\":\"Books From Mexico\",\"url\":\"https:\\\/\\\/booksfrommexico.com\\\/\",\"logo\":{\"@type\":\"ImageObject\",\"inLanguage\":\"es\",\"@id\":\"https:\\\/\\\/booksfrommexico.com\\\/#\\\/schema\\\/logo\\\/image\\\/\",\"url\":\"https:\\\/\\\/booksfrommexico.com\\\/app\\\/uploads\\\/2023\\\/05\\\/logo-booksfrommexico.svg\",\"contentUrl\":\"https:\\\/\\\/booksfrommexico.com\\\/app\\\/uploads\\\/2023\\\/05\\\/logo-booksfrommexico.svg\",\"width\":86,\"height\":56,\"caption\":\"Books From Mexico\"},\"image\":{\"@id\":\"https:\\\/\\\/booksfrommexico.com\\\/#\\\/schema\\\/logo\\\/image\\\/\"}}]}<\/script>\n<!-- \/ Yoast SEO plugin. -->","yoast_head_json":{"title":"Janaab' Pakal de Palenque: Vida y muerte de un gobernante maya","description":"JANAAB' PAKAL DE PALENQUE : VIDA Y MUERTE DE UN GOBERNANTE MAYA. \/ Vera Tiesler, Andrea Cucina (editors). M\u00e9xico, D.F. : UNAM ; M\u00e9rida, Yucat\u00e1n : UADY.","robots":{"index":"index","follow":"follow","max-snippet":"max-snippet:-1","max-image-preview":"max-image-preview:large","max-video-preview":"max-video-preview:-1"},"canonical":"https:\/\/booksfrommexico.com\/es\/producto\/janaab-pakal-de-palenque-vida-y-muerte-de-un-gobernante-maya\/","og_locale":"es_ES","og_type":"article","og_title":"Janaab' Pakal de Palenque: Vida y muerte de un gobernante maya","og_description":"JANAAB' PAKAL DE PALENQUE : VIDA Y MUERTE DE UN GOBERNANTE MAYA. \/ Vera Tiesler, Andrea Cucina (editors). M\u00e9xico, D.F. : UNAM ; M\u00e9rida, Yucat\u00e1n : UADY.","og_url":"https:\/\/booksfrommexico.com\/es\/producto\/janaab-pakal-de-palenque-vida-y-muerte-de-un-gobernante-maya\/","og_site_name":"Books From Mexico","article_modified_time":"2024-10-23T14:03:38+00:00","og_image":[{"width":470,"height":659,"url":"http:\/\/booksfrommexico.com\/app\/uploads\/2023\/05\/125869.jpeg","type":"image\/jpeg"}],"twitter_card":"summary_large_image","twitter_misc":{"Tiempo de lectura":"1 minuto"},"schema":{"@context":"https:\/\/schema.org","@graph":[{"@type":"WebPage","@id":"https:\/\/booksfrommexico.com\/es\/producto\/janaab-pakal-de-palenque-vida-y-muerte-de-un-gobernante-maya\/","url":"https:\/\/booksfrommexico.com\/es\/producto\/janaab-pakal-de-palenque-vida-y-muerte-de-un-gobernante-maya\/","name":"Janaab' Pakal de Palenque: Vida y muerte de un gobernante maya","isPartOf":{"@id":"https:\/\/booksfrommexico.com\/#website"},"primaryImageOfPage":{"@id":"https:\/\/booksfrommexico.com\/es\/producto\/janaab-pakal-de-palenque-vida-y-muerte-de-un-gobernante-maya\/#primaryimage"},"image":{"@id":"https:\/\/booksfrommexico.com\/es\/producto\/janaab-pakal-de-palenque-vida-y-muerte-de-un-gobernante-maya\/#primaryimage"},"thumbnailUrl":"https:\/\/booksfrommexico.com\/app\/uploads\/2023\/05\/125869.jpeg","datePublished":"2023-05-08T17:00:46+00:00","dateModified":"2024-10-23T14:03:38+00:00","description":"JANAAB' PAKAL DE PALENQUE : VIDA Y MUERTE DE UN GOBERNANTE MAYA. \/ Vera Tiesler, Andrea Cucina (editors). M\u00e9xico, D.F. : UNAM ; M\u00e9rida, Yucat\u00e1n : UADY.","breadcrumb":{"@id":"https:\/\/booksfrommexico.com\/es\/producto\/janaab-pakal-de-palenque-vida-y-muerte-de-un-gobernante-maya\/#breadcrumb"},"inLanguage":"es","potentialAction":[{"@type":"ReadAction","target":["https:\/\/booksfrommexico.com\/es\/producto\/janaab-pakal-de-palenque-vida-y-muerte-de-un-gobernante-maya\/"]}]},{"@type":"ImageObject","inLanguage":"es","@id":"https:\/\/booksfrommexico.com\/es\/producto\/janaab-pakal-de-palenque-vida-y-muerte-de-un-gobernante-maya\/#primaryimage","url":"https:\/\/booksfrommexico.com\/app\/uploads\/2023\/05\/125869.jpeg","contentUrl":"https:\/\/booksfrommexico.com\/app\/uploads\/2023\/05\/125869.jpeg","width":470,"height":659},{"@type":"BreadcrumbList","@id":"https:\/\/booksfrommexico.com\/es\/producto\/janaab-pakal-de-palenque-vida-y-muerte-de-un-gobernante-maya\/#breadcrumb","itemListElement":[{"@type":"ListItem","position":1,"name":"Home","item":"https:\/\/booksfrommexico.com\/es\/"},{"@type":"ListItem","position":2,"name":"Libros","item":"https:\/\/booksfrommexico.com\/es\/libros\/"},{"@type":"ListItem","position":3,"name":"Janaab&#8217; Pakal de Palenque: Vida y muerte de un gobernante maya"}]},{"@type":"WebSite","@id":"https:\/\/booksfrommexico.com\/#website","url":"https:\/\/booksfrommexico.com\/","name":"Books From Mexico","description":"","publisher":{"@id":"https:\/\/booksfrommexico.com\/#organization"},"potentialAction":[{"@type":"SearchAction","target":{"@type":"EntryPoint","urlTemplate":"https:\/\/booksfrommexico.com\/?s={search_term_string}"},"query-input":{"@type":"PropertyValueSpecification","valueRequired":true,"valueName":"search_term_string"}}],"inLanguage":"es"},{"@type":"Organization","@id":"https:\/\/booksfrommexico.com\/#organization","name":"Books From Mexico","url":"https:\/\/booksfrommexico.com\/","logo":{"@type":"ImageObject","inLanguage":"es","@id":"https:\/\/booksfrommexico.com\/#\/schema\/logo\/image\/","url":"https:\/\/booksfrommexico.com\/app\/uploads\/2023\/05\/logo-booksfrommexico.svg","contentUrl":"https:\/\/booksfrommexico.com\/app\/uploads\/2023\/05\/logo-booksfrommexico.svg","width":86,"height":56,"caption":"Books From Mexico"},"image":{"@id":"https:\/\/booksfrommexico.com\/#\/schema\/logo\/image\/"}}]}},"_links":{"self":[{"href":"https:\/\/booksfrommexico.com\/es\/wp-json\/wp\/v2\/product\/320","targetHints":{"allow":["GET"]}}],"collection":[{"href":"https:\/\/booksfrommexico.com\/es\/wp-json\/wp\/v2\/product"}],"about":[{"href":"https:\/\/booksfrommexico.com\/es\/wp-json\/wp\/v2\/types\/product"}],"wp:featuredmedia":[{"embeddable":true,"href":"https:\/\/booksfrommexico.com\/es\/wp-json\/wp\/v2\/media\/319"}],"wp:attachment":[{"href":"https:\/\/booksfrommexico.com\/es\/wp-json\/wp\/v2\/media?parent=320"}],"wp:term":[{"taxonomy":"product_brand","embeddable":true,"href":"https:\/\/booksfrommexico.com\/es\/wp-json\/wp\/v2\/product_brand?post=320"},{"taxonomy":"product_cat","embeddable":true,"href":"https:\/\/booksfrommexico.com\/es\/wp-json\/wp\/v2\/product_cat?post=320"},{"taxonomy":"product_tag","embeddable":true,"href":"https:\/\/booksfrommexico.com\/es\/wp-json\/wp\/v2\/product_tag?post=320"}],"curies":[{"name":"wp","href":"https:\/\/api.w.org\/{rel}","templated":true}]}}