{"id":322,"date":"2023-05-08T17:00:47","date_gmt":"2023-05-08T17:00:47","guid":{"rendered":"http:\/\/booksfrommexico.com\/product\/frida-intima\/"},"modified":"2025-04-21T17:56:11","modified_gmt":"2025-04-21T17:56:11","slug":"frida-intima","status":"publish","type":"product","link":"https:\/\/booksfrommexico.com\/es\/producto\/frida-intima\/","title":{"rendered":"Frida \u00edntima"},"content":{"rendered":"<p><span style=\"font-weight: 400;\">En este t\u00edtulo se relata una nueva verdad que se suma a otras historias subjetivas e investigaciones hechas en torno a la figura de Frida Kahlo, acompa\u00f1ada por fotograf\u00edas y documentos atesorados por la familia. Aqu\u00ed se recuperan las memorias escritas de Isolda Pinedo Kahlo, sobrina de la pintora mexicana y \u00faltima sobreviviente directa de la dinast\u00eda Kahlo, recopiladas por su nieta Mara de Anda en 2004. Esta particular visi\u00f3n proveniente de la relaci\u00f3n que llevaron Frida e Isolda, provee al lector de una nueva perspectiva, donde la figura ic\u00f3nica de la artista toma un nuevo significado, uno m\u00e1s \u00edntimo, personal, real y cotidiano.<\/span><\/p>\n","protected":false},"excerpt":{"rendered":"<p>FRIDA \u00cdNTIMA<span style=\"font-weight: 400;\">. \/ Isolda P, Kahlo. Bogot\u00e1, Colombia : Ediciones Dipon ; Buenos Aires, Argentina : Ediciones Gato Azul, 2004. 256 pages : includes photos, chart, bibliography ; 25 cm. ISBN : 9589736696. <\/span><\/p>\n","protected":false},"featured_media":321,"template":"","meta":{"_acf_changed":false,"inline_featured_image":false},"product_brand":[],"product_cat":[390],"product_tag":[3630,3913,3984,3982,3719],"class_list":{"0":"post-322","1":"product","2":"type-product","3":"status-publish","4":"has-post-thumbnail","6":"product_cat-biografias-de-artistas-arte","7":"product_tag-biografia","8":"product_tag-correspondencia","9":"product_tag-kahlo-frida","10":"product_tag-memorias","11":"product_tag-pintores-mexicanos","13":"first","14":"outofstock","15":"sale","16":"taxable","17":"shipping-taxable","18":"purchasable","19":"product-type-simple"},"acf":[],"yoast_head":"<!-- This site is optimized with the Yoast SEO plugin v27.3 - https:\/\/yoast.com\/product\/yoast-seo-wordpress\/ -->\n<title>Frida \u00edntima<\/title>\n<meta name=\"description\" content=\"FRIDA \u00cdNTIMA. \/ Isolda P, Kahlo. Bogot\u00e1, Colombia : Ediciones Dipon ; Buenos Aires, Argentina : Ediciones Gato Azul, 2004. ISBN : 9589736696.\" \/>\n<meta name=\"robots\" content=\"index, follow, max-snippet:-1, max-image-preview:large, max-video-preview:-1\" \/>\n<link rel=\"canonical\" href=\"https:\/\/booksfrommexico.com\/es\/producto\/frida-intima\/\" \/>\n<meta property=\"og:locale\" content=\"es_ES\" \/>\n<meta property=\"og:type\" content=\"article\" \/>\n<meta property=\"og:title\" content=\"Frida \u00edntima\" \/>\n<meta property=\"og:description\" content=\"FRIDA \u00cdNTIMA. \/ Isolda P, Kahlo. Bogot\u00e1, Colombia : Ediciones Dipon ; Buenos Aires, Argentina : Ediciones Gato Azul, 2004. ISBN : 9589736696.\" \/>\n<meta property=\"og:url\" content=\"https:\/\/booksfrommexico.com\/es\/producto\/frida-intima\/\" \/>\n<meta property=\"og:site_name\" content=\"Books From Mexico\" \/>\n<meta property=\"article:modified_time\" content=\"2025-04-21T17:56:11+00:00\" \/>\n<meta property=\"og:image\" content=\"http:\/\/booksfrommexico.com\/app\/uploads\/2023\/05\/125736.jpeg\" \/>\n\t<meta property=\"og:image:width\" content=\"488\" \/>\n\t<meta property=\"og:image:height\" content=\"705\" \/>\n\t<meta property=\"og:image:type\" content=\"image\/jpeg\" \/>\n<meta name=\"twitter:card\" content=\"summary_large_image\" \/>\n<meta name=\"twitter:label1\" content=\"Tiempo de lectura\" \/>\n\t<meta name=\"twitter:data1\" content=\"1 minuto\" \/>\n<script type=\"application\/ld+json\" class=\"yoast-schema-graph\">{\"@context\":\"https:\\\/\\\/schema.org\",\"@graph\":[{\"@type\":\"WebPage\",\"@id\":\"https:\\\/\\\/booksfrommexico.com\\\/es\\\/producto\\\/frida-intima\\\/\",\"url\":\"https:\\\/\\\/booksfrommexico.com\\\/es\\\/producto\\\/frida-intima\\\/\",\"name\":\"Frida \u00edntima\",\"isPartOf\":{\"@id\":\"https:\\\/\\\/booksfrommexico.com\\\/#website\"},\"primaryImageOfPage\":{\"@id\":\"https:\\\/\\\/booksfrommexico.com\\\/es\\\/producto\\\/frida-intima\\\/#primaryimage\"},\"image\":{\"@id\":\"https:\\\/\\\/booksfrommexico.com\\\/es\\\/producto\\\/frida-intima\\\/#primaryimage\"},\"thumbnailUrl\":\"https:\\\/\\\/booksfrommexico.com\\\/app\\\/uploads\\\/2023\\\/05\\\/125736.jpeg\",\"datePublished\":\"2023-05-08T17:00:47+00:00\",\"dateModified\":\"2025-04-21T17:56:11+00:00\",\"description\":\"FRIDA \u00cdNTIMA. \\\/ Isolda P, Kahlo. Bogot\u00e1, Colombia : Ediciones Dipon ; Buenos Aires, Argentina : Ediciones Gato Azul, 2004. ISBN : 9589736696.\",\"breadcrumb\":{\"@id\":\"https:\\\/\\\/booksfrommexico.com\\\/es\\\/producto\\\/frida-intima\\\/#breadcrumb\"},\"inLanguage\":\"es\",\"potentialAction\":[{\"@type\":\"ReadAction\",\"target\":[\"https:\\\/\\\/booksfrommexico.com\\\/es\\\/producto\\\/frida-intima\\\/\"]}]},{\"@type\":\"ImageObject\",\"inLanguage\":\"es\",\"@id\":\"https:\\\/\\\/booksfrommexico.com\\\/es\\\/producto\\\/frida-intima\\\/#primaryimage\",\"url\":\"https:\\\/\\\/booksfrommexico.com\\\/app\\\/uploads\\\/2023\\\/05\\\/125736.jpeg\",\"contentUrl\":\"https:\\\/\\\/booksfrommexico.com\\\/app\\\/uploads\\\/2023\\\/05\\\/125736.jpeg\",\"width\":488,\"height\":705},{\"@type\":\"BreadcrumbList\",\"@id\":\"https:\\\/\\\/booksfrommexico.com\\\/es\\\/producto\\\/frida-intima\\\/#breadcrumb\",\"itemListElement\":[{\"@type\":\"ListItem\",\"position\":1,\"name\":\"Home\",\"item\":\"https:\\\/\\\/booksfrommexico.com\\\/es\\\/\"},{\"@type\":\"ListItem\",\"position\":2,\"name\":\"Libros\",\"item\":\"https:\\\/\\\/booksfrommexico.com\\\/es\\\/libros\\\/\"},{\"@type\":\"ListItem\",\"position\":3,\"name\":\"Frida \u00edntima\"}]},{\"@type\":\"WebSite\",\"@id\":\"https:\\\/\\\/booksfrommexico.com\\\/#website\",\"url\":\"https:\\\/\\\/booksfrommexico.com\\\/\",\"name\":\"Books From Mexico\",\"description\":\"\",\"publisher\":{\"@id\":\"https:\\\/\\\/booksfrommexico.com\\\/#organization\"},\"potentialAction\":[{\"@type\":\"SearchAction\",\"target\":{\"@type\":\"EntryPoint\",\"urlTemplate\":\"https:\\\/\\\/booksfrommexico.com\\\/?s={search_term_string}\"},\"query-input\":{\"@type\":\"PropertyValueSpecification\",\"valueRequired\":true,\"valueName\":\"search_term_string\"}}],\"inLanguage\":\"es\"},{\"@type\":\"Organization\",\"@id\":\"https:\\\/\\\/booksfrommexico.com\\\/#organization\",\"name\":\"Books From Mexico\",\"url\":\"https:\\\/\\\/booksfrommexico.com\\\/\",\"logo\":{\"@type\":\"ImageObject\",\"inLanguage\":\"es\",\"@id\":\"https:\\\/\\\/booksfrommexico.com\\\/#\\\/schema\\\/logo\\\/image\\\/\",\"url\":\"https:\\\/\\\/booksfrommexico.com\\\/app\\\/uploads\\\/2023\\\/05\\\/logo-booksfrommexico.svg\",\"contentUrl\":\"https:\\\/\\\/booksfrommexico.com\\\/app\\\/uploads\\\/2023\\\/05\\\/logo-booksfrommexico.svg\",\"width\":86,\"height\":56,\"caption\":\"Books From Mexico\"},\"image\":{\"@id\":\"https:\\\/\\\/booksfrommexico.com\\\/#\\\/schema\\\/logo\\\/image\\\/\"}}]}<\/script>\n<!-- \/ Yoast SEO plugin. -->","yoast_head_json":{"title":"Frida \u00edntima","description":"FRIDA \u00cdNTIMA. \/ Isolda P, Kahlo. Bogot\u00e1, Colombia : Ediciones Dipon ; Buenos Aires, Argentina : Ediciones Gato Azul, 2004. ISBN : 9589736696.","robots":{"index":"index","follow":"follow","max-snippet":"max-snippet:-1","max-image-preview":"max-image-preview:large","max-video-preview":"max-video-preview:-1"},"canonical":"https:\/\/booksfrommexico.com\/es\/producto\/frida-intima\/","og_locale":"es_ES","og_type":"article","og_title":"Frida \u00edntima","og_description":"FRIDA \u00cdNTIMA. \/ Isolda P, Kahlo. Bogot\u00e1, Colombia : Ediciones Dipon ; Buenos Aires, Argentina : Ediciones Gato Azul, 2004. ISBN : 9589736696.","og_url":"https:\/\/booksfrommexico.com\/es\/producto\/frida-intima\/","og_site_name":"Books From Mexico","article_modified_time":"2025-04-21T17:56:11+00:00","og_image":[{"width":488,"height":705,"url":"http:\/\/booksfrommexico.com\/app\/uploads\/2023\/05\/125736.jpeg","type":"image\/jpeg"}],"twitter_card":"summary_large_image","twitter_misc":{"Tiempo de lectura":"1 minuto"},"schema":{"@context":"https:\/\/schema.org","@graph":[{"@type":"WebPage","@id":"https:\/\/booksfrommexico.com\/es\/producto\/frida-intima\/","url":"https:\/\/booksfrommexico.com\/es\/producto\/frida-intima\/","name":"Frida \u00edntima","isPartOf":{"@id":"https:\/\/booksfrommexico.com\/#website"},"primaryImageOfPage":{"@id":"https:\/\/booksfrommexico.com\/es\/producto\/frida-intima\/#primaryimage"},"image":{"@id":"https:\/\/booksfrommexico.com\/es\/producto\/frida-intima\/#primaryimage"},"thumbnailUrl":"https:\/\/booksfrommexico.com\/app\/uploads\/2023\/05\/125736.jpeg","datePublished":"2023-05-08T17:00:47+00:00","dateModified":"2025-04-21T17:56:11+00:00","description":"FRIDA \u00cdNTIMA. \/ Isolda P, Kahlo. Bogot\u00e1, Colombia : Ediciones Dipon ; Buenos Aires, Argentina : Ediciones Gato Azul, 2004. ISBN : 9589736696.","breadcrumb":{"@id":"https:\/\/booksfrommexico.com\/es\/producto\/frida-intima\/#breadcrumb"},"inLanguage":"es","potentialAction":[{"@type":"ReadAction","target":["https:\/\/booksfrommexico.com\/es\/producto\/frida-intima\/"]}]},{"@type":"ImageObject","inLanguage":"es","@id":"https:\/\/booksfrommexico.com\/es\/producto\/frida-intima\/#primaryimage","url":"https:\/\/booksfrommexico.com\/app\/uploads\/2023\/05\/125736.jpeg","contentUrl":"https:\/\/booksfrommexico.com\/app\/uploads\/2023\/05\/125736.jpeg","width":488,"height":705},{"@type":"BreadcrumbList","@id":"https:\/\/booksfrommexico.com\/es\/producto\/frida-intima\/#breadcrumb","itemListElement":[{"@type":"ListItem","position":1,"name":"Home","item":"https:\/\/booksfrommexico.com\/es\/"},{"@type":"ListItem","position":2,"name":"Libros","item":"https:\/\/booksfrommexico.com\/es\/libros\/"},{"@type":"ListItem","position":3,"name":"Frida \u00edntima"}]},{"@type":"WebSite","@id":"https:\/\/booksfrommexico.com\/#website","url":"https:\/\/booksfrommexico.com\/","name":"Books From Mexico","description":"","publisher":{"@id":"https:\/\/booksfrommexico.com\/#organization"},"potentialAction":[{"@type":"SearchAction","target":{"@type":"EntryPoint","urlTemplate":"https:\/\/booksfrommexico.com\/?s={search_term_string}"},"query-input":{"@type":"PropertyValueSpecification","valueRequired":true,"valueName":"search_term_string"}}],"inLanguage":"es"},{"@type":"Organization","@id":"https:\/\/booksfrommexico.com\/#organization","name":"Books From Mexico","url":"https:\/\/booksfrommexico.com\/","logo":{"@type":"ImageObject","inLanguage":"es","@id":"https:\/\/booksfrommexico.com\/#\/schema\/logo\/image\/","url":"https:\/\/booksfrommexico.com\/app\/uploads\/2023\/05\/logo-booksfrommexico.svg","contentUrl":"https:\/\/booksfrommexico.com\/app\/uploads\/2023\/05\/logo-booksfrommexico.svg","width":86,"height":56,"caption":"Books From Mexico"},"image":{"@id":"https:\/\/booksfrommexico.com\/#\/schema\/logo\/image\/"}}]}},"_links":{"self":[{"href":"https:\/\/booksfrommexico.com\/es\/wp-json\/wp\/v2\/product\/322","targetHints":{"allow":["GET"]}}],"collection":[{"href":"https:\/\/booksfrommexico.com\/es\/wp-json\/wp\/v2\/product"}],"about":[{"href":"https:\/\/booksfrommexico.com\/es\/wp-json\/wp\/v2\/types\/product"}],"wp:featuredmedia":[{"embeddable":true,"href":"https:\/\/booksfrommexico.com\/es\/wp-json\/wp\/v2\/media\/321"}],"wp:attachment":[{"href":"https:\/\/booksfrommexico.com\/es\/wp-json\/wp\/v2\/media?parent=322"}],"wp:term":[{"taxonomy":"product_brand","embeddable":true,"href":"https:\/\/booksfrommexico.com\/es\/wp-json\/wp\/v2\/product_brand?post=322"},{"taxonomy":"product_cat","embeddable":true,"href":"https:\/\/booksfrommexico.com\/es\/wp-json\/wp\/v2\/product_cat?post=322"},{"taxonomy":"product_tag","embeddable":true,"href":"https:\/\/booksfrommexico.com\/es\/wp-json\/wp\/v2\/product_tag?post=322"}],"curies":[{"name":"wp","href":"https:\/\/api.w.org\/{rel}","templated":true}]}}