{"id":328,"date":"2023-05-08T17:00:51","date_gmt":"2023-05-08T17:00:51","guid":{"rendered":"http:\/\/booksfrommexico.com\/product\/la-hacienda-azucarera-en-la-epoca-colonial\/"},"modified":"2024-01-18T05:07:11","modified_gmt":"2024-01-18T05:07:11","slug":"la-hacienda-azucarera-en-la-epoca-colonial","status":"publish","type":"product","link":"https:\/\/booksfrommexico.com\/es\/producto\/la-hacienda-azucarera-en-la-epoca-colonial\/","title":{"rendered":"Hacienda azucarera \u00c9poca colonial"},"content":{"rendered":"<p>Aproximaci\u00f3n historiogr\u00e1fica a la industria azucarera durante la \u00e9poca colonial y su relevancia para el estado de Morelos. Proporciona antecedentes hist\u00f3ricos de Cuernavaca y Cuautla como centros de producci\u00f3n de az\u00facar en la Nueva Espa\u00f1a. Describe los trastornos sociales y pol\u00edticos relacionados con su econom\u00eda regional, la inestabilidad del mercado y la lucha por los recursos.<\/p>\n","protected":false},"excerpt":{"rendered":"<p>Wobeser, Gisela von. LA HACIENDA AZUCARERA EN LA \u00c9POCA COLONIAL \/ Gisela von Wobeser. M\u00e9xico, D.F.: UNAM, Instituto de Investigaciones Hist\u00f3ricas, 2004. 351 pages: 23 cm. Bibliography: pages 332-343. Include bibliographic references. Charts, photos and tables. (Historia Novohispana, 71).\u00a0 ISBN: 9703212948.<\/p>\n","protected":false},"featured_media":327,"template":"","meta":{"_acf_changed":false,"inline_featured_image":false},"product_brand":[],"product_cat":[129,27],"product_tag":[3959,3622,3961],"class_list":{"0":"post-328","1":"product","2":"type-product","3":"status-publish","4":"has-post-thumbnail","6":"product_cat-colonial-historia","7":"product_cat-historia","8":"product_tag-cana-de-azucar","9":"product_tag-comercio","10":"product_tag-morelos-mexico","12":"first","13":"outofstock","14":"taxable","15":"shipping-taxable","16":"purchasable","17":"product-type-simple"},"acf":[],"yoast_head":"<!-- This site is optimized with the Yoast SEO plugin v27.3 - https:\/\/yoast.com\/product\/yoast-seo-wordpress\/ -->\n<title>Hacienda azucarera \u00c9poca colonial - Books From Mexico<\/title>\n<meta name=\"description\" content=\"Gisela von Wobeser. M\u00e9xico: UNAM, Instituto de Investigaciones Hist\u00f3ricas, 2004. ISBN: 9703212948. Cultivo de az\u00facar y su desarrollo en la \u00e9poca colonial.\" \/>\n<meta name=\"robots\" content=\"index, follow, max-snippet:-1, max-image-preview:large, max-video-preview:-1\" \/>\n<link rel=\"canonical\" href=\"https:\/\/booksfrommexico.com\/es\/producto\/la-hacienda-azucarera-en-la-epoca-colonial\/\" \/>\n<meta property=\"og:locale\" content=\"es_ES\" \/>\n<meta property=\"og:type\" content=\"article\" \/>\n<meta property=\"og:title\" content=\"Hacienda azucarera \u00c9poca colonial - Books From Mexico\" \/>\n<meta property=\"og:description\" content=\"Gisela von Wobeser. M\u00e9xico: UNAM, Instituto de Investigaciones Hist\u00f3ricas, 2004. ISBN: 9703212948. Cultivo de az\u00facar y su desarrollo en la \u00e9poca colonial.\" \/>\n<meta property=\"og:url\" content=\"https:\/\/booksfrommexico.com\/es\/producto\/la-hacienda-azucarera-en-la-epoca-colonial\/\" \/>\n<meta property=\"og:site_name\" content=\"Books From Mexico\" \/>\n<meta property=\"article:modified_time\" content=\"2024-01-18T05:07:11+00:00\" \/>\n<meta property=\"og:image\" content=\"http:\/\/booksfrommexico.com\/app\/uploads\/2023\/05\/125500.jpeg\" \/>\n\t<meta property=\"og:image:width\" content=\"432\" \/>\n\t<meta property=\"og:image:height\" content=\"650\" \/>\n\t<meta property=\"og:image:type\" content=\"image\/jpeg\" \/>\n<meta name=\"twitter:card\" content=\"summary_large_image\" \/>\n<meta name=\"twitter:label1\" content=\"Tiempo de lectura\" \/>\n\t<meta name=\"twitter:data1\" content=\"1 minuto\" \/>\n<script type=\"application\/ld+json\" class=\"yoast-schema-graph\">{\"@context\":\"https:\\\/\\\/schema.org\",\"@graph\":[{\"@type\":\"WebPage\",\"@id\":\"https:\\\/\\\/booksfrommexico.com\\\/es\\\/producto\\\/la-hacienda-azucarera-en-la-epoca-colonial\\\/\",\"url\":\"https:\\\/\\\/booksfrommexico.com\\\/es\\\/producto\\\/la-hacienda-azucarera-en-la-epoca-colonial\\\/\",\"name\":\"Hacienda azucarera \u00c9poca colonial - Books From Mexico\",\"isPartOf\":{\"@id\":\"https:\\\/\\\/booksfrommexico.com\\\/#website\"},\"primaryImageOfPage\":{\"@id\":\"https:\\\/\\\/booksfrommexico.com\\\/es\\\/producto\\\/la-hacienda-azucarera-en-la-epoca-colonial\\\/#primaryimage\"},\"image\":{\"@id\":\"https:\\\/\\\/booksfrommexico.com\\\/es\\\/producto\\\/la-hacienda-azucarera-en-la-epoca-colonial\\\/#primaryimage\"},\"thumbnailUrl\":\"https:\\\/\\\/booksfrommexico.com\\\/app\\\/uploads\\\/2023\\\/05\\\/125500.jpeg\",\"datePublished\":\"2023-05-08T17:00:51+00:00\",\"dateModified\":\"2024-01-18T05:07:11+00:00\",\"description\":\"Gisela von Wobeser. M\u00e9xico: UNAM, Instituto de Investigaciones Hist\u00f3ricas, 2004. ISBN: 9703212948. Cultivo de az\u00facar y su desarrollo en la \u00e9poca colonial.\",\"breadcrumb\":{\"@id\":\"https:\\\/\\\/booksfrommexico.com\\\/es\\\/producto\\\/la-hacienda-azucarera-en-la-epoca-colonial\\\/#breadcrumb\"},\"inLanguage\":\"es\",\"potentialAction\":[{\"@type\":\"ReadAction\",\"target\":[\"https:\\\/\\\/booksfrommexico.com\\\/es\\\/producto\\\/la-hacienda-azucarera-en-la-epoca-colonial\\\/\"]}]},{\"@type\":\"ImageObject\",\"inLanguage\":\"es\",\"@id\":\"https:\\\/\\\/booksfrommexico.com\\\/es\\\/producto\\\/la-hacienda-azucarera-en-la-epoca-colonial\\\/#primaryimage\",\"url\":\"https:\\\/\\\/booksfrommexico.com\\\/app\\\/uploads\\\/2023\\\/05\\\/125500.jpeg\",\"contentUrl\":\"https:\\\/\\\/booksfrommexico.com\\\/app\\\/uploads\\\/2023\\\/05\\\/125500.jpeg\",\"width\":432,\"height\":650},{\"@type\":\"BreadcrumbList\",\"@id\":\"https:\\\/\\\/booksfrommexico.com\\\/es\\\/producto\\\/la-hacienda-azucarera-en-la-epoca-colonial\\\/#breadcrumb\",\"itemListElement\":[{\"@type\":\"ListItem\",\"position\":1,\"name\":\"Home\",\"item\":\"https:\\\/\\\/booksfrommexico.com\\\/es\\\/\"},{\"@type\":\"ListItem\",\"position\":2,\"name\":\"Libros\",\"item\":\"https:\\\/\\\/booksfrommexico.com\\\/es\\\/libros\\\/\"},{\"@type\":\"ListItem\",\"position\":3,\"name\":\"Hacienda azucarera \u00c9poca colonial\"}]},{\"@type\":\"WebSite\",\"@id\":\"https:\\\/\\\/booksfrommexico.com\\\/#website\",\"url\":\"https:\\\/\\\/booksfrommexico.com\\\/\",\"name\":\"Books From Mexico\",\"description\":\"\",\"publisher\":{\"@id\":\"https:\\\/\\\/booksfrommexico.com\\\/#organization\"},\"potentialAction\":[{\"@type\":\"SearchAction\",\"target\":{\"@type\":\"EntryPoint\",\"urlTemplate\":\"https:\\\/\\\/booksfrommexico.com\\\/?s={search_term_string}\"},\"query-input\":{\"@type\":\"PropertyValueSpecification\",\"valueRequired\":true,\"valueName\":\"search_term_string\"}}],\"inLanguage\":\"es\"},{\"@type\":\"Organization\",\"@id\":\"https:\\\/\\\/booksfrommexico.com\\\/#organization\",\"name\":\"Books From Mexico\",\"url\":\"https:\\\/\\\/booksfrommexico.com\\\/\",\"logo\":{\"@type\":\"ImageObject\",\"inLanguage\":\"es\",\"@id\":\"https:\\\/\\\/booksfrommexico.com\\\/#\\\/schema\\\/logo\\\/image\\\/\",\"url\":\"https:\\\/\\\/booksfrommexico.com\\\/app\\\/uploads\\\/2023\\\/05\\\/logo-booksfrommexico.svg\",\"contentUrl\":\"https:\\\/\\\/booksfrommexico.com\\\/app\\\/uploads\\\/2023\\\/05\\\/logo-booksfrommexico.svg\",\"width\":86,\"height\":56,\"caption\":\"Books From Mexico\"},\"image\":{\"@id\":\"https:\\\/\\\/booksfrommexico.com\\\/#\\\/schema\\\/logo\\\/image\\\/\"}}]}<\/script>\n<!-- \/ Yoast SEO plugin. -->","yoast_head_json":{"title":"Hacienda azucarera \u00c9poca colonial - Books From Mexico","description":"Gisela von Wobeser. M\u00e9xico: UNAM, Instituto de Investigaciones Hist\u00f3ricas, 2004. ISBN: 9703212948. Cultivo de az\u00facar y su desarrollo en la \u00e9poca colonial.","robots":{"index":"index","follow":"follow","max-snippet":"max-snippet:-1","max-image-preview":"max-image-preview:large","max-video-preview":"max-video-preview:-1"},"canonical":"https:\/\/booksfrommexico.com\/es\/producto\/la-hacienda-azucarera-en-la-epoca-colonial\/","og_locale":"es_ES","og_type":"article","og_title":"Hacienda azucarera \u00c9poca colonial - Books From Mexico","og_description":"Gisela von Wobeser. M\u00e9xico: UNAM, Instituto de Investigaciones Hist\u00f3ricas, 2004. ISBN: 9703212948. Cultivo de az\u00facar y su desarrollo en la \u00e9poca colonial.","og_url":"https:\/\/booksfrommexico.com\/es\/producto\/la-hacienda-azucarera-en-la-epoca-colonial\/","og_site_name":"Books From Mexico","article_modified_time":"2024-01-18T05:07:11+00:00","og_image":[{"width":432,"height":650,"url":"http:\/\/booksfrommexico.com\/app\/uploads\/2023\/05\/125500.jpeg","type":"image\/jpeg"}],"twitter_card":"summary_large_image","twitter_misc":{"Tiempo de lectura":"1 minuto"},"schema":{"@context":"https:\/\/schema.org","@graph":[{"@type":"WebPage","@id":"https:\/\/booksfrommexico.com\/es\/producto\/la-hacienda-azucarera-en-la-epoca-colonial\/","url":"https:\/\/booksfrommexico.com\/es\/producto\/la-hacienda-azucarera-en-la-epoca-colonial\/","name":"Hacienda azucarera \u00c9poca colonial - Books From Mexico","isPartOf":{"@id":"https:\/\/booksfrommexico.com\/#website"},"primaryImageOfPage":{"@id":"https:\/\/booksfrommexico.com\/es\/producto\/la-hacienda-azucarera-en-la-epoca-colonial\/#primaryimage"},"image":{"@id":"https:\/\/booksfrommexico.com\/es\/producto\/la-hacienda-azucarera-en-la-epoca-colonial\/#primaryimage"},"thumbnailUrl":"https:\/\/booksfrommexico.com\/app\/uploads\/2023\/05\/125500.jpeg","datePublished":"2023-05-08T17:00:51+00:00","dateModified":"2024-01-18T05:07:11+00:00","description":"Gisela von Wobeser. M\u00e9xico: UNAM, Instituto de Investigaciones Hist\u00f3ricas, 2004. ISBN: 9703212948. Cultivo de az\u00facar y su desarrollo en la \u00e9poca colonial.","breadcrumb":{"@id":"https:\/\/booksfrommexico.com\/es\/producto\/la-hacienda-azucarera-en-la-epoca-colonial\/#breadcrumb"},"inLanguage":"es","potentialAction":[{"@type":"ReadAction","target":["https:\/\/booksfrommexico.com\/es\/producto\/la-hacienda-azucarera-en-la-epoca-colonial\/"]}]},{"@type":"ImageObject","inLanguage":"es","@id":"https:\/\/booksfrommexico.com\/es\/producto\/la-hacienda-azucarera-en-la-epoca-colonial\/#primaryimage","url":"https:\/\/booksfrommexico.com\/app\/uploads\/2023\/05\/125500.jpeg","contentUrl":"https:\/\/booksfrommexico.com\/app\/uploads\/2023\/05\/125500.jpeg","width":432,"height":650},{"@type":"BreadcrumbList","@id":"https:\/\/booksfrommexico.com\/es\/producto\/la-hacienda-azucarera-en-la-epoca-colonial\/#breadcrumb","itemListElement":[{"@type":"ListItem","position":1,"name":"Home","item":"https:\/\/booksfrommexico.com\/es\/"},{"@type":"ListItem","position":2,"name":"Libros","item":"https:\/\/booksfrommexico.com\/es\/libros\/"},{"@type":"ListItem","position":3,"name":"Hacienda azucarera \u00c9poca colonial"}]},{"@type":"WebSite","@id":"https:\/\/booksfrommexico.com\/#website","url":"https:\/\/booksfrommexico.com\/","name":"Books From Mexico","description":"","publisher":{"@id":"https:\/\/booksfrommexico.com\/#organization"},"potentialAction":[{"@type":"SearchAction","target":{"@type":"EntryPoint","urlTemplate":"https:\/\/booksfrommexico.com\/?s={search_term_string}"},"query-input":{"@type":"PropertyValueSpecification","valueRequired":true,"valueName":"search_term_string"}}],"inLanguage":"es"},{"@type":"Organization","@id":"https:\/\/booksfrommexico.com\/#organization","name":"Books From Mexico","url":"https:\/\/booksfrommexico.com\/","logo":{"@type":"ImageObject","inLanguage":"es","@id":"https:\/\/booksfrommexico.com\/#\/schema\/logo\/image\/","url":"https:\/\/booksfrommexico.com\/app\/uploads\/2023\/05\/logo-booksfrommexico.svg","contentUrl":"https:\/\/booksfrommexico.com\/app\/uploads\/2023\/05\/logo-booksfrommexico.svg","width":86,"height":56,"caption":"Books From Mexico"},"image":{"@id":"https:\/\/booksfrommexico.com\/#\/schema\/logo\/image\/"}}]}},"_links":{"self":[{"href":"https:\/\/booksfrommexico.com\/es\/wp-json\/wp\/v2\/product\/328","targetHints":{"allow":["GET"]}}],"collection":[{"href":"https:\/\/booksfrommexico.com\/es\/wp-json\/wp\/v2\/product"}],"about":[{"href":"https:\/\/booksfrommexico.com\/es\/wp-json\/wp\/v2\/types\/product"}],"wp:featuredmedia":[{"embeddable":true,"href":"https:\/\/booksfrommexico.com\/es\/wp-json\/wp\/v2\/media\/327"}],"wp:attachment":[{"href":"https:\/\/booksfrommexico.com\/es\/wp-json\/wp\/v2\/media?parent=328"}],"wp:term":[{"taxonomy":"product_brand","embeddable":true,"href":"https:\/\/booksfrommexico.com\/es\/wp-json\/wp\/v2\/product_brand?post=328"},{"taxonomy":"product_cat","embeddable":true,"href":"https:\/\/booksfrommexico.com\/es\/wp-json\/wp\/v2\/product_cat?post=328"},{"taxonomy":"product_tag","embeddable":true,"href":"https:\/\/booksfrommexico.com\/es\/wp-json\/wp\/v2\/product_tag?post=328"}],"curies":[{"name":"wp","href":"https:\/\/api.w.org\/{rel}","templated":true}]}}