{"id":330,"date":"2023-05-08T17:00:53","date_gmt":"2023-05-08T17:00:53","guid":{"rendered":"http:\/\/booksfrommexico.com\/product\/mexico-en-sus-casas\/"},"modified":"2024-10-11T17:43:57","modified_gmt":"2024-10-11T17:43:57","slug":"mexico-en-sus-casas","status":"publish","type":"product","link":"https:\/\/booksfrommexico.com\/es\/producto\/mexico-en-sus-casas\/","title":{"rendered":"M\u00e9xico en sus casas"},"content":{"rendered":"<p><span style=\"font-weight: 400;\">Las casas son s\u00edntesis de la sociedad que las produce, siendo la semilla de la arquitectura y han buscado, con el tiempo, integrar aspiraciones est\u00e9ticas. En este t\u00edtulo se muestra la evoluci\u00f3n de las casas de los mexicanos al correr de los a\u00f1os; las modas urbanas y rurales, los espacios en las peque\u00f1as poblaciones y en las grandes ciudades, son revisadas aqu\u00ed por especialistas que explican su origen, su por qu\u00e9, su devenir y porvenir. Esta investigaci\u00f3n ser\u00e1 \u00fatil para especialistas \u2013arquitectos, historiadores, soci\u00f3logos\u2013, que encontrar\u00e1n en estas p\u00e1ginas un estudio y reflexi\u00f3n que permitir\u00e1 continuar con el an\u00e1lisis y comprensi\u00f3n de una de las principales expresiones de la humanidad: la vivienda.\u00a0<\/span><\/p>\n","protected":false},"excerpt":{"rendered":"<p>M\u00c9XICO EN SUS CASAS<span style=\"font-weight: 400;\">. \/ Mari Carmen Serra Puche, Elena Horz Balb\u00e1s, Carlos Chanf\u00f3n Olmos, Elisa Vargaslugo, Luis Arnal Sim\u00f3n, Francisco P\u00e9rez de Salazar Verea, Luis Ortiz Macedo, Ricardo de Robina, Jos\u00e9 Rogelio \u00c1lvarez, Fernando Alba Aldave. M\u00e9xico, D.F. : Universidad Nacional Aut\u00f3noma de M\u00e9xico , Direcci\u00f3n General de Publicaciones y Fomento Editorial ; Instituto del Fondo Nacional de la Vivienda para los Trabajadores, 1998. 178 pages : includes color photos, bibliography ; 29 cm. ISBN :\u00a0 9683673880. <\/span><\/p>\n","protected":false},"featured_media":329,"template":"","meta":{"_acf_changed":false,"inline_featured_image":false},"product_brand":[],"product_cat":[320,78],"product_tag":[4398,3594,3608],"class_list":{"0":"post-330","1":"product","2":"type-product","3":"status-publish","4":"has-post-thumbnail","6":"product_cat-arquitectura","7":"product_cat-sociologia","8":"product_tag-historia-mexico","9":"product_tag-mexico","10":"product_tag-vida-social-y-costumbres","12":"first","13":"instock","14":"sale","15":"taxable","16":"shipping-taxable","17":"purchasable","18":"product-type-simple"},"acf":[],"yoast_head":"<!-- This site is optimized with the Yoast SEO plugin v27.3 - https:\/\/yoast.com\/product\/yoast-seo-wordpress\/ -->\n<title>M\u00e9xico en sus casas<\/title>\n<meta name=\"description\" content=\"M\u00c9XICO EN SUS CASAS. \/ Serra Puche, Horz Balb\u00e1s, Chanf\u00f3n Olmos, Vargaslugo, Arnal Sim\u00f3n, P\u00e9rez de Salazar, Ortiz Macedo, de Robina, \u00c1lvarez, Alba Aldave.\" \/>\n<meta name=\"robots\" content=\"index, follow, max-snippet:-1, max-image-preview:large, max-video-preview:-1\" \/>\n<link rel=\"canonical\" href=\"https:\/\/booksfrommexico.com\/es\/producto\/mexico-en-sus-casas\/\" \/>\n<meta property=\"og:locale\" content=\"es_ES\" \/>\n<meta property=\"og:type\" content=\"article\" \/>\n<meta property=\"og:title\" content=\"M\u00e9xico en sus casas\" \/>\n<meta property=\"og:description\" content=\"M\u00c9XICO EN SUS CASAS. \/ Serra Puche, Horz Balb\u00e1s, Chanf\u00f3n Olmos, Vargaslugo, Arnal Sim\u00f3n, P\u00e9rez de Salazar, Ortiz Macedo, de Robina, \u00c1lvarez, Alba Aldave.\" \/>\n<meta property=\"og:url\" content=\"https:\/\/booksfrommexico.com\/es\/producto\/mexico-en-sus-casas\/\" \/>\n<meta property=\"og:site_name\" content=\"Books From Mexico\" \/>\n<meta property=\"article:modified_time\" content=\"2024-10-11T17:43:57+00:00\" \/>\n<meta property=\"og:image\" content=\"http:\/\/booksfrommexico.com\/app\/uploads\/2023\/05\/105914.jpeg\" \/>\n\t<meta property=\"og:image:width\" content=\"551\" \/>\n\t<meta property=\"og:image:height\" content=\"821\" \/>\n\t<meta property=\"og:image:type\" content=\"image\/jpeg\" \/>\n<meta name=\"twitter:card\" content=\"summary_large_image\" \/>\n<meta name=\"twitter:label1\" content=\"Tiempo de lectura\" \/>\n\t<meta name=\"twitter:data1\" content=\"1 minuto\" \/>\n<script type=\"application\/ld+json\" class=\"yoast-schema-graph\">{\"@context\":\"https:\\\/\\\/schema.org\",\"@graph\":[{\"@type\":\"WebPage\",\"@id\":\"https:\\\/\\\/booksfrommexico.com\\\/es\\\/producto\\\/mexico-en-sus-casas\\\/\",\"url\":\"https:\\\/\\\/booksfrommexico.com\\\/es\\\/producto\\\/mexico-en-sus-casas\\\/\",\"name\":\"M\u00e9xico en sus casas\",\"isPartOf\":{\"@id\":\"https:\\\/\\\/booksfrommexico.com\\\/#website\"},\"primaryImageOfPage\":{\"@id\":\"https:\\\/\\\/booksfrommexico.com\\\/es\\\/producto\\\/mexico-en-sus-casas\\\/#primaryimage\"},\"image\":{\"@id\":\"https:\\\/\\\/booksfrommexico.com\\\/es\\\/producto\\\/mexico-en-sus-casas\\\/#primaryimage\"},\"thumbnailUrl\":\"https:\\\/\\\/booksfrommexico.com\\\/app\\\/uploads\\\/2023\\\/05\\\/105914.jpeg\",\"datePublished\":\"2023-05-08T17:00:53+00:00\",\"dateModified\":\"2024-10-11T17:43:57+00:00\",\"description\":\"M\u00c9XICO EN SUS CASAS. \\\/ Serra Puche, Horz Balb\u00e1s, Chanf\u00f3n Olmos, Vargaslugo, Arnal Sim\u00f3n, P\u00e9rez de Salazar, Ortiz Macedo, de Robina, \u00c1lvarez, Alba Aldave.\",\"breadcrumb\":{\"@id\":\"https:\\\/\\\/booksfrommexico.com\\\/es\\\/producto\\\/mexico-en-sus-casas\\\/#breadcrumb\"},\"inLanguage\":\"es\",\"potentialAction\":[{\"@type\":\"ReadAction\",\"target\":[\"https:\\\/\\\/booksfrommexico.com\\\/es\\\/producto\\\/mexico-en-sus-casas\\\/\"]}]},{\"@type\":\"ImageObject\",\"inLanguage\":\"es\",\"@id\":\"https:\\\/\\\/booksfrommexico.com\\\/es\\\/producto\\\/mexico-en-sus-casas\\\/#primaryimage\",\"url\":\"https:\\\/\\\/booksfrommexico.com\\\/app\\\/uploads\\\/2023\\\/05\\\/105914.jpeg\",\"contentUrl\":\"https:\\\/\\\/booksfrommexico.com\\\/app\\\/uploads\\\/2023\\\/05\\\/105914.jpeg\",\"width\":551,\"height\":821},{\"@type\":\"BreadcrumbList\",\"@id\":\"https:\\\/\\\/booksfrommexico.com\\\/es\\\/producto\\\/mexico-en-sus-casas\\\/#breadcrumb\",\"itemListElement\":[{\"@type\":\"ListItem\",\"position\":1,\"name\":\"Home\",\"item\":\"https:\\\/\\\/booksfrommexico.com\\\/es\\\/\"},{\"@type\":\"ListItem\",\"position\":2,\"name\":\"Libros\",\"item\":\"https:\\\/\\\/booksfrommexico.com\\\/es\\\/libros\\\/\"},{\"@type\":\"ListItem\",\"position\":3,\"name\":\"M\u00e9xico en sus casas\"}]},{\"@type\":\"WebSite\",\"@id\":\"https:\\\/\\\/booksfrommexico.com\\\/#website\",\"url\":\"https:\\\/\\\/booksfrommexico.com\\\/\",\"name\":\"Books From Mexico\",\"description\":\"\",\"publisher\":{\"@id\":\"https:\\\/\\\/booksfrommexico.com\\\/#organization\"},\"potentialAction\":[{\"@type\":\"SearchAction\",\"target\":{\"@type\":\"EntryPoint\",\"urlTemplate\":\"https:\\\/\\\/booksfrommexico.com\\\/?s={search_term_string}\"},\"query-input\":{\"@type\":\"PropertyValueSpecification\",\"valueRequired\":true,\"valueName\":\"search_term_string\"}}],\"inLanguage\":\"es\"},{\"@type\":\"Organization\",\"@id\":\"https:\\\/\\\/booksfrommexico.com\\\/#organization\",\"name\":\"Books From Mexico\",\"url\":\"https:\\\/\\\/booksfrommexico.com\\\/\",\"logo\":{\"@type\":\"ImageObject\",\"inLanguage\":\"es\",\"@id\":\"https:\\\/\\\/booksfrommexico.com\\\/#\\\/schema\\\/logo\\\/image\\\/\",\"url\":\"https:\\\/\\\/booksfrommexico.com\\\/app\\\/uploads\\\/2023\\\/05\\\/logo-booksfrommexico.svg\",\"contentUrl\":\"https:\\\/\\\/booksfrommexico.com\\\/app\\\/uploads\\\/2023\\\/05\\\/logo-booksfrommexico.svg\",\"width\":86,\"height\":56,\"caption\":\"Books From Mexico\"},\"image\":{\"@id\":\"https:\\\/\\\/booksfrommexico.com\\\/#\\\/schema\\\/logo\\\/image\\\/\"}}]}<\/script>\n<!-- \/ Yoast SEO plugin. -->","yoast_head_json":{"title":"M\u00e9xico en sus casas","description":"M\u00c9XICO EN SUS CASAS. \/ Serra Puche, Horz Balb\u00e1s, Chanf\u00f3n Olmos, Vargaslugo, Arnal Sim\u00f3n, P\u00e9rez de Salazar, Ortiz Macedo, de Robina, \u00c1lvarez, Alba Aldave.","robots":{"index":"index","follow":"follow","max-snippet":"max-snippet:-1","max-image-preview":"max-image-preview:large","max-video-preview":"max-video-preview:-1"},"canonical":"https:\/\/booksfrommexico.com\/es\/producto\/mexico-en-sus-casas\/","og_locale":"es_ES","og_type":"article","og_title":"M\u00e9xico en sus casas","og_description":"M\u00c9XICO EN SUS CASAS. \/ Serra Puche, Horz Balb\u00e1s, Chanf\u00f3n Olmos, Vargaslugo, Arnal Sim\u00f3n, P\u00e9rez de Salazar, Ortiz Macedo, de Robina, \u00c1lvarez, Alba Aldave.","og_url":"https:\/\/booksfrommexico.com\/es\/producto\/mexico-en-sus-casas\/","og_site_name":"Books From Mexico","article_modified_time":"2024-10-11T17:43:57+00:00","og_image":[{"width":551,"height":821,"url":"http:\/\/booksfrommexico.com\/app\/uploads\/2023\/05\/105914.jpeg","type":"image\/jpeg"}],"twitter_card":"summary_large_image","twitter_misc":{"Tiempo de lectura":"1 minuto"},"schema":{"@context":"https:\/\/schema.org","@graph":[{"@type":"WebPage","@id":"https:\/\/booksfrommexico.com\/es\/producto\/mexico-en-sus-casas\/","url":"https:\/\/booksfrommexico.com\/es\/producto\/mexico-en-sus-casas\/","name":"M\u00e9xico en sus casas","isPartOf":{"@id":"https:\/\/booksfrommexico.com\/#website"},"primaryImageOfPage":{"@id":"https:\/\/booksfrommexico.com\/es\/producto\/mexico-en-sus-casas\/#primaryimage"},"image":{"@id":"https:\/\/booksfrommexico.com\/es\/producto\/mexico-en-sus-casas\/#primaryimage"},"thumbnailUrl":"https:\/\/booksfrommexico.com\/app\/uploads\/2023\/05\/105914.jpeg","datePublished":"2023-05-08T17:00:53+00:00","dateModified":"2024-10-11T17:43:57+00:00","description":"M\u00c9XICO EN SUS CASAS. \/ Serra Puche, Horz Balb\u00e1s, Chanf\u00f3n Olmos, Vargaslugo, Arnal Sim\u00f3n, P\u00e9rez de Salazar, Ortiz Macedo, de Robina, \u00c1lvarez, Alba Aldave.","breadcrumb":{"@id":"https:\/\/booksfrommexico.com\/es\/producto\/mexico-en-sus-casas\/#breadcrumb"},"inLanguage":"es","potentialAction":[{"@type":"ReadAction","target":["https:\/\/booksfrommexico.com\/es\/producto\/mexico-en-sus-casas\/"]}]},{"@type":"ImageObject","inLanguage":"es","@id":"https:\/\/booksfrommexico.com\/es\/producto\/mexico-en-sus-casas\/#primaryimage","url":"https:\/\/booksfrommexico.com\/app\/uploads\/2023\/05\/105914.jpeg","contentUrl":"https:\/\/booksfrommexico.com\/app\/uploads\/2023\/05\/105914.jpeg","width":551,"height":821},{"@type":"BreadcrumbList","@id":"https:\/\/booksfrommexico.com\/es\/producto\/mexico-en-sus-casas\/#breadcrumb","itemListElement":[{"@type":"ListItem","position":1,"name":"Home","item":"https:\/\/booksfrommexico.com\/es\/"},{"@type":"ListItem","position":2,"name":"Libros","item":"https:\/\/booksfrommexico.com\/es\/libros\/"},{"@type":"ListItem","position":3,"name":"M\u00e9xico en sus casas"}]},{"@type":"WebSite","@id":"https:\/\/booksfrommexico.com\/#website","url":"https:\/\/booksfrommexico.com\/","name":"Books From Mexico","description":"","publisher":{"@id":"https:\/\/booksfrommexico.com\/#organization"},"potentialAction":[{"@type":"SearchAction","target":{"@type":"EntryPoint","urlTemplate":"https:\/\/booksfrommexico.com\/?s={search_term_string}"},"query-input":{"@type":"PropertyValueSpecification","valueRequired":true,"valueName":"search_term_string"}}],"inLanguage":"es"},{"@type":"Organization","@id":"https:\/\/booksfrommexico.com\/#organization","name":"Books From Mexico","url":"https:\/\/booksfrommexico.com\/","logo":{"@type":"ImageObject","inLanguage":"es","@id":"https:\/\/booksfrommexico.com\/#\/schema\/logo\/image\/","url":"https:\/\/booksfrommexico.com\/app\/uploads\/2023\/05\/logo-booksfrommexico.svg","contentUrl":"https:\/\/booksfrommexico.com\/app\/uploads\/2023\/05\/logo-booksfrommexico.svg","width":86,"height":56,"caption":"Books From Mexico"},"image":{"@id":"https:\/\/booksfrommexico.com\/#\/schema\/logo\/image\/"}}]}},"_links":{"self":[{"href":"https:\/\/booksfrommexico.com\/es\/wp-json\/wp\/v2\/product\/330","targetHints":{"allow":["GET"]}}],"collection":[{"href":"https:\/\/booksfrommexico.com\/es\/wp-json\/wp\/v2\/product"}],"about":[{"href":"https:\/\/booksfrommexico.com\/es\/wp-json\/wp\/v2\/types\/product"}],"wp:featuredmedia":[{"embeddable":true,"href":"https:\/\/booksfrommexico.com\/es\/wp-json\/wp\/v2\/media\/329"}],"wp:attachment":[{"href":"https:\/\/booksfrommexico.com\/es\/wp-json\/wp\/v2\/media?parent=330"}],"wp:term":[{"taxonomy":"product_brand","embeddable":true,"href":"https:\/\/booksfrommexico.com\/es\/wp-json\/wp\/v2\/product_brand?post=330"},{"taxonomy":"product_cat","embeddable":true,"href":"https:\/\/booksfrommexico.com\/es\/wp-json\/wp\/v2\/product_cat?post=330"},{"taxonomy":"product_tag","embeddable":true,"href":"https:\/\/booksfrommexico.com\/es\/wp-json\/wp\/v2\/product_tag?post=330"}],"curies":[{"name":"wp","href":"https:\/\/api.w.org\/{rel}","templated":true}]}}