{"id":332,"date":"2023-05-08T17:00:55","date_gmt":"2023-05-08T17:00:55","guid":{"rendered":"http:\/\/booksfrommexico.com\/product\/kahlo-rivera-orozco-siqueiros-y-el-color-del-siglo-que-se-fue-and-the-color-of-the-gone-century-la-coleccion-completa-de-jacques-y-natasha-gelman-en-puebla\/"},"modified":"2024-10-10T22:41:55","modified_gmt":"2024-10-10T22:41:55","slug":"kahlo-rivera-orozco-siqueiros-y-el-color-del-siglo-que-se-fue-and-the-color-of-the-gone-century-la-coleccion-completa-de-jacques-y-natasha-gelman-en-puebla","status":"publish","type":"product","link":"https:\/\/booksfrommexico.com\/es\/producto\/kahlo-rivera-orozco-siqueiros-y-el-color-del-siglo-que-se-fue-and-the-color-of-the-gone-century-la-coleccion-completa-de-jacques-y-natasha-gelman-en-puebla\/","title":{"rendered":"Kahlo, Rivera, Orozco, Siqueiros y el color del siglo que se fue: and the color of the gone century"},"content":{"rendered":"<p><span style=\"font-weight: 400;\">La colecci\u00f3n Gelman es el fruto de una colaboraci\u00f3n de m\u00e1s de cuarenta a\u00f1os entre el matrimonio de Jacques y Natasha Gelman. Entre noviembre del 2001 y abril del 2002, se present\u00f3 en la Galer\u00eda de Arte Contempor\u00e1neo de Puebla la exposici\u00f3n <\/span><i><span style=\"font-weight: 400;\">Kahlo, Rivera, Orozco, Siqueiros y el color del siglo se fue, <\/span><\/i><span style=\"font-weight: 400;\">formada por las obras de la Colecci\u00f3n de Arte Contempor\u00e1neo Mexicano de los Gelman, la cual present\u00f3 una amplia gama de registros pl\u00e1sticos y fuerzas art\u00edsticas, mismas que influenciaron el desarrollo del modernismo mexicano durante el siglo XX. Este t\u00edtulo es la reproducci\u00f3n de esa exposici\u00f3n, siendo una edici\u00f3n biling\u00fce ya que cuenta con textos introductorios y biograf\u00edas de los artistas en ingl\u00e9s y espa\u00f1ol.\u00a0 <\/span><\/p>\n","protected":false},"excerpt":{"rendered":"<p>KAHLO, RIVERA, OROZCO, SIQUEIROS Y EL COLOR DEL SIGLO QUE SE FUE : AND THE COLOR OF THE GONE CENTURY<span style=\"font-weight: 400;\">. \/ Puebla, M\u00e9xico : Gobierno del Estado de Puebla , Secretar\u00eda de Cultura , Secretar\u00eda de Finanzas y Desarrollo Social ; Galer\u00eda de Arte Contempor\u00e1neo y Dise\u00f1o ; New York, United States : The Vergel Foundation, 2002. 238 pages : includes photos, color illustrations, biographies ; 30 cm. ISBN : 9685122482.<\/span><\/p>\n","protected":false},"featured_media":331,"template":"","meta":{"_acf_changed":false,"inline_featured_image":false},"product_brand":[],"product_cat":[87,400],"product_tag":[4044,3630,4201,3671,4532,3760],"class_list":{"0":"post-332","1":"product","2":"type-product","3":"status-publish","4":"has-post-thumbnail","6":"product_cat-arte","7":"product_cat-catalogos-de-exposiciones-arte","8":"product_tag-arte","9":"product_tag-biografia","10":"product_tag-dibujo-y-pintura","11":"product_tag-exposiciones","12":"product_tag-museos","13":"product_tag-puebla-mexico","15":"first","16":"instock","17":"sale","18":"taxable","19":"shipping-taxable","20":"purchasable","21":"product-type-simple"},"acf":[],"yoast_head":"<!-- This site is optimized with the Yoast SEO plugin v27.2 - https:\/\/yoast.com\/product\/yoast-seo-wordpress\/ -->\n<title>Kahlo, Rivera, Orozco, Siqueiros y el color del siglo que se fue<\/title>\n<meta name=\"description\" content=\"KAHLO, RIVERA, OROZCO, SIQUEIROS Y EL COLOR DEL SIGLO QUE SE FUE : AND THE COLOR OF THE GONE CENTURY. \/ 2002. ISBN : 9685122482.\" \/>\n<meta name=\"robots\" content=\"index, follow, max-snippet:-1, max-image-preview:large, max-video-preview:-1\" \/>\n<link rel=\"canonical\" href=\"https:\/\/booksfrommexico.com\/es\/producto\/kahlo-rivera-orozco-siqueiros-y-el-color-del-siglo-que-se-fue-and-the-color-of-the-gone-century-la-coleccion-completa-de-jacques-y-natasha-gelman-en-puebla\/\" \/>\n<meta property=\"og:locale\" content=\"es_ES\" \/>\n<meta property=\"og:type\" content=\"article\" \/>\n<meta property=\"og:title\" content=\"Kahlo, Rivera, Orozco, Siqueiros y el color del siglo que se fue\" \/>\n<meta property=\"og:description\" content=\"KAHLO, RIVERA, OROZCO, SIQUEIROS Y EL COLOR DEL SIGLO QUE SE FUE : AND THE COLOR OF THE GONE CENTURY. \/ 2002. ISBN : 9685122482.\" \/>\n<meta property=\"og:url\" content=\"https:\/\/booksfrommexico.com\/es\/producto\/kahlo-rivera-orozco-siqueiros-y-el-color-del-siglo-que-se-fue-and-the-color-of-the-gone-century-la-coleccion-completa-de-jacques-y-natasha-gelman-en-puebla\/\" \/>\n<meta property=\"og:site_name\" content=\"Books From Mexico\" \/>\n<meta property=\"article:modified_time\" content=\"2024-10-10T22:41:55+00:00\" \/>\n<meta property=\"og:image\" content=\"http:\/\/booksfrommexico.com\/app\/uploads\/2023\/05\/115389.jpeg\" \/>\n\t<meta property=\"og:image:width\" content=\"552\" \/>\n\t<meta property=\"og:image:height\" content=\"868\" \/>\n\t<meta property=\"og:image:type\" content=\"image\/jpeg\" \/>\n<meta name=\"twitter:card\" content=\"summary_large_image\" \/>\n<meta name=\"twitter:label1\" content=\"Tiempo de lectura\" \/>\n\t<meta name=\"twitter:data1\" content=\"1 minuto\" \/>\n<script type=\"application\/ld+json\" class=\"yoast-schema-graph\">{\"@context\":\"https:\/\/schema.org\",\"@graph\":[{\"@type\":\"WebPage\",\"@id\":\"https:\/\/booksfrommexico.com\/es\/producto\/kahlo-rivera-orozco-siqueiros-y-el-color-del-siglo-que-se-fue-and-the-color-of-the-gone-century-la-coleccion-completa-de-jacques-y-natasha-gelman-en-puebla\/\",\"url\":\"https:\/\/booksfrommexico.com\/es\/producto\/kahlo-rivera-orozco-siqueiros-y-el-color-del-siglo-que-se-fue-and-the-color-of-the-gone-century-la-coleccion-completa-de-jacques-y-natasha-gelman-en-puebla\/\",\"name\":\"Kahlo, Rivera, Orozco, Siqueiros y el color del siglo que se fue\",\"isPartOf\":{\"@id\":\"https:\/\/booksfrommexico.com\/#website\"},\"primaryImageOfPage\":{\"@id\":\"https:\/\/booksfrommexico.com\/es\/producto\/kahlo-rivera-orozco-siqueiros-y-el-color-del-siglo-que-se-fue-and-the-color-of-the-gone-century-la-coleccion-completa-de-jacques-y-natasha-gelman-en-puebla\/#primaryimage\"},\"image\":{\"@id\":\"https:\/\/booksfrommexico.com\/es\/producto\/kahlo-rivera-orozco-siqueiros-y-el-color-del-siglo-que-se-fue-and-the-color-of-the-gone-century-la-coleccion-completa-de-jacques-y-natasha-gelman-en-puebla\/#primaryimage\"},\"thumbnailUrl\":\"https:\/\/booksfrommexico.com\/app\/uploads\/2023\/05\/115389.jpeg\",\"datePublished\":\"2023-05-08T17:00:55+00:00\",\"dateModified\":\"2024-10-10T22:41:55+00:00\",\"description\":\"KAHLO, RIVERA, OROZCO, SIQUEIROS Y EL COLOR DEL SIGLO QUE SE FUE : AND THE COLOR OF THE GONE CENTURY. \/ 2002. ISBN : 9685122482.\",\"breadcrumb\":{\"@id\":\"https:\/\/booksfrommexico.com\/es\/producto\/kahlo-rivera-orozco-siqueiros-y-el-color-del-siglo-que-se-fue-and-the-color-of-the-gone-century-la-coleccion-completa-de-jacques-y-natasha-gelman-en-puebla\/#breadcrumb\"},\"inLanguage\":\"es\",\"potentialAction\":[{\"@type\":\"ReadAction\",\"target\":[\"https:\/\/booksfrommexico.com\/es\/producto\/kahlo-rivera-orozco-siqueiros-y-el-color-del-siglo-que-se-fue-and-the-color-of-the-gone-century-la-coleccion-completa-de-jacques-y-natasha-gelman-en-puebla\/\"]}]},{\"@type\":\"ImageObject\",\"inLanguage\":\"es\",\"@id\":\"https:\/\/booksfrommexico.com\/es\/producto\/kahlo-rivera-orozco-siqueiros-y-el-color-del-siglo-que-se-fue-and-the-color-of-the-gone-century-la-coleccion-completa-de-jacques-y-natasha-gelman-en-puebla\/#primaryimage\",\"url\":\"https:\/\/booksfrommexico.com\/app\/uploads\/2023\/05\/115389.jpeg\",\"contentUrl\":\"https:\/\/booksfrommexico.com\/app\/uploads\/2023\/05\/115389.jpeg\",\"width\":552,\"height\":868},{\"@type\":\"BreadcrumbList\",\"@id\":\"https:\/\/booksfrommexico.com\/es\/producto\/kahlo-rivera-orozco-siqueiros-y-el-color-del-siglo-que-se-fue-and-the-color-of-the-gone-century-la-coleccion-completa-de-jacques-y-natasha-gelman-en-puebla\/#breadcrumb\",\"itemListElement\":[{\"@type\":\"ListItem\",\"position\":1,\"name\":\"Home\",\"item\":\"https:\/\/booksfrommexico.com\/es\/\"},{\"@type\":\"ListItem\",\"position\":2,\"name\":\"Libros\",\"item\":\"https:\/\/booksfrommexico.com\/es\/libros\/\"},{\"@type\":\"ListItem\",\"position\":3,\"name\":\"Kahlo, Rivera, Orozco, Siqueiros y el color del siglo que se fue: and the color of the gone century\"}]},{\"@type\":\"WebSite\",\"@id\":\"https:\/\/booksfrommexico.com\/#website\",\"url\":\"https:\/\/booksfrommexico.com\/\",\"name\":\"Books From Mexico\",\"description\":\"\",\"publisher\":{\"@id\":\"https:\/\/booksfrommexico.com\/#organization\"},\"potentialAction\":[{\"@type\":\"SearchAction\",\"target\":{\"@type\":\"EntryPoint\",\"urlTemplate\":\"https:\/\/booksfrommexico.com\/?s={search_term_string}\"},\"query-input\":{\"@type\":\"PropertyValueSpecification\",\"valueRequired\":true,\"valueName\":\"search_term_string\"}}],\"inLanguage\":\"es\"},{\"@type\":\"Organization\",\"@id\":\"https:\/\/booksfrommexico.com\/#organization\",\"name\":\"Books From Mexico\",\"url\":\"https:\/\/booksfrommexico.com\/\",\"logo\":{\"@type\":\"ImageObject\",\"inLanguage\":\"es\",\"@id\":\"https:\/\/booksfrommexico.com\/#\/schema\/logo\/image\/\",\"url\":\"https:\/\/booksfrommexico.com\/app\/uploads\/2023\/05\/logo-booksfrommexico.svg\",\"contentUrl\":\"https:\/\/booksfrommexico.com\/app\/uploads\/2023\/05\/logo-booksfrommexico.svg\",\"width\":86,\"height\":56,\"caption\":\"Books From Mexico\"},\"image\":{\"@id\":\"https:\/\/booksfrommexico.com\/#\/schema\/logo\/image\/\"}}]}<\/script>\n<!-- \/ Yoast SEO plugin. -->","yoast_head_json":{"title":"Kahlo, Rivera, Orozco, Siqueiros y el color del siglo que se fue","description":"KAHLO, RIVERA, OROZCO, SIQUEIROS Y EL COLOR DEL SIGLO QUE SE FUE : AND THE COLOR OF THE GONE CENTURY. \/ 2002. ISBN : 9685122482.","robots":{"index":"index","follow":"follow","max-snippet":"max-snippet:-1","max-image-preview":"max-image-preview:large","max-video-preview":"max-video-preview:-1"},"canonical":"https:\/\/booksfrommexico.com\/es\/producto\/kahlo-rivera-orozco-siqueiros-y-el-color-del-siglo-que-se-fue-and-the-color-of-the-gone-century-la-coleccion-completa-de-jacques-y-natasha-gelman-en-puebla\/","og_locale":"es_ES","og_type":"article","og_title":"Kahlo, Rivera, Orozco, Siqueiros y el color del siglo que se fue","og_description":"KAHLO, RIVERA, OROZCO, SIQUEIROS Y EL COLOR DEL SIGLO QUE SE FUE : AND THE COLOR OF THE GONE CENTURY. \/ 2002. ISBN : 9685122482.","og_url":"https:\/\/booksfrommexico.com\/es\/producto\/kahlo-rivera-orozco-siqueiros-y-el-color-del-siglo-que-se-fue-and-the-color-of-the-gone-century-la-coleccion-completa-de-jacques-y-natasha-gelman-en-puebla\/","og_site_name":"Books From Mexico","article_modified_time":"2024-10-10T22:41:55+00:00","og_image":[{"width":552,"height":868,"url":"http:\/\/booksfrommexico.com\/app\/uploads\/2023\/05\/115389.jpeg","type":"image\/jpeg"}],"twitter_card":"summary_large_image","twitter_misc":{"Tiempo de lectura":"1 minuto"},"schema":{"@context":"https:\/\/schema.org","@graph":[{"@type":"WebPage","@id":"https:\/\/booksfrommexico.com\/es\/producto\/kahlo-rivera-orozco-siqueiros-y-el-color-del-siglo-que-se-fue-and-the-color-of-the-gone-century-la-coleccion-completa-de-jacques-y-natasha-gelman-en-puebla\/","url":"https:\/\/booksfrommexico.com\/es\/producto\/kahlo-rivera-orozco-siqueiros-y-el-color-del-siglo-que-se-fue-and-the-color-of-the-gone-century-la-coleccion-completa-de-jacques-y-natasha-gelman-en-puebla\/","name":"Kahlo, Rivera, Orozco, Siqueiros y el color del siglo que se fue","isPartOf":{"@id":"https:\/\/booksfrommexico.com\/#website"},"primaryImageOfPage":{"@id":"https:\/\/booksfrommexico.com\/es\/producto\/kahlo-rivera-orozco-siqueiros-y-el-color-del-siglo-que-se-fue-and-the-color-of-the-gone-century-la-coleccion-completa-de-jacques-y-natasha-gelman-en-puebla\/#primaryimage"},"image":{"@id":"https:\/\/booksfrommexico.com\/es\/producto\/kahlo-rivera-orozco-siqueiros-y-el-color-del-siglo-que-se-fue-and-the-color-of-the-gone-century-la-coleccion-completa-de-jacques-y-natasha-gelman-en-puebla\/#primaryimage"},"thumbnailUrl":"https:\/\/booksfrommexico.com\/app\/uploads\/2023\/05\/115389.jpeg","datePublished":"2023-05-08T17:00:55+00:00","dateModified":"2024-10-10T22:41:55+00:00","description":"KAHLO, RIVERA, OROZCO, SIQUEIROS Y EL COLOR DEL SIGLO QUE SE FUE : AND THE COLOR OF THE GONE CENTURY. \/ 2002. ISBN : 9685122482.","breadcrumb":{"@id":"https:\/\/booksfrommexico.com\/es\/producto\/kahlo-rivera-orozco-siqueiros-y-el-color-del-siglo-que-se-fue-and-the-color-of-the-gone-century-la-coleccion-completa-de-jacques-y-natasha-gelman-en-puebla\/#breadcrumb"},"inLanguage":"es","potentialAction":[{"@type":"ReadAction","target":["https:\/\/booksfrommexico.com\/es\/producto\/kahlo-rivera-orozco-siqueiros-y-el-color-del-siglo-que-se-fue-and-the-color-of-the-gone-century-la-coleccion-completa-de-jacques-y-natasha-gelman-en-puebla\/"]}]},{"@type":"ImageObject","inLanguage":"es","@id":"https:\/\/booksfrommexico.com\/es\/producto\/kahlo-rivera-orozco-siqueiros-y-el-color-del-siglo-que-se-fue-and-the-color-of-the-gone-century-la-coleccion-completa-de-jacques-y-natasha-gelman-en-puebla\/#primaryimage","url":"https:\/\/booksfrommexico.com\/app\/uploads\/2023\/05\/115389.jpeg","contentUrl":"https:\/\/booksfrommexico.com\/app\/uploads\/2023\/05\/115389.jpeg","width":552,"height":868},{"@type":"BreadcrumbList","@id":"https:\/\/booksfrommexico.com\/es\/producto\/kahlo-rivera-orozco-siqueiros-y-el-color-del-siglo-que-se-fue-and-the-color-of-the-gone-century-la-coleccion-completa-de-jacques-y-natasha-gelman-en-puebla\/#breadcrumb","itemListElement":[{"@type":"ListItem","position":1,"name":"Home","item":"https:\/\/booksfrommexico.com\/es\/"},{"@type":"ListItem","position":2,"name":"Libros","item":"https:\/\/booksfrommexico.com\/es\/libros\/"},{"@type":"ListItem","position":3,"name":"Kahlo, Rivera, Orozco, Siqueiros y el color del siglo que se fue: and the color of the gone century"}]},{"@type":"WebSite","@id":"https:\/\/booksfrommexico.com\/#website","url":"https:\/\/booksfrommexico.com\/","name":"Books From Mexico","description":"","publisher":{"@id":"https:\/\/booksfrommexico.com\/#organization"},"potentialAction":[{"@type":"SearchAction","target":{"@type":"EntryPoint","urlTemplate":"https:\/\/booksfrommexico.com\/?s={search_term_string}"},"query-input":{"@type":"PropertyValueSpecification","valueRequired":true,"valueName":"search_term_string"}}],"inLanguage":"es"},{"@type":"Organization","@id":"https:\/\/booksfrommexico.com\/#organization","name":"Books From Mexico","url":"https:\/\/booksfrommexico.com\/","logo":{"@type":"ImageObject","inLanguage":"es","@id":"https:\/\/booksfrommexico.com\/#\/schema\/logo\/image\/","url":"https:\/\/booksfrommexico.com\/app\/uploads\/2023\/05\/logo-booksfrommexico.svg","contentUrl":"https:\/\/booksfrommexico.com\/app\/uploads\/2023\/05\/logo-booksfrommexico.svg","width":86,"height":56,"caption":"Books From Mexico"},"image":{"@id":"https:\/\/booksfrommexico.com\/#\/schema\/logo\/image\/"}}]}},"_links":{"self":[{"href":"https:\/\/booksfrommexico.com\/es\/wp-json\/wp\/v2\/product\/332","targetHints":{"allow":["GET"]}}],"collection":[{"href":"https:\/\/booksfrommexico.com\/es\/wp-json\/wp\/v2\/product"}],"about":[{"href":"https:\/\/booksfrommexico.com\/es\/wp-json\/wp\/v2\/types\/product"}],"wp:featuredmedia":[{"embeddable":true,"href":"https:\/\/booksfrommexico.com\/es\/wp-json\/wp\/v2\/media\/331"}],"wp:attachment":[{"href":"https:\/\/booksfrommexico.com\/es\/wp-json\/wp\/v2\/media?parent=332"}],"wp:term":[{"taxonomy":"product_brand","embeddable":true,"href":"https:\/\/booksfrommexico.com\/es\/wp-json\/wp\/v2\/product_brand?post=332"},{"taxonomy":"product_cat","embeddable":true,"href":"https:\/\/booksfrommexico.com\/es\/wp-json\/wp\/v2\/product_cat?post=332"},{"taxonomy":"product_tag","embeddable":true,"href":"https:\/\/booksfrommexico.com\/es\/wp-json\/wp\/v2\/product_tag?post=332"}],"curies":[{"name":"wp","href":"https:\/\/api.w.org\/{rel}","templated":true}]}}