{"id":334,"date":"2023-05-08T17:00:56","date_gmt":"2023-05-08T17:00:56","guid":{"rendered":"http:\/\/booksfrommexico.com\/product\/diseno-grafico-en-ceramica-prehispanica-cholulteca\/"},"modified":"2024-10-08T23:20:39","modified_gmt":"2024-10-08T23:20:39","slug":"diseno-grafico-en-ceramica-prehispanica-cholulteca","status":"publish","type":"product","link":"https:\/\/booksfrommexico.com\/es\/producto\/diseno-grafico-en-ceramica-prehispanica-cholulteca\/","title":{"rendered":"Dise\u00f1o gr\u00e1fico en cer\u00e1mica prehisp\u00e1nica cholulteca"},"content":{"rendered":"<p><span style=\"font-weight: 400;\">Este proyecto fue el ganador en el \u00e1rea de Estudios Culturales en la X Edici\u00f3n del Programa de Fomento a Proyectos y Coinversiones Culturales del Fondo Nacional para la Cultura y las Artes. Desde su m\u00e1s remota antig\u00fcedad, Cholula se caracteriz\u00f3 por la diversidad de formas y dise\u00f1os otorgados al barro, logrando su auge creativo hacia los \u00faltimos siglos antes de la llegada de los espa\u00f1oles al participar en la generaci\u00f3n del famoso estilo Mixteca-Puebla. Esta investigaci\u00f3n sobre la alfarer\u00eda de Puebla est\u00e1 acompa\u00f1ada de fotos e ilustraciones a color que muestran la variedad simb\u00f3lica utilizada por los cholultecas para plasmar su cosmovisi\u00f3n.<\/span><\/p>\n","protected":false},"excerpt":{"rendered":"<p>DISE\u00d1O GR\u00c1FICO EN CER\u00c1MICA PREHISP\u00c1NICA CHOLULTECA<span style=\"font-weight: 400;\">. \/ Carlos Pinto Calder\u00f3n (author) ; Patricia Plunket (texts) ; John O&#8217; Leary (photos). Puebla, M\u00e9xico : Universidad de las Am\u00e9ricas ; Consejo Nacional para la Cultura y las Artes , Fondo Nacional para la Cultura y las Artes , Fondo Editorial Tierra Adentro ; Instituto Nacional de Antropolog\u00eda e Historia, 2001. 106 pages : includes color photos, illustrations, bibliography ; 31 cm. (Serie Testimonios, ritos y tradiciones). ISBN : 9686254536. <\/span><\/p>\n","protected":false},"featured_media":333,"template":"","meta":{"_acf_changed":false,"inline_featured_image":false},"product_brand":[],"product_cat":[386],"product_tag":[4044,4510,4341,4279,3760],"class_list":{"0":"post-334","1":"product","2":"type-product","3":"status-publish","4":"has-post-thumbnail","6":"product_cat-arqueologia","7":"product_tag-arte","8":"product_tag-arte-popular","9":"product_tag-cultura","10":"product_tag-diseno","11":"product_tag-puebla-mexico","13":"first","14":"instock","15":"sale","16":"taxable","17":"shipping-taxable","18":"purchasable","19":"product-type-simple"},"acf":[],"yoast_head":"<!-- This site is optimized with the Yoast SEO plugin v27.3 - https:\/\/yoast.com\/product\/yoast-seo-wordpress\/ -->\n<title>Dise\u00f1o gr\u00e1fico en cer\u00e1mica prehisp\u00e1nica cholulteca<\/title>\n<meta name=\"description\" content=\"DISE\u00d1O GR\u00c1FICO EN CER\u00c1MICA PREHISP\u00c1NICA CHOLULTECA. \/ Pinto Calder\u00f3n (author) ; Plunket (texts) ; O&#039; Leary (photos). UDLA ; CONACULTA , FONCA , INAH , 2001.\" \/>\n<meta name=\"robots\" content=\"index, follow, max-snippet:-1, max-image-preview:large, max-video-preview:-1\" \/>\n<link rel=\"canonical\" href=\"https:\/\/booksfrommexico.com\/es\/producto\/diseno-grafico-en-ceramica-prehispanica-cholulteca\/\" \/>\n<meta property=\"og:locale\" content=\"es_ES\" \/>\n<meta property=\"og:type\" content=\"article\" \/>\n<meta property=\"og:title\" content=\"Dise\u00f1o gr\u00e1fico en cer\u00e1mica prehisp\u00e1nica cholulteca\" \/>\n<meta property=\"og:description\" content=\"DISE\u00d1O GR\u00c1FICO EN CER\u00c1MICA PREHISP\u00c1NICA CHOLULTECA. \/ Pinto Calder\u00f3n (author) ; Plunket (texts) ; O&#039; Leary (photos). UDLA ; CONACULTA , FONCA , INAH , 2001.\" \/>\n<meta property=\"og:url\" content=\"https:\/\/booksfrommexico.com\/es\/producto\/diseno-grafico-en-ceramica-prehispanica-cholulteca\/\" \/>\n<meta property=\"og:site_name\" content=\"Books From Mexico\" \/>\n<meta property=\"article:modified_time\" content=\"2024-10-08T23:20:39+00:00\" \/>\n<meta property=\"og:image\" content=\"http:\/\/booksfrommexico.com\/app\/uploads\/2023\/05\/115391.jpeg\" \/>\n\t<meta property=\"og:image:width\" content=\"599\" \/>\n\t<meta property=\"og:image:height\" content=\"872\" \/>\n\t<meta property=\"og:image:type\" content=\"image\/jpeg\" \/>\n<meta name=\"twitter:card\" content=\"summary_large_image\" \/>\n<meta name=\"twitter:label1\" content=\"Tiempo de lectura\" \/>\n\t<meta name=\"twitter:data1\" content=\"1 minuto\" \/>\n<script type=\"application\/ld+json\" class=\"yoast-schema-graph\">{\"@context\":\"https:\\\/\\\/schema.org\",\"@graph\":[{\"@type\":\"WebPage\",\"@id\":\"https:\\\/\\\/booksfrommexico.com\\\/es\\\/producto\\\/diseno-grafico-en-ceramica-prehispanica-cholulteca\\\/\",\"url\":\"https:\\\/\\\/booksfrommexico.com\\\/es\\\/producto\\\/diseno-grafico-en-ceramica-prehispanica-cholulteca\\\/\",\"name\":\"Dise\u00f1o gr\u00e1fico en cer\u00e1mica prehisp\u00e1nica cholulteca\",\"isPartOf\":{\"@id\":\"https:\\\/\\\/booksfrommexico.com\\\/#website\"},\"primaryImageOfPage\":{\"@id\":\"https:\\\/\\\/booksfrommexico.com\\\/es\\\/producto\\\/diseno-grafico-en-ceramica-prehispanica-cholulteca\\\/#primaryimage\"},\"image\":{\"@id\":\"https:\\\/\\\/booksfrommexico.com\\\/es\\\/producto\\\/diseno-grafico-en-ceramica-prehispanica-cholulteca\\\/#primaryimage\"},\"thumbnailUrl\":\"https:\\\/\\\/booksfrommexico.com\\\/app\\\/uploads\\\/2023\\\/05\\\/115391.jpeg\",\"datePublished\":\"2023-05-08T17:00:56+00:00\",\"dateModified\":\"2024-10-08T23:20:39+00:00\",\"description\":\"DISE\u00d1O GR\u00c1FICO EN CER\u00c1MICA PREHISP\u00c1NICA CHOLULTECA. \\\/ Pinto Calder\u00f3n (author) ; Plunket (texts) ; O' Leary (photos). UDLA ; CONACULTA , FONCA , INAH , 2001.\",\"breadcrumb\":{\"@id\":\"https:\\\/\\\/booksfrommexico.com\\\/es\\\/producto\\\/diseno-grafico-en-ceramica-prehispanica-cholulteca\\\/#breadcrumb\"},\"inLanguage\":\"es\",\"potentialAction\":[{\"@type\":\"ReadAction\",\"target\":[\"https:\\\/\\\/booksfrommexico.com\\\/es\\\/producto\\\/diseno-grafico-en-ceramica-prehispanica-cholulteca\\\/\"]}]},{\"@type\":\"ImageObject\",\"inLanguage\":\"es\",\"@id\":\"https:\\\/\\\/booksfrommexico.com\\\/es\\\/producto\\\/diseno-grafico-en-ceramica-prehispanica-cholulteca\\\/#primaryimage\",\"url\":\"https:\\\/\\\/booksfrommexico.com\\\/app\\\/uploads\\\/2023\\\/05\\\/115391.jpeg\",\"contentUrl\":\"https:\\\/\\\/booksfrommexico.com\\\/app\\\/uploads\\\/2023\\\/05\\\/115391.jpeg\",\"width\":599,\"height\":872},{\"@type\":\"BreadcrumbList\",\"@id\":\"https:\\\/\\\/booksfrommexico.com\\\/es\\\/producto\\\/diseno-grafico-en-ceramica-prehispanica-cholulteca\\\/#breadcrumb\",\"itemListElement\":[{\"@type\":\"ListItem\",\"position\":1,\"name\":\"Home\",\"item\":\"https:\\\/\\\/booksfrommexico.com\\\/es\\\/\"},{\"@type\":\"ListItem\",\"position\":2,\"name\":\"Libros\",\"item\":\"https:\\\/\\\/booksfrommexico.com\\\/es\\\/libros\\\/\"},{\"@type\":\"ListItem\",\"position\":3,\"name\":\"Dise\u00f1o gr\u00e1fico en cer\u00e1mica prehisp\u00e1nica cholulteca\"}]},{\"@type\":\"WebSite\",\"@id\":\"https:\\\/\\\/booksfrommexico.com\\\/#website\",\"url\":\"https:\\\/\\\/booksfrommexico.com\\\/\",\"name\":\"Books From Mexico\",\"description\":\"\",\"publisher\":{\"@id\":\"https:\\\/\\\/booksfrommexico.com\\\/#organization\"},\"potentialAction\":[{\"@type\":\"SearchAction\",\"target\":{\"@type\":\"EntryPoint\",\"urlTemplate\":\"https:\\\/\\\/booksfrommexico.com\\\/?s={search_term_string}\"},\"query-input\":{\"@type\":\"PropertyValueSpecification\",\"valueRequired\":true,\"valueName\":\"search_term_string\"}}],\"inLanguage\":\"es\"},{\"@type\":\"Organization\",\"@id\":\"https:\\\/\\\/booksfrommexico.com\\\/#organization\",\"name\":\"Books From Mexico\",\"url\":\"https:\\\/\\\/booksfrommexico.com\\\/\",\"logo\":{\"@type\":\"ImageObject\",\"inLanguage\":\"es\",\"@id\":\"https:\\\/\\\/booksfrommexico.com\\\/#\\\/schema\\\/logo\\\/image\\\/\",\"url\":\"https:\\\/\\\/booksfrommexico.com\\\/app\\\/uploads\\\/2023\\\/05\\\/logo-booksfrommexico.svg\",\"contentUrl\":\"https:\\\/\\\/booksfrommexico.com\\\/app\\\/uploads\\\/2023\\\/05\\\/logo-booksfrommexico.svg\",\"width\":86,\"height\":56,\"caption\":\"Books From Mexico\"},\"image\":{\"@id\":\"https:\\\/\\\/booksfrommexico.com\\\/#\\\/schema\\\/logo\\\/image\\\/\"}}]}<\/script>\n<!-- \/ Yoast SEO plugin. -->","yoast_head_json":{"title":"Dise\u00f1o gr\u00e1fico en cer\u00e1mica prehisp\u00e1nica cholulteca","description":"DISE\u00d1O GR\u00c1FICO EN CER\u00c1MICA PREHISP\u00c1NICA CHOLULTECA. \/ Pinto Calder\u00f3n (author) ; Plunket (texts) ; O' Leary (photos). UDLA ; CONACULTA , FONCA , INAH , 2001.","robots":{"index":"index","follow":"follow","max-snippet":"max-snippet:-1","max-image-preview":"max-image-preview:large","max-video-preview":"max-video-preview:-1"},"canonical":"https:\/\/booksfrommexico.com\/es\/producto\/diseno-grafico-en-ceramica-prehispanica-cholulteca\/","og_locale":"es_ES","og_type":"article","og_title":"Dise\u00f1o gr\u00e1fico en cer\u00e1mica prehisp\u00e1nica cholulteca","og_description":"DISE\u00d1O GR\u00c1FICO EN CER\u00c1MICA PREHISP\u00c1NICA CHOLULTECA. \/ Pinto Calder\u00f3n (author) ; Plunket (texts) ; O' Leary (photos). UDLA ; CONACULTA , FONCA , INAH , 2001.","og_url":"https:\/\/booksfrommexico.com\/es\/producto\/diseno-grafico-en-ceramica-prehispanica-cholulteca\/","og_site_name":"Books From Mexico","article_modified_time":"2024-10-08T23:20:39+00:00","og_image":[{"width":599,"height":872,"url":"http:\/\/booksfrommexico.com\/app\/uploads\/2023\/05\/115391.jpeg","type":"image\/jpeg"}],"twitter_card":"summary_large_image","twitter_misc":{"Tiempo de lectura":"1 minuto"},"schema":{"@context":"https:\/\/schema.org","@graph":[{"@type":"WebPage","@id":"https:\/\/booksfrommexico.com\/es\/producto\/diseno-grafico-en-ceramica-prehispanica-cholulteca\/","url":"https:\/\/booksfrommexico.com\/es\/producto\/diseno-grafico-en-ceramica-prehispanica-cholulteca\/","name":"Dise\u00f1o gr\u00e1fico en cer\u00e1mica prehisp\u00e1nica cholulteca","isPartOf":{"@id":"https:\/\/booksfrommexico.com\/#website"},"primaryImageOfPage":{"@id":"https:\/\/booksfrommexico.com\/es\/producto\/diseno-grafico-en-ceramica-prehispanica-cholulteca\/#primaryimage"},"image":{"@id":"https:\/\/booksfrommexico.com\/es\/producto\/diseno-grafico-en-ceramica-prehispanica-cholulteca\/#primaryimage"},"thumbnailUrl":"https:\/\/booksfrommexico.com\/app\/uploads\/2023\/05\/115391.jpeg","datePublished":"2023-05-08T17:00:56+00:00","dateModified":"2024-10-08T23:20:39+00:00","description":"DISE\u00d1O GR\u00c1FICO EN CER\u00c1MICA PREHISP\u00c1NICA CHOLULTECA. \/ Pinto Calder\u00f3n (author) ; Plunket (texts) ; O' Leary (photos). UDLA ; CONACULTA , FONCA , INAH , 2001.","breadcrumb":{"@id":"https:\/\/booksfrommexico.com\/es\/producto\/diseno-grafico-en-ceramica-prehispanica-cholulteca\/#breadcrumb"},"inLanguage":"es","potentialAction":[{"@type":"ReadAction","target":["https:\/\/booksfrommexico.com\/es\/producto\/diseno-grafico-en-ceramica-prehispanica-cholulteca\/"]}]},{"@type":"ImageObject","inLanguage":"es","@id":"https:\/\/booksfrommexico.com\/es\/producto\/diseno-grafico-en-ceramica-prehispanica-cholulteca\/#primaryimage","url":"https:\/\/booksfrommexico.com\/app\/uploads\/2023\/05\/115391.jpeg","contentUrl":"https:\/\/booksfrommexico.com\/app\/uploads\/2023\/05\/115391.jpeg","width":599,"height":872},{"@type":"BreadcrumbList","@id":"https:\/\/booksfrommexico.com\/es\/producto\/diseno-grafico-en-ceramica-prehispanica-cholulteca\/#breadcrumb","itemListElement":[{"@type":"ListItem","position":1,"name":"Home","item":"https:\/\/booksfrommexico.com\/es\/"},{"@type":"ListItem","position":2,"name":"Libros","item":"https:\/\/booksfrommexico.com\/es\/libros\/"},{"@type":"ListItem","position":3,"name":"Dise\u00f1o gr\u00e1fico en cer\u00e1mica prehisp\u00e1nica cholulteca"}]},{"@type":"WebSite","@id":"https:\/\/booksfrommexico.com\/#website","url":"https:\/\/booksfrommexico.com\/","name":"Books From Mexico","description":"","publisher":{"@id":"https:\/\/booksfrommexico.com\/#organization"},"potentialAction":[{"@type":"SearchAction","target":{"@type":"EntryPoint","urlTemplate":"https:\/\/booksfrommexico.com\/?s={search_term_string}"},"query-input":{"@type":"PropertyValueSpecification","valueRequired":true,"valueName":"search_term_string"}}],"inLanguage":"es"},{"@type":"Organization","@id":"https:\/\/booksfrommexico.com\/#organization","name":"Books From Mexico","url":"https:\/\/booksfrommexico.com\/","logo":{"@type":"ImageObject","inLanguage":"es","@id":"https:\/\/booksfrommexico.com\/#\/schema\/logo\/image\/","url":"https:\/\/booksfrommexico.com\/app\/uploads\/2023\/05\/logo-booksfrommexico.svg","contentUrl":"https:\/\/booksfrommexico.com\/app\/uploads\/2023\/05\/logo-booksfrommexico.svg","width":86,"height":56,"caption":"Books From Mexico"},"image":{"@id":"https:\/\/booksfrommexico.com\/#\/schema\/logo\/image\/"}}]}},"_links":{"self":[{"href":"https:\/\/booksfrommexico.com\/es\/wp-json\/wp\/v2\/product\/334","targetHints":{"allow":["GET"]}}],"collection":[{"href":"https:\/\/booksfrommexico.com\/es\/wp-json\/wp\/v2\/product"}],"about":[{"href":"https:\/\/booksfrommexico.com\/es\/wp-json\/wp\/v2\/types\/product"}],"wp:featuredmedia":[{"embeddable":true,"href":"https:\/\/booksfrommexico.com\/es\/wp-json\/wp\/v2\/media\/333"}],"wp:attachment":[{"href":"https:\/\/booksfrommexico.com\/es\/wp-json\/wp\/v2\/media?parent=334"}],"wp:term":[{"taxonomy":"product_brand","embeddable":true,"href":"https:\/\/booksfrommexico.com\/es\/wp-json\/wp\/v2\/product_brand?post=334"},{"taxonomy":"product_cat","embeddable":true,"href":"https:\/\/booksfrommexico.com\/es\/wp-json\/wp\/v2\/product_cat?post=334"},{"taxonomy":"product_tag","embeddable":true,"href":"https:\/\/booksfrommexico.com\/es\/wp-json\/wp\/v2\/product_tag?post=334"}],"curies":[{"name":"wp","href":"https:\/\/api.w.org\/{rel}","templated":true}]}}