{"id":338,"date":"2023-05-08T17:01:00","date_gmt":"2023-05-08T17:01:00","guid":{"rendered":"http:\/\/booksfrommexico.com\/product\/los-murales-de-diego-rivera-universidad-autonoma-chapingo\/"},"modified":"2024-10-11T20:24:40","modified_gmt":"2024-10-11T20:24:40","slug":"los-murales-de-diego-rivera-universidad-autonoma-chapingo","status":"publish","type":"product","link":"https:\/\/booksfrommexico.com\/es\/producto\/los-murales-de-diego-rivera-universidad-autonoma-chapingo\/","title":{"rendered":"Los murales de Diego Rivera: Universidad Aut\u00f3noma Chapingo"},"content":{"rendered":"<p><span style=\"font-weight: 400;\">La obra mural realizada por Diego Rivera para la actual Universidad Aut\u00f3noma de Chapingo, es considerada una de las obras maestras del arte contempor\u00e1neo mexicano; en los muros del edificio del siglo XVI, Rivera plasm\u00f3 una iconolog\u00eda narrativa y simb\u00f3lica emblem\u00e1tica de su tiempo. Raquel Tibol es una conocedora de la obra y personalidad de Diego Rivera, y aqu\u00ed introduce al lector a las m\u00faltiples facetas de esta trayectoria art\u00edstica, ofreciendo el contexto hist\u00f3rico y social de su tiempo. Este t\u00edtulo constituye una gu\u00eda para comprender el universo pict\u00f3rico de Diego Rivera, un int\u00e9rprete de la identidad hist\u00f3rica y la consciencia mexicanas. <\/span><\/p>\n","protected":false},"excerpt":{"rendered":"<p>LOS MURALES DE DIEGO RIVERA : UNIVERSIDAD AUT\u00d3NOMA CHAPINGO<span style=\"font-weight: 400;\">. \/ Raquel Tibol. Chapingo, M\u00e9xico : Universidad Aut\u00f3noma Chapingo , Direcci\u00f3n de Difusi\u00f3n Cultural, 2002. 133 pages : includes color illustrations, plans, bibliography ; 30 cm. ISBN : 968884778X. <\/span><\/p>\n","protected":false},"featured_media":337,"template":"","meta":{"_acf_changed":false,"inline_featured_image":false},"product_brand":[],"product_cat":[87,790,88],"product_tag":[4044,4534,4201,3669,3709],"class_list":{"0":"post-338","1":"product","2":"type-product","3":"status-publish","4":"has-post-thumbnail","6":"product_cat-arte","7":"product_cat-arte-y-sociedad-arte","8":"product_cat-critica-de-arte-arte","9":"product_tag-arte","10":"product_tag-arte-mexicano","11":"product_tag-dibujo-y-pintura","12":"product_tag-diego-rivera","13":"product_tag-pintura-mural","15":"first","16":"instock","17":"sale","18":"taxable","19":"shipping-taxable","20":"purchasable","21":"product-type-simple"},"acf":[],"yoast_head":"<!-- This site is optimized with the Yoast SEO plugin v27.2 - https:\/\/yoast.com\/product\/yoast-seo-wordpress\/ -->\n<title>Los murales de Diego Rivera: Universidad Aut\u00f3noma Chapingo<\/title>\n<meta name=\"description\" content=\"LOS MURALES DE DIEGO RIVERA : UNIVERSIDAD AUT\u00d3NOMA CHAPINGO. \/ Raquel Tibol. Universidad Aut\u00f3noma Chapingo , Direcci\u00f3n de Difusi\u00f3n Cultural, 2002.\" \/>\n<meta name=\"robots\" content=\"index, follow, max-snippet:-1, max-image-preview:large, max-video-preview:-1\" \/>\n<link rel=\"canonical\" href=\"https:\/\/booksfrommexico.com\/es\/producto\/los-murales-de-diego-rivera-universidad-autonoma-chapingo\/\" \/>\n<meta property=\"og:locale\" content=\"es_ES\" \/>\n<meta property=\"og:type\" content=\"article\" \/>\n<meta property=\"og:title\" content=\"Los murales de Diego Rivera: Universidad Aut\u00f3noma Chapingo\" \/>\n<meta property=\"og:description\" content=\"LOS MURALES DE DIEGO RIVERA : UNIVERSIDAD AUT\u00d3NOMA CHAPINGO. \/ Raquel Tibol. Universidad Aut\u00f3noma Chapingo , Direcci\u00f3n de Difusi\u00f3n Cultural, 2002.\" \/>\n<meta property=\"og:url\" content=\"https:\/\/booksfrommexico.com\/es\/producto\/los-murales-de-diego-rivera-universidad-autonoma-chapingo\/\" \/>\n<meta property=\"og:site_name\" content=\"Books From Mexico\" \/>\n<meta property=\"article:modified_time\" content=\"2024-10-11T20:24:40+00:00\" \/>\n<meta property=\"og:image\" content=\"http:\/\/booksfrommexico.com\/app\/uploads\/2023\/05\/115504.jpeg\" \/>\n\t<meta property=\"og:image:width\" content=\"629\" \/>\n\t<meta property=\"og:image:height\" content=\"863\" \/>\n\t<meta property=\"og:image:type\" content=\"image\/jpeg\" \/>\n<meta name=\"twitter:card\" content=\"summary_large_image\" \/>\n<meta name=\"twitter:label1\" content=\"Tiempo de lectura\" \/>\n\t<meta name=\"twitter:data1\" content=\"1 minuto\" \/>\n<script type=\"application\/ld+json\" class=\"yoast-schema-graph\">{\"@context\":\"https:\/\/schema.org\",\"@graph\":[{\"@type\":\"WebPage\",\"@id\":\"https:\/\/booksfrommexico.com\/es\/producto\/los-murales-de-diego-rivera-universidad-autonoma-chapingo\/\",\"url\":\"https:\/\/booksfrommexico.com\/es\/producto\/los-murales-de-diego-rivera-universidad-autonoma-chapingo\/\",\"name\":\"Los murales de Diego Rivera: Universidad Aut\u00f3noma Chapingo\",\"isPartOf\":{\"@id\":\"https:\/\/booksfrommexico.com\/#website\"},\"primaryImageOfPage\":{\"@id\":\"https:\/\/booksfrommexico.com\/es\/producto\/los-murales-de-diego-rivera-universidad-autonoma-chapingo\/#primaryimage\"},\"image\":{\"@id\":\"https:\/\/booksfrommexico.com\/es\/producto\/los-murales-de-diego-rivera-universidad-autonoma-chapingo\/#primaryimage\"},\"thumbnailUrl\":\"https:\/\/booksfrommexico.com\/app\/uploads\/2023\/05\/115504.jpeg\",\"datePublished\":\"2023-05-08T17:01:00+00:00\",\"dateModified\":\"2024-10-11T20:24:40+00:00\",\"description\":\"LOS MURALES DE DIEGO RIVERA : UNIVERSIDAD AUT\u00d3NOMA CHAPINGO. \/ Raquel Tibol. Universidad Aut\u00f3noma Chapingo , Direcci\u00f3n de Difusi\u00f3n Cultural, 2002.\",\"breadcrumb\":{\"@id\":\"https:\/\/booksfrommexico.com\/es\/producto\/los-murales-de-diego-rivera-universidad-autonoma-chapingo\/#breadcrumb\"},\"inLanguage\":\"es\",\"potentialAction\":[{\"@type\":\"ReadAction\",\"target\":[\"https:\/\/booksfrommexico.com\/es\/producto\/los-murales-de-diego-rivera-universidad-autonoma-chapingo\/\"]}]},{\"@type\":\"ImageObject\",\"inLanguage\":\"es\",\"@id\":\"https:\/\/booksfrommexico.com\/es\/producto\/los-murales-de-diego-rivera-universidad-autonoma-chapingo\/#primaryimage\",\"url\":\"https:\/\/booksfrommexico.com\/app\/uploads\/2023\/05\/115504.jpeg\",\"contentUrl\":\"https:\/\/booksfrommexico.com\/app\/uploads\/2023\/05\/115504.jpeg\",\"width\":629,\"height\":863},{\"@type\":\"BreadcrumbList\",\"@id\":\"https:\/\/booksfrommexico.com\/es\/producto\/los-murales-de-diego-rivera-universidad-autonoma-chapingo\/#breadcrumb\",\"itemListElement\":[{\"@type\":\"ListItem\",\"position\":1,\"name\":\"Home\",\"item\":\"https:\/\/booksfrommexico.com\/es\/\"},{\"@type\":\"ListItem\",\"position\":2,\"name\":\"Libros\",\"item\":\"https:\/\/booksfrommexico.com\/es\/libros\/\"},{\"@type\":\"ListItem\",\"position\":3,\"name\":\"Los murales de Diego Rivera: Universidad Aut\u00f3noma Chapingo\"}]},{\"@type\":\"WebSite\",\"@id\":\"https:\/\/booksfrommexico.com\/#website\",\"url\":\"https:\/\/booksfrommexico.com\/\",\"name\":\"Books From Mexico\",\"description\":\"\",\"publisher\":{\"@id\":\"https:\/\/booksfrommexico.com\/#organization\"},\"potentialAction\":[{\"@type\":\"SearchAction\",\"target\":{\"@type\":\"EntryPoint\",\"urlTemplate\":\"https:\/\/booksfrommexico.com\/?s={search_term_string}\"},\"query-input\":{\"@type\":\"PropertyValueSpecification\",\"valueRequired\":true,\"valueName\":\"search_term_string\"}}],\"inLanguage\":\"es\"},{\"@type\":\"Organization\",\"@id\":\"https:\/\/booksfrommexico.com\/#organization\",\"name\":\"Books From Mexico\",\"url\":\"https:\/\/booksfrommexico.com\/\",\"logo\":{\"@type\":\"ImageObject\",\"inLanguage\":\"es\",\"@id\":\"https:\/\/booksfrommexico.com\/#\/schema\/logo\/image\/\",\"url\":\"https:\/\/booksfrommexico.com\/app\/uploads\/2023\/05\/logo-booksfrommexico.svg\",\"contentUrl\":\"https:\/\/booksfrommexico.com\/app\/uploads\/2023\/05\/logo-booksfrommexico.svg\",\"width\":86,\"height\":56,\"caption\":\"Books From Mexico\"},\"image\":{\"@id\":\"https:\/\/booksfrommexico.com\/#\/schema\/logo\/image\/\"}}]}<\/script>\n<!-- \/ Yoast SEO plugin. -->","yoast_head_json":{"title":"Los murales de Diego Rivera: Universidad Aut\u00f3noma Chapingo","description":"LOS MURALES DE DIEGO RIVERA : UNIVERSIDAD AUT\u00d3NOMA CHAPINGO. \/ Raquel Tibol. Universidad Aut\u00f3noma Chapingo , Direcci\u00f3n de Difusi\u00f3n Cultural, 2002.","robots":{"index":"index","follow":"follow","max-snippet":"max-snippet:-1","max-image-preview":"max-image-preview:large","max-video-preview":"max-video-preview:-1"},"canonical":"https:\/\/booksfrommexico.com\/es\/producto\/los-murales-de-diego-rivera-universidad-autonoma-chapingo\/","og_locale":"es_ES","og_type":"article","og_title":"Los murales de Diego Rivera: Universidad Aut\u00f3noma Chapingo","og_description":"LOS MURALES DE DIEGO RIVERA : UNIVERSIDAD AUT\u00d3NOMA CHAPINGO. \/ Raquel Tibol. Universidad Aut\u00f3noma Chapingo , Direcci\u00f3n de Difusi\u00f3n Cultural, 2002.","og_url":"https:\/\/booksfrommexico.com\/es\/producto\/los-murales-de-diego-rivera-universidad-autonoma-chapingo\/","og_site_name":"Books From Mexico","article_modified_time":"2024-10-11T20:24:40+00:00","og_image":[{"width":629,"height":863,"url":"http:\/\/booksfrommexico.com\/app\/uploads\/2023\/05\/115504.jpeg","type":"image\/jpeg"}],"twitter_card":"summary_large_image","twitter_misc":{"Tiempo de lectura":"1 minuto"},"schema":{"@context":"https:\/\/schema.org","@graph":[{"@type":"WebPage","@id":"https:\/\/booksfrommexico.com\/es\/producto\/los-murales-de-diego-rivera-universidad-autonoma-chapingo\/","url":"https:\/\/booksfrommexico.com\/es\/producto\/los-murales-de-diego-rivera-universidad-autonoma-chapingo\/","name":"Los murales de Diego Rivera: Universidad Aut\u00f3noma Chapingo","isPartOf":{"@id":"https:\/\/booksfrommexico.com\/#website"},"primaryImageOfPage":{"@id":"https:\/\/booksfrommexico.com\/es\/producto\/los-murales-de-diego-rivera-universidad-autonoma-chapingo\/#primaryimage"},"image":{"@id":"https:\/\/booksfrommexico.com\/es\/producto\/los-murales-de-diego-rivera-universidad-autonoma-chapingo\/#primaryimage"},"thumbnailUrl":"https:\/\/booksfrommexico.com\/app\/uploads\/2023\/05\/115504.jpeg","datePublished":"2023-05-08T17:01:00+00:00","dateModified":"2024-10-11T20:24:40+00:00","description":"LOS MURALES DE DIEGO RIVERA : UNIVERSIDAD AUT\u00d3NOMA CHAPINGO. \/ Raquel Tibol. Universidad Aut\u00f3noma Chapingo , Direcci\u00f3n de Difusi\u00f3n Cultural, 2002.","breadcrumb":{"@id":"https:\/\/booksfrommexico.com\/es\/producto\/los-murales-de-diego-rivera-universidad-autonoma-chapingo\/#breadcrumb"},"inLanguage":"es","potentialAction":[{"@type":"ReadAction","target":["https:\/\/booksfrommexico.com\/es\/producto\/los-murales-de-diego-rivera-universidad-autonoma-chapingo\/"]}]},{"@type":"ImageObject","inLanguage":"es","@id":"https:\/\/booksfrommexico.com\/es\/producto\/los-murales-de-diego-rivera-universidad-autonoma-chapingo\/#primaryimage","url":"https:\/\/booksfrommexico.com\/app\/uploads\/2023\/05\/115504.jpeg","contentUrl":"https:\/\/booksfrommexico.com\/app\/uploads\/2023\/05\/115504.jpeg","width":629,"height":863},{"@type":"BreadcrumbList","@id":"https:\/\/booksfrommexico.com\/es\/producto\/los-murales-de-diego-rivera-universidad-autonoma-chapingo\/#breadcrumb","itemListElement":[{"@type":"ListItem","position":1,"name":"Home","item":"https:\/\/booksfrommexico.com\/es\/"},{"@type":"ListItem","position":2,"name":"Libros","item":"https:\/\/booksfrommexico.com\/es\/libros\/"},{"@type":"ListItem","position":3,"name":"Los murales de Diego Rivera: Universidad Aut\u00f3noma Chapingo"}]},{"@type":"WebSite","@id":"https:\/\/booksfrommexico.com\/#website","url":"https:\/\/booksfrommexico.com\/","name":"Books From Mexico","description":"","publisher":{"@id":"https:\/\/booksfrommexico.com\/#organization"},"potentialAction":[{"@type":"SearchAction","target":{"@type":"EntryPoint","urlTemplate":"https:\/\/booksfrommexico.com\/?s={search_term_string}"},"query-input":{"@type":"PropertyValueSpecification","valueRequired":true,"valueName":"search_term_string"}}],"inLanguage":"es"},{"@type":"Organization","@id":"https:\/\/booksfrommexico.com\/#organization","name":"Books From Mexico","url":"https:\/\/booksfrommexico.com\/","logo":{"@type":"ImageObject","inLanguage":"es","@id":"https:\/\/booksfrommexico.com\/#\/schema\/logo\/image\/","url":"https:\/\/booksfrommexico.com\/app\/uploads\/2023\/05\/logo-booksfrommexico.svg","contentUrl":"https:\/\/booksfrommexico.com\/app\/uploads\/2023\/05\/logo-booksfrommexico.svg","width":86,"height":56,"caption":"Books From Mexico"},"image":{"@id":"https:\/\/booksfrommexico.com\/#\/schema\/logo\/image\/"}}]}},"_links":{"self":[{"href":"https:\/\/booksfrommexico.com\/es\/wp-json\/wp\/v2\/product\/338","targetHints":{"allow":["GET"]}}],"collection":[{"href":"https:\/\/booksfrommexico.com\/es\/wp-json\/wp\/v2\/product"}],"about":[{"href":"https:\/\/booksfrommexico.com\/es\/wp-json\/wp\/v2\/types\/product"}],"wp:featuredmedia":[{"embeddable":true,"href":"https:\/\/booksfrommexico.com\/es\/wp-json\/wp\/v2\/media\/337"}],"wp:attachment":[{"href":"https:\/\/booksfrommexico.com\/es\/wp-json\/wp\/v2\/media?parent=338"}],"wp:term":[{"taxonomy":"product_brand","embeddable":true,"href":"https:\/\/booksfrommexico.com\/es\/wp-json\/wp\/v2\/product_brand?post=338"},{"taxonomy":"product_cat","embeddable":true,"href":"https:\/\/booksfrommexico.com\/es\/wp-json\/wp\/v2\/product_cat?post=338"},{"taxonomy":"product_tag","embeddable":true,"href":"https:\/\/booksfrommexico.com\/es\/wp-json\/wp\/v2\/product_tag?post=338"}],"curies":[{"name":"wp","href":"https:\/\/api.w.org\/{rel}","templated":true}]}}