{"id":340,"date":"2023-05-08T17:01:01","date_gmt":"2023-05-08T17:01:01","guid":{"rendered":"http:\/\/booksfrommexico.com\/product\/juego-de-pelota-metaforas-visuales\/"},"modified":"2024-10-09T23:19:47","modified_gmt":"2024-10-09T23:19:47","slug":"juego-de-pelota-metaforas-visuales","status":"publish","type":"product","link":"https:\/\/booksfrommexico.com\/es\/producto\/juego-de-pelota-metaforas-visuales\/","title":{"rendered":"Juego de pelota: Met\u00e1foras visuales"},"content":{"rendered":"<p><span style=\"font-weight: 400;\">En esta colecci\u00f3n de fotograf\u00edas se plasma lo que el t\u00edtulo indica: una met\u00e1fora entre imagen y texto, los cuales se recuperan de distintos autores. La forma en que est\u00e1n acomodados los textos cuentan una historia que se refuerza con las fotos presentadas a blanco y negro, que muestran principalmente a mujeres ind\u00edgenas en el campo, realizando diversas actividades. Los temas en los que se profundiza giran en torno al <\/span><i><span style=\"font-weight: 400;\">ser<\/span><\/i><span style=\"font-weight: 400;\"> mujer, ser mujer ind\u00edgena y ser mujer migrante. Este t\u00edtulo\u00a0 cuenta una traducci\u00f3n traducci\u00f3n de los textos al ingl\u00e9s, convirti\u00e9ndolo en una edici\u00f3n biling\u00fce.<\/span><\/p>\n","protected":false},"excerpt":{"rendered":"<p>JUEGO DE PELOTA : MET\u00c1FORAS VISUALES<span style=\"font-weight: 400;\">. \/ Lucero Gonz\u00e1lez (photos) ; Sandra Lorenzano (text). Oaxaca, M\u00e9xico : Centro Cultural Santo Domingo ; M\u00e9xico, D.F. : Universidad del Claustro de Sor Juana, 2002. 48 pages : includes photos, notes, references ; 22 cm.<\/span><\/p>\n","protected":false},"featured_media":339,"template":"","meta":{"_acf_changed":false,"inline_featured_image":false},"product_brand":[],"product_cat":[87,165],"product_tag":[3920,4382,4043,4019,3918,4101],"class_list":{"0":"post-340","1":"product","2":"type-product","3":"status-publish","4":"has-post-thumbnail","6":"product_cat-arte","7":"product_cat-fotografia-arte","8":"product_tag-cultura-popular","9":"product_tag-edicion-bilingue","10":"product_tag-fotografia","11":"product_tag-juego-de-pelota","12":"product_tag-mixtecos","13":"product_tag-mujeres-es","15":"first","16":"instock","17":"sale","18":"taxable","19":"shipping-taxable","20":"purchasable","21":"product-type-simple"},"acf":[],"yoast_head":"<!-- This site is optimized with the Yoast SEO plugin v27.3 - https:\/\/yoast.com\/product\/yoast-seo-wordpress\/ -->\n<title>Juego de pelota: Met\u00e1foras visuales<\/title>\n<meta name=\"description\" content=\"JUEGO DE PELOTA : MET\u00c1FORAS VISUALES. \/ Lucero Gonz\u00e1lez (photos) ; Sandra Lorenzano (text). CCMC ; Universidad del Claustro de Sor Juana, 2002.\" \/>\n<meta name=\"robots\" content=\"index, follow, max-snippet:-1, max-image-preview:large, max-video-preview:-1\" \/>\n<link rel=\"canonical\" href=\"https:\/\/booksfrommexico.com\/es\/producto\/juego-de-pelota-metaforas-visuales\/\" \/>\n<meta property=\"og:locale\" content=\"es_ES\" \/>\n<meta property=\"og:type\" content=\"article\" \/>\n<meta property=\"og:title\" content=\"Juego de pelota: Met\u00e1foras visuales\" \/>\n<meta property=\"og:description\" content=\"JUEGO DE PELOTA : MET\u00c1FORAS VISUALES. \/ Lucero Gonz\u00e1lez (photos) ; Sandra Lorenzano (text). CCMC ; Universidad del Claustro de Sor Juana, 2002.\" \/>\n<meta property=\"og:url\" content=\"https:\/\/booksfrommexico.com\/es\/producto\/juego-de-pelota-metaforas-visuales\/\" \/>\n<meta property=\"og:site_name\" content=\"Books From Mexico\" \/>\n<meta property=\"article:modified_time\" content=\"2024-10-09T23:19:47+00:00\" \/>\n<meta property=\"og:image\" content=\"http:\/\/booksfrommexico.com\/app\/uploads\/2023\/05\/115747.jpeg\" \/>\n\t<meta property=\"og:image:width\" content=\"617\" \/>\n\t<meta property=\"og:image:height\" content=\"624\" \/>\n\t<meta property=\"og:image:type\" content=\"image\/jpeg\" \/>\n<meta name=\"twitter:card\" content=\"summary_large_image\" \/>\n<meta name=\"twitter:label1\" content=\"Tiempo de lectura\" \/>\n\t<meta name=\"twitter:data1\" content=\"1 minuto\" \/>\n<script type=\"application\/ld+json\" class=\"yoast-schema-graph\">{\"@context\":\"https:\\\/\\\/schema.org\",\"@graph\":[{\"@type\":\"WebPage\",\"@id\":\"https:\\\/\\\/booksfrommexico.com\\\/es\\\/producto\\\/juego-de-pelota-metaforas-visuales\\\/\",\"url\":\"https:\\\/\\\/booksfrommexico.com\\\/es\\\/producto\\\/juego-de-pelota-metaforas-visuales\\\/\",\"name\":\"Juego de pelota: Met\u00e1foras visuales\",\"isPartOf\":{\"@id\":\"https:\\\/\\\/booksfrommexico.com\\\/#website\"},\"primaryImageOfPage\":{\"@id\":\"https:\\\/\\\/booksfrommexico.com\\\/es\\\/producto\\\/juego-de-pelota-metaforas-visuales\\\/#primaryimage\"},\"image\":{\"@id\":\"https:\\\/\\\/booksfrommexico.com\\\/es\\\/producto\\\/juego-de-pelota-metaforas-visuales\\\/#primaryimage\"},\"thumbnailUrl\":\"https:\\\/\\\/booksfrommexico.com\\\/app\\\/uploads\\\/2023\\\/05\\\/115747.jpeg\",\"datePublished\":\"2023-05-08T17:01:01+00:00\",\"dateModified\":\"2024-10-09T23:19:47+00:00\",\"description\":\"JUEGO DE PELOTA : MET\u00c1FORAS VISUALES. \\\/ Lucero Gonz\u00e1lez (photos) ; Sandra Lorenzano (text). CCMC ; Universidad del Claustro de Sor Juana, 2002.\",\"breadcrumb\":{\"@id\":\"https:\\\/\\\/booksfrommexico.com\\\/es\\\/producto\\\/juego-de-pelota-metaforas-visuales\\\/#breadcrumb\"},\"inLanguage\":\"es\",\"potentialAction\":[{\"@type\":\"ReadAction\",\"target\":[\"https:\\\/\\\/booksfrommexico.com\\\/es\\\/producto\\\/juego-de-pelota-metaforas-visuales\\\/\"]}]},{\"@type\":\"ImageObject\",\"inLanguage\":\"es\",\"@id\":\"https:\\\/\\\/booksfrommexico.com\\\/es\\\/producto\\\/juego-de-pelota-metaforas-visuales\\\/#primaryimage\",\"url\":\"https:\\\/\\\/booksfrommexico.com\\\/app\\\/uploads\\\/2023\\\/05\\\/115747.jpeg\",\"contentUrl\":\"https:\\\/\\\/booksfrommexico.com\\\/app\\\/uploads\\\/2023\\\/05\\\/115747.jpeg\",\"width\":617,\"height\":624},{\"@type\":\"BreadcrumbList\",\"@id\":\"https:\\\/\\\/booksfrommexico.com\\\/es\\\/producto\\\/juego-de-pelota-metaforas-visuales\\\/#breadcrumb\",\"itemListElement\":[{\"@type\":\"ListItem\",\"position\":1,\"name\":\"Home\",\"item\":\"https:\\\/\\\/booksfrommexico.com\\\/es\\\/\"},{\"@type\":\"ListItem\",\"position\":2,\"name\":\"Libros\",\"item\":\"https:\\\/\\\/booksfrommexico.com\\\/es\\\/libros\\\/\"},{\"@type\":\"ListItem\",\"position\":3,\"name\":\"Juego de pelota: Met\u00e1foras visuales\"}]},{\"@type\":\"WebSite\",\"@id\":\"https:\\\/\\\/booksfrommexico.com\\\/#website\",\"url\":\"https:\\\/\\\/booksfrommexico.com\\\/\",\"name\":\"Books From Mexico\",\"description\":\"\",\"publisher\":{\"@id\":\"https:\\\/\\\/booksfrommexico.com\\\/#organization\"},\"potentialAction\":[{\"@type\":\"SearchAction\",\"target\":{\"@type\":\"EntryPoint\",\"urlTemplate\":\"https:\\\/\\\/booksfrommexico.com\\\/?s={search_term_string}\"},\"query-input\":{\"@type\":\"PropertyValueSpecification\",\"valueRequired\":true,\"valueName\":\"search_term_string\"}}],\"inLanguage\":\"es\"},{\"@type\":\"Organization\",\"@id\":\"https:\\\/\\\/booksfrommexico.com\\\/#organization\",\"name\":\"Books From Mexico\",\"url\":\"https:\\\/\\\/booksfrommexico.com\\\/\",\"logo\":{\"@type\":\"ImageObject\",\"inLanguage\":\"es\",\"@id\":\"https:\\\/\\\/booksfrommexico.com\\\/#\\\/schema\\\/logo\\\/image\\\/\",\"url\":\"https:\\\/\\\/booksfrommexico.com\\\/app\\\/uploads\\\/2023\\\/05\\\/logo-booksfrommexico.svg\",\"contentUrl\":\"https:\\\/\\\/booksfrommexico.com\\\/app\\\/uploads\\\/2023\\\/05\\\/logo-booksfrommexico.svg\",\"width\":86,\"height\":56,\"caption\":\"Books From Mexico\"},\"image\":{\"@id\":\"https:\\\/\\\/booksfrommexico.com\\\/#\\\/schema\\\/logo\\\/image\\\/\"}}]}<\/script>\n<!-- \/ Yoast SEO plugin. -->","yoast_head_json":{"title":"Juego de pelota: Met\u00e1foras visuales","description":"JUEGO DE PELOTA : MET\u00c1FORAS VISUALES. \/ Lucero Gonz\u00e1lez (photos) ; Sandra Lorenzano (text). CCMC ; Universidad del Claustro de Sor Juana, 2002.","robots":{"index":"index","follow":"follow","max-snippet":"max-snippet:-1","max-image-preview":"max-image-preview:large","max-video-preview":"max-video-preview:-1"},"canonical":"https:\/\/booksfrommexico.com\/es\/producto\/juego-de-pelota-metaforas-visuales\/","og_locale":"es_ES","og_type":"article","og_title":"Juego de pelota: Met\u00e1foras visuales","og_description":"JUEGO DE PELOTA : MET\u00c1FORAS VISUALES. \/ Lucero Gonz\u00e1lez (photos) ; Sandra Lorenzano (text). CCMC ; Universidad del Claustro de Sor Juana, 2002.","og_url":"https:\/\/booksfrommexico.com\/es\/producto\/juego-de-pelota-metaforas-visuales\/","og_site_name":"Books From Mexico","article_modified_time":"2024-10-09T23:19:47+00:00","og_image":[{"width":617,"height":624,"url":"http:\/\/booksfrommexico.com\/app\/uploads\/2023\/05\/115747.jpeg","type":"image\/jpeg"}],"twitter_card":"summary_large_image","twitter_misc":{"Tiempo de lectura":"1 minuto"},"schema":{"@context":"https:\/\/schema.org","@graph":[{"@type":"WebPage","@id":"https:\/\/booksfrommexico.com\/es\/producto\/juego-de-pelota-metaforas-visuales\/","url":"https:\/\/booksfrommexico.com\/es\/producto\/juego-de-pelota-metaforas-visuales\/","name":"Juego de pelota: Met\u00e1foras visuales","isPartOf":{"@id":"https:\/\/booksfrommexico.com\/#website"},"primaryImageOfPage":{"@id":"https:\/\/booksfrommexico.com\/es\/producto\/juego-de-pelota-metaforas-visuales\/#primaryimage"},"image":{"@id":"https:\/\/booksfrommexico.com\/es\/producto\/juego-de-pelota-metaforas-visuales\/#primaryimage"},"thumbnailUrl":"https:\/\/booksfrommexico.com\/app\/uploads\/2023\/05\/115747.jpeg","datePublished":"2023-05-08T17:01:01+00:00","dateModified":"2024-10-09T23:19:47+00:00","description":"JUEGO DE PELOTA : MET\u00c1FORAS VISUALES. \/ Lucero Gonz\u00e1lez (photos) ; Sandra Lorenzano (text). CCMC ; Universidad del Claustro de Sor Juana, 2002.","breadcrumb":{"@id":"https:\/\/booksfrommexico.com\/es\/producto\/juego-de-pelota-metaforas-visuales\/#breadcrumb"},"inLanguage":"es","potentialAction":[{"@type":"ReadAction","target":["https:\/\/booksfrommexico.com\/es\/producto\/juego-de-pelota-metaforas-visuales\/"]}]},{"@type":"ImageObject","inLanguage":"es","@id":"https:\/\/booksfrommexico.com\/es\/producto\/juego-de-pelota-metaforas-visuales\/#primaryimage","url":"https:\/\/booksfrommexico.com\/app\/uploads\/2023\/05\/115747.jpeg","contentUrl":"https:\/\/booksfrommexico.com\/app\/uploads\/2023\/05\/115747.jpeg","width":617,"height":624},{"@type":"BreadcrumbList","@id":"https:\/\/booksfrommexico.com\/es\/producto\/juego-de-pelota-metaforas-visuales\/#breadcrumb","itemListElement":[{"@type":"ListItem","position":1,"name":"Home","item":"https:\/\/booksfrommexico.com\/es\/"},{"@type":"ListItem","position":2,"name":"Libros","item":"https:\/\/booksfrommexico.com\/es\/libros\/"},{"@type":"ListItem","position":3,"name":"Juego de pelota: Met\u00e1foras visuales"}]},{"@type":"WebSite","@id":"https:\/\/booksfrommexico.com\/#website","url":"https:\/\/booksfrommexico.com\/","name":"Books From Mexico","description":"","publisher":{"@id":"https:\/\/booksfrommexico.com\/#organization"},"potentialAction":[{"@type":"SearchAction","target":{"@type":"EntryPoint","urlTemplate":"https:\/\/booksfrommexico.com\/?s={search_term_string}"},"query-input":{"@type":"PropertyValueSpecification","valueRequired":true,"valueName":"search_term_string"}}],"inLanguage":"es"},{"@type":"Organization","@id":"https:\/\/booksfrommexico.com\/#organization","name":"Books From Mexico","url":"https:\/\/booksfrommexico.com\/","logo":{"@type":"ImageObject","inLanguage":"es","@id":"https:\/\/booksfrommexico.com\/#\/schema\/logo\/image\/","url":"https:\/\/booksfrommexico.com\/app\/uploads\/2023\/05\/logo-booksfrommexico.svg","contentUrl":"https:\/\/booksfrommexico.com\/app\/uploads\/2023\/05\/logo-booksfrommexico.svg","width":86,"height":56,"caption":"Books From Mexico"},"image":{"@id":"https:\/\/booksfrommexico.com\/#\/schema\/logo\/image\/"}}]}},"_links":{"self":[{"href":"https:\/\/booksfrommexico.com\/es\/wp-json\/wp\/v2\/product\/340","targetHints":{"allow":["GET"]}}],"collection":[{"href":"https:\/\/booksfrommexico.com\/es\/wp-json\/wp\/v2\/product"}],"about":[{"href":"https:\/\/booksfrommexico.com\/es\/wp-json\/wp\/v2\/types\/product"}],"wp:featuredmedia":[{"embeddable":true,"href":"https:\/\/booksfrommexico.com\/es\/wp-json\/wp\/v2\/media\/339"}],"wp:attachment":[{"href":"https:\/\/booksfrommexico.com\/es\/wp-json\/wp\/v2\/media?parent=340"}],"wp:term":[{"taxonomy":"product_brand","embeddable":true,"href":"https:\/\/booksfrommexico.com\/es\/wp-json\/wp\/v2\/product_brand?post=340"},{"taxonomy":"product_cat","embeddable":true,"href":"https:\/\/booksfrommexico.com\/es\/wp-json\/wp\/v2\/product_cat?post=340"},{"taxonomy":"product_tag","embeddable":true,"href":"https:\/\/booksfrommexico.com\/es\/wp-json\/wp\/v2\/product_tag?post=340"}],"curies":[{"name":"wp","href":"https:\/\/api.w.org\/{rel}","templated":true}]}}