{"id":344,"date":"2023-05-08T17:01:05","date_gmt":"2023-05-08T17:01:05","guid":{"rendered":"http:\/\/booksfrommexico.com\/product\/juan-diego-arte-y-espiritu\/"},"modified":"2024-10-11T19:43:08","modified_gmt":"2024-10-11T19:43:08","slug":"juan-diego-arte-y-espiritu","status":"publish","type":"product","link":"https:\/\/booksfrommexico.com\/es\/producto\/juan-diego-arte-y-espiritu\/","title":{"rendered":"Juan Diego: Arte y esp\u00edritu"},"content":{"rendered":"<p><span style=\"font-weight: 400;\">A trav\u00e9s de esta obra se plasma la historia de Juan Diego, el campesino chichimeca elegido por la virgen de Guadalupe para que fuera su mensajero y mediara por ella con el obispo Zum\u00e1rraga y le erigiesen as\u00ed su templo en el Cerro del Tepeyac. El autor de este t\u00edtulo busca mostrar lo inmenso del arte que se ha creado a partir de la virgen de Guadalupe y Juan Diego, su int\u00e9rprete, as\u00ed como el impacto que dej\u00f3 en el pueblo mexicano y en la historia. Aqu\u00ed se re\u00fanen fragmentos de obras, reproducciones a color de pinturas y fotograf\u00edas sobre la historia del milagro guadalupano.<\/span><\/p>\n","protected":false},"excerpt":{"rendered":"<p>JUAN DIEGO : ARTE Y ESP\u00cdRITU<span style=\"font-weight: 400;\">. \/ Xavier Escalada. M\u00e9xico, D.F. : Aguilar, 2002. 177 pages : includes color photos, color illustrations, bibliographic notes ; 31 cm. ISBN : 9681911245.<\/span><\/p>\n","protected":false},"featured_media":343,"template":"","meta":{"_acf_changed":false,"inline_featured_image":false},"product_brand":[],"product_cat":[87,4194],"product_tag":[4012,4470,3769,3729,3762],"class_list":{"0":"post-344","1":"product","2":"type-product","3":"status-publish","4":"has-post-thumbnail","6":"product_cat-arte","7":"product_cat-arte-religioso","8":"product_tag-apariciones-y-milagros","9":"product_tag-arte-grafico","10":"product_tag-obras-ilustradas","11":"product_tag-religion","12":"product_tag-vida-religiosa-y-costumbres","14":"first","15":"instock","16":"sale","17":"taxable","18":"shipping-taxable","19":"purchasable","20":"product-type-simple"},"acf":[],"yoast_head":"<!-- This site is optimized with the Yoast SEO plugin v27.3 - https:\/\/yoast.com\/product\/yoast-seo-wordpress\/ -->\n<title>Juan Diego: Arte y esp\u00edritu<\/title>\n<meta name=\"description\" content=\"JUAN DIEGO : ARTE Y ESP\u00cdRITU. \/ Xavier Escalada. M\u00e9xico, D.F. : Aguilar, 2002. 177 pages : includes color photos, color illustrations, bibliographic notes.\" \/>\n<meta name=\"robots\" content=\"index, follow, max-snippet:-1, max-image-preview:large, max-video-preview:-1\" \/>\n<link rel=\"canonical\" href=\"https:\/\/booksfrommexico.com\/es\/producto\/juan-diego-arte-y-espiritu\/\" \/>\n<meta property=\"og:locale\" content=\"es_ES\" \/>\n<meta property=\"og:type\" content=\"article\" \/>\n<meta property=\"og:title\" content=\"Juan Diego: Arte y esp\u00edritu\" \/>\n<meta property=\"og:description\" content=\"JUAN DIEGO : ARTE Y ESP\u00cdRITU. \/ Xavier Escalada. M\u00e9xico, D.F. : Aguilar, 2002. 177 pages : includes color photos, color illustrations, bibliographic notes.\" \/>\n<meta property=\"og:url\" content=\"https:\/\/booksfrommexico.com\/es\/producto\/juan-diego-arte-y-espiritu\/\" \/>\n<meta property=\"og:site_name\" content=\"Books From Mexico\" \/>\n<meta property=\"article:modified_time\" content=\"2024-10-11T19:43:08+00:00\" \/>\n<meta property=\"og:image\" content=\"http:\/\/booksfrommexico.com\/app\/uploads\/2023\/05\/116362-e1728675564542.jpeg\" \/>\n\t<meta property=\"og:image:width\" content=\"869\" \/>\n\t<meta property=\"og:image:height\" content=\"636\" \/>\n\t<meta property=\"og:image:type\" content=\"image\/jpeg\" \/>\n<meta name=\"twitter:card\" content=\"summary_large_image\" \/>\n<meta name=\"twitter:label1\" content=\"Tiempo de lectura\" \/>\n\t<meta name=\"twitter:data1\" content=\"1 minuto\" \/>\n<script type=\"application\/ld+json\" class=\"yoast-schema-graph\">{\"@context\":\"https:\\\/\\\/schema.org\",\"@graph\":[{\"@type\":\"WebPage\",\"@id\":\"https:\\\/\\\/booksfrommexico.com\\\/es\\\/producto\\\/juan-diego-arte-y-espiritu\\\/\",\"url\":\"https:\\\/\\\/booksfrommexico.com\\\/es\\\/producto\\\/juan-diego-arte-y-espiritu\\\/\",\"name\":\"Juan Diego: Arte y esp\u00edritu\",\"isPartOf\":{\"@id\":\"https:\\\/\\\/booksfrommexico.com\\\/#website\"},\"primaryImageOfPage\":{\"@id\":\"https:\\\/\\\/booksfrommexico.com\\\/es\\\/producto\\\/juan-diego-arte-y-espiritu\\\/#primaryimage\"},\"image\":{\"@id\":\"https:\\\/\\\/booksfrommexico.com\\\/es\\\/producto\\\/juan-diego-arte-y-espiritu\\\/#primaryimage\"},\"thumbnailUrl\":\"https:\\\/\\\/booksfrommexico.com\\\/app\\\/uploads\\\/2023\\\/05\\\/116362-e1728675564542.jpeg\",\"datePublished\":\"2023-05-08T17:01:05+00:00\",\"dateModified\":\"2024-10-11T19:43:08+00:00\",\"description\":\"JUAN DIEGO : ARTE Y ESP\u00cdRITU. \\\/ Xavier Escalada. M\u00e9xico, D.F. : Aguilar, 2002. 177 pages : includes color photos, color illustrations, bibliographic notes.\",\"breadcrumb\":{\"@id\":\"https:\\\/\\\/booksfrommexico.com\\\/es\\\/producto\\\/juan-diego-arte-y-espiritu\\\/#breadcrumb\"},\"inLanguage\":\"es\",\"potentialAction\":[{\"@type\":\"ReadAction\",\"target\":[\"https:\\\/\\\/booksfrommexico.com\\\/es\\\/producto\\\/juan-diego-arte-y-espiritu\\\/\"]}]},{\"@type\":\"ImageObject\",\"inLanguage\":\"es\",\"@id\":\"https:\\\/\\\/booksfrommexico.com\\\/es\\\/producto\\\/juan-diego-arte-y-espiritu\\\/#primaryimage\",\"url\":\"https:\\\/\\\/booksfrommexico.com\\\/app\\\/uploads\\\/2023\\\/05\\\/116362-e1728675564542.jpeg\",\"contentUrl\":\"https:\\\/\\\/booksfrommexico.com\\\/app\\\/uploads\\\/2023\\\/05\\\/116362-e1728675564542.jpeg\",\"width\":869,\"height\":636},{\"@type\":\"BreadcrumbList\",\"@id\":\"https:\\\/\\\/booksfrommexico.com\\\/es\\\/producto\\\/juan-diego-arte-y-espiritu\\\/#breadcrumb\",\"itemListElement\":[{\"@type\":\"ListItem\",\"position\":1,\"name\":\"Home\",\"item\":\"https:\\\/\\\/booksfrommexico.com\\\/es\\\/\"},{\"@type\":\"ListItem\",\"position\":2,\"name\":\"Libros\",\"item\":\"https:\\\/\\\/booksfrommexico.com\\\/es\\\/libros\\\/\"},{\"@type\":\"ListItem\",\"position\":3,\"name\":\"Juan Diego: Arte y esp\u00edritu\"}]},{\"@type\":\"WebSite\",\"@id\":\"https:\\\/\\\/booksfrommexico.com\\\/#website\",\"url\":\"https:\\\/\\\/booksfrommexico.com\\\/\",\"name\":\"Books From Mexico\",\"description\":\"\",\"publisher\":{\"@id\":\"https:\\\/\\\/booksfrommexico.com\\\/#organization\"},\"potentialAction\":[{\"@type\":\"SearchAction\",\"target\":{\"@type\":\"EntryPoint\",\"urlTemplate\":\"https:\\\/\\\/booksfrommexico.com\\\/?s={search_term_string}\"},\"query-input\":{\"@type\":\"PropertyValueSpecification\",\"valueRequired\":true,\"valueName\":\"search_term_string\"}}],\"inLanguage\":\"es\"},{\"@type\":\"Organization\",\"@id\":\"https:\\\/\\\/booksfrommexico.com\\\/#organization\",\"name\":\"Books From Mexico\",\"url\":\"https:\\\/\\\/booksfrommexico.com\\\/\",\"logo\":{\"@type\":\"ImageObject\",\"inLanguage\":\"es\",\"@id\":\"https:\\\/\\\/booksfrommexico.com\\\/#\\\/schema\\\/logo\\\/image\\\/\",\"url\":\"https:\\\/\\\/booksfrommexico.com\\\/app\\\/uploads\\\/2023\\\/05\\\/logo-booksfrommexico.svg\",\"contentUrl\":\"https:\\\/\\\/booksfrommexico.com\\\/app\\\/uploads\\\/2023\\\/05\\\/logo-booksfrommexico.svg\",\"width\":86,\"height\":56,\"caption\":\"Books From Mexico\"},\"image\":{\"@id\":\"https:\\\/\\\/booksfrommexico.com\\\/#\\\/schema\\\/logo\\\/image\\\/\"}}]}<\/script>\n<!-- \/ Yoast SEO plugin. -->","yoast_head_json":{"title":"Juan Diego: Arte y esp\u00edritu","description":"JUAN DIEGO : ARTE Y ESP\u00cdRITU. \/ Xavier Escalada. M\u00e9xico, D.F. : Aguilar, 2002. 177 pages : includes color photos, color illustrations, bibliographic notes.","robots":{"index":"index","follow":"follow","max-snippet":"max-snippet:-1","max-image-preview":"max-image-preview:large","max-video-preview":"max-video-preview:-1"},"canonical":"https:\/\/booksfrommexico.com\/es\/producto\/juan-diego-arte-y-espiritu\/","og_locale":"es_ES","og_type":"article","og_title":"Juan Diego: Arte y esp\u00edritu","og_description":"JUAN DIEGO : ARTE Y ESP\u00cdRITU. \/ Xavier Escalada. M\u00e9xico, D.F. : Aguilar, 2002. 177 pages : includes color photos, color illustrations, bibliographic notes.","og_url":"https:\/\/booksfrommexico.com\/es\/producto\/juan-diego-arte-y-espiritu\/","og_site_name":"Books From Mexico","article_modified_time":"2024-10-11T19:43:08+00:00","og_image":[{"width":869,"height":636,"url":"http:\/\/booksfrommexico.com\/app\/uploads\/2023\/05\/116362-e1728675564542.jpeg","type":"image\/jpeg"}],"twitter_card":"summary_large_image","twitter_misc":{"Tiempo de lectura":"1 minuto"},"schema":{"@context":"https:\/\/schema.org","@graph":[{"@type":"WebPage","@id":"https:\/\/booksfrommexico.com\/es\/producto\/juan-diego-arte-y-espiritu\/","url":"https:\/\/booksfrommexico.com\/es\/producto\/juan-diego-arte-y-espiritu\/","name":"Juan Diego: Arte y esp\u00edritu","isPartOf":{"@id":"https:\/\/booksfrommexico.com\/#website"},"primaryImageOfPage":{"@id":"https:\/\/booksfrommexico.com\/es\/producto\/juan-diego-arte-y-espiritu\/#primaryimage"},"image":{"@id":"https:\/\/booksfrommexico.com\/es\/producto\/juan-diego-arte-y-espiritu\/#primaryimage"},"thumbnailUrl":"https:\/\/booksfrommexico.com\/app\/uploads\/2023\/05\/116362-e1728675564542.jpeg","datePublished":"2023-05-08T17:01:05+00:00","dateModified":"2024-10-11T19:43:08+00:00","description":"JUAN DIEGO : ARTE Y ESP\u00cdRITU. \/ Xavier Escalada. M\u00e9xico, D.F. : Aguilar, 2002. 177 pages : includes color photos, color illustrations, bibliographic notes.","breadcrumb":{"@id":"https:\/\/booksfrommexico.com\/es\/producto\/juan-diego-arte-y-espiritu\/#breadcrumb"},"inLanguage":"es","potentialAction":[{"@type":"ReadAction","target":["https:\/\/booksfrommexico.com\/es\/producto\/juan-diego-arte-y-espiritu\/"]}]},{"@type":"ImageObject","inLanguage":"es","@id":"https:\/\/booksfrommexico.com\/es\/producto\/juan-diego-arte-y-espiritu\/#primaryimage","url":"https:\/\/booksfrommexico.com\/app\/uploads\/2023\/05\/116362-e1728675564542.jpeg","contentUrl":"https:\/\/booksfrommexico.com\/app\/uploads\/2023\/05\/116362-e1728675564542.jpeg","width":869,"height":636},{"@type":"BreadcrumbList","@id":"https:\/\/booksfrommexico.com\/es\/producto\/juan-diego-arte-y-espiritu\/#breadcrumb","itemListElement":[{"@type":"ListItem","position":1,"name":"Home","item":"https:\/\/booksfrommexico.com\/es\/"},{"@type":"ListItem","position":2,"name":"Libros","item":"https:\/\/booksfrommexico.com\/es\/libros\/"},{"@type":"ListItem","position":3,"name":"Juan Diego: Arte y esp\u00edritu"}]},{"@type":"WebSite","@id":"https:\/\/booksfrommexico.com\/#website","url":"https:\/\/booksfrommexico.com\/","name":"Books From Mexico","description":"","publisher":{"@id":"https:\/\/booksfrommexico.com\/#organization"},"potentialAction":[{"@type":"SearchAction","target":{"@type":"EntryPoint","urlTemplate":"https:\/\/booksfrommexico.com\/?s={search_term_string}"},"query-input":{"@type":"PropertyValueSpecification","valueRequired":true,"valueName":"search_term_string"}}],"inLanguage":"es"},{"@type":"Organization","@id":"https:\/\/booksfrommexico.com\/#organization","name":"Books From Mexico","url":"https:\/\/booksfrommexico.com\/","logo":{"@type":"ImageObject","inLanguage":"es","@id":"https:\/\/booksfrommexico.com\/#\/schema\/logo\/image\/","url":"https:\/\/booksfrommexico.com\/app\/uploads\/2023\/05\/logo-booksfrommexico.svg","contentUrl":"https:\/\/booksfrommexico.com\/app\/uploads\/2023\/05\/logo-booksfrommexico.svg","width":86,"height":56,"caption":"Books From Mexico"},"image":{"@id":"https:\/\/booksfrommexico.com\/#\/schema\/logo\/image\/"}}]}},"_links":{"self":[{"href":"https:\/\/booksfrommexico.com\/es\/wp-json\/wp\/v2\/product\/344","targetHints":{"allow":["GET"]}}],"collection":[{"href":"https:\/\/booksfrommexico.com\/es\/wp-json\/wp\/v2\/product"}],"about":[{"href":"https:\/\/booksfrommexico.com\/es\/wp-json\/wp\/v2\/types\/product"}],"wp:featuredmedia":[{"embeddable":true,"href":"https:\/\/booksfrommexico.com\/es\/wp-json\/wp\/v2\/media\/343"}],"wp:attachment":[{"href":"https:\/\/booksfrommexico.com\/es\/wp-json\/wp\/v2\/media?parent=344"}],"wp:term":[{"taxonomy":"product_brand","embeddable":true,"href":"https:\/\/booksfrommexico.com\/es\/wp-json\/wp\/v2\/product_brand?post=344"},{"taxonomy":"product_cat","embeddable":true,"href":"https:\/\/booksfrommexico.com\/es\/wp-json\/wp\/v2\/product_cat?post=344"},{"taxonomy":"product_tag","embeddable":true,"href":"https:\/\/booksfrommexico.com\/es\/wp-json\/wp\/v2\/product_tag?post=344"}],"curies":[{"name":"wp","href":"https:\/\/api.w.org\/{rel}","templated":true}]}}