{"id":348,"date":"2023-05-08T17:01:08","date_gmt":"2023-05-08T17:01:08","guid":{"rendered":"http:\/\/booksfrommexico.com\/product\/juan-rulfo-letras-e-imagenes\/"},"modified":"2025-02-25T21:48:11","modified_gmt":"2025-02-25T21:48:11","slug":"juan-rulfo-letras-e-imagenes","status":"publish","type":"product","link":"https:\/\/booksfrommexico.com\/es\/producto\/juan-rulfo-letras-e-imagenes\/","title":{"rendered":"Juan Rulfo: Letras e im\u00e1genes"},"content":{"rendered":"<p><span style=\"font-weight: 400;\">La vinculaci\u00f3n entre la fotograf\u00eda y el conocimiento de la historia de M\u00e9xico que ten\u00eda Juan Rulfo se hizo evidente mediante sus colecciones fotogr\u00e1ficas y sus textos. Aqu\u00ed se recopila el trabajo que Rulfo realiz\u00f3\u00a0 sobre momentos hist\u00f3ricos de M\u00e9xico, manifestaciones art\u00edsticas y ruinas arqueol\u00f3gicas de conventos e iglesias, mostrando las expresiones acad\u00e9micas y po\u00e9ticas del autor. Las fotos de Rulfo cubren, en materia de arquitectura, desde las pir\u00e1mides hasta los rascacielos del Paseo de la Reforma, hacia 1950; algunas remiten muy poderosamente al mundo creado por \u00e9l en su literatura, y es evidente tambi\u00e9n en las mismas, la intenci\u00f3n de sugerir la realidad hist\u00f3rica asociada a esa arquitectura.<\/span><\/p>\n","protected":false},"excerpt":{"rendered":"<p>JUAN RULFO : LETRAS E IM\u00c1GENES<span style=\"font-weight: 400;\">. \/ Juan Rulfo ; M\u00e9xico, D.F. : Ediciones RM, 2002. 173 pages : includes photos ; 27 cm. ISBN : 9685208050.<\/span><\/p>\n","protected":false},"featured_media":347,"template":"","meta":{"_acf_changed":false,"inline_featured_image":false},"product_brand":[],"product_cat":[386,165],"product_tag":[3677,4043,3657,4398,3594],"class_list":{"0":"post-348","1":"product","2":"type-product","3":"status-publish","4":"has-post-thumbnail","6":"product_cat-arqueologia","7":"product_cat-fotografia-arte","8":"product_tag-arquitectura-antigua","9":"product_tag-fotografia","10":"product_tag-historia","11":"product_tag-historia-mexico","12":"product_tag-mexico","14":"first","15":"outofstock","16":"sale","17":"taxable","18":"shipping-taxable","19":"purchasable","20":"product-type-simple"},"acf":[],"yoast_head":"<!-- This site is optimized with the Yoast SEO plugin v27.3 - https:\/\/yoast.com\/product\/yoast-seo-wordpress\/ -->\n<title>Juan Rulfo: Letras e im\u00e1genes<\/title>\n<meta name=\"description\" content=\"JUAN RULFO : LETRAS E IM\u00c1GENES. \/ Juan Rulfo ; M\u00e9xico, D.F. : Ediciones RM, 2002. 173 pages : includes photos ; 27 cm. ISBN : 9685208050.\" \/>\n<meta name=\"robots\" content=\"index, follow, max-snippet:-1, max-image-preview:large, max-video-preview:-1\" \/>\n<link rel=\"canonical\" href=\"https:\/\/booksfrommexico.com\/es\/producto\/juan-rulfo-letras-e-imagenes\/\" \/>\n<meta property=\"og:locale\" content=\"es_ES\" \/>\n<meta property=\"og:type\" content=\"article\" \/>\n<meta property=\"og:title\" content=\"Juan Rulfo: Letras e im\u00e1genes\" \/>\n<meta property=\"og:description\" content=\"JUAN RULFO : LETRAS E IM\u00c1GENES. \/ Juan Rulfo ; M\u00e9xico, D.F. : Ediciones RM, 2002. 173 pages : includes photos ; 27 cm. ISBN : 9685208050.\" \/>\n<meta property=\"og:url\" content=\"https:\/\/booksfrommexico.com\/es\/producto\/juan-rulfo-letras-e-imagenes\/\" \/>\n<meta property=\"og:site_name\" content=\"Books From Mexico\" \/>\n<meta property=\"article:modified_time\" content=\"2025-02-25T21:48:11+00:00\" \/>\n<meta property=\"og:image\" content=\"http:\/\/booksfrommexico.com\/app\/uploads\/2023\/05\/116422.jpeg\" \/>\n\t<meta property=\"og:image:width\" content=\"603\" \/>\n\t<meta property=\"og:image:height\" content=\"742\" \/>\n\t<meta property=\"og:image:type\" content=\"image\/jpeg\" \/>\n<meta name=\"twitter:card\" content=\"summary_large_image\" \/>\n<meta name=\"twitter:label1\" content=\"Tiempo de lectura\" \/>\n\t<meta name=\"twitter:data1\" content=\"1 minuto\" \/>\n<script type=\"application\/ld+json\" class=\"yoast-schema-graph\">{\"@context\":\"https:\\\/\\\/schema.org\",\"@graph\":[{\"@type\":\"WebPage\",\"@id\":\"https:\\\/\\\/booksfrommexico.com\\\/es\\\/producto\\\/juan-rulfo-letras-e-imagenes\\\/\",\"url\":\"https:\\\/\\\/booksfrommexico.com\\\/es\\\/producto\\\/juan-rulfo-letras-e-imagenes\\\/\",\"name\":\"Juan Rulfo: Letras e im\u00e1genes\",\"isPartOf\":{\"@id\":\"https:\\\/\\\/booksfrommexico.com\\\/#website\"},\"primaryImageOfPage\":{\"@id\":\"https:\\\/\\\/booksfrommexico.com\\\/es\\\/producto\\\/juan-rulfo-letras-e-imagenes\\\/#primaryimage\"},\"image\":{\"@id\":\"https:\\\/\\\/booksfrommexico.com\\\/es\\\/producto\\\/juan-rulfo-letras-e-imagenes\\\/#primaryimage\"},\"thumbnailUrl\":\"https:\\\/\\\/booksfrommexico.com\\\/app\\\/uploads\\\/2023\\\/05\\\/116422.jpeg\",\"datePublished\":\"2023-05-08T17:01:08+00:00\",\"dateModified\":\"2025-02-25T21:48:11+00:00\",\"description\":\"JUAN RULFO : LETRAS E IM\u00c1GENES. \\\/ Juan Rulfo ; M\u00e9xico, D.F. : Ediciones RM, 2002. 173 pages : includes photos ; 27 cm. ISBN : 9685208050.\",\"breadcrumb\":{\"@id\":\"https:\\\/\\\/booksfrommexico.com\\\/es\\\/producto\\\/juan-rulfo-letras-e-imagenes\\\/#breadcrumb\"},\"inLanguage\":\"es\",\"potentialAction\":[{\"@type\":\"ReadAction\",\"target\":[\"https:\\\/\\\/booksfrommexico.com\\\/es\\\/producto\\\/juan-rulfo-letras-e-imagenes\\\/\"]}]},{\"@type\":\"ImageObject\",\"inLanguage\":\"es\",\"@id\":\"https:\\\/\\\/booksfrommexico.com\\\/es\\\/producto\\\/juan-rulfo-letras-e-imagenes\\\/#primaryimage\",\"url\":\"https:\\\/\\\/booksfrommexico.com\\\/app\\\/uploads\\\/2023\\\/05\\\/116422.jpeg\",\"contentUrl\":\"https:\\\/\\\/booksfrommexico.com\\\/app\\\/uploads\\\/2023\\\/05\\\/116422.jpeg\",\"width\":603,\"height\":742},{\"@type\":\"BreadcrumbList\",\"@id\":\"https:\\\/\\\/booksfrommexico.com\\\/es\\\/producto\\\/juan-rulfo-letras-e-imagenes\\\/#breadcrumb\",\"itemListElement\":[{\"@type\":\"ListItem\",\"position\":1,\"name\":\"Home\",\"item\":\"https:\\\/\\\/booksfrommexico.com\\\/es\\\/\"},{\"@type\":\"ListItem\",\"position\":2,\"name\":\"Libros\",\"item\":\"https:\\\/\\\/booksfrommexico.com\\\/es\\\/libros\\\/\"},{\"@type\":\"ListItem\",\"position\":3,\"name\":\"Juan Rulfo: Letras e im\u00e1genes\"}]},{\"@type\":\"WebSite\",\"@id\":\"https:\\\/\\\/booksfrommexico.com\\\/#website\",\"url\":\"https:\\\/\\\/booksfrommexico.com\\\/\",\"name\":\"Books From Mexico\",\"description\":\"\",\"publisher\":{\"@id\":\"https:\\\/\\\/booksfrommexico.com\\\/#organization\"},\"potentialAction\":[{\"@type\":\"SearchAction\",\"target\":{\"@type\":\"EntryPoint\",\"urlTemplate\":\"https:\\\/\\\/booksfrommexico.com\\\/?s={search_term_string}\"},\"query-input\":{\"@type\":\"PropertyValueSpecification\",\"valueRequired\":true,\"valueName\":\"search_term_string\"}}],\"inLanguage\":\"es\"},{\"@type\":\"Organization\",\"@id\":\"https:\\\/\\\/booksfrommexico.com\\\/#organization\",\"name\":\"Books From Mexico\",\"url\":\"https:\\\/\\\/booksfrommexico.com\\\/\",\"logo\":{\"@type\":\"ImageObject\",\"inLanguage\":\"es\",\"@id\":\"https:\\\/\\\/booksfrommexico.com\\\/#\\\/schema\\\/logo\\\/image\\\/\",\"url\":\"https:\\\/\\\/booksfrommexico.com\\\/app\\\/uploads\\\/2023\\\/05\\\/logo-booksfrommexico.svg\",\"contentUrl\":\"https:\\\/\\\/booksfrommexico.com\\\/app\\\/uploads\\\/2023\\\/05\\\/logo-booksfrommexico.svg\",\"width\":86,\"height\":56,\"caption\":\"Books From Mexico\"},\"image\":{\"@id\":\"https:\\\/\\\/booksfrommexico.com\\\/#\\\/schema\\\/logo\\\/image\\\/\"}}]}<\/script>\n<!-- \/ Yoast SEO plugin. -->","yoast_head_json":{"title":"Juan Rulfo: Letras e im\u00e1genes","description":"JUAN RULFO : LETRAS E IM\u00c1GENES. \/ Juan Rulfo ; M\u00e9xico, D.F. : Ediciones RM, 2002. 173 pages : includes photos ; 27 cm. ISBN : 9685208050.","robots":{"index":"index","follow":"follow","max-snippet":"max-snippet:-1","max-image-preview":"max-image-preview:large","max-video-preview":"max-video-preview:-1"},"canonical":"https:\/\/booksfrommexico.com\/es\/producto\/juan-rulfo-letras-e-imagenes\/","og_locale":"es_ES","og_type":"article","og_title":"Juan Rulfo: Letras e im\u00e1genes","og_description":"JUAN RULFO : LETRAS E IM\u00c1GENES. \/ Juan Rulfo ; M\u00e9xico, D.F. : Ediciones RM, 2002. 173 pages : includes photos ; 27 cm. ISBN : 9685208050.","og_url":"https:\/\/booksfrommexico.com\/es\/producto\/juan-rulfo-letras-e-imagenes\/","og_site_name":"Books From Mexico","article_modified_time":"2025-02-25T21:48:11+00:00","og_image":[{"width":603,"height":742,"url":"http:\/\/booksfrommexico.com\/app\/uploads\/2023\/05\/116422.jpeg","type":"image\/jpeg"}],"twitter_card":"summary_large_image","twitter_misc":{"Tiempo de lectura":"1 minuto"},"schema":{"@context":"https:\/\/schema.org","@graph":[{"@type":"WebPage","@id":"https:\/\/booksfrommexico.com\/es\/producto\/juan-rulfo-letras-e-imagenes\/","url":"https:\/\/booksfrommexico.com\/es\/producto\/juan-rulfo-letras-e-imagenes\/","name":"Juan Rulfo: Letras e im\u00e1genes","isPartOf":{"@id":"https:\/\/booksfrommexico.com\/#website"},"primaryImageOfPage":{"@id":"https:\/\/booksfrommexico.com\/es\/producto\/juan-rulfo-letras-e-imagenes\/#primaryimage"},"image":{"@id":"https:\/\/booksfrommexico.com\/es\/producto\/juan-rulfo-letras-e-imagenes\/#primaryimage"},"thumbnailUrl":"https:\/\/booksfrommexico.com\/app\/uploads\/2023\/05\/116422.jpeg","datePublished":"2023-05-08T17:01:08+00:00","dateModified":"2025-02-25T21:48:11+00:00","description":"JUAN RULFO : LETRAS E IM\u00c1GENES. \/ Juan Rulfo ; M\u00e9xico, D.F. : Ediciones RM, 2002. 173 pages : includes photos ; 27 cm. ISBN : 9685208050.","breadcrumb":{"@id":"https:\/\/booksfrommexico.com\/es\/producto\/juan-rulfo-letras-e-imagenes\/#breadcrumb"},"inLanguage":"es","potentialAction":[{"@type":"ReadAction","target":["https:\/\/booksfrommexico.com\/es\/producto\/juan-rulfo-letras-e-imagenes\/"]}]},{"@type":"ImageObject","inLanguage":"es","@id":"https:\/\/booksfrommexico.com\/es\/producto\/juan-rulfo-letras-e-imagenes\/#primaryimage","url":"https:\/\/booksfrommexico.com\/app\/uploads\/2023\/05\/116422.jpeg","contentUrl":"https:\/\/booksfrommexico.com\/app\/uploads\/2023\/05\/116422.jpeg","width":603,"height":742},{"@type":"BreadcrumbList","@id":"https:\/\/booksfrommexico.com\/es\/producto\/juan-rulfo-letras-e-imagenes\/#breadcrumb","itemListElement":[{"@type":"ListItem","position":1,"name":"Home","item":"https:\/\/booksfrommexico.com\/es\/"},{"@type":"ListItem","position":2,"name":"Libros","item":"https:\/\/booksfrommexico.com\/es\/libros\/"},{"@type":"ListItem","position":3,"name":"Juan Rulfo: Letras e im\u00e1genes"}]},{"@type":"WebSite","@id":"https:\/\/booksfrommexico.com\/#website","url":"https:\/\/booksfrommexico.com\/","name":"Books From Mexico","description":"","publisher":{"@id":"https:\/\/booksfrommexico.com\/#organization"},"potentialAction":[{"@type":"SearchAction","target":{"@type":"EntryPoint","urlTemplate":"https:\/\/booksfrommexico.com\/?s={search_term_string}"},"query-input":{"@type":"PropertyValueSpecification","valueRequired":true,"valueName":"search_term_string"}}],"inLanguage":"es"},{"@type":"Organization","@id":"https:\/\/booksfrommexico.com\/#organization","name":"Books From Mexico","url":"https:\/\/booksfrommexico.com\/","logo":{"@type":"ImageObject","inLanguage":"es","@id":"https:\/\/booksfrommexico.com\/#\/schema\/logo\/image\/","url":"https:\/\/booksfrommexico.com\/app\/uploads\/2023\/05\/logo-booksfrommexico.svg","contentUrl":"https:\/\/booksfrommexico.com\/app\/uploads\/2023\/05\/logo-booksfrommexico.svg","width":86,"height":56,"caption":"Books From Mexico"},"image":{"@id":"https:\/\/booksfrommexico.com\/#\/schema\/logo\/image\/"}}]}},"_links":{"self":[{"href":"https:\/\/booksfrommexico.com\/es\/wp-json\/wp\/v2\/product\/348","targetHints":{"allow":["GET"]}}],"collection":[{"href":"https:\/\/booksfrommexico.com\/es\/wp-json\/wp\/v2\/product"}],"about":[{"href":"https:\/\/booksfrommexico.com\/es\/wp-json\/wp\/v2\/types\/product"}],"wp:featuredmedia":[{"embeddable":true,"href":"https:\/\/booksfrommexico.com\/es\/wp-json\/wp\/v2\/media\/347"}],"wp:attachment":[{"href":"https:\/\/booksfrommexico.com\/es\/wp-json\/wp\/v2\/media?parent=348"}],"wp:term":[{"taxonomy":"product_brand","embeddable":true,"href":"https:\/\/booksfrommexico.com\/es\/wp-json\/wp\/v2\/product_brand?post=348"},{"taxonomy":"product_cat","embeddable":true,"href":"https:\/\/booksfrommexico.com\/es\/wp-json\/wp\/v2\/product_cat?post=348"},{"taxonomy":"product_tag","embeddable":true,"href":"https:\/\/booksfrommexico.com\/es\/wp-json\/wp\/v2\/product_tag?post=348"}],"curies":[{"name":"wp","href":"https:\/\/api.w.org\/{rel}","templated":true}]}}