{"id":350,"date":"2023-05-08T17:01:10","date_gmt":"2023-05-08T17:01:10","guid":{"rendered":"http:\/\/booksfrommexico.com\/product\/la-restauracion-de-la-ceramica-olmeca-de-san-lorenzo-tenochtitlan-veracruz-teoria-y-practica\/"},"modified":"2024-10-10T23:45:00","modified_gmt":"2024-10-10T23:45:00","slug":"la-restauracion-de-la-ceramica-olmeca-de-san-lorenzo-tenochtitlan-veracruz-teoria-y-practica","status":"publish","type":"product","link":"https:\/\/booksfrommexico.com\/es\/producto\/la-restauracion-de-la-ceramica-olmeca-de-san-lorenzo-tenochtitlan-veracruz-teoria-y-practica\/","title":{"rendered":"La restauraci\u00f3n de la cer\u00e1mica Olmeca de San Lorenzo Tenochtitl\u00e1n, Veracruz: Teor\u00eda y pr\u00e1ctica"},"content":{"rendered":"<p><span style=\"font-weight: 400;\">La cultura olmeca, mejor conocida por sus impresionantes esculturas en piedra, destaca en Mesoam\u00e9rica por su temprano desarrollo como civilizaci\u00f3n pr\u00edstina, llegando a ser reconocida como \u201cla cultura madre\u201d. En este t\u00edtulo se estudia la restauraci\u00f3n de las cer\u00e1micas precl\u00e1sicas de los sitios arqueol\u00f3gicos de San Lorenzo y Loma del Zapote, pertenecientes a la regi\u00f3n \u201cSan Lorenzo Tenochtitl\u00e1n\u201d, siendo un estudio destacado porque se examinan las causas del deterioro de muchas piezas y se implementan soluciones adecuadas. Aqu\u00ed se pueden encontrar fotograf\u00edas a color de las cer\u00e1micas, acompa\u00f1adas por un an\u00e1lisis de su estado de conservaci\u00f3n, proporcionando contexto sobre su cronolog\u00eda.<\/span><\/p>\n","protected":false},"excerpt":{"rendered":"<p>LA RESTAURACI\u00d3N DE LA CER\u00c1MICA OLMECA DE SAN LORENZO TENOCHTITL\u00c1N, VERACRUZ : TEOR\u00cdA Y PR\u00c1CTICA<span style=\"font-weight: 400;\">. \/ Adriana Cruz Lara Silva, Ma. Eugenia Guevara Mu\u00f1os. M\u00e9xico, D.F. : Universidad Nacional Aut\u00f3noma de M\u00e9xico , Instituto de Investigaciones Antropol\u00f3gicas , Direcci\u00f3n General de Asuntos del Personal Acad\u00e9mico ; Consejo Nacional para la Cultura y las Artes , Instituto Nacional de Antropolog\u00eda e Historia, 2002. 130 pages : includes map, illustrations, color photos, bibliography ; 28 cm. (Serie San Lorenzo). ISBN : 968369808.<\/span><\/p>\n","protected":false},"featured_media":349,"template":"","meta":{"_acf_changed":false,"inline_featured_image":false},"product_brand":[],"product_cat":[386],"product_tag":[3777,4009,4398,4007,4475,3748],"class_list":{"0":"post-350","1":"product","2":"type-product","3":"status-publish","4":"has-post-thumbnail","6":"product_cat-arqueologia","7":"product_tag-arte-indigena","8":"product_tag-conservacion-y-restauracion","9":"product_tag-historia-mexico","10":"product_tag-olmecas","11":"product_tag-restos-arqueologicos","12":"product_tag-veracruz-mexico","14":"first","15":"instock","16":"sale","17":"taxable","18":"shipping-taxable","19":"purchasable","20":"product-type-simple"},"acf":[],"yoast_head":"<!-- This site is optimized with the Yoast SEO plugin v27.3 - https:\/\/yoast.com\/product\/yoast-seo-wordpress\/ -->\n<title>La restauraci\u00f3n de cer\u00e1mica Olmeca de San Lorenzo Tenochtitl\u00e1n<\/title>\n<meta name=\"description\" content=\"LA RESTAURACI\u00d3N DE LA CER\u00c1MICA OLMECA DE SAN LORENZO TENOCHTITL\u00c1N, VERACRUZ : TEOR\u00cdA Y PR\u00c1CTICA. \/ Adriana Cruz Lara Silva, Ma. Eugenia Guevara Mu\u00f1os. 2002.\" \/>\n<meta name=\"robots\" content=\"index, follow, max-snippet:-1, max-image-preview:large, max-video-preview:-1\" \/>\n<link rel=\"canonical\" href=\"https:\/\/booksfrommexico.com\/es\/producto\/la-restauracion-de-la-ceramica-olmeca-de-san-lorenzo-tenochtitlan-veracruz-teoria-y-practica\/\" \/>\n<meta property=\"og:locale\" content=\"es_ES\" \/>\n<meta property=\"og:type\" content=\"article\" \/>\n<meta property=\"og:title\" content=\"La restauraci\u00f3n de cer\u00e1mica Olmeca de San Lorenzo Tenochtitl\u00e1n\" \/>\n<meta property=\"og:description\" content=\"LA RESTAURACI\u00d3N DE LA CER\u00c1MICA OLMECA DE SAN LORENZO TENOCHTITL\u00c1N, VERACRUZ : TEOR\u00cdA Y PR\u00c1CTICA. \/ Adriana Cruz Lara Silva, Ma. Eugenia Guevara Mu\u00f1os. 2002.\" \/>\n<meta property=\"og:url\" content=\"https:\/\/booksfrommexico.com\/es\/producto\/la-restauracion-de-la-ceramica-olmeca-de-san-lorenzo-tenochtitlan-veracruz-teoria-y-practica\/\" \/>\n<meta property=\"og:site_name\" content=\"Books From Mexico\" \/>\n<meta property=\"article:modified_time\" content=\"2024-10-10T23:45:00+00:00\" \/>\n<meta property=\"og:image\" content=\"http:\/\/booksfrommexico.com\/app\/uploads\/2023\/05\/116849.jpeg\" \/>\n\t<meta property=\"og:image:width\" content=\"618\" \/>\n\t<meta property=\"og:image:height\" content=\"863\" \/>\n\t<meta property=\"og:image:type\" content=\"image\/jpeg\" \/>\n<meta name=\"twitter:card\" content=\"summary_large_image\" \/>\n<meta name=\"twitter:label1\" content=\"Tiempo de lectura\" \/>\n\t<meta name=\"twitter:data1\" content=\"1 minuto\" \/>\n<script type=\"application\/ld+json\" class=\"yoast-schema-graph\">{\"@context\":\"https:\\\/\\\/schema.org\",\"@graph\":[{\"@type\":\"WebPage\",\"@id\":\"https:\\\/\\\/booksfrommexico.com\\\/es\\\/producto\\\/la-restauracion-de-la-ceramica-olmeca-de-san-lorenzo-tenochtitlan-veracruz-teoria-y-practica\\\/\",\"url\":\"https:\\\/\\\/booksfrommexico.com\\\/es\\\/producto\\\/la-restauracion-de-la-ceramica-olmeca-de-san-lorenzo-tenochtitlan-veracruz-teoria-y-practica\\\/\",\"name\":\"La restauraci\u00f3n de cer\u00e1mica Olmeca de San Lorenzo Tenochtitl\u00e1n\",\"isPartOf\":{\"@id\":\"https:\\\/\\\/booksfrommexico.com\\\/#website\"},\"primaryImageOfPage\":{\"@id\":\"https:\\\/\\\/booksfrommexico.com\\\/es\\\/producto\\\/la-restauracion-de-la-ceramica-olmeca-de-san-lorenzo-tenochtitlan-veracruz-teoria-y-practica\\\/#primaryimage\"},\"image\":{\"@id\":\"https:\\\/\\\/booksfrommexico.com\\\/es\\\/producto\\\/la-restauracion-de-la-ceramica-olmeca-de-san-lorenzo-tenochtitlan-veracruz-teoria-y-practica\\\/#primaryimage\"},\"thumbnailUrl\":\"https:\\\/\\\/booksfrommexico.com\\\/app\\\/uploads\\\/2023\\\/05\\\/116849.jpeg\",\"datePublished\":\"2023-05-08T17:01:10+00:00\",\"dateModified\":\"2024-10-10T23:45:00+00:00\",\"description\":\"LA RESTAURACI\u00d3N DE LA CER\u00c1MICA OLMECA DE SAN LORENZO TENOCHTITL\u00c1N, VERACRUZ : TEOR\u00cdA Y PR\u00c1CTICA. \\\/ Adriana Cruz Lara Silva, Ma. Eugenia Guevara Mu\u00f1os. 2002.\",\"breadcrumb\":{\"@id\":\"https:\\\/\\\/booksfrommexico.com\\\/es\\\/producto\\\/la-restauracion-de-la-ceramica-olmeca-de-san-lorenzo-tenochtitlan-veracruz-teoria-y-practica\\\/#breadcrumb\"},\"inLanguage\":\"es\",\"potentialAction\":[{\"@type\":\"ReadAction\",\"target\":[\"https:\\\/\\\/booksfrommexico.com\\\/es\\\/producto\\\/la-restauracion-de-la-ceramica-olmeca-de-san-lorenzo-tenochtitlan-veracruz-teoria-y-practica\\\/\"]}]},{\"@type\":\"ImageObject\",\"inLanguage\":\"es\",\"@id\":\"https:\\\/\\\/booksfrommexico.com\\\/es\\\/producto\\\/la-restauracion-de-la-ceramica-olmeca-de-san-lorenzo-tenochtitlan-veracruz-teoria-y-practica\\\/#primaryimage\",\"url\":\"https:\\\/\\\/booksfrommexico.com\\\/app\\\/uploads\\\/2023\\\/05\\\/116849.jpeg\",\"contentUrl\":\"https:\\\/\\\/booksfrommexico.com\\\/app\\\/uploads\\\/2023\\\/05\\\/116849.jpeg\",\"width\":618,\"height\":863},{\"@type\":\"BreadcrumbList\",\"@id\":\"https:\\\/\\\/booksfrommexico.com\\\/es\\\/producto\\\/la-restauracion-de-la-ceramica-olmeca-de-san-lorenzo-tenochtitlan-veracruz-teoria-y-practica\\\/#breadcrumb\",\"itemListElement\":[{\"@type\":\"ListItem\",\"position\":1,\"name\":\"Home\",\"item\":\"https:\\\/\\\/booksfrommexico.com\\\/es\\\/\"},{\"@type\":\"ListItem\",\"position\":2,\"name\":\"Libros\",\"item\":\"https:\\\/\\\/booksfrommexico.com\\\/es\\\/libros\\\/\"},{\"@type\":\"ListItem\",\"position\":3,\"name\":\"La restauraci\u00f3n de la cer\u00e1mica Olmeca de San Lorenzo Tenochtitl\u00e1n, Veracruz: Teor\u00eda y pr\u00e1ctica\"}]},{\"@type\":\"WebSite\",\"@id\":\"https:\\\/\\\/booksfrommexico.com\\\/#website\",\"url\":\"https:\\\/\\\/booksfrommexico.com\\\/\",\"name\":\"Books From Mexico\",\"description\":\"\",\"publisher\":{\"@id\":\"https:\\\/\\\/booksfrommexico.com\\\/#organization\"},\"potentialAction\":[{\"@type\":\"SearchAction\",\"target\":{\"@type\":\"EntryPoint\",\"urlTemplate\":\"https:\\\/\\\/booksfrommexico.com\\\/?s={search_term_string}\"},\"query-input\":{\"@type\":\"PropertyValueSpecification\",\"valueRequired\":true,\"valueName\":\"search_term_string\"}}],\"inLanguage\":\"es\"},{\"@type\":\"Organization\",\"@id\":\"https:\\\/\\\/booksfrommexico.com\\\/#organization\",\"name\":\"Books From Mexico\",\"url\":\"https:\\\/\\\/booksfrommexico.com\\\/\",\"logo\":{\"@type\":\"ImageObject\",\"inLanguage\":\"es\",\"@id\":\"https:\\\/\\\/booksfrommexico.com\\\/#\\\/schema\\\/logo\\\/image\\\/\",\"url\":\"https:\\\/\\\/booksfrommexico.com\\\/app\\\/uploads\\\/2023\\\/05\\\/logo-booksfrommexico.svg\",\"contentUrl\":\"https:\\\/\\\/booksfrommexico.com\\\/app\\\/uploads\\\/2023\\\/05\\\/logo-booksfrommexico.svg\",\"width\":86,\"height\":56,\"caption\":\"Books From Mexico\"},\"image\":{\"@id\":\"https:\\\/\\\/booksfrommexico.com\\\/#\\\/schema\\\/logo\\\/image\\\/\"}}]}<\/script>\n<!-- \/ Yoast SEO plugin. -->","yoast_head_json":{"title":"La restauraci\u00f3n de cer\u00e1mica Olmeca de San Lorenzo Tenochtitl\u00e1n","description":"LA RESTAURACI\u00d3N DE LA CER\u00c1MICA OLMECA DE SAN LORENZO TENOCHTITL\u00c1N, VERACRUZ : TEOR\u00cdA Y PR\u00c1CTICA. \/ Adriana Cruz Lara Silva, Ma. Eugenia Guevara Mu\u00f1os. 2002.","robots":{"index":"index","follow":"follow","max-snippet":"max-snippet:-1","max-image-preview":"max-image-preview:large","max-video-preview":"max-video-preview:-1"},"canonical":"https:\/\/booksfrommexico.com\/es\/producto\/la-restauracion-de-la-ceramica-olmeca-de-san-lorenzo-tenochtitlan-veracruz-teoria-y-practica\/","og_locale":"es_ES","og_type":"article","og_title":"La restauraci\u00f3n de cer\u00e1mica Olmeca de San Lorenzo Tenochtitl\u00e1n","og_description":"LA RESTAURACI\u00d3N DE LA CER\u00c1MICA OLMECA DE SAN LORENZO TENOCHTITL\u00c1N, VERACRUZ : TEOR\u00cdA Y PR\u00c1CTICA. \/ Adriana Cruz Lara Silva, Ma. Eugenia Guevara Mu\u00f1os. 2002.","og_url":"https:\/\/booksfrommexico.com\/es\/producto\/la-restauracion-de-la-ceramica-olmeca-de-san-lorenzo-tenochtitlan-veracruz-teoria-y-practica\/","og_site_name":"Books From Mexico","article_modified_time":"2024-10-10T23:45:00+00:00","og_image":[{"width":618,"height":863,"url":"http:\/\/booksfrommexico.com\/app\/uploads\/2023\/05\/116849.jpeg","type":"image\/jpeg"}],"twitter_card":"summary_large_image","twitter_misc":{"Tiempo de lectura":"1 minuto"},"schema":{"@context":"https:\/\/schema.org","@graph":[{"@type":"WebPage","@id":"https:\/\/booksfrommexico.com\/es\/producto\/la-restauracion-de-la-ceramica-olmeca-de-san-lorenzo-tenochtitlan-veracruz-teoria-y-practica\/","url":"https:\/\/booksfrommexico.com\/es\/producto\/la-restauracion-de-la-ceramica-olmeca-de-san-lorenzo-tenochtitlan-veracruz-teoria-y-practica\/","name":"La restauraci\u00f3n de cer\u00e1mica Olmeca de San Lorenzo Tenochtitl\u00e1n","isPartOf":{"@id":"https:\/\/booksfrommexico.com\/#website"},"primaryImageOfPage":{"@id":"https:\/\/booksfrommexico.com\/es\/producto\/la-restauracion-de-la-ceramica-olmeca-de-san-lorenzo-tenochtitlan-veracruz-teoria-y-practica\/#primaryimage"},"image":{"@id":"https:\/\/booksfrommexico.com\/es\/producto\/la-restauracion-de-la-ceramica-olmeca-de-san-lorenzo-tenochtitlan-veracruz-teoria-y-practica\/#primaryimage"},"thumbnailUrl":"https:\/\/booksfrommexico.com\/app\/uploads\/2023\/05\/116849.jpeg","datePublished":"2023-05-08T17:01:10+00:00","dateModified":"2024-10-10T23:45:00+00:00","description":"LA RESTAURACI\u00d3N DE LA CER\u00c1MICA OLMECA DE SAN LORENZO TENOCHTITL\u00c1N, VERACRUZ : TEOR\u00cdA Y PR\u00c1CTICA. \/ Adriana Cruz Lara Silva, Ma. Eugenia Guevara Mu\u00f1os. 2002.","breadcrumb":{"@id":"https:\/\/booksfrommexico.com\/es\/producto\/la-restauracion-de-la-ceramica-olmeca-de-san-lorenzo-tenochtitlan-veracruz-teoria-y-practica\/#breadcrumb"},"inLanguage":"es","potentialAction":[{"@type":"ReadAction","target":["https:\/\/booksfrommexico.com\/es\/producto\/la-restauracion-de-la-ceramica-olmeca-de-san-lorenzo-tenochtitlan-veracruz-teoria-y-practica\/"]}]},{"@type":"ImageObject","inLanguage":"es","@id":"https:\/\/booksfrommexico.com\/es\/producto\/la-restauracion-de-la-ceramica-olmeca-de-san-lorenzo-tenochtitlan-veracruz-teoria-y-practica\/#primaryimage","url":"https:\/\/booksfrommexico.com\/app\/uploads\/2023\/05\/116849.jpeg","contentUrl":"https:\/\/booksfrommexico.com\/app\/uploads\/2023\/05\/116849.jpeg","width":618,"height":863},{"@type":"BreadcrumbList","@id":"https:\/\/booksfrommexico.com\/es\/producto\/la-restauracion-de-la-ceramica-olmeca-de-san-lorenzo-tenochtitlan-veracruz-teoria-y-practica\/#breadcrumb","itemListElement":[{"@type":"ListItem","position":1,"name":"Home","item":"https:\/\/booksfrommexico.com\/es\/"},{"@type":"ListItem","position":2,"name":"Libros","item":"https:\/\/booksfrommexico.com\/es\/libros\/"},{"@type":"ListItem","position":3,"name":"La restauraci\u00f3n de la cer\u00e1mica Olmeca de San Lorenzo Tenochtitl\u00e1n, Veracruz: Teor\u00eda y pr\u00e1ctica"}]},{"@type":"WebSite","@id":"https:\/\/booksfrommexico.com\/#website","url":"https:\/\/booksfrommexico.com\/","name":"Books From Mexico","description":"","publisher":{"@id":"https:\/\/booksfrommexico.com\/#organization"},"potentialAction":[{"@type":"SearchAction","target":{"@type":"EntryPoint","urlTemplate":"https:\/\/booksfrommexico.com\/?s={search_term_string}"},"query-input":{"@type":"PropertyValueSpecification","valueRequired":true,"valueName":"search_term_string"}}],"inLanguage":"es"},{"@type":"Organization","@id":"https:\/\/booksfrommexico.com\/#organization","name":"Books From Mexico","url":"https:\/\/booksfrommexico.com\/","logo":{"@type":"ImageObject","inLanguage":"es","@id":"https:\/\/booksfrommexico.com\/#\/schema\/logo\/image\/","url":"https:\/\/booksfrommexico.com\/app\/uploads\/2023\/05\/logo-booksfrommexico.svg","contentUrl":"https:\/\/booksfrommexico.com\/app\/uploads\/2023\/05\/logo-booksfrommexico.svg","width":86,"height":56,"caption":"Books From Mexico"},"image":{"@id":"https:\/\/booksfrommexico.com\/#\/schema\/logo\/image\/"}}]}},"_links":{"self":[{"href":"https:\/\/booksfrommexico.com\/es\/wp-json\/wp\/v2\/product\/350","targetHints":{"allow":["GET"]}}],"collection":[{"href":"https:\/\/booksfrommexico.com\/es\/wp-json\/wp\/v2\/product"}],"about":[{"href":"https:\/\/booksfrommexico.com\/es\/wp-json\/wp\/v2\/types\/product"}],"wp:featuredmedia":[{"embeddable":true,"href":"https:\/\/booksfrommexico.com\/es\/wp-json\/wp\/v2\/media\/349"}],"wp:attachment":[{"href":"https:\/\/booksfrommexico.com\/es\/wp-json\/wp\/v2\/media?parent=350"}],"wp:term":[{"taxonomy":"product_brand","embeddable":true,"href":"https:\/\/booksfrommexico.com\/es\/wp-json\/wp\/v2\/product_brand?post=350"},{"taxonomy":"product_cat","embeddable":true,"href":"https:\/\/booksfrommexico.com\/es\/wp-json\/wp\/v2\/product_cat?post=350"},{"taxonomy":"product_tag","embeddable":true,"href":"https:\/\/booksfrommexico.com\/es\/wp-json\/wp\/v2\/product_tag?post=350"}],"curies":[{"name":"wp","href":"https:\/\/api.w.org\/{rel}","templated":true}]}}