{"id":352,"date":"2023-05-08T17:01:12","date_gmt":"2023-05-08T17:01:12","guid":{"rendered":"http:\/\/booksfrommexico.com\/product\/miradas-convergentes\/"},"modified":"2024-10-28T20:27:21","modified_gmt":"2024-10-28T20:27:21","slug":"miradas-convergentes","status":"publish","type":"product","link":"https:\/\/booksfrommexico.com\/es\/producto\/miradas-convergentes\/","title":{"rendered":"Miradas convergentes"},"content":{"rendered":"<p><span style=\"font-weight: 400;\">Este t\u00edtulo contiene algunas de las im\u00e1genes m\u00e1s emblem\u00e1ticas del siglo XX, obra de tres figuras representativas de la fotograf\u00eda contempor\u00e1nea: Manuel \u00c1lvarez Bravo, Henri Cartier-Bresson y Walker Evans; quienes pese a ser de distintas nacionalidades coinciden en un momento preciso. Los textos que acompa\u00f1an a las im\u00e1genes\u00a0 proponen un an\u00e1lisis cr\u00edtico de las mismas, situ\u00e1ndolas en su contexto hist\u00f3rico y en el de sus vastas resonancias universales. Esta obra fue publicada en consonancia con la exposici\u00f3n del Museo del Palacio de Bellas Artes, que reconstruye libremente la muestra de la Julien Levy Gallery, en homenaje a \u00c1lvarez Braco.<\/span><\/p>\n","protected":false},"excerpt":{"rendered":"<p>MIRADAS CONVERGENTES<span style=\"font-weight: 400;\">. \/ \u00c1lvarez Bravo, Cartier Bresson, Walker Evans (photos) ; Mercedes Iturbe, Roberto Tejada (texts). M\u00e9xico, D.F. : Ediciones RM, 2003. 63 pages : includes photos, bibliographic notes ; 35 cm. ISBN : 9685208204. <\/span><\/p>\n","protected":false},"featured_media":351,"template":"","meta":{"_acf_changed":false,"inline_featured_image":false},"product_brand":[],"product_cat":[87,400,165],"product_tag":[4044,4043,4541,3649,3608],"class_list":{"0":"post-352","1":"product","2":"type-product","3":"status-publish","4":"has-post-thumbnail","6":"product_cat-arte","7":"product_cat-catalogos-de-exposiciones-arte","8":"product_cat-fotografia-arte","9":"product_tag-arte","10":"product_tag-fotografia","11":"product_tag-historia-y-sociedad","12":"product_tag-siglo-xx","13":"product_tag-vida-social-y-costumbres","15":"first","16":"instock","17":"sale","18":"taxable","19":"shipping-taxable","20":"purchasable","21":"product-type-simple"},"acf":[],"yoast_head":"<!-- This site is optimized with the Yoast SEO plugin v27.3 - https:\/\/yoast.com\/product\/yoast-seo-wordpress\/ -->\n<title>Miradas convergentes<\/title>\n<meta name=\"description\" content=\"MIRADAS CONVERGENTES. \/ \u00c1lvarez Bravo, Cartier Bresson, Walker Evans (photos) ; Mercedes Iturbe, Roberto Tejada (texts). M\u00e9xico, D.F. : Ediciones RM, 2003.\" \/>\n<meta name=\"robots\" content=\"index, follow, max-snippet:-1, max-image-preview:large, max-video-preview:-1\" \/>\n<link rel=\"canonical\" href=\"https:\/\/booksfrommexico.com\/es\/producto\/miradas-convergentes\/\" \/>\n<meta property=\"og:locale\" content=\"es_ES\" \/>\n<meta property=\"og:type\" content=\"article\" \/>\n<meta property=\"og:title\" content=\"Miradas convergentes\" \/>\n<meta property=\"og:description\" content=\"MIRADAS CONVERGENTES. \/ \u00c1lvarez Bravo, Cartier Bresson, Walker Evans (photos) ; Mercedes Iturbe, Roberto Tejada (texts). M\u00e9xico, D.F. : Ediciones RM, 2003.\" \/>\n<meta property=\"og:url\" content=\"https:\/\/booksfrommexico.com\/es\/producto\/miradas-convergentes\/\" \/>\n<meta property=\"og:site_name\" content=\"Books From Mexico\" \/>\n<meta property=\"article:modified_time\" content=\"2024-10-28T20:27:21+00:00\" \/>\n<meta property=\"og:image\" content=\"http:\/\/booksfrommexico.com\/app\/uploads\/2023\/05\/117119.jpeg\" \/>\n\t<meta property=\"og:image:width\" content=\"618\" \/>\n\t<meta property=\"og:image:height\" content=\"863\" \/>\n\t<meta property=\"og:image:type\" content=\"image\/jpeg\" \/>\n<meta name=\"twitter:card\" content=\"summary_large_image\" \/>\n<meta name=\"twitter:label1\" content=\"Tiempo de lectura\" \/>\n\t<meta name=\"twitter:data1\" content=\"1 minuto\" \/>\n<script type=\"application\/ld+json\" class=\"yoast-schema-graph\">{\"@context\":\"https:\\\/\\\/schema.org\",\"@graph\":[{\"@type\":\"WebPage\",\"@id\":\"https:\\\/\\\/booksfrommexico.com\\\/es\\\/producto\\\/miradas-convergentes\\\/\",\"url\":\"https:\\\/\\\/booksfrommexico.com\\\/es\\\/producto\\\/miradas-convergentes\\\/\",\"name\":\"Miradas convergentes\",\"isPartOf\":{\"@id\":\"https:\\\/\\\/booksfrommexico.com\\\/#website\"},\"primaryImageOfPage\":{\"@id\":\"https:\\\/\\\/booksfrommexico.com\\\/es\\\/producto\\\/miradas-convergentes\\\/#primaryimage\"},\"image\":{\"@id\":\"https:\\\/\\\/booksfrommexico.com\\\/es\\\/producto\\\/miradas-convergentes\\\/#primaryimage\"},\"thumbnailUrl\":\"https:\\\/\\\/booksfrommexico.com\\\/app\\\/uploads\\\/2023\\\/05\\\/117119.jpeg\",\"datePublished\":\"2023-05-08T17:01:12+00:00\",\"dateModified\":\"2024-10-28T20:27:21+00:00\",\"description\":\"MIRADAS CONVERGENTES. \\\/ \u00c1lvarez Bravo, Cartier Bresson, Walker Evans (photos) ; Mercedes Iturbe, Roberto Tejada (texts). M\u00e9xico, D.F. : Ediciones RM, 2003.\",\"breadcrumb\":{\"@id\":\"https:\\\/\\\/booksfrommexico.com\\\/es\\\/producto\\\/miradas-convergentes\\\/#breadcrumb\"},\"inLanguage\":\"es\",\"potentialAction\":[{\"@type\":\"ReadAction\",\"target\":[\"https:\\\/\\\/booksfrommexico.com\\\/es\\\/producto\\\/miradas-convergentes\\\/\"]}]},{\"@type\":\"ImageObject\",\"inLanguage\":\"es\",\"@id\":\"https:\\\/\\\/booksfrommexico.com\\\/es\\\/producto\\\/miradas-convergentes\\\/#primaryimage\",\"url\":\"https:\\\/\\\/booksfrommexico.com\\\/app\\\/uploads\\\/2023\\\/05\\\/117119.jpeg\",\"contentUrl\":\"https:\\\/\\\/booksfrommexico.com\\\/app\\\/uploads\\\/2023\\\/05\\\/117119.jpeg\",\"width\":618,\"height\":863},{\"@type\":\"BreadcrumbList\",\"@id\":\"https:\\\/\\\/booksfrommexico.com\\\/es\\\/producto\\\/miradas-convergentes\\\/#breadcrumb\",\"itemListElement\":[{\"@type\":\"ListItem\",\"position\":1,\"name\":\"Home\",\"item\":\"https:\\\/\\\/booksfrommexico.com\\\/es\\\/\"},{\"@type\":\"ListItem\",\"position\":2,\"name\":\"Libros\",\"item\":\"https:\\\/\\\/booksfrommexico.com\\\/es\\\/libros\\\/\"},{\"@type\":\"ListItem\",\"position\":3,\"name\":\"Miradas convergentes\"}]},{\"@type\":\"WebSite\",\"@id\":\"https:\\\/\\\/booksfrommexico.com\\\/#website\",\"url\":\"https:\\\/\\\/booksfrommexico.com\\\/\",\"name\":\"Books From Mexico\",\"description\":\"\",\"publisher\":{\"@id\":\"https:\\\/\\\/booksfrommexico.com\\\/#organization\"},\"potentialAction\":[{\"@type\":\"SearchAction\",\"target\":{\"@type\":\"EntryPoint\",\"urlTemplate\":\"https:\\\/\\\/booksfrommexico.com\\\/?s={search_term_string}\"},\"query-input\":{\"@type\":\"PropertyValueSpecification\",\"valueRequired\":true,\"valueName\":\"search_term_string\"}}],\"inLanguage\":\"es\"},{\"@type\":\"Organization\",\"@id\":\"https:\\\/\\\/booksfrommexico.com\\\/#organization\",\"name\":\"Books From Mexico\",\"url\":\"https:\\\/\\\/booksfrommexico.com\\\/\",\"logo\":{\"@type\":\"ImageObject\",\"inLanguage\":\"es\",\"@id\":\"https:\\\/\\\/booksfrommexico.com\\\/#\\\/schema\\\/logo\\\/image\\\/\",\"url\":\"https:\\\/\\\/booksfrommexico.com\\\/app\\\/uploads\\\/2023\\\/05\\\/logo-booksfrommexico.svg\",\"contentUrl\":\"https:\\\/\\\/booksfrommexico.com\\\/app\\\/uploads\\\/2023\\\/05\\\/logo-booksfrommexico.svg\",\"width\":86,\"height\":56,\"caption\":\"Books From Mexico\"},\"image\":{\"@id\":\"https:\\\/\\\/booksfrommexico.com\\\/#\\\/schema\\\/logo\\\/image\\\/\"}}]}<\/script>\n<!-- \/ Yoast SEO plugin. -->","yoast_head_json":{"title":"Miradas convergentes","description":"MIRADAS CONVERGENTES. \/ \u00c1lvarez Bravo, Cartier Bresson, Walker Evans (photos) ; Mercedes Iturbe, Roberto Tejada (texts). M\u00e9xico, D.F. : Ediciones RM, 2003.","robots":{"index":"index","follow":"follow","max-snippet":"max-snippet:-1","max-image-preview":"max-image-preview:large","max-video-preview":"max-video-preview:-1"},"canonical":"https:\/\/booksfrommexico.com\/es\/producto\/miradas-convergentes\/","og_locale":"es_ES","og_type":"article","og_title":"Miradas convergentes","og_description":"MIRADAS CONVERGENTES. \/ \u00c1lvarez Bravo, Cartier Bresson, Walker Evans (photos) ; Mercedes Iturbe, Roberto Tejada (texts). M\u00e9xico, D.F. : Ediciones RM, 2003.","og_url":"https:\/\/booksfrommexico.com\/es\/producto\/miradas-convergentes\/","og_site_name":"Books From Mexico","article_modified_time":"2024-10-28T20:27:21+00:00","og_image":[{"width":618,"height":863,"url":"http:\/\/booksfrommexico.com\/app\/uploads\/2023\/05\/117119.jpeg","type":"image\/jpeg"}],"twitter_card":"summary_large_image","twitter_misc":{"Tiempo de lectura":"1 minuto"},"schema":{"@context":"https:\/\/schema.org","@graph":[{"@type":"WebPage","@id":"https:\/\/booksfrommexico.com\/es\/producto\/miradas-convergentes\/","url":"https:\/\/booksfrommexico.com\/es\/producto\/miradas-convergentes\/","name":"Miradas convergentes","isPartOf":{"@id":"https:\/\/booksfrommexico.com\/#website"},"primaryImageOfPage":{"@id":"https:\/\/booksfrommexico.com\/es\/producto\/miradas-convergentes\/#primaryimage"},"image":{"@id":"https:\/\/booksfrommexico.com\/es\/producto\/miradas-convergentes\/#primaryimage"},"thumbnailUrl":"https:\/\/booksfrommexico.com\/app\/uploads\/2023\/05\/117119.jpeg","datePublished":"2023-05-08T17:01:12+00:00","dateModified":"2024-10-28T20:27:21+00:00","description":"MIRADAS CONVERGENTES. \/ \u00c1lvarez Bravo, Cartier Bresson, Walker Evans (photos) ; Mercedes Iturbe, Roberto Tejada (texts). M\u00e9xico, D.F. : Ediciones RM, 2003.","breadcrumb":{"@id":"https:\/\/booksfrommexico.com\/es\/producto\/miradas-convergentes\/#breadcrumb"},"inLanguage":"es","potentialAction":[{"@type":"ReadAction","target":["https:\/\/booksfrommexico.com\/es\/producto\/miradas-convergentes\/"]}]},{"@type":"ImageObject","inLanguage":"es","@id":"https:\/\/booksfrommexico.com\/es\/producto\/miradas-convergentes\/#primaryimage","url":"https:\/\/booksfrommexico.com\/app\/uploads\/2023\/05\/117119.jpeg","contentUrl":"https:\/\/booksfrommexico.com\/app\/uploads\/2023\/05\/117119.jpeg","width":618,"height":863},{"@type":"BreadcrumbList","@id":"https:\/\/booksfrommexico.com\/es\/producto\/miradas-convergentes\/#breadcrumb","itemListElement":[{"@type":"ListItem","position":1,"name":"Home","item":"https:\/\/booksfrommexico.com\/es\/"},{"@type":"ListItem","position":2,"name":"Libros","item":"https:\/\/booksfrommexico.com\/es\/libros\/"},{"@type":"ListItem","position":3,"name":"Miradas convergentes"}]},{"@type":"WebSite","@id":"https:\/\/booksfrommexico.com\/#website","url":"https:\/\/booksfrommexico.com\/","name":"Books From Mexico","description":"","publisher":{"@id":"https:\/\/booksfrommexico.com\/#organization"},"potentialAction":[{"@type":"SearchAction","target":{"@type":"EntryPoint","urlTemplate":"https:\/\/booksfrommexico.com\/?s={search_term_string}"},"query-input":{"@type":"PropertyValueSpecification","valueRequired":true,"valueName":"search_term_string"}}],"inLanguage":"es"},{"@type":"Organization","@id":"https:\/\/booksfrommexico.com\/#organization","name":"Books From Mexico","url":"https:\/\/booksfrommexico.com\/","logo":{"@type":"ImageObject","inLanguage":"es","@id":"https:\/\/booksfrommexico.com\/#\/schema\/logo\/image\/","url":"https:\/\/booksfrommexico.com\/app\/uploads\/2023\/05\/logo-booksfrommexico.svg","contentUrl":"https:\/\/booksfrommexico.com\/app\/uploads\/2023\/05\/logo-booksfrommexico.svg","width":86,"height":56,"caption":"Books From Mexico"},"image":{"@id":"https:\/\/booksfrommexico.com\/#\/schema\/logo\/image\/"}}]}},"_links":{"self":[{"href":"https:\/\/booksfrommexico.com\/es\/wp-json\/wp\/v2\/product\/352","targetHints":{"allow":["GET"]}}],"collection":[{"href":"https:\/\/booksfrommexico.com\/es\/wp-json\/wp\/v2\/product"}],"about":[{"href":"https:\/\/booksfrommexico.com\/es\/wp-json\/wp\/v2\/types\/product"}],"wp:featuredmedia":[{"embeddable":true,"href":"https:\/\/booksfrommexico.com\/es\/wp-json\/wp\/v2\/media\/351"}],"wp:attachment":[{"href":"https:\/\/booksfrommexico.com\/es\/wp-json\/wp\/v2\/media?parent=352"}],"wp:term":[{"taxonomy":"product_brand","embeddable":true,"href":"https:\/\/booksfrommexico.com\/es\/wp-json\/wp\/v2\/product_brand?post=352"},{"taxonomy":"product_cat","embeddable":true,"href":"https:\/\/booksfrommexico.com\/es\/wp-json\/wp\/v2\/product_cat?post=352"},{"taxonomy":"product_tag","embeddable":true,"href":"https:\/\/booksfrommexico.com\/es\/wp-json\/wp\/v2\/product_tag?post=352"}],"curies":[{"name":"wp","href":"https:\/\/api.w.org\/{rel}","templated":true}]}}