{"id":354,"date":"2023-05-08T17:01:13","date_gmt":"2023-05-08T17:01:13","guid":{"rendered":"http:\/\/booksfrommexico.com\/product\/teotihuacan-ceramics-chronology-and-cultural-trends\/"},"modified":"2024-12-07T05:32:29","modified_gmt":"2024-12-07T05:32:29","slug":"teotihuacan-ceramics-chronology-and-cultural-trends","status":"publish","type":"product","link":"https:\/\/booksfrommexico.com\/es\/producto\/teotihuacan-ceramics-chronology-and-cultural-trends\/","title":{"rendered":"Teotihuacan: Cer\u00e1mica, cronolog\u00eda y tendencias culturales"},"content":{"rendered":"<p><span style=\"font-weight: 400;\">El contar con una cronolog\u00eda s\u00f3lida para Teotihuac\u00e1n es indispensable no s\u00f3lo para entender c\u00f3mo creci\u00f3 y alcanz\u00f3 su preeminente posici\u00f3n, sino tambi\u00e9n para manejar la cronolog\u00eda de toda la Mesoam\u00e9rica civilizada. Los objetivos de este estudio son: establecer el orden cronol\u00f3gico relativo de las cer\u00e1micas de Teotihuac\u00e1n, presentar descripciones seguras y comprensibles de la alfarer\u00eda de los complejos cer\u00e1micos de cada una de las fases y, por \u00faltimo, integrar estos datos con otras evidencias de trabajos previos en el \u00e1rea, con el fin de ofrecer una visi\u00f3n general de los desarrollos regionales y mesoamericanos. Esta se trata de una edici\u00f3n biling\u00fce ingl\u00e9s-espa\u00f1ol.<\/span><\/p>\n","protected":false},"excerpt":{"rendered":"<p>TEOTIHUACAN : CER\u00c1MICA, CRONOLOG\u00cdA Y TENDENCIAS CULTURALES : CERAMICS, CHRONOLOGY AND CULTURAL TRENDS<span style=\"font-weight: 400;\">. \/ Evelyn Child Rattray. M\u00e9xico, D.F. : Consejo Nacional para la Cultura y las Artes , Instituto Nacional de Antropolog\u00eda e Historia ; Pensilvania, Estados Unidos : University of Pittsburgh, 2001. 617 pages : includes bibliographic notes, photos, illustrations, tables, maps, bibliography ; 28 cm. (Serie Arqueolog\u00eda de M\u00e9xico. ISBN : 970182511X.\u00a0<\/span><\/p>\n<p><br style=\"font-weight: 400;\" \/><br style=\"font-weight: 400;\" \/><\/p>\n","protected":false},"featured_media":353,"template":"","meta":{"_acf_changed":false,"inline_featured_image":false},"product_brand":[],"product_cat":[386],"product_tag":[4341,4262,4398,3587],"class_list":{"0":"post-354","1":"product","2":"type-product","3":"status-publish","4":"has-post-thumbnail","6":"product_cat-arqueologia","7":"product_tag-cultura","8":"product_tag-cultura-prehispanica","9":"product_tag-historia-mexico","10":"product_tag-prehispanico","12":"first","13":"outofstock","14":"sale","15":"taxable","16":"shipping-taxable","17":"purchasable","18":"product-type-simple"},"acf":[],"yoast_head":"<!-- This site is optimized with the Yoast SEO plugin v27.3 - https:\/\/yoast.com\/product\/yoast-seo-wordpress\/ -->\n<title>Teotihuacan: Cer\u00e1mica, cronolog\u00eda y tendencias culturales - Books From Mexico<\/title>\n<meta name=\"description\" content=\"TEOTIHUACAN : CER\u00c1MICA, CRONOLOG\u00cdA Y TENDENCIAS CULTURALES : CERAMICS, CHRONOLOGY AND CULTURAL TRENDS. \/ +Child Rattray. (Serie Arqueolog\u00eda de M\u00e9xico).\" \/>\n<meta name=\"robots\" content=\"index, follow, max-snippet:-1, max-image-preview:large, max-video-preview:-1\" \/>\n<link rel=\"canonical\" href=\"https:\/\/booksfrommexico.com\/es\/producto\/teotihuacan-ceramics-chronology-and-cultural-trends\/\" \/>\n<meta property=\"og:locale\" content=\"es_ES\" \/>\n<meta property=\"og:type\" content=\"article\" \/>\n<meta property=\"og:title\" content=\"Teotihuacan: Cer\u00e1mica, cronolog\u00eda y tendencias culturales - Books From Mexico\" \/>\n<meta property=\"og:description\" content=\"TEOTIHUACAN : CER\u00c1MICA, CRONOLOG\u00cdA Y TENDENCIAS CULTURALES : CERAMICS, CHRONOLOGY AND CULTURAL TRENDS. \/ +Child Rattray. (Serie Arqueolog\u00eda de M\u00e9xico).\" \/>\n<meta property=\"og:url\" content=\"https:\/\/booksfrommexico.com\/es\/producto\/teotihuacan-ceramics-chronology-and-cultural-trends\/\" \/>\n<meta property=\"og:site_name\" content=\"Books From Mexico\" \/>\n<meta property=\"article:modified_time\" content=\"2024-12-07T05:32:29+00:00\" \/>\n<meta property=\"og:image\" content=\"http:\/\/booksfrommexico.com\/app\/uploads\/2023\/05\/118149.jpeg\" \/>\n\t<meta property=\"og:image:width\" content=\"612\" \/>\n\t<meta property=\"og:image:height\" content=\"803\" \/>\n\t<meta property=\"og:image:type\" content=\"image\/jpeg\" \/>\n<meta name=\"twitter:card\" content=\"summary_large_image\" \/>\n<meta name=\"twitter:label1\" content=\"Tiempo de lectura\" \/>\n\t<meta name=\"twitter:data1\" content=\"1 minuto\" \/>\n<script type=\"application\/ld+json\" class=\"yoast-schema-graph\">{\"@context\":\"https:\\\/\\\/schema.org\",\"@graph\":[{\"@type\":\"WebPage\",\"@id\":\"https:\\\/\\\/booksfrommexico.com\\\/es\\\/producto\\\/teotihuacan-ceramics-chronology-and-cultural-trends\\\/\",\"url\":\"https:\\\/\\\/booksfrommexico.com\\\/es\\\/producto\\\/teotihuacan-ceramics-chronology-and-cultural-trends\\\/\",\"name\":\"Teotihuacan: Cer\u00e1mica, cronolog\u00eda y tendencias culturales - Books From Mexico\",\"isPartOf\":{\"@id\":\"https:\\\/\\\/booksfrommexico.com\\\/#website\"},\"primaryImageOfPage\":{\"@id\":\"https:\\\/\\\/booksfrommexico.com\\\/es\\\/producto\\\/teotihuacan-ceramics-chronology-and-cultural-trends\\\/#primaryimage\"},\"image\":{\"@id\":\"https:\\\/\\\/booksfrommexico.com\\\/es\\\/producto\\\/teotihuacan-ceramics-chronology-and-cultural-trends\\\/#primaryimage\"},\"thumbnailUrl\":\"https:\\\/\\\/booksfrommexico.com\\\/app\\\/uploads\\\/2023\\\/05\\\/118149.jpeg\",\"datePublished\":\"2023-05-08T17:01:13+00:00\",\"dateModified\":\"2024-12-07T05:32:29+00:00\",\"description\":\"TEOTIHUACAN : CER\u00c1MICA, CRONOLOG\u00cdA Y TENDENCIAS CULTURALES : CERAMICS, CHRONOLOGY AND CULTURAL TRENDS. \\\/ +Child Rattray. (Serie Arqueolog\u00eda de M\u00e9xico).\",\"breadcrumb\":{\"@id\":\"https:\\\/\\\/booksfrommexico.com\\\/es\\\/producto\\\/teotihuacan-ceramics-chronology-and-cultural-trends\\\/#breadcrumb\"},\"inLanguage\":\"es\",\"potentialAction\":[{\"@type\":\"ReadAction\",\"target\":[\"https:\\\/\\\/booksfrommexico.com\\\/es\\\/producto\\\/teotihuacan-ceramics-chronology-and-cultural-trends\\\/\"]}]},{\"@type\":\"ImageObject\",\"inLanguage\":\"es\",\"@id\":\"https:\\\/\\\/booksfrommexico.com\\\/es\\\/producto\\\/teotihuacan-ceramics-chronology-and-cultural-trends\\\/#primaryimage\",\"url\":\"https:\\\/\\\/booksfrommexico.com\\\/app\\\/uploads\\\/2023\\\/05\\\/118149.jpeg\",\"contentUrl\":\"https:\\\/\\\/booksfrommexico.com\\\/app\\\/uploads\\\/2023\\\/05\\\/118149.jpeg\",\"width\":612,\"height\":803},{\"@type\":\"BreadcrumbList\",\"@id\":\"https:\\\/\\\/booksfrommexico.com\\\/es\\\/producto\\\/teotihuacan-ceramics-chronology-and-cultural-trends\\\/#breadcrumb\",\"itemListElement\":[{\"@type\":\"ListItem\",\"position\":1,\"name\":\"Home\",\"item\":\"https:\\\/\\\/booksfrommexico.com\\\/es\\\/\"},{\"@type\":\"ListItem\",\"position\":2,\"name\":\"Libros\",\"item\":\"https:\\\/\\\/booksfrommexico.com\\\/es\\\/libros\\\/\"},{\"@type\":\"ListItem\",\"position\":3,\"name\":\"Teotihuacan: Cer\u00e1mica, cronolog\u00eda y tendencias culturales\"}]},{\"@type\":\"WebSite\",\"@id\":\"https:\\\/\\\/booksfrommexico.com\\\/#website\",\"url\":\"https:\\\/\\\/booksfrommexico.com\\\/\",\"name\":\"Books From Mexico\",\"description\":\"\",\"publisher\":{\"@id\":\"https:\\\/\\\/booksfrommexico.com\\\/#organization\"},\"potentialAction\":[{\"@type\":\"SearchAction\",\"target\":{\"@type\":\"EntryPoint\",\"urlTemplate\":\"https:\\\/\\\/booksfrommexico.com\\\/?s={search_term_string}\"},\"query-input\":{\"@type\":\"PropertyValueSpecification\",\"valueRequired\":true,\"valueName\":\"search_term_string\"}}],\"inLanguage\":\"es\"},{\"@type\":\"Organization\",\"@id\":\"https:\\\/\\\/booksfrommexico.com\\\/#organization\",\"name\":\"Books From Mexico\",\"url\":\"https:\\\/\\\/booksfrommexico.com\\\/\",\"logo\":{\"@type\":\"ImageObject\",\"inLanguage\":\"es\",\"@id\":\"https:\\\/\\\/booksfrommexico.com\\\/#\\\/schema\\\/logo\\\/image\\\/\",\"url\":\"https:\\\/\\\/booksfrommexico.com\\\/app\\\/uploads\\\/2023\\\/05\\\/logo-booksfrommexico.svg\",\"contentUrl\":\"https:\\\/\\\/booksfrommexico.com\\\/app\\\/uploads\\\/2023\\\/05\\\/logo-booksfrommexico.svg\",\"width\":86,\"height\":56,\"caption\":\"Books From Mexico\"},\"image\":{\"@id\":\"https:\\\/\\\/booksfrommexico.com\\\/#\\\/schema\\\/logo\\\/image\\\/\"}}]}<\/script>\n<!-- \/ Yoast SEO plugin. -->","yoast_head_json":{"title":"Teotihuacan: Cer\u00e1mica, cronolog\u00eda y tendencias culturales - Books From Mexico","description":"TEOTIHUACAN : CER\u00c1MICA, CRONOLOG\u00cdA Y TENDENCIAS CULTURALES : CERAMICS, CHRONOLOGY AND CULTURAL TRENDS. \/ +Child Rattray. (Serie Arqueolog\u00eda de M\u00e9xico).","robots":{"index":"index","follow":"follow","max-snippet":"max-snippet:-1","max-image-preview":"max-image-preview:large","max-video-preview":"max-video-preview:-1"},"canonical":"https:\/\/booksfrommexico.com\/es\/producto\/teotihuacan-ceramics-chronology-and-cultural-trends\/","og_locale":"es_ES","og_type":"article","og_title":"Teotihuacan: Cer\u00e1mica, cronolog\u00eda y tendencias culturales - Books From Mexico","og_description":"TEOTIHUACAN : CER\u00c1MICA, CRONOLOG\u00cdA Y TENDENCIAS CULTURALES : CERAMICS, CHRONOLOGY AND CULTURAL TRENDS. \/ +Child Rattray. (Serie Arqueolog\u00eda de M\u00e9xico).","og_url":"https:\/\/booksfrommexico.com\/es\/producto\/teotihuacan-ceramics-chronology-and-cultural-trends\/","og_site_name":"Books From Mexico","article_modified_time":"2024-12-07T05:32:29+00:00","og_image":[{"width":612,"height":803,"url":"http:\/\/booksfrommexico.com\/app\/uploads\/2023\/05\/118149.jpeg","type":"image\/jpeg"}],"twitter_card":"summary_large_image","twitter_misc":{"Tiempo de lectura":"1 minuto"},"schema":{"@context":"https:\/\/schema.org","@graph":[{"@type":"WebPage","@id":"https:\/\/booksfrommexico.com\/es\/producto\/teotihuacan-ceramics-chronology-and-cultural-trends\/","url":"https:\/\/booksfrommexico.com\/es\/producto\/teotihuacan-ceramics-chronology-and-cultural-trends\/","name":"Teotihuacan: Cer\u00e1mica, cronolog\u00eda y tendencias culturales - Books From Mexico","isPartOf":{"@id":"https:\/\/booksfrommexico.com\/#website"},"primaryImageOfPage":{"@id":"https:\/\/booksfrommexico.com\/es\/producto\/teotihuacan-ceramics-chronology-and-cultural-trends\/#primaryimage"},"image":{"@id":"https:\/\/booksfrommexico.com\/es\/producto\/teotihuacan-ceramics-chronology-and-cultural-trends\/#primaryimage"},"thumbnailUrl":"https:\/\/booksfrommexico.com\/app\/uploads\/2023\/05\/118149.jpeg","datePublished":"2023-05-08T17:01:13+00:00","dateModified":"2024-12-07T05:32:29+00:00","description":"TEOTIHUACAN : CER\u00c1MICA, CRONOLOG\u00cdA Y TENDENCIAS CULTURALES : CERAMICS, CHRONOLOGY AND CULTURAL TRENDS. \/ +Child Rattray. (Serie Arqueolog\u00eda de M\u00e9xico).","breadcrumb":{"@id":"https:\/\/booksfrommexico.com\/es\/producto\/teotihuacan-ceramics-chronology-and-cultural-trends\/#breadcrumb"},"inLanguage":"es","potentialAction":[{"@type":"ReadAction","target":["https:\/\/booksfrommexico.com\/es\/producto\/teotihuacan-ceramics-chronology-and-cultural-trends\/"]}]},{"@type":"ImageObject","inLanguage":"es","@id":"https:\/\/booksfrommexico.com\/es\/producto\/teotihuacan-ceramics-chronology-and-cultural-trends\/#primaryimage","url":"https:\/\/booksfrommexico.com\/app\/uploads\/2023\/05\/118149.jpeg","contentUrl":"https:\/\/booksfrommexico.com\/app\/uploads\/2023\/05\/118149.jpeg","width":612,"height":803},{"@type":"BreadcrumbList","@id":"https:\/\/booksfrommexico.com\/es\/producto\/teotihuacan-ceramics-chronology-and-cultural-trends\/#breadcrumb","itemListElement":[{"@type":"ListItem","position":1,"name":"Home","item":"https:\/\/booksfrommexico.com\/es\/"},{"@type":"ListItem","position":2,"name":"Libros","item":"https:\/\/booksfrommexico.com\/es\/libros\/"},{"@type":"ListItem","position":3,"name":"Teotihuacan: Cer\u00e1mica, cronolog\u00eda y tendencias culturales"}]},{"@type":"WebSite","@id":"https:\/\/booksfrommexico.com\/#website","url":"https:\/\/booksfrommexico.com\/","name":"Books From Mexico","description":"","publisher":{"@id":"https:\/\/booksfrommexico.com\/#organization"},"potentialAction":[{"@type":"SearchAction","target":{"@type":"EntryPoint","urlTemplate":"https:\/\/booksfrommexico.com\/?s={search_term_string}"},"query-input":{"@type":"PropertyValueSpecification","valueRequired":true,"valueName":"search_term_string"}}],"inLanguage":"es"},{"@type":"Organization","@id":"https:\/\/booksfrommexico.com\/#organization","name":"Books From Mexico","url":"https:\/\/booksfrommexico.com\/","logo":{"@type":"ImageObject","inLanguage":"es","@id":"https:\/\/booksfrommexico.com\/#\/schema\/logo\/image\/","url":"https:\/\/booksfrommexico.com\/app\/uploads\/2023\/05\/logo-booksfrommexico.svg","contentUrl":"https:\/\/booksfrommexico.com\/app\/uploads\/2023\/05\/logo-booksfrommexico.svg","width":86,"height":56,"caption":"Books From Mexico"},"image":{"@id":"https:\/\/booksfrommexico.com\/#\/schema\/logo\/image\/"}}]}},"_links":{"self":[{"href":"https:\/\/booksfrommexico.com\/es\/wp-json\/wp\/v2\/product\/354","targetHints":{"allow":["GET"]}}],"collection":[{"href":"https:\/\/booksfrommexico.com\/es\/wp-json\/wp\/v2\/product"}],"about":[{"href":"https:\/\/booksfrommexico.com\/es\/wp-json\/wp\/v2\/types\/product"}],"wp:featuredmedia":[{"embeddable":true,"href":"https:\/\/booksfrommexico.com\/es\/wp-json\/wp\/v2\/media\/353"}],"wp:attachment":[{"href":"https:\/\/booksfrommexico.com\/es\/wp-json\/wp\/v2\/media?parent=354"}],"wp:term":[{"taxonomy":"product_brand","embeddable":true,"href":"https:\/\/booksfrommexico.com\/es\/wp-json\/wp\/v2\/product_brand?post=354"},{"taxonomy":"product_cat","embeddable":true,"href":"https:\/\/booksfrommexico.com\/es\/wp-json\/wp\/v2\/product_cat?post=354"},{"taxonomy":"product_tag","embeddable":true,"href":"https:\/\/booksfrommexico.com\/es\/wp-json\/wp\/v2\/product_tag?post=354"}],"curies":[{"name":"wp","href":"https:\/\/api.w.org\/{rel}","templated":true}]}}