{"id":356,"date":"2023-05-08T17:01:15","date_gmt":"2023-05-08T17:01:15","guid":{"rendered":"http:\/\/booksfrommexico.com\/product\/escenarios-de-la-memoria-treinta-y-cinco-jardines\/"},"modified":"2024-10-11T19:50:24","modified_gmt":"2024-10-11T19:50:24","slug":"escenarios-de-la-memoria-treinta-y-cinco-jardines","status":"publish","type":"product","link":"https:\/\/booksfrommexico.com\/es\/producto\/escenarios-de-la-memoria-treinta-y-cinco-jardines\/","title":{"rendered":"Escenarios de la memoria: Treinta y cinco jardines"},"content":{"rendered":"<p><span style=\"font-weight: 400;\">Partiendo de un juego de espejos en los que se reflejan lo visible y el ensue\u00f1o, Vicente Rojo se inspira para sus creaciones en un jard\u00edn urbano en Barcelona, donde naci\u00f3, y en el jard\u00edn del sue\u00f1o, de la memoria y el anhelo: el jard\u00edn interior. Este conjunto de pinturas est\u00e1 formado exclusivamente por los denominados <\/span><i><span style=\"font-weight: 400;\">Treinta y cinco Jardines<\/span><\/i><span style=\"font-weight: 400;\">, obras de peque\u00f1o formato (35&#215;35 cent\u00edmetros) realizadas en gouache con toques de tinta china, ordenadas en siete peque\u00f1as series. A lo largo de estas p\u00e1ginas se reproducen a color los jardines de Rojo, acompa\u00f1adas por textos de \u00c1lvaro Mutis, Graciela Iturbide y Alfonso Alegre Heitzmann.\u00a0<\/span><\/p>\n","protected":false},"excerpt":{"rendered":"<p>ESCENARIOS DE LA MEMORIA : TREINTA Y CINCO JARDINES<span style=\"font-weight: 400;\">. \/ Vicente Rojo. M\u00e9xico, D.F. : Ediciones Era ; El Colegio Nacional, 2002. 94 pages : includes color illustrations, bibliography ; 25 cm. ISBN : 9684116012. <\/span><\/p>\n","protected":false},"featured_media":355,"template":"","meta":{"_acf_changed":false,"inline_featured_image":false},"product_brand":[],"product_cat":[87,4240,88],"product_tag":[4044,4470,3671,4532,3769,3719,3649],"class_list":{"0":"post-356","1":"product","2":"type-product","3":"status-publish","4":"has-post-thumbnail","6":"product_cat-arte","7":"product_cat-arte-plastico","8":"product_cat-critica-de-arte-arte","9":"product_tag-arte","10":"product_tag-arte-grafico","11":"product_tag-exposiciones","12":"product_tag-museos","13":"product_tag-obras-ilustradas","14":"product_tag-pintores-mexicanos","15":"product_tag-siglo-xx","17":"first","18":"instock","19":"sale","20":"taxable","21":"shipping-taxable","22":"purchasable","23":"product-type-simple"},"acf":[],"yoast_head":"<!-- This site is optimized with the Yoast SEO plugin v27.3 - https:\/\/yoast.com\/product\/yoast-seo-wordpress\/ -->\n<title>Escenarios de la memoria: Treinta y cinco jardines<\/title>\n<meta name=\"description\" content=\"ESCENARIOS DE LA MEMORIA : TREINTA Y CINCO JARDINES. \/ Vicente Rojo. M\u00e9xico, D.F. : Ediciones Era ; El Colegio Nacional, 2002. ISBN : 9684116012.\" \/>\n<meta name=\"robots\" content=\"index, follow, max-snippet:-1, max-image-preview:large, max-video-preview:-1\" \/>\n<link rel=\"canonical\" href=\"https:\/\/booksfrommexico.com\/es\/producto\/escenarios-de-la-memoria-treinta-y-cinco-jardines\/\" \/>\n<meta property=\"og:locale\" content=\"es_ES\" \/>\n<meta property=\"og:type\" content=\"article\" \/>\n<meta property=\"og:title\" content=\"Escenarios de la memoria: Treinta y cinco jardines\" \/>\n<meta property=\"og:description\" content=\"ESCENARIOS DE LA MEMORIA : TREINTA Y CINCO JARDINES. \/ Vicente Rojo. M\u00e9xico, D.F. : Ediciones Era ; El Colegio Nacional, 2002. ISBN : 9684116012.\" \/>\n<meta property=\"og:url\" content=\"https:\/\/booksfrommexico.com\/es\/producto\/escenarios-de-la-memoria-treinta-y-cinco-jardines\/\" \/>\n<meta property=\"og:site_name\" content=\"Books From Mexico\" \/>\n<meta property=\"article:modified_time\" content=\"2024-10-11T19:50:24+00:00\" \/>\n<meta property=\"og:image\" content=\"http:\/\/booksfrommexico.com\/app\/uploads\/2023\/05\/118975-e1728676208621.jpeg\" \/>\n\t<meta property=\"og:image:width\" content=\"616\" \/>\n\t<meta property=\"og:image:height\" content=\"592\" \/>\n\t<meta property=\"og:image:type\" content=\"image\/jpeg\" \/>\n<meta name=\"twitter:card\" content=\"summary_large_image\" \/>\n<meta name=\"twitter:label1\" content=\"Tiempo de lectura\" \/>\n\t<meta name=\"twitter:data1\" content=\"1 minuto\" \/>\n<script type=\"application\/ld+json\" class=\"yoast-schema-graph\">{\"@context\":\"https:\\\/\\\/schema.org\",\"@graph\":[{\"@type\":\"WebPage\",\"@id\":\"https:\\\/\\\/booksfrommexico.com\\\/es\\\/producto\\\/escenarios-de-la-memoria-treinta-y-cinco-jardines\\\/\",\"url\":\"https:\\\/\\\/booksfrommexico.com\\\/es\\\/producto\\\/escenarios-de-la-memoria-treinta-y-cinco-jardines\\\/\",\"name\":\"Escenarios de la memoria: Treinta y cinco jardines\",\"isPartOf\":{\"@id\":\"https:\\\/\\\/booksfrommexico.com\\\/#website\"},\"primaryImageOfPage\":{\"@id\":\"https:\\\/\\\/booksfrommexico.com\\\/es\\\/producto\\\/escenarios-de-la-memoria-treinta-y-cinco-jardines\\\/#primaryimage\"},\"image\":{\"@id\":\"https:\\\/\\\/booksfrommexico.com\\\/es\\\/producto\\\/escenarios-de-la-memoria-treinta-y-cinco-jardines\\\/#primaryimage\"},\"thumbnailUrl\":\"https:\\\/\\\/booksfrommexico.com\\\/app\\\/uploads\\\/2023\\\/05\\\/118975-e1728676208621.jpeg\",\"datePublished\":\"2023-05-08T17:01:15+00:00\",\"dateModified\":\"2024-10-11T19:50:24+00:00\",\"description\":\"ESCENARIOS DE LA MEMORIA : TREINTA Y CINCO JARDINES. \\\/ Vicente Rojo. M\u00e9xico, D.F. : Ediciones Era ; El Colegio Nacional, 2002. ISBN : 9684116012.\",\"breadcrumb\":{\"@id\":\"https:\\\/\\\/booksfrommexico.com\\\/es\\\/producto\\\/escenarios-de-la-memoria-treinta-y-cinco-jardines\\\/#breadcrumb\"},\"inLanguage\":\"es\",\"potentialAction\":[{\"@type\":\"ReadAction\",\"target\":[\"https:\\\/\\\/booksfrommexico.com\\\/es\\\/producto\\\/escenarios-de-la-memoria-treinta-y-cinco-jardines\\\/\"]}]},{\"@type\":\"ImageObject\",\"inLanguage\":\"es\",\"@id\":\"https:\\\/\\\/booksfrommexico.com\\\/es\\\/producto\\\/escenarios-de-la-memoria-treinta-y-cinco-jardines\\\/#primaryimage\",\"url\":\"https:\\\/\\\/booksfrommexico.com\\\/app\\\/uploads\\\/2023\\\/05\\\/118975-e1728676208621.jpeg\",\"contentUrl\":\"https:\\\/\\\/booksfrommexico.com\\\/app\\\/uploads\\\/2023\\\/05\\\/118975-e1728676208621.jpeg\",\"width\":616,\"height\":592},{\"@type\":\"BreadcrumbList\",\"@id\":\"https:\\\/\\\/booksfrommexico.com\\\/es\\\/producto\\\/escenarios-de-la-memoria-treinta-y-cinco-jardines\\\/#breadcrumb\",\"itemListElement\":[{\"@type\":\"ListItem\",\"position\":1,\"name\":\"Home\",\"item\":\"https:\\\/\\\/booksfrommexico.com\\\/es\\\/\"},{\"@type\":\"ListItem\",\"position\":2,\"name\":\"Libros\",\"item\":\"https:\\\/\\\/booksfrommexico.com\\\/es\\\/libros\\\/\"},{\"@type\":\"ListItem\",\"position\":3,\"name\":\"Escenarios de la memoria: Treinta y cinco jardines\"}]},{\"@type\":\"WebSite\",\"@id\":\"https:\\\/\\\/booksfrommexico.com\\\/#website\",\"url\":\"https:\\\/\\\/booksfrommexico.com\\\/\",\"name\":\"Books From Mexico\",\"description\":\"\",\"publisher\":{\"@id\":\"https:\\\/\\\/booksfrommexico.com\\\/#organization\"},\"potentialAction\":[{\"@type\":\"SearchAction\",\"target\":{\"@type\":\"EntryPoint\",\"urlTemplate\":\"https:\\\/\\\/booksfrommexico.com\\\/?s={search_term_string}\"},\"query-input\":{\"@type\":\"PropertyValueSpecification\",\"valueRequired\":true,\"valueName\":\"search_term_string\"}}],\"inLanguage\":\"es\"},{\"@type\":\"Organization\",\"@id\":\"https:\\\/\\\/booksfrommexico.com\\\/#organization\",\"name\":\"Books From Mexico\",\"url\":\"https:\\\/\\\/booksfrommexico.com\\\/\",\"logo\":{\"@type\":\"ImageObject\",\"inLanguage\":\"es\",\"@id\":\"https:\\\/\\\/booksfrommexico.com\\\/#\\\/schema\\\/logo\\\/image\\\/\",\"url\":\"https:\\\/\\\/booksfrommexico.com\\\/app\\\/uploads\\\/2023\\\/05\\\/logo-booksfrommexico.svg\",\"contentUrl\":\"https:\\\/\\\/booksfrommexico.com\\\/app\\\/uploads\\\/2023\\\/05\\\/logo-booksfrommexico.svg\",\"width\":86,\"height\":56,\"caption\":\"Books From Mexico\"},\"image\":{\"@id\":\"https:\\\/\\\/booksfrommexico.com\\\/#\\\/schema\\\/logo\\\/image\\\/\"}}]}<\/script>\n<!-- \/ Yoast SEO plugin. -->","yoast_head_json":{"title":"Escenarios de la memoria: Treinta y cinco jardines","description":"ESCENARIOS DE LA MEMORIA : TREINTA Y CINCO JARDINES. \/ Vicente Rojo. M\u00e9xico, D.F. : Ediciones Era ; El Colegio Nacional, 2002. ISBN : 9684116012.","robots":{"index":"index","follow":"follow","max-snippet":"max-snippet:-1","max-image-preview":"max-image-preview:large","max-video-preview":"max-video-preview:-1"},"canonical":"https:\/\/booksfrommexico.com\/es\/producto\/escenarios-de-la-memoria-treinta-y-cinco-jardines\/","og_locale":"es_ES","og_type":"article","og_title":"Escenarios de la memoria: Treinta y cinco jardines","og_description":"ESCENARIOS DE LA MEMORIA : TREINTA Y CINCO JARDINES. \/ Vicente Rojo. M\u00e9xico, D.F. : Ediciones Era ; El Colegio Nacional, 2002. ISBN : 9684116012.","og_url":"https:\/\/booksfrommexico.com\/es\/producto\/escenarios-de-la-memoria-treinta-y-cinco-jardines\/","og_site_name":"Books From Mexico","article_modified_time":"2024-10-11T19:50:24+00:00","og_image":[{"width":616,"height":592,"url":"http:\/\/booksfrommexico.com\/app\/uploads\/2023\/05\/118975-e1728676208621.jpeg","type":"image\/jpeg"}],"twitter_card":"summary_large_image","twitter_misc":{"Tiempo de lectura":"1 minuto"},"schema":{"@context":"https:\/\/schema.org","@graph":[{"@type":"WebPage","@id":"https:\/\/booksfrommexico.com\/es\/producto\/escenarios-de-la-memoria-treinta-y-cinco-jardines\/","url":"https:\/\/booksfrommexico.com\/es\/producto\/escenarios-de-la-memoria-treinta-y-cinco-jardines\/","name":"Escenarios de la memoria: Treinta y cinco jardines","isPartOf":{"@id":"https:\/\/booksfrommexico.com\/#website"},"primaryImageOfPage":{"@id":"https:\/\/booksfrommexico.com\/es\/producto\/escenarios-de-la-memoria-treinta-y-cinco-jardines\/#primaryimage"},"image":{"@id":"https:\/\/booksfrommexico.com\/es\/producto\/escenarios-de-la-memoria-treinta-y-cinco-jardines\/#primaryimage"},"thumbnailUrl":"https:\/\/booksfrommexico.com\/app\/uploads\/2023\/05\/118975-e1728676208621.jpeg","datePublished":"2023-05-08T17:01:15+00:00","dateModified":"2024-10-11T19:50:24+00:00","description":"ESCENARIOS DE LA MEMORIA : TREINTA Y CINCO JARDINES. \/ Vicente Rojo. M\u00e9xico, D.F. : Ediciones Era ; El Colegio Nacional, 2002. ISBN : 9684116012.","breadcrumb":{"@id":"https:\/\/booksfrommexico.com\/es\/producto\/escenarios-de-la-memoria-treinta-y-cinco-jardines\/#breadcrumb"},"inLanguage":"es","potentialAction":[{"@type":"ReadAction","target":["https:\/\/booksfrommexico.com\/es\/producto\/escenarios-de-la-memoria-treinta-y-cinco-jardines\/"]}]},{"@type":"ImageObject","inLanguage":"es","@id":"https:\/\/booksfrommexico.com\/es\/producto\/escenarios-de-la-memoria-treinta-y-cinco-jardines\/#primaryimage","url":"https:\/\/booksfrommexico.com\/app\/uploads\/2023\/05\/118975-e1728676208621.jpeg","contentUrl":"https:\/\/booksfrommexico.com\/app\/uploads\/2023\/05\/118975-e1728676208621.jpeg","width":616,"height":592},{"@type":"BreadcrumbList","@id":"https:\/\/booksfrommexico.com\/es\/producto\/escenarios-de-la-memoria-treinta-y-cinco-jardines\/#breadcrumb","itemListElement":[{"@type":"ListItem","position":1,"name":"Home","item":"https:\/\/booksfrommexico.com\/es\/"},{"@type":"ListItem","position":2,"name":"Libros","item":"https:\/\/booksfrommexico.com\/es\/libros\/"},{"@type":"ListItem","position":3,"name":"Escenarios de la memoria: Treinta y cinco jardines"}]},{"@type":"WebSite","@id":"https:\/\/booksfrommexico.com\/#website","url":"https:\/\/booksfrommexico.com\/","name":"Books From Mexico","description":"","publisher":{"@id":"https:\/\/booksfrommexico.com\/#organization"},"potentialAction":[{"@type":"SearchAction","target":{"@type":"EntryPoint","urlTemplate":"https:\/\/booksfrommexico.com\/?s={search_term_string}"},"query-input":{"@type":"PropertyValueSpecification","valueRequired":true,"valueName":"search_term_string"}}],"inLanguage":"es"},{"@type":"Organization","@id":"https:\/\/booksfrommexico.com\/#organization","name":"Books From Mexico","url":"https:\/\/booksfrommexico.com\/","logo":{"@type":"ImageObject","inLanguage":"es","@id":"https:\/\/booksfrommexico.com\/#\/schema\/logo\/image\/","url":"https:\/\/booksfrommexico.com\/app\/uploads\/2023\/05\/logo-booksfrommexico.svg","contentUrl":"https:\/\/booksfrommexico.com\/app\/uploads\/2023\/05\/logo-booksfrommexico.svg","width":86,"height":56,"caption":"Books From Mexico"},"image":{"@id":"https:\/\/booksfrommexico.com\/#\/schema\/logo\/image\/"}}]}},"_links":{"self":[{"href":"https:\/\/booksfrommexico.com\/es\/wp-json\/wp\/v2\/product\/356","targetHints":{"allow":["GET"]}}],"collection":[{"href":"https:\/\/booksfrommexico.com\/es\/wp-json\/wp\/v2\/product"}],"about":[{"href":"https:\/\/booksfrommexico.com\/es\/wp-json\/wp\/v2\/types\/product"}],"wp:featuredmedia":[{"embeddable":true,"href":"https:\/\/booksfrommexico.com\/es\/wp-json\/wp\/v2\/media\/355"}],"wp:attachment":[{"href":"https:\/\/booksfrommexico.com\/es\/wp-json\/wp\/v2\/media?parent=356"}],"wp:term":[{"taxonomy":"product_brand","embeddable":true,"href":"https:\/\/booksfrommexico.com\/es\/wp-json\/wp\/v2\/product_brand?post=356"},{"taxonomy":"product_cat","embeddable":true,"href":"https:\/\/booksfrommexico.com\/es\/wp-json\/wp\/v2\/product_cat?post=356"},{"taxonomy":"product_tag","embeddable":true,"href":"https:\/\/booksfrommexico.com\/es\/wp-json\/wp\/v2\/product_tag?post=356"}],"curies":[{"name":"wp","href":"https:\/\/api.w.org\/{rel}","templated":true}]}}