{"id":358,"date":"2023-05-08T17:01:16","date_gmt":"2023-05-08T17:01:16","guid":{"rendered":"http:\/\/booksfrommexico.com\/product\/diego-rivera\/"},"modified":"2024-10-25T19:39:12","modified_gmt":"2024-10-25T19:39:12","slug":"diego-rivera","status":"publish","type":"product","link":"https:\/\/booksfrommexico.com\/es\/producto\/diego-rivera\/","title":{"rendered":"Diego Rivera"},"content":{"rendered":"<p><span style=\"font-weight: 400;\">La colecci\u00f3n <\/span><i><span style=\"font-weight: 400;\">Diego Rivera <\/span><\/i><span style=\"font-weight: 400;\">que se presenta en este t\u00edtulo, tuvo su origen durante la estancia del joven pintor de 21 a\u00f1os en Orizaba, Veracruz; el gobernador Teodoro A. Dehesa le otorg\u00f3 en 1907 una beca para que estudiara en Francia y en correspondencia, Rivera le entreg\u00f3 un grupo de cuadros. Este acervo se increment\u00f3 despu\u00e9s hasta quedar integrado por treinta y seis obras de t\u00e9cnica diversa, trat\u00e1ndose de una de las colecciones m\u00e1s completas de la obra de caballete del artista. Pese a que este acervo se conform\u00f3 en distintas etapas de la vida del autor, es esto mismo lo que permite ver su t\u00e9cnica, desarrollo y desarrollo de la sociedad mexicana del siglo XX. <\/span><\/p>\n","protected":false},"excerpt":{"rendered":"<p>DIEGO RIVERA<span style=\"font-weight: 400;\">. \/ Veracruz, M\u00e9xico : Gobierno del Estado de Veracruz , Secretar\u00eda de Educaci\u00f3n y Cultura , Secretar\u00eda de Hacienda y Cr\u00e9dito P\u00fablico ; Instituto Veracruzano de la Cultura, 2002. 102 pages : includes color illustrations, bibliographic references ; 28 cm. ISBN : 9706870113.<\/span><\/p>\n","protected":false},"featured_media":357,"template":"","meta":{"_acf_changed":false,"inline_featured_image":false},"product_brand":[],"product_cat":[87,790,400],"product_tag":[4044,4534,3769,3649],"class_list":{"0":"post-358","1":"product","2":"type-product","3":"status-publish","4":"has-post-thumbnail","6":"product_cat-arte","7":"product_cat-arte-y-sociedad-arte","8":"product_cat-catalogos-de-exposiciones-arte","9":"product_tag-arte","10":"product_tag-arte-mexicano","11":"product_tag-obras-ilustradas","12":"product_tag-siglo-xx","14":"first","15":"instock","16":"sale","17":"taxable","18":"shipping-taxable","19":"purchasable","20":"product-type-simple"},"acf":[],"yoast_head":"<!-- This site is optimized with the Yoast SEO plugin v27.2 - https:\/\/yoast.com\/product\/yoast-seo-wordpress\/ -->\n<title>Diego Rivera<\/title>\n<meta name=\"description\" content=\"DIEGO RIVERA. \/ Veracruz, M\u00e9xico : Secretar\u00eda de Educaci\u00f3n y Cultura , Secretar\u00eda de Hacienda y Cr\u00e9dito P\u00fablico ; Instituto Veracruzano de la Cultura, 2002.\" \/>\n<meta name=\"robots\" content=\"index, follow, max-snippet:-1, max-image-preview:large, max-video-preview:-1\" \/>\n<link rel=\"canonical\" href=\"https:\/\/booksfrommexico.com\/es\/producto\/diego-rivera\/\" \/>\n<meta property=\"og:locale\" content=\"es_ES\" \/>\n<meta property=\"og:type\" content=\"article\" \/>\n<meta property=\"og:title\" content=\"Diego Rivera\" \/>\n<meta property=\"og:description\" content=\"DIEGO RIVERA. \/ Veracruz, M\u00e9xico : Secretar\u00eda de Educaci\u00f3n y Cultura , Secretar\u00eda de Hacienda y Cr\u00e9dito P\u00fablico ; Instituto Veracruzano de la Cultura, 2002.\" \/>\n<meta property=\"og:url\" content=\"https:\/\/booksfrommexico.com\/es\/producto\/diego-rivera\/\" \/>\n<meta property=\"og:site_name\" content=\"Books From Mexico\" \/>\n<meta property=\"article:modified_time\" content=\"2024-10-25T19:39:12+00:00\" \/>\n<meta property=\"og:image\" content=\"http:\/\/booksfrommexico.com\/app\/uploads\/2023\/05\/119595.jpeg\" \/>\n\t<meta property=\"og:image:width\" content=\"614\" \/>\n\t<meta property=\"og:image:height\" content=\"800\" \/>\n\t<meta property=\"og:image:type\" content=\"image\/jpeg\" \/>\n<meta name=\"twitter:card\" content=\"summary_large_image\" \/>\n<meta name=\"twitter:label1\" content=\"Tiempo de lectura\" \/>\n\t<meta name=\"twitter:data1\" content=\"1 minuto\" \/>\n<script type=\"application\/ld+json\" class=\"yoast-schema-graph\">{\"@context\":\"https:\/\/schema.org\",\"@graph\":[{\"@type\":\"WebPage\",\"@id\":\"https:\/\/booksfrommexico.com\/es\/producto\/diego-rivera\/\",\"url\":\"https:\/\/booksfrommexico.com\/es\/producto\/diego-rivera\/\",\"name\":\"Diego Rivera\",\"isPartOf\":{\"@id\":\"https:\/\/booksfrommexico.com\/#website\"},\"primaryImageOfPage\":{\"@id\":\"https:\/\/booksfrommexico.com\/es\/producto\/diego-rivera\/#primaryimage\"},\"image\":{\"@id\":\"https:\/\/booksfrommexico.com\/es\/producto\/diego-rivera\/#primaryimage\"},\"thumbnailUrl\":\"https:\/\/booksfrommexico.com\/app\/uploads\/2023\/05\/119595.jpeg\",\"datePublished\":\"2023-05-08T17:01:16+00:00\",\"dateModified\":\"2024-10-25T19:39:12+00:00\",\"description\":\"DIEGO RIVERA. \/ Veracruz, M\u00e9xico : Secretar\u00eda de Educaci\u00f3n y Cultura , Secretar\u00eda de Hacienda y Cr\u00e9dito P\u00fablico ; Instituto Veracruzano de la Cultura, 2002.\",\"breadcrumb\":{\"@id\":\"https:\/\/booksfrommexico.com\/es\/producto\/diego-rivera\/#breadcrumb\"},\"inLanguage\":\"es\",\"potentialAction\":[{\"@type\":\"ReadAction\",\"target\":[\"https:\/\/booksfrommexico.com\/es\/producto\/diego-rivera\/\"]}]},{\"@type\":\"ImageObject\",\"inLanguage\":\"es\",\"@id\":\"https:\/\/booksfrommexico.com\/es\/producto\/diego-rivera\/#primaryimage\",\"url\":\"https:\/\/booksfrommexico.com\/app\/uploads\/2023\/05\/119595.jpeg\",\"contentUrl\":\"https:\/\/booksfrommexico.com\/app\/uploads\/2023\/05\/119595.jpeg\",\"width\":614,\"height\":800},{\"@type\":\"BreadcrumbList\",\"@id\":\"https:\/\/booksfrommexico.com\/es\/producto\/diego-rivera\/#breadcrumb\",\"itemListElement\":[{\"@type\":\"ListItem\",\"position\":1,\"name\":\"Home\",\"item\":\"https:\/\/booksfrommexico.com\/es\/\"},{\"@type\":\"ListItem\",\"position\":2,\"name\":\"Libros\",\"item\":\"https:\/\/booksfrommexico.com\/es\/libros\/\"},{\"@type\":\"ListItem\",\"position\":3,\"name\":\"Diego Rivera\"}]},{\"@type\":\"WebSite\",\"@id\":\"https:\/\/booksfrommexico.com\/#website\",\"url\":\"https:\/\/booksfrommexico.com\/\",\"name\":\"Books From Mexico\",\"description\":\"\",\"publisher\":{\"@id\":\"https:\/\/booksfrommexico.com\/#organization\"},\"potentialAction\":[{\"@type\":\"SearchAction\",\"target\":{\"@type\":\"EntryPoint\",\"urlTemplate\":\"https:\/\/booksfrommexico.com\/?s={search_term_string}\"},\"query-input\":{\"@type\":\"PropertyValueSpecification\",\"valueRequired\":true,\"valueName\":\"search_term_string\"}}],\"inLanguage\":\"es\"},{\"@type\":\"Organization\",\"@id\":\"https:\/\/booksfrommexico.com\/#organization\",\"name\":\"Books From Mexico\",\"url\":\"https:\/\/booksfrommexico.com\/\",\"logo\":{\"@type\":\"ImageObject\",\"inLanguage\":\"es\",\"@id\":\"https:\/\/booksfrommexico.com\/#\/schema\/logo\/image\/\",\"url\":\"https:\/\/booksfrommexico.com\/app\/uploads\/2023\/05\/logo-booksfrommexico.svg\",\"contentUrl\":\"https:\/\/booksfrommexico.com\/app\/uploads\/2023\/05\/logo-booksfrommexico.svg\",\"width\":86,\"height\":56,\"caption\":\"Books From Mexico\"},\"image\":{\"@id\":\"https:\/\/booksfrommexico.com\/#\/schema\/logo\/image\/\"}}]}<\/script>\n<!-- \/ Yoast SEO plugin. -->","yoast_head_json":{"title":"Diego Rivera","description":"DIEGO RIVERA. \/ Veracruz, M\u00e9xico : Secretar\u00eda de Educaci\u00f3n y Cultura , Secretar\u00eda de Hacienda y Cr\u00e9dito P\u00fablico ; Instituto Veracruzano de la Cultura, 2002.","robots":{"index":"index","follow":"follow","max-snippet":"max-snippet:-1","max-image-preview":"max-image-preview:large","max-video-preview":"max-video-preview:-1"},"canonical":"https:\/\/booksfrommexico.com\/es\/producto\/diego-rivera\/","og_locale":"es_ES","og_type":"article","og_title":"Diego Rivera","og_description":"DIEGO RIVERA. \/ Veracruz, M\u00e9xico : Secretar\u00eda de Educaci\u00f3n y Cultura , Secretar\u00eda de Hacienda y Cr\u00e9dito P\u00fablico ; Instituto Veracruzano de la Cultura, 2002.","og_url":"https:\/\/booksfrommexico.com\/es\/producto\/diego-rivera\/","og_site_name":"Books From Mexico","article_modified_time":"2024-10-25T19:39:12+00:00","og_image":[{"width":614,"height":800,"url":"http:\/\/booksfrommexico.com\/app\/uploads\/2023\/05\/119595.jpeg","type":"image\/jpeg"}],"twitter_card":"summary_large_image","twitter_misc":{"Tiempo de lectura":"1 minuto"},"schema":{"@context":"https:\/\/schema.org","@graph":[{"@type":"WebPage","@id":"https:\/\/booksfrommexico.com\/es\/producto\/diego-rivera\/","url":"https:\/\/booksfrommexico.com\/es\/producto\/diego-rivera\/","name":"Diego Rivera","isPartOf":{"@id":"https:\/\/booksfrommexico.com\/#website"},"primaryImageOfPage":{"@id":"https:\/\/booksfrommexico.com\/es\/producto\/diego-rivera\/#primaryimage"},"image":{"@id":"https:\/\/booksfrommexico.com\/es\/producto\/diego-rivera\/#primaryimage"},"thumbnailUrl":"https:\/\/booksfrommexico.com\/app\/uploads\/2023\/05\/119595.jpeg","datePublished":"2023-05-08T17:01:16+00:00","dateModified":"2024-10-25T19:39:12+00:00","description":"DIEGO RIVERA. \/ Veracruz, M\u00e9xico : Secretar\u00eda de Educaci\u00f3n y Cultura , Secretar\u00eda de Hacienda y Cr\u00e9dito P\u00fablico ; Instituto Veracruzano de la Cultura, 2002.","breadcrumb":{"@id":"https:\/\/booksfrommexico.com\/es\/producto\/diego-rivera\/#breadcrumb"},"inLanguage":"es","potentialAction":[{"@type":"ReadAction","target":["https:\/\/booksfrommexico.com\/es\/producto\/diego-rivera\/"]}]},{"@type":"ImageObject","inLanguage":"es","@id":"https:\/\/booksfrommexico.com\/es\/producto\/diego-rivera\/#primaryimage","url":"https:\/\/booksfrommexico.com\/app\/uploads\/2023\/05\/119595.jpeg","contentUrl":"https:\/\/booksfrommexico.com\/app\/uploads\/2023\/05\/119595.jpeg","width":614,"height":800},{"@type":"BreadcrumbList","@id":"https:\/\/booksfrommexico.com\/es\/producto\/diego-rivera\/#breadcrumb","itemListElement":[{"@type":"ListItem","position":1,"name":"Home","item":"https:\/\/booksfrommexico.com\/es\/"},{"@type":"ListItem","position":2,"name":"Libros","item":"https:\/\/booksfrommexico.com\/es\/libros\/"},{"@type":"ListItem","position":3,"name":"Diego Rivera"}]},{"@type":"WebSite","@id":"https:\/\/booksfrommexico.com\/#website","url":"https:\/\/booksfrommexico.com\/","name":"Books From Mexico","description":"","publisher":{"@id":"https:\/\/booksfrommexico.com\/#organization"},"potentialAction":[{"@type":"SearchAction","target":{"@type":"EntryPoint","urlTemplate":"https:\/\/booksfrommexico.com\/?s={search_term_string}"},"query-input":{"@type":"PropertyValueSpecification","valueRequired":true,"valueName":"search_term_string"}}],"inLanguage":"es"},{"@type":"Organization","@id":"https:\/\/booksfrommexico.com\/#organization","name":"Books From Mexico","url":"https:\/\/booksfrommexico.com\/","logo":{"@type":"ImageObject","inLanguage":"es","@id":"https:\/\/booksfrommexico.com\/#\/schema\/logo\/image\/","url":"https:\/\/booksfrommexico.com\/app\/uploads\/2023\/05\/logo-booksfrommexico.svg","contentUrl":"https:\/\/booksfrommexico.com\/app\/uploads\/2023\/05\/logo-booksfrommexico.svg","width":86,"height":56,"caption":"Books From Mexico"},"image":{"@id":"https:\/\/booksfrommexico.com\/#\/schema\/logo\/image\/"}}]}},"_links":{"self":[{"href":"https:\/\/booksfrommexico.com\/es\/wp-json\/wp\/v2\/product\/358","targetHints":{"allow":["GET"]}}],"collection":[{"href":"https:\/\/booksfrommexico.com\/es\/wp-json\/wp\/v2\/product"}],"about":[{"href":"https:\/\/booksfrommexico.com\/es\/wp-json\/wp\/v2\/types\/product"}],"wp:featuredmedia":[{"embeddable":true,"href":"https:\/\/booksfrommexico.com\/es\/wp-json\/wp\/v2\/media\/357"}],"wp:attachment":[{"href":"https:\/\/booksfrommexico.com\/es\/wp-json\/wp\/v2\/media?parent=358"}],"wp:term":[{"taxonomy":"product_brand","embeddable":true,"href":"https:\/\/booksfrommexico.com\/es\/wp-json\/wp\/v2\/product_brand?post=358"},{"taxonomy":"product_cat","embeddable":true,"href":"https:\/\/booksfrommexico.com\/es\/wp-json\/wp\/v2\/product_cat?post=358"},{"taxonomy":"product_tag","embeddable":true,"href":"https:\/\/booksfrommexico.com\/es\/wp-json\/wp\/v2\/product_tag?post=358"}],"curies":[{"name":"wp","href":"https:\/\/api.w.org\/{rel}","templated":true}]}}