{"id":360,"date":"2023-05-08T17:01:18","date_gmt":"2023-05-08T17:01:18","guid":{"rendered":"http:\/\/booksfrommexico.com\/product\/pasion-por-los-diablos-rojos-del-mexico\/"},"modified":"2024-10-25T19:08:29","modified_gmt":"2024-10-25T19:08:29","slug":"pasion-por-los-diablos-rojos-del-mexico","status":"publish","type":"product","link":"https:\/\/booksfrommexico.com\/es\/producto\/pasion-por-los-diablos-rojos-del-mexico\/","title":{"rendered":"Pasi\u00f3n por los Diablos Rojos del M\u00e9xico"},"content":{"rendered":"<p><span style=\"font-weight: 400;\">La pasi\u00f3n por el equipo de b\u00e9isbol los Diablos Rojos del M\u00e9xico ha sido un fen\u00f3meno desde que llegaron al pa\u00eds en 1940, atrayendo cada vez m\u00e1s la atenci\u00f3n gracias a sus campeonatos, afortunadas incorporaciones y legado que han marcado en el deporte. En este t\u00edtulo se hace una investigaci\u00f3n donde se recopilan momentos de la historia de este equipo, especialmente destacando sus m\u00faltiples campeonatos y sus jugadores m\u00e1s representativos, quienes marcaron un hito en la historia del b\u00e9isbol. Acompa\u00f1ando al texto de Tom\u00e1s Morales, se muestra un archivo fotogr\u00e1fico \u2013a color, en su mayor\u00eda\u2013 que ilustra este recorrido, guiado por un aut\u00e9ntico fan\u00e1tico y conocedor.<\/span><\/p>\n","protected":false},"excerpt":{"rendered":"<p>PASI\u00d3N POR LOS DIABLOS ROJOS DEL M\u00c9XICO<span style=\"font-weight: 400;\">. \/ Tom\u00e1s Morales. M\u00e9xico, D.F. : Diablos Rojos de M\u00e9xico, 2003. 239 pages : includes color photos, tables, bibliographic notes ; 31 cm. <\/span><\/p>\n","protected":false},"featured_media":359,"template":"","meta":{"_acf_changed":false,"inline_featured_image":false},"product_brand":[],"product_cat":[354,353],"product_tag":[3946,4043,4541],"class_list":{"0":"post-360","1":"product","2":"type-product","3":"status-publish","4":"has-post-thumbnail","6":"product_cat-beisbol-deportes","7":"product_cat-deportes","8":"product_tag-beisbol","9":"product_tag-fotografia","10":"product_tag-historia-y-sociedad","12":"first","13":"instock","14":"sale","15":"taxable","16":"shipping-taxable","17":"purchasable","18":"product-type-simple"},"acf":[],"yoast_head":"<!-- This site is optimized with the Yoast SEO plugin v27.3 - https:\/\/yoast.com\/product\/yoast-seo-wordpress\/ -->\n<title>Pasi\u00f3n por los Diablos Rojos del M\u00e9xico<\/title>\n<meta name=\"description\" content=\"PASI\u00d3N POR LOS DIABLOS ROJOS DEL M\u00c9XICO. \/ Tom\u00e1s Morales. M\u00e9xico, D.F. : Diablos Rojos de M\u00e9xico, 2003. 239 pages ; 31 cm.\" \/>\n<meta name=\"robots\" content=\"index, follow, max-snippet:-1, max-image-preview:large, max-video-preview:-1\" \/>\n<link rel=\"canonical\" href=\"https:\/\/booksfrommexico.com\/es\/producto\/pasion-por-los-diablos-rojos-del-mexico\/\" \/>\n<meta property=\"og:locale\" content=\"es_ES\" \/>\n<meta property=\"og:type\" content=\"article\" \/>\n<meta property=\"og:title\" content=\"Pasi\u00f3n por los Diablos Rojos del M\u00e9xico\" \/>\n<meta property=\"og:description\" content=\"PASI\u00d3N POR LOS DIABLOS ROJOS DEL M\u00c9XICO. \/ Tom\u00e1s Morales. M\u00e9xico, D.F. : Diablos Rojos de M\u00e9xico, 2003. 239 pages ; 31 cm.\" \/>\n<meta property=\"og:url\" content=\"https:\/\/booksfrommexico.com\/es\/producto\/pasion-por-los-diablos-rojos-del-mexico\/\" \/>\n<meta property=\"og:site_name\" content=\"Books From Mexico\" \/>\n<meta property=\"article:modified_time\" content=\"2024-10-25T19:08:29+00:00\" \/>\n<meta property=\"og:image\" content=\"http:\/\/booksfrommexico.com\/app\/uploads\/2023\/05\/119669.jpeg\" \/>\n\t<meta property=\"og:image:width\" content=\"626\" \/>\n\t<meta property=\"og:image:height\" content=\"867\" \/>\n\t<meta property=\"og:image:type\" content=\"image\/jpeg\" \/>\n<meta name=\"twitter:card\" content=\"summary_large_image\" \/>\n<meta name=\"twitter:label1\" content=\"Tiempo de lectura\" \/>\n\t<meta name=\"twitter:data1\" content=\"1 minuto\" \/>\n<script type=\"application\/ld+json\" class=\"yoast-schema-graph\">{\"@context\":\"https:\\\/\\\/schema.org\",\"@graph\":[{\"@type\":\"WebPage\",\"@id\":\"https:\\\/\\\/booksfrommexico.com\\\/es\\\/producto\\\/pasion-por-los-diablos-rojos-del-mexico\\\/\",\"url\":\"https:\\\/\\\/booksfrommexico.com\\\/es\\\/producto\\\/pasion-por-los-diablos-rojos-del-mexico\\\/\",\"name\":\"Pasi\u00f3n por los Diablos Rojos del M\u00e9xico\",\"isPartOf\":{\"@id\":\"https:\\\/\\\/booksfrommexico.com\\\/#website\"},\"primaryImageOfPage\":{\"@id\":\"https:\\\/\\\/booksfrommexico.com\\\/es\\\/producto\\\/pasion-por-los-diablos-rojos-del-mexico\\\/#primaryimage\"},\"image\":{\"@id\":\"https:\\\/\\\/booksfrommexico.com\\\/es\\\/producto\\\/pasion-por-los-diablos-rojos-del-mexico\\\/#primaryimage\"},\"thumbnailUrl\":\"https:\\\/\\\/booksfrommexico.com\\\/app\\\/uploads\\\/2023\\\/05\\\/119669.jpeg\",\"datePublished\":\"2023-05-08T17:01:18+00:00\",\"dateModified\":\"2024-10-25T19:08:29+00:00\",\"description\":\"PASI\u00d3N POR LOS DIABLOS ROJOS DEL M\u00c9XICO. \\\/ Tom\u00e1s Morales. M\u00e9xico, D.F. : Diablos Rojos de M\u00e9xico, 2003. 239 pages ; 31 cm.\",\"breadcrumb\":{\"@id\":\"https:\\\/\\\/booksfrommexico.com\\\/es\\\/producto\\\/pasion-por-los-diablos-rojos-del-mexico\\\/#breadcrumb\"},\"inLanguage\":\"es\",\"potentialAction\":[{\"@type\":\"ReadAction\",\"target\":[\"https:\\\/\\\/booksfrommexico.com\\\/es\\\/producto\\\/pasion-por-los-diablos-rojos-del-mexico\\\/\"]}]},{\"@type\":\"ImageObject\",\"inLanguage\":\"es\",\"@id\":\"https:\\\/\\\/booksfrommexico.com\\\/es\\\/producto\\\/pasion-por-los-diablos-rojos-del-mexico\\\/#primaryimage\",\"url\":\"https:\\\/\\\/booksfrommexico.com\\\/app\\\/uploads\\\/2023\\\/05\\\/119669.jpeg\",\"contentUrl\":\"https:\\\/\\\/booksfrommexico.com\\\/app\\\/uploads\\\/2023\\\/05\\\/119669.jpeg\",\"width\":626,\"height\":867},{\"@type\":\"BreadcrumbList\",\"@id\":\"https:\\\/\\\/booksfrommexico.com\\\/es\\\/producto\\\/pasion-por-los-diablos-rojos-del-mexico\\\/#breadcrumb\",\"itemListElement\":[{\"@type\":\"ListItem\",\"position\":1,\"name\":\"Home\",\"item\":\"https:\\\/\\\/booksfrommexico.com\\\/es\\\/\"},{\"@type\":\"ListItem\",\"position\":2,\"name\":\"Libros\",\"item\":\"https:\\\/\\\/booksfrommexico.com\\\/es\\\/libros\\\/\"},{\"@type\":\"ListItem\",\"position\":3,\"name\":\"Pasi\u00f3n por los Diablos Rojos del M\u00e9xico\"}]},{\"@type\":\"WebSite\",\"@id\":\"https:\\\/\\\/booksfrommexico.com\\\/#website\",\"url\":\"https:\\\/\\\/booksfrommexico.com\\\/\",\"name\":\"Books From Mexico\",\"description\":\"\",\"publisher\":{\"@id\":\"https:\\\/\\\/booksfrommexico.com\\\/#organization\"},\"potentialAction\":[{\"@type\":\"SearchAction\",\"target\":{\"@type\":\"EntryPoint\",\"urlTemplate\":\"https:\\\/\\\/booksfrommexico.com\\\/?s={search_term_string}\"},\"query-input\":{\"@type\":\"PropertyValueSpecification\",\"valueRequired\":true,\"valueName\":\"search_term_string\"}}],\"inLanguage\":\"es\"},{\"@type\":\"Organization\",\"@id\":\"https:\\\/\\\/booksfrommexico.com\\\/#organization\",\"name\":\"Books From Mexico\",\"url\":\"https:\\\/\\\/booksfrommexico.com\\\/\",\"logo\":{\"@type\":\"ImageObject\",\"inLanguage\":\"es\",\"@id\":\"https:\\\/\\\/booksfrommexico.com\\\/#\\\/schema\\\/logo\\\/image\\\/\",\"url\":\"https:\\\/\\\/booksfrommexico.com\\\/app\\\/uploads\\\/2023\\\/05\\\/logo-booksfrommexico.svg\",\"contentUrl\":\"https:\\\/\\\/booksfrommexico.com\\\/app\\\/uploads\\\/2023\\\/05\\\/logo-booksfrommexico.svg\",\"width\":86,\"height\":56,\"caption\":\"Books From Mexico\"},\"image\":{\"@id\":\"https:\\\/\\\/booksfrommexico.com\\\/#\\\/schema\\\/logo\\\/image\\\/\"}}]}<\/script>\n<!-- \/ Yoast SEO plugin. -->","yoast_head_json":{"title":"Pasi\u00f3n por los Diablos Rojos del M\u00e9xico","description":"PASI\u00d3N POR LOS DIABLOS ROJOS DEL M\u00c9XICO. \/ Tom\u00e1s Morales. M\u00e9xico, D.F. : Diablos Rojos de M\u00e9xico, 2003. 239 pages ; 31 cm.","robots":{"index":"index","follow":"follow","max-snippet":"max-snippet:-1","max-image-preview":"max-image-preview:large","max-video-preview":"max-video-preview:-1"},"canonical":"https:\/\/booksfrommexico.com\/es\/producto\/pasion-por-los-diablos-rojos-del-mexico\/","og_locale":"es_ES","og_type":"article","og_title":"Pasi\u00f3n por los Diablos Rojos del M\u00e9xico","og_description":"PASI\u00d3N POR LOS DIABLOS ROJOS DEL M\u00c9XICO. \/ Tom\u00e1s Morales. M\u00e9xico, D.F. : Diablos Rojos de M\u00e9xico, 2003. 239 pages ; 31 cm.","og_url":"https:\/\/booksfrommexico.com\/es\/producto\/pasion-por-los-diablos-rojos-del-mexico\/","og_site_name":"Books From Mexico","article_modified_time":"2024-10-25T19:08:29+00:00","og_image":[{"width":626,"height":867,"url":"http:\/\/booksfrommexico.com\/app\/uploads\/2023\/05\/119669.jpeg","type":"image\/jpeg"}],"twitter_card":"summary_large_image","twitter_misc":{"Tiempo de lectura":"1 minuto"},"schema":{"@context":"https:\/\/schema.org","@graph":[{"@type":"WebPage","@id":"https:\/\/booksfrommexico.com\/es\/producto\/pasion-por-los-diablos-rojos-del-mexico\/","url":"https:\/\/booksfrommexico.com\/es\/producto\/pasion-por-los-diablos-rojos-del-mexico\/","name":"Pasi\u00f3n por los Diablos Rojos del M\u00e9xico","isPartOf":{"@id":"https:\/\/booksfrommexico.com\/#website"},"primaryImageOfPage":{"@id":"https:\/\/booksfrommexico.com\/es\/producto\/pasion-por-los-diablos-rojos-del-mexico\/#primaryimage"},"image":{"@id":"https:\/\/booksfrommexico.com\/es\/producto\/pasion-por-los-diablos-rojos-del-mexico\/#primaryimage"},"thumbnailUrl":"https:\/\/booksfrommexico.com\/app\/uploads\/2023\/05\/119669.jpeg","datePublished":"2023-05-08T17:01:18+00:00","dateModified":"2024-10-25T19:08:29+00:00","description":"PASI\u00d3N POR LOS DIABLOS ROJOS DEL M\u00c9XICO. \/ Tom\u00e1s Morales. M\u00e9xico, D.F. : Diablos Rojos de M\u00e9xico, 2003. 239 pages ; 31 cm.","breadcrumb":{"@id":"https:\/\/booksfrommexico.com\/es\/producto\/pasion-por-los-diablos-rojos-del-mexico\/#breadcrumb"},"inLanguage":"es","potentialAction":[{"@type":"ReadAction","target":["https:\/\/booksfrommexico.com\/es\/producto\/pasion-por-los-diablos-rojos-del-mexico\/"]}]},{"@type":"ImageObject","inLanguage":"es","@id":"https:\/\/booksfrommexico.com\/es\/producto\/pasion-por-los-diablos-rojos-del-mexico\/#primaryimage","url":"https:\/\/booksfrommexico.com\/app\/uploads\/2023\/05\/119669.jpeg","contentUrl":"https:\/\/booksfrommexico.com\/app\/uploads\/2023\/05\/119669.jpeg","width":626,"height":867},{"@type":"BreadcrumbList","@id":"https:\/\/booksfrommexico.com\/es\/producto\/pasion-por-los-diablos-rojos-del-mexico\/#breadcrumb","itemListElement":[{"@type":"ListItem","position":1,"name":"Home","item":"https:\/\/booksfrommexico.com\/es\/"},{"@type":"ListItem","position":2,"name":"Libros","item":"https:\/\/booksfrommexico.com\/es\/libros\/"},{"@type":"ListItem","position":3,"name":"Pasi\u00f3n por los Diablos Rojos del M\u00e9xico"}]},{"@type":"WebSite","@id":"https:\/\/booksfrommexico.com\/#website","url":"https:\/\/booksfrommexico.com\/","name":"Books From Mexico","description":"","publisher":{"@id":"https:\/\/booksfrommexico.com\/#organization"},"potentialAction":[{"@type":"SearchAction","target":{"@type":"EntryPoint","urlTemplate":"https:\/\/booksfrommexico.com\/?s={search_term_string}"},"query-input":{"@type":"PropertyValueSpecification","valueRequired":true,"valueName":"search_term_string"}}],"inLanguage":"es"},{"@type":"Organization","@id":"https:\/\/booksfrommexico.com\/#organization","name":"Books From Mexico","url":"https:\/\/booksfrommexico.com\/","logo":{"@type":"ImageObject","inLanguage":"es","@id":"https:\/\/booksfrommexico.com\/#\/schema\/logo\/image\/","url":"https:\/\/booksfrommexico.com\/app\/uploads\/2023\/05\/logo-booksfrommexico.svg","contentUrl":"https:\/\/booksfrommexico.com\/app\/uploads\/2023\/05\/logo-booksfrommexico.svg","width":86,"height":56,"caption":"Books From Mexico"},"image":{"@id":"https:\/\/booksfrommexico.com\/#\/schema\/logo\/image\/"}}]}},"_links":{"self":[{"href":"https:\/\/booksfrommexico.com\/es\/wp-json\/wp\/v2\/product\/360","targetHints":{"allow":["GET"]}}],"collection":[{"href":"https:\/\/booksfrommexico.com\/es\/wp-json\/wp\/v2\/product"}],"about":[{"href":"https:\/\/booksfrommexico.com\/es\/wp-json\/wp\/v2\/types\/product"}],"wp:featuredmedia":[{"embeddable":true,"href":"https:\/\/booksfrommexico.com\/es\/wp-json\/wp\/v2\/media\/359"}],"wp:attachment":[{"href":"https:\/\/booksfrommexico.com\/es\/wp-json\/wp\/v2\/media?parent=360"}],"wp:term":[{"taxonomy":"product_brand","embeddable":true,"href":"https:\/\/booksfrommexico.com\/es\/wp-json\/wp\/v2\/product_brand?post=360"},{"taxonomy":"product_cat","embeddable":true,"href":"https:\/\/booksfrommexico.com\/es\/wp-json\/wp\/v2\/product_cat?post=360"},{"taxonomy":"product_tag","embeddable":true,"href":"https:\/\/booksfrommexico.com\/es\/wp-json\/wp\/v2\/product_tag?post=360"}],"curies":[{"name":"wp","href":"https:\/\/api.w.org\/{rel}","templated":true}]}}