{"id":362,"date":"2023-05-08T17:01:19","date_gmt":"2023-05-08T17:01:19","guid":{"rendered":"http:\/\/booksfrommexico.com\/product\/cantares-latinoamericanos\/"},"modified":"2024-10-28T22:18:31","modified_gmt":"2024-10-28T22:18:31","slug":"cantares-latinoamericanos","status":"publish","type":"product","link":"https:\/\/booksfrommexico.com\/es\/producto\/cantares-latinoamericanos\/","title":{"rendered":"Cantares latinoamericanos"},"content":{"rendered":"<p><span style=\"font-weight: 400;\">La m\u00fasica coral es uno de los ejemplos m\u00e1s valiosos que tiene el ser humano para expresarse y manifestar de manera clara y objetiva las facultades interpretativas con que cuenta la voz y que no pueden ser sustituidos por ning\u00fan instrumento. Este t\u00edtulo es la muestra del trabajo m\u00fasico-coral de la autora, que desarrolla temas tradicionales tanto de M\u00e9xico como de otros pa\u00edses de latinoam\u00e9rica, llevando a buen t\u00e9rmino su adaptaci\u00f3n y arreglos para ser interpretados totalmente <\/span><i><span style=\"font-weight: 400;\">a capella<\/span><\/i><span style=\"font-weight: 400;\">. La lectura de las partituras que aqu\u00ed se contienen permitir\u00e1n al interesado conocer los juegos musicales <\/span><i><span style=\"font-weight: 400;\">a capella<\/span><\/i><span style=\"font-weight: 400;\">, as\u00ed como una nueva manera de interpretar y o\u00edr los cantares latinoamericanos.<\/span><\/p>\n","protected":false},"excerpt":{"rendered":"<p>CANTARES LATINOAMERICANOS<span style=\"font-weight: 400;\">. \/ Celia E. Estrada Mart\u00ednez. Guadalajara, Jalisco, M\u00e9xico : Universidad de Guadalajara , Centro Universitario de Arte, Arquitectura y Dise\u00f1o, 2003. 124 pages : includes chiefly music sheets ; 28 cm. ISBN : 9702702143. <\/span><\/p>\n","protected":false},"featured_media":361,"template":"","meta":{"_acf_changed":false,"inline_featured_image":false},"product_brand":[],"product_cat":[325,4493],"product_tag":[3620,3922,4496],"class_list":{"0":"post-362","1":"product","2":"type-product","3":"status-publish","4":"has-post-thumbnail","6":"product_cat-musica","7":"product_cat-partituras-y-manuales","8":"product_tag-america-latina","9":"product_tag-musica","10":"product_tag-musica-tradicional","12":"first","13":"instock","14":"sale","15":"taxable","16":"shipping-taxable","17":"purchasable","18":"product-type-simple"},"acf":[],"yoast_head":"<!-- This site is optimized with the Yoast SEO plugin v27.3 - https:\/\/yoast.com\/product\/yoast-seo-wordpress\/ -->\n<title>Cantares latinoamericanos<\/title>\n<meta name=\"description\" content=\"CANTARES LATINOAMERICANOS. \/ Celia E. Estrada Mart\u00ednez. Universidad de Guadalajara , Centro Universitario de Arte, Arquitectura y Dise\u00f1o, 2003.\" \/>\n<meta name=\"robots\" content=\"index, follow, max-snippet:-1, max-image-preview:large, max-video-preview:-1\" \/>\n<link rel=\"canonical\" href=\"https:\/\/booksfrommexico.com\/es\/producto\/cantares-latinoamericanos\/\" \/>\n<meta property=\"og:locale\" content=\"es_ES\" \/>\n<meta property=\"og:type\" content=\"article\" \/>\n<meta property=\"og:title\" content=\"Cantares latinoamericanos\" \/>\n<meta property=\"og:description\" content=\"CANTARES LATINOAMERICANOS. \/ Celia E. Estrada Mart\u00ednez. Universidad de Guadalajara , Centro Universitario de Arte, Arquitectura y Dise\u00f1o, 2003.\" \/>\n<meta property=\"og:url\" content=\"https:\/\/booksfrommexico.com\/es\/producto\/cantares-latinoamericanos\/\" \/>\n<meta property=\"og:site_name\" content=\"Books From Mexico\" \/>\n<meta property=\"article:modified_time\" content=\"2024-10-28T22:18:31+00:00\" \/>\n<meta property=\"og:image\" content=\"http:\/\/booksfrommexico.com\/app\/uploads\/2023\/05\/120235.jpeg\" \/>\n\t<meta property=\"og:image:width\" content=\"603\" \/>\n\t<meta property=\"og:image:height\" content=\"802\" \/>\n\t<meta property=\"og:image:type\" content=\"image\/jpeg\" \/>\n<meta name=\"twitter:card\" content=\"summary_large_image\" \/>\n<meta name=\"twitter:label1\" content=\"Tiempo de lectura\" \/>\n\t<meta name=\"twitter:data1\" content=\"1 minuto\" \/>\n<script type=\"application\/ld+json\" class=\"yoast-schema-graph\">{\"@context\":\"https:\\\/\\\/schema.org\",\"@graph\":[{\"@type\":\"WebPage\",\"@id\":\"https:\\\/\\\/booksfrommexico.com\\\/es\\\/producto\\\/cantares-latinoamericanos\\\/\",\"url\":\"https:\\\/\\\/booksfrommexico.com\\\/es\\\/producto\\\/cantares-latinoamericanos\\\/\",\"name\":\"Cantares latinoamericanos\",\"isPartOf\":{\"@id\":\"https:\\\/\\\/booksfrommexico.com\\\/#website\"},\"primaryImageOfPage\":{\"@id\":\"https:\\\/\\\/booksfrommexico.com\\\/es\\\/producto\\\/cantares-latinoamericanos\\\/#primaryimage\"},\"image\":{\"@id\":\"https:\\\/\\\/booksfrommexico.com\\\/es\\\/producto\\\/cantares-latinoamericanos\\\/#primaryimage\"},\"thumbnailUrl\":\"https:\\\/\\\/booksfrommexico.com\\\/app\\\/uploads\\\/2023\\\/05\\\/120235.jpeg\",\"datePublished\":\"2023-05-08T17:01:19+00:00\",\"dateModified\":\"2024-10-28T22:18:31+00:00\",\"description\":\"CANTARES LATINOAMERICANOS. \\\/ Celia E. Estrada Mart\u00ednez. Universidad de Guadalajara , Centro Universitario de Arte, Arquitectura y Dise\u00f1o, 2003.\",\"breadcrumb\":{\"@id\":\"https:\\\/\\\/booksfrommexico.com\\\/es\\\/producto\\\/cantares-latinoamericanos\\\/#breadcrumb\"},\"inLanguage\":\"es\",\"potentialAction\":[{\"@type\":\"ReadAction\",\"target\":[\"https:\\\/\\\/booksfrommexico.com\\\/es\\\/producto\\\/cantares-latinoamericanos\\\/\"]}]},{\"@type\":\"ImageObject\",\"inLanguage\":\"es\",\"@id\":\"https:\\\/\\\/booksfrommexico.com\\\/es\\\/producto\\\/cantares-latinoamericanos\\\/#primaryimage\",\"url\":\"https:\\\/\\\/booksfrommexico.com\\\/app\\\/uploads\\\/2023\\\/05\\\/120235.jpeg\",\"contentUrl\":\"https:\\\/\\\/booksfrommexico.com\\\/app\\\/uploads\\\/2023\\\/05\\\/120235.jpeg\",\"width\":603,\"height\":802},{\"@type\":\"BreadcrumbList\",\"@id\":\"https:\\\/\\\/booksfrommexico.com\\\/es\\\/producto\\\/cantares-latinoamericanos\\\/#breadcrumb\",\"itemListElement\":[{\"@type\":\"ListItem\",\"position\":1,\"name\":\"Home\",\"item\":\"https:\\\/\\\/booksfrommexico.com\\\/es\\\/\"},{\"@type\":\"ListItem\",\"position\":2,\"name\":\"Libros\",\"item\":\"https:\\\/\\\/booksfrommexico.com\\\/es\\\/libros\\\/\"},{\"@type\":\"ListItem\",\"position\":3,\"name\":\"Cantares latinoamericanos\"}]},{\"@type\":\"WebSite\",\"@id\":\"https:\\\/\\\/booksfrommexico.com\\\/#website\",\"url\":\"https:\\\/\\\/booksfrommexico.com\\\/\",\"name\":\"Books From Mexico\",\"description\":\"\",\"publisher\":{\"@id\":\"https:\\\/\\\/booksfrommexico.com\\\/#organization\"},\"potentialAction\":[{\"@type\":\"SearchAction\",\"target\":{\"@type\":\"EntryPoint\",\"urlTemplate\":\"https:\\\/\\\/booksfrommexico.com\\\/?s={search_term_string}\"},\"query-input\":{\"@type\":\"PropertyValueSpecification\",\"valueRequired\":true,\"valueName\":\"search_term_string\"}}],\"inLanguage\":\"es\"},{\"@type\":\"Organization\",\"@id\":\"https:\\\/\\\/booksfrommexico.com\\\/#organization\",\"name\":\"Books From Mexico\",\"url\":\"https:\\\/\\\/booksfrommexico.com\\\/\",\"logo\":{\"@type\":\"ImageObject\",\"inLanguage\":\"es\",\"@id\":\"https:\\\/\\\/booksfrommexico.com\\\/#\\\/schema\\\/logo\\\/image\\\/\",\"url\":\"https:\\\/\\\/booksfrommexico.com\\\/app\\\/uploads\\\/2023\\\/05\\\/logo-booksfrommexico.svg\",\"contentUrl\":\"https:\\\/\\\/booksfrommexico.com\\\/app\\\/uploads\\\/2023\\\/05\\\/logo-booksfrommexico.svg\",\"width\":86,\"height\":56,\"caption\":\"Books From Mexico\"},\"image\":{\"@id\":\"https:\\\/\\\/booksfrommexico.com\\\/#\\\/schema\\\/logo\\\/image\\\/\"}}]}<\/script>\n<!-- \/ Yoast SEO plugin. -->","yoast_head_json":{"title":"Cantares latinoamericanos","description":"CANTARES LATINOAMERICANOS. \/ Celia E. Estrada Mart\u00ednez. Universidad de Guadalajara , Centro Universitario de Arte, Arquitectura y Dise\u00f1o, 2003.","robots":{"index":"index","follow":"follow","max-snippet":"max-snippet:-1","max-image-preview":"max-image-preview:large","max-video-preview":"max-video-preview:-1"},"canonical":"https:\/\/booksfrommexico.com\/es\/producto\/cantares-latinoamericanos\/","og_locale":"es_ES","og_type":"article","og_title":"Cantares latinoamericanos","og_description":"CANTARES LATINOAMERICANOS. \/ Celia E. Estrada Mart\u00ednez. Universidad de Guadalajara , Centro Universitario de Arte, Arquitectura y Dise\u00f1o, 2003.","og_url":"https:\/\/booksfrommexico.com\/es\/producto\/cantares-latinoamericanos\/","og_site_name":"Books From Mexico","article_modified_time":"2024-10-28T22:18:31+00:00","og_image":[{"width":603,"height":802,"url":"http:\/\/booksfrommexico.com\/app\/uploads\/2023\/05\/120235.jpeg","type":"image\/jpeg"}],"twitter_card":"summary_large_image","twitter_misc":{"Tiempo de lectura":"1 minuto"},"schema":{"@context":"https:\/\/schema.org","@graph":[{"@type":"WebPage","@id":"https:\/\/booksfrommexico.com\/es\/producto\/cantares-latinoamericanos\/","url":"https:\/\/booksfrommexico.com\/es\/producto\/cantares-latinoamericanos\/","name":"Cantares latinoamericanos","isPartOf":{"@id":"https:\/\/booksfrommexico.com\/#website"},"primaryImageOfPage":{"@id":"https:\/\/booksfrommexico.com\/es\/producto\/cantares-latinoamericanos\/#primaryimage"},"image":{"@id":"https:\/\/booksfrommexico.com\/es\/producto\/cantares-latinoamericanos\/#primaryimage"},"thumbnailUrl":"https:\/\/booksfrommexico.com\/app\/uploads\/2023\/05\/120235.jpeg","datePublished":"2023-05-08T17:01:19+00:00","dateModified":"2024-10-28T22:18:31+00:00","description":"CANTARES LATINOAMERICANOS. \/ Celia E. Estrada Mart\u00ednez. Universidad de Guadalajara , Centro Universitario de Arte, Arquitectura y Dise\u00f1o, 2003.","breadcrumb":{"@id":"https:\/\/booksfrommexico.com\/es\/producto\/cantares-latinoamericanos\/#breadcrumb"},"inLanguage":"es","potentialAction":[{"@type":"ReadAction","target":["https:\/\/booksfrommexico.com\/es\/producto\/cantares-latinoamericanos\/"]}]},{"@type":"ImageObject","inLanguage":"es","@id":"https:\/\/booksfrommexico.com\/es\/producto\/cantares-latinoamericanos\/#primaryimage","url":"https:\/\/booksfrommexico.com\/app\/uploads\/2023\/05\/120235.jpeg","contentUrl":"https:\/\/booksfrommexico.com\/app\/uploads\/2023\/05\/120235.jpeg","width":603,"height":802},{"@type":"BreadcrumbList","@id":"https:\/\/booksfrommexico.com\/es\/producto\/cantares-latinoamericanos\/#breadcrumb","itemListElement":[{"@type":"ListItem","position":1,"name":"Home","item":"https:\/\/booksfrommexico.com\/es\/"},{"@type":"ListItem","position":2,"name":"Libros","item":"https:\/\/booksfrommexico.com\/es\/libros\/"},{"@type":"ListItem","position":3,"name":"Cantares latinoamericanos"}]},{"@type":"WebSite","@id":"https:\/\/booksfrommexico.com\/#website","url":"https:\/\/booksfrommexico.com\/","name":"Books From Mexico","description":"","publisher":{"@id":"https:\/\/booksfrommexico.com\/#organization"},"potentialAction":[{"@type":"SearchAction","target":{"@type":"EntryPoint","urlTemplate":"https:\/\/booksfrommexico.com\/?s={search_term_string}"},"query-input":{"@type":"PropertyValueSpecification","valueRequired":true,"valueName":"search_term_string"}}],"inLanguage":"es"},{"@type":"Organization","@id":"https:\/\/booksfrommexico.com\/#organization","name":"Books From Mexico","url":"https:\/\/booksfrommexico.com\/","logo":{"@type":"ImageObject","inLanguage":"es","@id":"https:\/\/booksfrommexico.com\/#\/schema\/logo\/image\/","url":"https:\/\/booksfrommexico.com\/app\/uploads\/2023\/05\/logo-booksfrommexico.svg","contentUrl":"https:\/\/booksfrommexico.com\/app\/uploads\/2023\/05\/logo-booksfrommexico.svg","width":86,"height":56,"caption":"Books From Mexico"},"image":{"@id":"https:\/\/booksfrommexico.com\/#\/schema\/logo\/image\/"}}]}},"_links":{"self":[{"href":"https:\/\/booksfrommexico.com\/es\/wp-json\/wp\/v2\/product\/362","targetHints":{"allow":["GET"]}}],"collection":[{"href":"https:\/\/booksfrommexico.com\/es\/wp-json\/wp\/v2\/product"}],"about":[{"href":"https:\/\/booksfrommexico.com\/es\/wp-json\/wp\/v2\/types\/product"}],"wp:featuredmedia":[{"embeddable":true,"href":"https:\/\/booksfrommexico.com\/es\/wp-json\/wp\/v2\/media\/361"}],"wp:attachment":[{"href":"https:\/\/booksfrommexico.com\/es\/wp-json\/wp\/v2\/media?parent=362"}],"wp:term":[{"taxonomy":"product_brand","embeddable":true,"href":"https:\/\/booksfrommexico.com\/es\/wp-json\/wp\/v2\/product_brand?post=362"},{"taxonomy":"product_cat","embeddable":true,"href":"https:\/\/booksfrommexico.com\/es\/wp-json\/wp\/v2\/product_cat?post=362"},{"taxonomy":"product_tag","embeddable":true,"href":"https:\/\/booksfrommexico.com\/es\/wp-json\/wp\/v2\/product_tag?post=362"}],"curies":[{"name":"wp","href":"https:\/\/api.w.org\/{rel}","templated":true}]}}