{"id":368,"date":"2023-05-08T17:01:25","date_gmt":"2023-05-08T17:01:25","guid":{"rendered":"http:\/\/booksfrommexico.com\/product\/diccionario-de-personajes-en-la-filatelia-de-mexico\/"},"modified":"2024-10-30T22:34:35","modified_gmt":"2024-10-30T22:34:35","slug":"diccionario-de-personajes-en-la-filatelia-de-mexico","status":"publish","type":"product","link":"https:\/\/booksfrommexico.com\/es\/producto\/diccionario-de-personajes-en-la-filatelia-de-mexico\/","title":{"rendered":"Diccionario de personajes en la filatelia de M\u00e9xico"},"content":{"rendered":"<p><span style=\"font-weight: 400;\">Este diccionario busca ser una herramienta directa en la preparaci\u00f3n de las colecciones tem\u00e1ticas que requieran identificar momentos en la historia de M\u00e9xico. Los timbres que se consideran aqu\u00ed son los emitidos por el correo mexicano desde 1856 hasta 2002, \u00fanicamente en aquellos donde aparece la imagen, retrato o fotograf\u00eda de alg\u00fan personaje mexicano o extranjero identificados, hist\u00f3rico o mitol\u00f3gico, pero no los que s\u00f3lo mencionan el nombre. El n\u00famero total de timbres incluidos es de 807, en los cuales aparecen 319 personajes, los cuales est\u00e1n relacionados con la vida art\u00edstica, civil, militar o pol\u00edtica del pa\u00eds, con las conmemoraciones, aniversarios, acontecimientos y personajes ilustres.<\/span><\/p>\n","protected":false},"excerpt":{"rendered":"<p>DICCIONARIO DE PERSONAJES EN LA FILATELIA DE M\u00c9XICO<span style=\"font-weight: 400;\">. \/ Sebasti\u00e1n S\u00e1nchez, Jos\u00e9 P\u00e9rez-Moreno. Oaxaca, M\u00e9xico : Museo de Filatelia de Oaxaca, 2003. 76 pages : includes tables, bibliography ; 28 cm.\u00a0<\/span><\/p>\n","protected":false},"featured_media":367,"template":"","meta":{"_acf_changed":false,"inline_featured_image":false},"product_brand":[],"product_cat":[27],"product_tag":[3657,4398,4541],"class_list":{"0":"post-368","1":"product","2":"type-product","3":"status-publish","4":"has-post-thumbnail","6":"product_cat-historia","7":"product_tag-historia","8":"product_tag-historia-mexico","9":"product_tag-historia-y-sociedad","11":"first","12":"instock","13":"sale","14":"taxable","15":"shipping-taxable","16":"purchasable","17":"product-type-simple"},"acf":[],"yoast_head":"<!-- This site is optimized with the Yoast SEO plugin v27.3 - https:\/\/yoast.com\/product\/yoast-seo-wordpress\/ -->\n<title>Diccionario de personajes en la filatelia de M\u00e9xico<\/title>\n<meta name=\"description\" content=\"DICCIONARIO DE PERSONAJES EN LA FILATELIA DE M\u00c9XICO. \/ Sebasti\u00e1n S\u00e1nchez, Jos\u00e9 P\u00e9rez-Moreno. Oaxaca, M\u00e9xico : Museo de Filatelia de Oaxaca, 2003.\" \/>\n<meta name=\"robots\" content=\"index, follow, max-snippet:-1, max-image-preview:large, max-video-preview:-1\" \/>\n<link rel=\"canonical\" href=\"https:\/\/booksfrommexico.com\/es\/producto\/diccionario-de-personajes-en-la-filatelia-de-mexico\/\" \/>\n<meta property=\"og:locale\" content=\"es_ES\" \/>\n<meta property=\"og:type\" content=\"article\" \/>\n<meta property=\"og:title\" content=\"Diccionario de personajes en la filatelia de M\u00e9xico\" \/>\n<meta property=\"og:description\" content=\"DICCIONARIO DE PERSONAJES EN LA FILATELIA DE M\u00c9XICO. \/ Sebasti\u00e1n S\u00e1nchez, Jos\u00e9 P\u00e9rez-Moreno. Oaxaca, M\u00e9xico : Museo de Filatelia de Oaxaca, 2003.\" \/>\n<meta property=\"og:url\" content=\"https:\/\/booksfrommexico.com\/es\/producto\/diccionario-de-personajes-en-la-filatelia-de-mexico\/\" \/>\n<meta property=\"og:site_name\" content=\"Books From Mexico\" \/>\n<meta property=\"article:modified_time\" content=\"2024-10-30T22:34:35+00:00\" \/>\n<meta property=\"og:image\" content=\"http:\/\/booksfrommexico.com\/app\/uploads\/2023\/05\/120866.jpeg\" \/>\n\t<meta property=\"og:image:width\" content=\"613\" \/>\n\t<meta property=\"og:image:height\" content=\"791\" \/>\n\t<meta property=\"og:image:type\" content=\"image\/jpeg\" \/>\n<meta name=\"twitter:card\" content=\"summary_large_image\" \/>\n<meta name=\"twitter:label1\" content=\"Tiempo de lectura\" \/>\n\t<meta name=\"twitter:data1\" content=\"1 minuto\" \/>\n<script type=\"application\/ld+json\" class=\"yoast-schema-graph\">{\"@context\":\"https:\\\/\\\/schema.org\",\"@graph\":[{\"@type\":\"WebPage\",\"@id\":\"https:\\\/\\\/booksfrommexico.com\\\/es\\\/producto\\\/diccionario-de-personajes-en-la-filatelia-de-mexico\\\/\",\"url\":\"https:\\\/\\\/booksfrommexico.com\\\/es\\\/producto\\\/diccionario-de-personajes-en-la-filatelia-de-mexico\\\/\",\"name\":\"Diccionario de personajes en la filatelia de M\u00e9xico\",\"isPartOf\":{\"@id\":\"https:\\\/\\\/booksfrommexico.com\\\/#website\"},\"primaryImageOfPage\":{\"@id\":\"https:\\\/\\\/booksfrommexico.com\\\/es\\\/producto\\\/diccionario-de-personajes-en-la-filatelia-de-mexico\\\/#primaryimage\"},\"image\":{\"@id\":\"https:\\\/\\\/booksfrommexico.com\\\/es\\\/producto\\\/diccionario-de-personajes-en-la-filatelia-de-mexico\\\/#primaryimage\"},\"thumbnailUrl\":\"https:\\\/\\\/booksfrommexico.com\\\/app\\\/uploads\\\/2023\\\/05\\\/120866.jpeg\",\"datePublished\":\"2023-05-08T17:01:25+00:00\",\"dateModified\":\"2024-10-30T22:34:35+00:00\",\"description\":\"DICCIONARIO DE PERSONAJES EN LA FILATELIA DE M\u00c9XICO. \\\/ Sebasti\u00e1n S\u00e1nchez, Jos\u00e9 P\u00e9rez-Moreno. Oaxaca, M\u00e9xico : Museo de Filatelia de Oaxaca, 2003.\",\"breadcrumb\":{\"@id\":\"https:\\\/\\\/booksfrommexico.com\\\/es\\\/producto\\\/diccionario-de-personajes-en-la-filatelia-de-mexico\\\/#breadcrumb\"},\"inLanguage\":\"es\",\"potentialAction\":[{\"@type\":\"ReadAction\",\"target\":[\"https:\\\/\\\/booksfrommexico.com\\\/es\\\/producto\\\/diccionario-de-personajes-en-la-filatelia-de-mexico\\\/\"]}]},{\"@type\":\"ImageObject\",\"inLanguage\":\"es\",\"@id\":\"https:\\\/\\\/booksfrommexico.com\\\/es\\\/producto\\\/diccionario-de-personajes-en-la-filatelia-de-mexico\\\/#primaryimage\",\"url\":\"https:\\\/\\\/booksfrommexico.com\\\/app\\\/uploads\\\/2023\\\/05\\\/120866.jpeg\",\"contentUrl\":\"https:\\\/\\\/booksfrommexico.com\\\/app\\\/uploads\\\/2023\\\/05\\\/120866.jpeg\",\"width\":613,\"height\":791},{\"@type\":\"BreadcrumbList\",\"@id\":\"https:\\\/\\\/booksfrommexico.com\\\/es\\\/producto\\\/diccionario-de-personajes-en-la-filatelia-de-mexico\\\/#breadcrumb\",\"itemListElement\":[{\"@type\":\"ListItem\",\"position\":1,\"name\":\"Home\",\"item\":\"https:\\\/\\\/booksfrommexico.com\\\/es\\\/\"},{\"@type\":\"ListItem\",\"position\":2,\"name\":\"Libros\",\"item\":\"https:\\\/\\\/booksfrommexico.com\\\/es\\\/libros\\\/\"},{\"@type\":\"ListItem\",\"position\":3,\"name\":\"Diccionario de personajes en la filatelia de M\u00e9xico\"}]},{\"@type\":\"WebSite\",\"@id\":\"https:\\\/\\\/booksfrommexico.com\\\/#website\",\"url\":\"https:\\\/\\\/booksfrommexico.com\\\/\",\"name\":\"Books From Mexico\",\"description\":\"\",\"publisher\":{\"@id\":\"https:\\\/\\\/booksfrommexico.com\\\/#organization\"},\"potentialAction\":[{\"@type\":\"SearchAction\",\"target\":{\"@type\":\"EntryPoint\",\"urlTemplate\":\"https:\\\/\\\/booksfrommexico.com\\\/?s={search_term_string}\"},\"query-input\":{\"@type\":\"PropertyValueSpecification\",\"valueRequired\":true,\"valueName\":\"search_term_string\"}}],\"inLanguage\":\"es\"},{\"@type\":\"Organization\",\"@id\":\"https:\\\/\\\/booksfrommexico.com\\\/#organization\",\"name\":\"Books From Mexico\",\"url\":\"https:\\\/\\\/booksfrommexico.com\\\/\",\"logo\":{\"@type\":\"ImageObject\",\"inLanguage\":\"es\",\"@id\":\"https:\\\/\\\/booksfrommexico.com\\\/#\\\/schema\\\/logo\\\/image\\\/\",\"url\":\"https:\\\/\\\/booksfrommexico.com\\\/app\\\/uploads\\\/2023\\\/05\\\/logo-booksfrommexico.svg\",\"contentUrl\":\"https:\\\/\\\/booksfrommexico.com\\\/app\\\/uploads\\\/2023\\\/05\\\/logo-booksfrommexico.svg\",\"width\":86,\"height\":56,\"caption\":\"Books From Mexico\"},\"image\":{\"@id\":\"https:\\\/\\\/booksfrommexico.com\\\/#\\\/schema\\\/logo\\\/image\\\/\"}}]}<\/script>\n<!-- \/ Yoast SEO plugin. -->","yoast_head_json":{"title":"Diccionario de personajes en la filatelia de M\u00e9xico","description":"DICCIONARIO DE PERSONAJES EN LA FILATELIA DE M\u00c9XICO. \/ Sebasti\u00e1n S\u00e1nchez, Jos\u00e9 P\u00e9rez-Moreno. Oaxaca, M\u00e9xico : Museo de Filatelia de Oaxaca, 2003.","robots":{"index":"index","follow":"follow","max-snippet":"max-snippet:-1","max-image-preview":"max-image-preview:large","max-video-preview":"max-video-preview:-1"},"canonical":"https:\/\/booksfrommexico.com\/es\/producto\/diccionario-de-personajes-en-la-filatelia-de-mexico\/","og_locale":"es_ES","og_type":"article","og_title":"Diccionario de personajes en la filatelia de M\u00e9xico","og_description":"DICCIONARIO DE PERSONAJES EN LA FILATELIA DE M\u00c9XICO. \/ Sebasti\u00e1n S\u00e1nchez, Jos\u00e9 P\u00e9rez-Moreno. Oaxaca, M\u00e9xico : Museo de Filatelia de Oaxaca, 2003.","og_url":"https:\/\/booksfrommexico.com\/es\/producto\/diccionario-de-personajes-en-la-filatelia-de-mexico\/","og_site_name":"Books From Mexico","article_modified_time":"2024-10-30T22:34:35+00:00","og_image":[{"width":613,"height":791,"url":"http:\/\/booksfrommexico.com\/app\/uploads\/2023\/05\/120866.jpeg","type":"image\/jpeg"}],"twitter_card":"summary_large_image","twitter_misc":{"Tiempo de lectura":"1 minuto"},"schema":{"@context":"https:\/\/schema.org","@graph":[{"@type":"WebPage","@id":"https:\/\/booksfrommexico.com\/es\/producto\/diccionario-de-personajes-en-la-filatelia-de-mexico\/","url":"https:\/\/booksfrommexico.com\/es\/producto\/diccionario-de-personajes-en-la-filatelia-de-mexico\/","name":"Diccionario de personajes en la filatelia de M\u00e9xico","isPartOf":{"@id":"https:\/\/booksfrommexico.com\/#website"},"primaryImageOfPage":{"@id":"https:\/\/booksfrommexico.com\/es\/producto\/diccionario-de-personajes-en-la-filatelia-de-mexico\/#primaryimage"},"image":{"@id":"https:\/\/booksfrommexico.com\/es\/producto\/diccionario-de-personajes-en-la-filatelia-de-mexico\/#primaryimage"},"thumbnailUrl":"https:\/\/booksfrommexico.com\/app\/uploads\/2023\/05\/120866.jpeg","datePublished":"2023-05-08T17:01:25+00:00","dateModified":"2024-10-30T22:34:35+00:00","description":"DICCIONARIO DE PERSONAJES EN LA FILATELIA DE M\u00c9XICO. \/ Sebasti\u00e1n S\u00e1nchez, Jos\u00e9 P\u00e9rez-Moreno. Oaxaca, M\u00e9xico : Museo de Filatelia de Oaxaca, 2003.","breadcrumb":{"@id":"https:\/\/booksfrommexico.com\/es\/producto\/diccionario-de-personajes-en-la-filatelia-de-mexico\/#breadcrumb"},"inLanguage":"es","potentialAction":[{"@type":"ReadAction","target":["https:\/\/booksfrommexico.com\/es\/producto\/diccionario-de-personajes-en-la-filatelia-de-mexico\/"]}]},{"@type":"ImageObject","inLanguage":"es","@id":"https:\/\/booksfrommexico.com\/es\/producto\/diccionario-de-personajes-en-la-filatelia-de-mexico\/#primaryimage","url":"https:\/\/booksfrommexico.com\/app\/uploads\/2023\/05\/120866.jpeg","contentUrl":"https:\/\/booksfrommexico.com\/app\/uploads\/2023\/05\/120866.jpeg","width":613,"height":791},{"@type":"BreadcrumbList","@id":"https:\/\/booksfrommexico.com\/es\/producto\/diccionario-de-personajes-en-la-filatelia-de-mexico\/#breadcrumb","itemListElement":[{"@type":"ListItem","position":1,"name":"Home","item":"https:\/\/booksfrommexico.com\/es\/"},{"@type":"ListItem","position":2,"name":"Libros","item":"https:\/\/booksfrommexico.com\/es\/libros\/"},{"@type":"ListItem","position":3,"name":"Diccionario de personajes en la filatelia de M\u00e9xico"}]},{"@type":"WebSite","@id":"https:\/\/booksfrommexico.com\/#website","url":"https:\/\/booksfrommexico.com\/","name":"Books From Mexico","description":"","publisher":{"@id":"https:\/\/booksfrommexico.com\/#organization"},"potentialAction":[{"@type":"SearchAction","target":{"@type":"EntryPoint","urlTemplate":"https:\/\/booksfrommexico.com\/?s={search_term_string}"},"query-input":{"@type":"PropertyValueSpecification","valueRequired":true,"valueName":"search_term_string"}}],"inLanguage":"es"},{"@type":"Organization","@id":"https:\/\/booksfrommexico.com\/#organization","name":"Books From Mexico","url":"https:\/\/booksfrommexico.com\/","logo":{"@type":"ImageObject","inLanguage":"es","@id":"https:\/\/booksfrommexico.com\/#\/schema\/logo\/image\/","url":"https:\/\/booksfrommexico.com\/app\/uploads\/2023\/05\/logo-booksfrommexico.svg","contentUrl":"https:\/\/booksfrommexico.com\/app\/uploads\/2023\/05\/logo-booksfrommexico.svg","width":86,"height":56,"caption":"Books From Mexico"},"image":{"@id":"https:\/\/booksfrommexico.com\/#\/schema\/logo\/image\/"}}]}},"_links":{"self":[{"href":"https:\/\/booksfrommexico.com\/es\/wp-json\/wp\/v2\/product\/368","targetHints":{"allow":["GET"]}}],"collection":[{"href":"https:\/\/booksfrommexico.com\/es\/wp-json\/wp\/v2\/product"}],"about":[{"href":"https:\/\/booksfrommexico.com\/es\/wp-json\/wp\/v2\/types\/product"}],"wp:featuredmedia":[{"embeddable":true,"href":"https:\/\/booksfrommexico.com\/es\/wp-json\/wp\/v2\/media\/367"}],"wp:attachment":[{"href":"https:\/\/booksfrommexico.com\/es\/wp-json\/wp\/v2\/media?parent=368"}],"wp:term":[{"taxonomy":"product_brand","embeddable":true,"href":"https:\/\/booksfrommexico.com\/es\/wp-json\/wp\/v2\/product_brand?post=368"},{"taxonomy":"product_cat","embeddable":true,"href":"https:\/\/booksfrommexico.com\/es\/wp-json\/wp\/v2\/product_cat?post=368"},{"taxonomy":"product_tag","embeddable":true,"href":"https:\/\/booksfrommexico.com\/es\/wp-json\/wp\/v2\/product_tag?post=368"}],"curies":[{"name":"wp","href":"https:\/\/api.w.org\/{rel}","templated":true}]}}