{"id":370,"date":"2023-05-08T17:01:27","date_gmt":"2023-05-08T17:01:27","guid":{"rendered":"http:\/\/booksfrommexico.com\/product\/museo-nacional-de-arte\/"},"modified":"2024-10-28T21:26:46","modified_gmt":"2024-10-28T21:26:46","slug":"museo-nacional-de-arte","status":"publish","type":"product","link":"https:\/\/booksfrommexico.com\/es\/producto\/museo-nacional-de-arte\/","title":{"rendered":"Museo Nacional de Arte"},"content":{"rendered":"<p><span style=\"font-weight: 400;\">Bajo la premisa de \u201ccoleccionar, conservar, estudiar, exhibir, interpretar y comunicar el arte mexicano desde el siglo XVI hasta la d\u00e9cada de los a\u00f1os cincuenta del siglo XX\u201d que tuvo el proyecto Munal 2000, el Museo Nacional de Arte ha tenido una serie de reformas que han continuado hasta la actualidad para mantener un acervo relevante, rico y en constante actualizaci\u00f3n. A lo largo de estas p\u00e1ginas se expone la historia de este emblem\u00e1tico lugar, desde sus inicios, arquitectura, distribuci\u00f3n y diversas colecciones que ha albergado con los a\u00f1os. Este t\u00edtulo muestra una recopilaci\u00f3n de fotograf\u00edas de la edificaci\u00f3n, de sus salas y algunas exposiciones, as\u00ed como\u00a0 reproducciones a color de pinturas pertenecientes al museo.<\/span><\/p>\n","protected":false},"excerpt":{"rendered":"<p>MUSEO NACIONAL DE ARTE<span style=\"font-weight: 400;\">. \/ Jaime Soler Frost (editor). M\u00e9xico, D.F. : Consejo Nacional para la Cultura y las Artes , Instituto Nacional de Bellas Artes , Museo Nacional de Arte , Patronato del Museo Nacional de Arte A.C. ; Telmex ; BMW M\u00e9xico ; Universidad Aut\u00f3noma Metropolitana, 2003. 222 pages :\u00a0 color photos, color illustrations, bibliographic notes, bibliography ; 28 cm. ISBN : 9685827001.<\/span><\/p>\n","protected":false},"featured_media":369,"template":"","meta":{"_acf_changed":false,"inline_featured_image":false},"product_brand":[],"product_cat":[87,400],"product_tag":[4044,4534,4201,3671,4043,4532],"class_list":{"0":"post-370","1":"product","2":"type-product","3":"status-publish","4":"has-post-thumbnail","6":"product_cat-arte","7":"product_cat-catalogos-de-exposiciones-arte","8":"product_tag-arte","9":"product_tag-arte-mexicano","10":"product_tag-dibujo-y-pintura","11":"product_tag-exposiciones","12":"product_tag-fotografia","13":"product_tag-museos","15":"first","16":"instock","17":"sale","18":"taxable","19":"shipping-taxable","20":"purchasable","21":"product-type-simple"},"acf":[],"yoast_head":"<!-- This site is optimized with the Yoast SEO plugin v27.3 - https:\/\/yoast.com\/product\/yoast-seo-wordpress\/ -->\n<title>Museo Nacional de Arte<\/title>\n<meta name=\"description\" content=\"MUSEO NACIONAL DE ARTE. \/ Jaime Soler Frost (editor). M\u00e9xico, D.F. : CONACULTA , INBA , Museo Nacional de Arte , ; Telmex ; BMW M\u00e9xico ; UAM, 2003.\" \/>\n<meta name=\"robots\" content=\"index, follow, max-snippet:-1, max-image-preview:large, max-video-preview:-1\" \/>\n<link rel=\"canonical\" href=\"https:\/\/booksfrommexico.com\/es\/producto\/museo-nacional-de-arte\/\" \/>\n<meta property=\"og:locale\" content=\"es_ES\" \/>\n<meta property=\"og:type\" content=\"article\" \/>\n<meta property=\"og:title\" content=\"Museo Nacional de Arte\" \/>\n<meta property=\"og:description\" content=\"MUSEO NACIONAL DE ARTE. \/ Jaime Soler Frost (editor). M\u00e9xico, D.F. : CONACULTA , INBA , Museo Nacional de Arte , ; Telmex ; BMW M\u00e9xico ; UAM, 2003.\" \/>\n<meta property=\"og:url\" content=\"https:\/\/booksfrommexico.com\/es\/producto\/museo-nacional-de-arte\/\" \/>\n<meta property=\"og:site_name\" content=\"Books From Mexico\" \/>\n<meta property=\"article:modified_time\" content=\"2024-10-28T21:26:46+00:00\" \/>\n<meta property=\"og:image\" content=\"http:\/\/booksfrommexico.com\/app\/uploads\/2023\/05\/121477.jpeg\" \/>\n\t<meta property=\"og:image:width\" content=\"625\" \/>\n\t<meta property=\"og:image:height\" content=\"815\" \/>\n\t<meta property=\"og:image:type\" content=\"image\/jpeg\" \/>\n<meta name=\"twitter:card\" content=\"summary_large_image\" \/>\n<meta name=\"twitter:label1\" content=\"Tiempo de lectura\" \/>\n\t<meta name=\"twitter:data1\" content=\"1 minuto\" \/>\n<script type=\"application\/ld+json\" class=\"yoast-schema-graph\">{\"@context\":\"https:\\\/\\\/schema.org\",\"@graph\":[{\"@type\":\"WebPage\",\"@id\":\"https:\\\/\\\/booksfrommexico.com\\\/es\\\/producto\\\/museo-nacional-de-arte\\\/\",\"url\":\"https:\\\/\\\/booksfrommexico.com\\\/es\\\/producto\\\/museo-nacional-de-arte\\\/\",\"name\":\"Museo Nacional de Arte\",\"isPartOf\":{\"@id\":\"https:\\\/\\\/booksfrommexico.com\\\/#website\"},\"primaryImageOfPage\":{\"@id\":\"https:\\\/\\\/booksfrommexico.com\\\/es\\\/producto\\\/museo-nacional-de-arte\\\/#primaryimage\"},\"image\":{\"@id\":\"https:\\\/\\\/booksfrommexico.com\\\/es\\\/producto\\\/museo-nacional-de-arte\\\/#primaryimage\"},\"thumbnailUrl\":\"https:\\\/\\\/booksfrommexico.com\\\/app\\\/uploads\\\/2023\\\/05\\\/121477.jpeg\",\"datePublished\":\"2023-05-08T17:01:27+00:00\",\"dateModified\":\"2024-10-28T21:26:46+00:00\",\"description\":\"MUSEO NACIONAL DE ARTE. \\\/ Jaime Soler Frost (editor). M\u00e9xico, D.F. : CONACULTA , INBA , Museo Nacional de Arte , ; Telmex ; BMW M\u00e9xico ; UAM, 2003.\",\"breadcrumb\":{\"@id\":\"https:\\\/\\\/booksfrommexico.com\\\/es\\\/producto\\\/museo-nacional-de-arte\\\/#breadcrumb\"},\"inLanguage\":\"es\",\"potentialAction\":[{\"@type\":\"ReadAction\",\"target\":[\"https:\\\/\\\/booksfrommexico.com\\\/es\\\/producto\\\/museo-nacional-de-arte\\\/\"]}]},{\"@type\":\"ImageObject\",\"inLanguage\":\"es\",\"@id\":\"https:\\\/\\\/booksfrommexico.com\\\/es\\\/producto\\\/museo-nacional-de-arte\\\/#primaryimage\",\"url\":\"https:\\\/\\\/booksfrommexico.com\\\/app\\\/uploads\\\/2023\\\/05\\\/121477.jpeg\",\"contentUrl\":\"https:\\\/\\\/booksfrommexico.com\\\/app\\\/uploads\\\/2023\\\/05\\\/121477.jpeg\",\"width\":625,\"height\":815},{\"@type\":\"BreadcrumbList\",\"@id\":\"https:\\\/\\\/booksfrommexico.com\\\/es\\\/producto\\\/museo-nacional-de-arte\\\/#breadcrumb\",\"itemListElement\":[{\"@type\":\"ListItem\",\"position\":1,\"name\":\"Home\",\"item\":\"https:\\\/\\\/booksfrommexico.com\\\/es\\\/\"},{\"@type\":\"ListItem\",\"position\":2,\"name\":\"Libros\",\"item\":\"https:\\\/\\\/booksfrommexico.com\\\/es\\\/libros\\\/\"},{\"@type\":\"ListItem\",\"position\":3,\"name\":\"Museo Nacional de Arte\"}]},{\"@type\":\"WebSite\",\"@id\":\"https:\\\/\\\/booksfrommexico.com\\\/#website\",\"url\":\"https:\\\/\\\/booksfrommexico.com\\\/\",\"name\":\"Books From Mexico\",\"description\":\"\",\"publisher\":{\"@id\":\"https:\\\/\\\/booksfrommexico.com\\\/#organization\"},\"potentialAction\":[{\"@type\":\"SearchAction\",\"target\":{\"@type\":\"EntryPoint\",\"urlTemplate\":\"https:\\\/\\\/booksfrommexico.com\\\/?s={search_term_string}\"},\"query-input\":{\"@type\":\"PropertyValueSpecification\",\"valueRequired\":true,\"valueName\":\"search_term_string\"}}],\"inLanguage\":\"es\"},{\"@type\":\"Organization\",\"@id\":\"https:\\\/\\\/booksfrommexico.com\\\/#organization\",\"name\":\"Books From Mexico\",\"url\":\"https:\\\/\\\/booksfrommexico.com\\\/\",\"logo\":{\"@type\":\"ImageObject\",\"inLanguage\":\"es\",\"@id\":\"https:\\\/\\\/booksfrommexico.com\\\/#\\\/schema\\\/logo\\\/image\\\/\",\"url\":\"https:\\\/\\\/booksfrommexico.com\\\/app\\\/uploads\\\/2023\\\/05\\\/logo-booksfrommexico.svg\",\"contentUrl\":\"https:\\\/\\\/booksfrommexico.com\\\/app\\\/uploads\\\/2023\\\/05\\\/logo-booksfrommexico.svg\",\"width\":86,\"height\":56,\"caption\":\"Books From Mexico\"},\"image\":{\"@id\":\"https:\\\/\\\/booksfrommexico.com\\\/#\\\/schema\\\/logo\\\/image\\\/\"}}]}<\/script>\n<!-- \/ Yoast SEO plugin. -->","yoast_head_json":{"title":"Museo Nacional de Arte","description":"MUSEO NACIONAL DE ARTE. \/ Jaime Soler Frost (editor). M\u00e9xico, D.F. : CONACULTA , INBA , Museo Nacional de Arte , ; Telmex ; BMW M\u00e9xico ; UAM, 2003.","robots":{"index":"index","follow":"follow","max-snippet":"max-snippet:-1","max-image-preview":"max-image-preview:large","max-video-preview":"max-video-preview:-1"},"canonical":"https:\/\/booksfrommexico.com\/es\/producto\/museo-nacional-de-arte\/","og_locale":"es_ES","og_type":"article","og_title":"Museo Nacional de Arte","og_description":"MUSEO NACIONAL DE ARTE. \/ Jaime Soler Frost (editor). M\u00e9xico, D.F. : CONACULTA , INBA , Museo Nacional de Arte , ; Telmex ; BMW M\u00e9xico ; UAM, 2003.","og_url":"https:\/\/booksfrommexico.com\/es\/producto\/museo-nacional-de-arte\/","og_site_name":"Books From Mexico","article_modified_time":"2024-10-28T21:26:46+00:00","og_image":[{"width":625,"height":815,"url":"http:\/\/booksfrommexico.com\/app\/uploads\/2023\/05\/121477.jpeg","type":"image\/jpeg"}],"twitter_card":"summary_large_image","twitter_misc":{"Tiempo de lectura":"1 minuto"},"schema":{"@context":"https:\/\/schema.org","@graph":[{"@type":"WebPage","@id":"https:\/\/booksfrommexico.com\/es\/producto\/museo-nacional-de-arte\/","url":"https:\/\/booksfrommexico.com\/es\/producto\/museo-nacional-de-arte\/","name":"Museo Nacional de Arte","isPartOf":{"@id":"https:\/\/booksfrommexico.com\/#website"},"primaryImageOfPage":{"@id":"https:\/\/booksfrommexico.com\/es\/producto\/museo-nacional-de-arte\/#primaryimage"},"image":{"@id":"https:\/\/booksfrommexico.com\/es\/producto\/museo-nacional-de-arte\/#primaryimage"},"thumbnailUrl":"https:\/\/booksfrommexico.com\/app\/uploads\/2023\/05\/121477.jpeg","datePublished":"2023-05-08T17:01:27+00:00","dateModified":"2024-10-28T21:26:46+00:00","description":"MUSEO NACIONAL DE ARTE. \/ Jaime Soler Frost (editor). M\u00e9xico, D.F. : CONACULTA , INBA , Museo Nacional de Arte , ; Telmex ; BMW M\u00e9xico ; UAM, 2003.","breadcrumb":{"@id":"https:\/\/booksfrommexico.com\/es\/producto\/museo-nacional-de-arte\/#breadcrumb"},"inLanguage":"es","potentialAction":[{"@type":"ReadAction","target":["https:\/\/booksfrommexico.com\/es\/producto\/museo-nacional-de-arte\/"]}]},{"@type":"ImageObject","inLanguage":"es","@id":"https:\/\/booksfrommexico.com\/es\/producto\/museo-nacional-de-arte\/#primaryimage","url":"https:\/\/booksfrommexico.com\/app\/uploads\/2023\/05\/121477.jpeg","contentUrl":"https:\/\/booksfrommexico.com\/app\/uploads\/2023\/05\/121477.jpeg","width":625,"height":815},{"@type":"BreadcrumbList","@id":"https:\/\/booksfrommexico.com\/es\/producto\/museo-nacional-de-arte\/#breadcrumb","itemListElement":[{"@type":"ListItem","position":1,"name":"Home","item":"https:\/\/booksfrommexico.com\/es\/"},{"@type":"ListItem","position":2,"name":"Libros","item":"https:\/\/booksfrommexico.com\/es\/libros\/"},{"@type":"ListItem","position":3,"name":"Museo Nacional de Arte"}]},{"@type":"WebSite","@id":"https:\/\/booksfrommexico.com\/#website","url":"https:\/\/booksfrommexico.com\/","name":"Books From Mexico","description":"","publisher":{"@id":"https:\/\/booksfrommexico.com\/#organization"},"potentialAction":[{"@type":"SearchAction","target":{"@type":"EntryPoint","urlTemplate":"https:\/\/booksfrommexico.com\/?s={search_term_string}"},"query-input":{"@type":"PropertyValueSpecification","valueRequired":true,"valueName":"search_term_string"}}],"inLanguage":"es"},{"@type":"Organization","@id":"https:\/\/booksfrommexico.com\/#organization","name":"Books From Mexico","url":"https:\/\/booksfrommexico.com\/","logo":{"@type":"ImageObject","inLanguage":"es","@id":"https:\/\/booksfrommexico.com\/#\/schema\/logo\/image\/","url":"https:\/\/booksfrommexico.com\/app\/uploads\/2023\/05\/logo-booksfrommexico.svg","contentUrl":"https:\/\/booksfrommexico.com\/app\/uploads\/2023\/05\/logo-booksfrommexico.svg","width":86,"height":56,"caption":"Books From Mexico"},"image":{"@id":"https:\/\/booksfrommexico.com\/#\/schema\/logo\/image\/"}}]}},"_links":{"self":[{"href":"https:\/\/booksfrommexico.com\/es\/wp-json\/wp\/v2\/product\/370","targetHints":{"allow":["GET"]}}],"collection":[{"href":"https:\/\/booksfrommexico.com\/es\/wp-json\/wp\/v2\/product"}],"about":[{"href":"https:\/\/booksfrommexico.com\/es\/wp-json\/wp\/v2\/types\/product"}],"wp:featuredmedia":[{"embeddable":true,"href":"https:\/\/booksfrommexico.com\/es\/wp-json\/wp\/v2\/media\/369"}],"wp:attachment":[{"href":"https:\/\/booksfrommexico.com\/es\/wp-json\/wp\/v2\/media?parent=370"}],"wp:term":[{"taxonomy":"product_brand","embeddable":true,"href":"https:\/\/booksfrommexico.com\/es\/wp-json\/wp\/v2\/product_brand?post=370"},{"taxonomy":"product_cat","embeddable":true,"href":"https:\/\/booksfrommexico.com\/es\/wp-json\/wp\/v2\/product_cat?post=370"},{"taxonomy":"product_tag","embeddable":true,"href":"https:\/\/booksfrommexico.com\/es\/wp-json\/wp\/v2\/product_tag?post=370"}],"curies":[{"name":"wp","href":"https:\/\/api.w.org\/{rel}","templated":true}]}}