{"id":374,"date":"2023-05-08T17:01:31","date_gmt":"2023-05-08T17:01:31","guid":{"rendered":"http:\/\/booksfrommexico.com\/product\/choix-horizontes-sin-fin\/"},"modified":"2024-04-17T22:47:43","modified_gmt":"2024-04-17T22:47:43","slug":"choix-horizontes-sin-fin","status":"publish","type":"product","link":"https:\/\/booksfrommexico.com\/es\/producto\/choix-horizontes-sin-fin\/","title":{"rendered":"Choix : Horizontes sin fin"},"content":{"rendered":"<p><span style=\"font-weight: 400;\">Memorial de la regi\u00f3n de Sinaloa Choix, inspirada en el deseo familiar de dejar constancia, perpetuar lugares, personas y acontecimientos ligados a la familia del autor, as\u00ed como para dar a conocer a las generaciones futuras el punto de partida de sus antepasados. Con el af\u00e1n de concederle a Choix la relevancia que merece, es a trav\u00e9s de la familia Balderrama G\u00f3mez que se puede conocer la historia de esta regi\u00f3n de Sinaloa, contando con material de primera instancia como actas de nacimiento y de matrimonio, esquelas, publicaciones de peri\u00f3dicos, fotograf\u00edas y documentos personales de la familia.<\/span><\/p>\n","protected":false},"excerpt":{"rendered":"<p>CHOIX : HORIZONTES SIN FIN<span style=\"font-weight: 400;\">. \/ Roberto Balderrama G\u00f3mez. Culiac\u00e1n, Sinaloa, M\u00e9xico : Creativos7Editorial, 2018. 187 pages : includes color photos, tables ; 21 cm.<\/span><\/p>\n","protected":false},"featured_media":373,"template":"","meta":{"_acf_changed":false,"inline_featured_image":false},"product_brand":[],"product_cat":[27],"product_tag":[3657,3880,4242],"class_list":{"0":"post-374","1":"product","2":"type-product","3":"status-publish","4":"has-post-thumbnail","6":"product_cat-historia","7":"product_tag-historia","8":"product_tag-identidad-cultural","9":"product_tag-sinaloa-mexico","11":"first","12":"instock","13":"taxable","14":"shipping-taxable","15":"purchasable","16":"product-type-simple"},"acf":[],"yoast_head":"<!-- This site is optimized with the Yoast SEO plugin v27.3 - https:\/\/yoast.com\/product\/yoast-seo-wordpress\/ -->\n<title>Choix: Horizontes sin fin<\/title>\n<meta name=\"description\" content=\"CHOIX : HORIZONTES SIN FIN. \/ Roberto Balderrama G\u00f3mez. Culiac\u00e1n, Sinaloa, M\u00e9xico : Creativos7Editorial, 2018. 187 pages : includes color photos, tables.\" \/>\n<meta name=\"robots\" content=\"index, follow, max-snippet:-1, max-image-preview:large, max-video-preview:-1\" \/>\n<link rel=\"canonical\" href=\"https:\/\/booksfrommexico.com\/es\/producto\/choix-horizontes-sin-fin\/\" \/>\n<meta property=\"og:locale\" content=\"es_ES\" \/>\n<meta property=\"og:type\" content=\"article\" \/>\n<meta property=\"og:title\" content=\"Choix: Horizontes sin fin\" \/>\n<meta property=\"og:description\" content=\"CHOIX : HORIZONTES SIN FIN. \/ Roberto Balderrama G\u00f3mez. Culiac\u00e1n, Sinaloa, M\u00e9xico : Creativos7Editorial, 2018. 187 pages : includes color photos, tables.\" \/>\n<meta property=\"og:url\" content=\"https:\/\/booksfrommexico.com\/es\/producto\/choix-horizontes-sin-fin\/\" \/>\n<meta property=\"og:site_name\" content=\"Books From Mexico\" \/>\n<meta property=\"article:modified_time\" content=\"2024-04-17T22:47:43+00:00\" \/>\n<meta property=\"og:image\" content=\"http:\/\/booksfrommexico.com\/app\/uploads\/2023\/05\/192325.jpeg\" \/>\n\t<meta property=\"og:image:width\" content=\"473\" \/>\n\t<meta property=\"og:image:height\" content=\"617\" \/>\n\t<meta property=\"og:image:type\" content=\"image\/jpeg\" \/>\n<meta name=\"twitter:card\" content=\"summary_large_image\" \/>\n<meta name=\"twitter:label1\" content=\"Tiempo de lectura\" \/>\n\t<meta name=\"twitter:data1\" content=\"1 minuto\" \/>\n<script type=\"application\/ld+json\" class=\"yoast-schema-graph\">{\"@context\":\"https:\\\/\\\/schema.org\",\"@graph\":[{\"@type\":\"WebPage\",\"@id\":\"https:\\\/\\\/booksfrommexico.com\\\/es\\\/producto\\\/choix-horizontes-sin-fin\\\/\",\"url\":\"https:\\\/\\\/booksfrommexico.com\\\/es\\\/producto\\\/choix-horizontes-sin-fin\\\/\",\"name\":\"Choix: Horizontes sin fin\",\"isPartOf\":{\"@id\":\"https:\\\/\\\/booksfrommexico.com\\\/#website\"},\"primaryImageOfPage\":{\"@id\":\"https:\\\/\\\/booksfrommexico.com\\\/es\\\/producto\\\/choix-horizontes-sin-fin\\\/#primaryimage\"},\"image\":{\"@id\":\"https:\\\/\\\/booksfrommexico.com\\\/es\\\/producto\\\/choix-horizontes-sin-fin\\\/#primaryimage\"},\"thumbnailUrl\":\"https:\\\/\\\/booksfrommexico.com\\\/app\\\/uploads\\\/2023\\\/05\\\/192325.jpeg\",\"datePublished\":\"2023-05-08T17:01:31+00:00\",\"dateModified\":\"2024-04-17T22:47:43+00:00\",\"description\":\"CHOIX : HORIZONTES SIN FIN. \\\/ Roberto Balderrama G\u00f3mez. Culiac\u00e1n, Sinaloa, M\u00e9xico : Creativos7Editorial, 2018. 187 pages : includes color photos, tables.\",\"breadcrumb\":{\"@id\":\"https:\\\/\\\/booksfrommexico.com\\\/es\\\/producto\\\/choix-horizontes-sin-fin\\\/#breadcrumb\"},\"inLanguage\":\"es\",\"potentialAction\":[{\"@type\":\"ReadAction\",\"target\":[\"https:\\\/\\\/booksfrommexico.com\\\/es\\\/producto\\\/choix-horizontes-sin-fin\\\/\"]}]},{\"@type\":\"ImageObject\",\"inLanguage\":\"es\",\"@id\":\"https:\\\/\\\/booksfrommexico.com\\\/es\\\/producto\\\/choix-horizontes-sin-fin\\\/#primaryimage\",\"url\":\"https:\\\/\\\/booksfrommexico.com\\\/app\\\/uploads\\\/2023\\\/05\\\/192325.jpeg\",\"contentUrl\":\"https:\\\/\\\/booksfrommexico.com\\\/app\\\/uploads\\\/2023\\\/05\\\/192325.jpeg\",\"width\":473,\"height\":617},{\"@type\":\"BreadcrumbList\",\"@id\":\"https:\\\/\\\/booksfrommexico.com\\\/es\\\/producto\\\/choix-horizontes-sin-fin\\\/#breadcrumb\",\"itemListElement\":[{\"@type\":\"ListItem\",\"position\":1,\"name\":\"Home\",\"item\":\"https:\\\/\\\/booksfrommexico.com\\\/es\\\/\"},{\"@type\":\"ListItem\",\"position\":2,\"name\":\"Libros\",\"item\":\"https:\\\/\\\/booksfrommexico.com\\\/es\\\/libros\\\/\"},{\"@type\":\"ListItem\",\"position\":3,\"name\":\"Choix : Horizontes sin fin\"}]},{\"@type\":\"WebSite\",\"@id\":\"https:\\\/\\\/booksfrommexico.com\\\/#website\",\"url\":\"https:\\\/\\\/booksfrommexico.com\\\/\",\"name\":\"Books From Mexico\",\"description\":\"\",\"publisher\":{\"@id\":\"https:\\\/\\\/booksfrommexico.com\\\/#organization\"},\"potentialAction\":[{\"@type\":\"SearchAction\",\"target\":{\"@type\":\"EntryPoint\",\"urlTemplate\":\"https:\\\/\\\/booksfrommexico.com\\\/?s={search_term_string}\"},\"query-input\":{\"@type\":\"PropertyValueSpecification\",\"valueRequired\":true,\"valueName\":\"search_term_string\"}}],\"inLanguage\":\"es\"},{\"@type\":\"Organization\",\"@id\":\"https:\\\/\\\/booksfrommexico.com\\\/#organization\",\"name\":\"Books From Mexico\",\"url\":\"https:\\\/\\\/booksfrommexico.com\\\/\",\"logo\":{\"@type\":\"ImageObject\",\"inLanguage\":\"es\",\"@id\":\"https:\\\/\\\/booksfrommexico.com\\\/#\\\/schema\\\/logo\\\/image\\\/\",\"url\":\"https:\\\/\\\/booksfrommexico.com\\\/app\\\/uploads\\\/2023\\\/05\\\/logo-booksfrommexico.svg\",\"contentUrl\":\"https:\\\/\\\/booksfrommexico.com\\\/app\\\/uploads\\\/2023\\\/05\\\/logo-booksfrommexico.svg\",\"width\":86,\"height\":56,\"caption\":\"Books From Mexico\"},\"image\":{\"@id\":\"https:\\\/\\\/booksfrommexico.com\\\/#\\\/schema\\\/logo\\\/image\\\/\"}}]}<\/script>\n<!-- \/ Yoast SEO plugin. -->","yoast_head_json":{"title":"Choix: Horizontes sin fin","description":"CHOIX : HORIZONTES SIN FIN. \/ Roberto Balderrama G\u00f3mez. Culiac\u00e1n, Sinaloa, M\u00e9xico : Creativos7Editorial, 2018. 187 pages : includes color photos, tables.","robots":{"index":"index","follow":"follow","max-snippet":"max-snippet:-1","max-image-preview":"max-image-preview:large","max-video-preview":"max-video-preview:-1"},"canonical":"https:\/\/booksfrommexico.com\/es\/producto\/choix-horizontes-sin-fin\/","og_locale":"es_ES","og_type":"article","og_title":"Choix: Horizontes sin fin","og_description":"CHOIX : HORIZONTES SIN FIN. \/ Roberto Balderrama G\u00f3mez. Culiac\u00e1n, Sinaloa, M\u00e9xico : Creativos7Editorial, 2018. 187 pages : includes color photos, tables.","og_url":"https:\/\/booksfrommexico.com\/es\/producto\/choix-horizontes-sin-fin\/","og_site_name":"Books From Mexico","article_modified_time":"2024-04-17T22:47:43+00:00","og_image":[{"width":473,"height":617,"url":"http:\/\/booksfrommexico.com\/app\/uploads\/2023\/05\/192325.jpeg","type":"image\/jpeg"}],"twitter_card":"summary_large_image","twitter_misc":{"Tiempo de lectura":"1 minuto"},"schema":{"@context":"https:\/\/schema.org","@graph":[{"@type":"WebPage","@id":"https:\/\/booksfrommexico.com\/es\/producto\/choix-horizontes-sin-fin\/","url":"https:\/\/booksfrommexico.com\/es\/producto\/choix-horizontes-sin-fin\/","name":"Choix: Horizontes sin fin","isPartOf":{"@id":"https:\/\/booksfrommexico.com\/#website"},"primaryImageOfPage":{"@id":"https:\/\/booksfrommexico.com\/es\/producto\/choix-horizontes-sin-fin\/#primaryimage"},"image":{"@id":"https:\/\/booksfrommexico.com\/es\/producto\/choix-horizontes-sin-fin\/#primaryimage"},"thumbnailUrl":"https:\/\/booksfrommexico.com\/app\/uploads\/2023\/05\/192325.jpeg","datePublished":"2023-05-08T17:01:31+00:00","dateModified":"2024-04-17T22:47:43+00:00","description":"CHOIX : HORIZONTES SIN FIN. \/ Roberto Balderrama G\u00f3mez. Culiac\u00e1n, Sinaloa, M\u00e9xico : Creativos7Editorial, 2018. 187 pages : includes color photos, tables.","breadcrumb":{"@id":"https:\/\/booksfrommexico.com\/es\/producto\/choix-horizontes-sin-fin\/#breadcrumb"},"inLanguage":"es","potentialAction":[{"@type":"ReadAction","target":["https:\/\/booksfrommexico.com\/es\/producto\/choix-horizontes-sin-fin\/"]}]},{"@type":"ImageObject","inLanguage":"es","@id":"https:\/\/booksfrommexico.com\/es\/producto\/choix-horizontes-sin-fin\/#primaryimage","url":"https:\/\/booksfrommexico.com\/app\/uploads\/2023\/05\/192325.jpeg","contentUrl":"https:\/\/booksfrommexico.com\/app\/uploads\/2023\/05\/192325.jpeg","width":473,"height":617},{"@type":"BreadcrumbList","@id":"https:\/\/booksfrommexico.com\/es\/producto\/choix-horizontes-sin-fin\/#breadcrumb","itemListElement":[{"@type":"ListItem","position":1,"name":"Home","item":"https:\/\/booksfrommexico.com\/es\/"},{"@type":"ListItem","position":2,"name":"Libros","item":"https:\/\/booksfrommexico.com\/es\/libros\/"},{"@type":"ListItem","position":3,"name":"Choix : Horizontes sin fin"}]},{"@type":"WebSite","@id":"https:\/\/booksfrommexico.com\/#website","url":"https:\/\/booksfrommexico.com\/","name":"Books From Mexico","description":"","publisher":{"@id":"https:\/\/booksfrommexico.com\/#organization"},"potentialAction":[{"@type":"SearchAction","target":{"@type":"EntryPoint","urlTemplate":"https:\/\/booksfrommexico.com\/?s={search_term_string}"},"query-input":{"@type":"PropertyValueSpecification","valueRequired":true,"valueName":"search_term_string"}}],"inLanguage":"es"},{"@type":"Organization","@id":"https:\/\/booksfrommexico.com\/#organization","name":"Books From Mexico","url":"https:\/\/booksfrommexico.com\/","logo":{"@type":"ImageObject","inLanguage":"es","@id":"https:\/\/booksfrommexico.com\/#\/schema\/logo\/image\/","url":"https:\/\/booksfrommexico.com\/app\/uploads\/2023\/05\/logo-booksfrommexico.svg","contentUrl":"https:\/\/booksfrommexico.com\/app\/uploads\/2023\/05\/logo-booksfrommexico.svg","width":86,"height":56,"caption":"Books From Mexico"},"image":{"@id":"https:\/\/booksfrommexico.com\/#\/schema\/logo\/image\/"}}]}},"_links":{"self":[{"href":"https:\/\/booksfrommexico.com\/es\/wp-json\/wp\/v2\/product\/374","targetHints":{"allow":["GET"]}}],"collection":[{"href":"https:\/\/booksfrommexico.com\/es\/wp-json\/wp\/v2\/product"}],"about":[{"href":"https:\/\/booksfrommexico.com\/es\/wp-json\/wp\/v2\/types\/product"}],"wp:featuredmedia":[{"embeddable":true,"href":"https:\/\/booksfrommexico.com\/es\/wp-json\/wp\/v2\/media\/373"}],"wp:attachment":[{"href":"https:\/\/booksfrommexico.com\/es\/wp-json\/wp\/v2\/media?parent=374"}],"wp:term":[{"taxonomy":"product_brand","embeddable":true,"href":"https:\/\/booksfrommexico.com\/es\/wp-json\/wp\/v2\/product_brand?post=374"},{"taxonomy":"product_cat","embeddable":true,"href":"https:\/\/booksfrommexico.com\/es\/wp-json\/wp\/v2\/product_cat?post=374"},{"taxonomy":"product_tag","embeddable":true,"href":"https:\/\/booksfrommexico.com\/es\/wp-json\/wp\/v2\/product_tag?post=374"}],"curies":[{"name":"wp","href":"https:\/\/api.w.org\/{rel}","templated":true}]}}