{"id":378,"date":"2023-05-08T17:01:35","date_gmt":"2023-05-08T17:01:35","guid":{"rendered":"http:\/\/booksfrommexico.com\/product\/el-5-de-mayo-periodico-del-estado-de-sinaloa\/"},"modified":"2025-04-21T17:37:32","modified_gmt":"2025-04-21T17:37:32","slug":"el-5-de-mayo-periodico-del-estado-de-sinaloa","status":"publish","type":"product","link":"https:\/\/booksfrommexico.com\/es\/producto\/el-5-de-mayo-periodico-del-estado-de-sinaloa\/","title":{"rendered":"El 5 de mayo: Peri\u00f3dico del Estado de Sinaloa, 1866"},"content":{"rendered":"<p><i><span style=\"font-weight: 400;\">El 5 de mayo <\/span><\/i><span style=\"font-weight: 400;\">fue un semanario de cuatro p\u00e1ginas publicado en Culiac\u00e1n en el a\u00f1o de 1866 que se encarg\u00f3 de informar con detalle y precisi\u00f3n sobre los sucesos acaecidos durante la guerra de intervenci\u00f3n francesa en Sinaloa. Su circulaci\u00f3n es con frecuencia ignorada por la mayor\u00eda de los estudiosos ya que su circulaci\u00f3n estuvo limitada, y su edici\u00f3n recuperada es gracias a Jos\u00e9 Mar\u00eda Muri\u00e1 y Ang\u00e9lica Peregrina. Esta transcripci\u00f3n permite analizar con detenimiento el contenido dividido, ya que adem\u00e1s est\u00e1 dividido en siete secciones y es la compilaci\u00f3n m\u00e1s completa \u2013pese a faltar el n\u00famero 28\u2013, ya que se recuperaron el n\u00famero 15 y 18 por la Universidad de Sonora.<\/span><\/p>\n","protected":false},"excerpt":{"rendered":"<p>EL 5 DE MAYO : PERI\u00d3DICO DEL ESTADO DE SINALOA, 1866<span style=\"font-weight: 400;\">. \/ Nicol\u00e1s Vidales Soto (compilator). Zapopan, Jalisco, M\u00e9xico : El Colegio de Jalisco ; Culiac\u00e1n, Sinaloa, M\u00e9xico : Creativos7 Editorial, 1998. 180 pages : includes illustration ; 28 cm. ISBN : 9686142703.<\/span><\/p>\n","protected":false},"featured_media":377,"template":"","meta":{"_acf_changed":false,"inline_featured_image":false},"product_brand":[],"product_cat":[27],"product_tag":[4398,3607,4172,4242],"class_list":{"0":"post-378","1":"product","2":"type-product","3":"status-publish","4":"has-post-thumbnail","6":"product_cat-historia","7":"product_tag-historia-mexico","8":"product_tag-historia-local","9":"product_tag-periodismo","10":"product_tag-sinaloa-mexico","12":"first","13":"outofstock","14":"taxable","15":"shipping-taxable","16":"purchasable","17":"product-type-simple"},"acf":[],"yoast_head":"<!-- This site is optimized with the Yoast SEO plugin v27.3 - https:\/\/yoast.com\/product\/yoast-seo-wordpress\/ -->\n<title>El 5 de mayo: Peri\u00f3dico del Estado de Sinaloa, 1866<\/title>\n<meta name=\"description\" content=\"EL 5 DE MAYO : PERI\u00d3DICO DEL ESTADO DE SINALOA, 1866. \/ Nicol\u00e1s Vidales Soto (compilator). El Colegio de Jalisco ; Creativos7 Editorial. ISBN : 9686142703.\" \/>\n<meta name=\"robots\" content=\"index, follow, max-snippet:-1, max-image-preview:large, max-video-preview:-1\" \/>\n<link rel=\"canonical\" href=\"https:\/\/booksfrommexico.com\/es\/producto\/el-5-de-mayo-periodico-del-estado-de-sinaloa\/\" \/>\n<meta property=\"og:locale\" content=\"es_ES\" \/>\n<meta property=\"og:type\" content=\"article\" \/>\n<meta property=\"og:title\" content=\"El 5 de mayo: Peri\u00f3dico del Estado de Sinaloa, 1866\" \/>\n<meta property=\"og:description\" content=\"EL 5 DE MAYO : PERI\u00d3DICO DEL ESTADO DE SINALOA, 1866. \/ Nicol\u00e1s Vidales Soto (compilator). El Colegio de Jalisco ; Creativos7 Editorial. ISBN : 9686142703.\" \/>\n<meta property=\"og:url\" content=\"https:\/\/booksfrommexico.com\/es\/producto\/el-5-de-mayo-periodico-del-estado-de-sinaloa\/\" \/>\n<meta property=\"og:site_name\" content=\"Books From Mexico\" \/>\n<meta property=\"article:modified_time\" content=\"2025-04-21T17:37:32+00:00\" \/>\n<meta property=\"og:image\" content=\"http:\/\/booksfrommexico.com\/app\/uploads\/2023\/05\/192318.jpeg\" \/>\n\t<meta property=\"og:image:width\" content=\"615\" \/>\n\t<meta property=\"og:image:height\" content=\"798\" \/>\n\t<meta property=\"og:image:type\" content=\"image\/jpeg\" \/>\n<meta name=\"twitter:card\" content=\"summary_large_image\" \/>\n<meta name=\"twitter:label1\" content=\"Tiempo de lectura\" \/>\n\t<meta name=\"twitter:data1\" content=\"1 minuto\" \/>\n<script type=\"application\/ld+json\" class=\"yoast-schema-graph\">{\"@context\":\"https:\\\/\\\/schema.org\",\"@graph\":[{\"@type\":\"WebPage\",\"@id\":\"https:\\\/\\\/booksfrommexico.com\\\/es\\\/producto\\\/el-5-de-mayo-periodico-del-estado-de-sinaloa\\\/\",\"url\":\"https:\\\/\\\/booksfrommexico.com\\\/es\\\/producto\\\/el-5-de-mayo-periodico-del-estado-de-sinaloa\\\/\",\"name\":\"El 5 de mayo: Peri\u00f3dico del Estado de Sinaloa, 1866\",\"isPartOf\":{\"@id\":\"https:\\\/\\\/booksfrommexico.com\\\/#website\"},\"primaryImageOfPage\":{\"@id\":\"https:\\\/\\\/booksfrommexico.com\\\/es\\\/producto\\\/el-5-de-mayo-periodico-del-estado-de-sinaloa\\\/#primaryimage\"},\"image\":{\"@id\":\"https:\\\/\\\/booksfrommexico.com\\\/es\\\/producto\\\/el-5-de-mayo-periodico-del-estado-de-sinaloa\\\/#primaryimage\"},\"thumbnailUrl\":\"https:\\\/\\\/booksfrommexico.com\\\/app\\\/uploads\\\/2023\\\/05\\\/192318.jpeg\",\"datePublished\":\"2023-05-08T17:01:35+00:00\",\"dateModified\":\"2025-04-21T17:37:32+00:00\",\"description\":\"EL 5 DE MAYO : PERI\u00d3DICO DEL ESTADO DE SINALOA, 1866. \\\/ Nicol\u00e1s Vidales Soto (compilator). El Colegio de Jalisco ; Creativos7 Editorial. ISBN : 9686142703.\",\"breadcrumb\":{\"@id\":\"https:\\\/\\\/booksfrommexico.com\\\/es\\\/producto\\\/el-5-de-mayo-periodico-del-estado-de-sinaloa\\\/#breadcrumb\"},\"inLanguage\":\"es\",\"potentialAction\":[{\"@type\":\"ReadAction\",\"target\":[\"https:\\\/\\\/booksfrommexico.com\\\/es\\\/producto\\\/el-5-de-mayo-periodico-del-estado-de-sinaloa\\\/\"]}]},{\"@type\":\"ImageObject\",\"inLanguage\":\"es\",\"@id\":\"https:\\\/\\\/booksfrommexico.com\\\/es\\\/producto\\\/el-5-de-mayo-periodico-del-estado-de-sinaloa\\\/#primaryimage\",\"url\":\"https:\\\/\\\/booksfrommexico.com\\\/app\\\/uploads\\\/2023\\\/05\\\/192318.jpeg\",\"contentUrl\":\"https:\\\/\\\/booksfrommexico.com\\\/app\\\/uploads\\\/2023\\\/05\\\/192318.jpeg\",\"width\":615,\"height\":798},{\"@type\":\"BreadcrumbList\",\"@id\":\"https:\\\/\\\/booksfrommexico.com\\\/es\\\/producto\\\/el-5-de-mayo-periodico-del-estado-de-sinaloa\\\/#breadcrumb\",\"itemListElement\":[{\"@type\":\"ListItem\",\"position\":1,\"name\":\"Home\",\"item\":\"https:\\\/\\\/booksfrommexico.com\\\/es\\\/\"},{\"@type\":\"ListItem\",\"position\":2,\"name\":\"Libros\",\"item\":\"https:\\\/\\\/booksfrommexico.com\\\/es\\\/libros\\\/\"},{\"@type\":\"ListItem\",\"position\":3,\"name\":\"El 5 de mayo: Peri\u00f3dico del Estado de Sinaloa, 1866\"}]},{\"@type\":\"WebSite\",\"@id\":\"https:\\\/\\\/booksfrommexico.com\\\/#website\",\"url\":\"https:\\\/\\\/booksfrommexico.com\\\/\",\"name\":\"Books From Mexico\",\"description\":\"\",\"publisher\":{\"@id\":\"https:\\\/\\\/booksfrommexico.com\\\/#organization\"},\"potentialAction\":[{\"@type\":\"SearchAction\",\"target\":{\"@type\":\"EntryPoint\",\"urlTemplate\":\"https:\\\/\\\/booksfrommexico.com\\\/?s={search_term_string}\"},\"query-input\":{\"@type\":\"PropertyValueSpecification\",\"valueRequired\":true,\"valueName\":\"search_term_string\"}}],\"inLanguage\":\"es\"},{\"@type\":\"Organization\",\"@id\":\"https:\\\/\\\/booksfrommexico.com\\\/#organization\",\"name\":\"Books From Mexico\",\"url\":\"https:\\\/\\\/booksfrommexico.com\\\/\",\"logo\":{\"@type\":\"ImageObject\",\"inLanguage\":\"es\",\"@id\":\"https:\\\/\\\/booksfrommexico.com\\\/#\\\/schema\\\/logo\\\/image\\\/\",\"url\":\"https:\\\/\\\/booksfrommexico.com\\\/app\\\/uploads\\\/2023\\\/05\\\/logo-booksfrommexico.svg\",\"contentUrl\":\"https:\\\/\\\/booksfrommexico.com\\\/app\\\/uploads\\\/2023\\\/05\\\/logo-booksfrommexico.svg\",\"width\":86,\"height\":56,\"caption\":\"Books From Mexico\"},\"image\":{\"@id\":\"https:\\\/\\\/booksfrommexico.com\\\/#\\\/schema\\\/logo\\\/image\\\/\"}}]}<\/script>\n<!-- \/ Yoast SEO plugin. -->","yoast_head_json":{"title":"El 5 de mayo: Peri\u00f3dico del Estado de Sinaloa, 1866","description":"EL 5 DE MAYO : PERI\u00d3DICO DEL ESTADO DE SINALOA, 1866. \/ Nicol\u00e1s Vidales Soto (compilator). El Colegio de Jalisco ; Creativos7 Editorial. ISBN : 9686142703.","robots":{"index":"index","follow":"follow","max-snippet":"max-snippet:-1","max-image-preview":"max-image-preview:large","max-video-preview":"max-video-preview:-1"},"canonical":"https:\/\/booksfrommexico.com\/es\/producto\/el-5-de-mayo-periodico-del-estado-de-sinaloa\/","og_locale":"es_ES","og_type":"article","og_title":"El 5 de mayo: Peri\u00f3dico del Estado de Sinaloa, 1866","og_description":"EL 5 DE MAYO : PERI\u00d3DICO DEL ESTADO DE SINALOA, 1866. \/ Nicol\u00e1s Vidales Soto (compilator). El Colegio de Jalisco ; Creativos7 Editorial. ISBN : 9686142703.","og_url":"https:\/\/booksfrommexico.com\/es\/producto\/el-5-de-mayo-periodico-del-estado-de-sinaloa\/","og_site_name":"Books From Mexico","article_modified_time":"2025-04-21T17:37:32+00:00","og_image":[{"width":615,"height":798,"url":"http:\/\/booksfrommexico.com\/app\/uploads\/2023\/05\/192318.jpeg","type":"image\/jpeg"}],"twitter_card":"summary_large_image","twitter_misc":{"Tiempo de lectura":"1 minuto"},"schema":{"@context":"https:\/\/schema.org","@graph":[{"@type":"WebPage","@id":"https:\/\/booksfrommexico.com\/es\/producto\/el-5-de-mayo-periodico-del-estado-de-sinaloa\/","url":"https:\/\/booksfrommexico.com\/es\/producto\/el-5-de-mayo-periodico-del-estado-de-sinaloa\/","name":"El 5 de mayo: Peri\u00f3dico del Estado de Sinaloa, 1866","isPartOf":{"@id":"https:\/\/booksfrommexico.com\/#website"},"primaryImageOfPage":{"@id":"https:\/\/booksfrommexico.com\/es\/producto\/el-5-de-mayo-periodico-del-estado-de-sinaloa\/#primaryimage"},"image":{"@id":"https:\/\/booksfrommexico.com\/es\/producto\/el-5-de-mayo-periodico-del-estado-de-sinaloa\/#primaryimage"},"thumbnailUrl":"https:\/\/booksfrommexico.com\/app\/uploads\/2023\/05\/192318.jpeg","datePublished":"2023-05-08T17:01:35+00:00","dateModified":"2025-04-21T17:37:32+00:00","description":"EL 5 DE MAYO : PERI\u00d3DICO DEL ESTADO DE SINALOA, 1866. \/ Nicol\u00e1s Vidales Soto (compilator). El Colegio de Jalisco ; Creativos7 Editorial. ISBN : 9686142703.","breadcrumb":{"@id":"https:\/\/booksfrommexico.com\/es\/producto\/el-5-de-mayo-periodico-del-estado-de-sinaloa\/#breadcrumb"},"inLanguage":"es","potentialAction":[{"@type":"ReadAction","target":["https:\/\/booksfrommexico.com\/es\/producto\/el-5-de-mayo-periodico-del-estado-de-sinaloa\/"]}]},{"@type":"ImageObject","inLanguage":"es","@id":"https:\/\/booksfrommexico.com\/es\/producto\/el-5-de-mayo-periodico-del-estado-de-sinaloa\/#primaryimage","url":"https:\/\/booksfrommexico.com\/app\/uploads\/2023\/05\/192318.jpeg","contentUrl":"https:\/\/booksfrommexico.com\/app\/uploads\/2023\/05\/192318.jpeg","width":615,"height":798},{"@type":"BreadcrumbList","@id":"https:\/\/booksfrommexico.com\/es\/producto\/el-5-de-mayo-periodico-del-estado-de-sinaloa\/#breadcrumb","itemListElement":[{"@type":"ListItem","position":1,"name":"Home","item":"https:\/\/booksfrommexico.com\/es\/"},{"@type":"ListItem","position":2,"name":"Libros","item":"https:\/\/booksfrommexico.com\/es\/libros\/"},{"@type":"ListItem","position":3,"name":"El 5 de mayo: Peri\u00f3dico del Estado de Sinaloa, 1866"}]},{"@type":"WebSite","@id":"https:\/\/booksfrommexico.com\/#website","url":"https:\/\/booksfrommexico.com\/","name":"Books From Mexico","description":"","publisher":{"@id":"https:\/\/booksfrommexico.com\/#organization"},"potentialAction":[{"@type":"SearchAction","target":{"@type":"EntryPoint","urlTemplate":"https:\/\/booksfrommexico.com\/?s={search_term_string}"},"query-input":{"@type":"PropertyValueSpecification","valueRequired":true,"valueName":"search_term_string"}}],"inLanguage":"es"},{"@type":"Organization","@id":"https:\/\/booksfrommexico.com\/#organization","name":"Books From Mexico","url":"https:\/\/booksfrommexico.com\/","logo":{"@type":"ImageObject","inLanguage":"es","@id":"https:\/\/booksfrommexico.com\/#\/schema\/logo\/image\/","url":"https:\/\/booksfrommexico.com\/app\/uploads\/2023\/05\/logo-booksfrommexico.svg","contentUrl":"https:\/\/booksfrommexico.com\/app\/uploads\/2023\/05\/logo-booksfrommexico.svg","width":86,"height":56,"caption":"Books From Mexico"},"image":{"@id":"https:\/\/booksfrommexico.com\/#\/schema\/logo\/image\/"}}]}},"_links":{"self":[{"href":"https:\/\/booksfrommexico.com\/es\/wp-json\/wp\/v2\/product\/378","targetHints":{"allow":["GET"]}}],"collection":[{"href":"https:\/\/booksfrommexico.com\/es\/wp-json\/wp\/v2\/product"}],"about":[{"href":"https:\/\/booksfrommexico.com\/es\/wp-json\/wp\/v2\/types\/product"}],"wp:featuredmedia":[{"embeddable":true,"href":"https:\/\/booksfrommexico.com\/es\/wp-json\/wp\/v2\/media\/377"}],"wp:attachment":[{"href":"https:\/\/booksfrommexico.com\/es\/wp-json\/wp\/v2\/media?parent=378"}],"wp:term":[{"taxonomy":"product_brand","embeddable":true,"href":"https:\/\/booksfrommexico.com\/es\/wp-json\/wp\/v2\/product_brand?post=378"},{"taxonomy":"product_cat","embeddable":true,"href":"https:\/\/booksfrommexico.com\/es\/wp-json\/wp\/v2\/product_cat?post=378"},{"taxonomy":"product_tag","embeddable":true,"href":"https:\/\/booksfrommexico.com\/es\/wp-json\/wp\/v2\/product_tag?post=378"}],"curies":[{"name":"wp","href":"https:\/\/api.w.org\/{rel}","templated":true}]}}