{"id":380,"date":"2023-05-08T17:01:37","date_gmt":"2023-05-08T17:01:37","guid":{"rendered":"http:\/\/booksfrommexico.com\/product\/bachomo-los-dias-del-gato-cronica-indigena-de-la-revolucion\/"},"modified":"2024-10-30T23:46:20","modified_gmt":"2024-10-30T23:46:20","slug":"bachomo-los-dias-del-gato-cronica-indigena-de-la-revolucion","status":"publish","type":"product","link":"https:\/\/booksfrommexico.com\/es\/producto\/bachomo-los-dias-del-gato-cronica-indigena-de-la-revolucion\/","title":{"rendered":"Bachomo: Los d\u00edas del gato : Cr\u00f3nica ind\u00edgena de la revoluci\u00f3n"},"content":{"rendered":"<p><span style=\"font-weight: 400;\">Con el prop\u00f3sito de reconstruir la historia de esta regi\u00f3n de Sinaloa a inicios del siglo XX, en estas p\u00e1ginas se da cuenta de la vida y actuaci\u00f3n de Bachomo, l\u00edder de filiaci\u00f3n dentro de la sociedad <\/span><i><span style=\"font-weight: 400;\">yolem\u2019me<\/span><\/i><span style=\"font-weight: 400;\">. A partir de los m\u00e1s diversos informantes y testimonios, muchos de ellos confundidos por el tiempo y los personajes involucrados, el autor reconstruye los sucesos de la Revoluci\u00f3n mexicana espec\u00edficamente en esta franja de territorio. Gran parte del valor de este trabajo radica en la recuperaci\u00f3n de la informaci\u00f3n acerca de un personaje desde las fuentes primarias, as\u00ed como en las fotograf\u00edas de otros personajes clave en el desarrollo de este movimiento armado.<\/span><\/p>\n","protected":false},"excerpt":{"rendered":"<p>BACHOMO : LOS D\u00cdAS DEL GATO : CR\u00d3NICA IND\u00cdGENA DE LA REVOLUCI\u00d3N<span style=\"font-weight: 400;\">. \/ Jes\u00fas \u00c1ngel Ochoa Zazueta. Culiac\u00e1n Rosales, Sinaloa, M\u00e9xico : Creativos7 Editorial, 2010. 637 pages : includes photos, notes, maps, chart, table, bibliography ; 21 cm. <\/span><\/p>\n","protected":false},"featured_media":379,"template":"","meta":{"_acf_changed":false,"inline_featured_image":false},"product_brand":[],"product_cat":[27,113,73],"product_tag":[4398,3607,4541,4518,4092],"class_list":{"0":"post-380","1":"product","2":"type-product","3":"status-publish","4":"has-post-thumbnail","6":"product_cat-historia","7":"product_cat-historia-social","8":"product_cat-revolucion-historia","9":"product_tag-historia-mexico","10":"product_tag-historia-local","11":"product_tag-historia-y-sociedad","12":"product_tag-revolucion-es","13":"product_tag-revolucion-mexicana","15":"first","16":"instock","17":"taxable","18":"shipping-taxable","19":"purchasable","20":"product-type-simple"},"acf":[],"yoast_head":"<!-- This site is optimized with the Yoast SEO plugin v27.3 - https:\/\/yoast.com\/product\/yoast-seo-wordpress\/ -->\n<title>Bachomo: Los d\u00edas del gato : Cr\u00f3nica ind\u00edgena de la revoluci\u00f3n<\/title>\n<meta name=\"description\" content=\"BACHOMO : LOS D\u00cdAS DEL GATO : CR\u00d3NICA IND\u00cdGENA DE LA REVOLUCI\u00d3N. \/ Jes\u00fas \u00c1ngel Ochoa Zazueta. Culiac\u00e1n Rosales, Sinaloa, M\u00e9xico : Creativos7 Editorial.\" \/>\n<meta name=\"robots\" content=\"index, follow, max-snippet:-1, max-image-preview:large, max-video-preview:-1\" \/>\n<link rel=\"canonical\" href=\"https:\/\/booksfrommexico.com\/es\/producto\/bachomo-los-dias-del-gato-cronica-indigena-de-la-revolucion\/\" \/>\n<meta property=\"og:locale\" content=\"es_ES\" \/>\n<meta property=\"og:type\" content=\"article\" \/>\n<meta property=\"og:title\" content=\"Bachomo: Los d\u00edas del gato : Cr\u00f3nica ind\u00edgena de la revoluci\u00f3n\" \/>\n<meta property=\"og:description\" content=\"BACHOMO : LOS D\u00cdAS DEL GATO : CR\u00d3NICA IND\u00cdGENA DE LA REVOLUCI\u00d3N. \/ Jes\u00fas \u00c1ngel Ochoa Zazueta. Culiac\u00e1n Rosales, Sinaloa, M\u00e9xico : Creativos7 Editorial.\" \/>\n<meta property=\"og:url\" content=\"https:\/\/booksfrommexico.com\/es\/producto\/bachomo-los-dias-del-gato-cronica-indigena-de-la-revolucion\/\" \/>\n<meta property=\"og:site_name\" content=\"Books From Mexico\" \/>\n<meta property=\"article:modified_time\" content=\"2024-10-30T23:46:20+00:00\" \/>\n<meta property=\"og:image\" content=\"http:\/\/booksfrommexico.com\/app\/uploads\/2023\/05\/192327.jpeg\" \/>\n\t<meta property=\"og:image:width\" content=\"402\" \/>\n\t<meta property=\"og:image:height\" content=\"622\" \/>\n\t<meta property=\"og:image:type\" content=\"image\/jpeg\" \/>\n<meta name=\"twitter:card\" content=\"summary_large_image\" \/>\n<meta name=\"twitter:label1\" content=\"Tiempo de lectura\" \/>\n\t<meta name=\"twitter:data1\" content=\"1 minuto\" \/>\n<script type=\"application\/ld+json\" class=\"yoast-schema-graph\">{\"@context\":\"https:\\\/\\\/schema.org\",\"@graph\":[{\"@type\":\"WebPage\",\"@id\":\"https:\\\/\\\/booksfrommexico.com\\\/es\\\/producto\\\/bachomo-los-dias-del-gato-cronica-indigena-de-la-revolucion\\\/\",\"url\":\"https:\\\/\\\/booksfrommexico.com\\\/es\\\/producto\\\/bachomo-los-dias-del-gato-cronica-indigena-de-la-revolucion\\\/\",\"name\":\"Bachomo: Los d\u00edas del gato : Cr\u00f3nica ind\u00edgena de la revoluci\u00f3n\",\"isPartOf\":{\"@id\":\"https:\\\/\\\/booksfrommexico.com\\\/#website\"},\"primaryImageOfPage\":{\"@id\":\"https:\\\/\\\/booksfrommexico.com\\\/es\\\/producto\\\/bachomo-los-dias-del-gato-cronica-indigena-de-la-revolucion\\\/#primaryimage\"},\"image\":{\"@id\":\"https:\\\/\\\/booksfrommexico.com\\\/es\\\/producto\\\/bachomo-los-dias-del-gato-cronica-indigena-de-la-revolucion\\\/#primaryimage\"},\"thumbnailUrl\":\"https:\\\/\\\/booksfrommexico.com\\\/app\\\/uploads\\\/2023\\\/05\\\/192327.jpeg\",\"datePublished\":\"2023-05-08T17:01:37+00:00\",\"dateModified\":\"2024-10-30T23:46:20+00:00\",\"description\":\"BACHOMO : LOS D\u00cdAS DEL GATO : CR\u00d3NICA IND\u00cdGENA DE LA REVOLUCI\u00d3N. \\\/ Jes\u00fas \u00c1ngel Ochoa Zazueta. Culiac\u00e1n Rosales, Sinaloa, M\u00e9xico : Creativos7 Editorial.\",\"breadcrumb\":{\"@id\":\"https:\\\/\\\/booksfrommexico.com\\\/es\\\/producto\\\/bachomo-los-dias-del-gato-cronica-indigena-de-la-revolucion\\\/#breadcrumb\"},\"inLanguage\":\"es\",\"potentialAction\":[{\"@type\":\"ReadAction\",\"target\":[\"https:\\\/\\\/booksfrommexico.com\\\/es\\\/producto\\\/bachomo-los-dias-del-gato-cronica-indigena-de-la-revolucion\\\/\"]}]},{\"@type\":\"ImageObject\",\"inLanguage\":\"es\",\"@id\":\"https:\\\/\\\/booksfrommexico.com\\\/es\\\/producto\\\/bachomo-los-dias-del-gato-cronica-indigena-de-la-revolucion\\\/#primaryimage\",\"url\":\"https:\\\/\\\/booksfrommexico.com\\\/app\\\/uploads\\\/2023\\\/05\\\/192327.jpeg\",\"contentUrl\":\"https:\\\/\\\/booksfrommexico.com\\\/app\\\/uploads\\\/2023\\\/05\\\/192327.jpeg\",\"width\":402,\"height\":622},{\"@type\":\"BreadcrumbList\",\"@id\":\"https:\\\/\\\/booksfrommexico.com\\\/es\\\/producto\\\/bachomo-los-dias-del-gato-cronica-indigena-de-la-revolucion\\\/#breadcrumb\",\"itemListElement\":[{\"@type\":\"ListItem\",\"position\":1,\"name\":\"Home\",\"item\":\"https:\\\/\\\/booksfrommexico.com\\\/es\\\/\"},{\"@type\":\"ListItem\",\"position\":2,\"name\":\"Libros\",\"item\":\"https:\\\/\\\/booksfrommexico.com\\\/es\\\/libros\\\/\"},{\"@type\":\"ListItem\",\"position\":3,\"name\":\"Bachomo: Los d\u00edas del gato : Cr\u00f3nica ind\u00edgena de la revoluci\u00f3n\"}]},{\"@type\":\"WebSite\",\"@id\":\"https:\\\/\\\/booksfrommexico.com\\\/#website\",\"url\":\"https:\\\/\\\/booksfrommexico.com\\\/\",\"name\":\"Books From Mexico\",\"description\":\"\",\"publisher\":{\"@id\":\"https:\\\/\\\/booksfrommexico.com\\\/#organization\"},\"potentialAction\":[{\"@type\":\"SearchAction\",\"target\":{\"@type\":\"EntryPoint\",\"urlTemplate\":\"https:\\\/\\\/booksfrommexico.com\\\/?s={search_term_string}\"},\"query-input\":{\"@type\":\"PropertyValueSpecification\",\"valueRequired\":true,\"valueName\":\"search_term_string\"}}],\"inLanguage\":\"es\"},{\"@type\":\"Organization\",\"@id\":\"https:\\\/\\\/booksfrommexico.com\\\/#organization\",\"name\":\"Books From Mexico\",\"url\":\"https:\\\/\\\/booksfrommexico.com\\\/\",\"logo\":{\"@type\":\"ImageObject\",\"inLanguage\":\"es\",\"@id\":\"https:\\\/\\\/booksfrommexico.com\\\/#\\\/schema\\\/logo\\\/image\\\/\",\"url\":\"https:\\\/\\\/booksfrommexico.com\\\/app\\\/uploads\\\/2023\\\/05\\\/logo-booksfrommexico.svg\",\"contentUrl\":\"https:\\\/\\\/booksfrommexico.com\\\/app\\\/uploads\\\/2023\\\/05\\\/logo-booksfrommexico.svg\",\"width\":86,\"height\":56,\"caption\":\"Books From Mexico\"},\"image\":{\"@id\":\"https:\\\/\\\/booksfrommexico.com\\\/#\\\/schema\\\/logo\\\/image\\\/\"}}]}<\/script>\n<!-- \/ Yoast SEO plugin. -->","yoast_head_json":{"title":"Bachomo: Los d\u00edas del gato : Cr\u00f3nica ind\u00edgena de la revoluci\u00f3n","description":"BACHOMO : LOS D\u00cdAS DEL GATO : CR\u00d3NICA IND\u00cdGENA DE LA REVOLUCI\u00d3N. \/ Jes\u00fas \u00c1ngel Ochoa Zazueta. Culiac\u00e1n Rosales, Sinaloa, M\u00e9xico : Creativos7 Editorial.","robots":{"index":"index","follow":"follow","max-snippet":"max-snippet:-1","max-image-preview":"max-image-preview:large","max-video-preview":"max-video-preview:-1"},"canonical":"https:\/\/booksfrommexico.com\/es\/producto\/bachomo-los-dias-del-gato-cronica-indigena-de-la-revolucion\/","og_locale":"es_ES","og_type":"article","og_title":"Bachomo: Los d\u00edas del gato : Cr\u00f3nica ind\u00edgena de la revoluci\u00f3n","og_description":"BACHOMO : LOS D\u00cdAS DEL GATO : CR\u00d3NICA IND\u00cdGENA DE LA REVOLUCI\u00d3N. \/ Jes\u00fas \u00c1ngel Ochoa Zazueta. Culiac\u00e1n Rosales, Sinaloa, M\u00e9xico : Creativos7 Editorial.","og_url":"https:\/\/booksfrommexico.com\/es\/producto\/bachomo-los-dias-del-gato-cronica-indigena-de-la-revolucion\/","og_site_name":"Books From Mexico","article_modified_time":"2024-10-30T23:46:20+00:00","og_image":[{"width":402,"height":622,"url":"http:\/\/booksfrommexico.com\/app\/uploads\/2023\/05\/192327.jpeg","type":"image\/jpeg"}],"twitter_card":"summary_large_image","twitter_misc":{"Tiempo de lectura":"1 minuto"},"schema":{"@context":"https:\/\/schema.org","@graph":[{"@type":"WebPage","@id":"https:\/\/booksfrommexico.com\/es\/producto\/bachomo-los-dias-del-gato-cronica-indigena-de-la-revolucion\/","url":"https:\/\/booksfrommexico.com\/es\/producto\/bachomo-los-dias-del-gato-cronica-indigena-de-la-revolucion\/","name":"Bachomo: Los d\u00edas del gato : Cr\u00f3nica ind\u00edgena de la revoluci\u00f3n","isPartOf":{"@id":"https:\/\/booksfrommexico.com\/#website"},"primaryImageOfPage":{"@id":"https:\/\/booksfrommexico.com\/es\/producto\/bachomo-los-dias-del-gato-cronica-indigena-de-la-revolucion\/#primaryimage"},"image":{"@id":"https:\/\/booksfrommexico.com\/es\/producto\/bachomo-los-dias-del-gato-cronica-indigena-de-la-revolucion\/#primaryimage"},"thumbnailUrl":"https:\/\/booksfrommexico.com\/app\/uploads\/2023\/05\/192327.jpeg","datePublished":"2023-05-08T17:01:37+00:00","dateModified":"2024-10-30T23:46:20+00:00","description":"BACHOMO : LOS D\u00cdAS DEL GATO : CR\u00d3NICA IND\u00cdGENA DE LA REVOLUCI\u00d3N. \/ Jes\u00fas \u00c1ngel Ochoa Zazueta. Culiac\u00e1n Rosales, Sinaloa, M\u00e9xico : Creativos7 Editorial.","breadcrumb":{"@id":"https:\/\/booksfrommexico.com\/es\/producto\/bachomo-los-dias-del-gato-cronica-indigena-de-la-revolucion\/#breadcrumb"},"inLanguage":"es","potentialAction":[{"@type":"ReadAction","target":["https:\/\/booksfrommexico.com\/es\/producto\/bachomo-los-dias-del-gato-cronica-indigena-de-la-revolucion\/"]}]},{"@type":"ImageObject","inLanguage":"es","@id":"https:\/\/booksfrommexico.com\/es\/producto\/bachomo-los-dias-del-gato-cronica-indigena-de-la-revolucion\/#primaryimage","url":"https:\/\/booksfrommexico.com\/app\/uploads\/2023\/05\/192327.jpeg","contentUrl":"https:\/\/booksfrommexico.com\/app\/uploads\/2023\/05\/192327.jpeg","width":402,"height":622},{"@type":"BreadcrumbList","@id":"https:\/\/booksfrommexico.com\/es\/producto\/bachomo-los-dias-del-gato-cronica-indigena-de-la-revolucion\/#breadcrumb","itemListElement":[{"@type":"ListItem","position":1,"name":"Home","item":"https:\/\/booksfrommexico.com\/es\/"},{"@type":"ListItem","position":2,"name":"Libros","item":"https:\/\/booksfrommexico.com\/es\/libros\/"},{"@type":"ListItem","position":3,"name":"Bachomo: Los d\u00edas del gato : Cr\u00f3nica ind\u00edgena de la revoluci\u00f3n"}]},{"@type":"WebSite","@id":"https:\/\/booksfrommexico.com\/#website","url":"https:\/\/booksfrommexico.com\/","name":"Books From Mexico","description":"","publisher":{"@id":"https:\/\/booksfrommexico.com\/#organization"},"potentialAction":[{"@type":"SearchAction","target":{"@type":"EntryPoint","urlTemplate":"https:\/\/booksfrommexico.com\/?s={search_term_string}"},"query-input":{"@type":"PropertyValueSpecification","valueRequired":true,"valueName":"search_term_string"}}],"inLanguage":"es"},{"@type":"Organization","@id":"https:\/\/booksfrommexico.com\/#organization","name":"Books From Mexico","url":"https:\/\/booksfrommexico.com\/","logo":{"@type":"ImageObject","inLanguage":"es","@id":"https:\/\/booksfrommexico.com\/#\/schema\/logo\/image\/","url":"https:\/\/booksfrommexico.com\/app\/uploads\/2023\/05\/logo-booksfrommexico.svg","contentUrl":"https:\/\/booksfrommexico.com\/app\/uploads\/2023\/05\/logo-booksfrommexico.svg","width":86,"height":56,"caption":"Books From Mexico"},"image":{"@id":"https:\/\/booksfrommexico.com\/#\/schema\/logo\/image\/"}}]}},"_links":{"self":[{"href":"https:\/\/booksfrommexico.com\/es\/wp-json\/wp\/v2\/product\/380","targetHints":{"allow":["GET"]}}],"collection":[{"href":"https:\/\/booksfrommexico.com\/es\/wp-json\/wp\/v2\/product"}],"about":[{"href":"https:\/\/booksfrommexico.com\/es\/wp-json\/wp\/v2\/types\/product"}],"wp:featuredmedia":[{"embeddable":true,"href":"https:\/\/booksfrommexico.com\/es\/wp-json\/wp\/v2\/media\/379"}],"wp:attachment":[{"href":"https:\/\/booksfrommexico.com\/es\/wp-json\/wp\/v2\/media?parent=380"}],"wp:term":[{"taxonomy":"product_brand","embeddable":true,"href":"https:\/\/booksfrommexico.com\/es\/wp-json\/wp\/v2\/product_brand?post=380"},{"taxonomy":"product_cat","embeddable":true,"href":"https:\/\/booksfrommexico.com\/es\/wp-json\/wp\/v2\/product_cat?post=380"},{"taxonomy":"product_tag","embeddable":true,"href":"https:\/\/booksfrommexico.com\/es\/wp-json\/wp\/v2\/product_tag?post=380"}],"curies":[{"name":"wp","href":"https:\/\/api.w.org\/{rel}","templated":true}]}}