{"id":382,"date":"2023-05-08T17:01:38","date_gmt":"2023-05-08T17:01:38","guid":{"rendered":"http:\/\/booksfrommexico.com\/product\/10-anos-produciendo-estampas-en-el-taller-vetagrafica\/"},"modified":"2024-04-16T23:41:32","modified_gmt":"2024-04-16T23:41:32","slug":"10-anos-produciendo-estampas-en-el-taller-vetagrafica","status":"publish","type":"product","link":"https:\/\/booksfrommexico.com\/es\/producto\/10-anos-produciendo-estampas-en-el-taller-vetagrafica\/","title":{"rendered":"10 a\u00f1os produciendo estampas en el Taller Vetagr\u00e1fica"},"content":{"rendered":"<p><span style=\"font-weight: 400;\">Este libro funciona como una recopilaci\u00f3n de los trabajos que se han hecho a lo largo de 10 a\u00f1os en el Taller Vetagr\u00e1fica, en Zacatecas, el cual tiene el prop\u00f3sito de convertirse en un semillero de grabadores comprometidos con el arte y con su alcance social. Aqu\u00ed podemos encontrar grabados que se han realizado con t\u00e9cnicas como litograf\u00eda, xilograf\u00eda, linoleograf\u00eda, grabado en l\u00e1mina atacada con sales, grabados impresos a una tinta y piezas impresas en varios colores, algunos coloreados a mano y algunos que cuentan con l\u00e1minas de oro y plata.<\/span><\/p>\n","protected":false},"excerpt":{"rendered":"<p>10 A\u00d1OS PRODUCIENDO ESTAMPAS EN EL TALLER VETAGR\u00c1FICA. <span style=\"font-weight: 400;\">\/ Karina Lozano. Zacatecas, M\u00e9xico : Texere Editores : Instituto Zacatecano de Cultura \u00abRam\u00f3n L\u00f3pez Velarde\u00bb, 2019. 74 unnumbered pages : includes color photos, references ; 28 cm.\u00a0<\/span><\/p>\n","protected":false},"featured_media":381,"template":"","meta":{"_acf_changed":false,"inline_featured_image":false},"product_brand":[],"product_cat":[87,4240,400],"product_tag":[4044,3671],"class_list":{"0":"post-382","1":"product","2":"type-product","3":"status-publish","4":"has-post-thumbnail","6":"product_cat-arte","7":"product_cat-arte-plastico","8":"product_cat-catalogos-de-exposiciones-arte","9":"product_tag-arte","10":"product_tag-exposiciones","12":"first","13":"instock","14":"taxable","15":"shipping-taxable","16":"purchasable","17":"product-type-simple"},"acf":[],"yoast_head":"<!-- This site is optimized with the Yoast SEO plugin v27.3 - https:\/\/yoast.com\/product\/yoast-seo-wordpress\/ -->\n<title>10 a\u00f1os produciendo estampas en el Taller Vetagr\u00e1fica<\/title>\n<meta name=\"description\" content=\"Karina Lozano. Zacatecas, M\u00e9xico : Texere Editores : Instituto Zacatecano de Cultura &quot;Ram\u00f3n L\u00f3pez Velarde&quot;, 2019. Includes color photos, references ; 28 cm.\" \/>\n<meta name=\"robots\" content=\"index, follow, max-snippet:-1, max-image-preview:large, max-video-preview:-1\" \/>\n<link rel=\"canonical\" href=\"https:\/\/booksfrommexico.com\/es\/producto\/10-anos-produciendo-estampas-en-el-taller-vetagrafica\/\" \/>\n<meta property=\"og:locale\" content=\"es_ES\" \/>\n<meta property=\"og:type\" content=\"article\" \/>\n<meta property=\"og:title\" content=\"10 a\u00f1os produciendo estampas en el Taller Vetagr\u00e1fica\" \/>\n<meta property=\"og:description\" content=\"Karina Lozano. Zacatecas, M\u00e9xico : Texere Editores : Instituto Zacatecano de Cultura &quot;Ram\u00f3n L\u00f3pez Velarde&quot;, 2019. Includes color photos, references ; 28 cm.\" \/>\n<meta property=\"og:url\" content=\"https:\/\/booksfrommexico.com\/es\/producto\/10-anos-produciendo-estampas-en-el-taller-vetagrafica\/\" \/>\n<meta property=\"og:site_name\" content=\"Books From Mexico\" \/>\n<meta property=\"article:modified_time\" content=\"2024-04-16T23:41:32+00:00\" \/>\n<meta property=\"og:image\" content=\"http:\/\/booksfrommexico.com\/app\/uploads\/2023\/05\/188125.jpeg\" \/>\n\t<meta property=\"og:image:width\" content=\"620\" \/>\n\t<meta property=\"og:image:height\" content=\"818\" \/>\n\t<meta property=\"og:image:type\" content=\"image\/jpeg\" \/>\n<meta name=\"twitter:card\" content=\"summary_large_image\" \/>\n<meta name=\"twitter:label1\" content=\"Tiempo de lectura\" \/>\n\t<meta name=\"twitter:data1\" content=\"1 minuto\" \/>\n<script type=\"application\/ld+json\" class=\"yoast-schema-graph\">{\"@context\":\"https:\\\/\\\/schema.org\",\"@graph\":[{\"@type\":\"WebPage\",\"@id\":\"https:\\\/\\\/booksfrommexico.com\\\/es\\\/producto\\\/10-anos-produciendo-estampas-en-el-taller-vetagrafica\\\/\",\"url\":\"https:\\\/\\\/booksfrommexico.com\\\/es\\\/producto\\\/10-anos-produciendo-estampas-en-el-taller-vetagrafica\\\/\",\"name\":\"10 a\u00f1os produciendo estampas en el Taller Vetagr\u00e1fica\",\"isPartOf\":{\"@id\":\"https:\\\/\\\/booksfrommexico.com\\\/#website\"},\"primaryImageOfPage\":{\"@id\":\"https:\\\/\\\/booksfrommexico.com\\\/es\\\/producto\\\/10-anos-produciendo-estampas-en-el-taller-vetagrafica\\\/#primaryimage\"},\"image\":{\"@id\":\"https:\\\/\\\/booksfrommexico.com\\\/es\\\/producto\\\/10-anos-produciendo-estampas-en-el-taller-vetagrafica\\\/#primaryimage\"},\"thumbnailUrl\":\"https:\\\/\\\/booksfrommexico.com\\\/app\\\/uploads\\\/2023\\\/05\\\/188125.jpeg\",\"datePublished\":\"2023-05-08T17:01:38+00:00\",\"dateModified\":\"2024-04-16T23:41:32+00:00\",\"description\":\"Karina Lozano. Zacatecas, M\u00e9xico : Texere Editores : Instituto Zacatecano de Cultura \\\"Ram\u00f3n L\u00f3pez Velarde\\\", 2019. Includes color photos, references ; 28 cm.\",\"breadcrumb\":{\"@id\":\"https:\\\/\\\/booksfrommexico.com\\\/es\\\/producto\\\/10-anos-produciendo-estampas-en-el-taller-vetagrafica\\\/#breadcrumb\"},\"inLanguage\":\"es\",\"potentialAction\":[{\"@type\":\"ReadAction\",\"target\":[\"https:\\\/\\\/booksfrommexico.com\\\/es\\\/producto\\\/10-anos-produciendo-estampas-en-el-taller-vetagrafica\\\/\"]}]},{\"@type\":\"ImageObject\",\"inLanguage\":\"es\",\"@id\":\"https:\\\/\\\/booksfrommexico.com\\\/es\\\/producto\\\/10-anos-produciendo-estampas-en-el-taller-vetagrafica\\\/#primaryimage\",\"url\":\"https:\\\/\\\/booksfrommexico.com\\\/app\\\/uploads\\\/2023\\\/05\\\/188125.jpeg\",\"contentUrl\":\"https:\\\/\\\/booksfrommexico.com\\\/app\\\/uploads\\\/2023\\\/05\\\/188125.jpeg\",\"width\":620,\"height\":818},{\"@type\":\"BreadcrumbList\",\"@id\":\"https:\\\/\\\/booksfrommexico.com\\\/es\\\/producto\\\/10-anos-produciendo-estampas-en-el-taller-vetagrafica\\\/#breadcrumb\",\"itemListElement\":[{\"@type\":\"ListItem\",\"position\":1,\"name\":\"Home\",\"item\":\"https:\\\/\\\/booksfrommexico.com\\\/es\\\/\"},{\"@type\":\"ListItem\",\"position\":2,\"name\":\"Libros\",\"item\":\"https:\\\/\\\/booksfrommexico.com\\\/es\\\/libros\\\/\"},{\"@type\":\"ListItem\",\"position\":3,\"name\":\"10 a\u00f1os produciendo estampas en el Taller Vetagr\u00e1fica\"}]},{\"@type\":\"WebSite\",\"@id\":\"https:\\\/\\\/booksfrommexico.com\\\/#website\",\"url\":\"https:\\\/\\\/booksfrommexico.com\\\/\",\"name\":\"Books From Mexico\",\"description\":\"\",\"publisher\":{\"@id\":\"https:\\\/\\\/booksfrommexico.com\\\/#organization\"},\"potentialAction\":[{\"@type\":\"SearchAction\",\"target\":{\"@type\":\"EntryPoint\",\"urlTemplate\":\"https:\\\/\\\/booksfrommexico.com\\\/?s={search_term_string}\"},\"query-input\":{\"@type\":\"PropertyValueSpecification\",\"valueRequired\":true,\"valueName\":\"search_term_string\"}}],\"inLanguage\":\"es\"},{\"@type\":\"Organization\",\"@id\":\"https:\\\/\\\/booksfrommexico.com\\\/#organization\",\"name\":\"Books From Mexico\",\"url\":\"https:\\\/\\\/booksfrommexico.com\\\/\",\"logo\":{\"@type\":\"ImageObject\",\"inLanguage\":\"es\",\"@id\":\"https:\\\/\\\/booksfrommexico.com\\\/#\\\/schema\\\/logo\\\/image\\\/\",\"url\":\"https:\\\/\\\/booksfrommexico.com\\\/app\\\/uploads\\\/2023\\\/05\\\/logo-booksfrommexico.svg\",\"contentUrl\":\"https:\\\/\\\/booksfrommexico.com\\\/app\\\/uploads\\\/2023\\\/05\\\/logo-booksfrommexico.svg\",\"width\":86,\"height\":56,\"caption\":\"Books From Mexico\"},\"image\":{\"@id\":\"https:\\\/\\\/booksfrommexico.com\\\/#\\\/schema\\\/logo\\\/image\\\/\"}}]}<\/script>\n<!-- \/ Yoast SEO plugin. -->","yoast_head_json":{"title":"10 a\u00f1os produciendo estampas en el Taller Vetagr\u00e1fica","description":"Karina Lozano. Zacatecas, M\u00e9xico : Texere Editores : Instituto Zacatecano de Cultura \"Ram\u00f3n L\u00f3pez Velarde\", 2019. Includes color photos, references ; 28 cm.","robots":{"index":"index","follow":"follow","max-snippet":"max-snippet:-1","max-image-preview":"max-image-preview:large","max-video-preview":"max-video-preview:-1"},"canonical":"https:\/\/booksfrommexico.com\/es\/producto\/10-anos-produciendo-estampas-en-el-taller-vetagrafica\/","og_locale":"es_ES","og_type":"article","og_title":"10 a\u00f1os produciendo estampas en el Taller Vetagr\u00e1fica","og_description":"Karina Lozano. Zacatecas, M\u00e9xico : Texere Editores : Instituto Zacatecano de Cultura \"Ram\u00f3n L\u00f3pez Velarde\", 2019. Includes color photos, references ; 28 cm.","og_url":"https:\/\/booksfrommexico.com\/es\/producto\/10-anos-produciendo-estampas-en-el-taller-vetagrafica\/","og_site_name":"Books From Mexico","article_modified_time":"2024-04-16T23:41:32+00:00","og_image":[{"width":620,"height":818,"url":"http:\/\/booksfrommexico.com\/app\/uploads\/2023\/05\/188125.jpeg","type":"image\/jpeg"}],"twitter_card":"summary_large_image","twitter_misc":{"Tiempo de lectura":"1 minuto"},"schema":{"@context":"https:\/\/schema.org","@graph":[{"@type":"WebPage","@id":"https:\/\/booksfrommexico.com\/es\/producto\/10-anos-produciendo-estampas-en-el-taller-vetagrafica\/","url":"https:\/\/booksfrommexico.com\/es\/producto\/10-anos-produciendo-estampas-en-el-taller-vetagrafica\/","name":"10 a\u00f1os produciendo estampas en el Taller Vetagr\u00e1fica","isPartOf":{"@id":"https:\/\/booksfrommexico.com\/#website"},"primaryImageOfPage":{"@id":"https:\/\/booksfrommexico.com\/es\/producto\/10-anos-produciendo-estampas-en-el-taller-vetagrafica\/#primaryimage"},"image":{"@id":"https:\/\/booksfrommexico.com\/es\/producto\/10-anos-produciendo-estampas-en-el-taller-vetagrafica\/#primaryimage"},"thumbnailUrl":"https:\/\/booksfrommexico.com\/app\/uploads\/2023\/05\/188125.jpeg","datePublished":"2023-05-08T17:01:38+00:00","dateModified":"2024-04-16T23:41:32+00:00","description":"Karina Lozano. Zacatecas, M\u00e9xico : Texere Editores : Instituto Zacatecano de Cultura \"Ram\u00f3n L\u00f3pez Velarde\", 2019. Includes color photos, references ; 28 cm.","breadcrumb":{"@id":"https:\/\/booksfrommexico.com\/es\/producto\/10-anos-produciendo-estampas-en-el-taller-vetagrafica\/#breadcrumb"},"inLanguage":"es","potentialAction":[{"@type":"ReadAction","target":["https:\/\/booksfrommexico.com\/es\/producto\/10-anos-produciendo-estampas-en-el-taller-vetagrafica\/"]}]},{"@type":"ImageObject","inLanguage":"es","@id":"https:\/\/booksfrommexico.com\/es\/producto\/10-anos-produciendo-estampas-en-el-taller-vetagrafica\/#primaryimage","url":"https:\/\/booksfrommexico.com\/app\/uploads\/2023\/05\/188125.jpeg","contentUrl":"https:\/\/booksfrommexico.com\/app\/uploads\/2023\/05\/188125.jpeg","width":620,"height":818},{"@type":"BreadcrumbList","@id":"https:\/\/booksfrommexico.com\/es\/producto\/10-anos-produciendo-estampas-en-el-taller-vetagrafica\/#breadcrumb","itemListElement":[{"@type":"ListItem","position":1,"name":"Home","item":"https:\/\/booksfrommexico.com\/es\/"},{"@type":"ListItem","position":2,"name":"Libros","item":"https:\/\/booksfrommexico.com\/es\/libros\/"},{"@type":"ListItem","position":3,"name":"10 a\u00f1os produciendo estampas en el Taller Vetagr\u00e1fica"}]},{"@type":"WebSite","@id":"https:\/\/booksfrommexico.com\/#website","url":"https:\/\/booksfrommexico.com\/","name":"Books From Mexico","description":"","publisher":{"@id":"https:\/\/booksfrommexico.com\/#organization"},"potentialAction":[{"@type":"SearchAction","target":{"@type":"EntryPoint","urlTemplate":"https:\/\/booksfrommexico.com\/?s={search_term_string}"},"query-input":{"@type":"PropertyValueSpecification","valueRequired":true,"valueName":"search_term_string"}}],"inLanguage":"es"},{"@type":"Organization","@id":"https:\/\/booksfrommexico.com\/#organization","name":"Books From Mexico","url":"https:\/\/booksfrommexico.com\/","logo":{"@type":"ImageObject","inLanguage":"es","@id":"https:\/\/booksfrommexico.com\/#\/schema\/logo\/image\/","url":"https:\/\/booksfrommexico.com\/app\/uploads\/2023\/05\/logo-booksfrommexico.svg","contentUrl":"https:\/\/booksfrommexico.com\/app\/uploads\/2023\/05\/logo-booksfrommexico.svg","width":86,"height":56,"caption":"Books From Mexico"},"image":{"@id":"https:\/\/booksfrommexico.com\/#\/schema\/logo\/image\/"}}]}},"_links":{"self":[{"href":"https:\/\/booksfrommexico.com\/es\/wp-json\/wp\/v2\/product\/382","targetHints":{"allow":["GET"]}}],"collection":[{"href":"https:\/\/booksfrommexico.com\/es\/wp-json\/wp\/v2\/product"}],"about":[{"href":"https:\/\/booksfrommexico.com\/es\/wp-json\/wp\/v2\/types\/product"}],"wp:featuredmedia":[{"embeddable":true,"href":"https:\/\/booksfrommexico.com\/es\/wp-json\/wp\/v2\/media\/381"}],"wp:attachment":[{"href":"https:\/\/booksfrommexico.com\/es\/wp-json\/wp\/v2\/media?parent=382"}],"wp:term":[{"taxonomy":"product_brand","embeddable":true,"href":"https:\/\/booksfrommexico.com\/es\/wp-json\/wp\/v2\/product_brand?post=382"},{"taxonomy":"product_cat","embeddable":true,"href":"https:\/\/booksfrommexico.com\/es\/wp-json\/wp\/v2\/product_cat?post=382"},{"taxonomy":"product_tag","embeddable":true,"href":"https:\/\/booksfrommexico.com\/es\/wp-json\/wp\/v2\/product_tag?post=382"}],"curies":[{"name":"wp","href":"https:\/\/api.w.org\/{rel}","templated":true}]}}