{"id":388,"date":"2023-05-08T17:01:43","date_gmt":"2023-05-08T17:01:43","guid":{"rendered":"http:\/\/booksfrommexico.com\/product\/capirato-prehispanico-colonial-independiente-y-actual\/"},"modified":"2024-04-18T20:55:11","modified_gmt":"2024-04-18T20:55:11","slug":"capirato-prehispanico-colonial-independiente-y-actual","status":"publish","type":"product","link":"https:\/\/booksfrommexico.com\/es\/producto\/capirato-prehispanico-colonial-independiente-y-actual\/","title":{"rendered":"Capirato: Prehisp\u00e1nico, colonial, independiente y actual"},"content":{"rendered":"<p><span style=\"font-weight: 400;\">Motivado por comentarios de vecinos y sugerencias de historiadores que conoci\u00f3, el autor decidi\u00f3 hacer esta investigaci\u00f3n del pueblo de Capirato, Sinaloa, con el fin de rescatar su historia. Este trabajo se divide en tres partes: el periodo prehisp\u00e1nico <\/span><span style=\"font-weight: 400;\">\u2015que es el m\u00e1s largo y donde se explican varios puntos que van desde el asentamiento del grupo Chuscare, los ind\u00edgenas originarios, y\u00a0 el \u00e1rea territorial donde se establecieron, tanto como su cultura\u2015, la \u00e9poca colonial \u2015la cual abarca cerca de tres siglos y hace menci\u00f3n a la colonizaci\u00f3n, en especial a los misioneros jesuitas\u2015, mientras que el \u00faltimo apartado se dedica a explicar lo que ha ocurrido en la regi\u00f3n los \u00faltimos dos siglos.<\/span><\/p>\n","protected":false},"excerpt":{"rendered":"<p>CAPIRATO : PREHISP\u00c1NICO, COLONIAL, INDEPENDIENTE Y ACTUAL<span style=\"font-weight: 400;\">. \/ Jes\u00fas Lamberto Mart\u00ednez Aldana. Culiac\u00e1n Rosales, Sinaloa, M\u00e9xico : Creativos7 Editorial, 2018. 308 pages : includes color photos, map, bibliography ; 21 cm.<\/span><\/p>\n","protected":false},"featured_media":387,"template":"","meta":{"_acf_changed":false,"inline_featured_image":false},"product_brand":[],"product_cat":[129,113],"product_tag":[4049,3587,4242],"class_list":{"0":"post-388","1":"product","2":"type-product","3":"status-publish","4":"has-post-thumbnail","6":"product_cat-colonial-historia","7":"product_cat-historia-social","8":"product_tag-history-mexico","9":"product_tag-prehispanico","10":"product_tag-sinaloa-mexico","12":"first","13":"instock","14":"taxable","15":"shipping-taxable","16":"purchasable","17":"product-type-simple"},"acf":[],"yoast_head":"<!-- This site is optimized with the Yoast SEO plugin v27.3 - https:\/\/yoast.com\/product\/yoast-seo-wordpress\/ -->\n<title>Capirato: Prehisp\u00e1nico, colonial, independiente y actual<\/title>\n<meta name=\"description\" content=\"CAPIRATO : PREHISP\u00c1NICO, COLONIAL, INDEPENDIENTE Y ACTUAL. \/ Jes\u00fas Lamberto Mart\u00ednez Aldana. Culiac\u00e1n Rosales, Sinaloa, M\u00e9xico : Creativos7 Editorial, 2018.\" \/>\n<meta name=\"robots\" content=\"index, follow, max-snippet:-1, max-image-preview:large, max-video-preview:-1\" \/>\n<link rel=\"canonical\" href=\"https:\/\/booksfrommexico.com\/es\/producto\/capirato-prehispanico-colonial-independiente-y-actual\/\" \/>\n<meta property=\"og:locale\" content=\"es_ES\" \/>\n<meta property=\"og:type\" content=\"article\" \/>\n<meta property=\"og:title\" content=\"Capirato: Prehisp\u00e1nico, colonial, independiente y actual\" \/>\n<meta property=\"og:description\" content=\"CAPIRATO : PREHISP\u00c1NICO, COLONIAL, INDEPENDIENTE Y ACTUAL. \/ Jes\u00fas Lamberto Mart\u00ednez Aldana. Culiac\u00e1n Rosales, Sinaloa, M\u00e9xico : Creativos7 Editorial, 2018.\" \/>\n<meta property=\"og:url\" content=\"https:\/\/booksfrommexico.com\/es\/producto\/capirato-prehispanico-colonial-independiente-y-actual\/\" \/>\n<meta property=\"og:site_name\" content=\"Books From Mexico\" \/>\n<meta property=\"article:modified_time\" content=\"2024-04-18T20:55:11+00:00\" \/>\n<meta property=\"og:image\" content=\"http:\/\/booksfrommexico.com\/app\/uploads\/2023\/05\/192326.jpeg\" \/>\n\t<meta property=\"og:image:width\" content=\"394\" \/>\n\t<meta property=\"og:image:height\" content=\"605\" \/>\n\t<meta property=\"og:image:type\" content=\"image\/jpeg\" \/>\n<meta name=\"twitter:card\" content=\"summary_large_image\" \/>\n<meta name=\"twitter:label1\" content=\"Tiempo de lectura\" \/>\n\t<meta name=\"twitter:data1\" content=\"1 minuto\" \/>\n<script type=\"application\/ld+json\" class=\"yoast-schema-graph\">{\"@context\":\"https:\\\/\\\/schema.org\",\"@graph\":[{\"@type\":\"WebPage\",\"@id\":\"https:\\\/\\\/booksfrommexico.com\\\/es\\\/producto\\\/capirato-prehispanico-colonial-independiente-y-actual\\\/\",\"url\":\"https:\\\/\\\/booksfrommexico.com\\\/es\\\/producto\\\/capirato-prehispanico-colonial-independiente-y-actual\\\/\",\"name\":\"Capirato: Prehisp\u00e1nico, colonial, independiente y actual\",\"isPartOf\":{\"@id\":\"https:\\\/\\\/booksfrommexico.com\\\/#website\"},\"primaryImageOfPage\":{\"@id\":\"https:\\\/\\\/booksfrommexico.com\\\/es\\\/producto\\\/capirato-prehispanico-colonial-independiente-y-actual\\\/#primaryimage\"},\"image\":{\"@id\":\"https:\\\/\\\/booksfrommexico.com\\\/es\\\/producto\\\/capirato-prehispanico-colonial-independiente-y-actual\\\/#primaryimage\"},\"thumbnailUrl\":\"https:\\\/\\\/booksfrommexico.com\\\/app\\\/uploads\\\/2023\\\/05\\\/192326.jpeg\",\"datePublished\":\"2023-05-08T17:01:43+00:00\",\"dateModified\":\"2024-04-18T20:55:11+00:00\",\"description\":\"CAPIRATO : PREHISP\u00c1NICO, COLONIAL, INDEPENDIENTE Y ACTUAL. \\\/ Jes\u00fas Lamberto Mart\u00ednez Aldana. Culiac\u00e1n Rosales, Sinaloa, M\u00e9xico : Creativos7 Editorial, 2018.\",\"breadcrumb\":{\"@id\":\"https:\\\/\\\/booksfrommexico.com\\\/es\\\/producto\\\/capirato-prehispanico-colonial-independiente-y-actual\\\/#breadcrumb\"},\"inLanguage\":\"es\",\"potentialAction\":[{\"@type\":\"ReadAction\",\"target\":[\"https:\\\/\\\/booksfrommexico.com\\\/es\\\/producto\\\/capirato-prehispanico-colonial-independiente-y-actual\\\/\"]}]},{\"@type\":\"ImageObject\",\"inLanguage\":\"es\",\"@id\":\"https:\\\/\\\/booksfrommexico.com\\\/es\\\/producto\\\/capirato-prehispanico-colonial-independiente-y-actual\\\/#primaryimage\",\"url\":\"https:\\\/\\\/booksfrommexico.com\\\/app\\\/uploads\\\/2023\\\/05\\\/192326.jpeg\",\"contentUrl\":\"https:\\\/\\\/booksfrommexico.com\\\/app\\\/uploads\\\/2023\\\/05\\\/192326.jpeg\",\"width\":394,\"height\":605},{\"@type\":\"BreadcrumbList\",\"@id\":\"https:\\\/\\\/booksfrommexico.com\\\/es\\\/producto\\\/capirato-prehispanico-colonial-independiente-y-actual\\\/#breadcrumb\",\"itemListElement\":[{\"@type\":\"ListItem\",\"position\":1,\"name\":\"Home\",\"item\":\"https:\\\/\\\/booksfrommexico.com\\\/es\\\/\"},{\"@type\":\"ListItem\",\"position\":2,\"name\":\"Libros\",\"item\":\"https:\\\/\\\/booksfrommexico.com\\\/es\\\/libros\\\/\"},{\"@type\":\"ListItem\",\"position\":3,\"name\":\"Capirato: Prehisp\u00e1nico, colonial, independiente y actual\"}]},{\"@type\":\"WebSite\",\"@id\":\"https:\\\/\\\/booksfrommexico.com\\\/#website\",\"url\":\"https:\\\/\\\/booksfrommexico.com\\\/\",\"name\":\"Books From Mexico\",\"description\":\"\",\"publisher\":{\"@id\":\"https:\\\/\\\/booksfrommexico.com\\\/#organization\"},\"potentialAction\":[{\"@type\":\"SearchAction\",\"target\":{\"@type\":\"EntryPoint\",\"urlTemplate\":\"https:\\\/\\\/booksfrommexico.com\\\/?s={search_term_string}\"},\"query-input\":{\"@type\":\"PropertyValueSpecification\",\"valueRequired\":true,\"valueName\":\"search_term_string\"}}],\"inLanguage\":\"es\"},{\"@type\":\"Organization\",\"@id\":\"https:\\\/\\\/booksfrommexico.com\\\/#organization\",\"name\":\"Books From Mexico\",\"url\":\"https:\\\/\\\/booksfrommexico.com\\\/\",\"logo\":{\"@type\":\"ImageObject\",\"inLanguage\":\"es\",\"@id\":\"https:\\\/\\\/booksfrommexico.com\\\/#\\\/schema\\\/logo\\\/image\\\/\",\"url\":\"https:\\\/\\\/booksfrommexico.com\\\/app\\\/uploads\\\/2023\\\/05\\\/logo-booksfrommexico.svg\",\"contentUrl\":\"https:\\\/\\\/booksfrommexico.com\\\/app\\\/uploads\\\/2023\\\/05\\\/logo-booksfrommexico.svg\",\"width\":86,\"height\":56,\"caption\":\"Books From Mexico\"},\"image\":{\"@id\":\"https:\\\/\\\/booksfrommexico.com\\\/#\\\/schema\\\/logo\\\/image\\\/\"}}]}<\/script>\n<!-- \/ Yoast SEO plugin. -->","yoast_head_json":{"title":"Capirato: Prehisp\u00e1nico, colonial, independiente y actual","description":"CAPIRATO : PREHISP\u00c1NICO, COLONIAL, INDEPENDIENTE Y ACTUAL. \/ Jes\u00fas Lamberto Mart\u00ednez Aldana. Culiac\u00e1n Rosales, Sinaloa, M\u00e9xico : Creativos7 Editorial, 2018.","robots":{"index":"index","follow":"follow","max-snippet":"max-snippet:-1","max-image-preview":"max-image-preview:large","max-video-preview":"max-video-preview:-1"},"canonical":"https:\/\/booksfrommexico.com\/es\/producto\/capirato-prehispanico-colonial-independiente-y-actual\/","og_locale":"es_ES","og_type":"article","og_title":"Capirato: Prehisp\u00e1nico, colonial, independiente y actual","og_description":"CAPIRATO : PREHISP\u00c1NICO, COLONIAL, INDEPENDIENTE Y ACTUAL. \/ Jes\u00fas Lamberto Mart\u00ednez Aldana. Culiac\u00e1n Rosales, Sinaloa, M\u00e9xico : Creativos7 Editorial, 2018.","og_url":"https:\/\/booksfrommexico.com\/es\/producto\/capirato-prehispanico-colonial-independiente-y-actual\/","og_site_name":"Books From Mexico","article_modified_time":"2024-04-18T20:55:11+00:00","og_image":[{"width":394,"height":605,"url":"http:\/\/booksfrommexico.com\/app\/uploads\/2023\/05\/192326.jpeg","type":"image\/jpeg"}],"twitter_card":"summary_large_image","twitter_misc":{"Tiempo de lectura":"1 minuto"},"schema":{"@context":"https:\/\/schema.org","@graph":[{"@type":"WebPage","@id":"https:\/\/booksfrommexico.com\/es\/producto\/capirato-prehispanico-colonial-independiente-y-actual\/","url":"https:\/\/booksfrommexico.com\/es\/producto\/capirato-prehispanico-colonial-independiente-y-actual\/","name":"Capirato: Prehisp\u00e1nico, colonial, independiente y actual","isPartOf":{"@id":"https:\/\/booksfrommexico.com\/#website"},"primaryImageOfPage":{"@id":"https:\/\/booksfrommexico.com\/es\/producto\/capirato-prehispanico-colonial-independiente-y-actual\/#primaryimage"},"image":{"@id":"https:\/\/booksfrommexico.com\/es\/producto\/capirato-prehispanico-colonial-independiente-y-actual\/#primaryimage"},"thumbnailUrl":"https:\/\/booksfrommexico.com\/app\/uploads\/2023\/05\/192326.jpeg","datePublished":"2023-05-08T17:01:43+00:00","dateModified":"2024-04-18T20:55:11+00:00","description":"CAPIRATO : PREHISP\u00c1NICO, COLONIAL, INDEPENDIENTE Y ACTUAL. \/ Jes\u00fas Lamberto Mart\u00ednez Aldana. Culiac\u00e1n Rosales, Sinaloa, M\u00e9xico : Creativos7 Editorial, 2018.","breadcrumb":{"@id":"https:\/\/booksfrommexico.com\/es\/producto\/capirato-prehispanico-colonial-independiente-y-actual\/#breadcrumb"},"inLanguage":"es","potentialAction":[{"@type":"ReadAction","target":["https:\/\/booksfrommexico.com\/es\/producto\/capirato-prehispanico-colonial-independiente-y-actual\/"]}]},{"@type":"ImageObject","inLanguage":"es","@id":"https:\/\/booksfrommexico.com\/es\/producto\/capirato-prehispanico-colonial-independiente-y-actual\/#primaryimage","url":"https:\/\/booksfrommexico.com\/app\/uploads\/2023\/05\/192326.jpeg","contentUrl":"https:\/\/booksfrommexico.com\/app\/uploads\/2023\/05\/192326.jpeg","width":394,"height":605},{"@type":"BreadcrumbList","@id":"https:\/\/booksfrommexico.com\/es\/producto\/capirato-prehispanico-colonial-independiente-y-actual\/#breadcrumb","itemListElement":[{"@type":"ListItem","position":1,"name":"Home","item":"https:\/\/booksfrommexico.com\/es\/"},{"@type":"ListItem","position":2,"name":"Libros","item":"https:\/\/booksfrommexico.com\/es\/libros\/"},{"@type":"ListItem","position":3,"name":"Capirato: Prehisp\u00e1nico, colonial, independiente y actual"}]},{"@type":"WebSite","@id":"https:\/\/booksfrommexico.com\/#website","url":"https:\/\/booksfrommexico.com\/","name":"Books From Mexico","description":"","publisher":{"@id":"https:\/\/booksfrommexico.com\/#organization"},"potentialAction":[{"@type":"SearchAction","target":{"@type":"EntryPoint","urlTemplate":"https:\/\/booksfrommexico.com\/?s={search_term_string}"},"query-input":{"@type":"PropertyValueSpecification","valueRequired":true,"valueName":"search_term_string"}}],"inLanguage":"es"},{"@type":"Organization","@id":"https:\/\/booksfrommexico.com\/#organization","name":"Books From Mexico","url":"https:\/\/booksfrommexico.com\/","logo":{"@type":"ImageObject","inLanguage":"es","@id":"https:\/\/booksfrommexico.com\/#\/schema\/logo\/image\/","url":"https:\/\/booksfrommexico.com\/app\/uploads\/2023\/05\/logo-booksfrommexico.svg","contentUrl":"https:\/\/booksfrommexico.com\/app\/uploads\/2023\/05\/logo-booksfrommexico.svg","width":86,"height":56,"caption":"Books From Mexico"},"image":{"@id":"https:\/\/booksfrommexico.com\/#\/schema\/logo\/image\/"}}]}},"_links":{"self":[{"href":"https:\/\/booksfrommexico.com\/es\/wp-json\/wp\/v2\/product\/388","targetHints":{"allow":["GET"]}}],"collection":[{"href":"https:\/\/booksfrommexico.com\/es\/wp-json\/wp\/v2\/product"}],"about":[{"href":"https:\/\/booksfrommexico.com\/es\/wp-json\/wp\/v2\/types\/product"}],"wp:featuredmedia":[{"embeddable":true,"href":"https:\/\/booksfrommexico.com\/es\/wp-json\/wp\/v2\/media\/387"}],"wp:attachment":[{"href":"https:\/\/booksfrommexico.com\/es\/wp-json\/wp\/v2\/media?parent=388"}],"wp:term":[{"taxonomy":"product_brand","embeddable":true,"href":"https:\/\/booksfrommexico.com\/es\/wp-json\/wp\/v2\/product_brand?post=388"},{"taxonomy":"product_cat","embeddable":true,"href":"https:\/\/booksfrommexico.com\/es\/wp-json\/wp\/v2\/product_cat?post=388"},{"taxonomy":"product_tag","embeddable":true,"href":"https:\/\/booksfrommexico.com\/es\/wp-json\/wp\/v2\/product_tag?post=388"}],"curies":[{"name":"wp","href":"https:\/\/api.w.org\/{rel}","templated":true}]}}