{"id":390,"date":"2023-05-08T17:01:44","date_gmt":"2023-05-08T17:01:44","guid":{"rendered":"http:\/\/booksfrommexico.com\/product\/espacio-sociedad-e-historia-en-el-culiacan-porfirista-1877-1911-una-vision-multifacorial-de-tres-decadas-de-evolucion\/"},"modified":"2024-04-18T20:53:44","modified_gmt":"2024-04-18T20:53:44","slug":"espacio-sociedad-e-historia-en-el-culiacan-porfirista-1877-1911-una-vision-multifacorial-de-tres-decadas-de-evolucion","status":"publish","type":"product","link":"https:\/\/booksfrommexico.com\/es\/producto\/espacio-sociedad-e-historia-en-el-culiacan-porfirista-1877-1911-una-vision-multifacorial-de-tres-decadas-de-evolucion\/","title":{"rendered":"Espacio, sociedad e historia en el Culiac\u00e1n porfirista (1877-1911)"},"content":{"rendered":"<p><span style=\"font-weight: 400;\">El autor pretende exponer con esta investigaci\u00f3n los cambios urbano-arquitect\u00f3nicos m\u00e1s relevantes ocurridos en la ciudad de Culiac\u00e1n durante el porfiriato (1877-1911), resaltando los componentes socioculturales que m\u00e1s incidieron en este proceso de transformaci\u00f3n. Aunado a esto, se plantean reflexiones interpretativas de este cambio espacial como fen\u00f3meno sociocultural dentro de un contexto hist\u00f3rico sin el cual no ser\u00eda comprensible. Esta obra no es, de manera estricta, sobre historia de la arquitectura y el urbanismo (aunque este trasfondo\u00a0 es indispensable), sino una exposici\u00f3n y an\u00e1lisis de los cambios socioculturales fundamentales para entender mejor la historia general de Culiac\u00e1n. <\/span><\/p>\n","protected":false},"excerpt":{"rendered":"<p>ESPACIO, SOCIEDAD E HISTORIA EN EL CULIAC\u00c1N PORFIRISTA (1877-1911) : UNA VISI\u00d3N MULTIFACTORIAL DE TRES D\u00c9CADAS DE EVOLUCI\u00d3N<span style=\"font-weight: 400;\">. \/ Daniel Chiquete. Culiac\u00e1n, Sinaloa, M\u00e9xico : Gobierno de Sinaloa ; Centro Hist\u00f3rico y Comercial de Culiac\u00e1n ; Creativos7Editorial,\u00a0 2017. 260 pages : includes photos ; 21 cm.<\/span><\/p>\n","protected":false},"featured_media":389,"template":"","meta":{"_acf_changed":false,"inline_featured_image":false},"product_brand":[],"product_cat":[27,113,469],"product_tag":[4151,4242],"class_list":{"0":"post-390","1":"product","2":"type-product","3":"status-publish","4":"has-post-thumbnail","6":"product_cat-historia","7":"product_cat-historia-social","8":"product_cat-porfiriato-historia","9":"product_tag-porfiriato","10":"product_tag-sinaloa-mexico","12":"first","13":"instock","14":"taxable","15":"shipping-taxable","16":"purchasable","17":"product-type-simple"},"acf":[],"yoast_head":"<!-- This site is optimized with the Yoast SEO plugin v27.3 - https:\/\/yoast.com\/product\/yoast-seo-wordpress\/ -->\n<title>Espacio, sociedad e historia en el Culiac\u00e1n porfirista (1877-1911)<\/title>\n<meta name=\"description\" content=\"ESPACIO, SOCIEDAD E HISTORIA EN EL CULIAC\u00c1N PORFIRISTA (1877-1911) : UNA VISI\u00d3N MULTIFACTORIAL DE TRES D\u00c9CADAS DE EVOLUCI\u00d3N. \/ Daniel Chiquete.\" \/>\n<meta name=\"robots\" content=\"index, follow, max-snippet:-1, max-image-preview:large, max-video-preview:-1\" \/>\n<link rel=\"canonical\" href=\"https:\/\/booksfrommexico.com\/es\/producto\/espacio-sociedad-e-historia-en-el-culiacan-porfirista-1877-1911-una-vision-multifacorial-de-tres-decadas-de-evolucion\/\" \/>\n<meta property=\"og:locale\" content=\"es_ES\" \/>\n<meta property=\"og:type\" content=\"article\" \/>\n<meta property=\"og:title\" content=\"Espacio, sociedad e historia en el Culiac\u00e1n porfirista (1877-1911)\" \/>\n<meta property=\"og:description\" content=\"ESPACIO, SOCIEDAD E HISTORIA EN EL CULIAC\u00c1N PORFIRISTA (1877-1911) : UNA VISI\u00d3N MULTIFACTORIAL DE TRES D\u00c9CADAS DE EVOLUCI\u00d3N. \/ Daniel Chiquete.\" \/>\n<meta property=\"og:url\" content=\"https:\/\/booksfrommexico.com\/es\/producto\/espacio-sociedad-e-historia-en-el-culiacan-porfirista-1877-1911-una-vision-multifacorial-de-tres-decadas-de-evolucion\/\" \/>\n<meta property=\"og:site_name\" content=\"Books From Mexico\" \/>\n<meta property=\"article:modified_time\" content=\"2024-04-18T20:53:44+00:00\" \/>\n<meta property=\"og:image\" content=\"http:\/\/booksfrommexico.com\/app\/uploads\/2023\/05\/192312.jpeg\" \/>\n\t<meta property=\"og:image:width\" content=\"384\" \/>\n\t<meta property=\"og:image:height\" content=\"596\" \/>\n\t<meta property=\"og:image:type\" content=\"image\/jpeg\" \/>\n<meta name=\"twitter:card\" content=\"summary_large_image\" \/>\n<meta name=\"twitter:label1\" content=\"Tiempo de lectura\" \/>\n\t<meta name=\"twitter:data1\" content=\"1 minuto\" \/>\n<script type=\"application\/ld+json\" class=\"yoast-schema-graph\">{\"@context\":\"https:\\\/\\\/schema.org\",\"@graph\":[{\"@type\":\"WebPage\",\"@id\":\"https:\\\/\\\/booksfrommexico.com\\\/es\\\/producto\\\/espacio-sociedad-e-historia-en-el-culiacan-porfirista-1877-1911-una-vision-multifacorial-de-tres-decadas-de-evolucion\\\/\",\"url\":\"https:\\\/\\\/booksfrommexico.com\\\/es\\\/producto\\\/espacio-sociedad-e-historia-en-el-culiacan-porfirista-1877-1911-una-vision-multifacorial-de-tres-decadas-de-evolucion\\\/\",\"name\":\"Espacio, sociedad e historia en el Culiac\u00e1n porfirista (1877-1911)\",\"isPartOf\":{\"@id\":\"https:\\\/\\\/booksfrommexico.com\\\/#website\"},\"primaryImageOfPage\":{\"@id\":\"https:\\\/\\\/booksfrommexico.com\\\/es\\\/producto\\\/espacio-sociedad-e-historia-en-el-culiacan-porfirista-1877-1911-una-vision-multifacorial-de-tres-decadas-de-evolucion\\\/#primaryimage\"},\"image\":{\"@id\":\"https:\\\/\\\/booksfrommexico.com\\\/es\\\/producto\\\/espacio-sociedad-e-historia-en-el-culiacan-porfirista-1877-1911-una-vision-multifacorial-de-tres-decadas-de-evolucion\\\/#primaryimage\"},\"thumbnailUrl\":\"https:\\\/\\\/booksfrommexico.com\\\/app\\\/uploads\\\/2023\\\/05\\\/192312.jpeg\",\"datePublished\":\"2023-05-08T17:01:44+00:00\",\"dateModified\":\"2024-04-18T20:53:44+00:00\",\"description\":\"ESPACIO, SOCIEDAD E HISTORIA EN EL CULIAC\u00c1N PORFIRISTA (1877-1911) : UNA VISI\u00d3N MULTIFACTORIAL DE TRES D\u00c9CADAS DE EVOLUCI\u00d3N. \\\/ Daniel Chiquete.\",\"breadcrumb\":{\"@id\":\"https:\\\/\\\/booksfrommexico.com\\\/es\\\/producto\\\/espacio-sociedad-e-historia-en-el-culiacan-porfirista-1877-1911-una-vision-multifacorial-de-tres-decadas-de-evolucion\\\/#breadcrumb\"},\"inLanguage\":\"es\",\"potentialAction\":[{\"@type\":\"ReadAction\",\"target\":[\"https:\\\/\\\/booksfrommexico.com\\\/es\\\/producto\\\/espacio-sociedad-e-historia-en-el-culiacan-porfirista-1877-1911-una-vision-multifacorial-de-tres-decadas-de-evolucion\\\/\"]}]},{\"@type\":\"ImageObject\",\"inLanguage\":\"es\",\"@id\":\"https:\\\/\\\/booksfrommexico.com\\\/es\\\/producto\\\/espacio-sociedad-e-historia-en-el-culiacan-porfirista-1877-1911-una-vision-multifacorial-de-tres-decadas-de-evolucion\\\/#primaryimage\",\"url\":\"https:\\\/\\\/booksfrommexico.com\\\/app\\\/uploads\\\/2023\\\/05\\\/192312.jpeg\",\"contentUrl\":\"https:\\\/\\\/booksfrommexico.com\\\/app\\\/uploads\\\/2023\\\/05\\\/192312.jpeg\",\"width\":384,\"height\":596},{\"@type\":\"BreadcrumbList\",\"@id\":\"https:\\\/\\\/booksfrommexico.com\\\/es\\\/producto\\\/espacio-sociedad-e-historia-en-el-culiacan-porfirista-1877-1911-una-vision-multifacorial-de-tres-decadas-de-evolucion\\\/#breadcrumb\",\"itemListElement\":[{\"@type\":\"ListItem\",\"position\":1,\"name\":\"Home\",\"item\":\"https:\\\/\\\/booksfrommexico.com\\\/es\\\/\"},{\"@type\":\"ListItem\",\"position\":2,\"name\":\"Libros\",\"item\":\"https:\\\/\\\/booksfrommexico.com\\\/es\\\/libros\\\/\"},{\"@type\":\"ListItem\",\"position\":3,\"name\":\"Espacio, sociedad e historia en el Culiac\u00e1n porfirista (1877-1911)\"}]},{\"@type\":\"WebSite\",\"@id\":\"https:\\\/\\\/booksfrommexico.com\\\/#website\",\"url\":\"https:\\\/\\\/booksfrommexico.com\\\/\",\"name\":\"Books From Mexico\",\"description\":\"\",\"publisher\":{\"@id\":\"https:\\\/\\\/booksfrommexico.com\\\/#organization\"},\"potentialAction\":[{\"@type\":\"SearchAction\",\"target\":{\"@type\":\"EntryPoint\",\"urlTemplate\":\"https:\\\/\\\/booksfrommexico.com\\\/?s={search_term_string}\"},\"query-input\":{\"@type\":\"PropertyValueSpecification\",\"valueRequired\":true,\"valueName\":\"search_term_string\"}}],\"inLanguage\":\"es\"},{\"@type\":\"Organization\",\"@id\":\"https:\\\/\\\/booksfrommexico.com\\\/#organization\",\"name\":\"Books From Mexico\",\"url\":\"https:\\\/\\\/booksfrommexico.com\\\/\",\"logo\":{\"@type\":\"ImageObject\",\"inLanguage\":\"es\",\"@id\":\"https:\\\/\\\/booksfrommexico.com\\\/#\\\/schema\\\/logo\\\/image\\\/\",\"url\":\"https:\\\/\\\/booksfrommexico.com\\\/app\\\/uploads\\\/2023\\\/05\\\/logo-booksfrommexico.svg\",\"contentUrl\":\"https:\\\/\\\/booksfrommexico.com\\\/app\\\/uploads\\\/2023\\\/05\\\/logo-booksfrommexico.svg\",\"width\":86,\"height\":56,\"caption\":\"Books From Mexico\"},\"image\":{\"@id\":\"https:\\\/\\\/booksfrommexico.com\\\/#\\\/schema\\\/logo\\\/image\\\/\"}}]}<\/script>\n<!-- \/ Yoast SEO plugin. -->","yoast_head_json":{"title":"Espacio, sociedad e historia en el Culiac\u00e1n porfirista (1877-1911)","description":"ESPACIO, SOCIEDAD E HISTORIA EN EL CULIAC\u00c1N PORFIRISTA (1877-1911) : UNA VISI\u00d3N MULTIFACTORIAL DE TRES D\u00c9CADAS DE EVOLUCI\u00d3N. \/ Daniel Chiquete.","robots":{"index":"index","follow":"follow","max-snippet":"max-snippet:-1","max-image-preview":"max-image-preview:large","max-video-preview":"max-video-preview:-1"},"canonical":"https:\/\/booksfrommexico.com\/es\/producto\/espacio-sociedad-e-historia-en-el-culiacan-porfirista-1877-1911-una-vision-multifacorial-de-tres-decadas-de-evolucion\/","og_locale":"es_ES","og_type":"article","og_title":"Espacio, sociedad e historia en el Culiac\u00e1n porfirista (1877-1911)","og_description":"ESPACIO, SOCIEDAD E HISTORIA EN EL CULIAC\u00c1N PORFIRISTA (1877-1911) : UNA VISI\u00d3N MULTIFACTORIAL DE TRES D\u00c9CADAS DE EVOLUCI\u00d3N. \/ Daniel Chiquete.","og_url":"https:\/\/booksfrommexico.com\/es\/producto\/espacio-sociedad-e-historia-en-el-culiacan-porfirista-1877-1911-una-vision-multifacorial-de-tres-decadas-de-evolucion\/","og_site_name":"Books From Mexico","article_modified_time":"2024-04-18T20:53:44+00:00","og_image":[{"width":384,"height":596,"url":"http:\/\/booksfrommexico.com\/app\/uploads\/2023\/05\/192312.jpeg","type":"image\/jpeg"}],"twitter_card":"summary_large_image","twitter_misc":{"Tiempo de lectura":"1 minuto"},"schema":{"@context":"https:\/\/schema.org","@graph":[{"@type":"WebPage","@id":"https:\/\/booksfrommexico.com\/es\/producto\/espacio-sociedad-e-historia-en-el-culiacan-porfirista-1877-1911-una-vision-multifacorial-de-tres-decadas-de-evolucion\/","url":"https:\/\/booksfrommexico.com\/es\/producto\/espacio-sociedad-e-historia-en-el-culiacan-porfirista-1877-1911-una-vision-multifacorial-de-tres-decadas-de-evolucion\/","name":"Espacio, sociedad e historia en el Culiac\u00e1n porfirista (1877-1911)","isPartOf":{"@id":"https:\/\/booksfrommexico.com\/#website"},"primaryImageOfPage":{"@id":"https:\/\/booksfrommexico.com\/es\/producto\/espacio-sociedad-e-historia-en-el-culiacan-porfirista-1877-1911-una-vision-multifacorial-de-tres-decadas-de-evolucion\/#primaryimage"},"image":{"@id":"https:\/\/booksfrommexico.com\/es\/producto\/espacio-sociedad-e-historia-en-el-culiacan-porfirista-1877-1911-una-vision-multifacorial-de-tres-decadas-de-evolucion\/#primaryimage"},"thumbnailUrl":"https:\/\/booksfrommexico.com\/app\/uploads\/2023\/05\/192312.jpeg","datePublished":"2023-05-08T17:01:44+00:00","dateModified":"2024-04-18T20:53:44+00:00","description":"ESPACIO, SOCIEDAD E HISTORIA EN EL CULIAC\u00c1N PORFIRISTA (1877-1911) : UNA VISI\u00d3N MULTIFACTORIAL DE TRES D\u00c9CADAS DE EVOLUCI\u00d3N. \/ Daniel Chiquete.","breadcrumb":{"@id":"https:\/\/booksfrommexico.com\/es\/producto\/espacio-sociedad-e-historia-en-el-culiacan-porfirista-1877-1911-una-vision-multifacorial-de-tres-decadas-de-evolucion\/#breadcrumb"},"inLanguage":"es","potentialAction":[{"@type":"ReadAction","target":["https:\/\/booksfrommexico.com\/es\/producto\/espacio-sociedad-e-historia-en-el-culiacan-porfirista-1877-1911-una-vision-multifacorial-de-tres-decadas-de-evolucion\/"]}]},{"@type":"ImageObject","inLanguage":"es","@id":"https:\/\/booksfrommexico.com\/es\/producto\/espacio-sociedad-e-historia-en-el-culiacan-porfirista-1877-1911-una-vision-multifacorial-de-tres-decadas-de-evolucion\/#primaryimage","url":"https:\/\/booksfrommexico.com\/app\/uploads\/2023\/05\/192312.jpeg","contentUrl":"https:\/\/booksfrommexico.com\/app\/uploads\/2023\/05\/192312.jpeg","width":384,"height":596},{"@type":"BreadcrumbList","@id":"https:\/\/booksfrommexico.com\/es\/producto\/espacio-sociedad-e-historia-en-el-culiacan-porfirista-1877-1911-una-vision-multifacorial-de-tres-decadas-de-evolucion\/#breadcrumb","itemListElement":[{"@type":"ListItem","position":1,"name":"Home","item":"https:\/\/booksfrommexico.com\/es\/"},{"@type":"ListItem","position":2,"name":"Libros","item":"https:\/\/booksfrommexico.com\/es\/libros\/"},{"@type":"ListItem","position":3,"name":"Espacio, sociedad e historia en el Culiac\u00e1n porfirista (1877-1911)"}]},{"@type":"WebSite","@id":"https:\/\/booksfrommexico.com\/#website","url":"https:\/\/booksfrommexico.com\/","name":"Books From Mexico","description":"","publisher":{"@id":"https:\/\/booksfrommexico.com\/#organization"},"potentialAction":[{"@type":"SearchAction","target":{"@type":"EntryPoint","urlTemplate":"https:\/\/booksfrommexico.com\/?s={search_term_string}"},"query-input":{"@type":"PropertyValueSpecification","valueRequired":true,"valueName":"search_term_string"}}],"inLanguage":"es"},{"@type":"Organization","@id":"https:\/\/booksfrommexico.com\/#organization","name":"Books From Mexico","url":"https:\/\/booksfrommexico.com\/","logo":{"@type":"ImageObject","inLanguage":"es","@id":"https:\/\/booksfrommexico.com\/#\/schema\/logo\/image\/","url":"https:\/\/booksfrommexico.com\/app\/uploads\/2023\/05\/logo-booksfrommexico.svg","contentUrl":"https:\/\/booksfrommexico.com\/app\/uploads\/2023\/05\/logo-booksfrommexico.svg","width":86,"height":56,"caption":"Books From Mexico"},"image":{"@id":"https:\/\/booksfrommexico.com\/#\/schema\/logo\/image\/"}}]}},"_links":{"self":[{"href":"https:\/\/booksfrommexico.com\/es\/wp-json\/wp\/v2\/product\/390","targetHints":{"allow":["GET"]}}],"collection":[{"href":"https:\/\/booksfrommexico.com\/es\/wp-json\/wp\/v2\/product"}],"about":[{"href":"https:\/\/booksfrommexico.com\/es\/wp-json\/wp\/v2\/types\/product"}],"wp:featuredmedia":[{"embeddable":true,"href":"https:\/\/booksfrommexico.com\/es\/wp-json\/wp\/v2\/media\/389"}],"wp:attachment":[{"href":"https:\/\/booksfrommexico.com\/es\/wp-json\/wp\/v2\/media?parent=390"}],"wp:term":[{"taxonomy":"product_brand","embeddable":true,"href":"https:\/\/booksfrommexico.com\/es\/wp-json\/wp\/v2\/product_brand?post=390"},{"taxonomy":"product_cat","embeddable":true,"href":"https:\/\/booksfrommexico.com\/es\/wp-json\/wp\/v2\/product_cat?post=390"},{"taxonomy":"product_tag","embeddable":true,"href":"https:\/\/booksfrommexico.com\/es\/wp-json\/wp\/v2\/product_tag?post=390"}],"curies":[{"name":"wp","href":"https:\/\/api.w.org\/{rel}","templated":true}]}}