{"id":392,"date":"2023-05-08T17:01:45","date_gmt":"2023-05-08T17:01:45","guid":{"rendered":"http:\/\/booksfrommexico.com\/product\/el-gran-norte-novohispano-mexicano-ensayos-historiograficos\/"},"modified":"2024-10-31T22:04:46","modified_gmt":"2024-10-31T22:04:46","slug":"el-gran-norte-novohispano-mexicano-ensayos-historiograficos","status":"publish","type":"product","link":"https:\/\/booksfrommexico.com\/es\/producto\/el-gran-norte-novohispano-mexicano-ensayos-historiograficos\/","title":{"rendered":"El gran norte novohispano-mexicano: Ensayos historiogr\u00e1ficos"},"content":{"rendered":"<p><span style=\"font-weight: 400;\">La historiograf\u00eda acerca del norte novohispano y mexicano cuenta a la fecha con una generosa variedad de enfoques, debates y estudios monogr\u00e1ficos; es por ello que es importante emprender desde distintas \u00f3pticas los esfuerzos de s\u00edntesis, mediaci\u00f3n y contextualizaci\u00f3n para que las propuestas de an\u00e1lisis cobren nuevos sentidos. A trav\u00e9s de de los cuatro ensayos que aqu\u00ed se presentan, los autores reflexionan sobre la forma en que ha cambiado la comprensi\u00f3n sobre temas como la demograf\u00eda hist\u00f3rica, la relaci\u00f3n entre espa\u00f1oles y grupos refractarios al dominio colonial, el funcionamiento de los presidios norte\u00f1os o las relaciones comerciales entre el norte de M\u00e9xico y el sur de Estados Unidos. <\/span><\/p>\n","protected":false},"excerpt":{"rendered":"<p>EL GRAN NORTE NOVOHISPANO-MEXICANO : ENSAYOS HISTORIOGR\u00c1FICOS<span style=\"font-weight: 400;\">. \/ Jos\u00e9 Refugio de la Torre Curiel (compilator).\u00a0 Zapopan, Jalisco, M\u00e9xico : El Colegio de Jalisco, 2020. 207 pages : includes graphics, bibliographic notes, bibliography at the end of each chapter ; 21 cm. ISBN : 9786078657599.<\/span><\/p>\n","protected":false},"featured_media":391,"template":"","meta":{"_acf_changed":false,"inline_featured_image":false},"product_brand":[],"product_cat":[129,27],"product_tag":[3855,4411,3687,4329],"class_list":{"0":"post-392","1":"product","2":"type-product","3":"status-publish","4":"has-post-thumbnail","6":"product_cat-colonial-historia","7":"product_cat-historia","8":"product_tag-ensayos","9":"product_tag-frontera-norte","10":"product_tag-norte-america","11":"product_tag-novohispano","13":"first","14":"instock","15":"taxable","16":"shipping-taxable","17":"purchasable","18":"product-type-simple"},"acf":[],"yoast_head":"<!-- This site is optimized with the Yoast SEO plugin v27.3 - https:\/\/yoast.com\/product\/yoast-seo-wordpress\/ -->\n<title>El gran norte novohispano-mexicano: Ensayos historiogr\u00e1ficos<\/title>\n<meta name=\"description\" content=\"EL GRAN NORTE NOVOHISPANO-MEXICANO : ENSAYOS HISTORIOGR\u00c1FICOS. \/ Jos\u00e9 Refugio de la Torre Curiel (compilator). Jalisco, M\u00e9xico : El Colegio de Jalisco.\" \/>\n<meta name=\"robots\" content=\"index, follow, max-snippet:-1, max-image-preview:large, max-video-preview:-1\" \/>\n<link rel=\"canonical\" href=\"https:\/\/booksfrommexico.com\/es\/producto\/el-gran-norte-novohispano-mexicano-ensayos-historiograficos\/\" \/>\n<meta property=\"og:locale\" content=\"es_ES\" \/>\n<meta property=\"og:type\" content=\"article\" \/>\n<meta property=\"og:title\" content=\"El gran norte novohispano-mexicano: Ensayos historiogr\u00e1ficos\" \/>\n<meta property=\"og:description\" content=\"EL GRAN NORTE NOVOHISPANO-MEXICANO : ENSAYOS HISTORIOGR\u00c1FICOS. \/ Jos\u00e9 Refugio de la Torre Curiel (compilator). Jalisco, M\u00e9xico : El Colegio de Jalisco.\" \/>\n<meta property=\"og:url\" content=\"https:\/\/booksfrommexico.com\/es\/producto\/el-gran-norte-novohispano-mexicano-ensayos-historiograficos\/\" \/>\n<meta property=\"og:site_name\" content=\"Books From Mexico\" \/>\n<meta property=\"article:modified_time\" content=\"2024-10-31T22:04:46+00:00\" \/>\n<meta property=\"og:image\" content=\"http:\/\/booksfrommexico.com\/app\/uploads\/2023\/05\/194092.jpeg\" \/>\n\t<meta property=\"og:image:width\" content=\"384\" \/>\n\t<meta property=\"og:image:height\" content=\"596\" \/>\n\t<meta property=\"og:image:type\" content=\"image\/jpeg\" \/>\n<meta name=\"twitter:card\" content=\"summary_large_image\" \/>\n<meta name=\"twitter:label1\" content=\"Tiempo de lectura\" \/>\n\t<meta name=\"twitter:data1\" content=\"1 minuto\" \/>\n<script type=\"application\/ld+json\" class=\"yoast-schema-graph\">{\"@context\":\"https:\\\/\\\/schema.org\",\"@graph\":[{\"@type\":\"WebPage\",\"@id\":\"https:\\\/\\\/booksfrommexico.com\\\/es\\\/producto\\\/el-gran-norte-novohispano-mexicano-ensayos-historiograficos\\\/\",\"url\":\"https:\\\/\\\/booksfrommexico.com\\\/es\\\/producto\\\/el-gran-norte-novohispano-mexicano-ensayos-historiograficos\\\/\",\"name\":\"El gran norte novohispano-mexicano: Ensayos historiogr\u00e1ficos\",\"isPartOf\":{\"@id\":\"https:\\\/\\\/booksfrommexico.com\\\/#website\"},\"primaryImageOfPage\":{\"@id\":\"https:\\\/\\\/booksfrommexico.com\\\/es\\\/producto\\\/el-gran-norte-novohispano-mexicano-ensayos-historiograficos\\\/#primaryimage\"},\"image\":{\"@id\":\"https:\\\/\\\/booksfrommexico.com\\\/es\\\/producto\\\/el-gran-norte-novohispano-mexicano-ensayos-historiograficos\\\/#primaryimage\"},\"thumbnailUrl\":\"https:\\\/\\\/booksfrommexico.com\\\/app\\\/uploads\\\/2023\\\/05\\\/194092.jpeg\",\"datePublished\":\"2023-05-08T17:01:45+00:00\",\"dateModified\":\"2024-10-31T22:04:46+00:00\",\"description\":\"EL GRAN NORTE NOVOHISPANO-MEXICANO : ENSAYOS HISTORIOGR\u00c1FICOS. \\\/ Jos\u00e9 Refugio de la Torre Curiel (compilator). Jalisco, M\u00e9xico : El Colegio de Jalisco.\",\"breadcrumb\":{\"@id\":\"https:\\\/\\\/booksfrommexico.com\\\/es\\\/producto\\\/el-gran-norte-novohispano-mexicano-ensayos-historiograficos\\\/#breadcrumb\"},\"inLanguage\":\"es\",\"potentialAction\":[{\"@type\":\"ReadAction\",\"target\":[\"https:\\\/\\\/booksfrommexico.com\\\/es\\\/producto\\\/el-gran-norte-novohispano-mexicano-ensayos-historiograficos\\\/\"]}]},{\"@type\":\"ImageObject\",\"inLanguage\":\"es\",\"@id\":\"https:\\\/\\\/booksfrommexico.com\\\/es\\\/producto\\\/el-gran-norte-novohispano-mexicano-ensayos-historiograficos\\\/#primaryimage\",\"url\":\"https:\\\/\\\/booksfrommexico.com\\\/app\\\/uploads\\\/2023\\\/05\\\/194092.jpeg\",\"contentUrl\":\"https:\\\/\\\/booksfrommexico.com\\\/app\\\/uploads\\\/2023\\\/05\\\/194092.jpeg\",\"width\":384,\"height\":596},{\"@type\":\"BreadcrumbList\",\"@id\":\"https:\\\/\\\/booksfrommexico.com\\\/es\\\/producto\\\/el-gran-norte-novohispano-mexicano-ensayos-historiograficos\\\/#breadcrumb\",\"itemListElement\":[{\"@type\":\"ListItem\",\"position\":1,\"name\":\"Home\",\"item\":\"https:\\\/\\\/booksfrommexico.com\\\/es\\\/\"},{\"@type\":\"ListItem\",\"position\":2,\"name\":\"Libros\",\"item\":\"https:\\\/\\\/booksfrommexico.com\\\/es\\\/libros\\\/\"},{\"@type\":\"ListItem\",\"position\":3,\"name\":\"El gran norte novohispano-mexicano: Ensayos historiogr\u00e1ficos\"}]},{\"@type\":\"WebSite\",\"@id\":\"https:\\\/\\\/booksfrommexico.com\\\/#website\",\"url\":\"https:\\\/\\\/booksfrommexico.com\\\/\",\"name\":\"Books From Mexico\",\"description\":\"\",\"publisher\":{\"@id\":\"https:\\\/\\\/booksfrommexico.com\\\/#organization\"},\"potentialAction\":[{\"@type\":\"SearchAction\",\"target\":{\"@type\":\"EntryPoint\",\"urlTemplate\":\"https:\\\/\\\/booksfrommexico.com\\\/?s={search_term_string}\"},\"query-input\":{\"@type\":\"PropertyValueSpecification\",\"valueRequired\":true,\"valueName\":\"search_term_string\"}}],\"inLanguage\":\"es\"},{\"@type\":\"Organization\",\"@id\":\"https:\\\/\\\/booksfrommexico.com\\\/#organization\",\"name\":\"Books From Mexico\",\"url\":\"https:\\\/\\\/booksfrommexico.com\\\/\",\"logo\":{\"@type\":\"ImageObject\",\"inLanguage\":\"es\",\"@id\":\"https:\\\/\\\/booksfrommexico.com\\\/#\\\/schema\\\/logo\\\/image\\\/\",\"url\":\"https:\\\/\\\/booksfrommexico.com\\\/app\\\/uploads\\\/2023\\\/05\\\/logo-booksfrommexico.svg\",\"contentUrl\":\"https:\\\/\\\/booksfrommexico.com\\\/app\\\/uploads\\\/2023\\\/05\\\/logo-booksfrommexico.svg\",\"width\":86,\"height\":56,\"caption\":\"Books From Mexico\"},\"image\":{\"@id\":\"https:\\\/\\\/booksfrommexico.com\\\/#\\\/schema\\\/logo\\\/image\\\/\"}}]}<\/script>\n<!-- \/ Yoast SEO plugin. -->","yoast_head_json":{"title":"El gran norte novohispano-mexicano: Ensayos historiogr\u00e1ficos","description":"EL GRAN NORTE NOVOHISPANO-MEXICANO : ENSAYOS HISTORIOGR\u00c1FICOS. \/ Jos\u00e9 Refugio de la Torre Curiel (compilator). Jalisco, M\u00e9xico : El Colegio de Jalisco.","robots":{"index":"index","follow":"follow","max-snippet":"max-snippet:-1","max-image-preview":"max-image-preview:large","max-video-preview":"max-video-preview:-1"},"canonical":"https:\/\/booksfrommexico.com\/es\/producto\/el-gran-norte-novohispano-mexicano-ensayos-historiograficos\/","og_locale":"es_ES","og_type":"article","og_title":"El gran norte novohispano-mexicano: Ensayos historiogr\u00e1ficos","og_description":"EL GRAN NORTE NOVOHISPANO-MEXICANO : ENSAYOS HISTORIOGR\u00c1FICOS. \/ Jos\u00e9 Refugio de la Torre Curiel (compilator). Jalisco, M\u00e9xico : El Colegio de Jalisco.","og_url":"https:\/\/booksfrommexico.com\/es\/producto\/el-gran-norte-novohispano-mexicano-ensayos-historiograficos\/","og_site_name":"Books From Mexico","article_modified_time":"2024-10-31T22:04:46+00:00","og_image":[{"width":384,"height":596,"url":"http:\/\/booksfrommexico.com\/app\/uploads\/2023\/05\/194092.jpeg","type":"image\/jpeg"}],"twitter_card":"summary_large_image","twitter_misc":{"Tiempo de lectura":"1 minuto"},"schema":{"@context":"https:\/\/schema.org","@graph":[{"@type":"WebPage","@id":"https:\/\/booksfrommexico.com\/es\/producto\/el-gran-norte-novohispano-mexicano-ensayos-historiograficos\/","url":"https:\/\/booksfrommexico.com\/es\/producto\/el-gran-norte-novohispano-mexicano-ensayos-historiograficos\/","name":"El gran norte novohispano-mexicano: Ensayos historiogr\u00e1ficos","isPartOf":{"@id":"https:\/\/booksfrommexico.com\/#website"},"primaryImageOfPage":{"@id":"https:\/\/booksfrommexico.com\/es\/producto\/el-gran-norte-novohispano-mexicano-ensayos-historiograficos\/#primaryimage"},"image":{"@id":"https:\/\/booksfrommexico.com\/es\/producto\/el-gran-norte-novohispano-mexicano-ensayos-historiograficos\/#primaryimage"},"thumbnailUrl":"https:\/\/booksfrommexico.com\/app\/uploads\/2023\/05\/194092.jpeg","datePublished":"2023-05-08T17:01:45+00:00","dateModified":"2024-10-31T22:04:46+00:00","description":"EL GRAN NORTE NOVOHISPANO-MEXICANO : ENSAYOS HISTORIOGR\u00c1FICOS. \/ Jos\u00e9 Refugio de la Torre Curiel (compilator). Jalisco, M\u00e9xico : El Colegio de Jalisco.","breadcrumb":{"@id":"https:\/\/booksfrommexico.com\/es\/producto\/el-gran-norte-novohispano-mexicano-ensayos-historiograficos\/#breadcrumb"},"inLanguage":"es","potentialAction":[{"@type":"ReadAction","target":["https:\/\/booksfrommexico.com\/es\/producto\/el-gran-norte-novohispano-mexicano-ensayos-historiograficos\/"]}]},{"@type":"ImageObject","inLanguage":"es","@id":"https:\/\/booksfrommexico.com\/es\/producto\/el-gran-norte-novohispano-mexicano-ensayos-historiograficos\/#primaryimage","url":"https:\/\/booksfrommexico.com\/app\/uploads\/2023\/05\/194092.jpeg","contentUrl":"https:\/\/booksfrommexico.com\/app\/uploads\/2023\/05\/194092.jpeg","width":384,"height":596},{"@type":"BreadcrumbList","@id":"https:\/\/booksfrommexico.com\/es\/producto\/el-gran-norte-novohispano-mexicano-ensayos-historiograficos\/#breadcrumb","itemListElement":[{"@type":"ListItem","position":1,"name":"Home","item":"https:\/\/booksfrommexico.com\/es\/"},{"@type":"ListItem","position":2,"name":"Libros","item":"https:\/\/booksfrommexico.com\/es\/libros\/"},{"@type":"ListItem","position":3,"name":"El gran norte novohispano-mexicano: Ensayos historiogr\u00e1ficos"}]},{"@type":"WebSite","@id":"https:\/\/booksfrommexico.com\/#website","url":"https:\/\/booksfrommexico.com\/","name":"Books From Mexico","description":"","publisher":{"@id":"https:\/\/booksfrommexico.com\/#organization"},"potentialAction":[{"@type":"SearchAction","target":{"@type":"EntryPoint","urlTemplate":"https:\/\/booksfrommexico.com\/?s={search_term_string}"},"query-input":{"@type":"PropertyValueSpecification","valueRequired":true,"valueName":"search_term_string"}}],"inLanguage":"es"},{"@type":"Organization","@id":"https:\/\/booksfrommexico.com\/#organization","name":"Books From Mexico","url":"https:\/\/booksfrommexico.com\/","logo":{"@type":"ImageObject","inLanguage":"es","@id":"https:\/\/booksfrommexico.com\/#\/schema\/logo\/image\/","url":"https:\/\/booksfrommexico.com\/app\/uploads\/2023\/05\/logo-booksfrommexico.svg","contentUrl":"https:\/\/booksfrommexico.com\/app\/uploads\/2023\/05\/logo-booksfrommexico.svg","width":86,"height":56,"caption":"Books From Mexico"},"image":{"@id":"https:\/\/booksfrommexico.com\/#\/schema\/logo\/image\/"}}]}},"_links":{"self":[{"href":"https:\/\/booksfrommexico.com\/es\/wp-json\/wp\/v2\/product\/392","targetHints":{"allow":["GET"]}}],"collection":[{"href":"https:\/\/booksfrommexico.com\/es\/wp-json\/wp\/v2\/product"}],"about":[{"href":"https:\/\/booksfrommexico.com\/es\/wp-json\/wp\/v2\/types\/product"}],"wp:featuredmedia":[{"embeddable":true,"href":"https:\/\/booksfrommexico.com\/es\/wp-json\/wp\/v2\/media\/391"}],"wp:attachment":[{"href":"https:\/\/booksfrommexico.com\/es\/wp-json\/wp\/v2\/media?parent=392"}],"wp:term":[{"taxonomy":"product_brand","embeddable":true,"href":"https:\/\/booksfrommexico.com\/es\/wp-json\/wp\/v2\/product_brand?post=392"},{"taxonomy":"product_cat","embeddable":true,"href":"https:\/\/booksfrommexico.com\/es\/wp-json\/wp\/v2\/product_cat?post=392"},{"taxonomy":"product_tag","embeddable":true,"href":"https:\/\/booksfrommexico.com\/es\/wp-json\/wp\/v2\/product_tag?post=392"}],"curies":[{"name":"wp","href":"https:\/\/api.w.org\/{rel}","templated":true}]}}