{"id":398,"date":"2023-05-08T17:01:51","date_gmt":"2023-05-08T17:01:51","guid":{"rendered":"http:\/\/booksfrommexico.com\/product\/cambio-social-y-agricola-en-territorios-campesinos-respuestas-locales-al-regimen-neoliberal-en-la-frontera-sur-de-mexico\/"},"modified":"2024-02-09T19:18:42","modified_gmt":"2024-02-09T19:18:42","slug":"cambio-social-y-agricola-en-territorios-campesinos-respuestas-locales-al-regimen-neoliberal-en-la-frontera-sur-de-mexico","status":"publish","type":"product","link":"https:\/\/booksfrommexico.com\/es\/producto\/cambio-social-y-agricola-en-territorios-campesinos-respuestas-locales-al-regimen-neoliberal-en-la-frontera-sur-de-mexico\/","title":{"rendered":"Cambio social y agr\u00edcola en territorios campesinos : respuestas locales al r\u00e9gimen neoliberal en la frontera sur de M\u00e9xico \/"},"content":{"rendered":"","protected":false},"excerpt":{"rendered":"<p>Luis E. Garc\u00eda Barrios, Eduardo Bello Baltazar, Manuel R. Parra V\u00e1zquez, editores. Chetumal, Quintana Roo : El Colegio de la Frontera Sur, 2020. 241 pages : color illustrations, color maps, 28 cm. ISBN: 9786078767007<\/p>\n","protected":false},"featured_media":397,"template":"","meta":{"_acf_changed":false,"inline_featured_image":false},"product_brand":[],"product_cat":[481],"product_tag":[],"class_list":{"0":"post-398","1":"product","2":"type-product","3":"status-publish","4":"has-post-thumbnail","6":"product_cat-agricultura-y-ganaderia","8":"first","9":"outofstock","10":"taxable","11":"shipping-taxable","12":"purchasable","13":"product-type-simple"},"acf":[],"yoast_head":"<!-- This site is optimized with the Yoast SEO plugin v27.2 - https:\/\/yoast.com\/product\/yoast-seo-wordpress\/ -->\n<title>Cambio social y agr\u00edcola en territorios campesinos : respuestas locales al r\u00e9gimen neoliberal en la frontera sur de M\u00e9xico \/ - Books From Mexico<\/title>\n<meta name=\"robots\" content=\"index, follow, max-snippet:-1, max-image-preview:large, max-video-preview:-1\" \/>\n<link rel=\"canonical\" href=\"https:\/\/booksfrommexico.com\/es\/producto\/cambio-social-y-agricola-en-territorios-campesinos-respuestas-locales-al-regimen-neoliberal-en-la-frontera-sur-de-mexico\/\" \/>\n<meta property=\"og:locale\" content=\"es_ES\" \/>\n<meta property=\"og:type\" content=\"article\" \/>\n<meta property=\"og:title\" content=\"Cambio social y agr\u00edcola en territorios campesinos : respuestas locales al r\u00e9gimen neoliberal en la frontera sur de M\u00e9xico \/ - Books From Mexico\" \/>\n<meta property=\"og:description\" content=\"Luis E. Garc\u00eda Barrios, Eduardo Bello Baltazar, Manuel R. Parra V\u00e1zquez, editores. Chetumal, Quintana Roo : El Colegio de la Frontera Sur, 2020. 241 pages : color illustrations, color maps, 28 cm. ISBN: 9786078767007\" \/>\n<meta property=\"og:url\" content=\"https:\/\/booksfrommexico.com\/es\/producto\/cambio-social-y-agricola-en-territorios-campesinos-respuestas-locales-al-regimen-neoliberal-en-la-frontera-sur-de-mexico\/\" \/>\n<meta property=\"og:site_name\" content=\"Books From Mexico\" \/>\n<meta property=\"article:modified_time\" content=\"2024-02-09T19:18:42+00:00\" \/>\n<meta property=\"og:image\" content=\"http:\/\/booksfrommexico.com\/app\/uploads\/2023\/05\/192893.jpg\" \/>\n\t<meta property=\"og:image:width\" content=\"803\" \/>\n\t<meta property=\"og:image:height\" content=\"1079\" \/>\n\t<meta property=\"og:image:type\" content=\"image\/jpeg\" \/>\n<meta name=\"twitter:card\" content=\"summary_large_image\" \/>\n<meta name=\"twitter:label1\" content=\"Tiempo de lectura\" \/>\n\t<meta name=\"twitter:data1\" content=\"1 minuto\" \/>\n<script type=\"application\/ld+json\" class=\"yoast-schema-graph\">{\"@context\":\"https:\/\/schema.org\",\"@graph\":[{\"@type\":\"WebPage\",\"@id\":\"https:\/\/booksfrommexico.com\/es\/producto\/cambio-social-y-agricola-en-territorios-campesinos-respuestas-locales-al-regimen-neoliberal-en-la-frontera-sur-de-mexico\/\",\"url\":\"https:\/\/booksfrommexico.com\/es\/producto\/cambio-social-y-agricola-en-territorios-campesinos-respuestas-locales-al-regimen-neoliberal-en-la-frontera-sur-de-mexico\/\",\"name\":\"Cambio social y agr\u00edcola en territorios campesinos : respuestas locales al r\u00e9gimen neoliberal en la frontera sur de M\u00e9xico \/ - Books From Mexico\",\"isPartOf\":{\"@id\":\"https:\/\/booksfrommexico.com\/#website\"},\"primaryImageOfPage\":{\"@id\":\"https:\/\/booksfrommexico.com\/es\/producto\/cambio-social-y-agricola-en-territorios-campesinos-respuestas-locales-al-regimen-neoliberal-en-la-frontera-sur-de-mexico\/#primaryimage\"},\"image\":{\"@id\":\"https:\/\/booksfrommexico.com\/es\/producto\/cambio-social-y-agricola-en-territorios-campesinos-respuestas-locales-al-regimen-neoliberal-en-la-frontera-sur-de-mexico\/#primaryimage\"},\"thumbnailUrl\":\"https:\/\/booksfrommexico.com\/app\/uploads\/2023\/05\/192893.jpg\",\"datePublished\":\"2023-05-08T17:01:51+00:00\",\"dateModified\":\"2024-02-09T19:18:42+00:00\",\"breadcrumb\":{\"@id\":\"https:\/\/booksfrommexico.com\/es\/producto\/cambio-social-y-agricola-en-territorios-campesinos-respuestas-locales-al-regimen-neoliberal-en-la-frontera-sur-de-mexico\/#breadcrumb\"},\"inLanguage\":\"es\",\"potentialAction\":[{\"@type\":\"ReadAction\",\"target\":[\"https:\/\/booksfrommexico.com\/es\/producto\/cambio-social-y-agricola-en-territorios-campesinos-respuestas-locales-al-regimen-neoliberal-en-la-frontera-sur-de-mexico\/\"]}]},{\"@type\":\"ImageObject\",\"inLanguage\":\"es\",\"@id\":\"https:\/\/booksfrommexico.com\/es\/producto\/cambio-social-y-agricola-en-territorios-campesinos-respuestas-locales-al-regimen-neoliberal-en-la-frontera-sur-de-mexico\/#primaryimage\",\"url\":\"https:\/\/booksfrommexico.com\/app\/uploads\/2023\/05\/192893.jpg\",\"contentUrl\":\"https:\/\/booksfrommexico.com\/app\/uploads\/2023\/05\/192893.jpg\",\"width\":803,\"height\":1079},{\"@type\":\"BreadcrumbList\",\"@id\":\"https:\/\/booksfrommexico.com\/es\/producto\/cambio-social-y-agricola-en-territorios-campesinos-respuestas-locales-al-regimen-neoliberal-en-la-frontera-sur-de-mexico\/#breadcrumb\",\"itemListElement\":[{\"@type\":\"ListItem\",\"position\":1,\"name\":\"Home\",\"item\":\"https:\/\/booksfrommexico.com\/es\/\"},{\"@type\":\"ListItem\",\"position\":2,\"name\":\"Libros\",\"item\":\"https:\/\/booksfrommexico.com\/es\/libros\/\"},{\"@type\":\"ListItem\",\"position\":3,\"name\":\"Cambio social y agr\u00edcola en territorios campesinos : respuestas locales al r\u00e9gimen neoliberal en la frontera sur de M\u00e9xico \/\"}]},{\"@type\":\"WebSite\",\"@id\":\"https:\/\/booksfrommexico.com\/#website\",\"url\":\"https:\/\/booksfrommexico.com\/\",\"name\":\"Books From Mexico\",\"description\":\"\",\"publisher\":{\"@id\":\"https:\/\/booksfrommexico.com\/#organization\"},\"potentialAction\":[{\"@type\":\"SearchAction\",\"target\":{\"@type\":\"EntryPoint\",\"urlTemplate\":\"https:\/\/booksfrommexico.com\/?s={search_term_string}\"},\"query-input\":{\"@type\":\"PropertyValueSpecification\",\"valueRequired\":true,\"valueName\":\"search_term_string\"}}],\"inLanguage\":\"es\"},{\"@type\":\"Organization\",\"@id\":\"https:\/\/booksfrommexico.com\/#organization\",\"name\":\"Books From Mexico\",\"url\":\"https:\/\/booksfrommexico.com\/\",\"logo\":{\"@type\":\"ImageObject\",\"inLanguage\":\"es\",\"@id\":\"https:\/\/booksfrommexico.com\/#\/schema\/logo\/image\/\",\"url\":\"https:\/\/booksfrommexico.com\/app\/uploads\/2023\/05\/logo-booksfrommexico.svg\",\"contentUrl\":\"https:\/\/booksfrommexico.com\/app\/uploads\/2023\/05\/logo-booksfrommexico.svg\",\"width\":86,\"height\":56,\"caption\":\"Books From Mexico\"},\"image\":{\"@id\":\"https:\/\/booksfrommexico.com\/#\/schema\/logo\/image\/\"}}]}<\/script>\n<!-- \/ Yoast SEO plugin. -->","yoast_head_json":{"title":"Cambio social y agr\u00edcola en territorios campesinos : respuestas locales al r\u00e9gimen neoliberal en la frontera sur de M\u00e9xico \/ - Books From Mexico","robots":{"index":"index","follow":"follow","max-snippet":"max-snippet:-1","max-image-preview":"max-image-preview:large","max-video-preview":"max-video-preview:-1"},"canonical":"https:\/\/booksfrommexico.com\/es\/producto\/cambio-social-y-agricola-en-territorios-campesinos-respuestas-locales-al-regimen-neoliberal-en-la-frontera-sur-de-mexico\/","og_locale":"es_ES","og_type":"article","og_title":"Cambio social y agr\u00edcola en territorios campesinos : respuestas locales al r\u00e9gimen neoliberal en la frontera sur de M\u00e9xico \/ - Books From Mexico","og_description":"Luis E. Garc\u00eda Barrios, Eduardo Bello Baltazar, Manuel R. Parra V\u00e1zquez, editores. Chetumal, Quintana Roo : El Colegio de la Frontera Sur, 2020. 241 pages : color illustrations, color maps, 28 cm. ISBN: 9786078767007","og_url":"https:\/\/booksfrommexico.com\/es\/producto\/cambio-social-y-agricola-en-territorios-campesinos-respuestas-locales-al-regimen-neoliberal-en-la-frontera-sur-de-mexico\/","og_site_name":"Books From Mexico","article_modified_time":"2024-02-09T19:18:42+00:00","og_image":[{"width":803,"height":1079,"url":"http:\/\/booksfrommexico.com\/app\/uploads\/2023\/05\/192893.jpg","type":"image\/jpeg"}],"twitter_card":"summary_large_image","twitter_misc":{"Tiempo de lectura":"1 minuto"},"schema":{"@context":"https:\/\/schema.org","@graph":[{"@type":"WebPage","@id":"https:\/\/booksfrommexico.com\/es\/producto\/cambio-social-y-agricola-en-territorios-campesinos-respuestas-locales-al-regimen-neoliberal-en-la-frontera-sur-de-mexico\/","url":"https:\/\/booksfrommexico.com\/es\/producto\/cambio-social-y-agricola-en-territorios-campesinos-respuestas-locales-al-regimen-neoliberal-en-la-frontera-sur-de-mexico\/","name":"Cambio social y agr\u00edcola en territorios campesinos : respuestas locales al r\u00e9gimen neoliberal en la frontera sur de M\u00e9xico \/ - Books From Mexico","isPartOf":{"@id":"https:\/\/booksfrommexico.com\/#website"},"primaryImageOfPage":{"@id":"https:\/\/booksfrommexico.com\/es\/producto\/cambio-social-y-agricola-en-territorios-campesinos-respuestas-locales-al-regimen-neoliberal-en-la-frontera-sur-de-mexico\/#primaryimage"},"image":{"@id":"https:\/\/booksfrommexico.com\/es\/producto\/cambio-social-y-agricola-en-territorios-campesinos-respuestas-locales-al-regimen-neoliberal-en-la-frontera-sur-de-mexico\/#primaryimage"},"thumbnailUrl":"https:\/\/booksfrommexico.com\/app\/uploads\/2023\/05\/192893.jpg","datePublished":"2023-05-08T17:01:51+00:00","dateModified":"2024-02-09T19:18:42+00:00","breadcrumb":{"@id":"https:\/\/booksfrommexico.com\/es\/producto\/cambio-social-y-agricola-en-territorios-campesinos-respuestas-locales-al-regimen-neoliberal-en-la-frontera-sur-de-mexico\/#breadcrumb"},"inLanguage":"es","potentialAction":[{"@type":"ReadAction","target":["https:\/\/booksfrommexico.com\/es\/producto\/cambio-social-y-agricola-en-territorios-campesinos-respuestas-locales-al-regimen-neoliberal-en-la-frontera-sur-de-mexico\/"]}]},{"@type":"ImageObject","inLanguage":"es","@id":"https:\/\/booksfrommexico.com\/es\/producto\/cambio-social-y-agricola-en-territorios-campesinos-respuestas-locales-al-regimen-neoliberal-en-la-frontera-sur-de-mexico\/#primaryimage","url":"https:\/\/booksfrommexico.com\/app\/uploads\/2023\/05\/192893.jpg","contentUrl":"https:\/\/booksfrommexico.com\/app\/uploads\/2023\/05\/192893.jpg","width":803,"height":1079},{"@type":"BreadcrumbList","@id":"https:\/\/booksfrommexico.com\/es\/producto\/cambio-social-y-agricola-en-territorios-campesinos-respuestas-locales-al-regimen-neoliberal-en-la-frontera-sur-de-mexico\/#breadcrumb","itemListElement":[{"@type":"ListItem","position":1,"name":"Home","item":"https:\/\/booksfrommexico.com\/es\/"},{"@type":"ListItem","position":2,"name":"Libros","item":"https:\/\/booksfrommexico.com\/es\/libros\/"},{"@type":"ListItem","position":3,"name":"Cambio social y agr\u00edcola en territorios campesinos : respuestas locales al r\u00e9gimen neoliberal en la frontera sur de M\u00e9xico \/"}]},{"@type":"WebSite","@id":"https:\/\/booksfrommexico.com\/#website","url":"https:\/\/booksfrommexico.com\/","name":"Books From Mexico","description":"","publisher":{"@id":"https:\/\/booksfrommexico.com\/#organization"},"potentialAction":[{"@type":"SearchAction","target":{"@type":"EntryPoint","urlTemplate":"https:\/\/booksfrommexico.com\/?s={search_term_string}"},"query-input":{"@type":"PropertyValueSpecification","valueRequired":true,"valueName":"search_term_string"}}],"inLanguage":"es"},{"@type":"Organization","@id":"https:\/\/booksfrommexico.com\/#organization","name":"Books From Mexico","url":"https:\/\/booksfrommexico.com\/","logo":{"@type":"ImageObject","inLanguage":"es","@id":"https:\/\/booksfrommexico.com\/#\/schema\/logo\/image\/","url":"https:\/\/booksfrommexico.com\/app\/uploads\/2023\/05\/logo-booksfrommexico.svg","contentUrl":"https:\/\/booksfrommexico.com\/app\/uploads\/2023\/05\/logo-booksfrommexico.svg","width":86,"height":56,"caption":"Books From Mexico"},"image":{"@id":"https:\/\/booksfrommexico.com\/#\/schema\/logo\/image\/"}}]}},"_links":{"self":[{"href":"https:\/\/booksfrommexico.com\/es\/wp-json\/wp\/v2\/product\/398","targetHints":{"allow":["GET"]}}],"collection":[{"href":"https:\/\/booksfrommexico.com\/es\/wp-json\/wp\/v2\/product"}],"about":[{"href":"https:\/\/booksfrommexico.com\/es\/wp-json\/wp\/v2\/types\/product"}],"wp:featuredmedia":[{"embeddable":true,"href":"https:\/\/booksfrommexico.com\/es\/wp-json\/wp\/v2\/media\/397"}],"wp:attachment":[{"href":"https:\/\/booksfrommexico.com\/es\/wp-json\/wp\/v2\/media?parent=398"}],"wp:term":[{"taxonomy":"product_brand","embeddable":true,"href":"https:\/\/booksfrommexico.com\/es\/wp-json\/wp\/v2\/product_brand?post=398"},{"taxonomy":"product_cat","embeddable":true,"href":"https:\/\/booksfrommexico.com\/es\/wp-json\/wp\/v2\/product_cat?post=398"},{"taxonomy":"product_tag","embeddable":true,"href":"https:\/\/booksfrommexico.com\/es\/wp-json\/wp\/v2\/product_tag?post=398"}],"curies":[{"name":"wp","href":"https:\/\/api.w.org\/{rel}","templated":true}]}}