{"id":400,"date":"2023-05-08T17:01:53","date_gmt":"2023-05-08T17:01:53","guid":{"rendered":"http:\/\/booksfrommexico.com\/product\/donde-las-guitarras-caminan-aproximaciones-diversas-a-las-guitarras-desde-paracho-michoacan\/"},"modified":"2024-02-09T19:19:41","modified_gmt":"2024-02-09T19:19:41","slug":"donde-las-guitarras-caminan-aproximaciones-diversas-a-las-guitarras-desde-paracho-michoacan","status":"publish","type":"product","link":"https:\/\/booksfrommexico.com\/es\/producto\/donde-las-guitarras-caminan-aproximaciones-diversas-a-las-guitarras-desde-paracho-michoacan\/","title":{"rendered":"Donde las guitarras caminan : aproximaciones diversas a las guitarras desde Paracho, Michoac\u00e1n \/"},"content":{"rendered":"","protected":false},"excerpt":{"rendered":"<p>V\u00edctor Hern\u00e1ndez Vaca, Abel Garc\u00eda L\u00f3pez, coordinadores. Zacatecas, Zacatecas, M\u00e9xico : Policrom\u00eda Servicios Editoriales, 2019. 145 pages : color illustrations, maps, 23 cm. ISBN: 9786079827441<\/p>\n","protected":false},"featured_media":399,"template":"","meta":{"_acf_changed":false,"inline_featured_image":false},"product_brand":[],"product_cat":[382,325],"product_tag":[],"class_list":{"0":"post-400","1":"product","2":"type-product","3":"status-publish","4":"has-post-thumbnail","6":"product_cat-etno-musicologia-musica","7":"product_cat-musica","9":"first","10":"outofstock","11":"taxable","12":"shipping-taxable","13":"purchasable","14":"product-type-simple"},"acf":[],"yoast_head":"<!-- This site is optimized with the Yoast SEO plugin v27.3 - https:\/\/yoast.com\/product\/yoast-seo-wordpress\/ -->\n<title>Donde las guitarras caminan : aproximaciones diversas a las guitarras desde Paracho, Michoac\u00e1n \/ - Books From Mexico<\/title>\n<meta name=\"robots\" content=\"index, follow, max-snippet:-1, max-image-preview:large, max-video-preview:-1\" \/>\n<link rel=\"canonical\" href=\"https:\/\/booksfrommexico.com\/es\/producto\/donde-las-guitarras-caminan-aproximaciones-diversas-a-las-guitarras-desde-paracho-michoacan\/\" \/>\n<meta property=\"og:locale\" content=\"es_ES\" \/>\n<meta property=\"og:type\" content=\"article\" \/>\n<meta property=\"og:title\" content=\"Donde las guitarras caminan : aproximaciones diversas a las guitarras desde Paracho, Michoac\u00e1n \/ - Books From Mexico\" \/>\n<meta property=\"og:description\" content=\"V\u00edctor Hern\u00e1ndez Vaca, Abel Garc\u00eda L\u00f3pez, coordinadores. Zacatecas, Zacatecas, M\u00e9xico : Policrom\u00eda Servicios Editoriales, 2019. 145 pages : color illustrations, maps, 23 cm. ISBN: 9786079827441\" \/>\n<meta property=\"og:url\" content=\"https:\/\/booksfrommexico.com\/es\/producto\/donde-las-guitarras-caminan-aproximaciones-diversas-a-las-guitarras-desde-paracho-michoacan\/\" \/>\n<meta property=\"og:site_name\" content=\"Books From Mexico\" \/>\n<meta property=\"article:modified_time\" content=\"2024-02-09T19:19:41+00:00\" \/>\n<meta property=\"og:image\" content=\"http:\/\/booksfrommexico.com\/app\/uploads\/2023\/05\/192489.jpg\" \/>\n\t<meta property=\"og:image:width\" content=\"613\" \/>\n\t<meta property=\"og:image:height\" content=\"876\" \/>\n\t<meta property=\"og:image:type\" content=\"image\/jpeg\" \/>\n<meta name=\"twitter:card\" content=\"summary_large_image\" \/>\n<meta name=\"twitter:label1\" content=\"Tiempo de lectura\" \/>\n\t<meta name=\"twitter:data1\" content=\"1 minuto\" \/>\n<script type=\"application\/ld+json\" class=\"yoast-schema-graph\">{\"@context\":\"https:\\\/\\\/schema.org\",\"@graph\":[{\"@type\":\"WebPage\",\"@id\":\"https:\\\/\\\/booksfrommexico.com\\\/es\\\/producto\\\/donde-las-guitarras-caminan-aproximaciones-diversas-a-las-guitarras-desde-paracho-michoacan\\\/\",\"url\":\"https:\\\/\\\/booksfrommexico.com\\\/es\\\/producto\\\/donde-las-guitarras-caminan-aproximaciones-diversas-a-las-guitarras-desde-paracho-michoacan\\\/\",\"name\":\"Donde las guitarras caminan : aproximaciones diversas a las guitarras desde Paracho, Michoac\u00e1n \\\/ - Books From Mexico\",\"isPartOf\":{\"@id\":\"https:\\\/\\\/booksfrommexico.com\\\/#website\"},\"primaryImageOfPage\":{\"@id\":\"https:\\\/\\\/booksfrommexico.com\\\/es\\\/producto\\\/donde-las-guitarras-caminan-aproximaciones-diversas-a-las-guitarras-desde-paracho-michoacan\\\/#primaryimage\"},\"image\":{\"@id\":\"https:\\\/\\\/booksfrommexico.com\\\/es\\\/producto\\\/donde-las-guitarras-caminan-aproximaciones-diversas-a-las-guitarras-desde-paracho-michoacan\\\/#primaryimage\"},\"thumbnailUrl\":\"https:\\\/\\\/booksfrommexico.com\\\/app\\\/uploads\\\/2023\\\/05\\\/192489.jpg\",\"datePublished\":\"2023-05-08T17:01:53+00:00\",\"dateModified\":\"2024-02-09T19:19:41+00:00\",\"breadcrumb\":{\"@id\":\"https:\\\/\\\/booksfrommexico.com\\\/es\\\/producto\\\/donde-las-guitarras-caminan-aproximaciones-diversas-a-las-guitarras-desde-paracho-michoacan\\\/#breadcrumb\"},\"inLanguage\":\"es\",\"potentialAction\":[{\"@type\":\"ReadAction\",\"target\":[\"https:\\\/\\\/booksfrommexico.com\\\/es\\\/producto\\\/donde-las-guitarras-caminan-aproximaciones-diversas-a-las-guitarras-desde-paracho-michoacan\\\/\"]}]},{\"@type\":\"ImageObject\",\"inLanguage\":\"es\",\"@id\":\"https:\\\/\\\/booksfrommexico.com\\\/es\\\/producto\\\/donde-las-guitarras-caminan-aproximaciones-diversas-a-las-guitarras-desde-paracho-michoacan\\\/#primaryimage\",\"url\":\"https:\\\/\\\/booksfrommexico.com\\\/app\\\/uploads\\\/2023\\\/05\\\/192489.jpg\",\"contentUrl\":\"https:\\\/\\\/booksfrommexico.com\\\/app\\\/uploads\\\/2023\\\/05\\\/192489.jpg\",\"width\":613,\"height\":876},{\"@type\":\"BreadcrumbList\",\"@id\":\"https:\\\/\\\/booksfrommexico.com\\\/es\\\/producto\\\/donde-las-guitarras-caminan-aproximaciones-diversas-a-las-guitarras-desde-paracho-michoacan\\\/#breadcrumb\",\"itemListElement\":[{\"@type\":\"ListItem\",\"position\":1,\"name\":\"Home\",\"item\":\"https:\\\/\\\/booksfrommexico.com\\\/es\\\/\"},{\"@type\":\"ListItem\",\"position\":2,\"name\":\"Libros\",\"item\":\"https:\\\/\\\/booksfrommexico.com\\\/es\\\/libros\\\/\"},{\"@type\":\"ListItem\",\"position\":3,\"name\":\"Donde las guitarras caminan : aproximaciones diversas a las guitarras desde Paracho, Michoac\u00e1n \\\/\"}]},{\"@type\":\"WebSite\",\"@id\":\"https:\\\/\\\/booksfrommexico.com\\\/#website\",\"url\":\"https:\\\/\\\/booksfrommexico.com\\\/\",\"name\":\"Books From Mexico\",\"description\":\"\",\"publisher\":{\"@id\":\"https:\\\/\\\/booksfrommexico.com\\\/#organization\"},\"potentialAction\":[{\"@type\":\"SearchAction\",\"target\":{\"@type\":\"EntryPoint\",\"urlTemplate\":\"https:\\\/\\\/booksfrommexico.com\\\/?s={search_term_string}\"},\"query-input\":{\"@type\":\"PropertyValueSpecification\",\"valueRequired\":true,\"valueName\":\"search_term_string\"}}],\"inLanguage\":\"es\"},{\"@type\":\"Organization\",\"@id\":\"https:\\\/\\\/booksfrommexico.com\\\/#organization\",\"name\":\"Books From Mexico\",\"url\":\"https:\\\/\\\/booksfrommexico.com\\\/\",\"logo\":{\"@type\":\"ImageObject\",\"inLanguage\":\"es\",\"@id\":\"https:\\\/\\\/booksfrommexico.com\\\/#\\\/schema\\\/logo\\\/image\\\/\",\"url\":\"https:\\\/\\\/booksfrommexico.com\\\/app\\\/uploads\\\/2023\\\/05\\\/logo-booksfrommexico.svg\",\"contentUrl\":\"https:\\\/\\\/booksfrommexico.com\\\/app\\\/uploads\\\/2023\\\/05\\\/logo-booksfrommexico.svg\",\"width\":86,\"height\":56,\"caption\":\"Books From Mexico\"},\"image\":{\"@id\":\"https:\\\/\\\/booksfrommexico.com\\\/#\\\/schema\\\/logo\\\/image\\\/\"}}]}<\/script>\n<!-- \/ Yoast SEO plugin. -->","yoast_head_json":{"title":"Donde las guitarras caminan : aproximaciones diversas a las guitarras desde Paracho, Michoac\u00e1n \/ - Books From Mexico","robots":{"index":"index","follow":"follow","max-snippet":"max-snippet:-1","max-image-preview":"max-image-preview:large","max-video-preview":"max-video-preview:-1"},"canonical":"https:\/\/booksfrommexico.com\/es\/producto\/donde-las-guitarras-caminan-aproximaciones-diversas-a-las-guitarras-desde-paracho-michoacan\/","og_locale":"es_ES","og_type":"article","og_title":"Donde las guitarras caminan : aproximaciones diversas a las guitarras desde Paracho, Michoac\u00e1n \/ - Books From Mexico","og_description":"V\u00edctor Hern\u00e1ndez Vaca, Abel Garc\u00eda L\u00f3pez, coordinadores. Zacatecas, Zacatecas, M\u00e9xico : Policrom\u00eda Servicios Editoriales, 2019. 145 pages : color illustrations, maps, 23 cm. ISBN: 9786079827441","og_url":"https:\/\/booksfrommexico.com\/es\/producto\/donde-las-guitarras-caminan-aproximaciones-diversas-a-las-guitarras-desde-paracho-michoacan\/","og_site_name":"Books From Mexico","article_modified_time":"2024-02-09T19:19:41+00:00","og_image":[{"width":613,"height":876,"url":"http:\/\/booksfrommexico.com\/app\/uploads\/2023\/05\/192489.jpg","type":"image\/jpeg"}],"twitter_card":"summary_large_image","twitter_misc":{"Tiempo de lectura":"1 minuto"},"schema":{"@context":"https:\/\/schema.org","@graph":[{"@type":"WebPage","@id":"https:\/\/booksfrommexico.com\/es\/producto\/donde-las-guitarras-caminan-aproximaciones-diversas-a-las-guitarras-desde-paracho-michoacan\/","url":"https:\/\/booksfrommexico.com\/es\/producto\/donde-las-guitarras-caminan-aproximaciones-diversas-a-las-guitarras-desde-paracho-michoacan\/","name":"Donde las guitarras caminan : aproximaciones diversas a las guitarras desde Paracho, Michoac\u00e1n \/ - Books From Mexico","isPartOf":{"@id":"https:\/\/booksfrommexico.com\/#website"},"primaryImageOfPage":{"@id":"https:\/\/booksfrommexico.com\/es\/producto\/donde-las-guitarras-caminan-aproximaciones-diversas-a-las-guitarras-desde-paracho-michoacan\/#primaryimage"},"image":{"@id":"https:\/\/booksfrommexico.com\/es\/producto\/donde-las-guitarras-caminan-aproximaciones-diversas-a-las-guitarras-desde-paracho-michoacan\/#primaryimage"},"thumbnailUrl":"https:\/\/booksfrommexico.com\/app\/uploads\/2023\/05\/192489.jpg","datePublished":"2023-05-08T17:01:53+00:00","dateModified":"2024-02-09T19:19:41+00:00","breadcrumb":{"@id":"https:\/\/booksfrommexico.com\/es\/producto\/donde-las-guitarras-caminan-aproximaciones-diversas-a-las-guitarras-desde-paracho-michoacan\/#breadcrumb"},"inLanguage":"es","potentialAction":[{"@type":"ReadAction","target":["https:\/\/booksfrommexico.com\/es\/producto\/donde-las-guitarras-caminan-aproximaciones-diversas-a-las-guitarras-desde-paracho-michoacan\/"]}]},{"@type":"ImageObject","inLanguage":"es","@id":"https:\/\/booksfrommexico.com\/es\/producto\/donde-las-guitarras-caminan-aproximaciones-diversas-a-las-guitarras-desde-paracho-michoacan\/#primaryimage","url":"https:\/\/booksfrommexico.com\/app\/uploads\/2023\/05\/192489.jpg","contentUrl":"https:\/\/booksfrommexico.com\/app\/uploads\/2023\/05\/192489.jpg","width":613,"height":876},{"@type":"BreadcrumbList","@id":"https:\/\/booksfrommexico.com\/es\/producto\/donde-las-guitarras-caminan-aproximaciones-diversas-a-las-guitarras-desde-paracho-michoacan\/#breadcrumb","itemListElement":[{"@type":"ListItem","position":1,"name":"Home","item":"https:\/\/booksfrommexico.com\/es\/"},{"@type":"ListItem","position":2,"name":"Libros","item":"https:\/\/booksfrommexico.com\/es\/libros\/"},{"@type":"ListItem","position":3,"name":"Donde las guitarras caminan : aproximaciones diversas a las guitarras desde Paracho, Michoac\u00e1n \/"}]},{"@type":"WebSite","@id":"https:\/\/booksfrommexico.com\/#website","url":"https:\/\/booksfrommexico.com\/","name":"Books From Mexico","description":"","publisher":{"@id":"https:\/\/booksfrommexico.com\/#organization"},"potentialAction":[{"@type":"SearchAction","target":{"@type":"EntryPoint","urlTemplate":"https:\/\/booksfrommexico.com\/?s={search_term_string}"},"query-input":{"@type":"PropertyValueSpecification","valueRequired":true,"valueName":"search_term_string"}}],"inLanguage":"es"},{"@type":"Organization","@id":"https:\/\/booksfrommexico.com\/#organization","name":"Books From Mexico","url":"https:\/\/booksfrommexico.com\/","logo":{"@type":"ImageObject","inLanguage":"es","@id":"https:\/\/booksfrommexico.com\/#\/schema\/logo\/image\/","url":"https:\/\/booksfrommexico.com\/app\/uploads\/2023\/05\/logo-booksfrommexico.svg","contentUrl":"https:\/\/booksfrommexico.com\/app\/uploads\/2023\/05\/logo-booksfrommexico.svg","width":86,"height":56,"caption":"Books From Mexico"},"image":{"@id":"https:\/\/booksfrommexico.com\/#\/schema\/logo\/image\/"}}]}},"_links":{"self":[{"href":"https:\/\/booksfrommexico.com\/es\/wp-json\/wp\/v2\/product\/400","targetHints":{"allow":["GET"]}}],"collection":[{"href":"https:\/\/booksfrommexico.com\/es\/wp-json\/wp\/v2\/product"}],"about":[{"href":"https:\/\/booksfrommexico.com\/es\/wp-json\/wp\/v2\/types\/product"}],"wp:featuredmedia":[{"embeddable":true,"href":"https:\/\/booksfrommexico.com\/es\/wp-json\/wp\/v2\/media\/399"}],"wp:attachment":[{"href":"https:\/\/booksfrommexico.com\/es\/wp-json\/wp\/v2\/media?parent=400"}],"wp:term":[{"taxonomy":"product_brand","embeddable":true,"href":"https:\/\/booksfrommexico.com\/es\/wp-json\/wp\/v2\/product_brand?post=400"},{"taxonomy":"product_cat","embeddable":true,"href":"https:\/\/booksfrommexico.com\/es\/wp-json\/wp\/v2\/product_cat?post=400"},{"taxonomy":"product_tag","embeddable":true,"href":"https:\/\/booksfrommexico.com\/es\/wp-json\/wp\/v2\/product_tag?post=400"}],"curies":[{"name":"wp","href":"https:\/\/api.w.org\/{rel}","templated":true}]}}