{"id":402,"date":"2023-05-08T17:01:54","date_gmt":"2023-05-08T17:01:54","guid":{"rendered":"http:\/\/booksfrommexico.com\/product\/aromas-de-polvora-quemada-musica-y-cantos-de-bandidos\/"},"modified":"2024-04-17T22:22:55","modified_gmt":"2024-04-17T22:22:55","slug":"aromas-de-polvora-quemada-musica-y-cantos-de-bandidos","status":"publish","type":"product","link":"https:\/\/booksfrommexico.com\/es\/producto\/aromas-de-polvora-quemada-musica-y-cantos-de-bandidos\/","title":{"rendered":"Aromas de p\u00f3lvora quemada"},"content":{"rendered":"<p><span style=\"font-weight: 400;\">El corrido expresa la memoria social popular por la que desfilan, entre otros, bandidos sociales, haza\u00f1as y sucesos memorables, y sustentan consideraciones axiol\u00f3gicas que funcionan como elementos de identificaci\u00f3n grupal. Este texto se propone tratar dos temas: la tradici\u00f3n corrid\u00edstica a mediados del siglo XIX entre la frontera noreste de M\u00e9xico y el sur de Texas, y la delimitaci\u00f3n temporal del corrido en tres etapas <\/span><span style=\"font-weight: 400;\">\u2015<\/span><span style=\"font-weight: 400;\">el periodo <\/span><i><span style=\"font-weight: 400;\">ascendente <\/span><\/i><span style=\"font-weight: 400;\">(1875-1910), el periodo<\/span><i><span style=\"font-weight: 400;\"> culminante<\/span><\/i><span style=\"font-weight: 400;\"> (1910-1930), el periodo de<\/span><i><span style=\"font-weight: 400;\"> decadencia<\/span><\/i><span style=\"font-weight: 400;\"> (1930-1958)<\/span><span style=\"font-weight: 400;\">\u2015<\/span><span style=\"font-weight: 400;\">. Este t\u00edtulo ofrece la historia de los corridos, presentando a algunos de sus exponentes y obras m\u00e1s conocidas, incluyendo 2 CDs grabados con corridos representativos.\u00a0<\/span><\/p>\n","protected":false},"excerpt":{"rendered":"<p>AROMAS DE P\u00d3LVORA QUEMADA : M\u00daSICA Y CANTOS DE BANDIDOS<span style=\"font-weight: 400;\">. \/ Juan Frajoza (coordinator). Ciudad de M\u00e9xico, M\u00e9xico : Gobierno de M\u00e9xico , Secretar\u00eda de Cultura , Instituto Nacional de Antropolog\u00eda e Historia, 2019. 345 pages : includes photos, CDs, bibliography ; 15 cm. (Serie Testimonio Musical de M\u00e9xico). ISBN : 9786075393704.<\/span><\/p>\n","protected":false},"featured_media":401,"template":"","meta":{"_acf_changed":false,"inline_featured_image":false},"product_brand":[],"product_cat":[326,27,325],"product_tag":[4067,3922],"class_list":{"0":"post-402","1":"product","2":"type-product","3":"status-publish","4":"has-post-thumbnail","6":"product_cat-aspectos-historicos-musica","7":"product_cat-historia","8":"product_cat-musica","9":"product_tag-corridos-es","10":"product_tag-musica","12":"first","13":"instock","14":"taxable","15":"shipping-taxable","16":"purchasable","17":"product-type-simple"},"acf":[],"yoast_head":"<!-- This site is optimized with the Yoast SEO plugin v27.3 - https:\/\/yoast.com\/product\/yoast-seo-wordpress\/ -->\n<title>Aromas de p\u00f3lvora quemada<\/title>\n<meta name=\"description\" content=\"AROMAS DE P\u00d3LVORA QUEMADA : M\u00daSICA Y CANTOS DE BANDIDOS. \/ Juan Frajoza (coordinator). CDMX, M\u00e9xico : Gobierno de M\u00e9xico , Secretar\u00eda de Cultura , INAH.\" \/>\n<meta name=\"robots\" content=\"index, follow, max-snippet:-1, max-image-preview:large, max-video-preview:-1\" \/>\n<link rel=\"canonical\" href=\"https:\/\/booksfrommexico.com\/es\/producto\/aromas-de-polvora-quemada-musica-y-cantos-de-bandidos\/\" \/>\n<meta property=\"og:locale\" content=\"es_ES\" \/>\n<meta property=\"og:type\" content=\"article\" \/>\n<meta property=\"og:title\" content=\"Aromas de p\u00f3lvora quemada\" \/>\n<meta property=\"og:description\" content=\"AROMAS DE P\u00d3LVORA QUEMADA : M\u00daSICA Y CANTOS DE BANDIDOS. \/ Juan Frajoza (coordinator). CDMX, M\u00e9xico : Gobierno de M\u00e9xico , Secretar\u00eda de Cultura , INAH.\" \/>\n<meta property=\"og:url\" content=\"https:\/\/booksfrommexico.com\/es\/producto\/aromas-de-polvora-quemada-musica-y-cantos-de-bandidos\/\" \/>\n<meta property=\"og:site_name\" content=\"Books From Mexico\" \/>\n<meta property=\"article:modified_time\" content=\"2024-04-17T22:22:55+00:00\" \/>\n<meta property=\"og:image\" content=\"http:\/\/booksfrommexico.com\/app\/uploads\/2023\/05\/192114.jpg\" \/>\n\t<meta property=\"og:image:width\" content=\"536\" \/>\n\t<meta property=\"og:image:height\" content=\"538\" \/>\n\t<meta property=\"og:image:type\" content=\"image\/jpeg\" \/>\n<meta name=\"twitter:card\" content=\"summary_large_image\" \/>\n<meta name=\"twitter:label1\" content=\"Tiempo de lectura\" \/>\n\t<meta name=\"twitter:data1\" content=\"1 minuto\" \/>\n<script type=\"application\/ld+json\" class=\"yoast-schema-graph\">{\"@context\":\"https:\\\/\\\/schema.org\",\"@graph\":[{\"@type\":\"WebPage\",\"@id\":\"https:\\\/\\\/booksfrommexico.com\\\/es\\\/producto\\\/aromas-de-polvora-quemada-musica-y-cantos-de-bandidos\\\/\",\"url\":\"https:\\\/\\\/booksfrommexico.com\\\/es\\\/producto\\\/aromas-de-polvora-quemada-musica-y-cantos-de-bandidos\\\/\",\"name\":\"Aromas de p\u00f3lvora quemada\",\"isPartOf\":{\"@id\":\"https:\\\/\\\/booksfrommexico.com\\\/#website\"},\"primaryImageOfPage\":{\"@id\":\"https:\\\/\\\/booksfrommexico.com\\\/es\\\/producto\\\/aromas-de-polvora-quemada-musica-y-cantos-de-bandidos\\\/#primaryimage\"},\"image\":{\"@id\":\"https:\\\/\\\/booksfrommexico.com\\\/es\\\/producto\\\/aromas-de-polvora-quemada-musica-y-cantos-de-bandidos\\\/#primaryimage\"},\"thumbnailUrl\":\"https:\\\/\\\/booksfrommexico.com\\\/app\\\/uploads\\\/2023\\\/05\\\/192114.jpg\",\"datePublished\":\"2023-05-08T17:01:54+00:00\",\"dateModified\":\"2024-04-17T22:22:55+00:00\",\"description\":\"AROMAS DE P\u00d3LVORA QUEMADA : M\u00daSICA Y CANTOS DE BANDIDOS. \\\/ Juan Frajoza (coordinator). CDMX, M\u00e9xico : Gobierno de M\u00e9xico , Secretar\u00eda de Cultura , INAH.\",\"breadcrumb\":{\"@id\":\"https:\\\/\\\/booksfrommexico.com\\\/es\\\/producto\\\/aromas-de-polvora-quemada-musica-y-cantos-de-bandidos\\\/#breadcrumb\"},\"inLanguage\":\"es\",\"potentialAction\":[{\"@type\":\"ReadAction\",\"target\":[\"https:\\\/\\\/booksfrommexico.com\\\/es\\\/producto\\\/aromas-de-polvora-quemada-musica-y-cantos-de-bandidos\\\/\"]}]},{\"@type\":\"ImageObject\",\"inLanguage\":\"es\",\"@id\":\"https:\\\/\\\/booksfrommexico.com\\\/es\\\/producto\\\/aromas-de-polvora-quemada-musica-y-cantos-de-bandidos\\\/#primaryimage\",\"url\":\"https:\\\/\\\/booksfrommexico.com\\\/app\\\/uploads\\\/2023\\\/05\\\/192114.jpg\",\"contentUrl\":\"https:\\\/\\\/booksfrommexico.com\\\/app\\\/uploads\\\/2023\\\/05\\\/192114.jpg\",\"width\":536,\"height\":538},{\"@type\":\"BreadcrumbList\",\"@id\":\"https:\\\/\\\/booksfrommexico.com\\\/es\\\/producto\\\/aromas-de-polvora-quemada-musica-y-cantos-de-bandidos\\\/#breadcrumb\",\"itemListElement\":[{\"@type\":\"ListItem\",\"position\":1,\"name\":\"Home\",\"item\":\"https:\\\/\\\/booksfrommexico.com\\\/es\\\/\"},{\"@type\":\"ListItem\",\"position\":2,\"name\":\"Libros\",\"item\":\"https:\\\/\\\/booksfrommexico.com\\\/es\\\/libros\\\/\"},{\"@type\":\"ListItem\",\"position\":3,\"name\":\"Aromas de p\u00f3lvora quemada\"}]},{\"@type\":\"WebSite\",\"@id\":\"https:\\\/\\\/booksfrommexico.com\\\/#website\",\"url\":\"https:\\\/\\\/booksfrommexico.com\\\/\",\"name\":\"Books From Mexico\",\"description\":\"\",\"publisher\":{\"@id\":\"https:\\\/\\\/booksfrommexico.com\\\/#organization\"},\"potentialAction\":[{\"@type\":\"SearchAction\",\"target\":{\"@type\":\"EntryPoint\",\"urlTemplate\":\"https:\\\/\\\/booksfrommexico.com\\\/?s={search_term_string}\"},\"query-input\":{\"@type\":\"PropertyValueSpecification\",\"valueRequired\":true,\"valueName\":\"search_term_string\"}}],\"inLanguage\":\"es\"},{\"@type\":\"Organization\",\"@id\":\"https:\\\/\\\/booksfrommexico.com\\\/#organization\",\"name\":\"Books From Mexico\",\"url\":\"https:\\\/\\\/booksfrommexico.com\\\/\",\"logo\":{\"@type\":\"ImageObject\",\"inLanguage\":\"es\",\"@id\":\"https:\\\/\\\/booksfrommexico.com\\\/#\\\/schema\\\/logo\\\/image\\\/\",\"url\":\"https:\\\/\\\/booksfrommexico.com\\\/app\\\/uploads\\\/2023\\\/05\\\/logo-booksfrommexico.svg\",\"contentUrl\":\"https:\\\/\\\/booksfrommexico.com\\\/app\\\/uploads\\\/2023\\\/05\\\/logo-booksfrommexico.svg\",\"width\":86,\"height\":56,\"caption\":\"Books From Mexico\"},\"image\":{\"@id\":\"https:\\\/\\\/booksfrommexico.com\\\/#\\\/schema\\\/logo\\\/image\\\/\"}}]}<\/script>\n<!-- \/ Yoast SEO plugin. -->","yoast_head_json":{"title":"Aromas de p\u00f3lvora quemada","description":"AROMAS DE P\u00d3LVORA QUEMADA : M\u00daSICA Y CANTOS DE BANDIDOS. \/ Juan Frajoza (coordinator). CDMX, M\u00e9xico : Gobierno de M\u00e9xico , Secretar\u00eda de Cultura , INAH.","robots":{"index":"index","follow":"follow","max-snippet":"max-snippet:-1","max-image-preview":"max-image-preview:large","max-video-preview":"max-video-preview:-1"},"canonical":"https:\/\/booksfrommexico.com\/es\/producto\/aromas-de-polvora-quemada-musica-y-cantos-de-bandidos\/","og_locale":"es_ES","og_type":"article","og_title":"Aromas de p\u00f3lvora quemada","og_description":"AROMAS DE P\u00d3LVORA QUEMADA : M\u00daSICA Y CANTOS DE BANDIDOS. \/ Juan Frajoza (coordinator). CDMX, M\u00e9xico : Gobierno de M\u00e9xico , Secretar\u00eda de Cultura , INAH.","og_url":"https:\/\/booksfrommexico.com\/es\/producto\/aromas-de-polvora-quemada-musica-y-cantos-de-bandidos\/","og_site_name":"Books From Mexico","article_modified_time":"2024-04-17T22:22:55+00:00","og_image":[{"width":536,"height":538,"url":"http:\/\/booksfrommexico.com\/app\/uploads\/2023\/05\/192114.jpg","type":"image\/jpeg"}],"twitter_card":"summary_large_image","twitter_misc":{"Tiempo de lectura":"1 minuto"},"schema":{"@context":"https:\/\/schema.org","@graph":[{"@type":"WebPage","@id":"https:\/\/booksfrommexico.com\/es\/producto\/aromas-de-polvora-quemada-musica-y-cantos-de-bandidos\/","url":"https:\/\/booksfrommexico.com\/es\/producto\/aromas-de-polvora-quemada-musica-y-cantos-de-bandidos\/","name":"Aromas de p\u00f3lvora quemada","isPartOf":{"@id":"https:\/\/booksfrommexico.com\/#website"},"primaryImageOfPage":{"@id":"https:\/\/booksfrommexico.com\/es\/producto\/aromas-de-polvora-quemada-musica-y-cantos-de-bandidos\/#primaryimage"},"image":{"@id":"https:\/\/booksfrommexico.com\/es\/producto\/aromas-de-polvora-quemada-musica-y-cantos-de-bandidos\/#primaryimage"},"thumbnailUrl":"https:\/\/booksfrommexico.com\/app\/uploads\/2023\/05\/192114.jpg","datePublished":"2023-05-08T17:01:54+00:00","dateModified":"2024-04-17T22:22:55+00:00","description":"AROMAS DE P\u00d3LVORA QUEMADA : M\u00daSICA Y CANTOS DE BANDIDOS. \/ Juan Frajoza (coordinator). CDMX, M\u00e9xico : Gobierno de M\u00e9xico , Secretar\u00eda de Cultura , INAH.","breadcrumb":{"@id":"https:\/\/booksfrommexico.com\/es\/producto\/aromas-de-polvora-quemada-musica-y-cantos-de-bandidos\/#breadcrumb"},"inLanguage":"es","potentialAction":[{"@type":"ReadAction","target":["https:\/\/booksfrommexico.com\/es\/producto\/aromas-de-polvora-quemada-musica-y-cantos-de-bandidos\/"]}]},{"@type":"ImageObject","inLanguage":"es","@id":"https:\/\/booksfrommexico.com\/es\/producto\/aromas-de-polvora-quemada-musica-y-cantos-de-bandidos\/#primaryimage","url":"https:\/\/booksfrommexico.com\/app\/uploads\/2023\/05\/192114.jpg","contentUrl":"https:\/\/booksfrommexico.com\/app\/uploads\/2023\/05\/192114.jpg","width":536,"height":538},{"@type":"BreadcrumbList","@id":"https:\/\/booksfrommexico.com\/es\/producto\/aromas-de-polvora-quemada-musica-y-cantos-de-bandidos\/#breadcrumb","itemListElement":[{"@type":"ListItem","position":1,"name":"Home","item":"https:\/\/booksfrommexico.com\/es\/"},{"@type":"ListItem","position":2,"name":"Libros","item":"https:\/\/booksfrommexico.com\/es\/libros\/"},{"@type":"ListItem","position":3,"name":"Aromas de p\u00f3lvora quemada"}]},{"@type":"WebSite","@id":"https:\/\/booksfrommexico.com\/#website","url":"https:\/\/booksfrommexico.com\/","name":"Books From Mexico","description":"","publisher":{"@id":"https:\/\/booksfrommexico.com\/#organization"},"potentialAction":[{"@type":"SearchAction","target":{"@type":"EntryPoint","urlTemplate":"https:\/\/booksfrommexico.com\/?s={search_term_string}"},"query-input":{"@type":"PropertyValueSpecification","valueRequired":true,"valueName":"search_term_string"}}],"inLanguage":"es"},{"@type":"Organization","@id":"https:\/\/booksfrommexico.com\/#organization","name":"Books From Mexico","url":"https:\/\/booksfrommexico.com\/","logo":{"@type":"ImageObject","inLanguage":"es","@id":"https:\/\/booksfrommexico.com\/#\/schema\/logo\/image\/","url":"https:\/\/booksfrommexico.com\/app\/uploads\/2023\/05\/logo-booksfrommexico.svg","contentUrl":"https:\/\/booksfrommexico.com\/app\/uploads\/2023\/05\/logo-booksfrommexico.svg","width":86,"height":56,"caption":"Books From Mexico"},"image":{"@id":"https:\/\/booksfrommexico.com\/#\/schema\/logo\/image\/"}}]}},"_links":{"self":[{"href":"https:\/\/booksfrommexico.com\/es\/wp-json\/wp\/v2\/product\/402","targetHints":{"allow":["GET"]}}],"collection":[{"href":"https:\/\/booksfrommexico.com\/es\/wp-json\/wp\/v2\/product"}],"about":[{"href":"https:\/\/booksfrommexico.com\/es\/wp-json\/wp\/v2\/types\/product"}],"wp:featuredmedia":[{"embeddable":true,"href":"https:\/\/booksfrommexico.com\/es\/wp-json\/wp\/v2\/media\/401"}],"wp:attachment":[{"href":"https:\/\/booksfrommexico.com\/es\/wp-json\/wp\/v2\/media?parent=402"}],"wp:term":[{"taxonomy":"product_brand","embeddable":true,"href":"https:\/\/booksfrommexico.com\/es\/wp-json\/wp\/v2\/product_brand?post=402"},{"taxonomy":"product_cat","embeddable":true,"href":"https:\/\/booksfrommexico.com\/es\/wp-json\/wp\/v2\/product_cat?post=402"},{"taxonomy":"product_tag","embeddable":true,"href":"https:\/\/booksfrommexico.com\/es\/wp-json\/wp\/v2\/product_tag?post=402"}],"curies":[{"name":"wp","href":"https:\/\/api.w.org\/{rel}","templated":true}]}}