{"id":404,"date":"2023-05-08T17:01:56","date_gmt":"2023-05-08T17:01:56","guid":{"rendered":"http:\/\/booksfrommexico.com\/product\/our-hachet-nuestra-hacha\/"},"modified":"2024-11-06T23:06:18","modified_gmt":"2024-11-06T23:06:18","slug":"our-hachet-nuestra-hacha","status":"publish","type":"product","link":"https:\/\/booksfrommexico.com\/es\/producto\/our-hachet-nuestra-hacha\/","title":{"rendered":"Our hachet: Nuestra hacha"},"content":{"rendered":"<p><span style=\"font-weight: 400;\">Esta edici\u00f3n es el producto de un esfuerzo acad\u00e9mico que se propuso rescatar una de las fuentes m\u00e1s importantes para conocer el derrotero de la regi\u00f3n norte\u00f1a del estado de Sinaloa. A lo largo de estas p\u00e1ginas se da a conocer el desarrollo del norte sinaloense en los \u00faltimos 120 a\u00f1os \u2013a la publicaci\u00f3n de este libro\u2013, a trav\u00e9s de los 37 ejemplares del peri\u00f3dico publicado por Ira Kneeland y sus colaboradores. Precisamente fueron ellos testigos del af\u00e1n de los colonos por impulsar la explotaci\u00f3n de los recursos naturales propios de una regi\u00f3n donde imperaba el feudalismo tard\u00edo, que le imped\u00eda participar activamente de los beneficios del porfiriato.\u00a0<\/span><\/p>\n","protected":false},"excerpt":{"rendered":"<p>OUR HACHET : NUESTRA HACHA<span style=\"font-weight: 400;\">. \/ Gitzel Aleida Vidales Ibarra (coordinator). Culiac\u00e1n Rosales, Sinaloa, M\u00e9xico : Creativos7 Editorial. 2009. 236 pages : includes photos ; 28 cm.\u00a0<\/span><\/p>\n","protected":false},"featured_media":403,"template":"","meta":{"_acf_changed":false,"inline_featured_image":false},"product_brand":[],"product_cat":[27],"product_tag":[3657,4398,3607,4242],"class_list":{"0":"post-404","1":"product","2":"type-product","3":"status-publish","4":"has-post-thumbnail","6":"product_cat-historia","7":"product_tag-historia","8":"product_tag-historia-mexico","9":"product_tag-historia-local","10":"product_tag-sinaloa-mexico","12":"first","13":"instock","14":"taxable","15":"shipping-taxable","16":"purchasable","17":"product-type-simple"},"acf":[],"yoast_head":"<!-- This site is optimized with the Yoast SEO plugin v27.3 - https:\/\/yoast.com\/product\/yoast-seo-wordpress\/ -->\n<title>Our hachet: Nuestra hacha<\/title>\n<meta name=\"description\" content=\"OUR HACHET : NUESTRA HACHA. \/ Gitzel Aleida Vidales Ibarra (coordinator). Culiac\u00e1n Rosales, Sinaloa, M\u00e9xico : Creativos7 Editorial. 2009. 236 pages ; 28 cm.\" \/>\n<meta name=\"robots\" content=\"index, follow, max-snippet:-1, max-image-preview:large, max-video-preview:-1\" \/>\n<link rel=\"canonical\" href=\"https:\/\/booksfrommexico.com\/es\/producto\/our-hachet-nuestra-hacha\/\" \/>\n<meta property=\"og:locale\" content=\"es_ES\" \/>\n<meta property=\"og:type\" content=\"article\" \/>\n<meta property=\"og:title\" content=\"Our hachet: Nuestra hacha\" \/>\n<meta property=\"og:description\" content=\"OUR HACHET : NUESTRA HACHA. \/ Gitzel Aleida Vidales Ibarra (coordinator). Culiac\u00e1n Rosales, Sinaloa, M\u00e9xico : Creativos7 Editorial. 2009. 236 pages ; 28 cm.\" \/>\n<meta property=\"og:url\" content=\"https:\/\/booksfrommexico.com\/es\/producto\/our-hachet-nuestra-hacha\/\" \/>\n<meta property=\"og:site_name\" content=\"Books From Mexico\" \/>\n<meta property=\"article:modified_time\" content=\"2024-11-06T23:06:18+00:00\" \/>\n<meta property=\"og:image\" content=\"http:\/\/booksfrommexico.com\/app\/uploads\/2023\/05\/192310.jpeg\" \/>\n\t<meta property=\"og:image:width\" content=\"615\" \/>\n\t<meta property=\"og:image:height\" content=\"850\" \/>\n\t<meta property=\"og:image:type\" content=\"image\/jpeg\" \/>\n<meta name=\"twitter:card\" content=\"summary_large_image\" \/>\n<meta name=\"twitter:label1\" content=\"Tiempo de lectura\" \/>\n\t<meta name=\"twitter:data1\" content=\"1 minuto\" \/>\n<script type=\"application\/ld+json\" class=\"yoast-schema-graph\">{\"@context\":\"https:\\\/\\\/schema.org\",\"@graph\":[{\"@type\":\"WebPage\",\"@id\":\"https:\\\/\\\/booksfrommexico.com\\\/es\\\/producto\\\/our-hachet-nuestra-hacha\\\/\",\"url\":\"https:\\\/\\\/booksfrommexico.com\\\/es\\\/producto\\\/our-hachet-nuestra-hacha\\\/\",\"name\":\"Our hachet: Nuestra hacha\",\"isPartOf\":{\"@id\":\"https:\\\/\\\/booksfrommexico.com\\\/#website\"},\"primaryImageOfPage\":{\"@id\":\"https:\\\/\\\/booksfrommexico.com\\\/es\\\/producto\\\/our-hachet-nuestra-hacha\\\/#primaryimage\"},\"image\":{\"@id\":\"https:\\\/\\\/booksfrommexico.com\\\/es\\\/producto\\\/our-hachet-nuestra-hacha\\\/#primaryimage\"},\"thumbnailUrl\":\"https:\\\/\\\/booksfrommexico.com\\\/app\\\/uploads\\\/2023\\\/05\\\/192310.jpeg\",\"datePublished\":\"2023-05-08T17:01:56+00:00\",\"dateModified\":\"2024-11-06T23:06:18+00:00\",\"description\":\"OUR HACHET : NUESTRA HACHA. \\\/ Gitzel Aleida Vidales Ibarra (coordinator). Culiac\u00e1n Rosales, Sinaloa, M\u00e9xico : Creativos7 Editorial. 2009. 236 pages ; 28 cm.\",\"breadcrumb\":{\"@id\":\"https:\\\/\\\/booksfrommexico.com\\\/es\\\/producto\\\/our-hachet-nuestra-hacha\\\/#breadcrumb\"},\"inLanguage\":\"es\",\"potentialAction\":[{\"@type\":\"ReadAction\",\"target\":[\"https:\\\/\\\/booksfrommexico.com\\\/es\\\/producto\\\/our-hachet-nuestra-hacha\\\/\"]}]},{\"@type\":\"ImageObject\",\"inLanguage\":\"es\",\"@id\":\"https:\\\/\\\/booksfrommexico.com\\\/es\\\/producto\\\/our-hachet-nuestra-hacha\\\/#primaryimage\",\"url\":\"https:\\\/\\\/booksfrommexico.com\\\/app\\\/uploads\\\/2023\\\/05\\\/192310.jpeg\",\"contentUrl\":\"https:\\\/\\\/booksfrommexico.com\\\/app\\\/uploads\\\/2023\\\/05\\\/192310.jpeg\",\"width\":615,\"height\":850},{\"@type\":\"BreadcrumbList\",\"@id\":\"https:\\\/\\\/booksfrommexico.com\\\/es\\\/producto\\\/our-hachet-nuestra-hacha\\\/#breadcrumb\",\"itemListElement\":[{\"@type\":\"ListItem\",\"position\":1,\"name\":\"Home\",\"item\":\"https:\\\/\\\/booksfrommexico.com\\\/es\\\/\"},{\"@type\":\"ListItem\",\"position\":2,\"name\":\"Libros\",\"item\":\"https:\\\/\\\/booksfrommexico.com\\\/es\\\/libros\\\/\"},{\"@type\":\"ListItem\",\"position\":3,\"name\":\"Our hachet: Nuestra hacha\"}]},{\"@type\":\"WebSite\",\"@id\":\"https:\\\/\\\/booksfrommexico.com\\\/#website\",\"url\":\"https:\\\/\\\/booksfrommexico.com\\\/\",\"name\":\"Books From Mexico\",\"description\":\"\",\"publisher\":{\"@id\":\"https:\\\/\\\/booksfrommexico.com\\\/#organization\"},\"potentialAction\":[{\"@type\":\"SearchAction\",\"target\":{\"@type\":\"EntryPoint\",\"urlTemplate\":\"https:\\\/\\\/booksfrommexico.com\\\/?s={search_term_string}\"},\"query-input\":{\"@type\":\"PropertyValueSpecification\",\"valueRequired\":true,\"valueName\":\"search_term_string\"}}],\"inLanguage\":\"es\"},{\"@type\":\"Organization\",\"@id\":\"https:\\\/\\\/booksfrommexico.com\\\/#organization\",\"name\":\"Books From Mexico\",\"url\":\"https:\\\/\\\/booksfrommexico.com\\\/\",\"logo\":{\"@type\":\"ImageObject\",\"inLanguage\":\"es\",\"@id\":\"https:\\\/\\\/booksfrommexico.com\\\/#\\\/schema\\\/logo\\\/image\\\/\",\"url\":\"https:\\\/\\\/booksfrommexico.com\\\/app\\\/uploads\\\/2023\\\/05\\\/logo-booksfrommexico.svg\",\"contentUrl\":\"https:\\\/\\\/booksfrommexico.com\\\/app\\\/uploads\\\/2023\\\/05\\\/logo-booksfrommexico.svg\",\"width\":86,\"height\":56,\"caption\":\"Books From Mexico\"},\"image\":{\"@id\":\"https:\\\/\\\/booksfrommexico.com\\\/#\\\/schema\\\/logo\\\/image\\\/\"}}]}<\/script>\n<!-- \/ Yoast SEO plugin. -->","yoast_head_json":{"title":"Our hachet: Nuestra hacha","description":"OUR HACHET : NUESTRA HACHA. \/ Gitzel Aleida Vidales Ibarra (coordinator). Culiac\u00e1n Rosales, Sinaloa, M\u00e9xico : Creativos7 Editorial. 2009. 236 pages ; 28 cm.","robots":{"index":"index","follow":"follow","max-snippet":"max-snippet:-1","max-image-preview":"max-image-preview:large","max-video-preview":"max-video-preview:-1"},"canonical":"https:\/\/booksfrommexico.com\/es\/producto\/our-hachet-nuestra-hacha\/","og_locale":"es_ES","og_type":"article","og_title":"Our hachet: Nuestra hacha","og_description":"OUR HACHET : NUESTRA HACHA. \/ Gitzel Aleida Vidales Ibarra (coordinator). Culiac\u00e1n Rosales, Sinaloa, M\u00e9xico : Creativos7 Editorial. 2009. 236 pages ; 28 cm.","og_url":"https:\/\/booksfrommexico.com\/es\/producto\/our-hachet-nuestra-hacha\/","og_site_name":"Books From Mexico","article_modified_time":"2024-11-06T23:06:18+00:00","og_image":[{"width":615,"height":850,"url":"http:\/\/booksfrommexico.com\/app\/uploads\/2023\/05\/192310.jpeg","type":"image\/jpeg"}],"twitter_card":"summary_large_image","twitter_misc":{"Tiempo de lectura":"1 minuto"},"schema":{"@context":"https:\/\/schema.org","@graph":[{"@type":"WebPage","@id":"https:\/\/booksfrommexico.com\/es\/producto\/our-hachet-nuestra-hacha\/","url":"https:\/\/booksfrommexico.com\/es\/producto\/our-hachet-nuestra-hacha\/","name":"Our hachet: Nuestra hacha","isPartOf":{"@id":"https:\/\/booksfrommexico.com\/#website"},"primaryImageOfPage":{"@id":"https:\/\/booksfrommexico.com\/es\/producto\/our-hachet-nuestra-hacha\/#primaryimage"},"image":{"@id":"https:\/\/booksfrommexico.com\/es\/producto\/our-hachet-nuestra-hacha\/#primaryimage"},"thumbnailUrl":"https:\/\/booksfrommexico.com\/app\/uploads\/2023\/05\/192310.jpeg","datePublished":"2023-05-08T17:01:56+00:00","dateModified":"2024-11-06T23:06:18+00:00","description":"OUR HACHET : NUESTRA HACHA. \/ Gitzel Aleida Vidales Ibarra (coordinator). Culiac\u00e1n Rosales, Sinaloa, M\u00e9xico : Creativos7 Editorial. 2009. 236 pages ; 28 cm.","breadcrumb":{"@id":"https:\/\/booksfrommexico.com\/es\/producto\/our-hachet-nuestra-hacha\/#breadcrumb"},"inLanguage":"es","potentialAction":[{"@type":"ReadAction","target":["https:\/\/booksfrommexico.com\/es\/producto\/our-hachet-nuestra-hacha\/"]}]},{"@type":"ImageObject","inLanguage":"es","@id":"https:\/\/booksfrommexico.com\/es\/producto\/our-hachet-nuestra-hacha\/#primaryimage","url":"https:\/\/booksfrommexico.com\/app\/uploads\/2023\/05\/192310.jpeg","contentUrl":"https:\/\/booksfrommexico.com\/app\/uploads\/2023\/05\/192310.jpeg","width":615,"height":850},{"@type":"BreadcrumbList","@id":"https:\/\/booksfrommexico.com\/es\/producto\/our-hachet-nuestra-hacha\/#breadcrumb","itemListElement":[{"@type":"ListItem","position":1,"name":"Home","item":"https:\/\/booksfrommexico.com\/es\/"},{"@type":"ListItem","position":2,"name":"Libros","item":"https:\/\/booksfrommexico.com\/es\/libros\/"},{"@type":"ListItem","position":3,"name":"Our hachet: Nuestra hacha"}]},{"@type":"WebSite","@id":"https:\/\/booksfrommexico.com\/#website","url":"https:\/\/booksfrommexico.com\/","name":"Books From Mexico","description":"","publisher":{"@id":"https:\/\/booksfrommexico.com\/#organization"},"potentialAction":[{"@type":"SearchAction","target":{"@type":"EntryPoint","urlTemplate":"https:\/\/booksfrommexico.com\/?s={search_term_string}"},"query-input":{"@type":"PropertyValueSpecification","valueRequired":true,"valueName":"search_term_string"}}],"inLanguage":"es"},{"@type":"Organization","@id":"https:\/\/booksfrommexico.com\/#organization","name":"Books From Mexico","url":"https:\/\/booksfrommexico.com\/","logo":{"@type":"ImageObject","inLanguage":"es","@id":"https:\/\/booksfrommexico.com\/#\/schema\/logo\/image\/","url":"https:\/\/booksfrommexico.com\/app\/uploads\/2023\/05\/logo-booksfrommexico.svg","contentUrl":"https:\/\/booksfrommexico.com\/app\/uploads\/2023\/05\/logo-booksfrommexico.svg","width":86,"height":56,"caption":"Books From Mexico"},"image":{"@id":"https:\/\/booksfrommexico.com\/#\/schema\/logo\/image\/"}}]}},"_links":{"self":[{"href":"https:\/\/booksfrommexico.com\/es\/wp-json\/wp\/v2\/product\/404","targetHints":{"allow":["GET"]}}],"collection":[{"href":"https:\/\/booksfrommexico.com\/es\/wp-json\/wp\/v2\/product"}],"about":[{"href":"https:\/\/booksfrommexico.com\/es\/wp-json\/wp\/v2\/types\/product"}],"wp:featuredmedia":[{"embeddable":true,"href":"https:\/\/booksfrommexico.com\/es\/wp-json\/wp\/v2\/media\/403"}],"wp:attachment":[{"href":"https:\/\/booksfrommexico.com\/es\/wp-json\/wp\/v2\/media?parent=404"}],"wp:term":[{"taxonomy":"product_brand","embeddable":true,"href":"https:\/\/booksfrommexico.com\/es\/wp-json\/wp\/v2\/product_brand?post=404"},{"taxonomy":"product_cat","embeddable":true,"href":"https:\/\/booksfrommexico.com\/es\/wp-json\/wp\/v2\/product_cat?post=404"},{"taxonomy":"product_tag","embeddable":true,"href":"https:\/\/booksfrommexico.com\/es\/wp-json\/wp\/v2\/product_tag?post=404"}],"curies":[{"name":"wp","href":"https:\/\/api.w.org\/{rel}","templated":true}]}}