{"id":406,"date":"2023-05-08T17:01:58","date_gmt":"2023-05-08T17:01:58","guid":{"rendered":"http:\/\/booksfrommexico.com\/product\/ceramica-de-xochitecatl\/"},"modified":"2024-10-28T23:37:32","modified_gmt":"2024-10-28T23:37:32","slug":"ceramica-de-xochitecatl","status":"publish","type":"product","link":"https:\/\/booksfrommexico.com\/es\/producto\/ceramica-de-xochitecatl\/","title":{"rendered":"Cer\u00e1mica de Xochit\u00e9catl"},"content":{"rendered":"<p><span style=\"font-weight: 400;\">El proyecto Xochit\u00e9catl consisti\u00f3 en una exploraci\u00f3n arqueol\u00f3gica del centro ceremonial de Xochit\u00e9catl, llevada a cabo entre enero de 1993 y noviembre de 1994. Las actividades que se realizaron tuvieron un car\u00e1cter multidisciplinario, reuniendo a arque\u00f3logos, restauradores, bi\u00f3logos, edaf\u00f3logos y especialistas t\u00e9cnicos en diversas \u00e1reas. Los objetivos generales de este proyecto y expuestos en este t\u00edtulo fueron: comprender la din\u00e1mica cultural del sitio prehisp\u00e1nico en relaci\u00f3n con su entorno natural y social, reconstruir los modos de vida y patrones de conducta cotidiana y recuperar los vestigios de la actividad humana para ponerlos a disposici\u00f3n del p\u00fablico.<\/span><\/p>\n","protected":false},"excerpt":{"rendered":"<p>CER\u00c1MICA DE XOCHIT\u00c9CATL<span style=\"font-weight: 400;\">. \/ Mari Carmen Serra Puche, Jes\u00fas Carlos Lazcano Arce, Manuel de la Torre Mendoza. M\u00e9xico, D.F. : Universidad Nacional Aut\u00f3noma de M\u00e9xico , Instituto de Investigaciones Antropol\u00f3gicas, 2004. 229 pages : includes tables, maps, photos, color illustrations, bibliography ; 28 cm. ISBN : 9703214339. <\/span><\/p>\n","protected":false},"featured_media":405,"template":"","meta":{"_acf_changed":false,"inline_featured_image":false},"product_brand":[],"product_cat":[19,386,3219,491],"product_tag":[4054,4122,3587,4475],"class_list":{"0":"post-406","1":"product","2":"type-product","3":"status-publish","4":"has-post-thumbnail","6":"product_cat-antropologia","7":"product_cat-arqueologia","8":"product_cat-prehispanica","9":"product_cat-sitios-de-excavacion-arqueologia","10":"product_tag-antropologia-es","11":"product_tag-investigacion","12":"product_tag-prehispanico","13":"product_tag-restos-arqueologicos","15":"first","16":"instock","17":"sale","18":"taxable","19":"shipping-taxable","20":"purchasable","21":"product-type-simple"},"acf":[],"yoast_head":"<!-- This site is optimized with the Yoast SEO plugin v27.3 - https:\/\/yoast.com\/product\/yoast-seo-wordpress\/ -->\n<title>Cer\u00e1mica de Xochit\u00e9catl<\/title>\n<meta name=\"description\" content=\"CER\u00c1MICA DE XOCHIT\u00c9CATL. \/ Mari Carmen Serra Puche, Jes\u00fas Carlos Lazcano Arce, Manuel de la Torre Mendoza. M\u00e9xico, D.F. : UNAM, 2004. ISBN : 9703214339.\" \/>\n<meta name=\"robots\" content=\"index, follow, max-snippet:-1, max-image-preview:large, max-video-preview:-1\" \/>\n<link rel=\"canonical\" href=\"https:\/\/booksfrommexico.com\/es\/producto\/ceramica-de-xochitecatl\/\" \/>\n<meta property=\"og:locale\" content=\"es_ES\" \/>\n<meta property=\"og:type\" content=\"article\" \/>\n<meta property=\"og:title\" content=\"Cer\u00e1mica de Xochit\u00e9catl\" \/>\n<meta property=\"og:description\" content=\"CER\u00c1MICA DE XOCHIT\u00c9CATL. \/ Mari Carmen Serra Puche, Jes\u00fas Carlos Lazcano Arce, Manuel de la Torre Mendoza. M\u00e9xico, D.F. : UNAM, 2004. ISBN : 9703214339.\" \/>\n<meta property=\"og:url\" content=\"https:\/\/booksfrommexico.com\/es\/producto\/ceramica-de-xochitecatl\/\" \/>\n<meta property=\"og:site_name\" content=\"Books From Mexico\" \/>\n<meta property=\"article:modified_time\" content=\"2024-10-28T23:37:32+00:00\" \/>\n<meta property=\"og:image\" content=\"http:\/\/booksfrommexico.com\/app\/uploads\/2023\/05\/122836.jpeg\" \/>\n\t<meta property=\"og:image:width\" content=\"619\" \/>\n\t<meta property=\"og:image:height\" content=\"807\" \/>\n\t<meta property=\"og:image:type\" content=\"image\/jpeg\" \/>\n<meta name=\"twitter:card\" content=\"summary_large_image\" \/>\n<meta name=\"twitter:label1\" content=\"Tiempo de lectura\" \/>\n\t<meta name=\"twitter:data1\" content=\"1 minuto\" \/>\n<script type=\"application\/ld+json\" class=\"yoast-schema-graph\">{\"@context\":\"https:\\\/\\\/schema.org\",\"@graph\":[{\"@type\":\"WebPage\",\"@id\":\"https:\\\/\\\/booksfrommexico.com\\\/es\\\/producto\\\/ceramica-de-xochitecatl\\\/\",\"url\":\"https:\\\/\\\/booksfrommexico.com\\\/es\\\/producto\\\/ceramica-de-xochitecatl\\\/\",\"name\":\"Cer\u00e1mica de Xochit\u00e9catl\",\"isPartOf\":{\"@id\":\"https:\\\/\\\/booksfrommexico.com\\\/#website\"},\"primaryImageOfPage\":{\"@id\":\"https:\\\/\\\/booksfrommexico.com\\\/es\\\/producto\\\/ceramica-de-xochitecatl\\\/#primaryimage\"},\"image\":{\"@id\":\"https:\\\/\\\/booksfrommexico.com\\\/es\\\/producto\\\/ceramica-de-xochitecatl\\\/#primaryimage\"},\"thumbnailUrl\":\"https:\\\/\\\/booksfrommexico.com\\\/app\\\/uploads\\\/2023\\\/05\\\/122836.jpeg\",\"datePublished\":\"2023-05-08T17:01:58+00:00\",\"dateModified\":\"2024-10-28T23:37:32+00:00\",\"description\":\"CER\u00c1MICA DE XOCHIT\u00c9CATL. \\\/ Mari Carmen Serra Puche, Jes\u00fas Carlos Lazcano Arce, Manuel de la Torre Mendoza. M\u00e9xico, D.F. : UNAM, 2004. ISBN : 9703214339.\",\"breadcrumb\":{\"@id\":\"https:\\\/\\\/booksfrommexico.com\\\/es\\\/producto\\\/ceramica-de-xochitecatl\\\/#breadcrumb\"},\"inLanguage\":\"es\",\"potentialAction\":[{\"@type\":\"ReadAction\",\"target\":[\"https:\\\/\\\/booksfrommexico.com\\\/es\\\/producto\\\/ceramica-de-xochitecatl\\\/\"]}]},{\"@type\":\"ImageObject\",\"inLanguage\":\"es\",\"@id\":\"https:\\\/\\\/booksfrommexico.com\\\/es\\\/producto\\\/ceramica-de-xochitecatl\\\/#primaryimage\",\"url\":\"https:\\\/\\\/booksfrommexico.com\\\/app\\\/uploads\\\/2023\\\/05\\\/122836.jpeg\",\"contentUrl\":\"https:\\\/\\\/booksfrommexico.com\\\/app\\\/uploads\\\/2023\\\/05\\\/122836.jpeg\",\"width\":619,\"height\":807},{\"@type\":\"BreadcrumbList\",\"@id\":\"https:\\\/\\\/booksfrommexico.com\\\/es\\\/producto\\\/ceramica-de-xochitecatl\\\/#breadcrumb\",\"itemListElement\":[{\"@type\":\"ListItem\",\"position\":1,\"name\":\"Home\",\"item\":\"https:\\\/\\\/booksfrommexico.com\\\/es\\\/\"},{\"@type\":\"ListItem\",\"position\":2,\"name\":\"Libros\",\"item\":\"https:\\\/\\\/booksfrommexico.com\\\/es\\\/libros\\\/\"},{\"@type\":\"ListItem\",\"position\":3,\"name\":\"Cer\u00e1mica de Xochit\u00e9catl\"}]},{\"@type\":\"WebSite\",\"@id\":\"https:\\\/\\\/booksfrommexico.com\\\/#website\",\"url\":\"https:\\\/\\\/booksfrommexico.com\\\/\",\"name\":\"Books From Mexico\",\"description\":\"\",\"publisher\":{\"@id\":\"https:\\\/\\\/booksfrommexico.com\\\/#organization\"},\"potentialAction\":[{\"@type\":\"SearchAction\",\"target\":{\"@type\":\"EntryPoint\",\"urlTemplate\":\"https:\\\/\\\/booksfrommexico.com\\\/?s={search_term_string}\"},\"query-input\":{\"@type\":\"PropertyValueSpecification\",\"valueRequired\":true,\"valueName\":\"search_term_string\"}}],\"inLanguage\":\"es\"},{\"@type\":\"Organization\",\"@id\":\"https:\\\/\\\/booksfrommexico.com\\\/#organization\",\"name\":\"Books From Mexico\",\"url\":\"https:\\\/\\\/booksfrommexico.com\\\/\",\"logo\":{\"@type\":\"ImageObject\",\"inLanguage\":\"es\",\"@id\":\"https:\\\/\\\/booksfrommexico.com\\\/#\\\/schema\\\/logo\\\/image\\\/\",\"url\":\"https:\\\/\\\/booksfrommexico.com\\\/app\\\/uploads\\\/2023\\\/05\\\/logo-booksfrommexico.svg\",\"contentUrl\":\"https:\\\/\\\/booksfrommexico.com\\\/app\\\/uploads\\\/2023\\\/05\\\/logo-booksfrommexico.svg\",\"width\":86,\"height\":56,\"caption\":\"Books From Mexico\"},\"image\":{\"@id\":\"https:\\\/\\\/booksfrommexico.com\\\/#\\\/schema\\\/logo\\\/image\\\/\"}}]}<\/script>\n<!-- \/ Yoast SEO plugin. -->","yoast_head_json":{"title":"Cer\u00e1mica de Xochit\u00e9catl","description":"CER\u00c1MICA DE XOCHIT\u00c9CATL. \/ Mari Carmen Serra Puche, Jes\u00fas Carlos Lazcano Arce, Manuel de la Torre Mendoza. M\u00e9xico, D.F. : UNAM, 2004. ISBN : 9703214339.","robots":{"index":"index","follow":"follow","max-snippet":"max-snippet:-1","max-image-preview":"max-image-preview:large","max-video-preview":"max-video-preview:-1"},"canonical":"https:\/\/booksfrommexico.com\/es\/producto\/ceramica-de-xochitecatl\/","og_locale":"es_ES","og_type":"article","og_title":"Cer\u00e1mica de Xochit\u00e9catl","og_description":"CER\u00c1MICA DE XOCHIT\u00c9CATL. \/ Mari Carmen Serra Puche, Jes\u00fas Carlos Lazcano Arce, Manuel de la Torre Mendoza. M\u00e9xico, D.F. : UNAM, 2004. ISBN : 9703214339.","og_url":"https:\/\/booksfrommexico.com\/es\/producto\/ceramica-de-xochitecatl\/","og_site_name":"Books From Mexico","article_modified_time":"2024-10-28T23:37:32+00:00","og_image":[{"width":619,"height":807,"url":"http:\/\/booksfrommexico.com\/app\/uploads\/2023\/05\/122836.jpeg","type":"image\/jpeg"}],"twitter_card":"summary_large_image","twitter_misc":{"Tiempo de lectura":"1 minuto"},"schema":{"@context":"https:\/\/schema.org","@graph":[{"@type":"WebPage","@id":"https:\/\/booksfrommexico.com\/es\/producto\/ceramica-de-xochitecatl\/","url":"https:\/\/booksfrommexico.com\/es\/producto\/ceramica-de-xochitecatl\/","name":"Cer\u00e1mica de Xochit\u00e9catl","isPartOf":{"@id":"https:\/\/booksfrommexico.com\/#website"},"primaryImageOfPage":{"@id":"https:\/\/booksfrommexico.com\/es\/producto\/ceramica-de-xochitecatl\/#primaryimage"},"image":{"@id":"https:\/\/booksfrommexico.com\/es\/producto\/ceramica-de-xochitecatl\/#primaryimage"},"thumbnailUrl":"https:\/\/booksfrommexico.com\/app\/uploads\/2023\/05\/122836.jpeg","datePublished":"2023-05-08T17:01:58+00:00","dateModified":"2024-10-28T23:37:32+00:00","description":"CER\u00c1MICA DE XOCHIT\u00c9CATL. \/ Mari Carmen Serra Puche, Jes\u00fas Carlos Lazcano Arce, Manuel de la Torre Mendoza. M\u00e9xico, D.F. : UNAM, 2004. ISBN : 9703214339.","breadcrumb":{"@id":"https:\/\/booksfrommexico.com\/es\/producto\/ceramica-de-xochitecatl\/#breadcrumb"},"inLanguage":"es","potentialAction":[{"@type":"ReadAction","target":["https:\/\/booksfrommexico.com\/es\/producto\/ceramica-de-xochitecatl\/"]}]},{"@type":"ImageObject","inLanguage":"es","@id":"https:\/\/booksfrommexico.com\/es\/producto\/ceramica-de-xochitecatl\/#primaryimage","url":"https:\/\/booksfrommexico.com\/app\/uploads\/2023\/05\/122836.jpeg","contentUrl":"https:\/\/booksfrommexico.com\/app\/uploads\/2023\/05\/122836.jpeg","width":619,"height":807},{"@type":"BreadcrumbList","@id":"https:\/\/booksfrommexico.com\/es\/producto\/ceramica-de-xochitecatl\/#breadcrumb","itemListElement":[{"@type":"ListItem","position":1,"name":"Home","item":"https:\/\/booksfrommexico.com\/es\/"},{"@type":"ListItem","position":2,"name":"Libros","item":"https:\/\/booksfrommexico.com\/es\/libros\/"},{"@type":"ListItem","position":3,"name":"Cer\u00e1mica de Xochit\u00e9catl"}]},{"@type":"WebSite","@id":"https:\/\/booksfrommexico.com\/#website","url":"https:\/\/booksfrommexico.com\/","name":"Books From Mexico","description":"","publisher":{"@id":"https:\/\/booksfrommexico.com\/#organization"},"potentialAction":[{"@type":"SearchAction","target":{"@type":"EntryPoint","urlTemplate":"https:\/\/booksfrommexico.com\/?s={search_term_string}"},"query-input":{"@type":"PropertyValueSpecification","valueRequired":true,"valueName":"search_term_string"}}],"inLanguage":"es"},{"@type":"Organization","@id":"https:\/\/booksfrommexico.com\/#organization","name":"Books From Mexico","url":"https:\/\/booksfrommexico.com\/","logo":{"@type":"ImageObject","inLanguage":"es","@id":"https:\/\/booksfrommexico.com\/#\/schema\/logo\/image\/","url":"https:\/\/booksfrommexico.com\/app\/uploads\/2023\/05\/logo-booksfrommexico.svg","contentUrl":"https:\/\/booksfrommexico.com\/app\/uploads\/2023\/05\/logo-booksfrommexico.svg","width":86,"height":56,"caption":"Books From Mexico"},"image":{"@id":"https:\/\/booksfrommexico.com\/#\/schema\/logo\/image\/"}}]}},"_links":{"self":[{"href":"https:\/\/booksfrommexico.com\/es\/wp-json\/wp\/v2\/product\/406","targetHints":{"allow":["GET"]}}],"collection":[{"href":"https:\/\/booksfrommexico.com\/es\/wp-json\/wp\/v2\/product"}],"about":[{"href":"https:\/\/booksfrommexico.com\/es\/wp-json\/wp\/v2\/types\/product"}],"wp:featuredmedia":[{"embeddable":true,"href":"https:\/\/booksfrommexico.com\/es\/wp-json\/wp\/v2\/media\/405"}],"wp:attachment":[{"href":"https:\/\/booksfrommexico.com\/es\/wp-json\/wp\/v2\/media?parent=406"}],"wp:term":[{"taxonomy":"product_brand","embeddable":true,"href":"https:\/\/booksfrommexico.com\/es\/wp-json\/wp\/v2\/product_brand?post=406"},{"taxonomy":"product_cat","embeddable":true,"href":"https:\/\/booksfrommexico.com\/es\/wp-json\/wp\/v2\/product_cat?post=406"},{"taxonomy":"product_tag","embeddable":true,"href":"https:\/\/booksfrommexico.com\/es\/wp-json\/wp\/v2\/product_tag?post=406"}],"curies":[{"name":"wp","href":"https:\/\/api.w.org\/{rel}","templated":true}]}}