{"id":408,"date":"2023-05-08T17:02:00","date_gmt":"2023-05-08T17:02:00","guid":{"rendered":"http:\/\/booksfrommexico.com\/product\/codice-de-santiago-tlacotepec-municipio-de-toluca-estado-de-mexico\/"},"modified":"2025-10-14T18:39:09","modified_gmt":"2025-10-14T18:39:09","slug":"codice-de-santiago-tlacotepec-municipio-de-toluca-estado-de-mexico","status":"publish","type":"product","link":"https:\/\/booksfrommexico.com\/es\/producto\/codice-de-santiago-tlacotepec-municipio-de-toluca-estado-de-mexico\/","title":{"rendered":"C\u00f3dice de Santiago Tlacotepec, Municipio de Toluca, Estado de M\u00e9xico"},"content":{"rendered":"<p><span style=\"font-weight: 400;\">Este es el sexto volumen de la colecci\u00f3n de estudios y reproducciones facsimilares de pictograf\u00edas ind\u00edgenas coloniales que fueron elaboradas en el territorio que en la actualidad ocupa el Estado de M\u00e9xico. En este volumen se presentan dos l\u00e1minas, en papel europeo, del <\/span><i><span style=\"font-weight: 400;\">C\u00f3dice de Santiago Tlacotepec<\/span><\/i><span style=\"font-weight: 400;\">, procedente de la poblaci\u00f3n del mismo nombre, en el municipio de Toluca. Las l\u00e1minas, copias de dos m\u00e1s antiguas, fueron pintadas a mediados del siglo XVI y, originalmente, formaron parte de un legajo de documentos escritos en espa\u00f1ol. El objetivo de esta publicaci\u00f3n, as\u00ed como de la colecci\u00f3n, es construir una historia m\u00e1s s\u00f3lida de los pueblos ind\u00edgenas en el\u00a0 Estado de M\u00e9xico.<\/span><\/p>\n","protected":false},"excerpt":{"rendered":"<p>C\u00d3DICE DE SANTIAGO TLACOTEPEC, MUNICIPIO DE TOLUCA, ESTADO DE M\u00c9XICO<span style=\"font-weight: 400;\">. \/ Ethelia Ruiz Medrano, Javier Noguez. Zinacantepec, Estado de M\u00e9xico, M\u00e9xico : El Colegio Mexiquense ; Instituto Mexiquense de Cultura, 2004. 68 pages : includes illustrations, map, notes, bibliography ; 40 cm. ISBN : 9706690565. <\/span><\/p>\n","protected":false},"featured_media":407,"template":"","meta":{"_acf_changed":false,"inline_featured_image":false},"product_brand":[],"product_cat":[19,3219],"product_tag":[4331,4521,4122,3587],"class_list":{"0":"post-408","1":"product","2":"type-product","3":"status-publish","4":"has-post-thumbnail","6":"product_cat-antropologia","7":"product_cat-prehispanica","8":"product_tag-arte-prehispanico","9":"product_tag-codices","10":"product_tag-investigacion","11":"product_tag-prehispanico","13":"first","14":"outofstock","15":"sale","16":"taxable","17":"shipping-taxable","18":"purchasable","19":"product-type-simple"},"acf":[],"yoast_head":"<!-- This site is optimized with the Yoast SEO plugin v27.3 - https:\/\/yoast.com\/product\/yoast-seo-wordpress\/ -->\n<title>C\u00f3dice de Santiago Tlacotepec, Municipio de Toluca<\/title>\n<meta name=\"description\" content=\"C\u00d3DICE DE SANTIAGO TLACOTEPEC, MUNICIPIO DE TOLUCA, ESTADO DE M\u00c9XICO. \/ Ruiz Medrano, Noguez. El Colegio Mexiquense ; Instituto Mexiquense de Cultura, 2004.\" \/>\n<meta name=\"robots\" content=\"index, follow, max-snippet:-1, max-image-preview:large, max-video-preview:-1\" \/>\n<link rel=\"canonical\" href=\"https:\/\/booksfrommexico.com\/es\/producto\/codice-de-santiago-tlacotepec-municipio-de-toluca-estado-de-mexico\/\" \/>\n<meta property=\"og:locale\" content=\"es_ES\" \/>\n<meta property=\"og:type\" content=\"article\" \/>\n<meta property=\"og:title\" content=\"C\u00f3dice de Santiago Tlacotepec, Municipio de Toluca\" \/>\n<meta property=\"og:description\" content=\"C\u00d3DICE DE SANTIAGO TLACOTEPEC, MUNICIPIO DE TOLUCA, ESTADO DE M\u00c9XICO. \/ Ruiz Medrano, Noguez. El Colegio Mexiquense ; Instituto Mexiquense de Cultura, 2004.\" \/>\n<meta property=\"og:url\" content=\"https:\/\/booksfrommexico.com\/es\/producto\/codice-de-santiago-tlacotepec-municipio-de-toluca-estado-de-mexico\/\" \/>\n<meta property=\"og:site_name\" content=\"Books From Mexico\" \/>\n<meta property=\"article:modified_time\" content=\"2025-10-14T18:39:09+00:00\" \/>\n<meta property=\"og:image\" content=\"http:\/\/booksfrommexico.com\/app\/uploads\/2023\/05\/123186.jpeg\" \/>\n\t<meta property=\"og:image:width\" content=\"618\" \/>\n\t<meta property=\"og:image:height\" content=\"858\" \/>\n\t<meta property=\"og:image:type\" content=\"image\/jpeg\" \/>\n<meta name=\"twitter:card\" content=\"summary_large_image\" \/>\n<meta name=\"twitter:label1\" content=\"Tiempo de lectura\" \/>\n\t<meta name=\"twitter:data1\" content=\"1 minuto\" \/>\n<script type=\"application\/ld+json\" class=\"yoast-schema-graph\">{\"@context\":\"https:\\\/\\\/schema.org\",\"@graph\":[{\"@type\":\"WebPage\",\"@id\":\"https:\\\/\\\/booksfrommexico.com\\\/es\\\/producto\\\/codice-de-santiago-tlacotepec-municipio-de-toluca-estado-de-mexico\\\/\",\"url\":\"https:\\\/\\\/booksfrommexico.com\\\/es\\\/producto\\\/codice-de-santiago-tlacotepec-municipio-de-toluca-estado-de-mexico\\\/\",\"name\":\"C\u00f3dice de Santiago Tlacotepec, Municipio de Toluca\",\"isPartOf\":{\"@id\":\"https:\\\/\\\/booksfrommexico.com\\\/#website\"},\"primaryImageOfPage\":{\"@id\":\"https:\\\/\\\/booksfrommexico.com\\\/es\\\/producto\\\/codice-de-santiago-tlacotepec-municipio-de-toluca-estado-de-mexico\\\/#primaryimage\"},\"image\":{\"@id\":\"https:\\\/\\\/booksfrommexico.com\\\/es\\\/producto\\\/codice-de-santiago-tlacotepec-municipio-de-toluca-estado-de-mexico\\\/#primaryimage\"},\"thumbnailUrl\":\"https:\\\/\\\/booksfrommexico.com\\\/app\\\/uploads\\\/2023\\\/05\\\/123186.jpeg\",\"datePublished\":\"2023-05-08T17:02:00+00:00\",\"dateModified\":\"2025-10-14T18:39:09+00:00\",\"description\":\"C\u00d3DICE DE SANTIAGO TLACOTEPEC, MUNICIPIO DE TOLUCA, ESTADO DE M\u00c9XICO. \\\/ Ruiz Medrano, Noguez. El Colegio Mexiquense ; Instituto Mexiquense de Cultura, 2004.\",\"breadcrumb\":{\"@id\":\"https:\\\/\\\/booksfrommexico.com\\\/es\\\/producto\\\/codice-de-santiago-tlacotepec-municipio-de-toluca-estado-de-mexico\\\/#breadcrumb\"},\"inLanguage\":\"es\",\"potentialAction\":[{\"@type\":\"ReadAction\",\"target\":[\"https:\\\/\\\/booksfrommexico.com\\\/es\\\/producto\\\/codice-de-santiago-tlacotepec-municipio-de-toluca-estado-de-mexico\\\/\"]}]},{\"@type\":\"ImageObject\",\"inLanguage\":\"es\",\"@id\":\"https:\\\/\\\/booksfrommexico.com\\\/es\\\/producto\\\/codice-de-santiago-tlacotepec-municipio-de-toluca-estado-de-mexico\\\/#primaryimage\",\"url\":\"https:\\\/\\\/booksfrommexico.com\\\/app\\\/uploads\\\/2023\\\/05\\\/123186.jpeg\",\"contentUrl\":\"https:\\\/\\\/booksfrommexico.com\\\/app\\\/uploads\\\/2023\\\/05\\\/123186.jpeg\",\"width\":618,\"height\":858},{\"@type\":\"BreadcrumbList\",\"@id\":\"https:\\\/\\\/booksfrommexico.com\\\/es\\\/producto\\\/codice-de-santiago-tlacotepec-municipio-de-toluca-estado-de-mexico\\\/#breadcrumb\",\"itemListElement\":[{\"@type\":\"ListItem\",\"position\":1,\"name\":\"Home\",\"item\":\"https:\\\/\\\/booksfrommexico.com\\\/es\\\/\"},{\"@type\":\"ListItem\",\"position\":2,\"name\":\"Libros\",\"item\":\"https:\\\/\\\/booksfrommexico.com\\\/es\\\/libros\\\/\"},{\"@type\":\"ListItem\",\"position\":3,\"name\":\"C\u00f3dice de Santiago Tlacotepec, Municipio de Toluca, Estado de M\u00e9xico\"}]},{\"@type\":\"WebSite\",\"@id\":\"https:\\\/\\\/booksfrommexico.com\\\/#website\",\"url\":\"https:\\\/\\\/booksfrommexico.com\\\/\",\"name\":\"Books From Mexico\",\"description\":\"\",\"publisher\":{\"@id\":\"https:\\\/\\\/booksfrommexico.com\\\/#organization\"},\"potentialAction\":[{\"@type\":\"SearchAction\",\"target\":{\"@type\":\"EntryPoint\",\"urlTemplate\":\"https:\\\/\\\/booksfrommexico.com\\\/?s={search_term_string}\"},\"query-input\":{\"@type\":\"PropertyValueSpecification\",\"valueRequired\":true,\"valueName\":\"search_term_string\"}}],\"inLanguage\":\"es\"},{\"@type\":\"Organization\",\"@id\":\"https:\\\/\\\/booksfrommexico.com\\\/#organization\",\"name\":\"Books From Mexico\",\"url\":\"https:\\\/\\\/booksfrommexico.com\\\/\",\"logo\":{\"@type\":\"ImageObject\",\"inLanguage\":\"es\",\"@id\":\"https:\\\/\\\/booksfrommexico.com\\\/#\\\/schema\\\/logo\\\/image\\\/\",\"url\":\"https:\\\/\\\/booksfrommexico.com\\\/app\\\/uploads\\\/2023\\\/05\\\/logo-booksfrommexico.svg\",\"contentUrl\":\"https:\\\/\\\/booksfrommexico.com\\\/app\\\/uploads\\\/2023\\\/05\\\/logo-booksfrommexico.svg\",\"width\":86,\"height\":56,\"caption\":\"Books From Mexico\"},\"image\":{\"@id\":\"https:\\\/\\\/booksfrommexico.com\\\/#\\\/schema\\\/logo\\\/image\\\/\"}}]}<\/script>\n<!-- \/ Yoast SEO plugin. -->","yoast_head_json":{"title":"C\u00f3dice de Santiago Tlacotepec, Municipio de Toluca","description":"C\u00d3DICE DE SANTIAGO TLACOTEPEC, MUNICIPIO DE TOLUCA, ESTADO DE M\u00c9XICO. \/ Ruiz Medrano, Noguez. El Colegio Mexiquense ; Instituto Mexiquense de Cultura, 2004.","robots":{"index":"index","follow":"follow","max-snippet":"max-snippet:-1","max-image-preview":"max-image-preview:large","max-video-preview":"max-video-preview:-1"},"canonical":"https:\/\/booksfrommexico.com\/es\/producto\/codice-de-santiago-tlacotepec-municipio-de-toluca-estado-de-mexico\/","og_locale":"es_ES","og_type":"article","og_title":"C\u00f3dice de Santiago Tlacotepec, Municipio de Toluca","og_description":"C\u00d3DICE DE SANTIAGO TLACOTEPEC, MUNICIPIO DE TOLUCA, ESTADO DE M\u00c9XICO. \/ Ruiz Medrano, Noguez. El Colegio Mexiquense ; Instituto Mexiquense de Cultura, 2004.","og_url":"https:\/\/booksfrommexico.com\/es\/producto\/codice-de-santiago-tlacotepec-municipio-de-toluca-estado-de-mexico\/","og_site_name":"Books From Mexico","article_modified_time":"2025-10-14T18:39:09+00:00","og_image":[{"width":618,"height":858,"url":"http:\/\/booksfrommexico.com\/app\/uploads\/2023\/05\/123186.jpeg","type":"image\/jpeg"}],"twitter_card":"summary_large_image","twitter_misc":{"Tiempo de lectura":"1 minuto"},"schema":{"@context":"https:\/\/schema.org","@graph":[{"@type":"WebPage","@id":"https:\/\/booksfrommexico.com\/es\/producto\/codice-de-santiago-tlacotepec-municipio-de-toluca-estado-de-mexico\/","url":"https:\/\/booksfrommexico.com\/es\/producto\/codice-de-santiago-tlacotepec-municipio-de-toluca-estado-de-mexico\/","name":"C\u00f3dice de Santiago Tlacotepec, Municipio de Toluca","isPartOf":{"@id":"https:\/\/booksfrommexico.com\/#website"},"primaryImageOfPage":{"@id":"https:\/\/booksfrommexico.com\/es\/producto\/codice-de-santiago-tlacotepec-municipio-de-toluca-estado-de-mexico\/#primaryimage"},"image":{"@id":"https:\/\/booksfrommexico.com\/es\/producto\/codice-de-santiago-tlacotepec-municipio-de-toluca-estado-de-mexico\/#primaryimage"},"thumbnailUrl":"https:\/\/booksfrommexico.com\/app\/uploads\/2023\/05\/123186.jpeg","datePublished":"2023-05-08T17:02:00+00:00","dateModified":"2025-10-14T18:39:09+00:00","description":"C\u00d3DICE DE SANTIAGO TLACOTEPEC, MUNICIPIO DE TOLUCA, ESTADO DE M\u00c9XICO. \/ Ruiz Medrano, Noguez. El Colegio Mexiquense ; Instituto Mexiquense de Cultura, 2004.","breadcrumb":{"@id":"https:\/\/booksfrommexico.com\/es\/producto\/codice-de-santiago-tlacotepec-municipio-de-toluca-estado-de-mexico\/#breadcrumb"},"inLanguage":"es","potentialAction":[{"@type":"ReadAction","target":["https:\/\/booksfrommexico.com\/es\/producto\/codice-de-santiago-tlacotepec-municipio-de-toluca-estado-de-mexico\/"]}]},{"@type":"ImageObject","inLanguage":"es","@id":"https:\/\/booksfrommexico.com\/es\/producto\/codice-de-santiago-tlacotepec-municipio-de-toluca-estado-de-mexico\/#primaryimage","url":"https:\/\/booksfrommexico.com\/app\/uploads\/2023\/05\/123186.jpeg","contentUrl":"https:\/\/booksfrommexico.com\/app\/uploads\/2023\/05\/123186.jpeg","width":618,"height":858},{"@type":"BreadcrumbList","@id":"https:\/\/booksfrommexico.com\/es\/producto\/codice-de-santiago-tlacotepec-municipio-de-toluca-estado-de-mexico\/#breadcrumb","itemListElement":[{"@type":"ListItem","position":1,"name":"Home","item":"https:\/\/booksfrommexico.com\/es\/"},{"@type":"ListItem","position":2,"name":"Libros","item":"https:\/\/booksfrommexico.com\/es\/libros\/"},{"@type":"ListItem","position":3,"name":"C\u00f3dice de Santiago Tlacotepec, Municipio de Toluca, Estado de M\u00e9xico"}]},{"@type":"WebSite","@id":"https:\/\/booksfrommexico.com\/#website","url":"https:\/\/booksfrommexico.com\/","name":"Books From Mexico","description":"","publisher":{"@id":"https:\/\/booksfrommexico.com\/#organization"},"potentialAction":[{"@type":"SearchAction","target":{"@type":"EntryPoint","urlTemplate":"https:\/\/booksfrommexico.com\/?s={search_term_string}"},"query-input":{"@type":"PropertyValueSpecification","valueRequired":true,"valueName":"search_term_string"}}],"inLanguage":"es"},{"@type":"Organization","@id":"https:\/\/booksfrommexico.com\/#organization","name":"Books From Mexico","url":"https:\/\/booksfrommexico.com\/","logo":{"@type":"ImageObject","inLanguage":"es","@id":"https:\/\/booksfrommexico.com\/#\/schema\/logo\/image\/","url":"https:\/\/booksfrommexico.com\/app\/uploads\/2023\/05\/logo-booksfrommexico.svg","contentUrl":"https:\/\/booksfrommexico.com\/app\/uploads\/2023\/05\/logo-booksfrommexico.svg","width":86,"height":56,"caption":"Books From Mexico"},"image":{"@id":"https:\/\/booksfrommexico.com\/#\/schema\/logo\/image\/"}}]}},"_links":{"self":[{"href":"https:\/\/booksfrommexico.com\/es\/wp-json\/wp\/v2\/product\/408","targetHints":{"allow":["GET"]}}],"collection":[{"href":"https:\/\/booksfrommexico.com\/es\/wp-json\/wp\/v2\/product"}],"about":[{"href":"https:\/\/booksfrommexico.com\/es\/wp-json\/wp\/v2\/types\/product"}],"wp:featuredmedia":[{"embeddable":true,"href":"https:\/\/booksfrommexico.com\/es\/wp-json\/wp\/v2\/media\/407"}],"wp:attachment":[{"href":"https:\/\/booksfrommexico.com\/es\/wp-json\/wp\/v2\/media?parent=408"}],"wp:term":[{"taxonomy":"product_brand","embeddable":true,"href":"https:\/\/booksfrommexico.com\/es\/wp-json\/wp\/v2\/product_brand?post=408"},{"taxonomy":"product_cat","embeddable":true,"href":"https:\/\/booksfrommexico.com\/es\/wp-json\/wp\/v2\/product_cat?post=408"},{"taxonomy":"product_tag","embeddable":true,"href":"https:\/\/booksfrommexico.com\/es\/wp-json\/wp\/v2\/product_tag?post=408"}],"curies":[{"name":"wp","href":"https:\/\/api.w.org\/{rel}","templated":true}]}}