{"id":412,"date":"2023-05-08T17:02:04","date_gmt":"2023-05-08T17:02:04","guid":{"rendered":"http:\/\/booksfrommexico.com\/product\/celebracion-celebration\/"},"modified":"2024-10-29T21:59:49","modified_gmt":"2024-10-29T21:59:49","slug":"celebracion-celebration","status":"publish","type":"product","link":"https:\/\/booksfrommexico.com\/es\/producto\/celebracion-celebration\/","title":{"rendered":"Celebraci\u00f3n: Celebration"},"content":{"rendered":"<p><span style=\"font-weight: 400;\">Este t\u00edtulo presenta un panorama de la obra de Susana Wald, artista pl\u00e1stica, pintora, dise\u00f1adora y escritora, que cubre un periodo de cuarenta a\u00f1os. Wald ha transitado en el arte y en el mundo por las contingencias que marcaron al siglo XX, viviendo las complejidades de la guerra y del exilio, las cuales se ven reflejadas en su obra. Aqu\u00ed, Wald presenta una autobiograf\u00eda a trav\u00e9s de sus creaciones art\u00edsticas y al hacer esta recopilaci\u00f3n, muestra adem\u00e1s con ellas diversas miradas e interpretaciones del mundo gracias a los lugares en los que ha vivido y los estilos con los que ha experimentado. Acompa\u00f1ando a las reproducciones a color, se presentan tambi\u00e9n una serie de textos que aluden a la trayectoria de Wald.<\/span><\/p>\n","protected":false},"excerpt":{"rendered":"<p>CELEBRACI\u00d3N : CELEBRATION<span style=\"font-weight: 400;\">. \/ Susana Wald. Oaxaca, M\u00e9xico : El Colegio de Oaxaca ; Carteles Editores, 2003. 103 pages : includes color photos, color illustrations, bibliography ; 21 cm. ISBN :\u00a0 9687984554.<\/span><\/p>\n","protected":false},"featured_media":411,"template":"","meta":{"_acf_changed":false,"inline_featured_image":false},"product_brand":[],"product_cat":[87,4240,400],"product_tag":[4044,4470,4519,3671,4544],"class_list":{"0":"post-412","1":"product","2":"type-product","3":"status-publish","4":"has-post-thumbnail","6":"product_cat-arte","7":"product_cat-arte-plastico","8":"product_cat-catalogos-de-exposiciones-arte","9":"product_tag-arte","10":"product_tag-arte-grafico","11":"product_tag-autobiografia","12":"product_tag-exposiciones","13":"product_tag-trayectoria-de-artistas","15":"first","16":"instock","17":"sale","18":"taxable","19":"shipping-taxable","20":"purchasable","21":"product-type-simple"},"acf":[],"yoast_head":"<!-- This site is optimized with the Yoast SEO plugin v27.3 - https:\/\/yoast.com\/product\/yoast-seo-wordpress\/ -->\n<title>Celebraci\u00f3n: Celebration<\/title>\n<meta name=\"description\" content=\"CELEBRACI\u00d3N : CELEBRATION. \/ Susana Wald. Oaxaca, M\u00e9xico : El Colegio de Oaxaca ; Carteles Editores, 2003. 103 pages ; 21 cm. ISBN : 9687984554.\" \/>\n<meta name=\"robots\" content=\"index, follow, max-snippet:-1, max-image-preview:large, max-video-preview:-1\" \/>\n<link rel=\"canonical\" href=\"https:\/\/booksfrommexico.com\/es\/producto\/celebracion-celebration\/\" \/>\n<meta property=\"og:locale\" content=\"es_ES\" \/>\n<meta property=\"og:type\" content=\"article\" \/>\n<meta property=\"og:title\" content=\"Celebraci\u00f3n: Celebration\" \/>\n<meta property=\"og:description\" content=\"CELEBRACI\u00d3N : CELEBRATION. \/ Susana Wald. Oaxaca, M\u00e9xico : El Colegio de Oaxaca ; Carteles Editores, 2003. 103 pages ; 21 cm. ISBN : 9687984554.\" \/>\n<meta property=\"og:url\" content=\"https:\/\/booksfrommexico.com\/es\/producto\/celebracion-celebration\/\" \/>\n<meta property=\"og:site_name\" content=\"Books From Mexico\" \/>\n<meta property=\"article:modified_time\" content=\"2024-10-29T21:59:49+00:00\" \/>\n<meta property=\"og:image\" content=\"http:\/\/booksfrommexico.com\/app\/uploads\/2023\/05\/124637.jpeg\" \/>\n\t<meta property=\"og:image:width\" content=\"608\" \/>\n\t<meta property=\"og:image:height\" content=\"600\" \/>\n\t<meta property=\"og:image:type\" content=\"image\/jpeg\" \/>\n<meta name=\"twitter:card\" content=\"summary_large_image\" \/>\n<meta name=\"twitter:label1\" content=\"Tiempo de lectura\" \/>\n\t<meta name=\"twitter:data1\" content=\"1 minuto\" \/>\n<script type=\"application\/ld+json\" class=\"yoast-schema-graph\">{\"@context\":\"https:\\\/\\\/schema.org\",\"@graph\":[{\"@type\":\"WebPage\",\"@id\":\"https:\\\/\\\/booksfrommexico.com\\\/es\\\/producto\\\/celebracion-celebration\\\/\",\"url\":\"https:\\\/\\\/booksfrommexico.com\\\/es\\\/producto\\\/celebracion-celebration\\\/\",\"name\":\"Celebraci\u00f3n: Celebration\",\"isPartOf\":{\"@id\":\"https:\\\/\\\/booksfrommexico.com\\\/#website\"},\"primaryImageOfPage\":{\"@id\":\"https:\\\/\\\/booksfrommexico.com\\\/es\\\/producto\\\/celebracion-celebration\\\/#primaryimage\"},\"image\":{\"@id\":\"https:\\\/\\\/booksfrommexico.com\\\/es\\\/producto\\\/celebracion-celebration\\\/#primaryimage\"},\"thumbnailUrl\":\"https:\\\/\\\/booksfrommexico.com\\\/app\\\/uploads\\\/2023\\\/05\\\/124637.jpeg\",\"datePublished\":\"2023-05-08T17:02:04+00:00\",\"dateModified\":\"2024-10-29T21:59:49+00:00\",\"description\":\"CELEBRACI\u00d3N : CELEBRATION. \\\/ Susana Wald. Oaxaca, M\u00e9xico : El Colegio de Oaxaca ; Carteles Editores, 2003. 103 pages ; 21 cm. ISBN : 9687984554.\",\"breadcrumb\":{\"@id\":\"https:\\\/\\\/booksfrommexico.com\\\/es\\\/producto\\\/celebracion-celebration\\\/#breadcrumb\"},\"inLanguage\":\"es\",\"potentialAction\":[{\"@type\":\"ReadAction\",\"target\":[\"https:\\\/\\\/booksfrommexico.com\\\/es\\\/producto\\\/celebracion-celebration\\\/\"]}]},{\"@type\":\"ImageObject\",\"inLanguage\":\"es\",\"@id\":\"https:\\\/\\\/booksfrommexico.com\\\/es\\\/producto\\\/celebracion-celebration\\\/#primaryimage\",\"url\":\"https:\\\/\\\/booksfrommexico.com\\\/app\\\/uploads\\\/2023\\\/05\\\/124637.jpeg\",\"contentUrl\":\"https:\\\/\\\/booksfrommexico.com\\\/app\\\/uploads\\\/2023\\\/05\\\/124637.jpeg\",\"width\":608,\"height\":600},{\"@type\":\"BreadcrumbList\",\"@id\":\"https:\\\/\\\/booksfrommexico.com\\\/es\\\/producto\\\/celebracion-celebration\\\/#breadcrumb\",\"itemListElement\":[{\"@type\":\"ListItem\",\"position\":1,\"name\":\"Home\",\"item\":\"https:\\\/\\\/booksfrommexico.com\\\/es\\\/\"},{\"@type\":\"ListItem\",\"position\":2,\"name\":\"Libros\",\"item\":\"https:\\\/\\\/booksfrommexico.com\\\/es\\\/libros\\\/\"},{\"@type\":\"ListItem\",\"position\":3,\"name\":\"Celebraci\u00f3n: Celebration\"}]},{\"@type\":\"WebSite\",\"@id\":\"https:\\\/\\\/booksfrommexico.com\\\/#website\",\"url\":\"https:\\\/\\\/booksfrommexico.com\\\/\",\"name\":\"Books From Mexico\",\"description\":\"\",\"publisher\":{\"@id\":\"https:\\\/\\\/booksfrommexico.com\\\/#organization\"},\"potentialAction\":[{\"@type\":\"SearchAction\",\"target\":{\"@type\":\"EntryPoint\",\"urlTemplate\":\"https:\\\/\\\/booksfrommexico.com\\\/?s={search_term_string}\"},\"query-input\":{\"@type\":\"PropertyValueSpecification\",\"valueRequired\":true,\"valueName\":\"search_term_string\"}}],\"inLanguage\":\"es\"},{\"@type\":\"Organization\",\"@id\":\"https:\\\/\\\/booksfrommexico.com\\\/#organization\",\"name\":\"Books From Mexico\",\"url\":\"https:\\\/\\\/booksfrommexico.com\\\/\",\"logo\":{\"@type\":\"ImageObject\",\"inLanguage\":\"es\",\"@id\":\"https:\\\/\\\/booksfrommexico.com\\\/#\\\/schema\\\/logo\\\/image\\\/\",\"url\":\"https:\\\/\\\/booksfrommexico.com\\\/app\\\/uploads\\\/2023\\\/05\\\/logo-booksfrommexico.svg\",\"contentUrl\":\"https:\\\/\\\/booksfrommexico.com\\\/app\\\/uploads\\\/2023\\\/05\\\/logo-booksfrommexico.svg\",\"width\":86,\"height\":56,\"caption\":\"Books From Mexico\"},\"image\":{\"@id\":\"https:\\\/\\\/booksfrommexico.com\\\/#\\\/schema\\\/logo\\\/image\\\/\"}}]}<\/script>\n<!-- \/ Yoast SEO plugin. -->","yoast_head_json":{"title":"Celebraci\u00f3n: Celebration","description":"CELEBRACI\u00d3N : CELEBRATION. \/ Susana Wald. Oaxaca, M\u00e9xico : El Colegio de Oaxaca ; Carteles Editores, 2003. 103 pages ; 21 cm. ISBN : 9687984554.","robots":{"index":"index","follow":"follow","max-snippet":"max-snippet:-1","max-image-preview":"max-image-preview:large","max-video-preview":"max-video-preview:-1"},"canonical":"https:\/\/booksfrommexico.com\/es\/producto\/celebracion-celebration\/","og_locale":"es_ES","og_type":"article","og_title":"Celebraci\u00f3n: Celebration","og_description":"CELEBRACI\u00d3N : CELEBRATION. \/ Susana Wald. Oaxaca, M\u00e9xico : El Colegio de Oaxaca ; Carteles Editores, 2003. 103 pages ; 21 cm. ISBN : 9687984554.","og_url":"https:\/\/booksfrommexico.com\/es\/producto\/celebracion-celebration\/","og_site_name":"Books From Mexico","article_modified_time":"2024-10-29T21:59:49+00:00","og_image":[{"width":608,"height":600,"url":"http:\/\/booksfrommexico.com\/app\/uploads\/2023\/05\/124637.jpeg","type":"image\/jpeg"}],"twitter_card":"summary_large_image","twitter_misc":{"Tiempo de lectura":"1 minuto"},"schema":{"@context":"https:\/\/schema.org","@graph":[{"@type":"WebPage","@id":"https:\/\/booksfrommexico.com\/es\/producto\/celebracion-celebration\/","url":"https:\/\/booksfrommexico.com\/es\/producto\/celebracion-celebration\/","name":"Celebraci\u00f3n: Celebration","isPartOf":{"@id":"https:\/\/booksfrommexico.com\/#website"},"primaryImageOfPage":{"@id":"https:\/\/booksfrommexico.com\/es\/producto\/celebracion-celebration\/#primaryimage"},"image":{"@id":"https:\/\/booksfrommexico.com\/es\/producto\/celebracion-celebration\/#primaryimage"},"thumbnailUrl":"https:\/\/booksfrommexico.com\/app\/uploads\/2023\/05\/124637.jpeg","datePublished":"2023-05-08T17:02:04+00:00","dateModified":"2024-10-29T21:59:49+00:00","description":"CELEBRACI\u00d3N : CELEBRATION. \/ Susana Wald. Oaxaca, M\u00e9xico : El Colegio de Oaxaca ; Carteles Editores, 2003. 103 pages ; 21 cm. ISBN : 9687984554.","breadcrumb":{"@id":"https:\/\/booksfrommexico.com\/es\/producto\/celebracion-celebration\/#breadcrumb"},"inLanguage":"es","potentialAction":[{"@type":"ReadAction","target":["https:\/\/booksfrommexico.com\/es\/producto\/celebracion-celebration\/"]}]},{"@type":"ImageObject","inLanguage":"es","@id":"https:\/\/booksfrommexico.com\/es\/producto\/celebracion-celebration\/#primaryimage","url":"https:\/\/booksfrommexico.com\/app\/uploads\/2023\/05\/124637.jpeg","contentUrl":"https:\/\/booksfrommexico.com\/app\/uploads\/2023\/05\/124637.jpeg","width":608,"height":600},{"@type":"BreadcrumbList","@id":"https:\/\/booksfrommexico.com\/es\/producto\/celebracion-celebration\/#breadcrumb","itemListElement":[{"@type":"ListItem","position":1,"name":"Home","item":"https:\/\/booksfrommexico.com\/es\/"},{"@type":"ListItem","position":2,"name":"Libros","item":"https:\/\/booksfrommexico.com\/es\/libros\/"},{"@type":"ListItem","position":3,"name":"Celebraci\u00f3n: Celebration"}]},{"@type":"WebSite","@id":"https:\/\/booksfrommexico.com\/#website","url":"https:\/\/booksfrommexico.com\/","name":"Books From Mexico","description":"","publisher":{"@id":"https:\/\/booksfrommexico.com\/#organization"},"potentialAction":[{"@type":"SearchAction","target":{"@type":"EntryPoint","urlTemplate":"https:\/\/booksfrommexico.com\/?s={search_term_string}"},"query-input":{"@type":"PropertyValueSpecification","valueRequired":true,"valueName":"search_term_string"}}],"inLanguage":"es"},{"@type":"Organization","@id":"https:\/\/booksfrommexico.com\/#organization","name":"Books From Mexico","url":"https:\/\/booksfrommexico.com\/","logo":{"@type":"ImageObject","inLanguage":"es","@id":"https:\/\/booksfrommexico.com\/#\/schema\/logo\/image\/","url":"https:\/\/booksfrommexico.com\/app\/uploads\/2023\/05\/logo-booksfrommexico.svg","contentUrl":"https:\/\/booksfrommexico.com\/app\/uploads\/2023\/05\/logo-booksfrommexico.svg","width":86,"height":56,"caption":"Books From Mexico"},"image":{"@id":"https:\/\/booksfrommexico.com\/#\/schema\/logo\/image\/"}}]}},"_links":{"self":[{"href":"https:\/\/booksfrommexico.com\/es\/wp-json\/wp\/v2\/product\/412","targetHints":{"allow":["GET"]}}],"collection":[{"href":"https:\/\/booksfrommexico.com\/es\/wp-json\/wp\/v2\/product"}],"about":[{"href":"https:\/\/booksfrommexico.com\/es\/wp-json\/wp\/v2\/types\/product"}],"wp:featuredmedia":[{"embeddable":true,"href":"https:\/\/booksfrommexico.com\/es\/wp-json\/wp\/v2\/media\/411"}],"wp:attachment":[{"href":"https:\/\/booksfrommexico.com\/es\/wp-json\/wp\/v2\/media?parent=412"}],"wp:term":[{"taxonomy":"product_brand","embeddable":true,"href":"https:\/\/booksfrommexico.com\/es\/wp-json\/wp\/v2\/product_brand?post=412"},{"taxonomy":"product_cat","embeddable":true,"href":"https:\/\/booksfrommexico.com\/es\/wp-json\/wp\/v2\/product_cat?post=412"},{"taxonomy":"product_tag","embeddable":true,"href":"https:\/\/booksfrommexico.com\/es\/wp-json\/wp\/v2\/product_tag?post=412"}],"curies":[{"name":"wp","href":"https:\/\/api.w.org\/{rel}","templated":true}]}}