{"id":414,"date":"2023-05-08T17:02:05","date_gmt":"2023-05-08T17:02:05","guid":{"rendered":"http:\/\/booksfrommexico.com\/product\/el-calendario-azteca-y-otros-monumentos-solares\/"},"modified":"2024-10-24T22:17:23","modified_gmt":"2024-10-24T22:17:23","slug":"el-calendario-azteca-y-otros-monumentos-solares","status":"publish","type":"product","link":"https:\/\/booksfrommexico.com\/es\/producto\/el-calendario-azteca-y-otros-monumentos-solares\/","title":{"rendered":"El calendario azteca y otros monumentos solares"},"content":{"rendered":"<p><span style=\"font-weight: 400;\">Este t\u00edtulo presenta la obra de dos estudiosos que exponen, por un lado el trasfondo del calendario azteca y, por el otro, testimonios el culto solar. Sol\u00eds hace un amplio recuento de piedras esculpidas con fechas, combinaciones calend\u00e1ricas y glifos, todos ellos relacionados con los mitos solares, en particular con el mito de la fundaci\u00f3n M\u00e9xico-Tenochtitl\u00e1n. Eduardo Matos se ocupa de la decodificaci\u00f3n de los signos de la Piedra del Sol a partir de los mitos gen\u00e9sicos, su funci\u00f3n y ubicaci\u00f3n en el laber\u00edntico orden del recinto ceremonial de M\u00e9xico Tenochtitl\u00e1n. Acompa\u00f1ando al texto se incluyen fotograf\u00edas a color, ilustraciones, un mapa y, al final del libro, unas l\u00e1minas a color anexas.<\/span><\/p>\n","protected":false},"excerpt":{"rendered":"<p>EL CALENDARIO AZTECA: Y OTROS MONUMENTOS SOLARES<span style=\"font-weight: 400;\">. \/ Eduardo Matos Felipe Sol\u00eds. M\u00e9xico, D.F.: Consejo Nacional para la Cultura y las Artes , Instituto Nacional de Antropolog\u00eda e Historia ; Grupo Azabache, 2004. 164 pages : includes bibliographic notes, color photos, color illustrations, map, attached sheets, bibliography ; 30 cm. ISBN : 9680300005 (INAH) ; 9706780068 (Azabache).<\/span><\/p>\n","protected":false},"featured_media":413,"template":"","meta":{"_acf_changed":false,"inline_featured_image":false},"product_brand":[],"product_cat":[386,27],"product_tag":[3677,4331,4262,4398,3587],"class_list":{"0":"post-414","1":"product","2":"type-product","3":"status-publish","4":"has-post-thumbnail","6":"product_cat-arqueologia","7":"product_cat-historia","8":"product_tag-arquitectura-antigua","9":"product_tag-arte-prehispanico","10":"product_tag-cultura-prehispanica","11":"product_tag-historia-mexico","12":"product_tag-prehispanico","14":"first","15":"instock","16":"sale","17":"taxable","18":"shipping-taxable","19":"purchasable","20":"product-type-simple"},"acf":[],"yoast_head":"<!-- This site is optimized with the Yoast SEO plugin v27.3 - https:\/\/yoast.com\/product\/yoast-seo-wordpress\/ -->\n<title>El calendario azteca y otros monumentos solares<\/title>\n<meta name=\"description\" content=\"EL CALENDARIO AZTECA: Y OTROS MONUMENTOS SOLARES. \/ Eduardo Matos Felipe Sol\u00eds. M\u00e9xico, D.F. : CONACULTA , INAH ; Grupo Azabache, 2004.\" \/>\n<meta name=\"robots\" content=\"index, follow, max-snippet:-1, max-image-preview:large, max-video-preview:-1\" \/>\n<link rel=\"canonical\" href=\"https:\/\/booksfrommexico.com\/es\/producto\/el-calendario-azteca-y-otros-monumentos-solares\/\" \/>\n<meta property=\"og:locale\" content=\"es_ES\" \/>\n<meta property=\"og:type\" content=\"article\" \/>\n<meta property=\"og:title\" content=\"El calendario azteca y otros monumentos solares\" \/>\n<meta property=\"og:description\" content=\"EL CALENDARIO AZTECA: Y OTROS MONUMENTOS SOLARES. \/ Eduardo Matos Felipe Sol\u00eds. M\u00e9xico, D.F. : CONACULTA , INAH ; Grupo Azabache, 2004.\" \/>\n<meta property=\"og:url\" content=\"https:\/\/booksfrommexico.com\/es\/producto\/el-calendario-azteca-y-otros-monumentos-solares\/\" \/>\n<meta property=\"og:site_name\" content=\"Books From Mexico\" \/>\n<meta property=\"article:modified_time\" content=\"2024-10-24T22:17:23+00:00\" \/>\n<meta property=\"og:image\" content=\"http:\/\/booksfrommexico.com\/app\/uploads\/2023\/05\/125408.jpeg\" \/>\n\t<meta property=\"og:image:width\" content=\"603\" \/>\n\t<meta property=\"og:image:height\" content=\"850\" \/>\n\t<meta property=\"og:image:type\" content=\"image\/jpeg\" \/>\n<meta name=\"twitter:card\" content=\"summary_large_image\" \/>\n<meta name=\"twitter:label1\" content=\"Tiempo de lectura\" \/>\n\t<meta name=\"twitter:data1\" content=\"1 minuto\" \/>\n<script type=\"application\/ld+json\" class=\"yoast-schema-graph\">{\"@context\":\"https:\\\/\\\/schema.org\",\"@graph\":[{\"@type\":\"WebPage\",\"@id\":\"https:\\\/\\\/booksfrommexico.com\\\/es\\\/producto\\\/el-calendario-azteca-y-otros-monumentos-solares\\\/\",\"url\":\"https:\\\/\\\/booksfrommexico.com\\\/es\\\/producto\\\/el-calendario-azteca-y-otros-monumentos-solares\\\/\",\"name\":\"El calendario azteca y otros monumentos solares\",\"isPartOf\":{\"@id\":\"https:\\\/\\\/booksfrommexico.com\\\/#website\"},\"primaryImageOfPage\":{\"@id\":\"https:\\\/\\\/booksfrommexico.com\\\/es\\\/producto\\\/el-calendario-azteca-y-otros-monumentos-solares\\\/#primaryimage\"},\"image\":{\"@id\":\"https:\\\/\\\/booksfrommexico.com\\\/es\\\/producto\\\/el-calendario-azteca-y-otros-monumentos-solares\\\/#primaryimage\"},\"thumbnailUrl\":\"https:\\\/\\\/booksfrommexico.com\\\/app\\\/uploads\\\/2023\\\/05\\\/125408.jpeg\",\"datePublished\":\"2023-05-08T17:02:05+00:00\",\"dateModified\":\"2024-10-24T22:17:23+00:00\",\"description\":\"EL CALENDARIO AZTECA: Y OTROS MONUMENTOS SOLARES. \\\/ Eduardo Matos Felipe Sol\u00eds. M\u00e9xico, D.F. : CONACULTA , INAH ; Grupo Azabache, 2004.\",\"breadcrumb\":{\"@id\":\"https:\\\/\\\/booksfrommexico.com\\\/es\\\/producto\\\/el-calendario-azteca-y-otros-monumentos-solares\\\/#breadcrumb\"},\"inLanguage\":\"es\",\"potentialAction\":[{\"@type\":\"ReadAction\",\"target\":[\"https:\\\/\\\/booksfrommexico.com\\\/es\\\/producto\\\/el-calendario-azteca-y-otros-monumentos-solares\\\/\"]}]},{\"@type\":\"ImageObject\",\"inLanguage\":\"es\",\"@id\":\"https:\\\/\\\/booksfrommexico.com\\\/es\\\/producto\\\/el-calendario-azteca-y-otros-monumentos-solares\\\/#primaryimage\",\"url\":\"https:\\\/\\\/booksfrommexico.com\\\/app\\\/uploads\\\/2023\\\/05\\\/125408.jpeg\",\"contentUrl\":\"https:\\\/\\\/booksfrommexico.com\\\/app\\\/uploads\\\/2023\\\/05\\\/125408.jpeg\",\"width\":603,\"height\":850},{\"@type\":\"BreadcrumbList\",\"@id\":\"https:\\\/\\\/booksfrommexico.com\\\/es\\\/producto\\\/el-calendario-azteca-y-otros-monumentos-solares\\\/#breadcrumb\",\"itemListElement\":[{\"@type\":\"ListItem\",\"position\":1,\"name\":\"Home\",\"item\":\"https:\\\/\\\/booksfrommexico.com\\\/es\\\/\"},{\"@type\":\"ListItem\",\"position\":2,\"name\":\"Libros\",\"item\":\"https:\\\/\\\/booksfrommexico.com\\\/es\\\/libros\\\/\"},{\"@type\":\"ListItem\",\"position\":3,\"name\":\"El calendario azteca y otros monumentos solares\"}]},{\"@type\":\"WebSite\",\"@id\":\"https:\\\/\\\/booksfrommexico.com\\\/#website\",\"url\":\"https:\\\/\\\/booksfrommexico.com\\\/\",\"name\":\"Books From Mexico\",\"description\":\"\",\"publisher\":{\"@id\":\"https:\\\/\\\/booksfrommexico.com\\\/#organization\"},\"potentialAction\":[{\"@type\":\"SearchAction\",\"target\":{\"@type\":\"EntryPoint\",\"urlTemplate\":\"https:\\\/\\\/booksfrommexico.com\\\/?s={search_term_string}\"},\"query-input\":{\"@type\":\"PropertyValueSpecification\",\"valueRequired\":true,\"valueName\":\"search_term_string\"}}],\"inLanguage\":\"es\"},{\"@type\":\"Organization\",\"@id\":\"https:\\\/\\\/booksfrommexico.com\\\/#organization\",\"name\":\"Books From Mexico\",\"url\":\"https:\\\/\\\/booksfrommexico.com\\\/\",\"logo\":{\"@type\":\"ImageObject\",\"inLanguage\":\"es\",\"@id\":\"https:\\\/\\\/booksfrommexico.com\\\/#\\\/schema\\\/logo\\\/image\\\/\",\"url\":\"https:\\\/\\\/booksfrommexico.com\\\/app\\\/uploads\\\/2023\\\/05\\\/logo-booksfrommexico.svg\",\"contentUrl\":\"https:\\\/\\\/booksfrommexico.com\\\/app\\\/uploads\\\/2023\\\/05\\\/logo-booksfrommexico.svg\",\"width\":86,\"height\":56,\"caption\":\"Books From Mexico\"},\"image\":{\"@id\":\"https:\\\/\\\/booksfrommexico.com\\\/#\\\/schema\\\/logo\\\/image\\\/\"}}]}<\/script>\n<!-- \/ Yoast SEO plugin. -->","yoast_head_json":{"title":"El calendario azteca y otros monumentos solares","description":"EL CALENDARIO AZTECA: Y OTROS MONUMENTOS SOLARES. \/ Eduardo Matos Felipe Sol\u00eds. M\u00e9xico, D.F. : CONACULTA , INAH ; Grupo Azabache, 2004.","robots":{"index":"index","follow":"follow","max-snippet":"max-snippet:-1","max-image-preview":"max-image-preview:large","max-video-preview":"max-video-preview:-1"},"canonical":"https:\/\/booksfrommexico.com\/es\/producto\/el-calendario-azteca-y-otros-monumentos-solares\/","og_locale":"es_ES","og_type":"article","og_title":"El calendario azteca y otros monumentos solares","og_description":"EL CALENDARIO AZTECA: Y OTROS MONUMENTOS SOLARES. \/ Eduardo Matos Felipe Sol\u00eds. M\u00e9xico, D.F. : CONACULTA , INAH ; Grupo Azabache, 2004.","og_url":"https:\/\/booksfrommexico.com\/es\/producto\/el-calendario-azteca-y-otros-monumentos-solares\/","og_site_name":"Books From Mexico","article_modified_time":"2024-10-24T22:17:23+00:00","og_image":[{"width":603,"height":850,"url":"http:\/\/booksfrommexico.com\/app\/uploads\/2023\/05\/125408.jpeg","type":"image\/jpeg"}],"twitter_card":"summary_large_image","twitter_misc":{"Tiempo de lectura":"1 minuto"},"schema":{"@context":"https:\/\/schema.org","@graph":[{"@type":"WebPage","@id":"https:\/\/booksfrommexico.com\/es\/producto\/el-calendario-azteca-y-otros-monumentos-solares\/","url":"https:\/\/booksfrommexico.com\/es\/producto\/el-calendario-azteca-y-otros-monumentos-solares\/","name":"El calendario azteca y otros monumentos solares","isPartOf":{"@id":"https:\/\/booksfrommexico.com\/#website"},"primaryImageOfPage":{"@id":"https:\/\/booksfrommexico.com\/es\/producto\/el-calendario-azteca-y-otros-monumentos-solares\/#primaryimage"},"image":{"@id":"https:\/\/booksfrommexico.com\/es\/producto\/el-calendario-azteca-y-otros-monumentos-solares\/#primaryimage"},"thumbnailUrl":"https:\/\/booksfrommexico.com\/app\/uploads\/2023\/05\/125408.jpeg","datePublished":"2023-05-08T17:02:05+00:00","dateModified":"2024-10-24T22:17:23+00:00","description":"EL CALENDARIO AZTECA: Y OTROS MONUMENTOS SOLARES. \/ Eduardo Matos Felipe Sol\u00eds. M\u00e9xico, D.F. : CONACULTA , INAH ; Grupo Azabache, 2004.","breadcrumb":{"@id":"https:\/\/booksfrommexico.com\/es\/producto\/el-calendario-azteca-y-otros-monumentos-solares\/#breadcrumb"},"inLanguage":"es","potentialAction":[{"@type":"ReadAction","target":["https:\/\/booksfrommexico.com\/es\/producto\/el-calendario-azteca-y-otros-monumentos-solares\/"]}]},{"@type":"ImageObject","inLanguage":"es","@id":"https:\/\/booksfrommexico.com\/es\/producto\/el-calendario-azteca-y-otros-monumentos-solares\/#primaryimage","url":"https:\/\/booksfrommexico.com\/app\/uploads\/2023\/05\/125408.jpeg","contentUrl":"https:\/\/booksfrommexico.com\/app\/uploads\/2023\/05\/125408.jpeg","width":603,"height":850},{"@type":"BreadcrumbList","@id":"https:\/\/booksfrommexico.com\/es\/producto\/el-calendario-azteca-y-otros-monumentos-solares\/#breadcrumb","itemListElement":[{"@type":"ListItem","position":1,"name":"Home","item":"https:\/\/booksfrommexico.com\/es\/"},{"@type":"ListItem","position":2,"name":"Libros","item":"https:\/\/booksfrommexico.com\/es\/libros\/"},{"@type":"ListItem","position":3,"name":"El calendario azteca y otros monumentos solares"}]},{"@type":"WebSite","@id":"https:\/\/booksfrommexico.com\/#website","url":"https:\/\/booksfrommexico.com\/","name":"Books From Mexico","description":"","publisher":{"@id":"https:\/\/booksfrommexico.com\/#organization"},"potentialAction":[{"@type":"SearchAction","target":{"@type":"EntryPoint","urlTemplate":"https:\/\/booksfrommexico.com\/?s={search_term_string}"},"query-input":{"@type":"PropertyValueSpecification","valueRequired":true,"valueName":"search_term_string"}}],"inLanguage":"es"},{"@type":"Organization","@id":"https:\/\/booksfrommexico.com\/#organization","name":"Books From Mexico","url":"https:\/\/booksfrommexico.com\/","logo":{"@type":"ImageObject","inLanguage":"es","@id":"https:\/\/booksfrommexico.com\/#\/schema\/logo\/image\/","url":"https:\/\/booksfrommexico.com\/app\/uploads\/2023\/05\/logo-booksfrommexico.svg","contentUrl":"https:\/\/booksfrommexico.com\/app\/uploads\/2023\/05\/logo-booksfrommexico.svg","width":86,"height":56,"caption":"Books From Mexico"},"image":{"@id":"https:\/\/booksfrommexico.com\/#\/schema\/logo\/image\/"}}]}},"_links":{"self":[{"href":"https:\/\/booksfrommexico.com\/es\/wp-json\/wp\/v2\/product\/414","targetHints":{"allow":["GET"]}}],"collection":[{"href":"https:\/\/booksfrommexico.com\/es\/wp-json\/wp\/v2\/product"}],"about":[{"href":"https:\/\/booksfrommexico.com\/es\/wp-json\/wp\/v2\/types\/product"}],"wp:featuredmedia":[{"embeddable":true,"href":"https:\/\/booksfrommexico.com\/es\/wp-json\/wp\/v2\/media\/413"}],"wp:attachment":[{"href":"https:\/\/booksfrommexico.com\/es\/wp-json\/wp\/v2\/media?parent=414"}],"wp:term":[{"taxonomy":"product_brand","embeddable":true,"href":"https:\/\/booksfrommexico.com\/es\/wp-json\/wp\/v2\/product_brand?post=414"},{"taxonomy":"product_cat","embeddable":true,"href":"https:\/\/booksfrommexico.com\/es\/wp-json\/wp\/v2\/product_cat?post=414"},{"taxonomy":"product_tag","embeddable":true,"href":"https:\/\/booksfrommexico.com\/es\/wp-json\/wp\/v2\/product_tag?post=414"}],"curies":[{"name":"wp","href":"https:\/\/api.w.org\/{rel}","templated":true}]}}