{"id":416,"date":"2023-05-08T17:02:07","date_gmt":"2023-05-08T17:02:07","guid":{"rendered":"http:\/\/booksfrommexico.com\/product\/quimera-de-los-murales-del-palacio-de-bellas-artes\/"},"modified":"2024-10-29T23:28:19","modified_gmt":"2024-10-29T23:28:19","slug":"quimera-de-los-murales-del-palacio-de-bellas-artes","status":"publish","type":"product","link":"https:\/\/booksfrommexico.com\/es\/producto\/quimera-de-los-murales-del-palacio-de-bellas-artes\/","title":{"rendered":"Quimera de los murales: del Palacio de Bellas Artes"},"content":{"rendered":"<p><span style=\"font-weight: 400;\">El conjunto de murales que conforman el acervo del Museo del Palacio de Bellas Artes \u2013la m\u00e1s amplia representaci\u00f3n del movimiento muralista en todas sus etapas y estilos\u2013 revela el desarrollo de 50 a\u00f1os en la pl\u00e1stica mexicana. Esta colecci\u00f3n de murales es una reuni\u00f3n de obras maestras que proporcionan al p\u00fablico una muestra \u00fanica del desarrollo de la pintura mexicana moderna. Este t\u00edtulo muestra reproducciones a color de estos murales, acompa\u00f1ados de estudios que analizan y contextualizan a las obras, as\u00ed como, indirectamente, cuentan parte de la historia del Palacio de Bellas Artes.<\/span><\/p>\n","protected":false},"excerpt":{"rendered":"<p>QUIMERA DE LOS MURALES : DEL PALACIO DE BELLAS ARTES<span style=\"font-weight: 400;\">. \/ Mercedes Iturbe, Carlos Monsiv\u00e1is, N\u00e9stor Garc\u00eda Canclini. M\u00e9xico, D.F. : Consejo Nacional para la Cultura y las Artes , Instituto Nacional de Bellas Artes , Museo del Palacio de Bellas Artes ; Fondo Editorial Tierra Adentro ; Ediciones El Equilibrista, 2004. 183 pages : includes color photos, color illustrations ; 30 cm. ISBN : 9703503500. <\/span><\/p>\n","protected":false},"featured_media":415,"template":"","meta":{"_acf_changed":false,"inline_featured_image":false},"product_brand":[],"product_cat":[87,400],"product_tag":[4044,4534,3671,3709],"class_list":{"0":"post-416","1":"product","2":"type-product","3":"status-publish","4":"has-post-thumbnail","6":"product_cat-arte","7":"product_cat-catalogos-de-exposiciones-arte","8":"product_tag-arte","9":"product_tag-arte-mexicano","10":"product_tag-exposiciones","11":"product_tag-pintura-mural","13":"first","14":"instock","15":"sale","16":"taxable","17":"shipping-taxable","18":"purchasable","19":"product-type-simple"},"acf":[],"yoast_head":"<!-- This site is optimized with the Yoast SEO plugin v27.2 - https:\/\/yoast.com\/product\/yoast-seo-wordpress\/ -->\n<title>Quimera de los murales: del Palacio de Bellas Artes<\/title>\n<meta name=\"description\" content=\"QUIMERA DE LOS MURALES : DEL PALACIO DE BELLAS ARTES. \/ Mercedes Iturbe, Carlos Monsiv\u00e1is, N\u00e9stor Garc\u00eda Canclini. INBA , Museo del Palacio de Bellas Artes.\" \/>\n<meta name=\"robots\" content=\"index, follow, max-snippet:-1, max-image-preview:large, max-video-preview:-1\" \/>\n<link rel=\"canonical\" href=\"https:\/\/booksfrommexico.com\/es\/producto\/quimera-de-los-murales-del-palacio-de-bellas-artes\/\" \/>\n<meta property=\"og:locale\" content=\"es_ES\" \/>\n<meta property=\"og:type\" content=\"article\" \/>\n<meta property=\"og:title\" content=\"Quimera de los murales: del Palacio de Bellas Artes\" \/>\n<meta property=\"og:description\" content=\"QUIMERA DE LOS MURALES : DEL PALACIO DE BELLAS ARTES. \/ Mercedes Iturbe, Carlos Monsiv\u00e1is, N\u00e9stor Garc\u00eda Canclini. INBA , Museo del Palacio de Bellas Artes.\" \/>\n<meta property=\"og:url\" content=\"https:\/\/booksfrommexico.com\/es\/producto\/quimera-de-los-murales-del-palacio-de-bellas-artes\/\" \/>\n<meta property=\"og:site_name\" content=\"Books From Mexico\" \/>\n<meta property=\"article:modified_time\" content=\"2024-10-29T23:28:19+00:00\" \/>\n<meta property=\"og:image\" content=\"http:\/\/booksfrommexico.com\/app\/uploads\/2023\/05\/125158.jpeg\" \/>\n\t<meta property=\"og:image:width\" content=\"625\" \/>\n\t<meta property=\"og:image:height\" content=\"866\" \/>\n\t<meta property=\"og:image:type\" content=\"image\/jpeg\" \/>\n<meta name=\"twitter:card\" content=\"summary_large_image\" \/>\n<meta name=\"twitter:label1\" content=\"Tiempo de lectura\" \/>\n\t<meta name=\"twitter:data1\" content=\"1 minuto\" \/>\n<script type=\"application\/ld+json\" class=\"yoast-schema-graph\">{\"@context\":\"https:\/\/schema.org\",\"@graph\":[{\"@type\":\"WebPage\",\"@id\":\"https:\/\/booksfrommexico.com\/es\/producto\/quimera-de-los-murales-del-palacio-de-bellas-artes\/\",\"url\":\"https:\/\/booksfrommexico.com\/es\/producto\/quimera-de-los-murales-del-palacio-de-bellas-artes\/\",\"name\":\"Quimera de los murales: del Palacio de Bellas Artes\",\"isPartOf\":{\"@id\":\"https:\/\/booksfrommexico.com\/#website\"},\"primaryImageOfPage\":{\"@id\":\"https:\/\/booksfrommexico.com\/es\/producto\/quimera-de-los-murales-del-palacio-de-bellas-artes\/#primaryimage\"},\"image\":{\"@id\":\"https:\/\/booksfrommexico.com\/es\/producto\/quimera-de-los-murales-del-palacio-de-bellas-artes\/#primaryimage\"},\"thumbnailUrl\":\"https:\/\/booksfrommexico.com\/app\/uploads\/2023\/05\/125158.jpeg\",\"datePublished\":\"2023-05-08T17:02:07+00:00\",\"dateModified\":\"2024-10-29T23:28:19+00:00\",\"description\":\"QUIMERA DE LOS MURALES : DEL PALACIO DE BELLAS ARTES. \/ Mercedes Iturbe, Carlos Monsiv\u00e1is, N\u00e9stor Garc\u00eda Canclini. INBA , Museo del Palacio de Bellas Artes.\",\"breadcrumb\":{\"@id\":\"https:\/\/booksfrommexico.com\/es\/producto\/quimera-de-los-murales-del-palacio-de-bellas-artes\/#breadcrumb\"},\"inLanguage\":\"es\",\"potentialAction\":[{\"@type\":\"ReadAction\",\"target\":[\"https:\/\/booksfrommexico.com\/es\/producto\/quimera-de-los-murales-del-palacio-de-bellas-artes\/\"]}]},{\"@type\":\"ImageObject\",\"inLanguage\":\"es\",\"@id\":\"https:\/\/booksfrommexico.com\/es\/producto\/quimera-de-los-murales-del-palacio-de-bellas-artes\/#primaryimage\",\"url\":\"https:\/\/booksfrommexico.com\/app\/uploads\/2023\/05\/125158.jpeg\",\"contentUrl\":\"https:\/\/booksfrommexico.com\/app\/uploads\/2023\/05\/125158.jpeg\",\"width\":625,\"height\":866},{\"@type\":\"BreadcrumbList\",\"@id\":\"https:\/\/booksfrommexico.com\/es\/producto\/quimera-de-los-murales-del-palacio-de-bellas-artes\/#breadcrumb\",\"itemListElement\":[{\"@type\":\"ListItem\",\"position\":1,\"name\":\"Home\",\"item\":\"https:\/\/booksfrommexico.com\/es\/\"},{\"@type\":\"ListItem\",\"position\":2,\"name\":\"Libros\",\"item\":\"https:\/\/booksfrommexico.com\/es\/libros\/\"},{\"@type\":\"ListItem\",\"position\":3,\"name\":\"Quimera de los murales: del Palacio de Bellas Artes\"}]},{\"@type\":\"WebSite\",\"@id\":\"https:\/\/booksfrommexico.com\/#website\",\"url\":\"https:\/\/booksfrommexico.com\/\",\"name\":\"Books From Mexico\",\"description\":\"\",\"publisher\":{\"@id\":\"https:\/\/booksfrommexico.com\/#organization\"},\"potentialAction\":[{\"@type\":\"SearchAction\",\"target\":{\"@type\":\"EntryPoint\",\"urlTemplate\":\"https:\/\/booksfrommexico.com\/?s={search_term_string}\"},\"query-input\":{\"@type\":\"PropertyValueSpecification\",\"valueRequired\":true,\"valueName\":\"search_term_string\"}}],\"inLanguage\":\"es\"},{\"@type\":\"Organization\",\"@id\":\"https:\/\/booksfrommexico.com\/#organization\",\"name\":\"Books From Mexico\",\"url\":\"https:\/\/booksfrommexico.com\/\",\"logo\":{\"@type\":\"ImageObject\",\"inLanguage\":\"es\",\"@id\":\"https:\/\/booksfrommexico.com\/#\/schema\/logo\/image\/\",\"url\":\"https:\/\/booksfrommexico.com\/app\/uploads\/2023\/05\/logo-booksfrommexico.svg\",\"contentUrl\":\"https:\/\/booksfrommexico.com\/app\/uploads\/2023\/05\/logo-booksfrommexico.svg\",\"width\":86,\"height\":56,\"caption\":\"Books From Mexico\"},\"image\":{\"@id\":\"https:\/\/booksfrommexico.com\/#\/schema\/logo\/image\/\"}}]}<\/script>\n<!-- \/ Yoast SEO plugin. -->","yoast_head_json":{"title":"Quimera de los murales: del Palacio de Bellas Artes","description":"QUIMERA DE LOS MURALES : DEL PALACIO DE BELLAS ARTES. \/ Mercedes Iturbe, Carlos Monsiv\u00e1is, N\u00e9stor Garc\u00eda Canclini. INBA , Museo del Palacio de Bellas Artes.","robots":{"index":"index","follow":"follow","max-snippet":"max-snippet:-1","max-image-preview":"max-image-preview:large","max-video-preview":"max-video-preview:-1"},"canonical":"https:\/\/booksfrommexico.com\/es\/producto\/quimera-de-los-murales-del-palacio-de-bellas-artes\/","og_locale":"es_ES","og_type":"article","og_title":"Quimera de los murales: del Palacio de Bellas Artes","og_description":"QUIMERA DE LOS MURALES : DEL PALACIO DE BELLAS ARTES. \/ Mercedes Iturbe, Carlos Monsiv\u00e1is, N\u00e9stor Garc\u00eda Canclini. INBA , Museo del Palacio de Bellas Artes.","og_url":"https:\/\/booksfrommexico.com\/es\/producto\/quimera-de-los-murales-del-palacio-de-bellas-artes\/","og_site_name":"Books From Mexico","article_modified_time":"2024-10-29T23:28:19+00:00","og_image":[{"width":625,"height":866,"url":"http:\/\/booksfrommexico.com\/app\/uploads\/2023\/05\/125158.jpeg","type":"image\/jpeg"}],"twitter_card":"summary_large_image","twitter_misc":{"Tiempo de lectura":"1 minuto"},"schema":{"@context":"https:\/\/schema.org","@graph":[{"@type":"WebPage","@id":"https:\/\/booksfrommexico.com\/es\/producto\/quimera-de-los-murales-del-palacio-de-bellas-artes\/","url":"https:\/\/booksfrommexico.com\/es\/producto\/quimera-de-los-murales-del-palacio-de-bellas-artes\/","name":"Quimera de los murales: del Palacio de Bellas Artes","isPartOf":{"@id":"https:\/\/booksfrommexico.com\/#website"},"primaryImageOfPage":{"@id":"https:\/\/booksfrommexico.com\/es\/producto\/quimera-de-los-murales-del-palacio-de-bellas-artes\/#primaryimage"},"image":{"@id":"https:\/\/booksfrommexico.com\/es\/producto\/quimera-de-los-murales-del-palacio-de-bellas-artes\/#primaryimage"},"thumbnailUrl":"https:\/\/booksfrommexico.com\/app\/uploads\/2023\/05\/125158.jpeg","datePublished":"2023-05-08T17:02:07+00:00","dateModified":"2024-10-29T23:28:19+00:00","description":"QUIMERA DE LOS MURALES : DEL PALACIO DE BELLAS ARTES. \/ Mercedes Iturbe, Carlos Monsiv\u00e1is, N\u00e9stor Garc\u00eda Canclini. INBA , Museo del Palacio de Bellas Artes.","breadcrumb":{"@id":"https:\/\/booksfrommexico.com\/es\/producto\/quimera-de-los-murales-del-palacio-de-bellas-artes\/#breadcrumb"},"inLanguage":"es","potentialAction":[{"@type":"ReadAction","target":["https:\/\/booksfrommexico.com\/es\/producto\/quimera-de-los-murales-del-palacio-de-bellas-artes\/"]}]},{"@type":"ImageObject","inLanguage":"es","@id":"https:\/\/booksfrommexico.com\/es\/producto\/quimera-de-los-murales-del-palacio-de-bellas-artes\/#primaryimage","url":"https:\/\/booksfrommexico.com\/app\/uploads\/2023\/05\/125158.jpeg","contentUrl":"https:\/\/booksfrommexico.com\/app\/uploads\/2023\/05\/125158.jpeg","width":625,"height":866},{"@type":"BreadcrumbList","@id":"https:\/\/booksfrommexico.com\/es\/producto\/quimera-de-los-murales-del-palacio-de-bellas-artes\/#breadcrumb","itemListElement":[{"@type":"ListItem","position":1,"name":"Home","item":"https:\/\/booksfrommexico.com\/es\/"},{"@type":"ListItem","position":2,"name":"Libros","item":"https:\/\/booksfrommexico.com\/es\/libros\/"},{"@type":"ListItem","position":3,"name":"Quimera de los murales: del Palacio de Bellas Artes"}]},{"@type":"WebSite","@id":"https:\/\/booksfrommexico.com\/#website","url":"https:\/\/booksfrommexico.com\/","name":"Books From Mexico","description":"","publisher":{"@id":"https:\/\/booksfrommexico.com\/#organization"},"potentialAction":[{"@type":"SearchAction","target":{"@type":"EntryPoint","urlTemplate":"https:\/\/booksfrommexico.com\/?s={search_term_string}"},"query-input":{"@type":"PropertyValueSpecification","valueRequired":true,"valueName":"search_term_string"}}],"inLanguage":"es"},{"@type":"Organization","@id":"https:\/\/booksfrommexico.com\/#organization","name":"Books From Mexico","url":"https:\/\/booksfrommexico.com\/","logo":{"@type":"ImageObject","inLanguage":"es","@id":"https:\/\/booksfrommexico.com\/#\/schema\/logo\/image\/","url":"https:\/\/booksfrommexico.com\/app\/uploads\/2023\/05\/logo-booksfrommexico.svg","contentUrl":"https:\/\/booksfrommexico.com\/app\/uploads\/2023\/05\/logo-booksfrommexico.svg","width":86,"height":56,"caption":"Books From Mexico"},"image":{"@id":"https:\/\/booksfrommexico.com\/#\/schema\/logo\/image\/"}}]}},"_links":{"self":[{"href":"https:\/\/booksfrommexico.com\/es\/wp-json\/wp\/v2\/product\/416","targetHints":{"allow":["GET"]}}],"collection":[{"href":"https:\/\/booksfrommexico.com\/es\/wp-json\/wp\/v2\/product"}],"about":[{"href":"https:\/\/booksfrommexico.com\/es\/wp-json\/wp\/v2\/types\/product"}],"wp:featuredmedia":[{"embeddable":true,"href":"https:\/\/booksfrommexico.com\/es\/wp-json\/wp\/v2\/media\/415"}],"wp:attachment":[{"href":"https:\/\/booksfrommexico.com\/es\/wp-json\/wp\/v2\/media?parent=416"}],"wp:term":[{"taxonomy":"product_brand","embeddable":true,"href":"https:\/\/booksfrommexico.com\/es\/wp-json\/wp\/v2\/product_brand?post=416"},{"taxonomy":"product_cat","embeddable":true,"href":"https:\/\/booksfrommexico.com\/es\/wp-json\/wp\/v2\/product_cat?post=416"},{"taxonomy":"product_tag","embeddable":true,"href":"https:\/\/booksfrommexico.com\/es\/wp-json\/wp\/v2\/product_tag?post=416"}],"curies":[{"name":"wp","href":"https:\/\/api.w.org\/{rel}","templated":true}]}}